{"id":110401,"date":"2022-02-26T22:15:10","date_gmt":"2022-02-26T21:15:10","guid":{"rendered":"https:\/\/marktxxl.de\/markt\/produkt\/vera-bradley-damen-iconic-babytasche-signature-cotton-ultimate-baby-wickeltasche-wolkenranke-einheitsgroesse\/"},"modified":"2023-04-07T02:50:21","modified_gmt":"2023-04-07T00:50:21","slug":"vera-bradley-damen-iconic-babytasche-signature-cotton-ultimate-baby-wickeltasche-wolkenranke-einheitsgroesse","status":"publish","type":"product","link":"https:\/\/marktxxl.de\/markt\/produkt\/vera-bradley-damen-iconic-babytasche-signature-cotton-ultimate-baby-wickeltasche-wolkenranke-einheitsgroesse\/","title":{"rendered":"Vera Bradley Damen Iconic Babytasche, Signature Cotton Ultimate Baby Wickeltasche, Wolkenranke, Einheitsgr\u00f6\u00dfe"},"content":{"rendered":"<p>Maschinenwaschbare, charakteristische Baumwolle \u2013 der Stoff, den Sie kennen und lieben, unsere gesteppte Baumwolle ist leicht und dennoch strapazierf\u00e4hig und kommt in einer Vielzahl von bunten Mustern<br \/>\nBeste Mama-Tasche \u2013 Wir haben an alles gedacht, was Sie in Ihrer Babytasche brauchen, einschlie\u00dflich abnehmbarem Kinderwagengurt, mit dem Sie es \u00fcber die Griffe Ihres Kinderwagens schlingen k\u00f6nnen, damit Sie und Ihr Baby eine Zeit drau\u00dfen genie\u00dfen k\u00f6nnen<br \/>\nStilvoll \u2013 mit bedrucktem Polyester-Futter, die Innenseite verf\u00fcgt \u00fcber 6 elastische Taschen und eine versteckte Tasche am Kragen mit Rei\u00dfverschluss \u2013 bietet Platz f\u00fcr Flaschen, Windeln und alle anderen Dinge, die Sie brauchen, um das Baby gl\u00fccklich zu halten<br \/>\nWichtige Dinge an Ihren Fingerspitzen \u2013 die Au\u00dfenseite verf\u00fcgt \u00fcber 2 gro\u00dfe Einschubtaschen vorne, 2 isolierte Seitentaschen und eine gro\u00dfe Einschubtasche auf der R\u00fcckseite mit einem Magnetverschluss \u2013 h\u00e4lt das Wesentliche immer griffbereit<br \/>\nStilvoll, leicht und rechts \u2013 die ultimative Babytasche ist 35,6 cm hoch, 50,8 cm breit und 12,7 cm tief \u2013 die perfekte Gr\u00f6\u00dfe, um alle Babysachen mit Stil und Leichtigkeit zu transportieren<br \/>\n<div class=\"main-cross-sell\" data-asin=\"B09GQFS2HG\">\n\n\t<div class=\"WooZone-cross-sell-loader\">\n\t\t<div>\n\t\t\t<div id=\"floatingBarsG\">\n\t\t\t\t<div class=\"blockG\" id=\"rotateG_01\"><\/div>\n\t\t\t\t<div class=\"blockG\" id=\"rotateG_02\"><\/div>\n\t\t\t\t<div class=\"blockG\" id=\"rotateG_03\"><\/div>\n\t\t\t\t<div class=\"blockG\" id=\"rotateG_04\"><\/div>\n\t\t\t\t<div class=\"blockG\" id=\"rotateG_05\"><\/div>\n\t\t\t\t<div class=\"blockG\" id=\"rotateG_06\"><\/div>\n\t\t\t\t<div class=\"blockG\" id=\"rotateG_07\"><\/div>\n\t\t\t\t<div class=\"blockG\" id=\"rotateG_08\"><\/div>\n\t\t\t<\/div>\n\t\t\t<div class=\"WooZone-cross-sell-loader-text\"><\/div>\n\t\t<\/div>\n\t<\/div>\n\n\t\t\n<\/div>\n<div style=\"clear:both;\"><\/div><\/p>\n","protected":false},"excerpt":{"rendered":"<p>Maschinenwaschbare, charakteristische Baumwolle \u2013 der Stoff, den Sie kennen und lieben, unsere gesteppte Baumwolle ist leicht und dennoch strapazierf\u00e4hig und kommt in einer Vielzahl von bunten Mustern<br \/>\nBeste Mama-Tasche \u2013 Wir haben an alles gedacht, was Sie in Ihrer Babytasche brauchen, einschlie\u00dflich abnehmbarem Kinderwagengurt, mit dem Sie es \u00fcber die Griffe Ihres Kinderwagens schlingen k\u00f6nnen, damit Sie und Ihr Baby eine Zeit drau\u00dfen genie\u00dfen k\u00f6nnen<br \/>\nStilvoll \u2013 mit bedrucktem Polyester-Futter, die Innenseite verf\u00fcgt \u00fcber 6 elastische Taschen und eine versteckte Tasche am Kragen mit Rei\u00dfverschluss \u2013 bietet Platz f\u00fcr Flaschen, Windeln und alle anderen Dinge, die Sie brauchen, um das Baby gl\u00fccklich zu halten<\/p>\n","protected":false},"featured_media":110402,"comment_status":"open","ping_status":"closed","template":"","meta":[],"product_brand":[],"product_cat":[21,9520],"product_tag":[],"class_list":{"0":"post-110401","1":"product","2":"type-product","3":"status-publish","4":"has-post-thumbnail","6":"product_cat-baby","7":"product_cat-wickeln-baby","8":"pa_binding-textilien","9":"pa_brand-vera-bradley","10":"pa_manufacturer-vera-bradley","11":"pa_size-einheitsgroesse","13":"first","14":"instock","15":"shipping-taxable","16":"purchasable","17":"product-type-simple","18":"customify-col","19":"product-has-gallery"},"yoast_head":"<!-- This site is optimized with the Yoast SEO plugin v27.4 - https:\/\/yoast.com\/product\/yoast-seo-wordpress\/ -->\n<title>Vera Bradley Damen Iconic Babytasche, Signature Cotton Ultimate Baby Wickeltasche, Wolkenranke, Einheitsgr\u00f6\u00dfe - Markt-XXL<\/title>\n<meta name=\"description\" content=\"Markt-XXL Vera Bradley Damen Iconic Babytasche, Signature Cotton Ultimate Baby Wickeltasche, Wolkenranke, Einheitsgr\u00f6\u00dfe\" \/>\n<meta name=\"robots\" content=\"index, follow, max-snippet:-1, max-image-preview:large, max-video-preview:-1\" \/>\n<link rel=\"canonical\" href=\"https:\/\/marktxxl.de\/markt\/produkt\/vera-bradley-damen-iconic-babytasche-signature-cotton-ultimate-baby-wickeltasche-wolkenranke-einheitsgroesse\/\" \/>\n<meta property=\"og:locale\" content=\"de_DE\" \/>\n<meta property=\"og:type\" content=\"article\" \/>\n<meta property=\"og:title\" content=\"Vera Bradley Damen Iconic Babytasche, Signature Cotton Ultimate Baby Wickeltasche, Wolkenranke, Einheitsgr\u00f6\u00dfe - Markt-XXL\" \/>\n<meta property=\"og:description\" content=\"Markt-XXL Vera Bradley Damen Iconic Babytasche, Signature Cotton Ultimate Baby Wickeltasche, Wolkenranke, Einheitsgr\u00f6\u00dfe\" \/>\n<meta property=\"og:url\" content=\"https:\/\/marktxxl.de\/markt\/produkt\/vera-bradley-damen-iconic-babytasche-signature-cotton-ultimate-baby-wickeltasche-wolkenranke-einheitsgroesse\/\" \/>\n<meta property=\"og:site_name\" content=\"Markt-XXL\" \/>\n<meta property=\"article:modified_time\" content=\"2023-04-07T00:50:21+00:00\" \/>\n<meta property=\"og:image\" content=\"https:\/\/m.media-amazon.com\/images\/I\/51NctVAntZL._SL500_.jpg\" \/>\n\t<meta property=\"og:image:width\" content=\"500\" \/>\n\t<meta property=\"og:image:height\" content=\"500\" \/>\n\t<meta property=\"og:image:type\" content=\"image\/jpeg\" \/>\n<meta name=\"twitter:card\" content=\"summary_large_image\" \/>\n<meta name=\"twitter:label1\" content=\"Gesch\u00e4tzte Lesezeit\" \/>\n\t<meta name=\"twitter:data1\" content=\"1\u00a0Minute\" \/>\n<script type=\"application\/ld+json\" class=\"yoast-schema-graph\">{\"@context\":\"https:\\\/\\\/schema.org\",\"@graph\":[{\"@type\":\"WebPage\",\"@id\":\"https:\\\/\\\/marktxxl.de\\\/markt\\\/produkt\\\/vera-bradley-damen-iconic-babytasche-signature-cotton-ultimate-baby-wickeltasche-wolkenranke-einheitsgroesse\\\/\",\"url\":\"https:\\\/\\\/marktxxl.de\\\/markt\\\/produkt\\\/vera-bradley-damen-iconic-babytasche-signature-cotton-ultimate-baby-wickeltasche-wolkenranke-einheitsgroesse\\\/\",\"name\":\"Vera Bradley Damen Iconic Babytasche, Signature Cotton Ultimate Baby Wickeltasche, Wolkenranke, Einheitsgr\u00f6\u00dfe - Markt-XXL\",\"isPartOf\":{\"@id\":\"https:\\\/\\\/marktxxl.de\\\/markt\\\/#website\"},\"primaryImageOfPage\":{\"@id\":\"https:\\\/\\\/marktxxl.de\\\/markt\\\/produkt\\\/vera-bradley-damen-iconic-babytasche-signature-cotton-ultimate-baby-wickeltasche-wolkenranke-einheitsgroesse\\\/#primaryimage\"},\"image\":{\"@id\":\"https:\\\/\\\/marktxxl.de\\\/markt\\\/produkt\\\/vera-bradley-damen-iconic-babytasche-signature-cotton-ultimate-baby-wickeltasche-wolkenranke-einheitsgroesse\\\/#primaryimage\"},\"thumbnailUrl\":\"https:\\\/\\\/m.media-amazon.com\\\/images\\\/I\\\/51NctVAntZL._SL500_.jpg\",\"datePublished\":\"2022-02-26T21:15:10+00:00\",\"dateModified\":\"2023-04-07T00:50:21+00:00\",\"description\":\"Markt-XXL Vera Bradley Damen Iconic Babytasche, Signature Cotton Ultimate Baby Wickeltasche, Wolkenranke, Einheitsgr\u00f6\u00dfe\",\"breadcrumb\":{\"@id\":\"https:\\\/\\\/marktxxl.de\\\/markt\\\/produkt\\\/vera-bradley-damen-iconic-babytasche-signature-cotton-ultimate-baby-wickeltasche-wolkenranke-einheitsgroesse\\\/#breadcrumb\"},\"inLanguage\":\"de\",\"potentialAction\":[{\"@type\":\"ReadAction\",\"target\":[\"https:\\\/\\\/marktxxl.de\\\/markt\\\/produkt\\\/vera-bradley-damen-iconic-babytasche-signature-cotton-ultimate-baby-wickeltasche-wolkenranke-einheitsgroesse\\\/\"]}]},{\"@type\":\"ImageObject\",\"inLanguage\":\"de\",\"@id\":\"https:\\\/\\\/marktxxl.de\\\/markt\\\/produkt\\\/vera-bradley-damen-iconic-babytasche-signature-cotton-ultimate-baby-wickeltasche-wolkenranke-einheitsgroesse\\\/#primaryimage\",\"url\":\"https:\\\/\\\/m.media-amazon.com\\\/images\\\/I\\\/51NctVAntZL._SL500_.jpg\",\"contentUrl\":\"https:\\\/\\\/m.media-amazon.com\\\/images\\\/I\\\/51NctVAntZL._SL500_.jpg\",\"width\":500,\"height\":500},{\"@type\":\"BreadcrumbList\",\"@id\":\"https:\\\/\\\/marktxxl.de\\\/markt\\\/produkt\\\/vera-bradley-damen-iconic-babytasche-signature-cotton-ultimate-baby-wickeltasche-wolkenranke-einheitsgroesse\\\/#breadcrumb\",\"itemListElement\":[{\"@type\":\"ListItem\",\"position\":1,\"name\":\"Startseite\",\"item\":\"https:\\\/\\\/marktxxl.de\\\/markt\\\/\"},{\"@type\":\"ListItem\",\"position\":2,\"name\":\"Markt\",\"item\":\"https:\\\/\\\/marktxxl.de\\\/markt\\\/\"},{\"@type\":\"ListItem\",\"position\":3,\"name\":\"Vera Bradley Damen Iconic Babytasche, Signature Cotton Ultimate Baby Wickeltasche, Wolkenranke, Einheitsgr\u00f6\u00dfe\"}]},{\"@type\":\"WebSite\",\"@id\":\"https:\\\/\\\/marktxxl.de\\\/markt\\\/#website\",\"url\":\"https:\\\/\\\/marktxxl.de\\\/markt\\\/\",\"name\":\"Markt-XXL\",\"description\":\"Ihr Markt Online\",\"publisher\":{\"@id\":\"https:\\\/\\\/marktxxl.de\\\/markt\\\/#organization\"},\"potentialAction\":[{\"@type\":\"SearchAction\",\"target\":{\"@type\":\"EntryPoint\",\"urlTemplate\":\"https:\\\/\\\/marktxxl.de\\\/markt\\\/?s={search_term_string}\"},\"query-input\":{\"@type\":\"PropertyValueSpecification\",\"valueRequired\":true,\"valueName\":\"search_term_string\"}}],\"inLanguage\":\"de\"},{\"@type\":\"Organization\",\"@id\":\"https:\\\/\\\/marktxxl.de\\\/markt\\\/#organization\",\"name\":\"Markt-XXL\",\"url\":\"https:\\\/\\\/marktxxl.de\\\/markt\\\/\",\"logo\":{\"@type\":\"ImageObject\",\"inLanguage\":\"de\",\"@id\":\"https:\\\/\\\/marktxxl.de\\\/markt\\\/#\\\/schema\\\/logo\\\/image\\\/\",\"url\":\"https:\\\/\\\/marktxxl.de\\\/markt\\\/wp-content\\\/uploads\\\/sites\\\/3\\\/2020\\\/12\\\/logo.png\",\"contentUrl\":\"https:\\\/\\\/marktxxl.de\\\/markt\\\/wp-content\\\/uploads\\\/sites\\\/3\\\/2020\\\/12\\\/logo.png\",\"width\":200,\"height\":70,\"caption\":\"Markt-XXL\"},\"image\":{\"@id\":\"https:\\\/\\\/marktxxl.de\\\/markt\\\/#\\\/schema\\\/logo\\\/image\\\/\"}}]}<\/script>\n<!-- \/ Yoast SEO plugin. -->","yoast_head_json":{"title":"Vera Bradley Damen Iconic Babytasche, Signature Cotton Ultimate Baby Wickeltasche, Wolkenranke, Einheitsgr\u00f6\u00dfe - Markt-XXL","description":"Markt-XXL Vera Bradley Damen Iconic Babytasche, Signature Cotton Ultimate Baby Wickeltasche, Wolkenranke, Einheitsgr\u00f6\u00dfe","robots":{"index":"index","follow":"follow","max-snippet":"max-snippet:-1","max-image-preview":"max-image-preview:large","max-video-preview":"max-video-preview:-1"},"canonical":"https:\/\/marktxxl.de\/markt\/produkt\/vera-bradley-damen-iconic-babytasche-signature-cotton-ultimate-baby-wickeltasche-wolkenranke-einheitsgroesse\/","og_locale":"de_DE","og_type":"article","og_title":"Vera Bradley Damen Iconic Babytasche, Signature Cotton Ultimate Baby Wickeltasche, Wolkenranke, Einheitsgr\u00f6\u00dfe - Markt-XXL","og_description":"Markt-XXL Vera Bradley Damen Iconic Babytasche, Signature Cotton Ultimate Baby Wickeltasche, Wolkenranke, Einheitsgr\u00f6\u00dfe","og_url":"https:\/\/marktxxl.de\/markt\/produkt\/vera-bradley-damen-iconic-babytasche-signature-cotton-ultimate-baby-wickeltasche-wolkenranke-einheitsgroesse\/","og_site_name":"Markt-XXL","article_modified_time":"2023-04-07T00:50:21+00:00","og_image":[{"width":500,"height":500,"url":"https:\/\/m.media-amazon.com\/images\/I\/51NctVAntZL._SL500_.jpg","type":"image\/jpeg"}],"twitter_card":"summary_large_image","twitter_misc":{"Gesch\u00e4tzte Lesezeit":"1\u00a0Minute"},"schema":{"@context":"https:\/\/schema.org","@graph":[{"@type":"WebPage","@id":"https:\/\/marktxxl.de\/markt\/produkt\/vera-bradley-damen-iconic-babytasche-signature-cotton-ultimate-baby-wickeltasche-wolkenranke-einheitsgroesse\/","url":"https:\/\/marktxxl.de\/markt\/produkt\/vera-bradley-damen-iconic-babytasche-signature-cotton-ultimate-baby-wickeltasche-wolkenranke-einheitsgroesse\/","name":"Vera Bradley Damen Iconic Babytasche, Signature Cotton Ultimate Baby Wickeltasche, Wolkenranke, Einheitsgr\u00f6\u00dfe - Markt-XXL","isPartOf":{"@id":"https:\/\/marktxxl.de\/markt\/#website"},"primaryImageOfPage":{"@id":"https:\/\/marktxxl.de\/markt\/produkt\/vera-bradley-damen-iconic-babytasche-signature-cotton-ultimate-baby-wickeltasche-wolkenranke-einheitsgroesse\/#primaryimage"},"image":{"@id":"https:\/\/marktxxl.de\/markt\/produkt\/vera-bradley-damen-iconic-babytasche-signature-cotton-ultimate-baby-wickeltasche-wolkenranke-einheitsgroesse\/#primaryimage"},"thumbnailUrl":"https:\/\/m.media-amazon.com\/images\/I\/51NctVAntZL._SL500_.jpg","datePublished":"2022-02-26T21:15:10+00:00","dateModified":"2023-04-07T00:50:21+00:00","description":"Markt-XXL Vera Bradley Damen Iconic Babytasche, Signature Cotton Ultimate Baby Wickeltasche, Wolkenranke, Einheitsgr\u00f6\u00dfe","breadcrumb":{"@id":"https:\/\/marktxxl.de\/markt\/produkt\/vera-bradley-damen-iconic-babytasche-signature-cotton-ultimate-baby-wickeltasche-wolkenranke-einheitsgroesse\/#breadcrumb"},"inLanguage":"de","potentialAction":[{"@type":"ReadAction","target":["https:\/\/marktxxl.de\/markt\/produkt\/vera-bradley-damen-iconic-babytasche-signature-cotton-ultimate-baby-wickeltasche-wolkenranke-einheitsgroesse\/"]}]},{"@type":"ImageObject","inLanguage":"de","@id":"https:\/\/marktxxl.de\/markt\/produkt\/vera-bradley-damen-iconic-babytasche-signature-cotton-ultimate-baby-wickeltasche-wolkenranke-einheitsgroesse\/#primaryimage","url":"https:\/\/m.media-amazon.com\/images\/I\/51NctVAntZL._SL500_.jpg","contentUrl":"https:\/\/m.media-amazon.com\/images\/I\/51NctVAntZL._SL500_.jpg","width":500,"height":500},{"@type":"BreadcrumbList","@id":"https:\/\/marktxxl.de\/markt\/produkt\/vera-bradley-damen-iconic-babytasche-signature-cotton-ultimate-baby-wickeltasche-wolkenranke-einheitsgroesse\/#breadcrumb","itemListElement":[{"@type":"ListItem","position":1,"name":"Startseite","item":"https:\/\/marktxxl.de\/markt\/"},{"@type":"ListItem","position":2,"name":"Markt","item":"https:\/\/marktxxl.de\/markt\/"},{"@type":"ListItem","position":3,"name":"Vera Bradley Damen Iconic Babytasche, Signature Cotton Ultimate Baby Wickeltasche, Wolkenranke, Einheitsgr\u00f6\u00dfe"}]},{"@type":"WebSite","@id":"https:\/\/marktxxl.de\/markt\/#website","url":"https:\/\/marktxxl.de\/markt\/","name":"Markt-XXL","description":"Ihr Markt Online","publisher":{"@id":"https:\/\/marktxxl.de\/markt\/#organization"},"potentialAction":[{"@type":"SearchAction","target":{"@type":"EntryPoint","urlTemplate":"https:\/\/marktxxl.de\/markt\/?s={search_term_string}"},"query-input":{"@type":"PropertyValueSpecification","valueRequired":true,"valueName":"search_term_string"}}],"inLanguage":"de"},{"@type":"Organization","@id":"https:\/\/marktxxl.de\/markt\/#organization","name":"Markt-XXL","url":"https:\/\/marktxxl.de\/markt\/","logo":{"@type":"ImageObject","inLanguage":"de","@id":"https:\/\/marktxxl.de\/markt\/#\/schema\/logo\/image\/","url":"https:\/\/marktxxl.de\/markt\/wp-content\/uploads\/sites\/3\/2020\/12\/logo.png","contentUrl":"https:\/\/marktxxl.de\/markt\/wp-content\/uploads\/sites\/3\/2020\/12\/logo.png","width":200,"height":70,"caption":"Markt-XXL"},"image":{"@id":"https:\/\/marktxxl.de\/markt\/#\/schema\/logo\/image\/"}}]}},"_links":{"self":[{"href":"https:\/\/marktxxl.de\/markt\/wp-json\/wp\/v2\/product\/110401","targetHints":{"allow":["GET"]}}],"collection":[{"href":"https:\/\/marktxxl.de\/markt\/wp-json\/wp\/v2\/product"}],"about":[{"href":"https:\/\/marktxxl.de\/markt\/wp-json\/wp\/v2\/types\/product"}],"replies":[{"embeddable":true,"href":"https:\/\/marktxxl.de\/markt\/wp-json\/wp\/v2\/comments?post=110401"}],"wp:featuredmedia":[{"embeddable":true,"href":"https:\/\/marktxxl.de\/markt\/wp-json\/wp\/v2\/media\/110402"}],"wp:attachment":[{"href":"https:\/\/marktxxl.de\/markt\/wp-json\/wp\/v2\/media?parent=110401"}],"wp:term":[{"taxonomy":"product_brand","embeddable":true,"href":"https:\/\/marktxxl.de\/markt\/wp-json\/wp\/v2\/product_brand?post=110401"},{"taxonomy":"product_cat","embeddable":true,"href":"https:\/\/marktxxl.de\/markt\/wp-json\/wp\/v2\/product_cat?post=110401"},{"taxonomy":"product_tag","embeddable":true,"href":"https:\/\/marktxxl.de\/markt\/wp-json\/wp\/v2\/product_tag?post=110401"}],"curies":[{"name":"wp","href":"https:\/\/api.w.org\/{rel}","templated":true}]}}