{"id":110254,"date":"2022-02-26T21:34:38","date_gmt":"2022-02-26T20:34:38","guid":{"rendered":"https:\/\/marktxxl.de\/markt\/produkt\/disney-eeyore-wintersocken-flauschig-waerme-damen-socken-fuer-winter-anti-rutsch-huettensocken-kuschelsocken-frauen-mit-abs-sohle-einheitsgroesse-38-41\/"},"modified":"2023-04-07T02:50:19","modified_gmt":"2023-04-07T00:50:19","slug":"disney-eeyore-wintersocken-flauschig-waerme-damen-socken-fuer-winter-anti-rutsch-huettensocken-kuschelsocken-frauen-mit-abs-sohle-einheitsgroesse-38-41","status":"publish","type":"product","link":"https:\/\/marktxxl.de\/markt\/produkt\/disney-eeyore-wintersocken-flauschig-waerme-damen-socken-fuer-winter-anti-rutsch-huettensocken-kuschelsocken-frauen-mit-abs-sohle-einheitsgroesse-38-41\/","title":{"rendered":"Disney Stitch Socken Damen Flauschige Winter Warm Socken"},"content":{"rendered":"<p>DISNEY EEYORE STOPPERSOCKEN F\u00dcR DAMEN: Suchen Sie ein Fanartikel Geschenk von den weltweit bekannten Winnie-the-Pooh Zeichen? Oder vielleicht suchen Sie einfach kleine und praktische Weihnachten Geschenke? Unsere Eeyore flauschige Socken f\u00fcr Damen und Teenager werden perfekt und praktisch f\u00fcr jede sein, die sich warm, kuschlig und sicher in dieser Wintersocken mit Noppen zu Hause sich f\u00fcllen m\u00f6chtet.<br \/>\nEINHEITSGR\u00d6SSE UND TRAGKOMFORT: Unsere dicken Socken Herren passen f\u00fcr die meisten Damen und Jugendliche die EU Schuhgr\u00f6\u00dfe von 38 bis zu 41 Gr\u00f6\u00dfe haben. Dann sollten Sie keine Sorgen machen, wenn Sie die bestimmte Schuhgr\u00f6\u00dfe nicht kennen oder wenn Sie eine Gr\u00f6\u00dfe kleiner nehmen, weil diese lustige Kuschelsocken Damen zart elastisch und sehr gem\u00fctlich sind.<br \/>\nW\u00c4RMENDE RUTSCHFESTE SOCKEN DAMEN: Diese fluffy coole Socken sind f\u00fcr mehrere Gelegenheiten geeignet dank zu den Antirutsch Element auf die R\u00fcckseite der Pl\u00fcsch Socken, den hochwertiges Sherpa-Fleece Material und selbstverst\u00e4ndlich wegen dem Eeyore fuzzy Socks Thema. Man kann es als lustige Haussocken, H\u00fcttensocken, Bettsocken f\u00fcr Frauen es tragen oder einfach wahrend der t\u00e4glichen Aktivit\u00e4ten zu Hause sich warm, gem\u00fctlich und sicher auf den Boden f\u00fchlen m\u00f6chtet.<br \/>\nPL\u00dcSCH UND LUSTIGE EEYORE WINTERSOCKEN: Was wird besser f\u00fcr eine gem\u00fctliche und entspannende Winter Abend passen als ein Paar von extra warm und superweiche Fleece Socken mit ABS Sohle? Diese dicken Hausschuhe Socken haben das sehr-bekanntes Motiv von Eeyore Zeichenfigur Winnie-the-Pooh auf die Vorderseite gestellt und bietet ultimativen Komfort als gestrickte Socken, die man als Geschenke f\u00fcr Weihnachten w\u00e4hlen konnte.<br \/>\nDISNEY EEYORE LUSTIGE SOCKEN DAMEN UND TEENS GESCHENK: Auf der Suche nach ein offizielles Merchandise-Produkt Disney Fanartikel oder f\u00fcr kleine und praktische Damen Geschenke f\u00fcr Weihnachten? Unsere kuschel Socken werden ideal f\u00fcr jede sein, die sich angenehm und warm auf dem Sofa entspannen m\u00f6chtet oder f\u00fcr jede Frau und Teenager Geburtstagsgeschenk der ein Disney Winnie-the-Pooh ist und sich witzige Socken zu Hause tragen m\u00f6chtet.<br \/>\n<div class=\"main-cross-sell\" data-asin=\"B08NVZN523\">\n\n\t<div class=\"WooZone-cross-sell-loader\">\n\t\t<div>\n\t\t\t<div id=\"floatingBarsG\">\n\t\t\t\t<div class=\"blockG\" id=\"rotateG_01\"><\/div>\n\t\t\t\t<div class=\"blockG\" id=\"rotateG_02\"><\/div>\n\t\t\t\t<div class=\"blockG\" id=\"rotateG_03\"><\/div>\n\t\t\t\t<div class=\"blockG\" id=\"rotateG_04\"><\/div>\n\t\t\t\t<div class=\"blockG\" id=\"rotateG_05\"><\/div>\n\t\t\t\t<div class=\"blockG\" id=\"rotateG_06\"><\/div>\n\t\t\t\t<div class=\"blockG\" id=\"rotateG_07\"><\/div>\n\t\t\t\t<div class=\"blockG\" id=\"rotateG_08\"><\/div>\n\t\t\t<\/div>\n\t\t\t<div class=\"WooZone-cross-sell-loader-text\"><\/div>\n\t\t<\/div>\n\t<\/div>\n\n\t\t\n<\/div>\n<div style=\"clear:both;\"><\/div><\/p>\n","protected":false},"excerpt":{"rendered":"<p>DISNEY EEYORE STOPPERSOCKEN F\u00dcR DAMEN: Suchen Sie ein Fanartikel Geschenk von den weltweit bekannten Winnie-the-Pooh Zeichen? Oder vielleicht suchen Sie einfach kleine und praktische Weihnachten Geschenke? Unsere Eeyore flauschige Socken f\u00fcr Damen und Teenager werden perfekt und praktisch f\u00fcr jede sein, die sich warm, kuschlig und sicher in dieser Wintersocken mit Noppen zu Hause sich f\u00fcllen m\u00f6chtet.<br \/>\nEINHEITSGR\u00d6SSE UND TRAGKOMFORT: Unsere dicken Socken Herren passen f\u00fcr die meisten Damen und Jugendliche die EU Schuhgr\u00f6\u00dfe von 38 bis zu 41 Gr\u00f6\u00dfe haben. Dann sollten Sie keine Sorgen machen, wenn Sie die bestimmte Schuhgr\u00f6\u00dfe nicht kennen oder wenn Sie eine Gr\u00f6\u00dfe kleiner nehmen, weil diese lustige Kuschelsocken Damen zart elastisch und sehr gem\u00fctlich sind.<br \/>\nW\u00c4RMENDE RUTSCHFESTE SOCKEN DAMEN: Diese fluffy coole Socken sind f\u00fcr mehrere Gelegenheiten geeignet dank zu den Antirutsch Element auf die R\u00fcckseite der Pl\u00fcsch Socken, den hochwertiges Sherpa-Fleece Material und selbstverst\u00e4ndlich wegen dem Eeyore fuzzy Socks Thema. Man kann es als lustige Haussocken, H\u00fcttensocken, Bettsocken f\u00fcr Frauen es tragen oder einfach wahrend der t\u00e4glichen Aktivit\u00e4ten zu Hause sich warm, gem\u00fctlich und sicher auf den Boden f\u00fchlen m\u00f6chtet.<\/p>\n","protected":false},"featured_media":110255,"comment_status":"open","ping_status":"closed","template":"","meta":[],"product_brand":[],"product_cat":[1186,3920],"product_tag":[],"class_list":{"0":"post-110254","1":"product","2":"type-product","3":"status-publish","4":"has-post-thumbnail","6":"product_cat-bekleidung","7":"product_cat-damen","8":"pa_binding-textilien","9":"pa_brand-disney","10":"pa_color-blau","11":"pa_size-einheitsgroesse-grosse-groessen","13":"first","14":"instock","15":"shipping-taxable","16":"purchasable","17":"product-type-simple","18":"customify-col","19":"product-has-gallery"},"yoast_head":"<!-- This site is optimized with the Yoast SEO plugin v27.3 - https:\/\/yoast.com\/product\/yoast-seo-wordpress\/ -->\n<title>Disney Stitch Socken Damen Flauschige Winter Warm Socken - Markt-XXL<\/title>\n<meta name=\"description\" content=\"Markt-XXL Disney Stitch Socken Damen Flauschige Winter Warm Socken\" \/>\n<meta name=\"robots\" content=\"index, follow, max-snippet:-1, max-image-preview:large, max-video-preview:-1\" \/>\n<link rel=\"canonical\" href=\"https:\/\/marktxxl.de\/markt\/produkt\/disney-eeyore-wintersocken-flauschig-waerme-damen-socken-fuer-winter-anti-rutsch-huettensocken-kuschelsocken-frauen-mit-abs-sohle-einheitsgroesse-38-41\/\" \/>\n<meta property=\"og:locale\" content=\"de_DE\" \/>\n<meta property=\"og:type\" content=\"article\" \/>\n<meta property=\"og:title\" content=\"Disney Stitch Socken Damen Flauschige Winter Warm Socken - Markt-XXL\" \/>\n<meta property=\"og:description\" content=\"Markt-XXL Disney Stitch Socken Damen Flauschige Winter Warm Socken\" \/>\n<meta property=\"og:url\" content=\"https:\/\/marktxxl.de\/markt\/produkt\/disney-eeyore-wintersocken-flauschig-waerme-damen-socken-fuer-winter-anti-rutsch-huettensocken-kuschelsocken-frauen-mit-abs-sohle-einheitsgroesse-38-41\/\" \/>\n<meta property=\"og:site_name\" content=\"Markt-XXL\" \/>\n<meta property=\"article:modified_time\" content=\"2023-04-07T00:50:19+00:00\" \/>\n<meta property=\"og:image\" content=\"https:\/\/m.media-amazon.com\/images\/I\/51IF3RTiv6L._SL500_.jpg\" \/>\n\t<meta property=\"og:image:width\" content=\"500\" \/>\n\t<meta property=\"og:image:height\" content=\"500\" \/>\n\t<meta property=\"og:image:type\" content=\"image\/jpeg\" \/>\n<meta name=\"twitter:card\" content=\"summary_large_image\" \/>\n<meta name=\"twitter:label1\" content=\"Gesch\u00e4tzte Lesezeit\" \/>\n\t<meta name=\"twitter:data1\" content=\"2\u00a0Minuten\" \/>\n<script type=\"application\/ld+json\" class=\"yoast-schema-graph\">{\"@context\":\"https:\\\/\\\/schema.org\",\"@graph\":[{\"@type\":\"WebPage\",\"@id\":\"https:\\\/\\\/marktxxl.de\\\/markt\\\/produkt\\\/disney-eeyore-wintersocken-flauschig-waerme-damen-socken-fuer-winter-anti-rutsch-huettensocken-kuschelsocken-frauen-mit-abs-sohle-einheitsgroesse-38-41\\\/\",\"url\":\"https:\\\/\\\/marktxxl.de\\\/markt\\\/produkt\\\/disney-eeyore-wintersocken-flauschig-waerme-damen-socken-fuer-winter-anti-rutsch-huettensocken-kuschelsocken-frauen-mit-abs-sohle-einheitsgroesse-38-41\\\/\",\"name\":\"Disney Stitch Socken Damen Flauschige Winter Warm Socken - Markt-XXL\",\"isPartOf\":{\"@id\":\"https:\\\/\\\/marktxxl.de\\\/markt\\\/#website\"},\"primaryImageOfPage\":{\"@id\":\"https:\\\/\\\/marktxxl.de\\\/markt\\\/produkt\\\/disney-eeyore-wintersocken-flauschig-waerme-damen-socken-fuer-winter-anti-rutsch-huettensocken-kuschelsocken-frauen-mit-abs-sohle-einheitsgroesse-38-41\\\/#primaryimage\"},\"image\":{\"@id\":\"https:\\\/\\\/marktxxl.de\\\/markt\\\/produkt\\\/disney-eeyore-wintersocken-flauschig-waerme-damen-socken-fuer-winter-anti-rutsch-huettensocken-kuschelsocken-frauen-mit-abs-sohle-einheitsgroesse-38-41\\\/#primaryimage\"},\"thumbnailUrl\":\"https:\\\/\\\/m.media-amazon.com\\\/images\\\/I\\\/51IF3RTiv6L._SL500_.jpg\",\"datePublished\":\"2022-02-26T20:34:38+00:00\",\"dateModified\":\"2023-04-07T00:50:19+00:00\",\"description\":\"Markt-XXL Disney Stitch Socken Damen Flauschige Winter Warm Socken\",\"breadcrumb\":{\"@id\":\"https:\\\/\\\/marktxxl.de\\\/markt\\\/produkt\\\/disney-eeyore-wintersocken-flauschig-waerme-damen-socken-fuer-winter-anti-rutsch-huettensocken-kuschelsocken-frauen-mit-abs-sohle-einheitsgroesse-38-41\\\/#breadcrumb\"},\"inLanguage\":\"de\",\"potentialAction\":[{\"@type\":\"ReadAction\",\"target\":[\"https:\\\/\\\/marktxxl.de\\\/markt\\\/produkt\\\/disney-eeyore-wintersocken-flauschig-waerme-damen-socken-fuer-winter-anti-rutsch-huettensocken-kuschelsocken-frauen-mit-abs-sohle-einheitsgroesse-38-41\\\/\"]}]},{\"@type\":\"ImageObject\",\"inLanguage\":\"de\",\"@id\":\"https:\\\/\\\/marktxxl.de\\\/markt\\\/produkt\\\/disney-eeyore-wintersocken-flauschig-waerme-damen-socken-fuer-winter-anti-rutsch-huettensocken-kuschelsocken-frauen-mit-abs-sohle-einheitsgroesse-38-41\\\/#primaryimage\",\"url\":\"https:\\\/\\\/m.media-amazon.com\\\/images\\\/I\\\/51IF3RTiv6L._SL500_.jpg\",\"contentUrl\":\"https:\\\/\\\/m.media-amazon.com\\\/images\\\/I\\\/51IF3RTiv6L._SL500_.jpg\",\"width\":500,\"height\":500},{\"@type\":\"BreadcrumbList\",\"@id\":\"https:\\\/\\\/marktxxl.de\\\/markt\\\/produkt\\\/disney-eeyore-wintersocken-flauschig-waerme-damen-socken-fuer-winter-anti-rutsch-huettensocken-kuschelsocken-frauen-mit-abs-sohle-einheitsgroesse-38-41\\\/#breadcrumb\",\"itemListElement\":[{\"@type\":\"ListItem\",\"position\":1,\"name\":\"Startseite\",\"item\":\"https:\\\/\\\/marktxxl.de\\\/markt\\\/\"},{\"@type\":\"ListItem\",\"position\":2,\"name\":\"Markt\",\"item\":\"https:\\\/\\\/marktxxl.de\\\/markt\\\/\"},{\"@type\":\"ListItem\",\"position\":3,\"name\":\"Disney Stitch Socken Damen Flauschige Winter Warm Socken\"}]},{\"@type\":\"WebSite\",\"@id\":\"https:\\\/\\\/marktxxl.de\\\/markt\\\/#website\",\"url\":\"https:\\\/\\\/marktxxl.de\\\/markt\\\/\",\"name\":\"Markt-XXL\",\"description\":\"Ihr Markt Online\",\"publisher\":{\"@id\":\"https:\\\/\\\/marktxxl.de\\\/markt\\\/#organization\"},\"potentialAction\":[{\"@type\":\"SearchAction\",\"target\":{\"@type\":\"EntryPoint\",\"urlTemplate\":\"https:\\\/\\\/marktxxl.de\\\/markt\\\/?s={search_term_string}\"},\"query-input\":{\"@type\":\"PropertyValueSpecification\",\"valueRequired\":true,\"valueName\":\"search_term_string\"}}],\"inLanguage\":\"de\"},{\"@type\":\"Organization\",\"@id\":\"https:\\\/\\\/marktxxl.de\\\/markt\\\/#organization\",\"name\":\"Markt-XXL\",\"url\":\"https:\\\/\\\/marktxxl.de\\\/markt\\\/\",\"logo\":{\"@type\":\"ImageObject\",\"inLanguage\":\"de\",\"@id\":\"https:\\\/\\\/marktxxl.de\\\/markt\\\/#\\\/schema\\\/logo\\\/image\\\/\",\"url\":\"https:\\\/\\\/marktxxl.de\\\/markt\\\/wp-content\\\/uploads\\\/sites\\\/3\\\/2020\\\/12\\\/logo.png\",\"contentUrl\":\"https:\\\/\\\/marktxxl.de\\\/markt\\\/wp-content\\\/uploads\\\/sites\\\/3\\\/2020\\\/12\\\/logo.png\",\"width\":200,\"height\":70,\"caption\":\"Markt-XXL\"},\"image\":{\"@id\":\"https:\\\/\\\/marktxxl.de\\\/markt\\\/#\\\/schema\\\/logo\\\/image\\\/\"}}]}<\/script>\n<!-- \/ Yoast SEO plugin. -->","yoast_head_json":{"title":"Disney Stitch Socken Damen Flauschige Winter Warm Socken - Markt-XXL","description":"Markt-XXL Disney Stitch Socken Damen Flauschige Winter Warm Socken","robots":{"index":"index","follow":"follow","max-snippet":"max-snippet:-1","max-image-preview":"max-image-preview:large","max-video-preview":"max-video-preview:-1"},"canonical":"https:\/\/marktxxl.de\/markt\/produkt\/disney-eeyore-wintersocken-flauschig-waerme-damen-socken-fuer-winter-anti-rutsch-huettensocken-kuschelsocken-frauen-mit-abs-sohle-einheitsgroesse-38-41\/","og_locale":"de_DE","og_type":"article","og_title":"Disney Stitch Socken Damen Flauschige Winter Warm Socken - Markt-XXL","og_description":"Markt-XXL Disney Stitch Socken Damen Flauschige Winter Warm Socken","og_url":"https:\/\/marktxxl.de\/markt\/produkt\/disney-eeyore-wintersocken-flauschig-waerme-damen-socken-fuer-winter-anti-rutsch-huettensocken-kuschelsocken-frauen-mit-abs-sohle-einheitsgroesse-38-41\/","og_site_name":"Markt-XXL","article_modified_time":"2023-04-07T00:50:19+00:00","og_image":[{"width":500,"height":500,"url":"https:\/\/m.media-amazon.com\/images\/I\/51IF3RTiv6L._SL500_.jpg","type":"image\/jpeg"}],"twitter_card":"summary_large_image","twitter_misc":{"Gesch\u00e4tzte Lesezeit":"2\u00a0Minuten"},"schema":{"@context":"https:\/\/schema.org","@graph":[{"@type":"WebPage","@id":"https:\/\/marktxxl.de\/markt\/produkt\/disney-eeyore-wintersocken-flauschig-waerme-damen-socken-fuer-winter-anti-rutsch-huettensocken-kuschelsocken-frauen-mit-abs-sohle-einheitsgroesse-38-41\/","url":"https:\/\/marktxxl.de\/markt\/produkt\/disney-eeyore-wintersocken-flauschig-waerme-damen-socken-fuer-winter-anti-rutsch-huettensocken-kuschelsocken-frauen-mit-abs-sohle-einheitsgroesse-38-41\/","name":"Disney Stitch Socken Damen Flauschige Winter Warm Socken - Markt-XXL","isPartOf":{"@id":"https:\/\/marktxxl.de\/markt\/#website"},"primaryImageOfPage":{"@id":"https:\/\/marktxxl.de\/markt\/produkt\/disney-eeyore-wintersocken-flauschig-waerme-damen-socken-fuer-winter-anti-rutsch-huettensocken-kuschelsocken-frauen-mit-abs-sohle-einheitsgroesse-38-41\/#primaryimage"},"image":{"@id":"https:\/\/marktxxl.de\/markt\/produkt\/disney-eeyore-wintersocken-flauschig-waerme-damen-socken-fuer-winter-anti-rutsch-huettensocken-kuschelsocken-frauen-mit-abs-sohle-einheitsgroesse-38-41\/#primaryimage"},"thumbnailUrl":"https:\/\/m.media-amazon.com\/images\/I\/51IF3RTiv6L._SL500_.jpg","datePublished":"2022-02-26T20:34:38+00:00","dateModified":"2023-04-07T00:50:19+00:00","description":"Markt-XXL Disney Stitch Socken Damen Flauschige Winter Warm Socken","breadcrumb":{"@id":"https:\/\/marktxxl.de\/markt\/produkt\/disney-eeyore-wintersocken-flauschig-waerme-damen-socken-fuer-winter-anti-rutsch-huettensocken-kuschelsocken-frauen-mit-abs-sohle-einheitsgroesse-38-41\/#breadcrumb"},"inLanguage":"de","potentialAction":[{"@type":"ReadAction","target":["https:\/\/marktxxl.de\/markt\/produkt\/disney-eeyore-wintersocken-flauschig-waerme-damen-socken-fuer-winter-anti-rutsch-huettensocken-kuschelsocken-frauen-mit-abs-sohle-einheitsgroesse-38-41\/"]}]},{"@type":"ImageObject","inLanguage":"de","@id":"https:\/\/marktxxl.de\/markt\/produkt\/disney-eeyore-wintersocken-flauschig-waerme-damen-socken-fuer-winter-anti-rutsch-huettensocken-kuschelsocken-frauen-mit-abs-sohle-einheitsgroesse-38-41\/#primaryimage","url":"https:\/\/m.media-amazon.com\/images\/I\/51IF3RTiv6L._SL500_.jpg","contentUrl":"https:\/\/m.media-amazon.com\/images\/I\/51IF3RTiv6L._SL500_.jpg","width":500,"height":500},{"@type":"BreadcrumbList","@id":"https:\/\/marktxxl.de\/markt\/produkt\/disney-eeyore-wintersocken-flauschig-waerme-damen-socken-fuer-winter-anti-rutsch-huettensocken-kuschelsocken-frauen-mit-abs-sohle-einheitsgroesse-38-41\/#breadcrumb","itemListElement":[{"@type":"ListItem","position":1,"name":"Startseite","item":"https:\/\/marktxxl.de\/markt\/"},{"@type":"ListItem","position":2,"name":"Markt","item":"https:\/\/marktxxl.de\/markt\/"},{"@type":"ListItem","position":3,"name":"Disney Stitch Socken Damen Flauschige Winter Warm Socken"}]},{"@type":"WebSite","@id":"https:\/\/marktxxl.de\/markt\/#website","url":"https:\/\/marktxxl.de\/markt\/","name":"Markt-XXL","description":"Ihr Markt Online","publisher":{"@id":"https:\/\/marktxxl.de\/markt\/#organization"},"potentialAction":[{"@type":"SearchAction","target":{"@type":"EntryPoint","urlTemplate":"https:\/\/marktxxl.de\/markt\/?s={search_term_string}"},"query-input":{"@type":"PropertyValueSpecification","valueRequired":true,"valueName":"search_term_string"}}],"inLanguage":"de"},{"@type":"Organization","@id":"https:\/\/marktxxl.de\/markt\/#organization","name":"Markt-XXL","url":"https:\/\/marktxxl.de\/markt\/","logo":{"@type":"ImageObject","inLanguage":"de","@id":"https:\/\/marktxxl.de\/markt\/#\/schema\/logo\/image\/","url":"https:\/\/marktxxl.de\/markt\/wp-content\/uploads\/sites\/3\/2020\/12\/logo.png","contentUrl":"https:\/\/marktxxl.de\/markt\/wp-content\/uploads\/sites\/3\/2020\/12\/logo.png","width":200,"height":70,"caption":"Markt-XXL"},"image":{"@id":"https:\/\/marktxxl.de\/markt\/#\/schema\/logo\/image\/"}}]}},"_links":{"self":[{"href":"https:\/\/marktxxl.de\/markt\/wp-json\/wp\/v2\/product\/110254","targetHints":{"allow":["GET"]}}],"collection":[{"href":"https:\/\/marktxxl.de\/markt\/wp-json\/wp\/v2\/product"}],"about":[{"href":"https:\/\/marktxxl.de\/markt\/wp-json\/wp\/v2\/types\/product"}],"replies":[{"embeddable":true,"href":"https:\/\/marktxxl.de\/markt\/wp-json\/wp\/v2\/comments?post=110254"}],"wp:featuredmedia":[{"embeddable":true,"href":"https:\/\/marktxxl.de\/markt\/wp-json\/wp\/v2\/media\/110255"}],"wp:attachment":[{"href":"https:\/\/marktxxl.de\/markt\/wp-json\/wp\/v2\/media?parent=110254"}],"wp:term":[{"taxonomy":"product_brand","embeddable":true,"href":"https:\/\/marktxxl.de\/markt\/wp-json\/wp\/v2\/product_brand?post=110254"},{"taxonomy":"product_cat","embeddable":true,"href":"https:\/\/marktxxl.de\/markt\/wp-json\/wp\/v2\/product_cat?post=110254"},{"taxonomy":"product_tag","embeddable":true,"href":"https:\/\/marktxxl.de\/markt\/wp-json\/wp\/v2\/product_tag?post=110254"}],"curies":[{"name":"wp","href":"https:\/\/api.w.org\/{rel}","templated":true}]}}