{"id":110093,"date":"2022-02-26T20:51:26","date_gmt":"2022-02-26T19:51:26","guid":{"rendered":"https:\/\/marktxxl.de\/markt\/produkt\/falsche-wimpern-10-paare-falsche-wimpern-natuerlicher-look-3d-schwarze-falsche-wimpern-mit-transparenter-wimpern-kleber-wasserfester-lang-anhaltende-wimpern-kleber-fuer-wimpern-von-magnetic-sl\/"},"modified":"2023-04-07T02:50:16","modified_gmt":"2023-04-07T00:50:16","slug":"falsche-wimpern-10-paare-falsche-wimpern-natuerlicher-look-3d-schwarze-falsche-wimpern-mit-transparenter-wimpern-kleber-wasserfester-lang-anhaltende-wimpern-kleber-fuer-wimpern-von-magnetic-sl","status":"publish","type":"product","link":"https:\/\/marktxxl.de\/markt\/produkt\/falsche-wimpern-10-paare-falsche-wimpern-natuerlicher-look-3d-schwarze-falsche-wimpern-mit-transparenter-wimpern-kleber-wasserfester-lang-anhaltende-wimpern-kleber-fuer-wimpern-von-magnetic-sl\/","title":{"rendered":"Falsche Wimpern mit Kleber 10 Paare Wimpernverl\u00e4ngerung Set Nat\u00fcrlicher Look 3D Schwarze Falsche Wimpern mit\u2026"},"content":{"rendered":"<p>\ud83d\udc97FALSCHE WIMPERN KLEBER ANGEBOTEN: Wir sind eine Marke mit Temperatur. Dieses Kit f\u00fcr falsche Wimpern enth\u00e4lt einen transparenten Kleber f\u00fcr falsche Wimpern, der f\u00fcr 2-3 Wochen ausreicht. Und 10 Paare von hochwertigen falschen Wimpern sorgf\u00e4ltig gemacht und von uns ausgew\u00e4hlt.<br \/>\n\ud83d\udc97FALSCHE WIMPERN EINFACH IN DER ANWENDUNG: Sie wissen nicht, wie man es als Anf\u00e4nger zu verwenden? Kein Grund zur Sorge! Schneiden Sie zun\u00e4chst die Wimpernband kurz, wenn Sie denken, sie sind lang f\u00fcr sich selbst. Dann tragen Sie ein wenig Wimpernkleber auf das Wimpernband auf, jetzt k\u00f6nnen Sie es tragen! Ist das nicht einfach?<br \/>\n\ud83d\udc97FALSCHE WIMPERN EINMAL GANZ ANDERS: Fehlt Ihnen etwas in einem Leben voller Routine? Wir freuen uns genauso auf Ver\u00e4nderungen wie Sie, und das f\u00e4ngt schon im Kleinen an. Wir haben 10 Wimpernpaare in verschiedenen Stilen und L\u00e4ngen f\u00fcr unterschiedliche Anl\u00e4sse ausgew\u00e4hlt.<br \/>\n\ud83d\udc97MATERIAL DER FALSCHEN WIMPERN: Unsere Wimpern sind aus synthetischen Fasern hergestellt. Hautfreundliches Material, kein eigenartiger Geruch. Was wir tun, ist, wiederverwendbare falsche Wimpern und lang anhaltende falsche Wimpern. Sie sorgen nicht nur daf\u00fcr, dass die Wimpern nat\u00fcrlich aussehen, sondern erm\u00f6glichen es Ihnen auch, Ihr Make-up lange zu erhalten. Jeder Tag ist ein wunderbarer Tag!<br \/>\n\ud83d\udc97AUSGEZEICHNETER SERVICE: Wir sind eine Marke mit Temperatur. Wenn Sie irgendwelche produktbezogenen Probleme haben, lassen Sie mich bitte wissen, und wir werden unser Bestes versuchen, Ihnen zu helfen, sie zu l\u00f6sen!<br \/>\n<div class=\"main-cross-sell\" data-asin=\"B09MZ76DTR\">\n\n\t<div class=\"WooZone-cross-sell-loader\">\n\t\t<div>\n\t\t\t<div id=\"floatingBarsG\">\n\t\t\t\t<div class=\"blockG\" id=\"rotateG_01\"><\/div>\n\t\t\t\t<div class=\"blockG\" id=\"rotateG_02\"><\/div>\n\t\t\t\t<div class=\"blockG\" id=\"rotateG_03\"><\/div>\n\t\t\t\t<div class=\"blockG\" id=\"rotateG_04\"><\/div>\n\t\t\t\t<div class=\"blockG\" id=\"rotateG_05\"><\/div>\n\t\t\t\t<div class=\"blockG\" id=\"rotateG_06\"><\/div>\n\t\t\t\t<div class=\"blockG\" id=\"rotateG_07\"><\/div>\n\t\t\t\t<div class=\"blockG\" id=\"rotateG_08\"><\/div>\n\t\t\t<\/div>\n\t\t\t<div class=\"WooZone-cross-sell-loader-text\"><\/div>\n\t\t<\/div>\n\t<\/div>\n\n\t\t\n<\/div>\n<div style=\"clear:both;\"><\/div><\/p>\n","protected":false},"excerpt":{"rendered":"<p>\ud83d\udc97FALSCHE WIMPERN KLEBER ANGEBOTEN: Wir sind eine Marke mit Temperatur. Dieses Kit f\u00fcr falsche Wimpern enth\u00e4lt einen transparenten Kleber f\u00fcr falsche Wimpern, der f\u00fcr 2-3 Wochen ausreicht. Und 10 Paare von hochwertigen falschen Wimpern sorgf\u00e4ltig gemacht und von uns ausgew\u00e4hlt.<br \/>\n\ud83d\udc97FALSCHE WIMPERN EINFACH IN DER ANWENDUNG: Sie wissen nicht, wie man es als Anf\u00e4nger zu verwenden? Kein Grund zur Sorge! Schneiden Sie zun\u00e4chst die Wimpernband kurz, wenn Sie denken, sie sind lang f\u00fcr sich selbst. Dann tragen Sie ein wenig Wimpernkleber auf das Wimpernband auf, jetzt k\u00f6nnen Sie es tragen! Ist das nicht einfach?<br \/>\n\ud83d\udc97FALSCHE WIMPERN EINMAL GANZ ANDERS: Fehlt Ihnen etwas in einem Leben voller Routine? Wir freuen uns genauso auf Ver\u00e4nderungen wie Sie, und das f\u00e4ngt schon im Kleinen an. Wir haben 10 Wimpernpaare in verschiedenen Stilen und L\u00e4ngen f\u00fcr unterschiedliche Anl\u00e4sse ausgew\u00e4hlt.<\/p>\n","protected":false},"featured_media":110094,"comment_status":"open","ping_status":"closed","template":"","meta":[],"product_brand":[],"product_cat":[2858,7726],"product_tag":[],"class_list":{"0":"post-110093","1":"product","2":"type-product","3":"status-publish","4":"has-post-thumbnail","6":"product_cat-beauty","7":"product_cat-zubehoer-beauty","8":"pa_brand-magnetic-sl","9":"pa_height-3-8582677126-zoll","10":"pa_length-8-2283464483-zoll","11":"pa_manufacturer-magnetic-sl","12":"pa_size-10-paar-1er-pack","13":"pa_width-0-5511811018-zoll","15":"first","16":"instock","17":"shipping-taxable","18":"purchasable","19":"product-type-simple","20":"customify-col","21":"product-has-gallery"},"yoast_head":"<!-- This site is optimized with the Yoast SEO plugin v27.4 - https:\/\/yoast.com\/product\/yoast-seo-wordpress\/ -->\n<title>Falsche Wimpern mit Kleber 10 Paare Wimpernverl\u00e4ngerung Set Nat\u00fcrlicher Look 3D Schwarze Falsche Wimpern mit\u2026 - Markt-XXL<\/title>\n<meta name=\"description\" content=\"Markt-XXL Falsche Wimpern mit Kleber 10 Paare Wimpernverl\u00e4ngerung Set Nat\u00fcrlicher Look 3D Schwarze Falsche Wimpern mit\u2026\" \/>\n<meta name=\"robots\" content=\"index, follow, max-snippet:-1, max-image-preview:large, max-video-preview:-1\" \/>\n<link rel=\"canonical\" href=\"https:\/\/marktxxl.de\/markt\/produkt\/falsche-wimpern-10-paare-falsche-wimpern-natuerlicher-look-3d-schwarze-falsche-wimpern-mit-transparenter-wimpern-kleber-wasserfester-lang-anhaltende-wimpern-kleber-fuer-wimpern-von-magnetic-sl\/\" \/>\n<meta property=\"og:locale\" content=\"de_DE\" \/>\n<meta property=\"og:type\" content=\"article\" \/>\n<meta property=\"og:title\" content=\"Falsche Wimpern mit Kleber 10 Paare Wimpernverl\u00e4ngerung Set Nat\u00fcrlicher Look 3D Schwarze Falsche Wimpern mit\u2026 - Markt-XXL\" \/>\n<meta property=\"og:description\" content=\"Markt-XXL Falsche Wimpern mit Kleber 10 Paare Wimpernverl\u00e4ngerung Set Nat\u00fcrlicher Look 3D Schwarze Falsche Wimpern mit\u2026\" \/>\n<meta property=\"og:url\" content=\"https:\/\/marktxxl.de\/markt\/produkt\/falsche-wimpern-10-paare-falsche-wimpern-natuerlicher-look-3d-schwarze-falsche-wimpern-mit-transparenter-wimpern-kleber-wasserfester-lang-anhaltende-wimpern-kleber-fuer-wimpern-von-magnetic-sl\/\" \/>\n<meta property=\"og:site_name\" content=\"Markt-XXL\" \/>\n<meta property=\"article:modified_time\" content=\"2023-04-07T00:50:16+00:00\" \/>\n<meta property=\"og:image\" content=\"https:\/\/m.media-amazon.com\/images\/I\/41JOwT6n9zL._SL500_.jpg\" \/>\n\t<meta property=\"og:image:width\" content=\"500\" \/>\n\t<meta property=\"og:image:height\" content=\"500\" \/>\n\t<meta property=\"og:image:type\" content=\"image\/jpeg\" \/>\n<meta name=\"twitter:card\" content=\"summary_large_image\" \/>\n<meta name=\"twitter:label1\" content=\"Gesch\u00e4tzte Lesezeit\" \/>\n\t<meta name=\"twitter:data1\" content=\"1\u00a0Minute\" \/>\n<script type=\"application\/ld+json\" class=\"yoast-schema-graph\">{\"@context\":\"https:\\\/\\\/schema.org\",\"@graph\":[{\"@type\":\"WebPage\",\"@id\":\"https:\\\/\\\/marktxxl.de\\\/markt\\\/produkt\\\/falsche-wimpern-10-paare-falsche-wimpern-natuerlicher-look-3d-schwarze-falsche-wimpern-mit-transparenter-wimpern-kleber-wasserfester-lang-anhaltende-wimpern-kleber-fuer-wimpern-von-magnetic-sl\\\/\",\"url\":\"https:\\\/\\\/marktxxl.de\\\/markt\\\/produkt\\\/falsche-wimpern-10-paare-falsche-wimpern-natuerlicher-look-3d-schwarze-falsche-wimpern-mit-transparenter-wimpern-kleber-wasserfester-lang-anhaltende-wimpern-kleber-fuer-wimpern-von-magnetic-sl\\\/\",\"name\":\"Falsche Wimpern mit Kleber 10 Paare Wimpernverl\u00e4ngerung Set Nat\u00fcrlicher Look 3D Schwarze Falsche Wimpern mit\u2026 - Markt-XXL\",\"isPartOf\":{\"@id\":\"https:\\\/\\\/marktxxl.de\\\/markt\\\/#website\"},\"primaryImageOfPage\":{\"@id\":\"https:\\\/\\\/marktxxl.de\\\/markt\\\/produkt\\\/falsche-wimpern-10-paare-falsche-wimpern-natuerlicher-look-3d-schwarze-falsche-wimpern-mit-transparenter-wimpern-kleber-wasserfester-lang-anhaltende-wimpern-kleber-fuer-wimpern-von-magnetic-sl\\\/#primaryimage\"},\"image\":{\"@id\":\"https:\\\/\\\/marktxxl.de\\\/markt\\\/produkt\\\/falsche-wimpern-10-paare-falsche-wimpern-natuerlicher-look-3d-schwarze-falsche-wimpern-mit-transparenter-wimpern-kleber-wasserfester-lang-anhaltende-wimpern-kleber-fuer-wimpern-von-magnetic-sl\\\/#primaryimage\"},\"thumbnailUrl\":\"https:\\\/\\\/m.media-amazon.com\\\/images\\\/I\\\/41JOwT6n9zL._SL500_.jpg\",\"datePublished\":\"2022-02-26T19:51:26+00:00\",\"dateModified\":\"2023-04-07T00:50:16+00:00\",\"description\":\"Markt-XXL Falsche Wimpern mit Kleber 10 Paare Wimpernverl\u00e4ngerung Set Nat\u00fcrlicher Look 3D Schwarze Falsche Wimpern mit\u2026\",\"breadcrumb\":{\"@id\":\"https:\\\/\\\/marktxxl.de\\\/markt\\\/produkt\\\/falsche-wimpern-10-paare-falsche-wimpern-natuerlicher-look-3d-schwarze-falsche-wimpern-mit-transparenter-wimpern-kleber-wasserfester-lang-anhaltende-wimpern-kleber-fuer-wimpern-von-magnetic-sl\\\/#breadcrumb\"},\"inLanguage\":\"de\",\"potentialAction\":[{\"@type\":\"ReadAction\",\"target\":[\"https:\\\/\\\/marktxxl.de\\\/markt\\\/produkt\\\/falsche-wimpern-10-paare-falsche-wimpern-natuerlicher-look-3d-schwarze-falsche-wimpern-mit-transparenter-wimpern-kleber-wasserfester-lang-anhaltende-wimpern-kleber-fuer-wimpern-von-magnetic-sl\\\/\"]}]},{\"@type\":\"ImageObject\",\"inLanguage\":\"de\",\"@id\":\"https:\\\/\\\/marktxxl.de\\\/markt\\\/produkt\\\/falsche-wimpern-10-paare-falsche-wimpern-natuerlicher-look-3d-schwarze-falsche-wimpern-mit-transparenter-wimpern-kleber-wasserfester-lang-anhaltende-wimpern-kleber-fuer-wimpern-von-magnetic-sl\\\/#primaryimage\",\"url\":\"https:\\\/\\\/m.media-amazon.com\\\/images\\\/I\\\/41JOwT6n9zL._SL500_.jpg\",\"contentUrl\":\"https:\\\/\\\/m.media-amazon.com\\\/images\\\/I\\\/41JOwT6n9zL._SL500_.jpg\",\"width\":500,\"height\":500},{\"@type\":\"BreadcrumbList\",\"@id\":\"https:\\\/\\\/marktxxl.de\\\/markt\\\/produkt\\\/falsche-wimpern-10-paare-falsche-wimpern-natuerlicher-look-3d-schwarze-falsche-wimpern-mit-transparenter-wimpern-kleber-wasserfester-lang-anhaltende-wimpern-kleber-fuer-wimpern-von-magnetic-sl\\\/#breadcrumb\",\"itemListElement\":[{\"@type\":\"ListItem\",\"position\":1,\"name\":\"Startseite\",\"item\":\"https:\\\/\\\/marktxxl.de\\\/markt\\\/\"},{\"@type\":\"ListItem\",\"position\":2,\"name\":\"Markt\",\"item\":\"https:\\\/\\\/marktxxl.de\\\/markt\\\/\"},{\"@type\":\"ListItem\",\"position\":3,\"name\":\"Falsche Wimpern mit Kleber 10 Paare Wimpernverl\u00e4ngerung Set Nat\u00fcrlicher Look 3D Schwarze Falsche Wimpern mit\u2026\"}]},{\"@type\":\"WebSite\",\"@id\":\"https:\\\/\\\/marktxxl.de\\\/markt\\\/#website\",\"url\":\"https:\\\/\\\/marktxxl.de\\\/markt\\\/\",\"name\":\"Markt-XXL\",\"description\":\"Ihr Markt Online\",\"publisher\":{\"@id\":\"https:\\\/\\\/marktxxl.de\\\/markt\\\/#organization\"},\"potentialAction\":[{\"@type\":\"SearchAction\",\"target\":{\"@type\":\"EntryPoint\",\"urlTemplate\":\"https:\\\/\\\/marktxxl.de\\\/markt\\\/?s={search_term_string}\"},\"query-input\":{\"@type\":\"PropertyValueSpecification\",\"valueRequired\":true,\"valueName\":\"search_term_string\"}}],\"inLanguage\":\"de\"},{\"@type\":\"Organization\",\"@id\":\"https:\\\/\\\/marktxxl.de\\\/markt\\\/#organization\",\"name\":\"Markt-XXL\",\"url\":\"https:\\\/\\\/marktxxl.de\\\/markt\\\/\",\"logo\":{\"@type\":\"ImageObject\",\"inLanguage\":\"de\",\"@id\":\"https:\\\/\\\/marktxxl.de\\\/markt\\\/#\\\/schema\\\/logo\\\/image\\\/\",\"url\":\"https:\\\/\\\/marktxxl.de\\\/markt\\\/wp-content\\\/uploads\\\/sites\\\/3\\\/2020\\\/12\\\/logo.png\",\"contentUrl\":\"https:\\\/\\\/marktxxl.de\\\/markt\\\/wp-content\\\/uploads\\\/sites\\\/3\\\/2020\\\/12\\\/logo.png\",\"width\":200,\"height\":70,\"caption\":\"Markt-XXL\"},\"image\":{\"@id\":\"https:\\\/\\\/marktxxl.de\\\/markt\\\/#\\\/schema\\\/logo\\\/image\\\/\"}}]}<\/script>\n<!-- \/ Yoast SEO plugin. -->","yoast_head_json":{"title":"Falsche Wimpern mit Kleber 10 Paare Wimpernverl\u00e4ngerung Set Nat\u00fcrlicher Look 3D Schwarze Falsche Wimpern mit\u2026 - Markt-XXL","description":"Markt-XXL Falsche Wimpern mit Kleber 10 Paare Wimpernverl\u00e4ngerung Set Nat\u00fcrlicher Look 3D Schwarze Falsche Wimpern mit\u2026","robots":{"index":"index","follow":"follow","max-snippet":"max-snippet:-1","max-image-preview":"max-image-preview:large","max-video-preview":"max-video-preview:-1"},"canonical":"https:\/\/marktxxl.de\/markt\/produkt\/falsche-wimpern-10-paare-falsche-wimpern-natuerlicher-look-3d-schwarze-falsche-wimpern-mit-transparenter-wimpern-kleber-wasserfester-lang-anhaltende-wimpern-kleber-fuer-wimpern-von-magnetic-sl\/","og_locale":"de_DE","og_type":"article","og_title":"Falsche Wimpern mit Kleber 10 Paare Wimpernverl\u00e4ngerung Set Nat\u00fcrlicher Look 3D Schwarze Falsche Wimpern mit\u2026 - Markt-XXL","og_description":"Markt-XXL Falsche Wimpern mit Kleber 10 Paare Wimpernverl\u00e4ngerung Set Nat\u00fcrlicher Look 3D Schwarze Falsche Wimpern mit\u2026","og_url":"https:\/\/marktxxl.de\/markt\/produkt\/falsche-wimpern-10-paare-falsche-wimpern-natuerlicher-look-3d-schwarze-falsche-wimpern-mit-transparenter-wimpern-kleber-wasserfester-lang-anhaltende-wimpern-kleber-fuer-wimpern-von-magnetic-sl\/","og_site_name":"Markt-XXL","article_modified_time":"2023-04-07T00:50:16+00:00","og_image":[{"width":500,"height":500,"url":"https:\/\/m.media-amazon.com\/images\/I\/41JOwT6n9zL._SL500_.jpg","type":"image\/jpeg"}],"twitter_card":"summary_large_image","twitter_misc":{"Gesch\u00e4tzte Lesezeit":"1\u00a0Minute"},"schema":{"@context":"https:\/\/schema.org","@graph":[{"@type":"WebPage","@id":"https:\/\/marktxxl.de\/markt\/produkt\/falsche-wimpern-10-paare-falsche-wimpern-natuerlicher-look-3d-schwarze-falsche-wimpern-mit-transparenter-wimpern-kleber-wasserfester-lang-anhaltende-wimpern-kleber-fuer-wimpern-von-magnetic-sl\/","url":"https:\/\/marktxxl.de\/markt\/produkt\/falsche-wimpern-10-paare-falsche-wimpern-natuerlicher-look-3d-schwarze-falsche-wimpern-mit-transparenter-wimpern-kleber-wasserfester-lang-anhaltende-wimpern-kleber-fuer-wimpern-von-magnetic-sl\/","name":"Falsche Wimpern mit Kleber 10 Paare Wimpernverl\u00e4ngerung Set Nat\u00fcrlicher Look 3D Schwarze Falsche Wimpern mit\u2026 - Markt-XXL","isPartOf":{"@id":"https:\/\/marktxxl.de\/markt\/#website"},"primaryImageOfPage":{"@id":"https:\/\/marktxxl.de\/markt\/produkt\/falsche-wimpern-10-paare-falsche-wimpern-natuerlicher-look-3d-schwarze-falsche-wimpern-mit-transparenter-wimpern-kleber-wasserfester-lang-anhaltende-wimpern-kleber-fuer-wimpern-von-magnetic-sl\/#primaryimage"},"image":{"@id":"https:\/\/marktxxl.de\/markt\/produkt\/falsche-wimpern-10-paare-falsche-wimpern-natuerlicher-look-3d-schwarze-falsche-wimpern-mit-transparenter-wimpern-kleber-wasserfester-lang-anhaltende-wimpern-kleber-fuer-wimpern-von-magnetic-sl\/#primaryimage"},"thumbnailUrl":"https:\/\/m.media-amazon.com\/images\/I\/41JOwT6n9zL._SL500_.jpg","datePublished":"2022-02-26T19:51:26+00:00","dateModified":"2023-04-07T00:50:16+00:00","description":"Markt-XXL Falsche Wimpern mit Kleber 10 Paare Wimpernverl\u00e4ngerung Set Nat\u00fcrlicher Look 3D Schwarze Falsche Wimpern mit\u2026","breadcrumb":{"@id":"https:\/\/marktxxl.de\/markt\/produkt\/falsche-wimpern-10-paare-falsche-wimpern-natuerlicher-look-3d-schwarze-falsche-wimpern-mit-transparenter-wimpern-kleber-wasserfester-lang-anhaltende-wimpern-kleber-fuer-wimpern-von-magnetic-sl\/#breadcrumb"},"inLanguage":"de","potentialAction":[{"@type":"ReadAction","target":["https:\/\/marktxxl.de\/markt\/produkt\/falsche-wimpern-10-paare-falsche-wimpern-natuerlicher-look-3d-schwarze-falsche-wimpern-mit-transparenter-wimpern-kleber-wasserfester-lang-anhaltende-wimpern-kleber-fuer-wimpern-von-magnetic-sl\/"]}]},{"@type":"ImageObject","inLanguage":"de","@id":"https:\/\/marktxxl.de\/markt\/produkt\/falsche-wimpern-10-paare-falsche-wimpern-natuerlicher-look-3d-schwarze-falsche-wimpern-mit-transparenter-wimpern-kleber-wasserfester-lang-anhaltende-wimpern-kleber-fuer-wimpern-von-magnetic-sl\/#primaryimage","url":"https:\/\/m.media-amazon.com\/images\/I\/41JOwT6n9zL._SL500_.jpg","contentUrl":"https:\/\/m.media-amazon.com\/images\/I\/41JOwT6n9zL._SL500_.jpg","width":500,"height":500},{"@type":"BreadcrumbList","@id":"https:\/\/marktxxl.de\/markt\/produkt\/falsche-wimpern-10-paare-falsche-wimpern-natuerlicher-look-3d-schwarze-falsche-wimpern-mit-transparenter-wimpern-kleber-wasserfester-lang-anhaltende-wimpern-kleber-fuer-wimpern-von-magnetic-sl\/#breadcrumb","itemListElement":[{"@type":"ListItem","position":1,"name":"Startseite","item":"https:\/\/marktxxl.de\/markt\/"},{"@type":"ListItem","position":2,"name":"Markt","item":"https:\/\/marktxxl.de\/markt\/"},{"@type":"ListItem","position":3,"name":"Falsche Wimpern mit Kleber 10 Paare Wimpernverl\u00e4ngerung Set Nat\u00fcrlicher Look 3D Schwarze Falsche Wimpern mit\u2026"}]},{"@type":"WebSite","@id":"https:\/\/marktxxl.de\/markt\/#website","url":"https:\/\/marktxxl.de\/markt\/","name":"Markt-XXL","description":"Ihr Markt Online","publisher":{"@id":"https:\/\/marktxxl.de\/markt\/#organization"},"potentialAction":[{"@type":"SearchAction","target":{"@type":"EntryPoint","urlTemplate":"https:\/\/marktxxl.de\/markt\/?s={search_term_string}"},"query-input":{"@type":"PropertyValueSpecification","valueRequired":true,"valueName":"search_term_string"}}],"inLanguage":"de"},{"@type":"Organization","@id":"https:\/\/marktxxl.de\/markt\/#organization","name":"Markt-XXL","url":"https:\/\/marktxxl.de\/markt\/","logo":{"@type":"ImageObject","inLanguage":"de","@id":"https:\/\/marktxxl.de\/markt\/#\/schema\/logo\/image\/","url":"https:\/\/marktxxl.de\/markt\/wp-content\/uploads\/sites\/3\/2020\/12\/logo.png","contentUrl":"https:\/\/marktxxl.de\/markt\/wp-content\/uploads\/sites\/3\/2020\/12\/logo.png","width":200,"height":70,"caption":"Markt-XXL"},"image":{"@id":"https:\/\/marktxxl.de\/markt\/#\/schema\/logo\/image\/"}}]}},"_links":{"self":[{"href":"https:\/\/marktxxl.de\/markt\/wp-json\/wp\/v2\/product\/110093","targetHints":{"allow":["GET"]}}],"collection":[{"href":"https:\/\/marktxxl.de\/markt\/wp-json\/wp\/v2\/product"}],"about":[{"href":"https:\/\/marktxxl.de\/markt\/wp-json\/wp\/v2\/types\/product"}],"replies":[{"embeddable":true,"href":"https:\/\/marktxxl.de\/markt\/wp-json\/wp\/v2\/comments?post=110093"}],"wp:featuredmedia":[{"embeddable":true,"href":"https:\/\/marktxxl.de\/markt\/wp-json\/wp\/v2\/media\/110094"}],"wp:attachment":[{"href":"https:\/\/marktxxl.de\/markt\/wp-json\/wp\/v2\/media?parent=110093"}],"wp:term":[{"taxonomy":"product_brand","embeddable":true,"href":"https:\/\/marktxxl.de\/markt\/wp-json\/wp\/v2\/product_brand?post=110093"},{"taxonomy":"product_cat","embeddable":true,"href":"https:\/\/marktxxl.de\/markt\/wp-json\/wp\/v2\/product_cat?post=110093"},{"taxonomy":"product_tag","embeddable":true,"href":"https:\/\/marktxxl.de\/markt\/wp-json\/wp\/v2\/product_tag?post=110093"}],"curies":[{"name":"wp","href":"https:\/\/api.w.org\/{rel}","templated":true}]}}