{"id":110031,"date":"2022-02-26T20:48:38","date_gmt":"2022-02-26T19:48:38","guid":{"rendered":"https:\/\/marktxxl.de\/markt\/produkt\/viciley-magnetische-wimpern-3d-5-paar-wimpern-magnetisch-natuerlich-mit-schwarz-eyeliner-magnetisch-magnetic-falsche-wimpern-set-mit-pinzette-klebefrei-wiederverwendbar-wasserdicht\/"},"modified":"2023-04-09T03:10:28","modified_gmt":"2023-04-09T01:10:28","slug":"viciley-magnetische-wimpern-3d-5-paar-wimpern-magnetisch-natuerlich-mit-schwarz-eyeliner-magnetisch-magnetic-falsche-wimpern-set-mit-pinzette-klebefrei-wiederverwendbar-wasserdicht","status":"publish","type":"product","link":"https:\/\/marktxxl.de\/markt\/produkt\/viciley-magnetische-wimpern-3d-5-paar-wimpern-magnetisch-natuerlich-mit-schwarz-eyeliner-magnetisch-magnetic-falsche-wimpern-set-mit-pinzette-klebefrei-wiederverwendbar-wasserdicht\/","title":{"rendered":"VICILEY Magnetische Wimpern 3D, 5 Paar Wimpern Magnetisch Nat\u00fcrlich mit Schwarz Eyeliner Magnetisch, Magnetic Falsche\u2026"},"content":{"rendered":"<p>\ud83c\udf89\u30105 PAARE MAGNETISCHE FALSCHE WIMPERN\u3011 Enth\u00e4lt 5 verschiedene arten magnetischer falscher wimpern. Falsche Wimpern sind nat\u00fcrlich, leicht, weich und \u00fcbertrieben, geeignet f\u00fcr Party, Arbeit, Einkaufen und andere Anl\u00e4sse. Gehen Sie jederzeit f\u00fcr Sie von einem Anlass zum anderen. Es enth\u00e4lt auch 2 magnetische Eyeliner und einen Applikator. Schaffen Sie ein perfektes Einkaufserlebnis f\u00fcr Sie.<br \/>\n\ud83c\udf89\u3010LANGLEBIGE, WASSERDICHTE UND WIEDERVERWENDBARE MAGNETISCHE WIMPERN SCHWARZ\u3011 Jede magnetische falsche Wimper hat 5 kleine magnetische, die sich an die magnetischen Komponenten des fl\u00fcssigen Eyeliners anpassen k\u00f6nnen. Es hat eine ausgezeichnete Wasserbest\u00e4ndigkeit und f\u00e4llt den ganzen Tag nicht ab, was jeden Moment Ihres Lebens aufregender macht. H\u00f6ren Sie auf, Klebstoff zu verwenden, um Ihr Leben angenehmer zu machen. Ordentlich, kann mehrmals verwendet werden.<br \/>\n\ud83c\udf89\u3010BEQUEM UND SCHNELL ZU VERWENDEN\u3011 Denken Sie daran, die fl\u00fcssige Eyeliner-R\u00f6hre vor der Verwendung gut zu sch\u00fctteln und bei der Verwendung nat\u00fcrlichen Eyeliner entlang der Augenpartie zu ziehen. Warten Sie, bis die Fl\u00fcssigkeit vollst\u00e4ndig getrocknet ist, bevor Sie die magnetischen Wimpern anbringen. Anpassungen k\u00f6nnen vorgenommen werden.<br \/>\n\ud83c\udf89\u3010HANDGEFERTIGTE MATERIALIEN SIND EXQUISIT UND BEQUEM\u3011 Magnetische k\u00fcnstliche wimpern bestehen aus rein handgemachtem Kunstfaserhaar und der Eyeliner besteht aus magnetischer fl\u00fcssigkeit, die in direkten Kontakt mit der Haut kommen kann. Verabschieden Sie sich von traditionellen Wimpern und machen Sie Ihr Leben komfortabler und farbenfroher.<br \/>\n\ud83c\udf89\u3010HOCHWERTIGER AFTER-SALES-SERVICE\u3011 Nach Erhalt unseres magnetische wimpern set k\u00f6nnen Kunden bei Problemen mit dem Produkt gerne E-Mails senden, um mit uns zu kommunizieren, und wir werden unser Bestes geben, um die aufgetretenen Probleme zu l\u00f6sen.<br \/>\n<div class=\"main-cross-sell\" data-asin=\"B09H6ZLZWG\">\n\n\t<div class=\"WooZone-cross-sell-loader\">\n\t\t<div>\n\t\t\t<div id=\"floatingBarsG\">\n\t\t\t\t<div class=\"blockG\" id=\"rotateG_01\"><\/div>\n\t\t\t\t<div class=\"blockG\" id=\"rotateG_02\"><\/div>\n\t\t\t\t<div class=\"blockG\" id=\"rotateG_03\"><\/div>\n\t\t\t\t<div class=\"blockG\" id=\"rotateG_04\"><\/div>\n\t\t\t\t<div class=\"blockG\" id=\"rotateG_05\"><\/div>\n\t\t\t\t<div class=\"blockG\" id=\"rotateG_06\"><\/div>\n\t\t\t\t<div class=\"blockG\" id=\"rotateG_07\"><\/div>\n\t\t\t\t<div class=\"blockG\" id=\"rotateG_08\"><\/div>\n\t\t\t<\/div>\n\t\t\t<div class=\"WooZone-cross-sell-loader-text\"><\/div>\n\t\t<\/div>\n\t<\/div>\n\n\t\t\n<\/div>\n<div style=\"clear:both;\"><\/div><\/p>\n","protected":false},"excerpt":{"rendered":"<p>\ud83c\udf89\u30105 PAARE MAGNETISCHE FALSCHE WIMPERN\u3011 Enth\u00e4lt 5 verschiedene arten magnetischer falscher wimpern. Falsche Wimpern sind nat\u00fcrlich, leicht, weich und \u00fcbertrieben, geeignet f\u00fcr Party, Arbeit, Einkaufen und andere Anl\u00e4sse. Gehen Sie jederzeit f\u00fcr Sie von einem Anlass zum anderen. Es enth\u00e4lt auch 2 magnetische Eyeliner und einen Applikator. Schaffen Sie ein perfektes Einkaufserlebnis f\u00fcr Sie.<br \/>\n\ud83c\udf89\u3010LANGLEBIGE, WASSERDICHTE UND WIEDERVERWENDBARE MAGNETISCHE WIMPERN SCHWARZ\u3011 Jede magnetische falsche Wimper hat 5 kleine magnetische, die sich an die magnetischen Komponenten des fl\u00fcssigen Eyeliners anpassen k\u00f6nnen. Es hat eine ausgezeichnete Wasserbest\u00e4ndigkeit und f\u00e4llt den ganzen Tag nicht ab, was jeden Moment Ihres Lebens aufregender macht. H\u00f6ren Sie auf, Klebstoff zu verwenden, um Ihr Leben angenehmer zu machen. Ordentlich, kann mehrmals verwendet werden.<br \/>\n\ud83c\udf89\u3010BEQUEM UND SCHNELL ZU VERWENDEN\u3011 Denken Sie daran, die fl\u00fcssige Eyeliner-R\u00f6hre vor der Verwendung gut zu sch\u00fctteln und bei der Verwendung nat\u00fcrlichen Eyeliner entlang der Augenpartie zu ziehen. Warten Sie, bis die Fl\u00fcssigkeit vollst\u00e4ndig getrocknet ist, bevor Sie die magnetischen Wimpern anbringen. Anpassungen k\u00f6nnen vorgenommen werden.<\/p>\n","protected":false},"featured_media":110032,"comment_status":"open","ping_status":"closed","template":"","meta":[],"product_brand":[],"product_cat":[2858,7726],"product_tag":[],"class_list":{"0":"post-110031","1":"product","2":"type-product","3":"status-publish","4":"has-post-thumbnail","6":"product_cat-beauty","7":"product_cat-zubehoer-beauty","8":"pa_brand-viciley","9":"pa_manufacturer-viciley","10":"pa_size-5-paar-1er-pack","12":"first","13":"instock","14":"shipping-taxable","15":"purchasable","16":"product-type-simple","17":"customify-col","18":"product-has-gallery"},"yoast_head":"<!-- This site is optimized with the Yoast SEO plugin v27.4 - https:\/\/yoast.com\/product\/yoast-seo-wordpress\/ -->\n<title>VICILEY Magnetische Wimpern 3D, 5 Paar Wimpern Magnetisch Nat\u00fcrlich mit Schwarz Eyeliner Magnetisch, Magnetic Falsche\u2026 - Markt-XXL<\/title>\n<meta name=\"description\" content=\"Markt-XXL VICILEY Magnetische Wimpern 3D, 5 Paar Wimpern Magnetisch Nat\u00fcrlich mit Schwarz Eyeliner Magnetisch, Magnetic Falsche\u2026\" \/>\n<meta name=\"robots\" content=\"index, follow, max-snippet:-1, max-image-preview:large, max-video-preview:-1\" \/>\n<link rel=\"canonical\" href=\"https:\/\/marktxxl.de\/markt\/produkt\/viciley-magnetische-wimpern-3d-5-paar-wimpern-magnetisch-natuerlich-mit-schwarz-eyeliner-magnetisch-magnetic-falsche-wimpern-set-mit-pinzette-klebefrei-wiederverwendbar-wasserdicht\/\" \/>\n<meta property=\"og:locale\" content=\"de_DE\" \/>\n<meta property=\"og:type\" content=\"article\" \/>\n<meta property=\"og:title\" content=\"VICILEY Magnetische Wimpern 3D, 5 Paar Wimpern Magnetisch Nat\u00fcrlich mit Schwarz Eyeliner Magnetisch, Magnetic Falsche\u2026 - Markt-XXL\" \/>\n<meta property=\"og:description\" content=\"Markt-XXL VICILEY Magnetische Wimpern 3D, 5 Paar Wimpern Magnetisch Nat\u00fcrlich mit Schwarz Eyeliner Magnetisch, Magnetic Falsche\u2026\" \/>\n<meta property=\"og:url\" content=\"https:\/\/marktxxl.de\/markt\/produkt\/viciley-magnetische-wimpern-3d-5-paar-wimpern-magnetisch-natuerlich-mit-schwarz-eyeliner-magnetisch-magnetic-falsche-wimpern-set-mit-pinzette-klebefrei-wiederverwendbar-wasserdicht\/\" \/>\n<meta property=\"og:site_name\" content=\"Markt-XXL\" \/>\n<meta property=\"article:modified_time\" content=\"2023-04-09T01:10:28+00:00\" \/>\n<meta property=\"og:image\" content=\"https:\/\/m.media-amazon.com\/images\/I\/41MB4ia35VL._SL500_.jpg\" \/>\n\t<meta property=\"og:image:width\" content=\"500\" \/>\n\t<meta property=\"og:image:height\" content=\"500\" \/>\n\t<meta property=\"og:image:type\" content=\"image\/jpeg\" \/>\n<meta name=\"twitter:card\" content=\"summary_large_image\" \/>\n<meta name=\"twitter:label1\" content=\"Gesch\u00e4tzte Lesezeit\" \/>\n\t<meta name=\"twitter:data1\" content=\"1\u00a0Minute\" \/>\n<script type=\"application\/ld+json\" class=\"yoast-schema-graph\">{\"@context\":\"https:\\\/\\\/schema.org\",\"@graph\":[{\"@type\":\"WebPage\",\"@id\":\"https:\\\/\\\/marktxxl.de\\\/markt\\\/produkt\\\/viciley-magnetische-wimpern-3d-5-paar-wimpern-magnetisch-natuerlich-mit-schwarz-eyeliner-magnetisch-magnetic-falsche-wimpern-set-mit-pinzette-klebefrei-wiederverwendbar-wasserdicht\\\/\",\"url\":\"https:\\\/\\\/marktxxl.de\\\/markt\\\/produkt\\\/viciley-magnetische-wimpern-3d-5-paar-wimpern-magnetisch-natuerlich-mit-schwarz-eyeliner-magnetisch-magnetic-falsche-wimpern-set-mit-pinzette-klebefrei-wiederverwendbar-wasserdicht\\\/\",\"name\":\"VICILEY Magnetische Wimpern 3D, 5 Paar Wimpern Magnetisch Nat\u00fcrlich mit Schwarz Eyeliner Magnetisch, Magnetic Falsche\u2026 - Markt-XXL\",\"isPartOf\":{\"@id\":\"https:\\\/\\\/marktxxl.de\\\/markt\\\/#website\"},\"primaryImageOfPage\":{\"@id\":\"https:\\\/\\\/marktxxl.de\\\/markt\\\/produkt\\\/viciley-magnetische-wimpern-3d-5-paar-wimpern-magnetisch-natuerlich-mit-schwarz-eyeliner-magnetisch-magnetic-falsche-wimpern-set-mit-pinzette-klebefrei-wiederverwendbar-wasserdicht\\\/#primaryimage\"},\"image\":{\"@id\":\"https:\\\/\\\/marktxxl.de\\\/markt\\\/produkt\\\/viciley-magnetische-wimpern-3d-5-paar-wimpern-magnetisch-natuerlich-mit-schwarz-eyeliner-magnetisch-magnetic-falsche-wimpern-set-mit-pinzette-klebefrei-wiederverwendbar-wasserdicht\\\/#primaryimage\"},\"thumbnailUrl\":\"https:\\\/\\\/m.media-amazon.com\\\/images\\\/I\\\/41MB4ia35VL._SL500_.jpg\",\"datePublished\":\"2022-02-26T19:48:38+00:00\",\"dateModified\":\"2023-04-09T01:10:28+00:00\",\"description\":\"Markt-XXL VICILEY Magnetische Wimpern 3D, 5 Paar Wimpern Magnetisch Nat\u00fcrlich mit Schwarz Eyeliner Magnetisch, Magnetic Falsche\u2026\",\"breadcrumb\":{\"@id\":\"https:\\\/\\\/marktxxl.de\\\/markt\\\/produkt\\\/viciley-magnetische-wimpern-3d-5-paar-wimpern-magnetisch-natuerlich-mit-schwarz-eyeliner-magnetisch-magnetic-falsche-wimpern-set-mit-pinzette-klebefrei-wiederverwendbar-wasserdicht\\\/#breadcrumb\"},\"inLanguage\":\"de\",\"potentialAction\":[{\"@type\":\"ReadAction\",\"target\":[\"https:\\\/\\\/marktxxl.de\\\/markt\\\/produkt\\\/viciley-magnetische-wimpern-3d-5-paar-wimpern-magnetisch-natuerlich-mit-schwarz-eyeliner-magnetisch-magnetic-falsche-wimpern-set-mit-pinzette-klebefrei-wiederverwendbar-wasserdicht\\\/\"]}]},{\"@type\":\"ImageObject\",\"inLanguage\":\"de\",\"@id\":\"https:\\\/\\\/marktxxl.de\\\/markt\\\/produkt\\\/viciley-magnetische-wimpern-3d-5-paar-wimpern-magnetisch-natuerlich-mit-schwarz-eyeliner-magnetisch-magnetic-falsche-wimpern-set-mit-pinzette-klebefrei-wiederverwendbar-wasserdicht\\\/#primaryimage\",\"url\":\"https:\\\/\\\/m.media-amazon.com\\\/images\\\/I\\\/41MB4ia35VL._SL500_.jpg\",\"contentUrl\":\"https:\\\/\\\/m.media-amazon.com\\\/images\\\/I\\\/41MB4ia35VL._SL500_.jpg\",\"width\":500,\"height\":500},{\"@type\":\"BreadcrumbList\",\"@id\":\"https:\\\/\\\/marktxxl.de\\\/markt\\\/produkt\\\/viciley-magnetische-wimpern-3d-5-paar-wimpern-magnetisch-natuerlich-mit-schwarz-eyeliner-magnetisch-magnetic-falsche-wimpern-set-mit-pinzette-klebefrei-wiederverwendbar-wasserdicht\\\/#breadcrumb\",\"itemListElement\":[{\"@type\":\"ListItem\",\"position\":1,\"name\":\"Startseite\",\"item\":\"https:\\\/\\\/marktxxl.de\\\/markt\\\/\"},{\"@type\":\"ListItem\",\"position\":2,\"name\":\"Markt\",\"item\":\"https:\\\/\\\/marktxxl.de\\\/markt\\\/\"},{\"@type\":\"ListItem\",\"position\":3,\"name\":\"VICILEY Magnetische Wimpern 3D, 5 Paar Wimpern Magnetisch Nat\u00fcrlich mit Schwarz Eyeliner Magnetisch, Magnetic Falsche\u2026\"}]},{\"@type\":\"WebSite\",\"@id\":\"https:\\\/\\\/marktxxl.de\\\/markt\\\/#website\",\"url\":\"https:\\\/\\\/marktxxl.de\\\/markt\\\/\",\"name\":\"Markt-XXL\",\"description\":\"Ihr Markt Online\",\"publisher\":{\"@id\":\"https:\\\/\\\/marktxxl.de\\\/markt\\\/#organization\"},\"potentialAction\":[{\"@type\":\"SearchAction\",\"target\":{\"@type\":\"EntryPoint\",\"urlTemplate\":\"https:\\\/\\\/marktxxl.de\\\/markt\\\/?s={search_term_string}\"},\"query-input\":{\"@type\":\"PropertyValueSpecification\",\"valueRequired\":true,\"valueName\":\"search_term_string\"}}],\"inLanguage\":\"de\"},{\"@type\":\"Organization\",\"@id\":\"https:\\\/\\\/marktxxl.de\\\/markt\\\/#organization\",\"name\":\"Markt-XXL\",\"url\":\"https:\\\/\\\/marktxxl.de\\\/markt\\\/\",\"logo\":{\"@type\":\"ImageObject\",\"inLanguage\":\"de\",\"@id\":\"https:\\\/\\\/marktxxl.de\\\/markt\\\/#\\\/schema\\\/logo\\\/image\\\/\",\"url\":\"https:\\\/\\\/marktxxl.de\\\/markt\\\/wp-content\\\/uploads\\\/sites\\\/3\\\/2020\\\/12\\\/logo.png\",\"contentUrl\":\"https:\\\/\\\/marktxxl.de\\\/markt\\\/wp-content\\\/uploads\\\/sites\\\/3\\\/2020\\\/12\\\/logo.png\",\"width\":200,\"height\":70,\"caption\":\"Markt-XXL\"},\"image\":{\"@id\":\"https:\\\/\\\/marktxxl.de\\\/markt\\\/#\\\/schema\\\/logo\\\/image\\\/\"}}]}<\/script>\n<!-- \/ Yoast SEO plugin. -->","yoast_head_json":{"title":"VICILEY Magnetische Wimpern 3D, 5 Paar Wimpern Magnetisch Nat\u00fcrlich mit Schwarz Eyeliner Magnetisch, Magnetic Falsche\u2026 - Markt-XXL","description":"Markt-XXL VICILEY Magnetische Wimpern 3D, 5 Paar Wimpern Magnetisch Nat\u00fcrlich mit Schwarz Eyeliner Magnetisch, Magnetic Falsche\u2026","robots":{"index":"index","follow":"follow","max-snippet":"max-snippet:-1","max-image-preview":"max-image-preview:large","max-video-preview":"max-video-preview:-1"},"canonical":"https:\/\/marktxxl.de\/markt\/produkt\/viciley-magnetische-wimpern-3d-5-paar-wimpern-magnetisch-natuerlich-mit-schwarz-eyeliner-magnetisch-magnetic-falsche-wimpern-set-mit-pinzette-klebefrei-wiederverwendbar-wasserdicht\/","og_locale":"de_DE","og_type":"article","og_title":"VICILEY Magnetische Wimpern 3D, 5 Paar Wimpern Magnetisch Nat\u00fcrlich mit Schwarz Eyeliner Magnetisch, Magnetic Falsche\u2026 - Markt-XXL","og_description":"Markt-XXL VICILEY Magnetische Wimpern 3D, 5 Paar Wimpern Magnetisch Nat\u00fcrlich mit Schwarz Eyeliner Magnetisch, Magnetic Falsche\u2026","og_url":"https:\/\/marktxxl.de\/markt\/produkt\/viciley-magnetische-wimpern-3d-5-paar-wimpern-magnetisch-natuerlich-mit-schwarz-eyeliner-magnetisch-magnetic-falsche-wimpern-set-mit-pinzette-klebefrei-wiederverwendbar-wasserdicht\/","og_site_name":"Markt-XXL","article_modified_time":"2023-04-09T01:10:28+00:00","og_image":[{"width":500,"height":500,"url":"https:\/\/m.media-amazon.com\/images\/I\/41MB4ia35VL._SL500_.jpg","type":"image\/jpeg"}],"twitter_card":"summary_large_image","twitter_misc":{"Gesch\u00e4tzte Lesezeit":"1\u00a0Minute"},"schema":{"@context":"https:\/\/schema.org","@graph":[{"@type":"WebPage","@id":"https:\/\/marktxxl.de\/markt\/produkt\/viciley-magnetische-wimpern-3d-5-paar-wimpern-magnetisch-natuerlich-mit-schwarz-eyeliner-magnetisch-magnetic-falsche-wimpern-set-mit-pinzette-klebefrei-wiederverwendbar-wasserdicht\/","url":"https:\/\/marktxxl.de\/markt\/produkt\/viciley-magnetische-wimpern-3d-5-paar-wimpern-magnetisch-natuerlich-mit-schwarz-eyeliner-magnetisch-magnetic-falsche-wimpern-set-mit-pinzette-klebefrei-wiederverwendbar-wasserdicht\/","name":"VICILEY Magnetische Wimpern 3D, 5 Paar Wimpern Magnetisch Nat\u00fcrlich mit Schwarz Eyeliner Magnetisch, Magnetic Falsche\u2026 - Markt-XXL","isPartOf":{"@id":"https:\/\/marktxxl.de\/markt\/#website"},"primaryImageOfPage":{"@id":"https:\/\/marktxxl.de\/markt\/produkt\/viciley-magnetische-wimpern-3d-5-paar-wimpern-magnetisch-natuerlich-mit-schwarz-eyeliner-magnetisch-magnetic-falsche-wimpern-set-mit-pinzette-klebefrei-wiederverwendbar-wasserdicht\/#primaryimage"},"image":{"@id":"https:\/\/marktxxl.de\/markt\/produkt\/viciley-magnetische-wimpern-3d-5-paar-wimpern-magnetisch-natuerlich-mit-schwarz-eyeliner-magnetisch-magnetic-falsche-wimpern-set-mit-pinzette-klebefrei-wiederverwendbar-wasserdicht\/#primaryimage"},"thumbnailUrl":"https:\/\/m.media-amazon.com\/images\/I\/41MB4ia35VL._SL500_.jpg","datePublished":"2022-02-26T19:48:38+00:00","dateModified":"2023-04-09T01:10:28+00:00","description":"Markt-XXL VICILEY Magnetische Wimpern 3D, 5 Paar Wimpern Magnetisch Nat\u00fcrlich mit Schwarz Eyeliner Magnetisch, Magnetic Falsche\u2026","breadcrumb":{"@id":"https:\/\/marktxxl.de\/markt\/produkt\/viciley-magnetische-wimpern-3d-5-paar-wimpern-magnetisch-natuerlich-mit-schwarz-eyeliner-magnetisch-magnetic-falsche-wimpern-set-mit-pinzette-klebefrei-wiederverwendbar-wasserdicht\/#breadcrumb"},"inLanguage":"de","potentialAction":[{"@type":"ReadAction","target":["https:\/\/marktxxl.de\/markt\/produkt\/viciley-magnetische-wimpern-3d-5-paar-wimpern-magnetisch-natuerlich-mit-schwarz-eyeliner-magnetisch-magnetic-falsche-wimpern-set-mit-pinzette-klebefrei-wiederverwendbar-wasserdicht\/"]}]},{"@type":"ImageObject","inLanguage":"de","@id":"https:\/\/marktxxl.de\/markt\/produkt\/viciley-magnetische-wimpern-3d-5-paar-wimpern-magnetisch-natuerlich-mit-schwarz-eyeliner-magnetisch-magnetic-falsche-wimpern-set-mit-pinzette-klebefrei-wiederverwendbar-wasserdicht\/#primaryimage","url":"https:\/\/m.media-amazon.com\/images\/I\/41MB4ia35VL._SL500_.jpg","contentUrl":"https:\/\/m.media-amazon.com\/images\/I\/41MB4ia35VL._SL500_.jpg","width":500,"height":500},{"@type":"BreadcrumbList","@id":"https:\/\/marktxxl.de\/markt\/produkt\/viciley-magnetische-wimpern-3d-5-paar-wimpern-magnetisch-natuerlich-mit-schwarz-eyeliner-magnetisch-magnetic-falsche-wimpern-set-mit-pinzette-klebefrei-wiederverwendbar-wasserdicht\/#breadcrumb","itemListElement":[{"@type":"ListItem","position":1,"name":"Startseite","item":"https:\/\/marktxxl.de\/markt\/"},{"@type":"ListItem","position":2,"name":"Markt","item":"https:\/\/marktxxl.de\/markt\/"},{"@type":"ListItem","position":3,"name":"VICILEY Magnetische Wimpern 3D, 5 Paar Wimpern Magnetisch Nat\u00fcrlich mit Schwarz Eyeliner Magnetisch, Magnetic Falsche\u2026"}]},{"@type":"WebSite","@id":"https:\/\/marktxxl.de\/markt\/#website","url":"https:\/\/marktxxl.de\/markt\/","name":"Markt-XXL","description":"Ihr Markt Online","publisher":{"@id":"https:\/\/marktxxl.de\/markt\/#organization"},"potentialAction":[{"@type":"SearchAction","target":{"@type":"EntryPoint","urlTemplate":"https:\/\/marktxxl.de\/markt\/?s={search_term_string}"},"query-input":{"@type":"PropertyValueSpecification","valueRequired":true,"valueName":"search_term_string"}}],"inLanguage":"de"},{"@type":"Organization","@id":"https:\/\/marktxxl.de\/markt\/#organization","name":"Markt-XXL","url":"https:\/\/marktxxl.de\/markt\/","logo":{"@type":"ImageObject","inLanguage":"de","@id":"https:\/\/marktxxl.de\/markt\/#\/schema\/logo\/image\/","url":"https:\/\/marktxxl.de\/markt\/wp-content\/uploads\/sites\/3\/2020\/12\/logo.png","contentUrl":"https:\/\/marktxxl.de\/markt\/wp-content\/uploads\/sites\/3\/2020\/12\/logo.png","width":200,"height":70,"caption":"Markt-XXL"},"image":{"@id":"https:\/\/marktxxl.de\/markt\/#\/schema\/logo\/image\/"}}]}},"_links":{"self":[{"href":"https:\/\/marktxxl.de\/markt\/wp-json\/wp\/v2\/product\/110031","targetHints":{"allow":["GET"]}}],"collection":[{"href":"https:\/\/marktxxl.de\/markt\/wp-json\/wp\/v2\/product"}],"about":[{"href":"https:\/\/marktxxl.de\/markt\/wp-json\/wp\/v2\/types\/product"}],"replies":[{"embeddable":true,"href":"https:\/\/marktxxl.de\/markt\/wp-json\/wp\/v2\/comments?post=110031"}],"wp:featuredmedia":[{"embeddable":true,"href":"https:\/\/marktxxl.de\/markt\/wp-json\/wp\/v2\/media\/110032"}],"wp:attachment":[{"href":"https:\/\/marktxxl.de\/markt\/wp-json\/wp\/v2\/media?parent=110031"}],"wp:term":[{"taxonomy":"product_brand","embeddable":true,"href":"https:\/\/marktxxl.de\/markt\/wp-json\/wp\/v2\/product_brand?post=110031"},{"taxonomy":"product_cat","embeddable":true,"href":"https:\/\/marktxxl.de\/markt\/wp-json\/wp\/v2\/product_cat?post=110031"},{"taxonomy":"product_tag","embeddable":true,"href":"https:\/\/marktxxl.de\/markt\/wp-json\/wp\/v2\/product_tag?post=110031"}],"curies":[{"name":"wp","href":"https:\/\/api.w.org\/{rel}","templated":true}]}}