{"id":110015,"date":"2022-02-26T20:48:25","date_gmt":"2022-02-26T19:48:25","guid":{"rendered":"https:\/\/marktxxl.de\/markt\/produkt\/100-paar-wimpernverlaengerung-pads-wimpernpads-eye-gel-patches-augenpads-fusselfrei-einzelne-wimpern-pads-fuer-wimpernverlaengerung-augengelpads-ohne-gel\/"},"modified":"2023-04-09T03:10:28","modified_gmt":"2023-04-09T01:10:28","slug":"100-paar-wimpernverlaengerung-pads-wimpernpads-eye-gel-patches-augenpads-fusselfrei-einzelne-wimpern-pads-fuer-wimpernverlaengerung-augengelpads-ohne-gel","status":"publish","type":"product","link":"https:\/\/marktxxl.de\/markt\/produkt\/100-paar-wimpernverlaengerung-pads-wimpernpads-eye-gel-patches-augenpads-fusselfrei-einzelne-wimpern-pads-fuer-wimpernverlaengerung-augengelpads-ohne-gel\/","title":{"rendered":"100 Paar Wimpernverl\u00e4ngerung Pads Wimpernpads Eye Gel Patches Augenpads Fusselfrei Einzelne Wimpern Pads f\u00fcr\u2026"},"content":{"rendered":"<p>\u2765Fusselfreie Augenpads &#8211; Mit glatter Vorder- und R\u00fcckseite aus Kollagen ist das Augenpadset der ideale Typ f\u00fcr Profis, die die Wimpernverl\u00e4ngerung verwenden. Damit Ihre Arbeit schneller und sauberer wird, ist es ein perfekter Typ, der alle Wimpern unter der Haut abdeckt.<br \/>\n\u2765Professionelle Augenpads: Kann zur Wimpernverl\u00e4ngerung, f\u00fcr Gesichtsbehandlungen, Wimpernumh\u00fcllungen, zum F\u00e4rben von Wimpern oder nur zur Verringerung von Augenringe und Augenschwellungen verwendet werden.<br \/>\n\u2765Atmungsaktiv und angenehm zu tragen: Die Augenklappen werden w\u00e4hrend der Wimpernverl\u00e4ngerung verwendet, um das Wohlbefinden des Kunden zu verbessern. Diese Augenklappen regen das Kollagen der Haut an, um die Haut unter dem Auge w\u00e4hrend der Wimpernverl\u00e4ngerung aufzuhellen.<br \/>\n\u2765Einfache Anwendung: Speziell gebogen f\u00fcr die meisten Augen. Sie haben eine spezielle Oberfl\u00e4che, die verhindert, dass sie sich w\u00e4hrend des Auftragungsprozesses bewegen.<br \/>\n\u2765Zufriedenheitsgarantie: 100 Paar Augengelpads f\u00fcr professionelle Wimperntechniker. Jedes Paar ist einzeln verpackt, 100% nagelneu mit guter Qualit\u00e4t und wir versprechen volle Zufriedenheit und Geld-zur\u00fcck-Garantie, wenn irgendein Problem auftritt.<br \/>\n<div class=\"main-cross-sell\" data-asin=\"B07W9GP8QW\">\n\n\t<div class=\"WooZone-cross-sell-loader\">\n\t\t<div>\n\t\t\t<div id=\"floatingBarsG\">\n\t\t\t\t<div class=\"blockG\" id=\"rotateG_01\"><\/div>\n\t\t\t\t<div class=\"blockG\" id=\"rotateG_02\"><\/div>\n\t\t\t\t<div class=\"blockG\" id=\"rotateG_03\"><\/div>\n\t\t\t\t<div class=\"blockG\" id=\"rotateG_04\"><\/div>\n\t\t\t\t<div class=\"blockG\" id=\"rotateG_05\"><\/div>\n\t\t\t\t<div class=\"blockG\" id=\"rotateG_06\"><\/div>\n\t\t\t\t<div class=\"blockG\" id=\"rotateG_07\"><\/div>\n\t\t\t\t<div class=\"blockG\" id=\"rotateG_08\"><\/div>\n\t\t\t<\/div>\n\t\t\t<div class=\"WooZone-cross-sell-loader-text\"><\/div>\n\t\t<\/div>\n\t<\/div>\n\n\t\t\n<\/div>\n<div style=\"clear:both;\"><\/div><\/p>\n","protected":false},"excerpt":{"rendered":"<p>\u2765Fusselfreie Augenpads &#8211; Mit glatter Vorder- und R\u00fcckseite aus Kollagen ist das Augenpadset der ideale Typ f\u00fcr Profis, die die Wimpernverl\u00e4ngerung verwenden. Damit Ihre Arbeit schneller und sauberer wird, ist es ein perfekter Typ, der alle Wimpern unter der Haut abdeckt.<br \/>\n\u2765Professionelle Augenpads: Kann zur Wimpernverl\u00e4ngerung, f\u00fcr Gesichtsbehandlungen, Wimpernumh\u00fcllungen, zum F\u00e4rben von Wimpern oder nur zur Verringerung von Augenringe und Augenschwellungen verwendet werden.<br \/>\n\u2765Atmungsaktiv und angenehm zu tragen: Die Augenklappen werden w\u00e4hrend der Wimpernverl\u00e4ngerung verwendet, um das Wohlbefinden des Kunden zu verbessern. Diese Augenklappen regen das Kollagen der Haut an, um die Haut unter dem Auge w\u00e4hrend der Wimpernverl\u00e4ngerung aufzuhellen.<\/p>\n","protected":false},"featured_media":110016,"comment_status":"open","ping_status":"closed","template":"","meta":[],"product_brand":[],"product_cat":[2858,7726],"product_tag":[],"class_list":{"0":"post-110015","1":"product","2":"type-product","3":"status-publish","4":"has-post-thumbnail","6":"product_cat-beauty","7":"product_cat-zubehoer-beauty","8":"pa_brand-transino","9":"pa_manufacturer-transino","10":"pa_model-y1","11":"pa_size-2-stueck-100er-pack","13":"first","14":"instock","15":"shipping-taxable","16":"purchasable","17":"product-type-simple","18":"customify-col","19":"product-has-gallery"},"yoast_head":"<!-- This site is optimized with the Yoast SEO plugin v27.4 - https:\/\/yoast.com\/product\/yoast-seo-wordpress\/ -->\n<title>100 Paar Wimpernverl\u00e4ngerung Pads Wimpernpads Eye Gel Patches Augenpads Fusselfrei Einzelne Wimpern Pads f\u00fcr\u2026 - Markt-XXL<\/title>\n<meta name=\"description\" content=\"Markt-XXL 100 Paar Wimpernverl\u00e4ngerung Pads Wimpernpads Eye Gel Patches Augenpads Fusselfrei Einzelne Wimpern Pads f\u00fcr\u2026\" \/>\n<meta name=\"robots\" content=\"index, follow, max-snippet:-1, max-image-preview:large, max-video-preview:-1\" \/>\n<link rel=\"canonical\" href=\"https:\/\/marktxxl.de\/markt\/produkt\/100-paar-wimpernverlaengerung-pads-wimpernpads-eye-gel-patches-augenpads-fusselfrei-einzelne-wimpern-pads-fuer-wimpernverlaengerung-augengelpads-ohne-gel\/\" \/>\n<meta property=\"og:locale\" content=\"de_DE\" \/>\n<meta property=\"og:type\" content=\"article\" \/>\n<meta property=\"og:title\" content=\"100 Paar Wimpernverl\u00e4ngerung Pads Wimpernpads Eye Gel Patches Augenpads Fusselfrei Einzelne Wimpern Pads f\u00fcr\u2026 - Markt-XXL\" \/>\n<meta property=\"og:description\" content=\"Markt-XXL 100 Paar Wimpernverl\u00e4ngerung Pads Wimpernpads Eye Gel Patches Augenpads Fusselfrei Einzelne Wimpern Pads f\u00fcr\u2026\" \/>\n<meta property=\"og:url\" content=\"https:\/\/marktxxl.de\/markt\/produkt\/100-paar-wimpernverlaengerung-pads-wimpernpads-eye-gel-patches-augenpads-fusselfrei-einzelne-wimpern-pads-fuer-wimpernverlaengerung-augengelpads-ohne-gel\/\" \/>\n<meta property=\"og:site_name\" content=\"Markt-XXL\" \/>\n<meta property=\"article:modified_time\" content=\"2023-04-09T01:10:28+00:00\" \/>\n<meta property=\"og:image\" content=\"https:\/\/m.media-amazon.com\/images\/I\/41yi0K-BjHL._SL500_.jpg\" \/>\n\t<meta property=\"og:image:width\" content=\"500\" \/>\n\t<meta property=\"og:image:height\" content=\"500\" \/>\n\t<meta property=\"og:image:type\" content=\"image\/jpeg\" \/>\n<meta name=\"twitter:card\" content=\"summary_large_image\" \/>\n<meta name=\"twitter:label1\" content=\"Gesch\u00e4tzte Lesezeit\" \/>\n\t<meta name=\"twitter:data1\" content=\"1\u00a0Minute\" \/>\n<script type=\"application\/ld+json\" class=\"yoast-schema-graph\">{\"@context\":\"https:\\\/\\\/schema.org\",\"@graph\":[{\"@type\":\"WebPage\",\"@id\":\"https:\\\/\\\/marktxxl.de\\\/markt\\\/produkt\\\/100-paar-wimpernverlaengerung-pads-wimpernpads-eye-gel-patches-augenpads-fusselfrei-einzelne-wimpern-pads-fuer-wimpernverlaengerung-augengelpads-ohne-gel\\\/\",\"url\":\"https:\\\/\\\/marktxxl.de\\\/markt\\\/produkt\\\/100-paar-wimpernverlaengerung-pads-wimpernpads-eye-gel-patches-augenpads-fusselfrei-einzelne-wimpern-pads-fuer-wimpernverlaengerung-augengelpads-ohne-gel\\\/\",\"name\":\"100 Paar Wimpernverl\u00e4ngerung Pads Wimpernpads Eye Gel Patches Augenpads Fusselfrei Einzelne Wimpern Pads f\u00fcr\u2026 - Markt-XXL\",\"isPartOf\":{\"@id\":\"https:\\\/\\\/marktxxl.de\\\/markt\\\/#website\"},\"primaryImageOfPage\":{\"@id\":\"https:\\\/\\\/marktxxl.de\\\/markt\\\/produkt\\\/100-paar-wimpernverlaengerung-pads-wimpernpads-eye-gel-patches-augenpads-fusselfrei-einzelne-wimpern-pads-fuer-wimpernverlaengerung-augengelpads-ohne-gel\\\/#primaryimage\"},\"image\":{\"@id\":\"https:\\\/\\\/marktxxl.de\\\/markt\\\/produkt\\\/100-paar-wimpernverlaengerung-pads-wimpernpads-eye-gel-patches-augenpads-fusselfrei-einzelne-wimpern-pads-fuer-wimpernverlaengerung-augengelpads-ohne-gel\\\/#primaryimage\"},\"thumbnailUrl\":\"https:\\\/\\\/m.media-amazon.com\\\/images\\\/I\\\/41yi0K-BjHL._SL500_.jpg\",\"datePublished\":\"2022-02-26T19:48:25+00:00\",\"dateModified\":\"2023-04-09T01:10:28+00:00\",\"description\":\"Markt-XXL 100 Paar Wimpernverl\u00e4ngerung Pads Wimpernpads Eye Gel Patches Augenpads Fusselfrei Einzelne Wimpern Pads f\u00fcr\u2026\",\"breadcrumb\":{\"@id\":\"https:\\\/\\\/marktxxl.de\\\/markt\\\/produkt\\\/100-paar-wimpernverlaengerung-pads-wimpernpads-eye-gel-patches-augenpads-fusselfrei-einzelne-wimpern-pads-fuer-wimpernverlaengerung-augengelpads-ohne-gel\\\/#breadcrumb\"},\"inLanguage\":\"de\",\"potentialAction\":[{\"@type\":\"ReadAction\",\"target\":[\"https:\\\/\\\/marktxxl.de\\\/markt\\\/produkt\\\/100-paar-wimpernverlaengerung-pads-wimpernpads-eye-gel-patches-augenpads-fusselfrei-einzelne-wimpern-pads-fuer-wimpernverlaengerung-augengelpads-ohne-gel\\\/\"]}]},{\"@type\":\"ImageObject\",\"inLanguage\":\"de\",\"@id\":\"https:\\\/\\\/marktxxl.de\\\/markt\\\/produkt\\\/100-paar-wimpernverlaengerung-pads-wimpernpads-eye-gel-patches-augenpads-fusselfrei-einzelne-wimpern-pads-fuer-wimpernverlaengerung-augengelpads-ohne-gel\\\/#primaryimage\",\"url\":\"https:\\\/\\\/m.media-amazon.com\\\/images\\\/I\\\/41yi0K-BjHL._SL500_.jpg\",\"contentUrl\":\"https:\\\/\\\/m.media-amazon.com\\\/images\\\/I\\\/41yi0K-BjHL._SL500_.jpg\",\"width\":500,\"height\":500},{\"@type\":\"BreadcrumbList\",\"@id\":\"https:\\\/\\\/marktxxl.de\\\/markt\\\/produkt\\\/100-paar-wimpernverlaengerung-pads-wimpernpads-eye-gel-patches-augenpads-fusselfrei-einzelne-wimpern-pads-fuer-wimpernverlaengerung-augengelpads-ohne-gel\\\/#breadcrumb\",\"itemListElement\":[{\"@type\":\"ListItem\",\"position\":1,\"name\":\"Startseite\",\"item\":\"https:\\\/\\\/marktxxl.de\\\/markt\\\/\"},{\"@type\":\"ListItem\",\"position\":2,\"name\":\"Markt\",\"item\":\"https:\\\/\\\/marktxxl.de\\\/markt\\\/\"},{\"@type\":\"ListItem\",\"position\":3,\"name\":\"100 Paar Wimpernverl\u00e4ngerung Pads Wimpernpads Eye Gel Patches Augenpads Fusselfrei Einzelne Wimpern Pads f\u00fcr\u2026\"}]},{\"@type\":\"WebSite\",\"@id\":\"https:\\\/\\\/marktxxl.de\\\/markt\\\/#website\",\"url\":\"https:\\\/\\\/marktxxl.de\\\/markt\\\/\",\"name\":\"Markt-XXL\",\"description\":\"Ihr Markt Online\",\"publisher\":{\"@id\":\"https:\\\/\\\/marktxxl.de\\\/markt\\\/#organization\"},\"potentialAction\":[{\"@type\":\"SearchAction\",\"target\":{\"@type\":\"EntryPoint\",\"urlTemplate\":\"https:\\\/\\\/marktxxl.de\\\/markt\\\/?s={search_term_string}\"},\"query-input\":{\"@type\":\"PropertyValueSpecification\",\"valueRequired\":true,\"valueName\":\"search_term_string\"}}],\"inLanguage\":\"de\"},{\"@type\":\"Organization\",\"@id\":\"https:\\\/\\\/marktxxl.de\\\/markt\\\/#organization\",\"name\":\"Markt-XXL\",\"url\":\"https:\\\/\\\/marktxxl.de\\\/markt\\\/\",\"logo\":{\"@type\":\"ImageObject\",\"inLanguage\":\"de\",\"@id\":\"https:\\\/\\\/marktxxl.de\\\/markt\\\/#\\\/schema\\\/logo\\\/image\\\/\",\"url\":\"https:\\\/\\\/marktxxl.de\\\/markt\\\/wp-content\\\/uploads\\\/sites\\\/3\\\/2020\\\/12\\\/logo.png\",\"contentUrl\":\"https:\\\/\\\/marktxxl.de\\\/markt\\\/wp-content\\\/uploads\\\/sites\\\/3\\\/2020\\\/12\\\/logo.png\",\"width\":200,\"height\":70,\"caption\":\"Markt-XXL\"},\"image\":{\"@id\":\"https:\\\/\\\/marktxxl.de\\\/markt\\\/#\\\/schema\\\/logo\\\/image\\\/\"}}]}<\/script>\n<!-- \/ Yoast SEO plugin. -->","yoast_head_json":{"title":"100 Paar Wimpernverl\u00e4ngerung Pads Wimpernpads Eye Gel Patches Augenpads Fusselfrei Einzelne Wimpern Pads f\u00fcr\u2026 - Markt-XXL","description":"Markt-XXL 100 Paar Wimpernverl\u00e4ngerung Pads Wimpernpads Eye Gel Patches Augenpads Fusselfrei Einzelne Wimpern Pads f\u00fcr\u2026","robots":{"index":"index","follow":"follow","max-snippet":"max-snippet:-1","max-image-preview":"max-image-preview:large","max-video-preview":"max-video-preview:-1"},"canonical":"https:\/\/marktxxl.de\/markt\/produkt\/100-paar-wimpernverlaengerung-pads-wimpernpads-eye-gel-patches-augenpads-fusselfrei-einzelne-wimpern-pads-fuer-wimpernverlaengerung-augengelpads-ohne-gel\/","og_locale":"de_DE","og_type":"article","og_title":"100 Paar Wimpernverl\u00e4ngerung Pads Wimpernpads Eye Gel Patches Augenpads Fusselfrei Einzelne Wimpern Pads f\u00fcr\u2026 - Markt-XXL","og_description":"Markt-XXL 100 Paar Wimpernverl\u00e4ngerung Pads Wimpernpads Eye Gel Patches Augenpads Fusselfrei Einzelne Wimpern Pads f\u00fcr\u2026","og_url":"https:\/\/marktxxl.de\/markt\/produkt\/100-paar-wimpernverlaengerung-pads-wimpernpads-eye-gel-patches-augenpads-fusselfrei-einzelne-wimpern-pads-fuer-wimpernverlaengerung-augengelpads-ohne-gel\/","og_site_name":"Markt-XXL","article_modified_time":"2023-04-09T01:10:28+00:00","og_image":[{"width":500,"height":500,"url":"https:\/\/m.media-amazon.com\/images\/I\/41yi0K-BjHL._SL500_.jpg","type":"image\/jpeg"}],"twitter_card":"summary_large_image","twitter_misc":{"Gesch\u00e4tzte Lesezeit":"1\u00a0Minute"},"schema":{"@context":"https:\/\/schema.org","@graph":[{"@type":"WebPage","@id":"https:\/\/marktxxl.de\/markt\/produkt\/100-paar-wimpernverlaengerung-pads-wimpernpads-eye-gel-patches-augenpads-fusselfrei-einzelne-wimpern-pads-fuer-wimpernverlaengerung-augengelpads-ohne-gel\/","url":"https:\/\/marktxxl.de\/markt\/produkt\/100-paar-wimpernverlaengerung-pads-wimpernpads-eye-gel-patches-augenpads-fusselfrei-einzelne-wimpern-pads-fuer-wimpernverlaengerung-augengelpads-ohne-gel\/","name":"100 Paar Wimpernverl\u00e4ngerung Pads Wimpernpads Eye Gel Patches Augenpads Fusselfrei Einzelne Wimpern Pads f\u00fcr\u2026 - Markt-XXL","isPartOf":{"@id":"https:\/\/marktxxl.de\/markt\/#website"},"primaryImageOfPage":{"@id":"https:\/\/marktxxl.de\/markt\/produkt\/100-paar-wimpernverlaengerung-pads-wimpernpads-eye-gel-patches-augenpads-fusselfrei-einzelne-wimpern-pads-fuer-wimpernverlaengerung-augengelpads-ohne-gel\/#primaryimage"},"image":{"@id":"https:\/\/marktxxl.de\/markt\/produkt\/100-paar-wimpernverlaengerung-pads-wimpernpads-eye-gel-patches-augenpads-fusselfrei-einzelne-wimpern-pads-fuer-wimpernverlaengerung-augengelpads-ohne-gel\/#primaryimage"},"thumbnailUrl":"https:\/\/m.media-amazon.com\/images\/I\/41yi0K-BjHL._SL500_.jpg","datePublished":"2022-02-26T19:48:25+00:00","dateModified":"2023-04-09T01:10:28+00:00","description":"Markt-XXL 100 Paar Wimpernverl\u00e4ngerung Pads Wimpernpads Eye Gel Patches Augenpads Fusselfrei Einzelne Wimpern Pads f\u00fcr\u2026","breadcrumb":{"@id":"https:\/\/marktxxl.de\/markt\/produkt\/100-paar-wimpernverlaengerung-pads-wimpernpads-eye-gel-patches-augenpads-fusselfrei-einzelne-wimpern-pads-fuer-wimpernverlaengerung-augengelpads-ohne-gel\/#breadcrumb"},"inLanguage":"de","potentialAction":[{"@type":"ReadAction","target":["https:\/\/marktxxl.de\/markt\/produkt\/100-paar-wimpernverlaengerung-pads-wimpernpads-eye-gel-patches-augenpads-fusselfrei-einzelne-wimpern-pads-fuer-wimpernverlaengerung-augengelpads-ohne-gel\/"]}]},{"@type":"ImageObject","inLanguage":"de","@id":"https:\/\/marktxxl.de\/markt\/produkt\/100-paar-wimpernverlaengerung-pads-wimpernpads-eye-gel-patches-augenpads-fusselfrei-einzelne-wimpern-pads-fuer-wimpernverlaengerung-augengelpads-ohne-gel\/#primaryimage","url":"https:\/\/m.media-amazon.com\/images\/I\/41yi0K-BjHL._SL500_.jpg","contentUrl":"https:\/\/m.media-amazon.com\/images\/I\/41yi0K-BjHL._SL500_.jpg","width":500,"height":500},{"@type":"BreadcrumbList","@id":"https:\/\/marktxxl.de\/markt\/produkt\/100-paar-wimpernverlaengerung-pads-wimpernpads-eye-gel-patches-augenpads-fusselfrei-einzelne-wimpern-pads-fuer-wimpernverlaengerung-augengelpads-ohne-gel\/#breadcrumb","itemListElement":[{"@type":"ListItem","position":1,"name":"Startseite","item":"https:\/\/marktxxl.de\/markt\/"},{"@type":"ListItem","position":2,"name":"Markt","item":"https:\/\/marktxxl.de\/markt\/"},{"@type":"ListItem","position":3,"name":"100 Paar Wimpernverl\u00e4ngerung Pads Wimpernpads Eye Gel Patches Augenpads Fusselfrei Einzelne Wimpern Pads f\u00fcr\u2026"}]},{"@type":"WebSite","@id":"https:\/\/marktxxl.de\/markt\/#website","url":"https:\/\/marktxxl.de\/markt\/","name":"Markt-XXL","description":"Ihr Markt Online","publisher":{"@id":"https:\/\/marktxxl.de\/markt\/#organization"},"potentialAction":[{"@type":"SearchAction","target":{"@type":"EntryPoint","urlTemplate":"https:\/\/marktxxl.de\/markt\/?s={search_term_string}"},"query-input":{"@type":"PropertyValueSpecification","valueRequired":true,"valueName":"search_term_string"}}],"inLanguage":"de"},{"@type":"Organization","@id":"https:\/\/marktxxl.de\/markt\/#organization","name":"Markt-XXL","url":"https:\/\/marktxxl.de\/markt\/","logo":{"@type":"ImageObject","inLanguage":"de","@id":"https:\/\/marktxxl.de\/markt\/#\/schema\/logo\/image\/","url":"https:\/\/marktxxl.de\/markt\/wp-content\/uploads\/sites\/3\/2020\/12\/logo.png","contentUrl":"https:\/\/marktxxl.de\/markt\/wp-content\/uploads\/sites\/3\/2020\/12\/logo.png","width":200,"height":70,"caption":"Markt-XXL"},"image":{"@id":"https:\/\/marktxxl.de\/markt\/#\/schema\/logo\/image\/"}}]}},"_links":{"self":[{"href":"https:\/\/marktxxl.de\/markt\/wp-json\/wp\/v2\/product\/110015","targetHints":{"allow":["GET"]}}],"collection":[{"href":"https:\/\/marktxxl.de\/markt\/wp-json\/wp\/v2\/product"}],"about":[{"href":"https:\/\/marktxxl.de\/markt\/wp-json\/wp\/v2\/types\/product"}],"replies":[{"embeddable":true,"href":"https:\/\/marktxxl.de\/markt\/wp-json\/wp\/v2\/comments?post=110015"}],"wp:featuredmedia":[{"embeddable":true,"href":"https:\/\/marktxxl.de\/markt\/wp-json\/wp\/v2\/media\/110016"}],"wp:attachment":[{"href":"https:\/\/marktxxl.de\/markt\/wp-json\/wp\/v2\/media?parent=110015"}],"wp:term":[{"taxonomy":"product_brand","embeddable":true,"href":"https:\/\/marktxxl.de\/markt\/wp-json\/wp\/v2\/product_brand?post=110015"},{"taxonomy":"product_cat","embeddable":true,"href":"https:\/\/marktxxl.de\/markt\/wp-json\/wp\/v2\/product_cat?post=110015"},{"taxonomy":"product_tag","embeddable":true,"href":"https:\/\/marktxxl.de\/markt\/wp-json\/wp\/v2\/product_tag?post=110015"}],"curies":[{"name":"wp","href":"https:\/\/api.w.org\/{rel}","templated":true}]}}