{"id":110007,"date":"2022-02-26T20:48:19","date_gmt":"2022-02-26T19:48:19","guid":{"rendered":"https:\/\/marktxxl.de\/markt\/produkt\/professionelles-edelstahl-pinzetten-set-praezisions-pinzetten-set-zum-entfernen-von-eingewachsenen-haaren-und-wimpernverlaengerung-zupfpinzette-mit-lederetui-fuer-geschenke-4-teilig\/"},"modified":"2023-04-09T03:10:28","modified_gmt":"2023-04-09T01:10:28","slug":"professionelles-edelstahl-pinzetten-set-praezisions-pinzetten-set-zum-entfernen-von-eingewachsenen-haaren-und-wimpernverlaengerung-zupfpinzette-mit-lederetui-fuer-geschenke-4-teilig","status":"publish","type":"product","link":"https:\/\/marktxxl.de\/markt\/produkt\/professionelles-edelstahl-pinzetten-set-praezisions-pinzetten-set-zum-entfernen-von-eingewachsenen-haaren-und-wimpernverlaengerung-zupfpinzette-mit-lederetui-fuer-geschenke-4-teilig\/","title":{"rendered":"Pinzetten Set, 4 St\u00fcck Professionelle Edelstahl Pr\u00e4zisionspinzette Set Gesichtshaarentfernung Hochwertige Pinzette f\u00fcr\u2026"},"content":{"rendered":"<p>[Multifunktion]: 4-in-1-Set, geeignet zum Auszupfen ungest\u00f6rter Augenbrauen, eingewachsener Haare und Fragmente. Unsere Pr\u00e4zisions-Augenbrauenpinzette hat einen perfekten Winkel, starken Griff und beste Kontrolle. Wird verwendet, um Augenbrauen zu trimmen, Wimpern zu verl\u00e4ngern, Gesichtshaare zu entfernen und B\u00e4rte zu zupfen. Kann auch f\u00fcr Handwerk, Schmuckherstellung, Elektronik, Laborarbeiten usw. verwendet werden.<br \/>\n[Hohe Qualit\u00e4t]: Flache, geneigte, Fixpunkt-, Schr\u00e4gpunktpinzetten, perfekte und klassische Pinzetten k\u00f6nnen Ihre verschiedenen Anforderungen erf\u00fcllen. Aus hochwertigem Edelstahl. Sie sind waschbar und best\u00e4ndig gegen Rissbildung, Lochfra\u00df und Rost.<br \/>\n[Gutes Design]: Das schlanke und stilvolle Design der Pinzette bietet einen festen Griff, sodass Sie die Haare mit extrem hoher Pr\u00e4zision zupfen k\u00f6nnen, ohne die Haut zu besch\u00e4digen.<br \/>\n[Exquisite Ledertasche]: Jede Pinzette hat eine separate Tasche, um sie sauber zu halten und nicht leicht zu verlieren. Au\u00dferdem ist sie mit einer Silikonspitze zum Schutz der Pinzette ausgestattet.<br \/>\n[Perfektes Geschenk]: Das Pinzetten-Set eignet sich sehr gut als exquisites Geschenk f\u00fcr Freunde, Liebhaber und Familie.<br \/>\n<div class=\"main-cross-sell\" data-asin=\"B08TQMVDY7\">\n\n\t<div class=\"WooZone-cross-sell-loader\">\n\t\t<div>\n\t\t\t<div id=\"floatingBarsG\">\n\t\t\t\t<div class=\"blockG\" id=\"rotateG_01\"><\/div>\n\t\t\t\t<div class=\"blockG\" id=\"rotateG_02\"><\/div>\n\t\t\t\t<div class=\"blockG\" id=\"rotateG_03\"><\/div>\n\t\t\t\t<div class=\"blockG\" id=\"rotateG_04\"><\/div>\n\t\t\t\t<div class=\"blockG\" id=\"rotateG_05\"><\/div>\n\t\t\t\t<div class=\"blockG\" id=\"rotateG_06\"><\/div>\n\t\t\t\t<div class=\"blockG\" id=\"rotateG_07\"><\/div>\n\t\t\t\t<div class=\"blockG\" id=\"rotateG_08\"><\/div>\n\t\t\t<\/div>\n\t\t\t<div class=\"WooZone-cross-sell-loader-text\"><\/div>\n\t\t<\/div>\n\t<\/div>\n\n\t\t\n<\/div>\n<div style=\"clear:both;\"><\/div><\/p>\n","protected":false},"excerpt":{"rendered":"<p>[Multifunktion]: 4-in-1-Set, geeignet zum Auszupfen ungest\u00f6rter Augenbrauen, eingewachsener Haare und Fragmente. Unsere Pr\u00e4zisions-Augenbrauenpinzette hat einen perfekten Winkel, starken Griff und beste Kontrolle. Wird verwendet, um Augenbrauen zu trimmen, Wimpern zu verl\u00e4ngern, Gesichtshaare zu entfernen und B\u00e4rte zu zupfen. Kann auch f\u00fcr Handwerk, Schmuckherstellung, Elektronik, Laborarbeiten usw. verwendet werden.<br \/>\n[Hohe Qualit\u00e4t]: Flache, geneigte, Fixpunkt-, Schr\u00e4gpunktpinzetten, perfekte und klassische Pinzetten k\u00f6nnen Ihre verschiedenen Anforderungen erf\u00fcllen. Aus hochwertigem Edelstahl. Sie sind waschbar und best\u00e4ndig gegen Rissbildung, Lochfra\u00df und Rost.<br \/>\n[Gutes Design]: Das schlanke und stilvolle Design der Pinzette bietet einen festen Griff, sodass Sie die Haare mit extrem hoher Pr\u00e4zision zupfen k\u00f6nnen, ohne die Haut zu besch\u00e4digen.<\/p>\n","protected":false},"featured_media":110008,"comment_status":"open","ping_status":"closed","template":"","meta":[],"product_brand":[],"product_cat":[2858,7726],"product_tag":[],"class_list":{"0":"post-110007","1":"product","2":"type-product","3":"status-publish","4":"has-post-thumbnail","6":"product_cat-beauty","7":"product_cat-zubehoer-beauty","8":"pa_brand-shzdmh","9":"pa_manufacturer-juxiankeji","10":"pa_size-4-count-pack-of-1","12":"first","13":"instock","14":"shipping-taxable","15":"purchasable","16":"product-type-simple","17":"customify-col","18":"product-has-gallery"},"yoast_head":"<!-- This site is optimized with the Yoast SEO plugin v27.4 - https:\/\/yoast.com\/product\/yoast-seo-wordpress\/ -->\n<title>Pinzetten Set, 4 St\u00fcck Professionelle Edelstahl Pr\u00e4zisionspinzette Set Gesichtshaarentfernung Hochwertige Pinzette f\u00fcr\u2026 - Markt-XXL<\/title>\n<meta name=\"description\" content=\"Markt-XXL Pinzetten Set, 4 St\u00fcck Professionelle Edelstahl Pr\u00e4zisionspinzette Set Gesichtshaarentfernung Hochwertige Pinzette f\u00fcr\u2026\" \/>\n<meta name=\"robots\" content=\"index, follow, max-snippet:-1, max-image-preview:large, max-video-preview:-1\" \/>\n<link rel=\"canonical\" href=\"https:\/\/marktxxl.de\/markt\/produkt\/professionelles-edelstahl-pinzetten-set-praezisions-pinzetten-set-zum-entfernen-von-eingewachsenen-haaren-und-wimpernverlaengerung-zupfpinzette-mit-lederetui-fuer-geschenke-4-teilig\/\" \/>\n<meta property=\"og:locale\" content=\"de_DE\" \/>\n<meta property=\"og:type\" content=\"article\" \/>\n<meta property=\"og:title\" content=\"Pinzetten Set, 4 St\u00fcck Professionelle Edelstahl Pr\u00e4zisionspinzette Set Gesichtshaarentfernung Hochwertige Pinzette f\u00fcr\u2026 - Markt-XXL\" \/>\n<meta property=\"og:description\" content=\"Markt-XXL Pinzetten Set, 4 St\u00fcck Professionelle Edelstahl Pr\u00e4zisionspinzette Set Gesichtshaarentfernung Hochwertige Pinzette f\u00fcr\u2026\" \/>\n<meta property=\"og:url\" content=\"https:\/\/marktxxl.de\/markt\/produkt\/professionelles-edelstahl-pinzetten-set-praezisions-pinzetten-set-zum-entfernen-von-eingewachsenen-haaren-und-wimpernverlaengerung-zupfpinzette-mit-lederetui-fuer-geschenke-4-teilig\/\" \/>\n<meta property=\"og:site_name\" content=\"Markt-XXL\" \/>\n<meta property=\"article:modified_time\" content=\"2023-04-09T01:10:28+00:00\" \/>\n<meta property=\"og:image\" content=\"https:\/\/m.media-amazon.com\/images\/I\/419sJVphepL._SL500_.jpg\" \/>\n\t<meta property=\"og:image:width\" content=\"500\" \/>\n\t<meta property=\"og:image:height\" content=\"500\" \/>\n\t<meta property=\"og:image:type\" content=\"image\/jpeg\" \/>\n<meta name=\"twitter:card\" content=\"summary_large_image\" \/>\n<meta name=\"twitter:label1\" content=\"Gesch\u00e4tzte Lesezeit\" \/>\n\t<meta name=\"twitter:data1\" content=\"1\u00a0Minute\" \/>\n<script type=\"application\/ld+json\" class=\"yoast-schema-graph\">{\"@context\":\"https:\\\/\\\/schema.org\",\"@graph\":[{\"@type\":\"WebPage\",\"@id\":\"https:\\\/\\\/marktxxl.de\\\/markt\\\/produkt\\\/professionelles-edelstahl-pinzetten-set-praezisions-pinzetten-set-zum-entfernen-von-eingewachsenen-haaren-und-wimpernverlaengerung-zupfpinzette-mit-lederetui-fuer-geschenke-4-teilig\\\/\",\"url\":\"https:\\\/\\\/marktxxl.de\\\/markt\\\/produkt\\\/professionelles-edelstahl-pinzetten-set-praezisions-pinzetten-set-zum-entfernen-von-eingewachsenen-haaren-und-wimpernverlaengerung-zupfpinzette-mit-lederetui-fuer-geschenke-4-teilig\\\/\",\"name\":\"Pinzetten Set, 4 St\u00fcck Professionelle Edelstahl Pr\u00e4zisionspinzette Set Gesichtshaarentfernung Hochwertige Pinzette f\u00fcr\u2026 - Markt-XXL\",\"isPartOf\":{\"@id\":\"https:\\\/\\\/marktxxl.de\\\/markt\\\/#website\"},\"primaryImageOfPage\":{\"@id\":\"https:\\\/\\\/marktxxl.de\\\/markt\\\/produkt\\\/professionelles-edelstahl-pinzetten-set-praezisions-pinzetten-set-zum-entfernen-von-eingewachsenen-haaren-und-wimpernverlaengerung-zupfpinzette-mit-lederetui-fuer-geschenke-4-teilig\\\/#primaryimage\"},\"image\":{\"@id\":\"https:\\\/\\\/marktxxl.de\\\/markt\\\/produkt\\\/professionelles-edelstahl-pinzetten-set-praezisions-pinzetten-set-zum-entfernen-von-eingewachsenen-haaren-und-wimpernverlaengerung-zupfpinzette-mit-lederetui-fuer-geschenke-4-teilig\\\/#primaryimage\"},\"thumbnailUrl\":\"https:\\\/\\\/m.media-amazon.com\\\/images\\\/I\\\/419sJVphepL._SL500_.jpg\",\"datePublished\":\"2022-02-26T19:48:19+00:00\",\"dateModified\":\"2023-04-09T01:10:28+00:00\",\"description\":\"Markt-XXL Pinzetten Set, 4 St\u00fcck Professionelle Edelstahl Pr\u00e4zisionspinzette Set Gesichtshaarentfernung Hochwertige Pinzette f\u00fcr\u2026\",\"breadcrumb\":{\"@id\":\"https:\\\/\\\/marktxxl.de\\\/markt\\\/produkt\\\/professionelles-edelstahl-pinzetten-set-praezisions-pinzetten-set-zum-entfernen-von-eingewachsenen-haaren-und-wimpernverlaengerung-zupfpinzette-mit-lederetui-fuer-geschenke-4-teilig\\\/#breadcrumb\"},\"inLanguage\":\"de\",\"potentialAction\":[{\"@type\":\"ReadAction\",\"target\":[\"https:\\\/\\\/marktxxl.de\\\/markt\\\/produkt\\\/professionelles-edelstahl-pinzetten-set-praezisions-pinzetten-set-zum-entfernen-von-eingewachsenen-haaren-und-wimpernverlaengerung-zupfpinzette-mit-lederetui-fuer-geschenke-4-teilig\\\/\"]}]},{\"@type\":\"ImageObject\",\"inLanguage\":\"de\",\"@id\":\"https:\\\/\\\/marktxxl.de\\\/markt\\\/produkt\\\/professionelles-edelstahl-pinzetten-set-praezisions-pinzetten-set-zum-entfernen-von-eingewachsenen-haaren-und-wimpernverlaengerung-zupfpinzette-mit-lederetui-fuer-geschenke-4-teilig\\\/#primaryimage\",\"url\":\"https:\\\/\\\/m.media-amazon.com\\\/images\\\/I\\\/419sJVphepL._SL500_.jpg\",\"contentUrl\":\"https:\\\/\\\/m.media-amazon.com\\\/images\\\/I\\\/419sJVphepL._SL500_.jpg\",\"width\":500,\"height\":500},{\"@type\":\"BreadcrumbList\",\"@id\":\"https:\\\/\\\/marktxxl.de\\\/markt\\\/produkt\\\/professionelles-edelstahl-pinzetten-set-praezisions-pinzetten-set-zum-entfernen-von-eingewachsenen-haaren-und-wimpernverlaengerung-zupfpinzette-mit-lederetui-fuer-geschenke-4-teilig\\\/#breadcrumb\",\"itemListElement\":[{\"@type\":\"ListItem\",\"position\":1,\"name\":\"Startseite\",\"item\":\"https:\\\/\\\/marktxxl.de\\\/markt\\\/\"},{\"@type\":\"ListItem\",\"position\":2,\"name\":\"Markt\",\"item\":\"https:\\\/\\\/marktxxl.de\\\/markt\\\/\"},{\"@type\":\"ListItem\",\"position\":3,\"name\":\"Pinzetten Set, 4 St\u00fcck Professionelle Edelstahl Pr\u00e4zisionspinzette Set Gesichtshaarentfernung Hochwertige Pinzette f\u00fcr\u2026\"}]},{\"@type\":\"WebSite\",\"@id\":\"https:\\\/\\\/marktxxl.de\\\/markt\\\/#website\",\"url\":\"https:\\\/\\\/marktxxl.de\\\/markt\\\/\",\"name\":\"Markt-XXL\",\"description\":\"Ihr Markt Online\",\"publisher\":{\"@id\":\"https:\\\/\\\/marktxxl.de\\\/markt\\\/#organization\"},\"potentialAction\":[{\"@type\":\"SearchAction\",\"target\":{\"@type\":\"EntryPoint\",\"urlTemplate\":\"https:\\\/\\\/marktxxl.de\\\/markt\\\/?s={search_term_string}\"},\"query-input\":{\"@type\":\"PropertyValueSpecification\",\"valueRequired\":true,\"valueName\":\"search_term_string\"}}],\"inLanguage\":\"de\"},{\"@type\":\"Organization\",\"@id\":\"https:\\\/\\\/marktxxl.de\\\/markt\\\/#organization\",\"name\":\"Markt-XXL\",\"url\":\"https:\\\/\\\/marktxxl.de\\\/markt\\\/\",\"logo\":{\"@type\":\"ImageObject\",\"inLanguage\":\"de\",\"@id\":\"https:\\\/\\\/marktxxl.de\\\/markt\\\/#\\\/schema\\\/logo\\\/image\\\/\",\"url\":\"https:\\\/\\\/marktxxl.de\\\/markt\\\/wp-content\\\/uploads\\\/sites\\\/3\\\/2020\\\/12\\\/logo.png\",\"contentUrl\":\"https:\\\/\\\/marktxxl.de\\\/markt\\\/wp-content\\\/uploads\\\/sites\\\/3\\\/2020\\\/12\\\/logo.png\",\"width\":200,\"height\":70,\"caption\":\"Markt-XXL\"},\"image\":{\"@id\":\"https:\\\/\\\/marktxxl.de\\\/markt\\\/#\\\/schema\\\/logo\\\/image\\\/\"}}]}<\/script>\n<!-- \/ Yoast SEO plugin. -->","yoast_head_json":{"title":"Pinzetten Set, 4 St\u00fcck Professionelle Edelstahl Pr\u00e4zisionspinzette Set Gesichtshaarentfernung Hochwertige Pinzette f\u00fcr\u2026 - Markt-XXL","description":"Markt-XXL Pinzetten Set, 4 St\u00fcck Professionelle Edelstahl Pr\u00e4zisionspinzette Set Gesichtshaarentfernung Hochwertige Pinzette f\u00fcr\u2026","robots":{"index":"index","follow":"follow","max-snippet":"max-snippet:-1","max-image-preview":"max-image-preview:large","max-video-preview":"max-video-preview:-1"},"canonical":"https:\/\/marktxxl.de\/markt\/produkt\/professionelles-edelstahl-pinzetten-set-praezisions-pinzetten-set-zum-entfernen-von-eingewachsenen-haaren-und-wimpernverlaengerung-zupfpinzette-mit-lederetui-fuer-geschenke-4-teilig\/","og_locale":"de_DE","og_type":"article","og_title":"Pinzetten Set, 4 St\u00fcck Professionelle Edelstahl Pr\u00e4zisionspinzette Set Gesichtshaarentfernung Hochwertige Pinzette f\u00fcr\u2026 - Markt-XXL","og_description":"Markt-XXL Pinzetten Set, 4 St\u00fcck Professionelle Edelstahl Pr\u00e4zisionspinzette Set Gesichtshaarentfernung Hochwertige Pinzette f\u00fcr\u2026","og_url":"https:\/\/marktxxl.de\/markt\/produkt\/professionelles-edelstahl-pinzetten-set-praezisions-pinzetten-set-zum-entfernen-von-eingewachsenen-haaren-und-wimpernverlaengerung-zupfpinzette-mit-lederetui-fuer-geschenke-4-teilig\/","og_site_name":"Markt-XXL","article_modified_time":"2023-04-09T01:10:28+00:00","og_image":[{"width":500,"height":500,"url":"https:\/\/m.media-amazon.com\/images\/I\/419sJVphepL._SL500_.jpg","type":"image\/jpeg"}],"twitter_card":"summary_large_image","twitter_misc":{"Gesch\u00e4tzte Lesezeit":"1\u00a0Minute"},"schema":{"@context":"https:\/\/schema.org","@graph":[{"@type":"WebPage","@id":"https:\/\/marktxxl.de\/markt\/produkt\/professionelles-edelstahl-pinzetten-set-praezisions-pinzetten-set-zum-entfernen-von-eingewachsenen-haaren-und-wimpernverlaengerung-zupfpinzette-mit-lederetui-fuer-geschenke-4-teilig\/","url":"https:\/\/marktxxl.de\/markt\/produkt\/professionelles-edelstahl-pinzetten-set-praezisions-pinzetten-set-zum-entfernen-von-eingewachsenen-haaren-und-wimpernverlaengerung-zupfpinzette-mit-lederetui-fuer-geschenke-4-teilig\/","name":"Pinzetten Set, 4 St\u00fcck Professionelle Edelstahl Pr\u00e4zisionspinzette Set Gesichtshaarentfernung Hochwertige Pinzette f\u00fcr\u2026 - Markt-XXL","isPartOf":{"@id":"https:\/\/marktxxl.de\/markt\/#website"},"primaryImageOfPage":{"@id":"https:\/\/marktxxl.de\/markt\/produkt\/professionelles-edelstahl-pinzetten-set-praezisions-pinzetten-set-zum-entfernen-von-eingewachsenen-haaren-und-wimpernverlaengerung-zupfpinzette-mit-lederetui-fuer-geschenke-4-teilig\/#primaryimage"},"image":{"@id":"https:\/\/marktxxl.de\/markt\/produkt\/professionelles-edelstahl-pinzetten-set-praezisions-pinzetten-set-zum-entfernen-von-eingewachsenen-haaren-und-wimpernverlaengerung-zupfpinzette-mit-lederetui-fuer-geschenke-4-teilig\/#primaryimage"},"thumbnailUrl":"https:\/\/m.media-amazon.com\/images\/I\/419sJVphepL._SL500_.jpg","datePublished":"2022-02-26T19:48:19+00:00","dateModified":"2023-04-09T01:10:28+00:00","description":"Markt-XXL Pinzetten Set, 4 St\u00fcck Professionelle Edelstahl Pr\u00e4zisionspinzette Set Gesichtshaarentfernung Hochwertige Pinzette f\u00fcr\u2026","breadcrumb":{"@id":"https:\/\/marktxxl.de\/markt\/produkt\/professionelles-edelstahl-pinzetten-set-praezisions-pinzetten-set-zum-entfernen-von-eingewachsenen-haaren-und-wimpernverlaengerung-zupfpinzette-mit-lederetui-fuer-geschenke-4-teilig\/#breadcrumb"},"inLanguage":"de","potentialAction":[{"@type":"ReadAction","target":["https:\/\/marktxxl.de\/markt\/produkt\/professionelles-edelstahl-pinzetten-set-praezisions-pinzetten-set-zum-entfernen-von-eingewachsenen-haaren-und-wimpernverlaengerung-zupfpinzette-mit-lederetui-fuer-geschenke-4-teilig\/"]}]},{"@type":"ImageObject","inLanguage":"de","@id":"https:\/\/marktxxl.de\/markt\/produkt\/professionelles-edelstahl-pinzetten-set-praezisions-pinzetten-set-zum-entfernen-von-eingewachsenen-haaren-und-wimpernverlaengerung-zupfpinzette-mit-lederetui-fuer-geschenke-4-teilig\/#primaryimage","url":"https:\/\/m.media-amazon.com\/images\/I\/419sJVphepL._SL500_.jpg","contentUrl":"https:\/\/m.media-amazon.com\/images\/I\/419sJVphepL._SL500_.jpg","width":500,"height":500},{"@type":"BreadcrumbList","@id":"https:\/\/marktxxl.de\/markt\/produkt\/professionelles-edelstahl-pinzetten-set-praezisions-pinzetten-set-zum-entfernen-von-eingewachsenen-haaren-und-wimpernverlaengerung-zupfpinzette-mit-lederetui-fuer-geschenke-4-teilig\/#breadcrumb","itemListElement":[{"@type":"ListItem","position":1,"name":"Startseite","item":"https:\/\/marktxxl.de\/markt\/"},{"@type":"ListItem","position":2,"name":"Markt","item":"https:\/\/marktxxl.de\/markt\/"},{"@type":"ListItem","position":3,"name":"Pinzetten Set, 4 St\u00fcck Professionelle Edelstahl Pr\u00e4zisionspinzette Set Gesichtshaarentfernung Hochwertige Pinzette f\u00fcr\u2026"}]},{"@type":"WebSite","@id":"https:\/\/marktxxl.de\/markt\/#website","url":"https:\/\/marktxxl.de\/markt\/","name":"Markt-XXL","description":"Ihr Markt Online","publisher":{"@id":"https:\/\/marktxxl.de\/markt\/#organization"},"potentialAction":[{"@type":"SearchAction","target":{"@type":"EntryPoint","urlTemplate":"https:\/\/marktxxl.de\/markt\/?s={search_term_string}"},"query-input":{"@type":"PropertyValueSpecification","valueRequired":true,"valueName":"search_term_string"}}],"inLanguage":"de"},{"@type":"Organization","@id":"https:\/\/marktxxl.de\/markt\/#organization","name":"Markt-XXL","url":"https:\/\/marktxxl.de\/markt\/","logo":{"@type":"ImageObject","inLanguage":"de","@id":"https:\/\/marktxxl.de\/markt\/#\/schema\/logo\/image\/","url":"https:\/\/marktxxl.de\/markt\/wp-content\/uploads\/sites\/3\/2020\/12\/logo.png","contentUrl":"https:\/\/marktxxl.de\/markt\/wp-content\/uploads\/sites\/3\/2020\/12\/logo.png","width":200,"height":70,"caption":"Markt-XXL"},"image":{"@id":"https:\/\/marktxxl.de\/markt\/#\/schema\/logo\/image\/"}}]}},"_links":{"self":[{"href":"https:\/\/marktxxl.de\/markt\/wp-json\/wp\/v2\/product\/110007","targetHints":{"allow":["GET"]}}],"collection":[{"href":"https:\/\/marktxxl.de\/markt\/wp-json\/wp\/v2\/product"}],"about":[{"href":"https:\/\/marktxxl.de\/markt\/wp-json\/wp\/v2\/types\/product"}],"replies":[{"embeddable":true,"href":"https:\/\/marktxxl.de\/markt\/wp-json\/wp\/v2\/comments?post=110007"}],"wp:featuredmedia":[{"embeddable":true,"href":"https:\/\/marktxxl.de\/markt\/wp-json\/wp\/v2\/media\/110008"}],"wp:attachment":[{"href":"https:\/\/marktxxl.de\/markt\/wp-json\/wp\/v2\/media?parent=110007"}],"wp:term":[{"taxonomy":"product_brand","embeddable":true,"href":"https:\/\/marktxxl.de\/markt\/wp-json\/wp\/v2\/product_brand?post=110007"},{"taxonomy":"product_cat","embeddable":true,"href":"https:\/\/marktxxl.de\/markt\/wp-json\/wp\/v2\/product_cat?post=110007"},{"taxonomy":"product_tag","embeddable":true,"href":"https:\/\/marktxxl.de\/markt\/wp-json\/wp\/v2\/product_tag?post=110007"}],"curies":[{"name":"wp","href":"https:\/\/api.w.org\/{rel}","templated":true}]}}