{"id":109990,"date":"2022-02-26T20:46:19","date_gmt":"2022-02-26T19:46:19","guid":{"rendered":"https:\/\/marktxxl.de\/markt\/produkt\/augenmanufaktur-wimpernkleber-mit-pinsel-5-ml-zum-kleben-der-wimpern-beim-wimpernlifting\/"},"modified":"2023-04-09T03:10:27","modified_gmt":"2023-04-09T01:10:27","slug":"augenmanufaktur-wimpernkleber-mit-pinsel-5-ml-zum-kleben-der-wimpern-beim-wimpernlifting","status":"publish","type":"product","link":"https:\/\/marktxxl.de\/markt\/produkt\/augenmanufaktur-wimpernkleber-mit-pinsel-5-ml-zum-kleben-der-wimpern-beim-wimpernlifting\/","title":{"rendered":"Augenmanufaktur Wimpernkleber inkl. Pinsel &#8211; Vegan und tierversuchsfrei zum Kleben der Wimpern beim Wimpernlifting"},"content":{"rendered":"<p>Neues Design, selber Inhalt! Der Augenmanufaktur Lashlifting Kleber mit integriertem Pinsel eignet sich ideal zum pr\u00e4zisen Fixieren der Wimpern an den Siliconpads w\u00e4hrend einer professionellen Lashlifting Anwendung<br \/>\nDank hochwertiger Rezeptur l\u00e4sst sich der Lash Glue gleichm\u00e4\u00dfig verteilen und trocknet transparent. Nach der Anwendung ist der Profi Wimpern-Kleber einfach mit Wasser von den Pads zu l\u00f6sen<br \/>\nSolange der Kleber eine feuchte oder nasse Konsistenz hat, lassen sich die Wimpern beim Lifting korrigieren. Falls der Kleber zu fr\u00fch trocknet, kannst du die Stelle zur Korrektur erneut befeuchten<br \/>\nDurch das Befestigen der Wimpern an den Silicon-Pads lassen sich die H\u00e4rchen anschlie\u00dfend mit unseren Profi Wimpernlifting Lotionen in Form bringen. Der feste Halt erm\u00f6glicht dir genaues Liften<br \/>\nDer vegane und frei von Tierversuchen entwickelte Kleber ist nach dem ersten \u00d6ffnen mindestens 3 Monate haltbar bei trockener, sonnengesch\u00fctzter und k\u00fchler Lagerung<br \/>\n<div class=\"main-cross-sell\" data-asin=\"B07W6GHWQF\">\n\n\t<div class=\"WooZone-cross-sell-loader\">\n\t\t<div>\n\t\t\t<div id=\"floatingBarsG\">\n\t\t\t\t<div class=\"blockG\" id=\"rotateG_01\"><\/div>\n\t\t\t\t<div class=\"blockG\" id=\"rotateG_02\"><\/div>\n\t\t\t\t<div class=\"blockG\" id=\"rotateG_03\"><\/div>\n\t\t\t\t<div class=\"blockG\" id=\"rotateG_04\"><\/div>\n\t\t\t\t<div class=\"blockG\" id=\"rotateG_05\"><\/div>\n\t\t\t\t<div class=\"blockG\" id=\"rotateG_06\"><\/div>\n\t\t\t\t<div class=\"blockG\" id=\"rotateG_07\"><\/div>\n\t\t\t\t<div class=\"blockG\" id=\"rotateG_08\"><\/div>\n\t\t\t<\/div>\n\t\t\t<div class=\"WooZone-cross-sell-loader-text\"><\/div>\n\t\t<\/div>\n\t<\/div>\n\n\t\t\n<\/div>\n<div style=\"clear:both;\"><\/div><\/p>\n","protected":false},"excerpt":{"rendered":"<p>Neues Design, selber Inhalt! Der Augenmanufaktur Lashlifting Kleber mit integriertem Pinsel eignet sich ideal zum pr\u00e4zisen Fixieren der Wimpern an den Siliconpads w\u00e4hrend einer professionellen Lashlifting Anwendung<br \/>\nDank hochwertiger Rezeptur l\u00e4sst sich der Lash Glue gleichm\u00e4\u00dfig verteilen und trocknet transparent. Nach der Anwendung ist der Profi Wimpern-Kleber einfach mit Wasser von den Pads zu l\u00f6sen<br \/>\nSolange der Kleber eine feuchte oder nasse Konsistenz hat, lassen sich die Wimpern beim Lifting korrigieren. Falls der Kleber zu fr\u00fch trocknet, kannst du die Stelle zur Korrektur erneut befeuchten<\/p>\n","protected":false},"featured_media":109991,"comment_status":"open","ping_status":"closed","template":"","meta":[],"product_brand":[],"product_cat":[2858,7726],"product_tag":[],"class_list":{"0":"post-109990","1":"product","2":"type-product","3":"status-publish","4":"has-post-thumbnail","6":"product_cat-beauty","7":"product_cat-zubehoer-beauty","8":"pa_brand-augenmanufaktur","9":"pa_color-durchsichtig","10":"pa_height-0-5511811018-zoll","11":"pa_length-3-3858267682-zoll","12":"pa_manufacturer-augenmanufaktur","13":"pa_size-5-ml-1er-pack","14":"pa_width-0-5511811018-zoll","16":"first","17":"instock","18":"shipping-taxable","19":"purchasable","20":"product-type-simple","21":"customify-col","22":"product-has-gallery"},"yoast_head":"<!-- This site is optimized with the Yoast SEO plugin v27.3 - https:\/\/yoast.com\/product\/yoast-seo-wordpress\/ -->\n<title>Augenmanufaktur Wimpernkleber inkl. Pinsel - Vegan und tierversuchsfrei zum Kleben der Wimpern beim Wimpernlifting - Markt-XXL<\/title>\n<meta name=\"description\" content=\"Markt-XXL Augenmanufaktur Wimpernkleber inkl. Pinsel - Vegan und tierversuchsfrei zum Kleben der Wimpern beim Wimpernlifting\" \/>\n<meta name=\"robots\" content=\"index, follow, max-snippet:-1, max-image-preview:large, max-video-preview:-1\" \/>\n<link rel=\"canonical\" href=\"https:\/\/marktxxl.de\/markt\/produkt\/augenmanufaktur-wimpernkleber-mit-pinsel-5-ml-zum-kleben-der-wimpern-beim-wimpernlifting\/\" \/>\n<meta property=\"og:locale\" content=\"de_DE\" \/>\n<meta property=\"og:type\" content=\"article\" \/>\n<meta property=\"og:title\" content=\"Augenmanufaktur Wimpernkleber inkl. Pinsel - Vegan und tierversuchsfrei zum Kleben der Wimpern beim Wimpernlifting - Markt-XXL\" \/>\n<meta property=\"og:description\" content=\"Markt-XXL Augenmanufaktur Wimpernkleber inkl. Pinsel - Vegan und tierversuchsfrei zum Kleben der Wimpern beim Wimpernlifting\" \/>\n<meta property=\"og:url\" content=\"https:\/\/marktxxl.de\/markt\/produkt\/augenmanufaktur-wimpernkleber-mit-pinsel-5-ml-zum-kleben-der-wimpern-beim-wimpernlifting\/\" \/>\n<meta property=\"og:site_name\" content=\"Markt-XXL\" \/>\n<meta property=\"article:modified_time\" content=\"2023-04-09T01:10:27+00:00\" \/>\n<meta property=\"og:image\" content=\"https:\/\/m.media-amazon.com\/images\/I\/31HlWWLu6YS._SL500_.jpg\" \/>\n\t<meta property=\"og:image:width\" content=\"500\" \/>\n\t<meta property=\"og:image:height\" content=\"500\" \/>\n\t<meta property=\"og:image:type\" content=\"image\/jpeg\" \/>\n<meta name=\"twitter:card\" content=\"summary_large_image\" \/>\n<meta name=\"twitter:label1\" content=\"Gesch\u00e4tzte Lesezeit\" \/>\n\t<meta name=\"twitter:data1\" content=\"1\u00a0Minute\" \/>\n<script type=\"application\/ld+json\" class=\"yoast-schema-graph\">{\"@context\":\"https:\\\/\\\/schema.org\",\"@graph\":[{\"@type\":\"WebPage\",\"@id\":\"https:\\\/\\\/marktxxl.de\\\/markt\\\/produkt\\\/augenmanufaktur-wimpernkleber-mit-pinsel-5-ml-zum-kleben-der-wimpern-beim-wimpernlifting\\\/\",\"url\":\"https:\\\/\\\/marktxxl.de\\\/markt\\\/produkt\\\/augenmanufaktur-wimpernkleber-mit-pinsel-5-ml-zum-kleben-der-wimpern-beim-wimpernlifting\\\/\",\"name\":\"Augenmanufaktur Wimpernkleber inkl. Pinsel - Vegan und tierversuchsfrei zum Kleben der Wimpern beim Wimpernlifting - Markt-XXL\",\"isPartOf\":{\"@id\":\"https:\\\/\\\/marktxxl.de\\\/markt\\\/#website\"},\"primaryImageOfPage\":{\"@id\":\"https:\\\/\\\/marktxxl.de\\\/markt\\\/produkt\\\/augenmanufaktur-wimpernkleber-mit-pinsel-5-ml-zum-kleben-der-wimpern-beim-wimpernlifting\\\/#primaryimage\"},\"image\":{\"@id\":\"https:\\\/\\\/marktxxl.de\\\/markt\\\/produkt\\\/augenmanufaktur-wimpernkleber-mit-pinsel-5-ml-zum-kleben-der-wimpern-beim-wimpernlifting\\\/#primaryimage\"},\"thumbnailUrl\":\"https:\\\/\\\/m.media-amazon.com\\\/images\\\/I\\\/31HlWWLu6YS._SL500_.jpg\",\"datePublished\":\"2022-02-26T19:46:19+00:00\",\"dateModified\":\"2023-04-09T01:10:27+00:00\",\"description\":\"Markt-XXL Augenmanufaktur Wimpernkleber inkl. Pinsel - Vegan und tierversuchsfrei zum Kleben der Wimpern beim Wimpernlifting\",\"breadcrumb\":{\"@id\":\"https:\\\/\\\/marktxxl.de\\\/markt\\\/produkt\\\/augenmanufaktur-wimpernkleber-mit-pinsel-5-ml-zum-kleben-der-wimpern-beim-wimpernlifting\\\/#breadcrumb\"},\"inLanguage\":\"de\",\"potentialAction\":[{\"@type\":\"ReadAction\",\"target\":[\"https:\\\/\\\/marktxxl.de\\\/markt\\\/produkt\\\/augenmanufaktur-wimpernkleber-mit-pinsel-5-ml-zum-kleben-der-wimpern-beim-wimpernlifting\\\/\"]}]},{\"@type\":\"ImageObject\",\"inLanguage\":\"de\",\"@id\":\"https:\\\/\\\/marktxxl.de\\\/markt\\\/produkt\\\/augenmanufaktur-wimpernkleber-mit-pinsel-5-ml-zum-kleben-der-wimpern-beim-wimpernlifting\\\/#primaryimage\",\"url\":\"https:\\\/\\\/m.media-amazon.com\\\/images\\\/I\\\/31HlWWLu6YS._SL500_.jpg\",\"contentUrl\":\"https:\\\/\\\/m.media-amazon.com\\\/images\\\/I\\\/31HlWWLu6YS._SL500_.jpg\",\"width\":500,\"height\":500},{\"@type\":\"BreadcrumbList\",\"@id\":\"https:\\\/\\\/marktxxl.de\\\/markt\\\/produkt\\\/augenmanufaktur-wimpernkleber-mit-pinsel-5-ml-zum-kleben-der-wimpern-beim-wimpernlifting\\\/#breadcrumb\",\"itemListElement\":[{\"@type\":\"ListItem\",\"position\":1,\"name\":\"Startseite\",\"item\":\"https:\\\/\\\/marktxxl.de\\\/markt\\\/\"},{\"@type\":\"ListItem\",\"position\":2,\"name\":\"Markt\",\"item\":\"https:\\\/\\\/marktxxl.de\\\/markt\\\/\"},{\"@type\":\"ListItem\",\"position\":3,\"name\":\"Augenmanufaktur Wimpernkleber inkl. Pinsel &#8211; Vegan und tierversuchsfrei zum Kleben der Wimpern beim Wimpernlifting\"}]},{\"@type\":\"WebSite\",\"@id\":\"https:\\\/\\\/marktxxl.de\\\/markt\\\/#website\",\"url\":\"https:\\\/\\\/marktxxl.de\\\/markt\\\/\",\"name\":\"Markt-XXL\",\"description\":\"Ihr Markt Online\",\"publisher\":{\"@id\":\"https:\\\/\\\/marktxxl.de\\\/markt\\\/#organization\"},\"potentialAction\":[{\"@type\":\"SearchAction\",\"target\":{\"@type\":\"EntryPoint\",\"urlTemplate\":\"https:\\\/\\\/marktxxl.de\\\/markt\\\/?s={search_term_string}\"},\"query-input\":{\"@type\":\"PropertyValueSpecification\",\"valueRequired\":true,\"valueName\":\"search_term_string\"}}],\"inLanguage\":\"de\"},{\"@type\":\"Organization\",\"@id\":\"https:\\\/\\\/marktxxl.de\\\/markt\\\/#organization\",\"name\":\"Markt-XXL\",\"url\":\"https:\\\/\\\/marktxxl.de\\\/markt\\\/\",\"logo\":{\"@type\":\"ImageObject\",\"inLanguage\":\"de\",\"@id\":\"https:\\\/\\\/marktxxl.de\\\/markt\\\/#\\\/schema\\\/logo\\\/image\\\/\",\"url\":\"https:\\\/\\\/marktxxl.de\\\/markt\\\/wp-content\\\/uploads\\\/sites\\\/3\\\/2020\\\/12\\\/logo.png\",\"contentUrl\":\"https:\\\/\\\/marktxxl.de\\\/markt\\\/wp-content\\\/uploads\\\/sites\\\/3\\\/2020\\\/12\\\/logo.png\",\"width\":200,\"height\":70,\"caption\":\"Markt-XXL\"},\"image\":{\"@id\":\"https:\\\/\\\/marktxxl.de\\\/markt\\\/#\\\/schema\\\/logo\\\/image\\\/\"}}]}<\/script>\n<!-- \/ Yoast SEO plugin. -->","yoast_head_json":{"title":"Augenmanufaktur Wimpernkleber inkl. Pinsel - Vegan und tierversuchsfrei zum Kleben der Wimpern beim Wimpernlifting - Markt-XXL","description":"Markt-XXL Augenmanufaktur Wimpernkleber inkl. Pinsel - Vegan und tierversuchsfrei zum Kleben der Wimpern beim Wimpernlifting","robots":{"index":"index","follow":"follow","max-snippet":"max-snippet:-1","max-image-preview":"max-image-preview:large","max-video-preview":"max-video-preview:-1"},"canonical":"https:\/\/marktxxl.de\/markt\/produkt\/augenmanufaktur-wimpernkleber-mit-pinsel-5-ml-zum-kleben-der-wimpern-beim-wimpernlifting\/","og_locale":"de_DE","og_type":"article","og_title":"Augenmanufaktur Wimpernkleber inkl. Pinsel - Vegan und tierversuchsfrei zum Kleben der Wimpern beim Wimpernlifting - Markt-XXL","og_description":"Markt-XXL Augenmanufaktur Wimpernkleber inkl. Pinsel - Vegan und tierversuchsfrei zum Kleben der Wimpern beim Wimpernlifting","og_url":"https:\/\/marktxxl.de\/markt\/produkt\/augenmanufaktur-wimpernkleber-mit-pinsel-5-ml-zum-kleben-der-wimpern-beim-wimpernlifting\/","og_site_name":"Markt-XXL","article_modified_time":"2023-04-09T01:10:27+00:00","og_image":[{"width":500,"height":500,"url":"https:\/\/m.media-amazon.com\/images\/I\/31HlWWLu6YS._SL500_.jpg","type":"image\/jpeg"}],"twitter_card":"summary_large_image","twitter_misc":{"Gesch\u00e4tzte Lesezeit":"1\u00a0Minute"},"schema":{"@context":"https:\/\/schema.org","@graph":[{"@type":"WebPage","@id":"https:\/\/marktxxl.de\/markt\/produkt\/augenmanufaktur-wimpernkleber-mit-pinsel-5-ml-zum-kleben-der-wimpern-beim-wimpernlifting\/","url":"https:\/\/marktxxl.de\/markt\/produkt\/augenmanufaktur-wimpernkleber-mit-pinsel-5-ml-zum-kleben-der-wimpern-beim-wimpernlifting\/","name":"Augenmanufaktur Wimpernkleber inkl. Pinsel - Vegan und tierversuchsfrei zum Kleben der Wimpern beim Wimpernlifting - Markt-XXL","isPartOf":{"@id":"https:\/\/marktxxl.de\/markt\/#website"},"primaryImageOfPage":{"@id":"https:\/\/marktxxl.de\/markt\/produkt\/augenmanufaktur-wimpernkleber-mit-pinsel-5-ml-zum-kleben-der-wimpern-beim-wimpernlifting\/#primaryimage"},"image":{"@id":"https:\/\/marktxxl.de\/markt\/produkt\/augenmanufaktur-wimpernkleber-mit-pinsel-5-ml-zum-kleben-der-wimpern-beim-wimpernlifting\/#primaryimage"},"thumbnailUrl":"https:\/\/m.media-amazon.com\/images\/I\/31HlWWLu6YS._SL500_.jpg","datePublished":"2022-02-26T19:46:19+00:00","dateModified":"2023-04-09T01:10:27+00:00","description":"Markt-XXL Augenmanufaktur Wimpernkleber inkl. Pinsel - Vegan und tierversuchsfrei zum Kleben der Wimpern beim Wimpernlifting","breadcrumb":{"@id":"https:\/\/marktxxl.de\/markt\/produkt\/augenmanufaktur-wimpernkleber-mit-pinsel-5-ml-zum-kleben-der-wimpern-beim-wimpernlifting\/#breadcrumb"},"inLanguage":"de","potentialAction":[{"@type":"ReadAction","target":["https:\/\/marktxxl.de\/markt\/produkt\/augenmanufaktur-wimpernkleber-mit-pinsel-5-ml-zum-kleben-der-wimpern-beim-wimpernlifting\/"]}]},{"@type":"ImageObject","inLanguage":"de","@id":"https:\/\/marktxxl.de\/markt\/produkt\/augenmanufaktur-wimpernkleber-mit-pinsel-5-ml-zum-kleben-der-wimpern-beim-wimpernlifting\/#primaryimage","url":"https:\/\/m.media-amazon.com\/images\/I\/31HlWWLu6YS._SL500_.jpg","contentUrl":"https:\/\/m.media-amazon.com\/images\/I\/31HlWWLu6YS._SL500_.jpg","width":500,"height":500},{"@type":"BreadcrumbList","@id":"https:\/\/marktxxl.de\/markt\/produkt\/augenmanufaktur-wimpernkleber-mit-pinsel-5-ml-zum-kleben-der-wimpern-beim-wimpernlifting\/#breadcrumb","itemListElement":[{"@type":"ListItem","position":1,"name":"Startseite","item":"https:\/\/marktxxl.de\/markt\/"},{"@type":"ListItem","position":2,"name":"Markt","item":"https:\/\/marktxxl.de\/markt\/"},{"@type":"ListItem","position":3,"name":"Augenmanufaktur Wimpernkleber inkl. Pinsel &#8211; Vegan und tierversuchsfrei zum Kleben der Wimpern beim Wimpernlifting"}]},{"@type":"WebSite","@id":"https:\/\/marktxxl.de\/markt\/#website","url":"https:\/\/marktxxl.de\/markt\/","name":"Markt-XXL","description":"Ihr Markt Online","publisher":{"@id":"https:\/\/marktxxl.de\/markt\/#organization"},"potentialAction":[{"@type":"SearchAction","target":{"@type":"EntryPoint","urlTemplate":"https:\/\/marktxxl.de\/markt\/?s={search_term_string}"},"query-input":{"@type":"PropertyValueSpecification","valueRequired":true,"valueName":"search_term_string"}}],"inLanguage":"de"},{"@type":"Organization","@id":"https:\/\/marktxxl.de\/markt\/#organization","name":"Markt-XXL","url":"https:\/\/marktxxl.de\/markt\/","logo":{"@type":"ImageObject","inLanguage":"de","@id":"https:\/\/marktxxl.de\/markt\/#\/schema\/logo\/image\/","url":"https:\/\/marktxxl.de\/markt\/wp-content\/uploads\/sites\/3\/2020\/12\/logo.png","contentUrl":"https:\/\/marktxxl.de\/markt\/wp-content\/uploads\/sites\/3\/2020\/12\/logo.png","width":200,"height":70,"caption":"Markt-XXL"},"image":{"@id":"https:\/\/marktxxl.de\/markt\/#\/schema\/logo\/image\/"}}]}},"_links":{"self":[{"href":"https:\/\/marktxxl.de\/markt\/wp-json\/wp\/v2\/product\/109990","targetHints":{"allow":["GET"]}}],"collection":[{"href":"https:\/\/marktxxl.de\/markt\/wp-json\/wp\/v2\/product"}],"about":[{"href":"https:\/\/marktxxl.de\/markt\/wp-json\/wp\/v2\/types\/product"}],"replies":[{"embeddable":true,"href":"https:\/\/marktxxl.de\/markt\/wp-json\/wp\/v2\/comments?post=109990"}],"wp:featuredmedia":[{"embeddable":true,"href":"https:\/\/marktxxl.de\/markt\/wp-json\/wp\/v2\/media\/109991"}],"wp:attachment":[{"href":"https:\/\/marktxxl.de\/markt\/wp-json\/wp\/v2\/media?parent=109990"}],"wp:term":[{"taxonomy":"product_brand","embeddable":true,"href":"https:\/\/marktxxl.de\/markt\/wp-json\/wp\/v2\/product_brand?post=109990"},{"taxonomy":"product_cat","embeddable":true,"href":"https:\/\/marktxxl.de\/markt\/wp-json\/wp\/v2\/product_cat?post=109990"},{"taxonomy":"product_tag","embeddable":true,"href":"https:\/\/marktxxl.de\/markt\/wp-json\/wp\/v2\/product_tag?post=109990"}],"curies":[{"name":"wp","href":"https:\/\/api.w.org\/{rel}","templated":true}]}}