{"id":109982,"date":"2022-02-26T20:46:12","date_gmt":"2022-02-26T19:46:12","guid":{"rendered":"https:\/\/marktxxl.de\/markt\/produkt\/eyelash-lift-kit-eyelash-perm-kit-wimpernlifting-set-wimpern-perming-kit-wimpern-curling-professionell-wimpernverlaengerung-kit-lash-lifting-lange-andauernd\/"},"modified":"2023-04-09T03:10:27","modified_gmt":"2023-04-09T01:10:27","slug":"eyelash-lift-kit-eyelash-perm-kit-wimpernlifting-set-wimpern-perming-kit-wimpern-curling-professionell-wimpernverlaengerung-kit-lash-lifting-lange-andauernd","status":"publish","type":"product","link":"https:\/\/marktxxl.de\/markt\/produkt\/eyelash-lift-kit-eyelash-perm-kit-wimpernlifting-set-wimpern-perming-kit-wimpern-curling-professionell-wimpernverlaengerung-kit-lash-lifting-lange-andauernd\/","title":{"rendered":"2023 Version Wimpernlifting Set, Augenbrauen Lifting Set Augenbrauen und Wimpernlifting Set Wimpern Perming Kit Wimpern\u2026"},"content":{"rendered":"<p>[Mehrere Schritte machen atemberaubende Wimpern] &#8211; Das Wimpern Curling Set verf\u00fcgt \u00fcber einfache sequenzielle Etiketten und Gebrauchsanweisungen, mit denen Sie ganz einfach perfekt geschwungene Wimpern erstellen k\u00f6nnen.<br \/>\n[Langanhaltende Wimpernkurve] &#8211; F\u00fchren Sie bis zu 15-fache Wimperndauerwellen durch, diese semi-permanenten Wimpernlocken halten 6-8 Wochen, die Ihren Augen helfen, gr\u00f6\u00dfer, j\u00fcnger und sch\u00f6ner auszusehen. Verleiht Ihnen einen eleganten Glamour f\u00fcr Partys, Hochzeiten und das t\u00e4gliche Make-up.<br \/>\n[\u00dcberlegene Salon-Qualit\u00e4t] &#8211; Unser Wimpernlifting Set wurde speziell mit hochwertigen und nicht reizenden Inhaltsstoffen formuliert, ist hypoallergen und sicher, n\u00e4hrt Ihre nat\u00fcrlichen Wimpern und sorgt daf\u00fcr, dass sie gesund bleiben.<br \/>\n[Einzigartiges Flaschenverschluss] &#8211; Design mit Druckverschluss\u2728 Sie k\u00f6nnen die Menge des verwendeten Wimpern Perming Kit frei steuern und den Kontakt von Kosmetika mit der Au\u00dfenluft minimieren, wodurch der N\u00e4hrstoffverlust und das Wachstum von Bakterien effektiv reduziert werden.<br \/>\n[KUNDENDIENST] &#8211; Bei Fragen und Problemen zu den Extralangen Nagelspitzen k\u00f6nnen Sie sich gerne an uns wenden und wir werden unser Bestes tun, um Sie zufrieden zu stellen.<br \/>\n<div class=\"main-cross-sell\" data-asin=\"B09JFD56XV\">\n\n\t<div class=\"WooZone-cross-sell-loader\">\n\t\t<div>\n\t\t\t<div id=\"floatingBarsG\">\n\t\t\t\t<div class=\"blockG\" id=\"rotateG_01\"><\/div>\n\t\t\t\t<div class=\"blockG\" id=\"rotateG_02\"><\/div>\n\t\t\t\t<div class=\"blockG\" id=\"rotateG_03\"><\/div>\n\t\t\t\t<div class=\"blockG\" id=\"rotateG_04\"><\/div>\n\t\t\t\t<div class=\"blockG\" id=\"rotateG_05\"><\/div>\n\t\t\t\t<div class=\"blockG\" id=\"rotateG_06\"><\/div>\n\t\t\t\t<div class=\"blockG\" id=\"rotateG_07\"><\/div>\n\t\t\t\t<div class=\"blockG\" id=\"rotateG_08\"><\/div>\n\t\t\t<\/div>\n\t\t\t<div class=\"WooZone-cross-sell-loader-text\"><\/div>\n\t\t<\/div>\n\t<\/div>\n\n\t\t\n<\/div>\n<div style=\"clear:both;\"><\/div><\/p>\n","protected":false},"excerpt":{"rendered":"<p>[Mehrere Schritte machen atemberaubende Wimpern] &#8211; Das Wimpern Curling Set verf\u00fcgt \u00fcber einfache sequenzielle Etiketten und Gebrauchsanweisungen, mit denen Sie ganz einfach perfekt geschwungene Wimpern erstellen k\u00f6nnen.<br \/>\n[Langanhaltende Wimpernkurve] &#8211; F\u00fchren Sie bis zu 15-fache Wimperndauerwellen durch, diese semi-permanenten Wimpernlocken halten 6-8 Wochen, die Ihren Augen helfen, gr\u00f6\u00dfer, j\u00fcnger und sch\u00f6ner auszusehen. Verleiht Ihnen einen eleganten Glamour f\u00fcr Partys, Hochzeiten und das t\u00e4gliche Make-up.<br \/>\n[\u00dcberlegene Salon-Qualit\u00e4t] &#8211; Unser Wimpernlifting Set wurde speziell mit hochwertigen und nicht reizenden Inhaltsstoffen formuliert, ist hypoallergen und sicher, n\u00e4hrt Ihre nat\u00fcrlichen Wimpern und sorgt daf\u00fcr, dass sie gesund bleiben.<\/p>\n","protected":false},"featured_media":109983,"comment_status":"open","ping_status":"closed","template":"","meta":[],"product_brand":[],"product_cat":[2858,7726],"product_tag":[],"class_list":{"0":"post-109982","1":"product","2":"type-product","3":"status-publish","4":"has-post-thumbnail","6":"product_cat-beauty","7":"product_cat-zubehoer-beauty","8":"pa_brand-dong-rhyme","9":"pa_height-1-574803148-zoll","10":"pa_length-7-87401574-zoll","11":"pa_manufacturer-dong-rhyme","12":"pa_model-drde-xlk-011-1","13":"pa_size-35-teiliges-set","14":"pa_width-7-87401574-zoll","16":"first","17":"instock","18":"shipping-taxable","19":"purchasable","20":"product-type-simple","21":"customify-col","22":"product-has-gallery"},"yoast_head":"<!-- This site is optimized with the Yoast SEO plugin v27.4 - https:\/\/yoast.com\/product\/yoast-seo-wordpress\/ -->\n<title>2023 Version Wimpernlifting Set, Augenbrauen Lifting Set Augenbrauen und Wimpernlifting Set Wimpern Perming Kit Wimpern\u2026 - Markt-XXL<\/title>\n<meta name=\"description\" content=\"Markt-XXL 2023 Version Wimpernlifting Set, Augenbrauen Lifting Set Augenbrauen und Wimpernlifting Set Wimpern Perming Kit Wimpern\u2026\" \/>\n<meta name=\"robots\" content=\"index, follow, max-snippet:-1, max-image-preview:large, max-video-preview:-1\" \/>\n<link rel=\"canonical\" href=\"https:\/\/marktxxl.de\/markt\/produkt\/eyelash-lift-kit-eyelash-perm-kit-wimpernlifting-set-wimpern-perming-kit-wimpern-curling-professionell-wimpernverlaengerung-kit-lash-lifting-lange-andauernd\/\" \/>\n<meta property=\"og:locale\" content=\"de_DE\" \/>\n<meta property=\"og:type\" content=\"article\" \/>\n<meta property=\"og:title\" content=\"2023 Version Wimpernlifting Set, Augenbrauen Lifting Set Augenbrauen und Wimpernlifting Set Wimpern Perming Kit Wimpern\u2026 - Markt-XXL\" \/>\n<meta property=\"og:description\" content=\"Markt-XXL 2023 Version Wimpernlifting Set, Augenbrauen Lifting Set Augenbrauen und Wimpernlifting Set Wimpern Perming Kit Wimpern\u2026\" \/>\n<meta property=\"og:url\" content=\"https:\/\/marktxxl.de\/markt\/produkt\/eyelash-lift-kit-eyelash-perm-kit-wimpernlifting-set-wimpern-perming-kit-wimpern-curling-professionell-wimpernverlaengerung-kit-lash-lifting-lange-andauernd\/\" \/>\n<meta property=\"og:site_name\" content=\"Markt-XXL\" \/>\n<meta property=\"article:modified_time\" content=\"2023-04-09T01:10:27+00:00\" \/>\n<meta property=\"og:image\" content=\"https:\/\/m.media-amazon.com\/images\/I\/51x0YKln1rL._SL500_.jpg\" \/>\n\t<meta property=\"og:image:width\" content=\"500\" \/>\n\t<meta property=\"og:image:height\" content=\"500\" \/>\n\t<meta property=\"og:image:type\" content=\"image\/jpeg\" \/>\n<meta name=\"twitter:card\" content=\"summary_large_image\" \/>\n<meta name=\"twitter:label1\" content=\"Gesch\u00e4tzte Lesezeit\" \/>\n\t<meta name=\"twitter:data1\" content=\"1\u00a0Minute\" \/>\n<script type=\"application\/ld+json\" class=\"yoast-schema-graph\">{\"@context\":\"https:\\\/\\\/schema.org\",\"@graph\":[{\"@type\":\"WebPage\",\"@id\":\"https:\\\/\\\/marktxxl.de\\\/markt\\\/produkt\\\/eyelash-lift-kit-eyelash-perm-kit-wimpernlifting-set-wimpern-perming-kit-wimpern-curling-professionell-wimpernverlaengerung-kit-lash-lifting-lange-andauernd\\\/\",\"url\":\"https:\\\/\\\/marktxxl.de\\\/markt\\\/produkt\\\/eyelash-lift-kit-eyelash-perm-kit-wimpernlifting-set-wimpern-perming-kit-wimpern-curling-professionell-wimpernverlaengerung-kit-lash-lifting-lange-andauernd\\\/\",\"name\":\"2023 Version Wimpernlifting Set, Augenbrauen Lifting Set Augenbrauen und Wimpernlifting Set Wimpern Perming Kit Wimpern\u2026 - Markt-XXL\",\"isPartOf\":{\"@id\":\"https:\\\/\\\/marktxxl.de\\\/markt\\\/#website\"},\"primaryImageOfPage\":{\"@id\":\"https:\\\/\\\/marktxxl.de\\\/markt\\\/produkt\\\/eyelash-lift-kit-eyelash-perm-kit-wimpernlifting-set-wimpern-perming-kit-wimpern-curling-professionell-wimpernverlaengerung-kit-lash-lifting-lange-andauernd\\\/#primaryimage\"},\"image\":{\"@id\":\"https:\\\/\\\/marktxxl.de\\\/markt\\\/produkt\\\/eyelash-lift-kit-eyelash-perm-kit-wimpernlifting-set-wimpern-perming-kit-wimpern-curling-professionell-wimpernverlaengerung-kit-lash-lifting-lange-andauernd\\\/#primaryimage\"},\"thumbnailUrl\":\"https:\\\/\\\/m.media-amazon.com\\\/images\\\/I\\\/51x0YKln1rL._SL500_.jpg\",\"datePublished\":\"2022-02-26T19:46:12+00:00\",\"dateModified\":\"2023-04-09T01:10:27+00:00\",\"description\":\"Markt-XXL 2023 Version Wimpernlifting Set, Augenbrauen Lifting Set Augenbrauen und Wimpernlifting Set Wimpern Perming Kit Wimpern\u2026\",\"breadcrumb\":{\"@id\":\"https:\\\/\\\/marktxxl.de\\\/markt\\\/produkt\\\/eyelash-lift-kit-eyelash-perm-kit-wimpernlifting-set-wimpern-perming-kit-wimpern-curling-professionell-wimpernverlaengerung-kit-lash-lifting-lange-andauernd\\\/#breadcrumb\"},\"inLanguage\":\"de\",\"potentialAction\":[{\"@type\":\"ReadAction\",\"target\":[\"https:\\\/\\\/marktxxl.de\\\/markt\\\/produkt\\\/eyelash-lift-kit-eyelash-perm-kit-wimpernlifting-set-wimpern-perming-kit-wimpern-curling-professionell-wimpernverlaengerung-kit-lash-lifting-lange-andauernd\\\/\"]}]},{\"@type\":\"ImageObject\",\"inLanguage\":\"de\",\"@id\":\"https:\\\/\\\/marktxxl.de\\\/markt\\\/produkt\\\/eyelash-lift-kit-eyelash-perm-kit-wimpernlifting-set-wimpern-perming-kit-wimpern-curling-professionell-wimpernverlaengerung-kit-lash-lifting-lange-andauernd\\\/#primaryimage\",\"url\":\"https:\\\/\\\/m.media-amazon.com\\\/images\\\/I\\\/51x0YKln1rL._SL500_.jpg\",\"contentUrl\":\"https:\\\/\\\/m.media-amazon.com\\\/images\\\/I\\\/51x0YKln1rL._SL500_.jpg\",\"width\":500,\"height\":500},{\"@type\":\"BreadcrumbList\",\"@id\":\"https:\\\/\\\/marktxxl.de\\\/markt\\\/produkt\\\/eyelash-lift-kit-eyelash-perm-kit-wimpernlifting-set-wimpern-perming-kit-wimpern-curling-professionell-wimpernverlaengerung-kit-lash-lifting-lange-andauernd\\\/#breadcrumb\",\"itemListElement\":[{\"@type\":\"ListItem\",\"position\":1,\"name\":\"Startseite\",\"item\":\"https:\\\/\\\/marktxxl.de\\\/markt\\\/\"},{\"@type\":\"ListItem\",\"position\":2,\"name\":\"Markt\",\"item\":\"https:\\\/\\\/marktxxl.de\\\/markt\\\/\"},{\"@type\":\"ListItem\",\"position\":3,\"name\":\"2023 Version Wimpernlifting Set, Augenbrauen Lifting Set Augenbrauen und Wimpernlifting Set Wimpern Perming Kit Wimpern\u2026\"}]},{\"@type\":\"WebSite\",\"@id\":\"https:\\\/\\\/marktxxl.de\\\/markt\\\/#website\",\"url\":\"https:\\\/\\\/marktxxl.de\\\/markt\\\/\",\"name\":\"Markt-XXL\",\"description\":\"Ihr Markt Online\",\"publisher\":{\"@id\":\"https:\\\/\\\/marktxxl.de\\\/markt\\\/#organization\"},\"potentialAction\":[{\"@type\":\"SearchAction\",\"target\":{\"@type\":\"EntryPoint\",\"urlTemplate\":\"https:\\\/\\\/marktxxl.de\\\/markt\\\/?s={search_term_string}\"},\"query-input\":{\"@type\":\"PropertyValueSpecification\",\"valueRequired\":true,\"valueName\":\"search_term_string\"}}],\"inLanguage\":\"de\"},{\"@type\":\"Organization\",\"@id\":\"https:\\\/\\\/marktxxl.de\\\/markt\\\/#organization\",\"name\":\"Markt-XXL\",\"url\":\"https:\\\/\\\/marktxxl.de\\\/markt\\\/\",\"logo\":{\"@type\":\"ImageObject\",\"inLanguage\":\"de\",\"@id\":\"https:\\\/\\\/marktxxl.de\\\/markt\\\/#\\\/schema\\\/logo\\\/image\\\/\",\"url\":\"https:\\\/\\\/marktxxl.de\\\/markt\\\/wp-content\\\/uploads\\\/sites\\\/3\\\/2020\\\/12\\\/logo.png\",\"contentUrl\":\"https:\\\/\\\/marktxxl.de\\\/markt\\\/wp-content\\\/uploads\\\/sites\\\/3\\\/2020\\\/12\\\/logo.png\",\"width\":200,\"height\":70,\"caption\":\"Markt-XXL\"},\"image\":{\"@id\":\"https:\\\/\\\/marktxxl.de\\\/markt\\\/#\\\/schema\\\/logo\\\/image\\\/\"}}]}<\/script>\n<!-- \/ Yoast SEO plugin. -->","yoast_head_json":{"title":"2023 Version Wimpernlifting Set, Augenbrauen Lifting Set Augenbrauen und Wimpernlifting Set Wimpern Perming Kit Wimpern\u2026 - Markt-XXL","description":"Markt-XXL 2023 Version Wimpernlifting Set, Augenbrauen Lifting Set Augenbrauen und Wimpernlifting Set Wimpern Perming Kit Wimpern\u2026","robots":{"index":"index","follow":"follow","max-snippet":"max-snippet:-1","max-image-preview":"max-image-preview:large","max-video-preview":"max-video-preview:-1"},"canonical":"https:\/\/marktxxl.de\/markt\/produkt\/eyelash-lift-kit-eyelash-perm-kit-wimpernlifting-set-wimpern-perming-kit-wimpern-curling-professionell-wimpernverlaengerung-kit-lash-lifting-lange-andauernd\/","og_locale":"de_DE","og_type":"article","og_title":"2023 Version Wimpernlifting Set, Augenbrauen Lifting Set Augenbrauen und Wimpernlifting Set Wimpern Perming Kit Wimpern\u2026 - Markt-XXL","og_description":"Markt-XXL 2023 Version Wimpernlifting Set, Augenbrauen Lifting Set Augenbrauen und Wimpernlifting Set Wimpern Perming Kit Wimpern\u2026","og_url":"https:\/\/marktxxl.de\/markt\/produkt\/eyelash-lift-kit-eyelash-perm-kit-wimpernlifting-set-wimpern-perming-kit-wimpern-curling-professionell-wimpernverlaengerung-kit-lash-lifting-lange-andauernd\/","og_site_name":"Markt-XXL","article_modified_time":"2023-04-09T01:10:27+00:00","og_image":[{"width":500,"height":500,"url":"https:\/\/m.media-amazon.com\/images\/I\/51x0YKln1rL._SL500_.jpg","type":"image\/jpeg"}],"twitter_card":"summary_large_image","twitter_misc":{"Gesch\u00e4tzte Lesezeit":"1\u00a0Minute"},"schema":{"@context":"https:\/\/schema.org","@graph":[{"@type":"WebPage","@id":"https:\/\/marktxxl.de\/markt\/produkt\/eyelash-lift-kit-eyelash-perm-kit-wimpernlifting-set-wimpern-perming-kit-wimpern-curling-professionell-wimpernverlaengerung-kit-lash-lifting-lange-andauernd\/","url":"https:\/\/marktxxl.de\/markt\/produkt\/eyelash-lift-kit-eyelash-perm-kit-wimpernlifting-set-wimpern-perming-kit-wimpern-curling-professionell-wimpernverlaengerung-kit-lash-lifting-lange-andauernd\/","name":"2023 Version Wimpernlifting Set, Augenbrauen Lifting Set Augenbrauen und Wimpernlifting Set Wimpern Perming Kit Wimpern\u2026 - Markt-XXL","isPartOf":{"@id":"https:\/\/marktxxl.de\/markt\/#website"},"primaryImageOfPage":{"@id":"https:\/\/marktxxl.de\/markt\/produkt\/eyelash-lift-kit-eyelash-perm-kit-wimpernlifting-set-wimpern-perming-kit-wimpern-curling-professionell-wimpernverlaengerung-kit-lash-lifting-lange-andauernd\/#primaryimage"},"image":{"@id":"https:\/\/marktxxl.de\/markt\/produkt\/eyelash-lift-kit-eyelash-perm-kit-wimpernlifting-set-wimpern-perming-kit-wimpern-curling-professionell-wimpernverlaengerung-kit-lash-lifting-lange-andauernd\/#primaryimage"},"thumbnailUrl":"https:\/\/m.media-amazon.com\/images\/I\/51x0YKln1rL._SL500_.jpg","datePublished":"2022-02-26T19:46:12+00:00","dateModified":"2023-04-09T01:10:27+00:00","description":"Markt-XXL 2023 Version Wimpernlifting Set, Augenbrauen Lifting Set Augenbrauen und Wimpernlifting Set Wimpern Perming Kit Wimpern\u2026","breadcrumb":{"@id":"https:\/\/marktxxl.de\/markt\/produkt\/eyelash-lift-kit-eyelash-perm-kit-wimpernlifting-set-wimpern-perming-kit-wimpern-curling-professionell-wimpernverlaengerung-kit-lash-lifting-lange-andauernd\/#breadcrumb"},"inLanguage":"de","potentialAction":[{"@type":"ReadAction","target":["https:\/\/marktxxl.de\/markt\/produkt\/eyelash-lift-kit-eyelash-perm-kit-wimpernlifting-set-wimpern-perming-kit-wimpern-curling-professionell-wimpernverlaengerung-kit-lash-lifting-lange-andauernd\/"]}]},{"@type":"ImageObject","inLanguage":"de","@id":"https:\/\/marktxxl.de\/markt\/produkt\/eyelash-lift-kit-eyelash-perm-kit-wimpernlifting-set-wimpern-perming-kit-wimpern-curling-professionell-wimpernverlaengerung-kit-lash-lifting-lange-andauernd\/#primaryimage","url":"https:\/\/m.media-amazon.com\/images\/I\/51x0YKln1rL._SL500_.jpg","contentUrl":"https:\/\/m.media-amazon.com\/images\/I\/51x0YKln1rL._SL500_.jpg","width":500,"height":500},{"@type":"BreadcrumbList","@id":"https:\/\/marktxxl.de\/markt\/produkt\/eyelash-lift-kit-eyelash-perm-kit-wimpernlifting-set-wimpern-perming-kit-wimpern-curling-professionell-wimpernverlaengerung-kit-lash-lifting-lange-andauernd\/#breadcrumb","itemListElement":[{"@type":"ListItem","position":1,"name":"Startseite","item":"https:\/\/marktxxl.de\/markt\/"},{"@type":"ListItem","position":2,"name":"Markt","item":"https:\/\/marktxxl.de\/markt\/"},{"@type":"ListItem","position":3,"name":"2023 Version Wimpernlifting Set, Augenbrauen Lifting Set Augenbrauen und Wimpernlifting Set Wimpern Perming Kit Wimpern\u2026"}]},{"@type":"WebSite","@id":"https:\/\/marktxxl.de\/markt\/#website","url":"https:\/\/marktxxl.de\/markt\/","name":"Markt-XXL","description":"Ihr Markt Online","publisher":{"@id":"https:\/\/marktxxl.de\/markt\/#organization"},"potentialAction":[{"@type":"SearchAction","target":{"@type":"EntryPoint","urlTemplate":"https:\/\/marktxxl.de\/markt\/?s={search_term_string}"},"query-input":{"@type":"PropertyValueSpecification","valueRequired":true,"valueName":"search_term_string"}}],"inLanguage":"de"},{"@type":"Organization","@id":"https:\/\/marktxxl.de\/markt\/#organization","name":"Markt-XXL","url":"https:\/\/marktxxl.de\/markt\/","logo":{"@type":"ImageObject","inLanguage":"de","@id":"https:\/\/marktxxl.de\/markt\/#\/schema\/logo\/image\/","url":"https:\/\/marktxxl.de\/markt\/wp-content\/uploads\/sites\/3\/2020\/12\/logo.png","contentUrl":"https:\/\/marktxxl.de\/markt\/wp-content\/uploads\/sites\/3\/2020\/12\/logo.png","width":200,"height":70,"caption":"Markt-XXL"},"image":{"@id":"https:\/\/marktxxl.de\/markt\/#\/schema\/logo\/image\/"}}]}},"_links":{"self":[{"href":"https:\/\/marktxxl.de\/markt\/wp-json\/wp\/v2\/product\/109982","targetHints":{"allow":["GET"]}}],"collection":[{"href":"https:\/\/marktxxl.de\/markt\/wp-json\/wp\/v2\/product"}],"about":[{"href":"https:\/\/marktxxl.de\/markt\/wp-json\/wp\/v2\/types\/product"}],"replies":[{"embeddable":true,"href":"https:\/\/marktxxl.de\/markt\/wp-json\/wp\/v2\/comments?post=109982"}],"wp:featuredmedia":[{"embeddable":true,"href":"https:\/\/marktxxl.de\/markt\/wp-json\/wp\/v2\/media\/109983"}],"wp:attachment":[{"href":"https:\/\/marktxxl.de\/markt\/wp-json\/wp\/v2\/media?parent=109982"}],"wp:term":[{"taxonomy":"product_brand","embeddable":true,"href":"https:\/\/marktxxl.de\/markt\/wp-json\/wp\/v2\/product_brand?post=109982"},{"taxonomy":"product_cat","embeddable":true,"href":"https:\/\/marktxxl.de\/markt\/wp-json\/wp\/v2\/product_cat?post=109982"},{"taxonomy":"product_tag","embeddable":true,"href":"https:\/\/marktxxl.de\/markt\/wp-json\/wp\/v2\/product_tag?post=109982"}],"curies":[{"name":"wp","href":"https:\/\/api.w.org\/{rel}","templated":true}]}}