{"id":109965,"date":"2022-02-26T20:45:58","date_gmt":"2022-02-26T19:45:58","guid":{"rendered":"https:\/\/marktxxl.de\/markt\/produkt\/ergotopia-desktopia-lite-hoehenverstellbarer-schreibtisch-elektrisch-hoehenverstellbares-tischgestell-mit-memory-funktion-kollisionsschutz-und-5-jahren-garantie\/"},"modified":"2023-04-09T03:10:27","modified_gmt":"2023-04-09T01:10:27","slug":"ergotopia-desktopia-lite-hoehenverstellbarer-schreibtisch-elektrisch-hoehenverstellbares-tischgestell-mit-memory-funktion-kollisionsschutz-und-5-jahren-garantie","status":"publish","type":"product","link":"https:\/\/marktxxl.de\/markt\/produkt\/ergotopia-desktopia-lite-hoehenverstellbarer-schreibtisch-elektrisch-hoehenverstellbares-tischgestell-mit-memory-funktion-kollisionsschutz-und-5-jahren-garantie\/","title":{"rendered":"Ergotopia Desktopia Lite, h\u00f6henverstellbarer Schreibtisch, elektrisch h\u00f6henverstellbares Tischgestell mit Memory\u2026"},"content":{"rendered":"<p>Flexible, leise H\u00f6henverstellbarkeit: Die beiden leisen Motoren bewegen den elektrischen Schreibtisch zwischen 62,5 cm bis 125 cm, inklusive sanfter Start-Stopp-Funktion.<br \/>\nSehr gutes Preis-Leistungs-Verh\u00e4ltnis: Der Desktopia Lite ist die minimal abgespeckte und dennoch leistungsstarke, g\u00fcnstige Alternative zum europaweit bekannten Desktopia Pro<br \/>\nGewohnt hohe Qualit\u00e4t: Trotz des g\u00fcnstigen Preises kommt der Desktopia Lite in gewohnter Ergotopia Markenqualit\u00e4t und \u00fcberzeugt durch top verarbeitete Teile.<br \/>\n5 Jahre Garantie: Wir gew\u00e4hren auf alle Teile des Tischgestells 5 Jahre Garantie (siehe dazu auch Rechtliche Hinweise, Garantieerkl\u00e4rung weiter unten).<br \/>\nEntspannt und produktiv: H\u00f6henverstellbare Arbeitspl\u00e4tze verbessern nachweislich die Produktivit\u00e4t und k\u00f6nnen R\u00fccken- sowie Nackenverspannungen gezielt vorbeugen.<br \/>\n<div class=\"main-cross-sell\" data-asin=\"B08T6CCPRP\">\n\n\t<div class=\"WooZone-cross-sell-loader\">\n\t\t<div>\n\t\t\t<div id=\"floatingBarsG\">\n\t\t\t\t<div class=\"blockG\" id=\"rotateG_01\"><\/div>\n\t\t\t\t<div class=\"blockG\" id=\"rotateG_02\"><\/div>\n\t\t\t\t<div class=\"blockG\" id=\"rotateG_03\"><\/div>\n\t\t\t\t<div class=\"blockG\" id=\"rotateG_04\"><\/div>\n\t\t\t\t<div class=\"blockG\" id=\"rotateG_05\"><\/div>\n\t\t\t\t<div class=\"blockG\" id=\"rotateG_06\"><\/div>\n\t\t\t\t<div class=\"blockG\" id=\"rotateG_07\"><\/div>\n\t\t\t\t<div class=\"blockG\" id=\"rotateG_08\"><\/div>\n\t\t\t<\/div>\n\t\t\t<div class=\"WooZone-cross-sell-loader-text\"><\/div>\n\t\t<\/div>\n\t<\/div>\n\n\t\t\n<\/div>\n<div style=\"clear:both;\"><\/div><\/p>\n","protected":false},"excerpt":{"rendered":"<p>Flexible, leise H\u00f6henverstellbarkeit: Die beiden leisen Motoren bewegen den elektrischen Schreibtisch zwischen 62,5 cm bis 125 cm, inklusive sanfter Start-Stopp-Funktion.<br \/>\nSehr gutes Preis-Leistungs-Verh\u00e4ltnis: Der Desktopia Lite ist die minimal abgespeckte und dennoch leistungsstarke, g\u00fcnstige Alternative zum europaweit bekannten Desktopia Pro<br \/>\nGewohnt hohe Qualit\u00e4t: Trotz des g\u00fcnstigen Preises kommt der Desktopia Lite in gewohnter Ergotopia Markenqualit\u00e4t und \u00fcberzeugt durch top verarbeitete Teile.<\/p>\n","protected":false},"featured_media":109966,"comment_status":"open","ping_status":"closed","template":"","meta":[],"product_brand":[],"product_cat":[504,8312],"product_tag":[],"class_list":{"0":"post-109965","1":"product","2":"type-product","3":"status-publish","4":"has-post-thumbnail","6":"product_cat-buerobedarf-schreibwaren","7":"product_cat-bueromoebel-beleuchtung","8":"pa_brand-ergotopia","9":"pa_manufacturer-ergotopia","11":"first","12":"instock","13":"shipping-taxable","14":"purchasable","15":"product-type-simple","16":"customify-col","17":"product-has-gallery"},"yoast_head":"<!-- This site is optimized with the Yoast SEO plugin v27.4 - https:\/\/yoast.com\/product\/yoast-seo-wordpress\/ -->\n<title>Ergotopia Desktopia Lite, h\u00f6henverstellbarer Schreibtisch, elektrisch h\u00f6henverstellbares Tischgestell mit Memory\u2026 - Markt-XXL<\/title>\n<meta name=\"description\" content=\"Markt-XXL Ergotopia Desktopia Lite, h\u00f6henverstellbarer Schreibtisch, elektrisch h\u00f6henverstellbares Tischgestell mit Memory\u2026\" \/>\n<meta name=\"robots\" content=\"index, follow, max-snippet:-1, max-image-preview:large, max-video-preview:-1\" \/>\n<link rel=\"canonical\" href=\"https:\/\/marktxxl.de\/markt\/produkt\/ergotopia-desktopia-lite-hoehenverstellbarer-schreibtisch-elektrisch-hoehenverstellbares-tischgestell-mit-memory-funktion-kollisionsschutz-und-5-jahren-garantie\/\" \/>\n<meta property=\"og:locale\" content=\"de_DE\" \/>\n<meta property=\"og:type\" content=\"article\" \/>\n<meta property=\"og:title\" content=\"Ergotopia Desktopia Lite, h\u00f6henverstellbarer Schreibtisch, elektrisch h\u00f6henverstellbares Tischgestell mit Memory\u2026 - Markt-XXL\" \/>\n<meta property=\"og:description\" content=\"Markt-XXL Ergotopia Desktopia Lite, h\u00f6henverstellbarer Schreibtisch, elektrisch h\u00f6henverstellbares Tischgestell mit Memory\u2026\" \/>\n<meta property=\"og:url\" content=\"https:\/\/marktxxl.de\/markt\/produkt\/ergotopia-desktopia-lite-hoehenverstellbarer-schreibtisch-elektrisch-hoehenverstellbares-tischgestell-mit-memory-funktion-kollisionsschutz-und-5-jahren-garantie\/\" \/>\n<meta property=\"og:site_name\" content=\"Markt-XXL\" \/>\n<meta property=\"article:modified_time\" content=\"2023-04-09T01:10:27+00:00\" \/>\n<meta property=\"og:image\" content=\"https:\/\/m.media-amazon.com\/images\/I\/31UmjCqTEwL._SL500_.jpg\" \/>\n\t<meta property=\"og:image:width\" content=\"500\" \/>\n\t<meta property=\"og:image:height\" content=\"500\" \/>\n\t<meta property=\"og:image:type\" content=\"image\/jpeg\" \/>\n<meta name=\"twitter:card\" content=\"summary_large_image\" \/>\n<meta name=\"twitter:label1\" content=\"Gesch\u00e4tzte Lesezeit\" \/>\n\t<meta name=\"twitter:data1\" content=\"1\u00a0Minute\" \/>\n<script type=\"application\/ld+json\" class=\"yoast-schema-graph\">{\"@context\":\"https:\\\/\\\/schema.org\",\"@graph\":[{\"@type\":\"WebPage\",\"@id\":\"https:\\\/\\\/marktxxl.de\\\/markt\\\/produkt\\\/ergotopia-desktopia-lite-hoehenverstellbarer-schreibtisch-elektrisch-hoehenverstellbares-tischgestell-mit-memory-funktion-kollisionsschutz-und-5-jahren-garantie\\\/\",\"url\":\"https:\\\/\\\/marktxxl.de\\\/markt\\\/produkt\\\/ergotopia-desktopia-lite-hoehenverstellbarer-schreibtisch-elektrisch-hoehenverstellbares-tischgestell-mit-memory-funktion-kollisionsschutz-und-5-jahren-garantie\\\/\",\"name\":\"Ergotopia Desktopia Lite, h\u00f6henverstellbarer Schreibtisch, elektrisch h\u00f6henverstellbares Tischgestell mit Memory\u2026 - Markt-XXL\",\"isPartOf\":{\"@id\":\"https:\\\/\\\/marktxxl.de\\\/markt\\\/#website\"},\"primaryImageOfPage\":{\"@id\":\"https:\\\/\\\/marktxxl.de\\\/markt\\\/produkt\\\/ergotopia-desktopia-lite-hoehenverstellbarer-schreibtisch-elektrisch-hoehenverstellbares-tischgestell-mit-memory-funktion-kollisionsschutz-und-5-jahren-garantie\\\/#primaryimage\"},\"image\":{\"@id\":\"https:\\\/\\\/marktxxl.de\\\/markt\\\/produkt\\\/ergotopia-desktopia-lite-hoehenverstellbarer-schreibtisch-elektrisch-hoehenverstellbares-tischgestell-mit-memory-funktion-kollisionsschutz-und-5-jahren-garantie\\\/#primaryimage\"},\"thumbnailUrl\":\"https:\\\/\\\/m.media-amazon.com\\\/images\\\/I\\\/31UmjCqTEwL._SL500_.jpg\",\"datePublished\":\"2022-02-26T19:45:58+00:00\",\"dateModified\":\"2023-04-09T01:10:27+00:00\",\"description\":\"Markt-XXL Ergotopia Desktopia Lite, h\u00f6henverstellbarer Schreibtisch, elektrisch h\u00f6henverstellbares Tischgestell mit Memory\u2026\",\"breadcrumb\":{\"@id\":\"https:\\\/\\\/marktxxl.de\\\/markt\\\/produkt\\\/ergotopia-desktopia-lite-hoehenverstellbarer-schreibtisch-elektrisch-hoehenverstellbares-tischgestell-mit-memory-funktion-kollisionsschutz-und-5-jahren-garantie\\\/#breadcrumb\"},\"inLanguage\":\"de\",\"potentialAction\":[{\"@type\":\"ReadAction\",\"target\":[\"https:\\\/\\\/marktxxl.de\\\/markt\\\/produkt\\\/ergotopia-desktopia-lite-hoehenverstellbarer-schreibtisch-elektrisch-hoehenverstellbares-tischgestell-mit-memory-funktion-kollisionsschutz-und-5-jahren-garantie\\\/\"]}]},{\"@type\":\"ImageObject\",\"inLanguage\":\"de\",\"@id\":\"https:\\\/\\\/marktxxl.de\\\/markt\\\/produkt\\\/ergotopia-desktopia-lite-hoehenverstellbarer-schreibtisch-elektrisch-hoehenverstellbares-tischgestell-mit-memory-funktion-kollisionsschutz-und-5-jahren-garantie\\\/#primaryimage\",\"url\":\"https:\\\/\\\/m.media-amazon.com\\\/images\\\/I\\\/31UmjCqTEwL._SL500_.jpg\",\"contentUrl\":\"https:\\\/\\\/m.media-amazon.com\\\/images\\\/I\\\/31UmjCqTEwL._SL500_.jpg\",\"width\":500,\"height\":500},{\"@type\":\"BreadcrumbList\",\"@id\":\"https:\\\/\\\/marktxxl.de\\\/markt\\\/produkt\\\/ergotopia-desktopia-lite-hoehenverstellbarer-schreibtisch-elektrisch-hoehenverstellbares-tischgestell-mit-memory-funktion-kollisionsschutz-und-5-jahren-garantie\\\/#breadcrumb\",\"itemListElement\":[{\"@type\":\"ListItem\",\"position\":1,\"name\":\"Startseite\",\"item\":\"https:\\\/\\\/marktxxl.de\\\/markt\\\/\"},{\"@type\":\"ListItem\",\"position\":2,\"name\":\"Markt\",\"item\":\"https:\\\/\\\/marktxxl.de\\\/markt\\\/\"},{\"@type\":\"ListItem\",\"position\":3,\"name\":\"Ergotopia Desktopia Lite, h\u00f6henverstellbarer Schreibtisch, elektrisch h\u00f6henverstellbares Tischgestell mit Memory\u2026\"}]},{\"@type\":\"WebSite\",\"@id\":\"https:\\\/\\\/marktxxl.de\\\/markt\\\/#website\",\"url\":\"https:\\\/\\\/marktxxl.de\\\/markt\\\/\",\"name\":\"Markt-XXL\",\"description\":\"Ihr Markt Online\",\"publisher\":{\"@id\":\"https:\\\/\\\/marktxxl.de\\\/markt\\\/#organization\"},\"potentialAction\":[{\"@type\":\"SearchAction\",\"target\":{\"@type\":\"EntryPoint\",\"urlTemplate\":\"https:\\\/\\\/marktxxl.de\\\/markt\\\/?s={search_term_string}\"},\"query-input\":{\"@type\":\"PropertyValueSpecification\",\"valueRequired\":true,\"valueName\":\"search_term_string\"}}],\"inLanguage\":\"de\"},{\"@type\":\"Organization\",\"@id\":\"https:\\\/\\\/marktxxl.de\\\/markt\\\/#organization\",\"name\":\"Markt-XXL\",\"url\":\"https:\\\/\\\/marktxxl.de\\\/markt\\\/\",\"logo\":{\"@type\":\"ImageObject\",\"inLanguage\":\"de\",\"@id\":\"https:\\\/\\\/marktxxl.de\\\/markt\\\/#\\\/schema\\\/logo\\\/image\\\/\",\"url\":\"https:\\\/\\\/marktxxl.de\\\/markt\\\/wp-content\\\/uploads\\\/sites\\\/3\\\/2020\\\/12\\\/logo.png\",\"contentUrl\":\"https:\\\/\\\/marktxxl.de\\\/markt\\\/wp-content\\\/uploads\\\/sites\\\/3\\\/2020\\\/12\\\/logo.png\",\"width\":200,\"height\":70,\"caption\":\"Markt-XXL\"},\"image\":{\"@id\":\"https:\\\/\\\/marktxxl.de\\\/markt\\\/#\\\/schema\\\/logo\\\/image\\\/\"}}]}<\/script>\n<!-- \/ Yoast SEO plugin. -->","yoast_head_json":{"title":"Ergotopia Desktopia Lite, h\u00f6henverstellbarer Schreibtisch, elektrisch h\u00f6henverstellbares Tischgestell mit Memory\u2026 - Markt-XXL","description":"Markt-XXL Ergotopia Desktopia Lite, h\u00f6henverstellbarer Schreibtisch, elektrisch h\u00f6henverstellbares Tischgestell mit Memory\u2026","robots":{"index":"index","follow":"follow","max-snippet":"max-snippet:-1","max-image-preview":"max-image-preview:large","max-video-preview":"max-video-preview:-1"},"canonical":"https:\/\/marktxxl.de\/markt\/produkt\/ergotopia-desktopia-lite-hoehenverstellbarer-schreibtisch-elektrisch-hoehenverstellbares-tischgestell-mit-memory-funktion-kollisionsschutz-und-5-jahren-garantie\/","og_locale":"de_DE","og_type":"article","og_title":"Ergotopia Desktopia Lite, h\u00f6henverstellbarer Schreibtisch, elektrisch h\u00f6henverstellbares Tischgestell mit Memory\u2026 - Markt-XXL","og_description":"Markt-XXL Ergotopia Desktopia Lite, h\u00f6henverstellbarer Schreibtisch, elektrisch h\u00f6henverstellbares Tischgestell mit Memory\u2026","og_url":"https:\/\/marktxxl.de\/markt\/produkt\/ergotopia-desktopia-lite-hoehenverstellbarer-schreibtisch-elektrisch-hoehenverstellbares-tischgestell-mit-memory-funktion-kollisionsschutz-und-5-jahren-garantie\/","og_site_name":"Markt-XXL","article_modified_time":"2023-04-09T01:10:27+00:00","og_image":[{"width":500,"height":500,"url":"https:\/\/m.media-amazon.com\/images\/I\/31UmjCqTEwL._SL500_.jpg","type":"image\/jpeg"}],"twitter_card":"summary_large_image","twitter_misc":{"Gesch\u00e4tzte Lesezeit":"1\u00a0Minute"},"schema":{"@context":"https:\/\/schema.org","@graph":[{"@type":"WebPage","@id":"https:\/\/marktxxl.de\/markt\/produkt\/ergotopia-desktopia-lite-hoehenverstellbarer-schreibtisch-elektrisch-hoehenverstellbares-tischgestell-mit-memory-funktion-kollisionsschutz-und-5-jahren-garantie\/","url":"https:\/\/marktxxl.de\/markt\/produkt\/ergotopia-desktopia-lite-hoehenverstellbarer-schreibtisch-elektrisch-hoehenverstellbares-tischgestell-mit-memory-funktion-kollisionsschutz-und-5-jahren-garantie\/","name":"Ergotopia Desktopia Lite, h\u00f6henverstellbarer Schreibtisch, elektrisch h\u00f6henverstellbares Tischgestell mit Memory\u2026 - Markt-XXL","isPartOf":{"@id":"https:\/\/marktxxl.de\/markt\/#website"},"primaryImageOfPage":{"@id":"https:\/\/marktxxl.de\/markt\/produkt\/ergotopia-desktopia-lite-hoehenverstellbarer-schreibtisch-elektrisch-hoehenverstellbares-tischgestell-mit-memory-funktion-kollisionsschutz-und-5-jahren-garantie\/#primaryimage"},"image":{"@id":"https:\/\/marktxxl.de\/markt\/produkt\/ergotopia-desktopia-lite-hoehenverstellbarer-schreibtisch-elektrisch-hoehenverstellbares-tischgestell-mit-memory-funktion-kollisionsschutz-und-5-jahren-garantie\/#primaryimage"},"thumbnailUrl":"https:\/\/m.media-amazon.com\/images\/I\/31UmjCqTEwL._SL500_.jpg","datePublished":"2022-02-26T19:45:58+00:00","dateModified":"2023-04-09T01:10:27+00:00","description":"Markt-XXL Ergotopia Desktopia Lite, h\u00f6henverstellbarer Schreibtisch, elektrisch h\u00f6henverstellbares Tischgestell mit Memory\u2026","breadcrumb":{"@id":"https:\/\/marktxxl.de\/markt\/produkt\/ergotopia-desktopia-lite-hoehenverstellbarer-schreibtisch-elektrisch-hoehenverstellbares-tischgestell-mit-memory-funktion-kollisionsschutz-und-5-jahren-garantie\/#breadcrumb"},"inLanguage":"de","potentialAction":[{"@type":"ReadAction","target":["https:\/\/marktxxl.de\/markt\/produkt\/ergotopia-desktopia-lite-hoehenverstellbarer-schreibtisch-elektrisch-hoehenverstellbares-tischgestell-mit-memory-funktion-kollisionsschutz-und-5-jahren-garantie\/"]}]},{"@type":"ImageObject","inLanguage":"de","@id":"https:\/\/marktxxl.de\/markt\/produkt\/ergotopia-desktopia-lite-hoehenverstellbarer-schreibtisch-elektrisch-hoehenverstellbares-tischgestell-mit-memory-funktion-kollisionsschutz-und-5-jahren-garantie\/#primaryimage","url":"https:\/\/m.media-amazon.com\/images\/I\/31UmjCqTEwL._SL500_.jpg","contentUrl":"https:\/\/m.media-amazon.com\/images\/I\/31UmjCqTEwL._SL500_.jpg","width":500,"height":500},{"@type":"BreadcrumbList","@id":"https:\/\/marktxxl.de\/markt\/produkt\/ergotopia-desktopia-lite-hoehenverstellbarer-schreibtisch-elektrisch-hoehenverstellbares-tischgestell-mit-memory-funktion-kollisionsschutz-und-5-jahren-garantie\/#breadcrumb","itemListElement":[{"@type":"ListItem","position":1,"name":"Startseite","item":"https:\/\/marktxxl.de\/markt\/"},{"@type":"ListItem","position":2,"name":"Markt","item":"https:\/\/marktxxl.de\/markt\/"},{"@type":"ListItem","position":3,"name":"Ergotopia Desktopia Lite, h\u00f6henverstellbarer Schreibtisch, elektrisch h\u00f6henverstellbares Tischgestell mit Memory\u2026"}]},{"@type":"WebSite","@id":"https:\/\/marktxxl.de\/markt\/#website","url":"https:\/\/marktxxl.de\/markt\/","name":"Markt-XXL","description":"Ihr Markt Online","publisher":{"@id":"https:\/\/marktxxl.de\/markt\/#organization"},"potentialAction":[{"@type":"SearchAction","target":{"@type":"EntryPoint","urlTemplate":"https:\/\/marktxxl.de\/markt\/?s={search_term_string}"},"query-input":{"@type":"PropertyValueSpecification","valueRequired":true,"valueName":"search_term_string"}}],"inLanguage":"de"},{"@type":"Organization","@id":"https:\/\/marktxxl.de\/markt\/#organization","name":"Markt-XXL","url":"https:\/\/marktxxl.de\/markt\/","logo":{"@type":"ImageObject","inLanguage":"de","@id":"https:\/\/marktxxl.de\/markt\/#\/schema\/logo\/image\/","url":"https:\/\/marktxxl.de\/markt\/wp-content\/uploads\/sites\/3\/2020\/12\/logo.png","contentUrl":"https:\/\/marktxxl.de\/markt\/wp-content\/uploads\/sites\/3\/2020\/12\/logo.png","width":200,"height":70,"caption":"Markt-XXL"},"image":{"@id":"https:\/\/marktxxl.de\/markt\/#\/schema\/logo\/image\/"}}]}},"_links":{"self":[{"href":"https:\/\/marktxxl.de\/markt\/wp-json\/wp\/v2\/product\/109965","targetHints":{"allow":["GET"]}}],"collection":[{"href":"https:\/\/marktxxl.de\/markt\/wp-json\/wp\/v2\/product"}],"about":[{"href":"https:\/\/marktxxl.de\/markt\/wp-json\/wp\/v2\/types\/product"}],"replies":[{"embeddable":true,"href":"https:\/\/marktxxl.de\/markt\/wp-json\/wp\/v2\/comments?post=109965"}],"wp:featuredmedia":[{"embeddable":true,"href":"https:\/\/marktxxl.de\/markt\/wp-json\/wp\/v2\/media\/109966"}],"wp:attachment":[{"href":"https:\/\/marktxxl.de\/markt\/wp-json\/wp\/v2\/media?parent=109965"}],"wp:term":[{"taxonomy":"product_brand","embeddable":true,"href":"https:\/\/marktxxl.de\/markt\/wp-json\/wp\/v2\/product_brand?post=109965"},{"taxonomy":"product_cat","embeddable":true,"href":"https:\/\/marktxxl.de\/markt\/wp-json\/wp\/v2\/product_cat?post=109965"},{"taxonomy":"product_tag","embeddable":true,"href":"https:\/\/marktxxl.de\/markt\/wp-json\/wp\/v2\/product_tag?post=109965"}],"curies":[{"name":"wp","href":"https:\/\/api.w.org\/{rel}","templated":true}]}}