{"id":109862,"date":"2022-02-26T20:40:33","date_gmt":"2022-02-26T19:40:33","guid":{"rendered":"https:\/\/marktxxl.de\/markt\/produkt\/framar-star-struck-silver-embossed-roll-alufolie-98m\/"},"modified":"2023-04-09T03:10:25","modified_gmt":"2023-04-09T01:10:25","slug":"framar-star-struck-silver-embossed-roll-alufolie-98m","status":"publish","type":"product","link":"https:\/\/marktxxl.de\/markt\/produkt\/framar-star-struck-silver-embossed-roll-alufolie-98m\/","title":{"rendered":"Framar Star Struck Silver Embossed Roll Alufolie 98m"},"content":{"rendered":"<p>Hohe Qualit\u00e4t &#8211; Die weltweit beste Haarf\u00e4rbefolie. Diese Folien haften nicht und rei\u00dfen nicht, wenn sie aus der Box kommen Und weil unsere Aluminiumfolie gepr\u00e4gt ist, rutschen sie nicht aus den Haaren.<br \/>\nEinfach zu bedienen \u2013 kommt in einer eigenen Spenderbox, die eine Klinge enth\u00e4lt, so dass Sie die Folie an jeder Stelle schneiden k\u00f6nnen. Die Box ist stabil und verrutscht nicht von der Platzierung.<br \/>\nPraktisch \u2013 gibt Ihnen den Komfort, jede gew\u00fcnschte L\u00e4nge zu schneiden. Dies funktioniert perfekt f\u00fcr Kunden mit langen Haaren, sodass Sie ein langes St\u00fcck Folie w\u00e4hlen k\u00f6nnen. 97,5 m L\u00e4nge<br \/>\nHergestellt f\u00fcr den Colorist \u2013 diese Framar Folien wurden von Coloristen f\u00fcr Coloristen kreiert, nicht f\u00fcr Lebensmittel.<br \/>\nGUT VERARBEITET &#8211; Die Box besteht aus einem starken, robusten Karton, der die Folie nicht besch\u00e4digt. Die Folienrolle bleibt leicht in der Box aufbewahrt, oder unser Folien-Spender<br \/>\n<div class=\"main-cross-sell\" data-asin=\"B07FK37RN6\">\n\n\t<div class=\"WooZone-cross-sell-loader\">\n\t\t<div>\n\t\t\t<div id=\"floatingBarsG\">\n\t\t\t\t<div class=\"blockG\" id=\"rotateG_01\"><\/div>\n\t\t\t\t<div class=\"blockG\" id=\"rotateG_02\"><\/div>\n\t\t\t\t<div class=\"blockG\" id=\"rotateG_03\"><\/div>\n\t\t\t\t<div class=\"blockG\" id=\"rotateG_04\"><\/div>\n\t\t\t\t<div class=\"blockG\" id=\"rotateG_05\"><\/div>\n\t\t\t\t<div class=\"blockG\" id=\"rotateG_06\"><\/div>\n\t\t\t\t<div class=\"blockG\" id=\"rotateG_07\"><\/div>\n\t\t\t\t<div class=\"blockG\" id=\"rotateG_08\"><\/div>\n\t\t\t<\/div>\n\t\t\t<div class=\"WooZone-cross-sell-loader-text\"><\/div>\n\t\t<\/div>\n\t<\/div>\n\n\t\t\n<\/div>\n<div style=\"clear:both;\"><\/div><\/p>\n","protected":false},"excerpt":{"rendered":"<p>Hohe Qualit\u00e4t &#8211; Die weltweit beste Haarf\u00e4rbefolie. Diese Folien haften nicht und rei\u00dfen nicht, wenn sie aus der Box kommen Und weil unsere Aluminiumfolie gepr\u00e4gt ist, rutschen sie nicht aus den Haaren.<br \/>\nEinfach zu bedienen \u2013 kommt in einer eigenen Spenderbox, die eine Klinge enth\u00e4lt, so dass Sie die Folie an jeder Stelle schneiden k\u00f6nnen. Die Box ist stabil und verrutscht nicht von der Platzierung.<br \/>\nPraktisch \u2013 gibt Ihnen den Komfort, jede gew\u00fcnschte L\u00e4nge zu schneiden. Dies funktioniert perfekt f\u00fcr Kunden mit langen Haaren, sodass Sie ein langes St\u00fcck Folie w\u00e4hlen k\u00f6nnen. 97,5 m L\u00e4nge<\/p>\n","protected":false},"featured_media":109863,"comment_status":"open","ping_status":"closed","template":"","meta":[],"product_brand":[],"product_cat":[2858,6994],"product_tag":[],"class_list":{"0":"post-109862","1":"product","2":"type-product","3":"status-publish","4":"has-post-thumbnail","6":"product_cat-beauty","7":"product_cat-haarpflege-styling","8":"pa_binding-badartikel","9":"pa_brand-framar","10":"pa_height-0-zoll","11":"pa_length-0-zoll","12":"pa_manufacturer-framar","13":"pa_model-32889","14":"pa_size-m-1er-pack","15":"pa_width-0-zoll","17":"first","18":"instock","19":"shipping-taxable","20":"purchasable","21":"product-type-simple","22":"customify-col","23":"product-has-gallery"},"yoast_head":"<!-- This site is optimized with the Yoast SEO plugin v27.3 - https:\/\/yoast.com\/product\/yoast-seo-wordpress\/ -->\n<title>Framar Star Struck Silver Embossed Roll Alufolie 98m - Markt-XXL<\/title>\n<meta name=\"description\" content=\"Markt-XXL Framar Star Struck Silver Embossed Roll Alufolie 98m\" \/>\n<meta name=\"robots\" content=\"index, follow, max-snippet:-1, max-image-preview:large, max-video-preview:-1\" \/>\n<link rel=\"canonical\" href=\"https:\/\/marktxxl.de\/markt\/produkt\/framar-star-struck-silver-embossed-roll-alufolie-98m\/\" \/>\n<meta property=\"og:locale\" content=\"de_DE\" \/>\n<meta property=\"og:type\" content=\"article\" \/>\n<meta property=\"og:title\" content=\"Framar Star Struck Silver Embossed Roll Alufolie 98m - Markt-XXL\" \/>\n<meta property=\"og:description\" content=\"Markt-XXL Framar Star Struck Silver Embossed Roll Alufolie 98m\" \/>\n<meta property=\"og:url\" content=\"https:\/\/marktxxl.de\/markt\/produkt\/framar-star-struck-silver-embossed-roll-alufolie-98m\/\" \/>\n<meta property=\"og:site_name\" content=\"Markt-XXL\" \/>\n<meta property=\"article:modified_time\" content=\"2023-04-09T01:10:25+00:00\" \/>\n<meta property=\"og:image\" content=\"https:\/\/m.media-amazon.com\/images\/I\/5149mAw9ATL._SL500_.jpg\" \/>\n\t<meta property=\"og:image:width\" content=\"500\" \/>\n\t<meta property=\"og:image:height\" content=\"500\" \/>\n\t<meta property=\"og:image:type\" content=\"image\/jpeg\" \/>\n<meta name=\"twitter:card\" content=\"summary_large_image\" \/>\n<meta name=\"twitter:label1\" content=\"Gesch\u00e4tzte Lesezeit\" \/>\n\t<meta name=\"twitter:data1\" content=\"1\u00a0Minute\" \/>\n<script type=\"application\/ld+json\" class=\"yoast-schema-graph\">{\"@context\":\"https:\\\/\\\/schema.org\",\"@graph\":[{\"@type\":\"WebPage\",\"@id\":\"https:\\\/\\\/marktxxl.de\\\/markt\\\/produkt\\\/framar-star-struck-silver-embossed-roll-alufolie-98m\\\/\",\"url\":\"https:\\\/\\\/marktxxl.de\\\/markt\\\/produkt\\\/framar-star-struck-silver-embossed-roll-alufolie-98m\\\/\",\"name\":\"Framar Star Struck Silver Embossed Roll Alufolie 98m - Markt-XXL\",\"isPartOf\":{\"@id\":\"https:\\\/\\\/marktxxl.de\\\/markt\\\/#website\"},\"primaryImageOfPage\":{\"@id\":\"https:\\\/\\\/marktxxl.de\\\/markt\\\/produkt\\\/framar-star-struck-silver-embossed-roll-alufolie-98m\\\/#primaryimage\"},\"image\":{\"@id\":\"https:\\\/\\\/marktxxl.de\\\/markt\\\/produkt\\\/framar-star-struck-silver-embossed-roll-alufolie-98m\\\/#primaryimage\"},\"thumbnailUrl\":\"https:\\\/\\\/m.media-amazon.com\\\/images\\\/I\\\/5149mAw9ATL._SL500_.jpg\",\"datePublished\":\"2022-02-26T19:40:33+00:00\",\"dateModified\":\"2023-04-09T01:10:25+00:00\",\"description\":\"Markt-XXL Framar Star Struck Silver Embossed Roll Alufolie 98m\",\"breadcrumb\":{\"@id\":\"https:\\\/\\\/marktxxl.de\\\/markt\\\/produkt\\\/framar-star-struck-silver-embossed-roll-alufolie-98m\\\/#breadcrumb\"},\"inLanguage\":\"de\",\"potentialAction\":[{\"@type\":\"ReadAction\",\"target\":[\"https:\\\/\\\/marktxxl.de\\\/markt\\\/produkt\\\/framar-star-struck-silver-embossed-roll-alufolie-98m\\\/\"]}]},{\"@type\":\"ImageObject\",\"inLanguage\":\"de\",\"@id\":\"https:\\\/\\\/marktxxl.de\\\/markt\\\/produkt\\\/framar-star-struck-silver-embossed-roll-alufolie-98m\\\/#primaryimage\",\"url\":\"https:\\\/\\\/m.media-amazon.com\\\/images\\\/I\\\/5149mAw9ATL._SL500_.jpg\",\"contentUrl\":\"https:\\\/\\\/m.media-amazon.com\\\/images\\\/I\\\/5149mAw9ATL._SL500_.jpg\",\"width\":500,\"height\":500},{\"@type\":\"BreadcrumbList\",\"@id\":\"https:\\\/\\\/marktxxl.de\\\/markt\\\/produkt\\\/framar-star-struck-silver-embossed-roll-alufolie-98m\\\/#breadcrumb\",\"itemListElement\":[{\"@type\":\"ListItem\",\"position\":1,\"name\":\"Startseite\",\"item\":\"https:\\\/\\\/marktxxl.de\\\/markt\\\/\"},{\"@type\":\"ListItem\",\"position\":2,\"name\":\"Markt\",\"item\":\"https:\\\/\\\/marktxxl.de\\\/markt\\\/\"},{\"@type\":\"ListItem\",\"position\":3,\"name\":\"Framar Star Struck Silver Embossed Roll Alufolie 98m\"}]},{\"@type\":\"WebSite\",\"@id\":\"https:\\\/\\\/marktxxl.de\\\/markt\\\/#website\",\"url\":\"https:\\\/\\\/marktxxl.de\\\/markt\\\/\",\"name\":\"Markt-XXL\",\"description\":\"Ihr Markt Online\",\"publisher\":{\"@id\":\"https:\\\/\\\/marktxxl.de\\\/markt\\\/#organization\"},\"potentialAction\":[{\"@type\":\"SearchAction\",\"target\":{\"@type\":\"EntryPoint\",\"urlTemplate\":\"https:\\\/\\\/marktxxl.de\\\/markt\\\/?s={search_term_string}\"},\"query-input\":{\"@type\":\"PropertyValueSpecification\",\"valueRequired\":true,\"valueName\":\"search_term_string\"}}],\"inLanguage\":\"de\"},{\"@type\":\"Organization\",\"@id\":\"https:\\\/\\\/marktxxl.de\\\/markt\\\/#organization\",\"name\":\"Markt-XXL\",\"url\":\"https:\\\/\\\/marktxxl.de\\\/markt\\\/\",\"logo\":{\"@type\":\"ImageObject\",\"inLanguage\":\"de\",\"@id\":\"https:\\\/\\\/marktxxl.de\\\/markt\\\/#\\\/schema\\\/logo\\\/image\\\/\",\"url\":\"https:\\\/\\\/marktxxl.de\\\/markt\\\/wp-content\\\/uploads\\\/sites\\\/3\\\/2020\\\/12\\\/logo.png\",\"contentUrl\":\"https:\\\/\\\/marktxxl.de\\\/markt\\\/wp-content\\\/uploads\\\/sites\\\/3\\\/2020\\\/12\\\/logo.png\",\"width\":200,\"height\":70,\"caption\":\"Markt-XXL\"},\"image\":{\"@id\":\"https:\\\/\\\/marktxxl.de\\\/markt\\\/#\\\/schema\\\/logo\\\/image\\\/\"}}]}<\/script>\n<!-- \/ Yoast SEO plugin. -->","yoast_head_json":{"title":"Framar Star Struck Silver Embossed Roll Alufolie 98m - Markt-XXL","description":"Markt-XXL Framar Star Struck Silver Embossed Roll Alufolie 98m","robots":{"index":"index","follow":"follow","max-snippet":"max-snippet:-1","max-image-preview":"max-image-preview:large","max-video-preview":"max-video-preview:-1"},"canonical":"https:\/\/marktxxl.de\/markt\/produkt\/framar-star-struck-silver-embossed-roll-alufolie-98m\/","og_locale":"de_DE","og_type":"article","og_title":"Framar Star Struck Silver Embossed Roll Alufolie 98m - Markt-XXL","og_description":"Markt-XXL Framar Star Struck Silver Embossed Roll Alufolie 98m","og_url":"https:\/\/marktxxl.de\/markt\/produkt\/framar-star-struck-silver-embossed-roll-alufolie-98m\/","og_site_name":"Markt-XXL","article_modified_time":"2023-04-09T01:10:25+00:00","og_image":[{"width":500,"height":500,"url":"https:\/\/m.media-amazon.com\/images\/I\/5149mAw9ATL._SL500_.jpg","type":"image\/jpeg"}],"twitter_card":"summary_large_image","twitter_misc":{"Gesch\u00e4tzte Lesezeit":"1\u00a0Minute"},"schema":{"@context":"https:\/\/schema.org","@graph":[{"@type":"WebPage","@id":"https:\/\/marktxxl.de\/markt\/produkt\/framar-star-struck-silver-embossed-roll-alufolie-98m\/","url":"https:\/\/marktxxl.de\/markt\/produkt\/framar-star-struck-silver-embossed-roll-alufolie-98m\/","name":"Framar Star Struck Silver Embossed Roll Alufolie 98m - Markt-XXL","isPartOf":{"@id":"https:\/\/marktxxl.de\/markt\/#website"},"primaryImageOfPage":{"@id":"https:\/\/marktxxl.de\/markt\/produkt\/framar-star-struck-silver-embossed-roll-alufolie-98m\/#primaryimage"},"image":{"@id":"https:\/\/marktxxl.de\/markt\/produkt\/framar-star-struck-silver-embossed-roll-alufolie-98m\/#primaryimage"},"thumbnailUrl":"https:\/\/m.media-amazon.com\/images\/I\/5149mAw9ATL._SL500_.jpg","datePublished":"2022-02-26T19:40:33+00:00","dateModified":"2023-04-09T01:10:25+00:00","description":"Markt-XXL Framar Star Struck Silver Embossed Roll Alufolie 98m","breadcrumb":{"@id":"https:\/\/marktxxl.de\/markt\/produkt\/framar-star-struck-silver-embossed-roll-alufolie-98m\/#breadcrumb"},"inLanguage":"de","potentialAction":[{"@type":"ReadAction","target":["https:\/\/marktxxl.de\/markt\/produkt\/framar-star-struck-silver-embossed-roll-alufolie-98m\/"]}]},{"@type":"ImageObject","inLanguage":"de","@id":"https:\/\/marktxxl.de\/markt\/produkt\/framar-star-struck-silver-embossed-roll-alufolie-98m\/#primaryimage","url":"https:\/\/m.media-amazon.com\/images\/I\/5149mAw9ATL._SL500_.jpg","contentUrl":"https:\/\/m.media-amazon.com\/images\/I\/5149mAw9ATL._SL500_.jpg","width":500,"height":500},{"@type":"BreadcrumbList","@id":"https:\/\/marktxxl.de\/markt\/produkt\/framar-star-struck-silver-embossed-roll-alufolie-98m\/#breadcrumb","itemListElement":[{"@type":"ListItem","position":1,"name":"Startseite","item":"https:\/\/marktxxl.de\/markt\/"},{"@type":"ListItem","position":2,"name":"Markt","item":"https:\/\/marktxxl.de\/markt\/"},{"@type":"ListItem","position":3,"name":"Framar Star Struck Silver Embossed Roll Alufolie 98m"}]},{"@type":"WebSite","@id":"https:\/\/marktxxl.de\/markt\/#website","url":"https:\/\/marktxxl.de\/markt\/","name":"Markt-XXL","description":"Ihr Markt Online","publisher":{"@id":"https:\/\/marktxxl.de\/markt\/#organization"},"potentialAction":[{"@type":"SearchAction","target":{"@type":"EntryPoint","urlTemplate":"https:\/\/marktxxl.de\/markt\/?s={search_term_string}"},"query-input":{"@type":"PropertyValueSpecification","valueRequired":true,"valueName":"search_term_string"}}],"inLanguage":"de"},{"@type":"Organization","@id":"https:\/\/marktxxl.de\/markt\/#organization","name":"Markt-XXL","url":"https:\/\/marktxxl.de\/markt\/","logo":{"@type":"ImageObject","inLanguage":"de","@id":"https:\/\/marktxxl.de\/markt\/#\/schema\/logo\/image\/","url":"https:\/\/marktxxl.de\/markt\/wp-content\/uploads\/sites\/3\/2020\/12\/logo.png","contentUrl":"https:\/\/marktxxl.de\/markt\/wp-content\/uploads\/sites\/3\/2020\/12\/logo.png","width":200,"height":70,"caption":"Markt-XXL"},"image":{"@id":"https:\/\/marktxxl.de\/markt\/#\/schema\/logo\/image\/"}}]}},"_links":{"self":[{"href":"https:\/\/marktxxl.de\/markt\/wp-json\/wp\/v2\/product\/109862","targetHints":{"allow":["GET"]}}],"collection":[{"href":"https:\/\/marktxxl.de\/markt\/wp-json\/wp\/v2\/product"}],"about":[{"href":"https:\/\/marktxxl.de\/markt\/wp-json\/wp\/v2\/types\/product"}],"replies":[{"embeddable":true,"href":"https:\/\/marktxxl.de\/markt\/wp-json\/wp\/v2\/comments?post=109862"}],"wp:featuredmedia":[{"embeddable":true,"href":"https:\/\/marktxxl.de\/markt\/wp-json\/wp\/v2\/media\/109863"}],"wp:attachment":[{"href":"https:\/\/marktxxl.de\/markt\/wp-json\/wp\/v2\/media?parent=109862"}],"wp:term":[{"taxonomy":"product_brand","embeddable":true,"href":"https:\/\/marktxxl.de\/markt\/wp-json\/wp\/v2\/product_brand?post=109862"},{"taxonomy":"product_cat","embeddable":true,"href":"https:\/\/marktxxl.de\/markt\/wp-json\/wp\/v2\/product_cat?post=109862"},{"taxonomy":"product_tag","embeddable":true,"href":"https:\/\/marktxxl.de\/markt\/wp-json\/wp\/v2\/product_tag?post=109862"}],"curies":[{"name":"wp","href":"https:\/\/api.w.org\/{rel}","templated":true}]}}