{"id":109815,"date":"2022-02-26T20:39:47","date_gmt":"2022-02-26T19:39:47","guid":{"rendered":"https:\/\/marktxxl.de\/markt\/produkt\/wet-brush-original-detangler-disney-princess-collection-aschenputtel\/"},"modified":"2023-04-09T03:10:23","modified_gmt":"2023-04-09T01:10:23","slug":"wet-brush-original-detangler-disney-princess-collection-aschenputtel","status":"publish","type":"product","link":"https:\/\/marktxxl.de\/markt\/produkt\/wet-brush-original-detangler-disney-princess-collection-aschenputtel\/","title":{"rendered":"Wet Brush Original Detangler Disney Princess Collection &#8211; Aschenputtel"},"content":{"rendered":"<p>Disney Princess: Jedes Kind hat eine Lieblingsprinzessin und wir haben eine exklusive limitierte Sammlung von Disney Princess zu Ihnen nach Hause gebracht<br \/>\nAviable Collection: Die Disney Princess-Kollektion enth\u00e4lt sechs der beliebtesten Disney-Prinzessinnen Ihres Kindes, Ariel, Bella, Cinderella, Schneewittchen, Jasmin und Pocahontas.<br \/>\nDetangler-B\u00fcrste: Die Haarb\u00fcrste hat weiche Borsten, die die Kopfhaut schonen und die Knoten entwirren, sodass Sie schmerzfrei b\u00fcrsten k\u00f6nnen. Die hochwertige weiche Detangler-B\u00fcrste ist f\u00fcr alle Kinder, M\u00e4nner und Frauen geeignet. Der ultraweiche Intelliflex gleitet m\u00fchelos durch Verwicklungen<br \/>\nK\u00fcmmert sich um Ihr Haar: B\u00fcrsten Sie mit nassem oder trockenem Haar. Unsere Sortimente bestehen aus einer Haarb\u00fcrste f\u00fcr lockiges oder dickes Haar f\u00fcr jeden Haartyp. Die Borsten sind weich, minimieren Schmerzen, spalten die Enden und brechen f\u00fcr ges\u00fcnderes und gl\u00fccklicheres Haar<br \/>\nENTFERNT KNOTEN UND WANDELN: Die Nassb\u00fcrste ist nicht wie gew\u00f6hnliche B\u00fcrsten, die gegen das Haar wirken und durch die Knoten streichen. Die B\u00fcrste l\u00f6st sanft die h\u00e4rtesten Verwicklungen und sorgt f\u00fcr ein schmerzfreies Erlebnis mit weniger Kraft, sodass Sie weniger Sch\u00e4den an Ihrem Haar entwirren k\u00f6nnen<br \/>\n<div class=\"main-cross-sell\" data-asin=\"B07SNF1395\">\n\n\t<div class=\"WooZone-cross-sell-loader\">\n\t\t<div>\n\t\t\t<div id=\"floatingBarsG\">\n\t\t\t\t<div class=\"blockG\" id=\"rotateG_01\"><\/div>\n\t\t\t\t<div class=\"blockG\" id=\"rotateG_02\"><\/div>\n\t\t\t\t<div class=\"blockG\" id=\"rotateG_03\"><\/div>\n\t\t\t\t<div class=\"blockG\" id=\"rotateG_04\"><\/div>\n\t\t\t\t<div class=\"blockG\" id=\"rotateG_05\"><\/div>\n\t\t\t\t<div class=\"blockG\" id=\"rotateG_06\"><\/div>\n\t\t\t\t<div class=\"blockG\" id=\"rotateG_07\"><\/div>\n\t\t\t\t<div class=\"blockG\" id=\"rotateG_08\"><\/div>\n\t\t\t<\/div>\n\t\t\t<div class=\"WooZone-cross-sell-loader-text\"><\/div>\n\t\t<\/div>\n\t<\/div>\n\n\t\t\n<\/div>\n<div style=\"clear:both;\"><\/div><\/p>\n","protected":false},"excerpt":{"rendered":"<p>Disney Princess: Jedes Kind hat eine Lieblingsprinzessin und wir haben eine exklusive limitierte Sammlung von Disney Princess zu Ihnen nach Hause gebracht<br \/>\nAviable Collection: Die Disney Princess-Kollektion enth\u00e4lt sechs der beliebtesten Disney-Prinzessinnen Ihres Kindes, Ariel, Bella, Cinderella, Schneewittchen, Jasmin und Pocahontas.<br \/>\nDetangler-B\u00fcrste: Die Haarb\u00fcrste hat weiche Borsten, die die Kopfhaut schonen und die Knoten entwirren, sodass Sie schmerzfrei b\u00fcrsten k\u00f6nnen. Die hochwertige weiche Detangler-B\u00fcrste ist f\u00fcr alle Kinder, M\u00e4nner und Frauen geeignet. Der ultraweiche Intelliflex gleitet m\u00fchelos durch Verwicklungen<\/p>\n","protected":false},"featured_media":109816,"comment_status":"open","ping_status":"closed","template":"","meta":[],"product_brand":[],"product_cat":[2858,6994],"product_tag":[],"class_list":{"0":"post-109815","1":"product","2":"type-product","3":"status-publish","4":"has-post-thumbnail","6":"product_cat-beauty","7":"product_cat-haarpflege-styling","8":"pa_binding-badartikel","9":"pa_brand-wetbrush","10":"pa_color-principessa-cenerentola","11":"pa_height-9-842519675-zoll","12":"pa_languages-unbekannt-englisch","13":"pa_length-3-149606296-zoll","14":"pa_manufacturer-wetbrush","15":"pa_model-bwrdisiconcint","16":"pa_size-1-stueck-1er-pack","17":"pa_weight-0-2-pfund","18":"pa_width-1-574803148-zoll","20":"first","21":"instock","22":"shipping-taxable","23":"purchasable","24":"product-type-simple","25":"customify-col","26":"product-has-gallery"},"yoast_head":"<!-- This site is optimized with the Yoast SEO plugin v27.3 - https:\/\/yoast.com\/product\/yoast-seo-wordpress\/ -->\n<title>Wet Brush Original Detangler Disney Princess Collection - Aschenputtel - Markt-XXL<\/title>\n<meta name=\"description\" content=\"Markt-XXL Wet Brush Original Detangler Disney Princess Collection - Aschenputtel\" \/>\n<meta name=\"robots\" content=\"index, follow, max-snippet:-1, max-image-preview:large, max-video-preview:-1\" \/>\n<link rel=\"canonical\" href=\"https:\/\/marktxxl.de\/markt\/produkt\/wet-brush-original-detangler-disney-princess-collection-aschenputtel\/\" \/>\n<meta property=\"og:locale\" content=\"de_DE\" \/>\n<meta property=\"og:type\" content=\"article\" \/>\n<meta property=\"og:title\" content=\"Wet Brush Original Detangler Disney Princess Collection - Aschenputtel - Markt-XXL\" \/>\n<meta property=\"og:description\" content=\"Markt-XXL Wet Brush Original Detangler Disney Princess Collection - Aschenputtel\" \/>\n<meta property=\"og:url\" content=\"https:\/\/marktxxl.de\/markt\/produkt\/wet-brush-original-detangler-disney-princess-collection-aschenputtel\/\" \/>\n<meta property=\"og:site_name\" content=\"Markt-XXL\" \/>\n<meta property=\"article:modified_time\" content=\"2023-04-09T01:10:23+00:00\" \/>\n<meta property=\"og:image\" content=\"https:\/\/m.media-amazon.com\/images\/I\/41zcc7m6nzL._SL500_.jpg\" \/>\n\t<meta property=\"og:image:width\" content=\"500\" \/>\n\t<meta property=\"og:image:height\" content=\"500\" \/>\n\t<meta property=\"og:image:type\" content=\"image\/jpeg\" \/>\n<meta name=\"twitter:card\" content=\"summary_large_image\" \/>\n<meta name=\"twitter:label1\" content=\"Gesch\u00e4tzte Lesezeit\" \/>\n\t<meta name=\"twitter:data1\" content=\"1\u00a0Minute\" \/>\n<script type=\"application\/ld+json\" class=\"yoast-schema-graph\">{\"@context\":\"https:\\\/\\\/schema.org\",\"@graph\":[{\"@type\":\"WebPage\",\"@id\":\"https:\\\/\\\/marktxxl.de\\\/markt\\\/produkt\\\/wet-brush-original-detangler-disney-princess-collection-aschenputtel\\\/\",\"url\":\"https:\\\/\\\/marktxxl.de\\\/markt\\\/produkt\\\/wet-brush-original-detangler-disney-princess-collection-aschenputtel\\\/\",\"name\":\"Wet Brush Original Detangler Disney Princess Collection - Aschenputtel - Markt-XXL\",\"isPartOf\":{\"@id\":\"https:\\\/\\\/marktxxl.de\\\/markt\\\/#website\"},\"primaryImageOfPage\":{\"@id\":\"https:\\\/\\\/marktxxl.de\\\/markt\\\/produkt\\\/wet-brush-original-detangler-disney-princess-collection-aschenputtel\\\/#primaryimage\"},\"image\":{\"@id\":\"https:\\\/\\\/marktxxl.de\\\/markt\\\/produkt\\\/wet-brush-original-detangler-disney-princess-collection-aschenputtel\\\/#primaryimage\"},\"thumbnailUrl\":\"https:\\\/\\\/m.media-amazon.com\\\/images\\\/I\\\/41zcc7m6nzL._SL500_.jpg\",\"datePublished\":\"2022-02-26T19:39:47+00:00\",\"dateModified\":\"2023-04-09T01:10:23+00:00\",\"description\":\"Markt-XXL Wet Brush Original Detangler Disney Princess Collection - Aschenputtel\",\"breadcrumb\":{\"@id\":\"https:\\\/\\\/marktxxl.de\\\/markt\\\/produkt\\\/wet-brush-original-detangler-disney-princess-collection-aschenputtel\\\/#breadcrumb\"},\"inLanguage\":\"de\",\"potentialAction\":[{\"@type\":\"ReadAction\",\"target\":[\"https:\\\/\\\/marktxxl.de\\\/markt\\\/produkt\\\/wet-brush-original-detangler-disney-princess-collection-aschenputtel\\\/\"]}]},{\"@type\":\"ImageObject\",\"inLanguage\":\"de\",\"@id\":\"https:\\\/\\\/marktxxl.de\\\/markt\\\/produkt\\\/wet-brush-original-detangler-disney-princess-collection-aschenputtel\\\/#primaryimage\",\"url\":\"https:\\\/\\\/m.media-amazon.com\\\/images\\\/I\\\/41zcc7m6nzL._SL500_.jpg\",\"contentUrl\":\"https:\\\/\\\/m.media-amazon.com\\\/images\\\/I\\\/41zcc7m6nzL._SL500_.jpg\",\"width\":500,\"height\":500},{\"@type\":\"BreadcrumbList\",\"@id\":\"https:\\\/\\\/marktxxl.de\\\/markt\\\/produkt\\\/wet-brush-original-detangler-disney-princess-collection-aschenputtel\\\/#breadcrumb\",\"itemListElement\":[{\"@type\":\"ListItem\",\"position\":1,\"name\":\"Startseite\",\"item\":\"https:\\\/\\\/marktxxl.de\\\/markt\\\/\"},{\"@type\":\"ListItem\",\"position\":2,\"name\":\"Markt\",\"item\":\"https:\\\/\\\/marktxxl.de\\\/markt\\\/\"},{\"@type\":\"ListItem\",\"position\":3,\"name\":\"Wet Brush Original Detangler Disney Princess Collection &#8211; Aschenputtel\"}]},{\"@type\":\"WebSite\",\"@id\":\"https:\\\/\\\/marktxxl.de\\\/markt\\\/#website\",\"url\":\"https:\\\/\\\/marktxxl.de\\\/markt\\\/\",\"name\":\"Markt-XXL\",\"description\":\"Ihr Markt Online\",\"publisher\":{\"@id\":\"https:\\\/\\\/marktxxl.de\\\/markt\\\/#organization\"},\"potentialAction\":[{\"@type\":\"SearchAction\",\"target\":{\"@type\":\"EntryPoint\",\"urlTemplate\":\"https:\\\/\\\/marktxxl.de\\\/markt\\\/?s={search_term_string}\"},\"query-input\":{\"@type\":\"PropertyValueSpecification\",\"valueRequired\":true,\"valueName\":\"search_term_string\"}}],\"inLanguage\":\"de\"},{\"@type\":\"Organization\",\"@id\":\"https:\\\/\\\/marktxxl.de\\\/markt\\\/#organization\",\"name\":\"Markt-XXL\",\"url\":\"https:\\\/\\\/marktxxl.de\\\/markt\\\/\",\"logo\":{\"@type\":\"ImageObject\",\"inLanguage\":\"de\",\"@id\":\"https:\\\/\\\/marktxxl.de\\\/markt\\\/#\\\/schema\\\/logo\\\/image\\\/\",\"url\":\"https:\\\/\\\/marktxxl.de\\\/markt\\\/wp-content\\\/uploads\\\/sites\\\/3\\\/2020\\\/12\\\/logo.png\",\"contentUrl\":\"https:\\\/\\\/marktxxl.de\\\/markt\\\/wp-content\\\/uploads\\\/sites\\\/3\\\/2020\\\/12\\\/logo.png\",\"width\":200,\"height\":70,\"caption\":\"Markt-XXL\"},\"image\":{\"@id\":\"https:\\\/\\\/marktxxl.de\\\/markt\\\/#\\\/schema\\\/logo\\\/image\\\/\"}}]}<\/script>\n<!-- \/ Yoast SEO plugin. -->","yoast_head_json":{"title":"Wet Brush Original Detangler Disney Princess Collection - Aschenputtel - Markt-XXL","description":"Markt-XXL Wet Brush Original Detangler Disney Princess Collection - Aschenputtel","robots":{"index":"index","follow":"follow","max-snippet":"max-snippet:-1","max-image-preview":"max-image-preview:large","max-video-preview":"max-video-preview:-1"},"canonical":"https:\/\/marktxxl.de\/markt\/produkt\/wet-brush-original-detangler-disney-princess-collection-aschenputtel\/","og_locale":"de_DE","og_type":"article","og_title":"Wet Brush Original Detangler Disney Princess Collection - Aschenputtel - Markt-XXL","og_description":"Markt-XXL Wet Brush Original Detangler Disney Princess Collection - Aschenputtel","og_url":"https:\/\/marktxxl.de\/markt\/produkt\/wet-brush-original-detangler-disney-princess-collection-aschenputtel\/","og_site_name":"Markt-XXL","article_modified_time":"2023-04-09T01:10:23+00:00","og_image":[{"width":500,"height":500,"url":"https:\/\/m.media-amazon.com\/images\/I\/41zcc7m6nzL._SL500_.jpg","type":"image\/jpeg"}],"twitter_card":"summary_large_image","twitter_misc":{"Gesch\u00e4tzte Lesezeit":"1\u00a0Minute"},"schema":{"@context":"https:\/\/schema.org","@graph":[{"@type":"WebPage","@id":"https:\/\/marktxxl.de\/markt\/produkt\/wet-brush-original-detangler-disney-princess-collection-aschenputtel\/","url":"https:\/\/marktxxl.de\/markt\/produkt\/wet-brush-original-detangler-disney-princess-collection-aschenputtel\/","name":"Wet Brush Original Detangler Disney Princess Collection - Aschenputtel - Markt-XXL","isPartOf":{"@id":"https:\/\/marktxxl.de\/markt\/#website"},"primaryImageOfPage":{"@id":"https:\/\/marktxxl.de\/markt\/produkt\/wet-brush-original-detangler-disney-princess-collection-aschenputtel\/#primaryimage"},"image":{"@id":"https:\/\/marktxxl.de\/markt\/produkt\/wet-brush-original-detangler-disney-princess-collection-aschenputtel\/#primaryimage"},"thumbnailUrl":"https:\/\/m.media-amazon.com\/images\/I\/41zcc7m6nzL._SL500_.jpg","datePublished":"2022-02-26T19:39:47+00:00","dateModified":"2023-04-09T01:10:23+00:00","description":"Markt-XXL Wet Brush Original Detangler Disney Princess Collection - Aschenputtel","breadcrumb":{"@id":"https:\/\/marktxxl.de\/markt\/produkt\/wet-brush-original-detangler-disney-princess-collection-aschenputtel\/#breadcrumb"},"inLanguage":"de","potentialAction":[{"@type":"ReadAction","target":["https:\/\/marktxxl.de\/markt\/produkt\/wet-brush-original-detangler-disney-princess-collection-aschenputtel\/"]}]},{"@type":"ImageObject","inLanguage":"de","@id":"https:\/\/marktxxl.de\/markt\/produkt\/wet-brush-original-detangler-disney-princess-collection-aschenputtel\/#primaryimage","url":"https:\/\/m.media-amazon.com\/images\/I\/41zcc7m6nzL._SL500_.jpg","contentUrl":"https:\/\/m.media-amazon.com\/images\/I\/41zcc7m6nzL._SL500_.jpg","width":500,"height":500},{"@type":"BreadcrumbList","@id":"https:\/\/marktxxl.de\/markt\/produkt\/wet-brush-original-detangler-disney-princess-collection-aschenputtel\/#breadcrumb","itemListElement":[{"@type":"ListItem","position":1,"name":"Startseite","item":"https:\/\/marktxxl.de\/markt\/"},{"@type":"ListItem","position":2,"name":"Markt","item":"https:\/\/marktxxl.de\/markt\/"},{"@type":"ListItem","position":3,"name":"Wet Brush Original Detangler Disney Princess Collection &#8211; Aschenputtel"}]},{"@type":"WebSite","@id":"https:\/\/marktxxl.de\/markt\/#website","url":"https:\/\/marktxxl.de\/markt\/","name":"Markt-XXL","description":"Ihr Markt Online","publisher":{"@id":"https:\/\/marktxxl.de\/markt\/#organization"},"potentialAction":[{"@type":"SearchAction","target":{"@type":"EntryPoint","urlTemplate":"https:\/\/marktxxl.de\/markt\/?s={search_term_string}"},"query-input":{"@type":"PropertyValueSpecification","valueRequired":true,"valueName":"search_term_string"}}],"inLanguage":"de"},{"@type":"Organization","@id":"https:\/\/marktxxl.de\/markt\/#organization","name":"Markt-XXL","url":"https:\/\/marktxxl.de\/markt\/","logo":{"@type":"ImageObject","inLanguage":"de","@id":"https:\/\/marktxxl.de\/markt\/#\/schema\/logo\/image\/","url":"https:\/\/marktxxl.de\/markt\/wp-content\/uploads\/sites\/3\/2020\/12\/logo.png","contentUrl":"https:\/\/marktxxl.de\/markt\/wp-content\/uploads\/sites\/3\/2020\/12\/logo.png","width":200,"height":70,"caption":"Markt-XXL"},"image":{"@id":"https:\/\/marktxxl.de\/markt\/#\/schema\/logo\/image\/"}}]}},"_links":{"self":[{"href":"https:\/\/marktxxl.de\/markt\/wp-json\/wp\/v2\/product\/109815","targetHints":{"allow":["GET"]}}],"collection":[{"href":"https:\/\/marktxxl.de\/markt\/wp-json\/wp\/v2\/product"}],"about":[{"href":"https:\/\/marktxxl.de\/markt\/wp-json\/wp\/v2\/types\/product"}],"replies":[{"embeddable":true,"href":"https:\/\/marktxxl.de\/markt\/wp-json\/wp\/v2\/comments?post=109815"}],"wp:featuredmedia":[{"embeddable":true,"href":"https:\/\/marktxxl.de\/markt\/wp-json\/wp\/v2\/media\/109816"}],"wp:attachment":[{"href":"https:\/\/marktxxl.de\/markt\/wp-json\/wp\/v2\/media?parent=109815"}],"wp:term":[{"taxonomy":"product_brand","embeddable":true,"href":"https:\/\/marktxxl.de\/markt\/wp-json\/wp\/v2\/product_brand?post=109815"},{"taxonomy":"product_cat","embeddable":true,"href":"https:\/\/marktxxl.de\/markt\/wp-json\/wp\/v2\/product_cat?post=109815"},{"taxonomy":"product_tag","embeddable":true,"href":"https:\/\/marktxxl.de\/markt\/wp-json\/wp\/v2\/product_tag?post=109815"}],"curies":[{"name":"wp","href":"https:\/\/api.w.org\/{rel}","templated":true}]}}