{"id":109735,"date":"2022-02-26T20:34:11","date_gmt":"2022-02-26T19:34:11","guid":{"rendered":"https:\/\/marktxxl.de\/markt\/produkt\/bgl-doppelter-toilettenpapierhalter-mit-ablage-304-edelstahl-wandrollenpapierhalter-fuer-hoteldekoration-chrom\/"},"modified":"2023-04-09T03:10:21","modified_gmt":"2023-04-09T01:10:21","slug":"bgl-doppelter-toilettenpapierhalter-mit-ablage-304-edelstahl-wandrollenpapierhalter-fuer-hoteldekoration-chrom","status":"publish","type":"product","link":"https:\/\/marktxxl.de\/markt\/produkt\/bgl-doppelter-toilettenpapierhalter-mit-ablage-304-edelstahl-wandrollenpapierhalter-fuer-hoteldekoration-chrom\/","title":{"rendered":"BGL Doppelter Toilettenpapierhalter mit Ablage, 304 Edelstahl, Wandrollenpapierhalter f\u00fcr Hoteldekoration (Chrom)"},"content":{"rendered":"<p>Offenes Doppelrollen-Design: Das offene Design des Toilettenpapierhalters erm\u00f6glicht es Ihnen, die Papiermenge zu sehen, ohne dass es Ihnen peinlich ist, ohne Ersatzpapier kein Papier mehr zu haben. Sie k\u00f6nnen die Rolle selten wechseln, da bei zwei Rollen Ihr Papiervorrat reicht doppelt so lang.<br \/>\nHochwertiges Design, einfach zu installieren: Das Toilettenpapiergestell besteht aus rostfreiem Edelstahl SUS304, ist langlebig und nicht leicht zu rosten. Zwei Endstangen verhindern das Herunterfallen der Papierrollen. Alle f\u00fcr die Installation erforderlichen Teile sind im Lieferumfang enthalten Das versteckte Schraubenmontagesystem ist einfach zu installieren.<br \/>\nRegale: Lagerregale funktionieren mit den meisten Smartphones. Sie m\u00fcssen sich keine Sorgen machen, dass Sie Ihr Telefon in die Toilette werfen m\u00fcssen, w\u00e4hrend Sie auf einen Anruf warten. Gleichzeitig k\u00f6nnen auch Deodorant, Parf\u00fcm und andere praktische und bequeme Gegenst\u00e4nde platziert werden.<br \/>\nEinfaches Design: Der Toilettenpapierhalter mit Regal ist einfach, perfekt f\u00fcr Schlafzimmer, Bad, Toilette, K\u00fcche usw. Die saubere und sch\u00f6ne Metallic-Farbe passt perfekt zu jeder Art von Dekoration oder Innendekoration.<br \/>\nVielseitig: Der Toilettenpapierhalter mit Regal ist praktisch f\u00fcr die Aufbewahrung Ihres Handys oder anderer Dinge wie iPad mini, Feuchtt\u00fccher, Wischtuchbeh\u00e4lter, Fl\u00fcssigseife, Lotion, Lufterfrischer, Handtuch, Brieftasche, Aschenbecher, Uhr, Pflanze, Schl\u00fcssel , Gl\u00e4ser, kleine B\u00fccher oder Handreiniger. Legen Sie eine Zimmerpflanze auf die Oberseite und Toilettenpapier darunter.<br \/>\n<div class=\"main-cross-sell\" data-asin=\"B07R4V4YF9\">\n\n\t<div class=\"WooZone-cross-sell-loader\">\n\t\t<div>\n\t\t\t<div id=\"floatingBarsG\">\n\t\t\t\t<div class=\"blockG\" id=\"rotateG_01\"><\/div>\n\t\t\t\t<div class=\"blockG\" id=\"rotateG_02\"><\/div>\n\t\t\t\t<div class=\"blockG\" id=\"rotateG_03\"><\/div>\n\t\t\t\t<div class=\"blockG\" id=\"rotateG_04\"><\/div>\n\t\t\t\t<div class=\"blockG\" id=\"rotateG_05\"><\/div>\n\t\t\t\t<div class=\"blockG\" id=\"rotateG_06\"><\/div>\n\t\t\t\t<div class=\"blockG\" id=\"rotateG_07\"><\/div>\n\t\t\t\t<div class=\"blockG\" id=\"rotateG_08\"><\/div>\n\t\t\t<\/div>\n\t\t\t<div class=\"WooZone-cross-sell-loader-text\"><\/div>\n\t\t<\/div>\n\t<\/div>\n\n\t\t\n<\/div>\n<div style=\"clear:both;\"><\/div><\/p>\n","protected":false},"excerpt":{"rendered":"<p>Offenes Doppelrollen-Design: Das offene Design des Toilettenpapierhalters erm\u00f6glicht es Ihnen, die Papiermenge zu sehen, ohne dass es Ihnen peinlich ist, ohne Ersatzpapier kein Papier mehr zu haben. Sie k\u00f6nnen die Rolle selten wechseln, da bei zwei Rollen Ihr Papiervorrat reicht doppelt so lang.<br \/>\nHochwertiges Design, einfach zu installieren: Das Toilettenpapiergestell besteht aus rostfreiem Edelstahl SUS304, ist langlebig und nicht leicht zu rosten. Zwei Endstangen verhindern das Herunterfallen der Papierrollen. Alle f\u00fcr die Installation erforderlichen Teile sind im Lieferumfang enthalten Das versteckte Schraubenmontagesystem ist einfach zu installieren.<br \/>\nRegale: Lagerregale funktionieren mit den meisten Smartphones. Sie m\u00fcssen sich keine Sorgen machen, dass Sie Ihr Telefon in die Toilette werfen m\u00fcssen, w\u00e4hrend Sie auf einen Anruf warten. Gleichzeitig k\u00f6nnen auch Deodorant, Parf\u00fcm und andere praktische und bequeme Gegenst\u00e4nde platziert werden.<\/p>\n","protected":false},"featured_media":109736,"comment_status":"open","ping_status":"closed","template":"","meta":[],"product_brand":[],"product_cat":[1983,10865],"product_tag":[],"class_list":{"0":"post-109735","1":"product","2":"type-product","3":"status-publish","4":"has-post-thumbnail","6":"product_cat-baumarkt","7":"product_cat-eisenwaren","8":"pa_brand-bgl","9":"pa_color-chrome","10":"pa_height-4-2125984209-zoll","11":"pa_length-10-629921249-zoll","12":"pa_manufacturer-wenzhou-baogeli-sanitary-wares-co-ltd","13":"pa_width-9-448818888-zoll","15":"first","16":"instock","17":"shipping-taxable","18":"purchasable","19":"product-type-simple","20":"customify-col","21":"product-has-gallery"},"yoast_head":"<!-- This site is optimized with the Yoast SEO plugin v27.3 - https:\/\/yoast.com\/product\/yoast-seo-wordpress\/ -->\n<title>BGL Doppelter Toilettenpapierhalter mit Ablage, 304 Edelstahl, Wandrollenpapierhalter f\u00fcr Hoteldekoration (Chrom) - Markt-XXL<\/title>\n<meta name=\"description\" content=\"Markt-XXL BGL Doppelter Toilettenpapierhalter mit Ablage, 304 Edelstahl, Wandrollenpapierhalter f\u00fcr Hoteldekoration (Chrom)\" \/>\n<meta name=\"robots\" content=\"index, follow, max-snippet:-1, max-image-preview:large, max-video-preview:-1\" \/>\n<link rel=\"canonical\" href=\"https:\/\/marktxxl.de\/markt\/produkt\/bgl-doppelter-toilettenpapierhalter-mit-ablage-304-edelstahl-wandrollenpapierhalter-fuer-hoteldekoration-chrom\/\" \/>\n<meta property=\"og:locale\" content=\"de_DE\" \/>\n<meta property=\"og:type\" content=\"article\" \/>\n<meta property=\"og:title\" content=\"BGL Doppelter Toilettenpapierhalter mit Ablage, 304 Edelstahl, Wandrollenpapierhalter f\u00fcr Hoteldekoration (Chrom) - Markt-XXL\" \/>\n<meta property=\"og:description\" content=\"Markt-XXL BGL Doppelter Toilettenpapierhalter mit Ablage, 304 Edelstahl, Wandrollenpapierhalter f\u00fcr Hoteldekoration (Chrom)\" \/>\n<meta property=\"og:url\" content=\"https:\/\/marktxxl.de\/markt\/produkt\/bgl-doppelter-toilettenpapierhalter-mit-ablage-304-edelstahl-wandrollenpapierhalter-fuer-hoteldekoration-chrom\/\" \/>\n<meta property=\"og:site_name\" content=\"Markt-XXL\" \/>\n<meta property=\"article:modified_time\" content=\"2023-04-09T01:10:21+00:00\" \/>\n<meta property=\"og:image\" content=\"https:\/\/m.media-amazon.com\/images\/I\/41tCfctCVXL._SL500_.jpg\" \/>\n\t<meta property=\"og:image:width\" content=\"500\" \/>\n\t<meta property=\"og:image:height\" content=\"500\" \/>\n\t<meta property=\"og:image:type\" content=\"image\/jpeg\" \/>\n<meta name=\"twitter:card\" content=\"summary_large_image\" \/>\n<meta name=\"twitter:label1\" content=\"Gesch\u00e4tzte Lesezeit\" \/>\n\t<meta name=\"twitter:data1\" content=\"1\u00a0Minute\" \/>\n<script type=\"application\/ld+json\" class=\"yoast-schema-graph\">{\"@context\":\"https:\\\/\\\/schema.org\",\"@graph\":[{\"@type\":\"WebPage\",\"@id\":\"https:\\\/\\\/marktxxl.de\\\/markt\\\/produkt\\\/bgl-doppelter-toilettenpapierhalter-mit-ablage-304-edelstahl-wandrollenpapierhalter-fuer-hoteldekoration-chrom\\\/\",\"url\":\"https:\\\/\\\/marktxxl.de\\\/markt\\\/produkt\\\/bgl-doppelter-toilettenpapierhalter-mit-ablage-304-edelstahl-wandrollenpapierhalter-fuer-hoteldekoration-chrom\\\/\",\"name\":\"BGL Doppelter Toilettenpapierhalter mit Ablage, 304 Edelstahl, Wandrollenpapierhalter f\u00fcr Hoteldekoration (Chrom) - Markt-XXL\",\"isPartOf\":{\"@id\":\"https:\\\/\\\/marktxxl.de\\\/markt\\\/#website\"},\"primaryImageOfPage\":{\"@id\":\"https:\\\/\\\/marktxxl.de\\\/markt\\\/produkt\\\/bgl-doppelter-toilettenpapierhalter-mit-ablage-304-edelstahl-wandrollenpapierhalter-fuer-hoteldekoration-chrom\\\/#primaryimage\"},\"image\":{\"@id\":\"https:\\\/\\\/marktxxl.de\\\/markt\\\/produkt\\\/bgl-doppelter-toilettenpapierhalter-mit-ablage-304-edelstahl-wandrollenpapierhalter-fuer-hoteldekoration-chrom\\\/#primaryimage\"},\"thumbnailUrl\":\"https:\\\/\\\/m.media-amazon.com\\\/images\\\/I\\\/41tCfctCVXL._SL500_.jpg\",\"datePublished\":\"2022-02-26T19:34:11+00:00\",\"dateModified\":\"2023-04-09T01:10:21+00:00\",\"description\":\"Markt-XXL BGL Doppelter Toilettenpapierhalter mit Ablage, 304 Edelstahl, Wandrollenpapierhalter f\u00fcr Hoteldekoration (Chrom)\",\"breadcrumb\":{\"@id\":\"https:\\\/\\\/marktxxl.de\\\/markt\\\/produkt\\\/bgl-doppelter-toilettenpapierhalter-mit-ablage-304-edelstahl-wandrollenpapierhalter-fuer-hoteldekoration-chrom\\\/#breadcrumb\"},\"inLanguage\":\"de\",\"potentialAction\":[{\"@type\":\"ReadAction\",\"target\":[\"https:\\\/\\\/marktxxl.de\\\/markt\\\/produkt\\\/bgl-doppelter-toilettenpapierhalter-mit-ablage-304-edelstahl-wandrollenpapierhalter-fuer-hoteldekoration-chrom\\\/\"]}]},{\"@type\":\"ImageObject\",\"inLanguage\":\"de\",\"@id\":\"https:\\\/\\\/marktxxl.de\\\/markt\\\/produkt\\\/bgl-doppelter-toilettenpapierhalter-mit-ablage-304-edelstahl-wandrollenpapierhalter-fuer-hoteldekoration-chrom\\\/#primaryimage\",\"url\":\"https:\\\/\\\/m.media-amazon.com\\\/images\\\/I\\\/41tCfctCVXL._SL500_.jpg\",\"contentUrl\":\"https:\\\/\\\/m.media-amazon.com\\\/images\\\/I\\\/41tCfctCVXL._SL500_.jpg\",\"width\":500,\"height\":500},{\"@type\":\"BreadcrumbList\",\"@id\":\"https:\\\/\\\/marktxxl.de\\\/markt\\\/produkt\\\/bgl-doppelter-toilettenpapierhalter-mit-ablage-304-edelstahl-wandrollenpapierhalter-fuer-hoteldekoration-chrom\\\/#breadcrumb\",\"itemListElement\":[{\"@type\":\"ListItem\",\"position\":1,\"name\":\"Startseite\",\"item\":\"https:\\\/\\\/marktxxl.de\\\/markt\\\/\"},{\"@type\":\"ListItem\",\"position\":2,\"name\":\"Markt\",\"item\":\"https:\\\/\\\/marktxxl.de\\\/markt\\\/\"},{\"@type\":\"ListItem\",\"position\":3,\"name\":\"BGL Doppelter Toilettenpapierhalter mit Ablage, 304 Edelstahl, Wandrollenpapierhalter f\u00fcr Hoteldekoration (Chrom)\"}]},{\"@type\":\"WebSite\",\"@id\":\"https:\\\/\\\/marktxxl.de\\\/markt\\\/#website\",\"url\":\"https:\\\/\\\/marktxxl.de\\\/markt\\\/\",\"name\":\"Markt-XXL\",\"description\":\"Ihr Markt Online\",\"publisher\":{\"@id\":\"https:\\\/\\\/marktxxl.de\\\/markt\\\/#organization\"},\"potentialAction\":[{\"@type\":\"SearchAction\",\"target\":{\"@type\":\"EntryPoint\",\"urlTemplate\":\"https:\\\/\\\/marktxxl.de\\\/markt\\\/?s={search_term_string}\"},\"query-input\":{\"@type\":\"PropertyValueSpecification\",\"valueRequired\":true,\"valueName\":\"search_term_string\"}}],\"inLanguage\":\"de\"},{\"@type\":\"Organization\",\"@id\":\"https:\\\/\\\/marktxxl.de\\\/markt\\\/#organization\",\"name\":\"Markt-XXL\",\"url\":\"https:\\\/\\\/marktxxl.de\\\/markt\\\/\",\"logo\":{\"@type\":\"ImageObject\",\"inLanguage\":\"de\",\"@id\":\"https:\\\/\\\/marktxxl.de\\\/markt\\\/#\\\/schema\\\/logo\\\/image\\\/\",\"url\":\"https:\\\/\\\/marktxxl.de\\\/markt\\\/wp-content\\\/uploads\\\/sites\\\/3\\\/2020\\\/12\\\/logo.png\",\"contentUrl\":\"https:\\\/\\\/marktxxl.de\\\/markt\\\/wp-content\\\/uploads\\\/sites\\\/3\\\/2020\\\/12\\\/logo.png\",\"width\":200,\"height\":70,\"caption\":\"Markt-XXL\"},\"image\":{\"@id\":\"https:\\\/\\\/marktxxl.de\\\/markt\\\/#\\\/schema\\\/logo\\\/image\\\/\"}}]}<\/script>\n<!-- \/ Yoast SEO plugin. -->","yoast_head_json":{"title":"BGL Doppelter Toilettenpapierhalter mit Ablage, 304 Edelstahl, Wandrollenpapierhalter f\u00fcr Hoteldekoration (Chrom) - Markt-XXL","description":"Markt-XXL BGL Doppelter Toilettenpapierhalter mit Ablage, 304 Edelstahl, Wandrollenpapierhalter f\u00fcr Hoteldekoration (Chrom)","robots":{"index":"index","follow":"follow","max-snippet":"max-snippet:-1","max-image-preview":"max-image-preview:large","max-video-preview":"max-video-preview:-1"},"canonical":"https:\/\/marktxxl.de\/markt\/produkt\/bgl-doppelter-toilettenpapierhalter-mit-ablage-304-edelstahl-wandrollenpapierhalter-fuer-hoteldekoration-chrom\/","og_locale":"de_DE","og_type":"article","og_title":"BGL Doppelter Toilettenpapierhalter mit Ablage, 304 Edelstahl, Wandrollenpapierhalter f\u00fcr Hoteldekoration (Chrom) - Markt-XXL","og_description":"Markt-XXL BGL Doppelter Toilettenpapierhalter mit Ablage, 304 Edelstahl, Wandrollenpapierhalter f\u00fcr Hoteldekoration (Chrom)","og_url":"https:\/\/marktxxl.de\/markt\/produkt\/bgl-doppelter-toilettenpapierhalter-mit-ablage-304-edelstahl-wandrollenpapierhalter-fuer-hoteldekoration-chrom\/","og_site_name":"Markt-XXL","article_modified_time":"2023-04-09T01:10:21+00:00","og_image":[{"width":500,"height":500,"url":"https:\/\/m.media-amazon.com\/images\/I\/41tCfctCVXL._SL500_.jpg","type":"image\/jpeg"}],"twitter_card":"summary_large_image","twitter_misc":{"Gesch\u00e4tzte Lesezeit":"1\u00a0Minute"},"schema":{"@context":"https:\/\/schema.org","@graph":[{"@type":"WebPage","@id":"https:\/\/marktxxl.de\/markt\/produkt\/bgl-doppelter-toilettenpapierhalter-mit-ablage-304-edelstahl-wandrollenpapierhalter-fuer-hoteldekoration-chrom\/","url":"https:\/\/marktxxl.de\/markt\/produkt\/bgl-doppelter-toilettenpapierhalter-mit-ablage-304-edelstahl-wandrollenpapierhalter-fuer-hoteldekoration-chrom\/","name":"BGL Doppelter Toilettenpapierhalter mit Ablage, 304 Edelstahl, Wandrollenpapierhalter f\u00fcr Hoteldekoration (Chrom) - Markt-XXL","isPartOf":{"@id":"https:\/\/marktxxl.de\/markt\/#website"},"primaryImageOfPage":{"@id":"https:\/\/marktxxl.de\/markt\/produkt\/bgl-doppelter-toilettenpapierhalter-mit-ablage-304-edelstahl-wandrollenpapierhalter-fuer-hoteldekoration-chrom\/#primaryimage"},"image":{"@id":"https:\/\/marktxxl.de\/markt\/produkt\/bgl-doppelter-toilettenpapierhalter-mit-ablage-304-edelstahl-wandrollenpapierhalter-fuer-hoteldekoration-chrom\/#primaryimage"},"thumbnailUrl":"https:\/\/m.media-amazon.com\/images\/I\/41tCfctCVXL._SL500_.jpg","datePublished":"2022-02-26T19:34:11+00:00","dateModified":"2023-04-09T01:10:21+00:00","description":"Markt-XXL BGL Doppelter Toilettenpapierhalter mit Ablage, 304 Edelstahl, Wandrollenpapierhalter f\u00fcr Hoteldekoration (Chrom)","breadcrumb":{"@id":"https:\/\/marktxxl.de\/markt\/produkt\/bgl-doppelter-toilettenpapierhalter-mit-ablage-304-edelstahl-wandrollenpapierhalter-fuer-hoteldekoration-chrom\/#breadcrumb"},"inLanguage":"de","potentialAction":[{"@type":"ReadAction","target":["https:\/\/marktxxl.de\/markt\/produkt\/bgl-doppelter-toilettenpapierhalter-mit-ablage-304-edelstahl-wandrollenpapierhalter-fuer-hoteldekoration-chrom\/"]}]},{"@type":"ImageObject","inLanguage":"de","@id":"https:\/\/marktxxl.de\/markt\/produkt\/bgl-doppelter-toilettenpapierhalter-mit-ablage-304-edelstahl-wandrollenpapierhalter-fuer-hoteldekoration-chrom\/#primaryimage","url":"https:\/\/m.media-amazon.com\/images\/I\/41tCfctCVXL._SL500_.jpg","contentUrl":"https:\/\/m.media-amazon.com\/images\/I\/41tCfctCVXL._SL500_.jpg","width":500,"height":500},{"@type":"BreadcrumbList","@id":"https:\/\/marktxxl.de\/markt\/produkt\/bgl-doppelter-toilettenpapierhalter-mit-ablage-304-edelstahl-wandrollenpapierhalter-fuer-hoteldekoration-chrom\/#breadcrumb","itemListElement":[{"@type":"ListItem","position":1,"name":"Startseite","item":"https:\/\/marktxxl.de\/markt\/"},{"@type":"ListItem","position":2,"name":"Markt","item":"https:\/\/marktxxl.de\/markt\/"},{"@type":"ListItem","position":3,"name":"BGL Doppelter Toilettenpapierhalter mit Ablage, 304 Edelstahl, Wandrollenpapierhalter f\u00fcr Hoteldekoration (Chrom)"}]},{"@type":"WebSite","@id":"https:\/\/marktxxl.de\/markt\/#website","url":"https:\/\/marktxxl.de\/markt\/","name":"Markt-XXL","description":"Ihr Markt Online","publisher":{"@id":"https:\/\/marktxxl.de\/markt\/#organization"},"potentialAction":[{"@type":"SearchAction","target":{"@type":"EntryPoint","urlTemplate":"https:\/\/marktxxl.de\/markt\/?s={search_term_string}"},"query-input":{"@type":"PropertyValueSpecification","valueRequired":true,"valueName":"search_term_string"}}],"inLanguage":"de"},{"@type":"Organization","@id":"https:\/\/marktxxl.de\/markt\/#organization","name":"Markt-XXL","url":"https:\/\/marktxxl.de\/markt\/","logo":{"@type":"ImageObject","inLanguage":"de","@id":"https:\/\/marktxxl.de\/markt\/#\/schema\/logo\/image\/","url":"https:\/\/marktxxl.de\/markt\/wp-content\/uploads\/sites\/3\/2020\/12\/logo.png","contentUrl":"https:\/\/marktxxl.de\/markt\/wp-content\/uploads\/sites\/3\/2020\/12\/logo.png","width":200,"height":70,"caption":"Markt-XXL"},"image":{"@id":"https:\/\/marktxxl.de\/markt\/#\/schema\/logo\/image\/"}}]}},"_links":{"self":[{"href":"https:\/\/marktxxl.de\/markt\/wp-json\/wp\/v2\/product\/109735","targetHints":{"allow":["GET"]}}],"collection":[{"href":"https:\/\/marktxxl.de\/markt\/wp-json\/wp\/v2\/product"}],"about":[{"href":"https:\/\/marktxxl.de\/markt\/wp-json\/wp\/v2\/types\/product"}],"replies":[{"embeddable":true,"href":"https:\/\/marktxxl.de\/markt\/wp-json\/wp\/v2\/comments?post=109735"}],"wp:featuredmedia":[{"embeddable":true,"href":"https:\/\/marktxxl.de\/markt\/wp-json\/wp\/v2\/media\/109736"}],"wp:attachment":[{"href":"https:\/\/marktxxl.de\/markt\/wp-json\/wp\/v2\/media?parent=109735"}],"wp:term":[{"taxonomy":"product_brand","embeddable":true,"href":"https:\/\/marktxxl.de\/markt\/wp-json\/wp\/v2\/product_brand?post=109735"},{"taxonomy":"product_cat","embeddable":true,"href":"https:\/\/marktxxl.de\/markt\/wp-json\/wp\/v2\/product_cat?post=109735"},{"taxonomy":"product_tag","embeddable":true,"href":"https:\/\/marktxxl.de\/markt\/wp-json\/wp\/v2\/product_tag?post=109735"}],"curies":[{"name":"wp","href":"https:\/\/api.w.org\/{rel}","templated":true}]}}