{"id":109723,"date":"2022-02-26T20:33:58","date_gmt":"2022-02-26T19:33:58","guid":{"rendered":"https:\/\/marktxxl.de\/markt\/produkt\/magnethaken6-stueck-starker-neodym-hacken-9kg-staerksten-schwere-magnetischer-haken-mehrzweck-magnetische-hakendurchmesser-20mm\/"},"modified":"2023-04-09T03:10:21","modified_gmt":"2023-04-09T01:10:21","slug":"magnethaken6-stueck-starker-neodym-hacken-9kg-staerksten-schwere-magnetischer-haken-mehrzweck-magnetische-hakendurchmesser-20mm","status":"publish","type":"product","link":"https:\/\/marktxxl.de\/markt\/produkt\/magnethaken6-stueck-starker-neodym-hacken-9kg-staerksten-schwere-magnetischer-haken-mehrzweck-magnetische-hakendurchmesser-20mm\/","title":{"rendered":"Magnethaken,6 St\u00fcck Starker Neodym Hacken 9kg st\u00e4rksten schwere Magnetischer Haken Mehrzweck Magnetische Haken\u2026"},"content":{"rendered":"<p>\u27a4Lieferumfang: 6 St\u00fcck Starke Magnethaken<br \/>\n\u27a4Material der Hohen Qualit\u00e4t: Haken und Unterseite im Stahl mit Neodymmagneten<br \/>\n\u27a4Starke Magnetische: 20mm Durchmesser,Vertikale Pull Attraktion von 9 Kg<br \/>\n\u27a4Vielseitig ohne Werkzeug einsetzbar: Einfache Installation ohne Bohren, ohne Schrauben, N\u00e4gel, ohne Werkzeug<br \/>\n\u27a4Mehrfacher Nutzen: Perfekt geeignet, um Dinge aufzuh\u00e4ngen, sei es am K\u00fchlschrank, in der Garage, im B\u00fcro, K\u00fcche, Modellbau, Werkstatt, Montage, K\u00fchlschr\u00e4nke, Flipcharts, Pinnw\u00e4nde u.v.m. Kann an nahezu jeder metallischen Oberfl\u00e4che im Handumdrehen angebracht werden, ohne Montage.<br \/>\n<div class=\"main-cross-sell\" data-asin=\"B07DVLBXRM\">\n\n\t<div class=\"WooZone-cross-sell-loader\">\n\t\t<div>\n\t\t\t<div id=\"floatingBarsG\">\n\t\t\t\t<div class=\"blockG\" id=\"rotateG_01\"><\/div>\n\t\t\t\t<div class=\"blockG\" id=\"rotateG_02\"><\/div>\n\t\t\t\t<div class=\"blockG\" id=\"rotateG_03\"><\/div>\n\t\t\t\t<div class=\"blockG\" id=\"rotateG_04\"><\/div>\n\t\t\t\t<div class=\"blockG\" id=\"rotateG_05\"><\/div>\n\t\t\t\t<div class=\"blockG\" id=\"rotateG_06\"><\/div>\n\t\t\t\t<div class=\"blockG\" id=\"rotateG_07\"><\/div>\n\t\t\t\t<div class=\"blockG\" id=\"rotateG_08\"><\/div>\n\t\t\t<\/div>\n\t\t\t<div class=\"WooZone-cross-sell-loader-text\"><\/div>\n\t\t<\/div>\n\t<\/div>\n\n\t\t\n<\/div>\n<div style=\"clear:both;\"><\/div><\/p>\n","protected":false},"excerpt":{"rendered":"<p>\u27a4Lieferumfang: 6 St\u00fcck Starke Magnethaken<br \/>\n\u27a4Material der Hohen Qualit\u00e4t: Haken und Unterseite im Stahl mit Neodymmagneten<br \/>\n\u27a4Starke Magnetische: 20mm Durchmesser,Vertikale Pull Attraktion von 9 Kg<\/p>\n","protected":false},"featured_media":109724,"comment_status":"open","ping_status":"closed","template":"","meta":[],"product_brand":[],"product_cat":[1983,10865],"product_tag":[],"class_list":{"0":"post-109723","1":"product","2":"type-product","3":"status-publish","4":"has-post-thumbnail","6":"product_cat-baumarkt","7":"product_cat-eisenwaren","8":"pa_brand-sunriz","9":"pa_manufacturer-sunriz","11":"first","12":"instock","13":"shipping-taxable","14":"purchasable","15":"product-type-simple","16":"customify-col","17":"product-has-gallery"},"yoast_head":"<!-- This site is optimized with the Yoast SEO plugin v27.4 - https:\/\/yoast.com\/product\/yoast-seo-wordpress\/ -->\n<title>Magnethaken,6 St\u00fcck Starker Neodym Hacken 9kg st\u00e4rksten schwere Magnetischer Haken Mehrzweck Magnetische Haken\u2026 - Markt-XXL<\/title>\n<meta name=\"description\" content=\"Markt-XXL Magnethaken,6 St\u00fcck Starker Neodym Hacken 9kg st\u00e4rksten schwere Magnetischer Haken Mehrzweck Magnetische Haken\u2026\" \/>\n<meta name=\"robots\" content=\"index, follow, max-snippet:-1, max-image-preview:large, max-video-preview:-1\" \/>\n<link rel=\"canonical\" href=\"https:\/\/marktxxl.de\/markt\/produkt\/magnethaken6-stueck-starker-neodym-hacken-9kg-staerksten-schwere-magnetischer-haken-mehrzweck-magnetische-hakendurchmesser-20mm\/\" \/>\n<meta property=\"og:locale\" content=\"de_DE\" \/>\n<meta property=\"og:type\" content=\"article\" \/>\n<meta property=\"og:title\" content=\"Magnethaken,6 St\u00fcck Starker Neodym Hacken 9kg st\u00e4rksten schwere Magnetischer Haken Mehrzweck Magnetische Haken\u2026 - Markt-XXL\" \/>\n<meta property=\"og:description\" content=\"Markt-XXL Magnethaken,6 St\u00fcck Starker Neodym Hacken 9kg st\u00e4rksten schwere Magnetischer Haken Mehrzweck Magnetische Haken\u2026\" \/>\n<meta property=\"og:url\" content=\"https:\/\/marktxxl.de\/markt\/produkt\/magnethaken6-stueck-starker-neodym-hacken-9kg-staerksten-schwere-magnetischer-haken-mehrzweck-magnetische-hakendurchmesser-20mm\/\" \/>\n<meta property=\"og:site_name\" content=\"Markt-XXL\" \/>\n<meta property=\"article:modified_time\" content=\"2023-04-09T01:10:21+00:00\" \/>\n<meta property=\"og:image\" content=\"https:\/\/m.media-amazon.com\/images\/I\/41T2Xl2b++L._SL500_.jpg\" \/>\n\t<meta property=\"og:image:width\" content=\"500\" \/>\n\t<meta property=\"og:image:height\" content=\"500\" \/>\n\t<meta property=\"og:image:type\" content=\"image\/jpeg\" \/>\n<meta name=\"twitter:card\" content=\"summary_large_image\" \/>\n<script type=\"application\/ld+json\" class=\"yoast-schema-graph\">{\"@context\":\"https:\\\/\\\/schema.org\",\"@graph\":[{\"@type\":\"WebPage\",\"@id\":\"https:\\\/\\\/marktxxl.de\\\/markt\\\/produkt\\\/magnethaken6-stueck-starker-neodym-hacken-9kg-staerksten-schwere-magnetischer-haken-mehrzweck-magnetische-hakendurchmesser-20mm\\\/\",\"url\":\"https:\\\/\\\/marktxxl.de\\\/markt\\\/produkt\\\/magnethaken6-stueck-starker-neodym-hacken-9kg-staerksten-schwere-magnetischer-haken-mehrzweck-magnetische-hakendurchmesser-20mm\\\/\",\"name\":\"Magnethaken,6 St\u00fcck Starker Neodym Hacken 9kg st\u00e4rksten schwere Magnetischer Haken Mehrzweck Magnetische Haken\u2026 - Markt-XXL\",\"isPartOf\":{\"@id\":\"https:\\\/\\\/marktxxl.de\\\/markt\\\/#website\"},\"primaryImageOfPage\":{\"@id\":\"https:\\\/\\\/marktxxl.de\\\/markt\\\/produkt\\\/magnethaken6-stueck-starker-neodym-hacken-9kg-staerksten-schwere-magnetischer-haken-mehrzweck-magnetische-hakendurchmesser-20mm\\\/#primaryimage\"},\"image\":{\"@id\":\"https:\\\/\\\/marktxxl.de\\\/markt\\\/produkt\\\/magnethaken6-stueck-starker-neodym-hacken-9kg-staerksten-schwere-magnetischer-haken-mehrzweck-magnetische-hakendurchmesser-20mm\\\/#primaryimage\"},\"thumbnailUrl\":\"https:\\\/\\\/m.media-amazon.com\\\/images\\\/I\\\/41T2Xl2b++L._SL500_.jpg\",\"datePublished\":\"2022-02-26T19:33:58+00:00\",\"dateModified\":\"2023-04-09T01:10:21+00:00\",\"description\":\"Markt-XXL Magnethaken,6 St\u00fcck Starker Neodym Hacken 9kg st\u00e4rksten schwere Magnetischer Haken Mehrzweck Magnetische Haken\u2026\",\"breadcrumb\":{\"@id\":\"https:\\\/\\\/marktxxl.de\\\/markt\\\/produkt\\\/magnethaken6-stueck-starker-neodym-hacken-9kg-staerksten-schwere-magnetischer-haken-mehrzweck-magnetische-hakendurchmesser-20mm\\\/#breadcrumb\"},\"inLanguage\":\"de\",\"potentialAction\":[{\"@type\":\"ReadAction\",\"target\":[\"https:\\\/\\\/marktxxl.de\\\/markt\\\/produkt\\\/magnethaken6-stueck-starker-neodym-hacken-9kg-staerksten-schwere-magnetischer-haken-mehrzweck-magnetische-hakendurchmesser-20mm\\\/\"]}]},{\"@type\":\"ImageObject\",\"inLanguage\":\"de\",\"@id\":\"https:\\\/\\\/marktxxl.de\\\/markt\\\/produkt\\\/magnethaken6-stueck-starker-neodym-hacken-9kg-staerksten-schwere-magnetischer-haken-mehrzweck-magnetische-hakendurchmesser-20mm\\\/#primaryimage\",\"url\":\"https:\\\/\\\/m.media-amazon.com\\\/images\\\/I\\\/41T2Xl2b++L._SL500_.jpg\",\"contentUrl\":\"https:\\\/\\\/m.media-amazon.com\\\/images\\\/I\\\/41T2Xl2b++L._SL500_.jpg\",\"width\":500,\"height\":500},{\"@type\":\"BreadcrumbList\",\"@id\":\"https:\\\/\\\/marktxxl.de\\\/markt\\\/produkt\\\/magnethaken6-stueck-starker-neodym-hacken-9kg-staerksten-schwere-magnetischer-haken-mehrzweck-magnetische-hakendurchmesser-20mm\\\/#breadcrumb\",\"itemListElement\":[{\"@type\":\"ListItem\",\"position\":1,\"name\":\"Startseite\",\"item\":\"https:\\\/\\\/marktxxl.de\\\/markt\\\/\"},{\"@type\":\"ListItem\",\"position\":2,\"name\":\"Markt\",\"item\":\"https:\\\/\\\/marktxxl.de\\\/markt\\\/\"},{\"@type\":\"ListItem\",\"position\":3,\"name\":\"Magnethaken,6 St\u00fcck Starker Neodym Hacken 9kg st\u00e4rksten schwere Magnetischer Haken Mehrzweck Magnetische Haken\u2026\"}]},{\"@type\":\"WebSite\",\"@id\":\"https:\\\/\\\/marktxxl.de\\\/markt\\\/#website\",\"url\":\"https:\\\/\\\/marktxxl.de\\\/markt\\\/\",\"name\":\"Markt-XXL\",\"description\":\"Ihr Markt Online\",\"publisher\":{\"@id\":\"https:\\\/\\\/marktxxl.de\\\/markt\\\/#organization\"},\"potentialAction\":[{\"@type\":\"SearchAction\",\"target\":{\"@type\":\"EntryPoint\",\"urlTemplate\":\"https:\\\/\\\/marktxxl.de\\\/markt\\\/?s={search_term_string}\"},\"query-input\":{\"@type\":\"PropertyValueSpecification\",\"valueRequired\":true,\"valueName\":\"search_term_string\"}}],\"inLanguage\":\"de\"},{\"@type\":\"Organization\",\"@id\":\"https:\\\/\\\/marktxxl.de\\\/markt\\\/#organization\",\"name\":\"Markt-XXL\",\"url\":\"https:\\\/\\\/marktxxl.de\\\/markt\\\/\",\"logo\":{\"@type\":\"ImageObject\",\"inLanguage\":\"de\",\"@id\":\"https:\\\/\\\/marktxxl.de\\\/markt\\\/#\\\/schema\\\/logo\\\/image\\\/\",\"url\":\"https:\\\/\\\/marktxxl.de\\\/markt\\\/wp-content\\\/uploads\\\/sites\\\/3\\\/2020\\\/12\\\/logo.png\",\"contentUrl\":\"https:\\\/\\\/marktxxl.de\\\/markt\\\/wp-content\\\/uploads\\\/sites\\\/3\\\/2020\\\/12\\\/logo.png\",\"width\":200,\"height\":70,\"caption\":\"Markt-XXL\"},\"image\":{\"@id\":\"https:\\\/\\\/marktxxl.de\\\/markt\\\/#\\\/schema\\\/logo\\\/image\\\/\"}}]}<\/script>\n<!-- \/ Yoast SEO plugin. -->","yoast_head_json":{"title":"Magnethaken,6 St\u00fcck Starker Neodym Hacken 9kg st\u00e4rksten schwere Magnetischer Haken Mehrzweck Magnetische Haken\u2026 - Markt-XXL","description":"Markt-XXL Magnethaken,6 St\u00fcck Starker Neodym Hacken 9kg st\u00e4rksten schwere Magnetischer Haken Mehrzweck Magnetische Haken\u2026","robots":{"index":"index","follow":"follow","max-snippet":"max-snippet:-1","max-image-preview":"max-image-preview:large","max-video-preview":"max-video-preview:-1"},"canonical":"https:\/\/marktxxl.de\/markt\/produkt\/magnethaken6-stueck-starker-neodym-hacken-9kg-staerksten-schwere-magnetischer-haken-mehrzweck-magnetische-hakendurchmesser-20mm\/","og_locale":"de_DE","og_type":"article","og_title":"Magnethaken,6 St\u00fcck Starker Neodym Hacken 9kg st\u00e4rksten schwere Magnetischer Haken Mehrzweck Magnetische Haken\u2026 - Markt-XXL","og_description":"Markt-XXL Magnethaken,6 St\u00fcck Starker Neodym Hacken 9kg st\u00e4rksten schwere Magnetischer Haken Mehrzweck Magnetische Haken\u2026","og_url":"https:\/\/marktxxl.de\/markt\/produkt\/magnethaken6-stueck-starker-neodym-hacken-9kg-staerksten-schwere-magnetischer-haken-mehrzweck-magnetische-hakendurchmesser-20mm\/","og_site_name":"Markt-XXL","article_modified_time":"2023-04-09T01:10:21+00:00","og_image":[{"width":500,"height":500,"url":"https:\/\/m.media-amazon.com\/images\/I\/41T2Xl2b++L._SL500_.jpg","type":"image\/jpeg"}],"twitter_card":"summary_large_image","schema":{"@context":"https:\/\/schema.org","@graph":[{"@type":"WebPage","@id":"https:\/\/marktxxl.de\/markt\/produkt\/magnethaken6-stueck-starker-neodym-hacken-9kg-staerksten-schwere-magnetischer-haken-mehrzweck-magnetische-hakendurchmesser-20mm\/","url":"https:\/\/marktxxl.de\/markt\/produkt\/magnethaken6-stueck-starker-neodym-hacken-9kg-staerksten-schwere-magnetischer-haken-mehrzweck-magnetische-hakendurchmesser-20mm\/","name":"Magnethaken,6 St\u00fcck Starker Neodym Hacken 9kg st\u00e4rksten schwere Magnetischer Haken Mehrzweck Magnetische Haken\u2026 - Markt-XXL","isPartOf":{"@id":"https:\/\/marktxxl.de\/markt\/#website"},"primaryImageOfPage":{"@id":"https:\/\/marktxxl.de\/markt\/produkt\/magnethaken6-stueck-starker-neodym-hacken-9kg-staerksten-schwere-magnetischer-haken-mehrzweck-magnetische-hakendurchmesser-20mm\/#primaryimage"},"image":{"@id":"https:\/\/marktxxl.de\/markt\/produkt\/magnethaken6-stueck-starker-neodym-hacken-9kg-staerksten-schwere-magnetischer-haken-mehrzweck-magnetische-hakendurchmesser-20mm\/#primaryimage"},"thumbnailUrl":"https:\/\/m.media-amazon.com\/images\/I\/41T2Xl2b++L._SL500_.jpg","datePublished":"2022-02-26T19:33:58+00:00","dateModified":"2023-04-09T01:10:21+00:00","description":"Markt-XXL Magnethaken,6 St\u00fcck Starker Neodym Hacken 9kg st\u00e4rksten schwere Magnetischer Haken Mehrzweck Magnetische Haken\u2026","breadcrumb":{"@id":"https:\/\/marktxxl.de\/markt\/produkt\/magnethaken6-stueck-starker-neodym-hacken-9kg-staerksten-schwere-magnetischer-haken-mehrzweck-magnetische-hakendurchmesser-20mm\/#breadcrumb"},"inLanguage":"de","potentialAction":[{"@type":"ReadAction","target":["https:\/\/marktxxl.de\/markt\/produkt\/magnethaken6-stueck-starker-neodym-hacken-9kg-staerksten-schwere-magnetischer-haken-mehrzweck-magnetische-hakendurchmesser-20mm\/"]}]},{"@type":"ImageObject","inLanguage":"de","@id":"https:\/\/marktxxl.de\/markt\/produkt\/magnethaken6-stueck-starker-neodym-hacken-9kg-staerksten-schwere-magnetischer-haken-mehrzweck-magnetische-hakendurchmesser-20mm\/#primaryimage","url":"https:\/\/m.media-amazon.com\/images\/I\/41T2Xl2b++L._SL500_.jpg","contentUrl":"https:\/\/m.media-amazon.com\/images\/I\/41T2Xl2b++L._SL500_.jpg","width":500,"height":500},{"@type":"BreadcrumbList","@id":"https:\/\/marktxxl.de\/markt\/produkt\/magnethaken6-stueck-starker-neodym-hacken-9kg-staerksten-schwere-magnetischer-haken-mehrzweck-magnetische-hakendurchmesser-20mm\/#breadcrumb","itemListElement":[{"@type":"ListItem","position":1,"name":"Startseite","item":"https:\/\/marktxxl.de\/markt\/"},{"@type":"ListItem","position":2,"name":"Markt","item":"https:\/\/marktxxl.de\/markt\/"},{"@type":"ListItem","position":3,"name":"Magnethaken,6 St\u00fcck Starker Neodym Hacken 9kg st\u00e4rksten schwere Magnetischer Haken Mehrzweck Magnetische Haken\u2026"}]},{"@type":"WebSite","@id":"https:\/\/marktxxl.de\/markt\/#website","url":"https:\/\/marktxxl.de\/markt\/","name":"Markt-XXL","description":"Ihr Markt Online","publisher":{"@id":"https:\/\/marktxxl.de\/markt\/#organization"},"potentialAction":[{"@type":"SearchAction","target":{"@type":"EntryPoint","urlTemplate":"https:\/\/marktxxl.de\/markt\/?s={search_term_string}"},"query-input":{"@type":"PropertyValueSpecification","valueRequired":true,"valueName":"search_term_string"}}],"inLanguage":"de"},{"@type":"Organization","@id":"https:\/\/marktxxl.de\/markt\/#organization","name":"Markt-XXL","url":"https:\/\/marktxxl.de\/markt\/","logo":{"@type":"ImageObject","inLanguage":"de","@id":"https:\/\/marktxxl.de\/markt\/#\/schema\/logo\/image\/","url":"https:\/\/marktxxl.de\/markt\/wp-content\/uploads\/sites\/3\/2020\/12\/logo.png","contentUrl":"https:\/\/marktxxl.de\/markt\/wp-content\/uploads\/sites\/3\/2020\/12\/logo.png","width":200,"height":70,"caption":"Markt-XXL"},"image":{"@id":"https:\/\/marktxxl.de\/markt\/#\/schema\/logo\/image\/"}}]}},"_links":{"self":[{"href":"https:\/\/marktxxl.de\/markt\/wp-json\/wp\/v2\/product\/109723","targetHints":{"allow":["GET"]}}],"collection":[{"href":"https:\/\/marktxxl.de\/markt\/wp-json\/wp\/v2\/product"}],"about":[{"href":"https:\/\/marktxxl.de\/markt\/wp-json\/wp\/v2\/types\/product"}],"replies":[{"embeddable":true,"href":"https:\/\/marktxxl.de\/markt\/wp-json\/wp\/v2\/comments?post=109723"}],"wp:featuredmedia":[{"embeddable":true,"href":"https:\/\/marktxxl.de\/markt\/wp-json\/wp\/v2\/media\/109724"}],"wp:attachment":[{"href":"https:\/\/marktxxl.de\/markt\/wp-json\/wp\/v2\/media?parent=109723"}],"wp:term":[{"taxonomy":"product_brand","embeddable":true,"href":"https:\/\/marktxxl.de\/markt\/wp-json\/wp\/v2\/product_brand?post=109723"},{"taxonomy":"product_cat","embeddable":true,"href":"https:\/\/marktxxl.de\/markt\/wp-json\/wp\/v2\/product_cat?post=109723"},{"taxonomy":"product_tag","embeddable":true,"href":"https:\/\/marktxxl.de\/markt\/wp-json\/wp\/v2\/product_tag?post=109723"}],"curies":[{"name":"wp","href":"https:\/\/api.w.org\/{rel}","templated":true}]}}