{"id":109668,"date":"2022-02-26T20:30:12","date_gmt":"2022-02-26T19:30:12","guid":{"rendered":"https:\/\/marktxxl.de\/markt\/produkt\/fassbender-druck-schilder-privatgrundstueck-kein-hundeklo-schild-kein-hundekot-t-001\/"},"modified":"2023-04-09T03:10:19","modified_gmt":"2023-04-09T01:10:19","slug":"fassbender-druck-schilder-privatgrundstueck-kein-hundeklo-schild-kein-hundekot-t-001","status":"publish","type":"product","link":"https:\/\/marktxxl.de\/markt\/produkt\/fassbender-druck-schilder-privatgrundstueck-kein-hundeklo-schild-kein-hundekot-t-001\/","title":{"rendered":"Privatgrundst\u00fcck &#8211; Kein Hundeklo Schild \/ Kein Hundekot \/ T-001 (10x15cm Aufkleber)"},"content":{"rendered":"<p>Material: bedruckte leichte &amp; biegesteife 3mm Aluverbundplatte \/ UV &#8211; &amp; Witterungsbest\u00e4ndig \/ Ecken abgerundet (r=7mm)<br \/>\nMontage: Schilder sind nicht gebohrt, k\u00f6nnen aber problemlos mit einem Metallbohrer vorgebohrt werden. Danach k\u00f6nnen Sie das Schild an eine Hauswand d\u00fcbeln, mit Kabelbinder an einen Zaun oder mit doppelseitigem Klebeband an eine Garage kleben.<br \/>\nLieferung: Der Versand wird per DHL oder mit der Deutschen Post erfolgen. Wir liefern jedoch nicht an Packstationen, bitte pr\u00fcfen Sie bei Ihrer Bestellung die Lieferadresse.<br \/>\nRechnung: Sie erhalten zu jedem Kauf eine Rechnung mit ausgewiesener MwSt. Diese wird Ihnen per eMail an Ihre Amazon eMail Adresse zugeschickt. Bitte pr\u00fcfen Sie auch regelm\u00e4\u00dfig Ihr Amazon Postfach.<br \/>\npassende Schildhalterung dazu? Dann geben Sie in die Amazon Suchzeile einfach &#8220;Fassbender-Druck Schildhalterung&#8221; ein. F\u00fcr weitere Schildervarianten klicken Sie bitte oben \u00fcber dem Preis auf: &#8220;Fassbender-Druck SCHILDER&#8221;.<br \/>\n<div class=\"main-cross-sell\" data-asin=\"B01MQS2J48\">\n\n\t<div class=\"WooZone-cross-sell-loader\">\n\t\t<div>\n\t\t\t<div id=\"floatingBarsG\">\n\t\t\t\t<div class=\"blockG\" id=\"rotateG_01\"><\/div>\n\t\t\t\t<div class=\"blockG\" id=\"rotateG_02\"><\/div>\n\t\t\t\t<div class=\"blockG\" id=\"rotateG_03\"><\/div>\n\t\t\t\t<div class=\"blockG\" id=\"rotateG_04\"><\/div>\n\t\t\t\t<div class=\"blockG\" id=\"rotateG_05\"><\/div>\n\t\t\t\t<div class=\"blockG\" id=\"rotateG_06\"><\/div>\n\t\t\t\t<div class=\"blockG\" id=\"rotateG_07\"><\/div>\n\t\t\t\t<div class=\"blockG\" id=\"rotateG_08\"><\/div>\n\t\t\t<\/div>\n\t\t\t<div class=\"WooZone-cross-sell-loader-text\"><\/div>\n\t\t<\/div>\n\t<\/div>\n\n\t\t\n<\/div>\n<div style=\"clear:both;\"><\/div><\/p>\n","protected":false},"excerpt":{"rendered":"<p>Material: bedruckte leichte &amp; biegesteife 3mm Aluverbundplatte \/ UV &#8211; &amp; Witterungsbest\u00e4ndig \/ Ecken abgerundet (r=7mm)<br \/>\nMontage: Schilder sind nicht gebohrt, k\u00f6nnen aber problemlos mit einem Metallbohrer vorgebohrt werden. Danach k\u00f6nnen Sie das Schild an eine Hauswand d\u00fcbeln, mit Kabelbinder an einen Zaun oder mit doppelseitigem Klebeband an eine Garage kleben.<br \/>\nLieferung: Der Versand wird per DHL oder mit der Deutschen Post erfolgen. Wir liefern jedoch nicht an Packstationen, bitte pr\u00fcfen Sie bei Ihrer Bestellung die Lieferadresse.<\/p>\n","protected":false},"featured_media":109669,"comment_status":"open","ping_status":"closed","template":"","meta":[],"product_brand":[],"product_cat":[1983,11380],"product_tag":[],"class_list":{"0":"post-109668","1":"product","2":"type-product","3":"status-publish","4":"has-post-thumbnail","6":"product_cat-baumarkt","7":"product_cat-sicherheitstechnik","8":"pa_brand-fassbender-druck-schilder","9":"pa_manufacturer-fassbender-druck","11":"first","12":"instock","13":"shipping-taxable","14":"purchasable","15":"product-type-simple","16":"customify-col","17":"product-has-gallery"},"yoast_head":"<!-- This site is optimized with the Yoast SEO plugin v27.4 - https:\/\/yoast.com\/product\/yoast-seo-wordpress\/ -->\n<title>Privatgrundst\u00fcck - Kein Hundeklo Schild \/ Kein Hundekot \/ T-001 (10x15cm Aufkleber) - Markt-XXL<\/title>\n<meta name=\"description\" content=\"Markt-XXL Privatgrundst\u00fcck - Kein Hundeklo Schild \/ Kein Hundekot \/ T-001 (10x15cm Aufkleber)\" \/>\n<meta name=\"robots\" content=\"index, follow, max-snippet:-1, max-image-preview:large, max-video-preview:-1\" \/>\n<link rel=\"canonical\" href=\"https:\/\/marktxxl.de\/markt\/produkt\/fassbender-druck-schilder-privatgrundstueck-kein-hundeklo-schild-kein-hundekot-t-001\/\" \/>\n<meta property=\"og:locale\" content=\"de_DE\" \/>\n<meta property=\"og:type\" content=\"article\" \/>\n<meta property=\"og:title\" content=\"Privatgrundst\u00fcck - Kein Hundeklo Schild \/ Kein Hundekot \/ T-001 (10x15cm Aufkleber) - Markt-XXL\" \/>\n<meta property=\"og:description\" content=\"Markt-XXL Privatgrundst\u00fcck - Kein Hundeklo Schild \/ Kein Hundekot \/ T-001 (10x15cm Aufkleber)\" \/>\n<meta property=\"og:url\" content=\"https:\/\/marktxxl.de\/markt\/produkt\/fassbender-druck-schilder-privatgrundstueck-kein-hundeklo-schild-kein-hundekot-t-001\/\" \/>\n<meta property=\"og:site_name\" content=\"Markt-XXL\" \/>\n<meta property=\"article:modified_time\" content=\"2023-04-09T01:10:19+00:00\" \/>\n<meta property=\"og:image\" content=\"https:\/\/m.media-amazon.com\/images\/I\/51SO6iUO3SL._SL500_.jpg\" \/>\n\t<meta property=\"og:image:width\" content=\"349\" \/>\n\t<meta property=\"og:image:height\" content=\"500\" \/>\n\t<meta property=\"og:image:type\" content=\"image\/jpeg\" \/>\n<meta name=\"twitter:card\" content=\"summary_large_image\" \/>\n<meta name=\"twitter:label1\" content=\"Gesch\u00e4tzte Lesezeit\" \/>\n\t<meta name=\"twitter:data1\" content=\"1\u00a0Minute\" \/>\n<script type=\"application\/ld+json\" class=\"yoast-schema-graph\">{\"@context\":\"https:\\\/\\\/schema.org\",\"@graph\":[{\"@type\":\"WebPage\",\"@id\":\"https:\\\/\\\/marktxxl.de\\\/markt\\\/produkt\\\/fassbender-druck-schilder-privatgrundstueck-kein-hundeklo-schild-kein-hundekot-t-001\\\/\",\"url\":\"https:\\\/\\\/marktxxl.de\\\/markt\\\/produkt\\\/fassbender-druck-schilder-privatgrundstueck-kein-hundeklo-schild-kein-hundekot-t-001\\\/\",\"name\":\"Privatgrundst\u00fcck - Kein Hundeklo Schild \\\/ Kein Hundekot \\\/ T-001 (10x15cm Aufkleber) - Markt-XXL\",\"isPartOf\":{\"@id\":\"https:\\\/\\\/marktxxl.de\\\/markt\\\/#website\"},\"primaryImageOfPage\":{\"@id\":\"https:\\\/\\\/marktxxl.de\\\/markt\\\/produkt\\\/fassbender-druck-schilder-privatgrundstueck-kein-hundeklo-schild-kein-hundekot-t-001\\\/#primaryimage\"},\"image\":{\"@id\":\"https:\\\/\\\/marktxxl.de\\\/markt\\\/produkt\\\/fassbender-druck-schilder-privatgrundstueck-kein-hundeklo-schild-kein-hundekot-t-001\\\/#primaryimage\"},\"thumbnailUrl\":\"https:\\\/\\\/m.media-amazon.com\\\/images\\\/I\\\/51SO6iUO3SL._SL500_.jpg\",\"datePublished\":\"2022-02-26T19:30:12+00:00\",\"dateModified\":\"2023-04-09T01:10:19+00:00\",\"description\":\"Markt-XXL Privatgrundst\u00fcck - Kein Hundeklo Schild \\\/ Kein Hundekot \\\/ T-001 (10x15cm Aufkleber)\",\"breadcrumb\":{\"@id\":\"https:\\\/\\\/marktxxl.de\\\/markt\\\/produkt\\\/fassbender-druck-schilder-privatgrundstueck-kein-hundeklo-schild-kein-hundekot-t-001\\\/#breadcrumb\"},\"inLanguage\":\"de\",\"potentialAction\":[{\"@type\":\"ReadAction\",\"target\":[\"https:\\\/\\\/marktxxl.de\\\/markt\\\/produkt\\\/fassbender-druck-schilder-privatgrundstueck-kein-hundeklo-schild-kein-hundekot-t-001\\\/\"]}]},{\"@type\":\"ImageObject\",\"inLanguage\":\"de\",\"@id\":\"https:\\\/\\\/marktxxl.de\\\/markt\\\/produkt\\\/fassbender-druck-schilder-privatgrundstueck-kein-hundeklo-schild-kein-hundekot-t-001\\\/#primaryimage\",\"url\":\"https:\\\/\\\/m.media-amazon.com\\\/images\\\/I\\\/51SO6iUO3SL._SL500_.jpg\",\"contentUrl\":\"https:\\\/\\\/m.media-amazon.com\\\/images\\\/I\\\/51SO6iUO3SL._SL500_.jpg\",\"width\":349,\"height\":500},{\"@type\":\"BreadcrumbList\",\"@id\":\"https:\\\/\\\/marktxxl.de\\\/markt\\\/produkt\\\/fassbender-druck-schilder-privatgrundstueck-kein-hundeklo-schild-kein-hundekot-t-001\\\/#breadcrumb\",\"itemListElement\":[{\"@type\":\"ListItem\",\"position\":1,\"name\":\"Startseite\",\"item\":\"https:\\\/\\\/marktxxl.de\\\/markt\\\/\"},{\"@type\":\"ListItem\",\"position\":2,\"name\":\"Markt\",\"item\":\"https:\\\/\\\/marktxxl.de\\\/markt\\\/\"},{\"@type\":\"ListItem\",\"position\":3,\"name\":\"Privatgrundst\u00fcck &#8211; Kein Hundeklo Schild \\\/ Kein Hundekot \\\/ T-001 (10x15cm Aufkleber)\"}]},{\"@type\":\"WebSite\",\"@id\":\"https:\\\/\\\/marktxxl.de\\\/markt\\\/#website\",\"url\":\"https:\\\/\\\/marktxxl.de\\\/markt\\\/\",\"name\":\"Markt-XXL\",\"description\":\"Ihr Markt Online\",\"publisher\":{\"@id\":\"https:\\\/\\\/marktxxl.de\\\/markt\\\/#organization\"},\"potentialAction\":[{\"@type\":\"SearchAction\",\"target\":{\"@type\":\"EntryPoint\",\"urlTemplate\":\"https:\\\/\\\/marktxxl.de\\\/markt\\\/?s={search_term_string}\"},\"query-input\":{\"@type\":\"PropertyValueSpecification\",\"valueRequired\":true,\"valueName\":\"search_term_string\"}}],\"inLanguage\":\"de\"},{\"@type\":\"Organization\",\"@id\":\"https:\\\/\\\/marktxxl.de\\\/markt\\\/#organization\",\"name\":\"Markt-XXL\",\"url\":\"https:\\\/\\\/marktxxl.de\\\/markt\\\/\",\"logo\":{\"@type\":\"ImageObject\",\"inLanguage\":\"de\",\"@id\":\"https:\\\/\\\/marktxxl.de\\\/markt\\\/#\\\/schema\\\/logo\\\/image\\\/\",\"url\":\"https:\\\/\\\/marktxxl.de\\\/markt\\\/wp-content\\\/uploads\\\/sites\\\/3\\\/2020\\\/12\\\/logo.png\",\"contentUrl\":\"https:\\\/\\\/marktxxl.de\\\/markt\\\/wp-content\\\/uploads\\\/sites\\\/3\\\/2020\\\/12\\\/logo.png\",\"width\":200,\"height\":70,\"caption\":\"Markt-XXL\"},\"image\":{\"@id\":\"https:\\\/\\\/marktxxl.de\\\/markt\\\/#\\\/schema\\\/logo\\\/image\\\/\"}}]}<\/script>\n<!-- \/ Yoast SEO plugin. -->","yoast_head_json":{"title":"Privatgrundst\u00fcck - Kein Hundeklo Schild \/ Kein Hundekot \/ T-001 (10x15cm Aufkleber) - Markt-XXL","description":"Markt-XXL Privatgrundst\u00fcck - Kein Hundeklo Schild \/ Kein Hundekot \/ T-001 (10x15cm Aufkleber)","robots":{"index":"index","follow":"follow","max-snippet":"max-snippet:-1","max-image-preview":"max-image-preview:large","max-video-preview":"max-video-preview:-1"},"canonical":"https:\/\/marktxxl.de\/markt\/produkt\/fassbender-druck-schilder-privatgrundstueck-kein-hundeklo-schild-kein-hundekot-t-001\/","og_locale":"de_DE","og_type":"article","og_title":"Privatgrundst\u00fcck - Kein Hundeklo Schild \/ Kein Hundekot \/ T-001 (10x15cm Aufkleber) - Markt-XXL","og_description":"Markt-XXL Privatgrundst\u00fcck - Kein Hundeklo Schild \/ Kein Hundekot \/ T-001 (10x15cm Aufkleber)","og_url":"https:\/\/marktxxl.de\/markt\/produkt\/fassbender-druck-schilder-privatgrundstueck-kein-hundeklo-schild-kein-hundekot-t-001\/","og_site_name":"Markt-XXL","article_modified_time":"2023-04-09T01:10:19+00:00","og_image":[{"width":349,"height":500,"url":"https:\/\/m.media-amazon.com\/images\/I\/51SO6iUO3SL._SL500_.jpg","type":"image\/jpeg"}],"twitter_card":"summary_large_image","twitter_misc":{"Gesch\u00e4tzte Lesezeit":"1\u00a0Minute"},"schema":{"@context":"https:\/\/schema.org","@graph":[{"@type":"WebPage","@id":"https:\/\/marktxxl.de\/markt\/produkt\/fassbender-druck-schilder-privatgrundstueck-kein-hundeklo-schild-kein-hundekot-t-001\/","url":"https:\/\/marktxxl.de\/markt\/produkt\/fassbender-druck-schilder-privatgrundstueck-kein-hundeklo-schild-kein-hundekot-t-001\/","name":"Privatgrundst\u00fcck - Kein Hundeklo Schild \/ Kein Hundekot \/ T-001 (10x15cm Aufkleber) - Markt-XXL","isPartOf":{"@id":"https:\/\/marktxxl.de\/markt\/#website"},"primaryImageOfPage":{"@id":"https:\/\/marktxxl.de\/markt\/produkt\/fassbender-druck-schilder-privatgrundstueck-kein-hundeklo-schild-kein-hundekot-t-001\/#primaryimage"},"image":{"@id":"https:\/\/marktxxl.de\/markt\/produkt\/fassbender-druck-schilder-privatgrundstueck-kein-hundeklo-schild-kein-hundekot-t-001\/#primaryimage"},"thumbnailUrl":"https:\/\/m.media-amazon.com\/images\/I\/51SO6iUO3SL._SL500_.jpg","datePublished":"2022-02-26T19:30:12+00:00","dateModified":"2023-04-09T01:10:19+00:00","description":"Markt-XXL Privatgrundst\u00fcck - Kein Hundeklo Schild \/ Kein Hundekot \/ T-001 (10x15cm Aufkleber)","breadcrumb":{"@id":"https:\/\/marktxxl.de\/markt\/produkt\/fassbender-druck-schilder-privatgrundstueck-kein-hundeklo-schild-kein-hundekot-t-001\/#breadcrumb"},"inLanguage":"de","potentialAction":[{"@type":"ReadAction","target":["https:\/\/marktxxl.de\/markt\/produkt\/fassbender-druck-schilder-privatgrundstueck-kein-hundeklo-schild-kein-hundekot-t-001\/"]}]},{"@type":"ImageObject","inLanguage":"de","@id":"https:\/\/marktxxl.de\/markt\/produkt\/fassbender-druck-schilder-privatgrundstueck-kein-hundeklo-schild-kein-hundekot-t-001\/#primaryimage","url":"https:\/\/m.media-amazon.com\/images\/I\/51SO6iUO3SL._SL500_.jpg","contentUrl":"https:\/\/m.media-amazon.com\/images\/I\/51SO6iUO3SL._SL500_.jpg","width":349,"height":500},{"@type":"BreadcrumbList","@id":"https:\/\/marktxxl.de\/markt\/produkt\/fassbender-druck-schilder-privatgrundstueck-kein-hundeklo-schild-kein-hundekot-t-001\/#breadcrumb","itemListElement":[{"@type":"ListItem","position":1,"name":"Startseite","item":"https:\/\/marktxxl.de\/markt\/"},{"@type":"ListItem","position":2,"name":"Markt","item":"https:\/\/marktxxl.de\/markt\/"},{"@type":"ListItem","position":3,"name":"Privatgrundst\u00fcck &#8211; Kein Hundeklo Schild \/ Kein Hundekot \/ T-001 (10x15cm Aufkleber)"}]},{"@type":"WebSite","@id":"https:\/\/marktxxl.de\/markt\/#website","url":"https:\/\/marktxxl.de\/markt\/","name":"Markt-XXL","description":"Ihr Markt Online","publisher":{"@id":"https:\/\/marktxxl.de\/markt\/#organization"},"potentialAction":[{"@type":"SearchAction","target":{"@type":"EntryPoint","urlTemplate":"https:\/\/marktxxl.de\/markt\/?s={search_term_string}"},"query-input":{"@type":"PropertyValueSpecification","valueRequired":true,"valueName":"search_term_string"}}],"inLanguage":"de"},{"@type":"Organization","@id":"https:\/\/marktxxl.de\/markt\/#organization","name":"Markt-XXL","url":"https:\/\/marktxxl.de\/markt\/","logo":{"@type":"ImageObject","inLanguage":"de","@id":"https:\/\/marktxxl.de\/markt\/#\/schema\/logo\/image\/","url":"https:\/\/marktxxl.de\/markt\/wp-content\/uploads\/sites\/3\/2020\/12\/logo.png","contentUrl":"https:\/\/marktxxl.de\/markt\/wp-content\/uploads\/sites\/3\/2020\/12\/logo.png","width":200,"height":70,"caption":"Markt-XXL"},"image":{"@id":"https:\/\/marktxxl.de\/markt\/#\/schema\/logo\/image\/"}}]}},"_links":{"self":[{"href":"https:\/\/marktxxl.de\/markt\/wp-json\/wp\/v2\/product\/109668","targetHints":{"allow":["GET"]}}],"collection":[{"href":"https:\/\/marktxxl.de\/markt\/wp-json\/wp\/v2\/product"}],"about":[{"href":"https:\/\/marktxxl.de\/markt\/wp-json\/wp\/v2\/types\/product"}],"replies":[{"embeddable":true,"href":"https:\/\/marktxxl.de\/markt\/wp-json\/wp\/v2\/comments?post=109668"}],"wp:featuredmedia":[{"embeddable":true,"href":"https:\/\/marktxxl.de\/markt\/wp-json\/wp\/v2\/media\/109669"}],"wp:attachment":[{"href":"https:\/\/marktxxl.de\/markt\/wp-json\/wp\/v2\/media?parent=109668"}],"wp:term":[{"taxonomy":"product_brand","embeddable":true,"href":"https:\/\/marktxxl.de\/markt\/wp-json\/wp\/v2\/product_brand?post=109668"},{"taxonomy":"product_cat","embeddable":true,"href":"https:\/\/marktxxl.de\/markt\/wp-json\/wp\/v2\/product_cat?post=109668"},{"taxonomy":"product_tag","embeddable":true,"href":"https:\/\/marktxxl.de\/markt\/wp-json\/wp\/v2\/product_tag?post=109668"}],"curies":[{"name":"wp","href":"https:\/\/api.w.org\/{rel}","templated":true}]}}