{"id":109604,"date":"2022-02-26T20:27:34","date_gmt":"2022-02-26T19:27:34","guid":{"rendered":"https:\/\/marktxxl.de\/markt\/produkt\/flammenlose-kerzen-flackernde-led-kerzen-batteriebetrieben-mit-fernbedienung-timer-fuer-schlafzimmer-wohnzimmer-party-elfenbeinfarben-dimmbar-3-x-3-cm-flaches-oberteil-2-stueck\/"},"modified":"2023-04-09T03:10:17","modified_gmt":"2023-04-09T01:10:17","slug":"flammenlose-kerzen-flackernde-led-kerzen-batteriebetrieben-mit-fernbedienung-timer-fuer-schlafzimmer-wohnzimmer-party-elfenbeinfarben-dimmbar-3-x-3-cm-flaches-oberteil-2-stueck","status":"publish","type":"product","link":"https:\/\/marktxxl.de\/markt\/produkt\/flammenlose-kerzen-flackernde-led-kerzen-batteriebetrieben-mit-fernbedienung-timer-fuer-schlafzimmer-wohnzimmer-party-elfenbeinfarben-dimmbar-3-x-3-cm-flaches-oberteil-2-stueck\/","title":{"rendered":"Flammenlose Kerzen, flackernde LED-Kerzen, batteriebetrieben, mit Fernbedienung, Timer, f\u00fcr Schlafzimmer, Wohnzimmer\u2026"},"content":{"rendered":"<p>Fernbedienung mit Timern erm\u00f6glicht es Ihnen, die flammenlosen Kerzen ein- oder auszuschalten, ohne aufzustehen. Timer-Funktion erm\u00f6glicht es Ihnen, Ihre Kerzen in 2-, 4-, 6- und 8-Stunden-Schritten zu planen, alle 24 Stunden zu fahren. Die Helligkeit der Kerze kann auch eingestellt werden.<br \/>\nFlackernde Flammentechnologie: Die flackernden Kerzen sind sehr realistisch und sehen wie ein traditionelles Kerzenbrennen aus. Im Gegensatz zu den traurigen Gef\u00fchlen einer traditionellen Kerze brennt diese echte flackernde Flamme ein Gef\u00fchl von erhebender Kraft und Sch\u00f6nheit.<br \/>\nSicher und kein Rauch, kein Tropfen. Wenn Sie Kerzen lieben, aber Angst vor Feuer. Diese batteriebetriebenen Kerzen funktionieren ideal f\u00fcr Sie. Die kinderfreundliche flammenlose Kerze ist auch eine gro\u00dfartige Wahl f\u00fcr jede Familie mit Kindern oder Haustieren.<br \/>\n\u2665 Hochwertige und echte Wachskerzen schaffen eine romantische und warme Atmosph\u00e4re. Wenn Sie sie nach einem anstrengenden Tag betrachten, f\u00fchlen Sie sich unvergleichlich ruhig, warm und entspannt. Sie sind auch sch\u00f6ne Erg\u00e4nzung f\u00fcr jeden Tisch, Party, Camping, Weihnachtsdekoration und vieles mehr.<br \/>\n\u2665 Risikofreie Garantie, wenn Sie Fragen nach dem Kauf unserer LED-Kerzen haben, z\u00f6gern Sie nicht, uns zu kontaktieren. Wir beantworten Ihre Fragen innerhalb von 24 Stunden und stellen Ihnen innerhalb von 30 Tagen kostenlosen R\u00fcckgabe- und Ersatzservice zur Verf\u00fcgung.<br \/>\n<div class=\"main-cross-sell\" data-asin=\"B07PYG7H3V\">\n\n\t<div class=\"WooZone-cross-sell-loader\">\n\t\t<div>\n\t\t\t<div id=\"floatingBarsG\">\n\t\t\t\t<div class=\"blockG\" id=\"rotateG_01\"><\/div>\n\t\t\t\t<div class=\"blockG\" id=\"rotateG_02\"><\/div>\n\t\t\t\t<div class=\"blockG\" id=\"rotateG_03\"><\/div>\n\t\t\t\t<div class=\"blockG\" id=\"rotateG_04\"><\/div>\n\t\t\t\t<div class=\"blockG\" id=\"rotateG_05\"><\/div>\n\t\t\t\t<div class=\"blockG\" id=\"rotateG_06\"><\/div>\n\t\t\t\t<div class=\"blockG\" id=\"rotateG_07\"><\/div>\n\t\t\t\t<div class=\"blockG\" id=\"rotateG_08\"><\/div>\n\t\t\t<\/div>\n\t\t\t<div class=\"WooZone-cross-sell-loader-text\"><\/div>\n\t\t<\/div>\n\t<\/div>\n\n\t\t\n<\/div>\n<div style=\"clear:both;\"><\/div><\/p>\n","protected":false},"excerpt":{"rendered":"<p>Fernbedienung mit Timern erm\u00f6glicht es Ihnen, die flammenlosen Kerzen ein- oder auszuschalten, ohne aufzustehen. Timer-Funktion erm\u00f6glicht es Ihnen, Ihre Kerzen in 2-, 4-, 6- und 8-Stunden-Schritten zu planen, alle 24 Stunden zu fahren. Die Helligkeit der Kerze kann auch eingestellt werden.<br \/>\nFlackernde Flammentechnologie: Die flackernden Kerzen sind sehr realistisch und sehen wie ein traditionelles Kerzenbrennen aus. Im Gegensatz zu den traurigen Gef\u00fchlen einer traditionellen Kerze brennt diese echte flackernde Flamme ein Gef\u00fchl von erhebender Kraft und Sch\u00f6nheit.<br \/>\nSicher und kein Rauch, kein Tropfen. Wenn Sie Kerzen lieben, aber Angst vor Feuer. Diese batteriebetriebenen Kerzen funktionieren ideal f\u00fcr Sie. Die kinderfreundliche flammenlose Kerze ist auch eine gro\u00dfartige Wahl f\u00fcr jede Familie mit Kindern oder Haustieren.<\/p>\n","protected":false},"featured_media":109605,"comment_status":"open","ping_status":"closed","template":"","meta":[],"product_brand":[],"product_cat":[11446,2108],"product_tag":[],"class_list":{"0":"post-109604","1":"product","2":"type-product","3":"status-publish","4":"has-post-thumbnail","6":"product_cat-aussenbeleuchtung","7":"product_cat-beleuchtung","8":"pa_brand-only-us","9":"pa_color-elfenbeinfarben","10":"pa_height-3-149606296-zoll","11":"pa_length-3-149606296-zoll","12":"pa_manufacturer-only-us","13":"pa_weight-0-771617917-pfund","14":"pa_width-3-149606296-zoll","16":"first","17":"instock","18":"shipping-taxable","19":"purchasable","20":"product-type-simple","21":"customify-col","22":"product-has-gallery"},"yoast_head":"<!-- This site is optimized with the Yoast SEO plugin v27.4 - https:\/\/yoast.com\/product\/yoast-seo-wordpress\/ -->\n<title>Flammenlose Kerzen, flackernde LED-Kerzen, batteriebetrieben, mit Fernbedienung, Timer, f\u00fcr Schlafzimmer, Wohnzimmer\u2026 - Markt-XXL<\/title>\n<meta name=\"description\" content=\"Markt-XXL Flammenlose Kerzen, flackernde LED-Kerzen, batteriebetrieben, mit Fernbedienung, Timer, f\u00fcr Schlafzimmer, Wohnzimmer\u2026\" \/>\n<meta name=\"robots\" content=\"index, follow, max-snippet:-1, max-image-preview:large, max-video-preview:-1\" \/>\n<link rel=\"canonical\" href=\"https:\/\/marktxxl.de\/markt\/produkt\/flammenlose-kerzen-flackernde-led-kerzen-batteriebetrieben-mit-fernbedienung-timer-fuer-schlafzimmer-wohnzimmer-party-elfenbeinfarben-dimmbar-3-x-3-cm-flaches-oberteil-2-stueck\/\" \/>\n<meta property=\"og:locale\" content=\"de_DE\" \/>\n<meta property=\"og:type\" content=\"article\" \/>\n<meta property=\"og:title\" content=\"Flammenlose Kerzen, flackernde LED-Kerzen, batteriebetrieben, mit Fernbedienung, Timer, f\u00fcr Schlafzimmer, Wohnzimmer\u2026 - Markt-XXL\" \/>\n<meta property=\"og:description\" content=\"Markt-XXL Flammenlose Kerzen, flackernde LED-Kerzen, batteriebetrieben, mit Fernbedienung, Timer, f\u00fcr Schlafzimmer, Wohnzimmer\u2026\" \/>\n<meta property=\"og:url\" content=\"https:\/\/marktxxl.de\/markt\/produkt\/flammenlose-kerzen-flackernde-led-kerzen-batteriebetrieben-mit-fernbedienung-timer-fuer-schlafzimmer-wohnzimmer-party-elfenbeinfarben-dimmbar-3-x-3-cm-flaches-oberteil-2-stueck\/\" \/>\n<meta property=\"og:site_name\" content=\"Markt-XXL\" \/>\n<meta property=\"article:modified_time\" content=\"2023-04-09T01:10:17+00:00\" \/>\n<meta property=\"og:image\" content=\"https:\/\/m.media-amazon.com\/images\/I\/31Wnmbkq2ZL._SL500_.jpg\" \/>\n\t<meta property=\"og:image:width\" content=\"500\" \/>\n\t<meta property=\"og:image:height\" content=\"500\" \/>\n\t<meta property=\"og:image:type\" content=\"image\/jpeg\" \/>\n<meta name=\"twitter:card\" content=\"summary_large_image\" \/>\n<meta name=\"twitter:label1\" content=\"Gesch\u00e4tzte Lesezeit\" \/>\n\t<meta name=\"twitter:data1\" content=\"1\u00a0Minute\" \/>\n<script type=\"application\/ld+json\" class=\"yoast-schema-graph\">{\"@context\":\"https:\\\/\\\/schema.org\",\"@graph\":[{\"@type\":\"WebPage\",\"@id\":\"https:\\\/\\\/marktxxl.de\\\/markt\\\/produkt\\\/flammenlose-kerzen-flackernde-led-kerzen-batteriebetrieben-mit-fernbedienung-timer-fuer-schlafzimmer-wohnzimmer-party-elfenbeinfarben-dimmbar-3-x-3-cm-flaches-oberteil-2-stueck\\\/\",\"url\":\"https:\\\/\\\/marktxxl.de\\\/markt\\\/produkt\\\/flammenlose-kerzen-flackernde-led-kerzen-batteriebetrieben-mit-fernbedienung-timer-fuer-schlafzimmer-wohnzimmer-party-elfenbeinfarben-dimmbar-3-x-3-cm-flaches-oberteil-2-stueck\\\/\",\"name\":\"Flammenlose Kerzen, flackernde LED-Kerzen, batteriebetrieben, mit Fernbedienung, Timer, f\u00fcr Schlafzimmer, Wohnzimmer\u2026 - Markt-XXL\",\"isPartOf\":{\"@id\":\"https:\\\/\\\/marktxxl.de\\\/markt\\\/#website\"},\"primaryImageOfPage\":{\"@id\":\"https:\\\/\\\/marktxxl.de\\\/markt\\\/produkt\\\/flammenlose-kerzen-flackernde-led-kerzen-batteriebetrieben-mit-fernbedienung-timer-fuer-schlafzimmer-wohnzimmer-party-elfenbeinfarben-dimmbar-3-x-3-cm-flaches-oberteil-2-stueck\\\/#primaryimage\"},\"image\":{\"@id\":\"https:\\\/\\\/marktxxl.de\\\/markt\\\/produkt\\\/flammenlose-kerzen-flackernde-led-kerzen-batteriebetrieben-mit-fernbedienung-timer-fuer-schlafzimmer-wohnzimmer-party-elfenbeinfarben-dimmbar-3-x-3-cm-flaches-oberteil-2-stueck\\\/#primaryimage\"},\"thumbnailUrl\":\"https:\\\/\\\/m.media-amazon.com\\\/images\\\/I\\\/31Wnmbkq2ZL._SL500_.jpg\",\"datePublished\":\"2022-02-26T19:27:34+00:00\",\"dateModified\":\"2023-04-09T01:10:17+00:00\",\"description\":\"Markt-XXL Flammenlose Kerzen, flackernde LED-Kerzen, batteriebetrieben, mit Fernbedienung, Timer, f\u00fcr Schlafzimmer, Wohnzimmer\u2026\",\"breadcrumb\":{\"@id\":\"https:\\\/\\\/marktxxl.de\\\/markt\\\/produkt\\\/flammenlose-kerzen-flackernde-led-kerzen-batteriebetrieben-mit-fernbedienung-timer-fuer-schlafzimmer-wohnzimmer-party-elfenbeinfarben-dimmbar-3-x-3-cm-flaches-oberteil-2-stueck\\\/#breadcrumb\"},\"inLanguage\":\"de\",\"potentialAction\":[{\"@type\":\"ReadAction\",\"target\":[\"https:\\\/\\\/marktxxl.de\\\/markt\\\/produkt\\\/flammenlose-kerzen-flackernde-led-kerzen-batteriebetrieben-mit-fernbedienung-timer-fuer-schlafzimmer-wohnzimmer-party-elfenbeinfarben-dimmbar-3-x-3-cm-flaches-oberteil-2-stueck\\\/\"]}]},{\"@type\":\"ImageObject\",\"inLanguage\":\"de\",\"@id\":\"https:\\\/\\\/marktxxl.de\\\/markt\\\/produkt\\\/flammenlose-kerzen-flackernde-led-kerzen-batteriebetrieben-mit-fernbedienung-timer-fuer-schlafzimmer-wohnzimmer-party-elfenbeinfarben-dimmbar-3-x-3-cm-flaches-oberteil-2-stueck\\\/#primaryimage\",\"url\":\"https:\\\/\\\/m.media-amazon.com\\\/images\\\/I\\\/31Wnmbkq2ZL._SL500_.jpg\",\"contentUrl\":\"https:\\\/\\\/m.media-amazon.com\\\/images\\\/I\\\/31Wnmbkq2ZL._SL500_.jpg\",\"width\":500,\"height\":500},{\"@type\":\"BreadcrumbList\",\"@id\":\"https:\\\/\\\/marktxxl.de\\\/markt\\\/produkt\\\/flammenlose-kerzen-flackernde-led-kerzen-batteriebetrieben-mit-fernbedienung-timer-fuer-schlafzimmer-wohnzimmer-party-elfenbeinfarben-dimmbar-3-x-3-cm-flaches-oberteil-2-stueck\\\/#breadcrumb\",\"itemListElement\":[{\"@type\":\"ListItem\",\"position\":1,\"name\":\"Startseite\",\"item\":\"https:\\\/\\\/marktxxl.de\\\/markt\\\/\"},{\"@type\":\"ListItem\",\"position\":2,\"name\":\"Markt\",\"item\":\"https:\\\/\\\/marktxxl.de\\\/markt\\\/\"},{\"@type\":\"ListItem\",\"position\":3,\"name\":\"Flammenlose Kerzen, flackernde LED-Kerzen, batteriebetrieben, mit Fernbedienung, Timer, f\u00fcr Schlafzimmer, Wohnzimmer\u2026\"}]},{\"@type\":\"WebSite\",\"@id\":\"https:\\\/\\\/marktxxl.de\\\/markt\\\/#website\",\"url\":\"https:\\\/\\\/marktxxl.de\\\/markt\\\/\",\"name\":\"Markt-XXL\",\"description\":\"Ihr Markt Online\",\"publisher\":{\"@id\":\"https:\\\/\\\/marktxxl.de\\\/markt\\\/#organization\"},\"potentialAction\":[{\"@type\":\"SearchAction\",\"target\":{\"@type\":\"EntryPoint\",\"urlTemplate\":\"https:\\\/\\\/marktxxl.de\\\/markt\\\/?s={search_term_string}\"},\"query-input\":{\"@type\":\"PropertyValueSpecification\",\"valueRequired\":true,\"valueName\":\"search_term_string\"}}],\"inLanguage\":\"de\"},{\"@type\":\"Organization\",\"@id\":\"https:\\\/\\\/marktxxl.de\\\/markt\\\/#organization\",\"name\":\"Markt-XXL\",\"url\":\"https:\\\/\\\/marktxxl.de\\\/markt\\\/\",\"logo\":{\"@type\":\"ImageObject\",\"inLanguage\":\"de\",\"@id\":\"https:\\\/\\\/marktxxl.de\\\/markt\\\/#\\\/schema\\\/logo\\\/image\\\/\",\"url\":\"https:\\\/\\\/marktxxl.de\\\/markt\\\/wp-content\\\/uploads\\\/sites\\\/3\\\/2020\\\/12\\\/logo.png\",\"contentUrl\":\"https:\\\/\\\/marktxxl.de\\\/markt\\\/wp-content\\\/uploads\\\/sites\\\/3\\\/2020\\\/12\\\/logo.png\",\"width\":200,\"height\":70,\"caption\":\"Markt-XXL\"},\"image\":{\"@id\":\"https:\\\/\\\/marktxxl.de\\\/markt\\\/#\\\/schema\\\/logo\\\/image\\\/\"}}]}<\/script>\n<!-- \/ Yoast SEO plugin. -->","yoast_head_json":{"title":"Flammenlose Kerzen, flackernde LED-Kerzen, batteriebetrieben, mit Fernbedienung, Timer, f\u00fcr Schlafzimmer, Wohnzimmer\u2026 - Markt-XXL","description":"Markt-XXL Flammenlose Kerzen, flackernde LED-Kerzen, batteriebetrieben, mit Fernbedienung, Timer, f\u00fcr Schlafzimmer, Wohnzimmer\u2026","robots":{"index":"index","follow":"follow","max-snippet":"max-snippet:-1","max-image-preview":"max-image-preview:large","max-video-preview":"max-video-preview:-1"},"canonical":"https:\/\/marktxxl.de\/markt\/produkt\/flammenlose-kerzen-flackernde-led-kerzen-batteriebetrieben-mit-fernbedienung-timer-fuer-schlafzimmer-wohnzimmer-party-elfenbeinfarben-dimmbar-3-x-3-cm-flaches-oberteil-2-stueck\/","og_locale":"de_DE","og_type":"article","og_title":"Flammenlose Kerzen, flackernde LED-Kerzen, batteriebetrieben, mit Fernbedienung, Timer, f\u00fcr Schlafzimmer, Wohnzimmer\u2026 - Markt-XXL","og_description":"Markt-XXL Flammenlose Kerzen, flackernde LED-Kerzen, batteriebetrieben, mit Fernbedienung, Timer, f\u00fcr Schlafzimmer, Wohnzimmer\u2026","og_url":"https:\/\/marktxxl.de\/markt\/produkt\/flammenlose-kerzen-flackernde-led-kerzen-batteriebetrieben-mit-fernbedienung-timer-fuer-schlafzimmer-wohnzimmer-party-elfenbeinfarben-dimmbar-3-x-3-cm-flaches-oberteil-2-stueck\/","og_site_name":"Markt-XXL","article_modified_time":"2023-04-09T01:10:17+00:00","og_image":[{"width":500,"height":500,"url":"https:\/\/m.media-amazon.com\/images\/I\/31Wnmbkq2ZL._SL500_.jpg","type":"image\/jpeg"}],"twitter_card":"summary_large_image","twitter_misc":{"Gesch\u00e4tzte Lesezeit":"1\u00a0Minute"},"schema":{"@context":"https:\/\/schema.org","@graph":[{"@type":"WebPage","@id":"https:\/\/marktxxl.de\/markt\/produkt\/flammenlose-kerzen-flackernde-led-kerzen-batteriebetrieben-mit-fernbedienung-timer-fuer-schlafzimmer-wohnzimmer-party-elfenbeinfarben-dimmbar-3-x-3-cm-flaches-oberteil-2-stueck\/","url":"https:\/\/marktxxl.de\/markt\/produkt\/flammenlose-kerzen-flackernde-led-kerzen-batteriebetrieben-mit-fernbedienung-timer-fuer-schlafzimmer-wohnzimmer-party-elfenbeinfarben-dimmbar-3-x-3-cm-flaches-oberteil-2-stueck\/","name":"Flammenlose Kerzen, flackernde LED-Kerzen, batteriebetrieben, mit Fernbedienung, Timer, f\u00fcr Schlafzimmer, Wohnzimmer\u2026 - Markt-XXL","isPartOf":{"@id":"https:\/\/marktxxl.de\/markt\/#website"},"primaryImageOfPage":{"@id":"https:\/\/marktxxl.de\/markt\/produkt\/flammenlose-kerzen-flackernde-led-kerzen-batteriebetrieben-mit-fernbedienung-timer-fuer-schlafzimmer-wohnzimmer-party-elfenbeinfarben-dimmbar-3-x-3-cm-flaches-oberteil-2-stueck\/#primaryimage"},"image":{"@id":"https:\/\/marktxxl.de\/markt\/produkt\/flammenlose-kerzen-flackernde-led-kerzen-batteriebetrieben-mit-fernbedienung-timer-fuer-schlafzimmer-wohnzimmer-party-elfenbeinfarben-dimmbar-3-x-3-cm-flaches-oberteil-2-stueck\/#primaryimage"},"thumbnailUrl":"https:\/\/m.media-amazon.com\/images\/I\/31Wnmbkq2ZL._SL500_.jpg","datePublished":"2022-02-26T19:27:34+00:00","dateModified":"2023-04-09T01:10:17+00:00","description":"Markt-XXL Flammenlose Kerzen, flackernde LED-Kerzen, batteriebetrieben, mit Fernbedienung, Timer, f\u00fcr Schlafzimmer, Wohnzimmer\u2026","breadcrumb":{"@id":"https:\/\/marktxxl.de\/markt\/produkt\/flammenlose-kerzen-flackernde-led-kerzen-batteriebetrieben-mit-fernbedienung-timer-fuer-schlafzimmer-wohnzimmer-party-elfenbeinfarben-dimmbar-3-x-3-cm-flaches-oberteil-2-stueck\/#breadcrumb"},"inLanguage":"de","potentialAction":[{"@type":"ReadAction","target":["https:\/\/marktxxl.de\/markt\/produkt\/flammenlose-kerzen-flackernde-led-kerzen-batteriebetrieben-mit-fernbedienung-timer-fuer-schlafzimmer-wohnzimmer-party-elfenbeinfarben-dimmbar-3-x-3-cm-flaches-oberteil-2-stueck\/"]}]},{"@type":"ImageObject","inLanguage":"de","@id":"https:\/\/marktxxl.de\/markt\/produkt\/flammenlose-kerzen-flackernde-led-kerzen-batteriebetrieben-mit-fernbedienung-timer-fuer-schlafzimmer-wohnzimmer-party-elfenbeinfarben-dimmbar-3-x-3-cm-flaches-oberteil-2-stueck\/#primaryimage","url":"https:\/\/m.media-amazon.com\/images\/I\/31Wnmbkq2ZL._SL500_.jpg","contentUrl":"https:\/\/m.media-amazon.com\/images\/I\/31Wnmbkq2ZL._SL500_.jpg","width":500,"height":500},{"@type":"BreadcrumbList","@id":"https:\/\/marktxxl.de\/markt\/produkt\/flammenlose-kerzen-flackernde-led-kerzen-batteriebetrieben-mit-fernbedienung-timer-fuer-schlafzimmer-wohnzimmer-party-elfenbeinfarben-dimmbar-3-x-3-cm-flaches-oberteil-2-stueck\/#breadcrumb","itemListElement":[{"@type":"ListItem","position":1,"name":"Startseite","item":"https:\/\/marktxxl.de\/markt\/"},{"@type":"ListItem","position":2,"name":"Markt","item":"https:\/\/marktxxl.de\/markt\/"},{"@type":"ListItem","position":3,"name":"Flammenlose Kerzen, flackernde LED-Kerzen, batteriebetrieben, mit Fernbedienung, Timer, f\u00fcr Schlafzimmer, Wohnzimmer\u2026"}]},{"@type":"WebSite","@id":"https:\/\/marktxxl.de\/markt\/#website","url":"https:\/\/marktxxl.de\/markt\/","name":"Markt-XXL","description":"Ihr Markt Online","publisher":{"@id":"https:\/\/marktxxl.de\/markt\/#organization"},"potentialAction":[{"@type":"SearchAction","target":{"@type":"EntryPoint","urlTemplate":"https:\/\/marktxxl.de\/markt\/?s={search_term_string}"},"query-input":{"@type":"PropertyValueSpecification","valueRequired":true,"valueName":"search_term_string"}}],"inLanguage":"de"},{"@type":"Organization","@id":"https:\/\/marktxxl.de\/markt\/#organization","name":"Markt-XXL","url":"https:\/\/marktxxl.de\/markt\/","logo":{"@type":"ImageObject","inLanguage":"de","@id":"https:\/\/marktxxl.de\/markt\/#\/schema\/logo\/image\/","url":"https:\/\/marktxxl.de\/markt\/wp-content\/uploads\/sites\/3\/2020\/12\/logo.png","contentUrl":"https:\/\/marktxxl.de\/markt\/wp-content\/uploads\/sites\/3\/2020\/12\/logo.png","width":200,"height":70,"caption":"Markt-XXL"},"image":{"@id":"https:\/\/marktxxl.de\/markt\/#\/schema\/logo\/image\/"}}]}},"_links":{"self":[{"href":"https:\/\/marktxxl.de\/markt\/wp-json\/wp\/v2\/product\/109604","targetHints":{"allow":["GET"]}}],"collection":[{"href":"https:\/\/marktxxl.de\/markt\/wp-json\/wp\/v2\/product"}],"about":[{"href":"https:\/\/marktxxl.de\/markt\/wp-json\/wp\/v2\/types\/product"}],"replies":[{"embeddable":true,"href":"https:\/\/marktxxl.de\/markt\/wp-json\/wp\/v2\/comments?post=109604"}],"wp:featuredmedia":[{"embeddable":true,"href":"https:\/\/marktxxl.de\/markt\/wp-json\/wp\/v2\/media\/109605"}],"wp:attachment":[{"href":"https:\/\/marktxxl.de\/markt\/wp-json\/wp\/v2\/media?parent=109604"}],"wp:term":[{"taxonomy":"product_brand","embeddable":true,"href":"https:\/\/marktxxl.de\/markt\/wp-json\/wp\/v2\/product_brand?post=109604"},{"taxonomy":"product_cat","embeddable":true,"href":"https:\/\/marktxxl.de\/markt\/wp-json\/wp\/v2\/product_cat?post=109604"},{"taxonomy":"product_tag","embeddable":true,"href":"https:\/\/marktxxl.de\/markt\/wp-json\/wp\/v2\/product_tag?post=109604"}],"curies":[{"name":"wp","href":"https:\/\/api.w.org\/{rel}","templated":true}]}}