{"id":109554,"date":"2022-02-26T20:24:41","date_gmt":"2022-02-26T19:24:41","guid":{"rendered":"https:\/\/marktxxl.de\/markt\/produkt\/ehome-solar-fackel-gartensolar-flammenlicht-mit-wasserdicht-ip65gartenleuchten-4-stueck-solarleuchte-automatische-ein-aus-solar-fackel-solarlampen-mit-realistischen-flammen-fuer-aussen\/"},"modified":"2023-04-09T03:10:16","modified_gmt":"2023-04-09T01:10:16","slug":"ehome-solar-fackel-gartensolar-flammenlicht-mit-wasserdicht-ip65gartenleuchten-4-stueck-solarleuchte-automatische-ein-aus-solar-fackel-solarlampen-mit-realistischen-flammen-fuer-aussen","status":"publish","type":"product","link":"https:\/\/marktxxl.de\/markt\/produkt\/ehome-solar-fackel-gartensolar-flammenlicht-mit-wasserdicht-ip65gartenleuchten-4-stueck-solarleuchte-automatische-ein-aus-solar-fackel-solarlampen-mit-realistischen-flammen-fuer-aussen\/","title":{"rendered":"Ehome Solar Fackel Garten,Solar Flammenlicht mit wasserdicht IP65,Gartenleuchten 4 St\u00fcck Solarleuchte, Automatische EIN\u2026"},"content":{"rendered":"<p>\u3010Tanzflammen-Design und eingebauter Dunkelsensor\u3011 Tanzflammen-Design bietet eine sichere Alternative zu den echten Flammen und schafft eine weiche, stimmungsaufhellende und angenehme Atomosph\u00e4re. Mit einem eingebauten Dunkelsensor kann sich das Licht im Dunkeln atomatisch einschalten.<br \/>\n\u3010Solarbetriebene und langlebige Arbeitszeit\u3011 Angetrieben von einem 600-mAh-Akku mit hocheffizientem Solarlichtpanel kann das Licht von der D\u00e4mmerung bis zum Morgengrauen automatisch ein- und ausgeschaltet werden. Es unterst\u00fctzt 12 Stunden ununterbrochene Arbeitszeit nach dem vollst\u00e4ndigen Aufladen (Ladezeit: 6-8 Stunden unter Sonnenlicht).<br \/>\n\u3010IP65 wasserdicht und sicher zu verwenden\u3011 Die wasserdichte IP65-Funktion macht es das ganze Jahr \u00fcber f\u00fcr alle Arten von Wetter geeignet. Bei extremen Wetterbedingungen gibt es keine Sorgen \u00fcber Stromleckagen, Sonnenbrand oder \u00e4hnliche Probleme.<br \/>\n\u3010Einfache Installation und breite Verwendung\u3011 Keine Verkabelung erforderlich. Sie k\u00f6nnen es einfach an einem beliebigen Ort (unter Sonnenlicht) installieren, z. B. auf einer Terrasse, einem Garten, einem Garten, einem Pool, einer Bank, einem Zaun, einem Deck und einem Weg f\u00fcr Partys, Camping, Grillen und Weihnachten , Halloween und Thanksgiving.<br \/>\n\u3010Effizienter Nachsorgeservice\u3011 Wir sch\u00e4tzen die Nutzungserfahrung aller Kunden und hoffen, dass Sie alle gerne im &#8220;Ehome Store&#8221; einkaufen. Wenn es also Probleme mit den Lichtern gibt, kontaktieren Sie uns bitte \u00fcber Amazon.<br \/>\n<div class=\"main-cross-sell\" data-asin=\"B08CGP9RG9\">\n\n\t<div class=\"WooZone-cross-sell-loader\">\n\t\t<div>\n\t\t\t<div id=\"floatingBarsG\">\n\t\t\t\t<div class=\"blockG\" id=\"rotateG_01\"><\/div>\n\t\t\t\t<div class=\"blockG\" id=\"rotateG_02\"><\/div>\n\t\t\t\t<div class=\"blockG\" id=\"rotateG_03\"><\/div>\n\t\t\t\t<div class=\"blockG\" id=\"rotateG_04\"><\/div>\n\t\t\t\t<div class=\"blockG\" id=\"rotateG_05\"><\/div>\n\t\t\t\t<div class=\"blockG\" id=\"rotateG_06\"><\/div>\n\t\t\t\t<div class=\"blockG\" id=\"rotateG_07\"><\/div>\n\t\t\t\t<div class=\"blockG\" id=\"rotateG_08\"><\/div>\n\t\t\t<\/div>\n\t\t\t<div class=\"WooZone-cross-sell-loader-text\"><\/div>\n\t\t<\/div>\n\t<\/div>\n\n\t\t\n<\/div>\n<div style=\"clear:both;\"><\/div><\/p>\n","protected":false},"excerpt":{"rendered":"<p>\u3010Tanzflammen-Design und eingebauter Dunkelsensor\u3011 Tanzflammen-Design bietet eine sichere Alternative zu den echten Flammen und schafft eine weiche, stimmungsaufhellende und angenehme Atomosph\u00e4re. Mit einem eingebauten Dunkelsensor kann sich das Licht im Dunkeln atomatisch einschalten.<br \/>\n\u3010Solarbetriebene und langlebige Arbeitszeit\u3011 Angetrieben von einem 600-mAh-Akku mit hocheffizientem Solarlichtpanel kann das Licht von der D\u00e4mmerung bis zum Morgengrauen automatisch ein- und ausgeschaltet werden. Es unterst\u00fctzt 12 Stunden ununterbrochene Arbeitszeit nach dem vollst\u00e4ndigen Aufladen (Ladezeit: 6-8 Stunden unter Sonnenlicht).<br \/>\n\u3010IP65 wasserdicht und sicher zu verwenden\u3011 Die wasserdichte IP65-Funktion macht es das ganze Jahr \u00fcber f\u00fcr alle Arten von Wetter geeignet. Bei extremen Wetterbedingungen gibt es keine Sorgen \u00fcber Stromleckagen, Sonnenbrand oder \u00e4hnliche Probleme.<\/p>\n","protected":false},"featured_media":109555,"comment_status":"open","ping_status":"closed","template":"","meta":[],"product_brand":[],"product_cat":[11446,2108],"product_tag":[],"class_list":{"0":"post-109554","1":"product","2":"type-product","3":"status-publish","4":"has-post-thumbnail","6":"product_cat-aussenbeleuchtung","7":"product_cat-beleuchtung","8":"pa_binding-ausruestung","9":"pa_brand-ehome","10":"pa_manufacturer-meian","12":"first","13":"instock","14":"shipping-taxable","15":"purchasable","16":"product-type-simple","17":"customify-col","18":"product-has-gallery"},"yoast_head":"<!-- This site is optimized with the Yoast SEO plugin v27.4 - https:\/\/yoast.com\/product\/yoast-seo-wordpress\/ -->\n<title>Ehome Solar Fackel Garten,Solar Flammenlicht mit wasserdicht IP65,Gartenleuchten 4 St\u00fcck Solarleuchte, Automatische EIN\u2026 - Markt-XXL<\/title>\n<meta name=\"description\" content=\"Markt-XXL Ehome Solar Fackel Garten,Solar Flammenlicht mit wasserdicht IP65,Gartenleuchten 4 St\u00fcck Solarleuchte, Automatische EIN\u2026\" \/>\n<meta name=\"robots\" content=\"index, follow, max-snippet:-1, max-image-preview:large, max-video-preview:-1\" \/>\n<link rel=\"canonical\" href=\"https:\/\/marktxxl.de\/markt\/produkt\/ehome-solar-fackel-gartensolar-flammenlicht-mit-wasserdicht-ip65gartenleuchten-4-stueck-solarleuchte-automatische-ein-aus-solar-fackel-solarlampen-mit-realistischen-flammen-fuer-aussen\/\" \/>\n<meta property=\"og:locale\" content=\"de_DE\" \/>\n<meta property=\"og:type\" content=\"article\" \/>\n<meta property=\"og:title\" content=\"Ehome Solar Fackel Garten,Solar Flammenlicht mit wasserdicht IP65,Gartenleuchten 4 St\u00fcck Solarleuchte, Automatische EIN\u2026 - Markt-XXL\" \/>\n<meta property=\"og:description\" content=\"Markt-XXL Ehome Solar Fackel Garten,Solar Flammenlicht mit wasserdicht IP65,Gartenleuchten 4 St\u00fcck Solarleuchte, Automatische EIN\u2026\" \/>\n<meta property=\"og:url\" content=\"https:\/\/marktxxl.de\/markt\/produkt\/ehome-solar-fackel-gartensolar-flammenlicht-mit-wasserdicht-ip65gartenleuchten-4-stueck-solarleuchte-automatische-ein-aus-solar-fackel-solarlampen-mit-realistischen-flammen-fuer-aussen\/\" \/>\n<meta property=\"og:site_name\" content=\"Markt-XXL\" \/>\n<meta property=\"article:modified_time\" content=\"2023-04-09T01:10:16+00:00\" \/>\n<meta property=\"og:image\" content=\"https:\/\/m.media-amazon.com\/images\/I\/41C4zUC8gfL._SL500_.jpg\" \/>\n\t<meta property=\"og:image:width\" content=\"500\" \/>\n\t<meta property=\"og:image:height\" content=\"500\" \/>\n\t<meta property=\"og:image:type\" content=\"image\/jpeg\" \/>\n<meta name=\"twitter:card\" content=\"summary_large_image\" \/>\n<meta name=\"twitter:label1\" content=\"Gesch\u00e4tzte Lesezeit\" \/>\n\t<meta name=\"twitter:data1\" content=\"1\u00a0Minute\" \/>\n<script type=\"application\/ld+json\" class=\"yoast-schema-graph\">{\"@context\":\"https:\\\/\\\/schema.org\",\"@graph\":[{\"@type\":\"WebPage\",\"@id\":\"https:\\\/\\\/marktxxl.de\\\/markt\\\/produkt\\\/ehome-solar-fackel-gartensolar-flammenlicht-mit-wasserdicht-ip65gartenleuchten-4-stueck-solarleuchte-automatische-ein-aus-solar-fackel-solarlampen-mit-realistischen-flammen-fuer-aussen\\\/\",\"url\":\"https:\\\/\\\/marktxxl.de\\\/markt\\\/produkt\\\/ehome-solar-fackel-gartensolar-flammenlicht-mit-wasserdicht-ip65gartenleuchten-4-stueck-solarleuchte-automatische-ein-aus-solar-fackel-solarlampen-mit-realistischen-flammen-fuer-aussen\\\/\",\"name\":\"Ehome Solar Fackel Garten,Solar Flammenlicht mit wasserdicht IP65,Gartenleuchten 4 St\u00fcck Solarleuchte, Automatische EIN\u2026 - Markt-XXL\",\"isPartOf\":{\"@id\":\"https:\\\/\\\/marktxxl.de\\\/markt\\\/#website\"},\"primaryImageOfPage\":{\"@id\":\"https:\\\/\\\/marktxxl.de\\\/markt\\\/produkt\\\/ehome-solar-fackel-gartensolar-flammenlicht-mit-wasserdicht-ip65gartenleuchten-4-stueck-solarleuchte-automatische-ein-aus-solar-fackel-solarlampen-mit-realistischen-flammen-fuer-aussen\\\/#primaryimage\"},\"image\":{\"@id\":\"https:\\\/\\\/marktxxl.de\\\/markt\\\/produkt\\\/ehome-solar-fackel-gartensolar-flammenlicht-mit-wasserdicht-ip65gartenleuchten-4-stueck-solarleuchte-automatische-ein-aus-solar-fackel-solarlampen-mit-realistischen-flammen-fuer-aussen\\\/#primaryimage\"},\"thumbnailUrl\":\"https:\\\/\\\/m.media-amazon.com\\\/images\\\/I\\\/41C4zUC8gfL._SL500_.jpg\",\"datePublished\":\"2022-02-26T19:24:41+00:00\",\"dateModified\":\"2023-04-09T01:10:16+00:00\",\"description\":\"Markt-XXL Ehome Solar Fackel Garten,Solar Flammenlicht mit wasserdicht IP65,Gartenleuchten 4 St\u00fcck Solarleuchte, Automatische EIN\u2026\",\"breadcrumb\":{\"@id\":\"https:\\\/\\\/marktxxl.de\\\/markt\\\/produkt\\\/ehome-solar-fackel-gartensolar-flammenlicht-mit-wasserdicht-ip65gartenleuchten-4-stueck-solarleuchte-automatische-ein-aus-solar-fackel-solarlampen-mit-realistischen-flammen-fuer-aussen\\\/#breadcrumb\"},\"inLanguage\":\"de\",\"potentialAction\":[{\"@type\":\"ReadAction\",\"target\":[\"https:\\\/\\\/marktxxl.de\\\/markt\\\/produkt\\\/ehome-solar-fackel-gartensolar-flammenlicht-mit-wasserdicht-ip65gartenleuchten-4-stueck-solarleuchte-automatische-ein-aus-solar-fackel-solarlampen-mit-realistischen-flammen-fuer-aussen\\\/\"]}]},{\"@type\":\"ImageObject\",\"inLanguage\":\"de\",\"@id\":\"https:\\\/\\\/marktxxl.de\\\/markt\\\/produkt\\\/ehome-solar-fackel-gartensolar-flammenlicht-mit-wasserdicht-ip65gartenleuchten-4-stueck-solarleuchte-automatische-ein-aus-solar-fackel-solarlampen-mit-realistischen-flammen-fuer-aussen\\\/#primaryimage\",\"url\":\"https:\\\/\\\/m.media-amazon.com\\\/images\\\/I\\\/41C4zUC8gfL._SL500_.jpg\",\"contentUrl\":\"https:\\\/\\\/m.media-amazon.com\\\/images\\\/I\\\/41C4zUC8gfL._SL500_.jpg\",\"width\":500,\"height\":500},{\"@type\":\"BreadcrumbList\",\"@id\":\"https:\\\/\\\/marktxxl.de\\\/markt\\\/produkt\\\/ehome-solar-fackel-gartensolar-flammenlicht-mit-wasserdicht-ip65gartenleuchten-4-stueck-solarleuchte-automatische-ein-aus-solar-fackel-solarlampen-mit-realistischen-flammen-fuer-aussen\\\/#breadcrumb\",\"itemListElement\":[{\"@type\":\"ListItem\",\"position\":1,\"name\":\"Startseite\",\"item\":\"https:\\\/\\\/marktxxl.de\\\/markt\\\/\"},{\"@type\":\"ListItem\",\"position\":2,\"name\":\"Markt\",\"item\":\"https:\\\/\\\/marktxxl.de\\\/markt\\\/\"},{\"@type\":\"ListItem\",\"position\":3,\"name\":\"Ehome Solar Fackel Garten,Solar Flammenlicht mit wasserdicht IP65,Gartenleuchten 4 St\u00fcck Solarleuchte, Automatische EIN\u2026\"}]},{\"@type\":\"WebSite\",\"@id\":\"https:\\\/\\\/marktxxl.de\\\/markt\\\/#website\",\"url\":\"https:\\\/\\\/marktxxl.de\\\/markt\\\/\",\"name\":\"Markt-XXL\",\"description\":\"Ihr Markt Online\",\"publisher\":{\"@id\":\"https:\\\/\\\/marktxxl.de\\\/markt\\\/#organization\"},\"potentialAction\":[{\"@type\":\"SearchAction\",\"target\":{\"@type\":\"EntryPoint\",\"urlTemplate\":\"https:\\\/\\\/marktxxl.de\\\/markt\\\/?s={search_term_string}\"},\"query-input\":{\"@type\":\"PropertyValueSpecification\",\"valueRequired\":true,\"valueName\":\"search_term_string\"}}],\"inLanguage\":\"de\"},{\"@type\":\"Organization\",\"@id\":\"https:\\\/\\\/marktxxl.de\\\/markt\\\/#organization\",\"name\":\"Markt-XXL\",\"url\":\"https:\\\/\\\/marktxxl.de\\\/markt\\\/\",\"logo\":{\"@type\":\"ImageObject\",\"inLanguage\":\"de\",\"@id\":\"https:\\\/\\\/marktxxl.de\\\/markt\\\/#\\\/schema\\\/logo\\\/image\\\/\",\"url\":\"https:\\\/\\\/marktxxl.de\\\/markt\\\/wp-content\\\/uploads\\\/sites\\\/3\\\/2020\\\/12\\\/logo.png\",\"contentUrl\":\"https:\\\/\\\/marktxxl.de\\\/markt\\\/wp-content\\\/uploads\\\/sites\\\/3\\\/2020\\\/12\\\/logo.png\",\"width\":200,\"height\":70,\"caption\":\"Markt-XXL\"},\"image\":{\"@id\":\"https:\\\/\\\/marktxxl.de\\\/markt\\\/#\\\/schema\\\/logo\\\/image\\\/\"}}]}<\/script>\n<!-- \/ Yoast SEO plugin. -->","yoast_head_json":{"title":"Ehome Solar Fackel Garten,Solar Flammenlicht mit wasserdicht IP65,Gartenleuchten 4 St\u00fcck Solarleuchte, Automatische EIN\u2026 - Markt-XXL","description":"Markt-XXL Ehome Solar Fackel Garten,Solar Flammenlicht mit wasserdicht IP65,Gartenleuchten 4 St\u00fcck Solarleuchte, Automatische EIN\u2026","robots":{"index":"index","follow":"follow","max-snippet":"max-snippet:-1","max-image-preview":"max-image-preview:large","max-video-preview":"max-video-preview:-1"},"canonical":"https:\/\/marktxxl.de\/markt\/produkt\/ehome-solar-fackel-gartensolar-flammenlicht-mit-wasserdicht-ip65gartenleuchten-4-stueck-solarleuchte-automatische-ein-aus-solar-fackel-solarlampen-mit-realistischen-flammen-fuer-aussen\/","og_locale":"de_DE","og_type":"article","og_title":"Ehome Solar Fackel Garten,Solar Flammenlicht mit wasserdicht IP65,Gartenleuchten 4 St\u00fcck Solarleuchte, Automatische EIN\u2026 - Markt-XXL","og_description":"Markt-XXL Ehome Solar Fackel Garten,Solar Flammenlicht mit wasserdicht IP65,Gartenleuchten 4 St\u00fcck Solarleuchte, Automatische EIN\u2026","og_url":"https:\/\/marktxxl.de\/markt\/produkt\/ehome-solar-fackel-gartensolar-flammenlicht-mit-wasserdicht-ip65gartenleuchten-4-stueck-solarleuchte-automatische-ein-aus-solar-fackel-solarlampen-mit-realistischen-flammen-fuer-aussen\/","og_site_name":"Markt-XXL","article_modified_time":"2023-04-09T01:10:16+00:00","og_image":[{"width":500,"height":500,"url":"https:\/\/m.media-amazon.com\/images\/I\/41C4zUC8gfL._SL500_.jpg","type":"image\/jpeg"}],"twitter_card":"summary_large_image","twitter_misc":{"Gesch\u00e4tzte Lesezeit":"1\u00a0Minute"},"schema":{"@context":"https:\/\/schema.org","@graph":[{"@type":"WebPage","@id":"https:\/\/marktxxl.de\/markt\/produkt\/ehome-solar-fackel-gartensolar-flammenlicht-mit-wasserdicht-ip65gartenleuchten-4-stueck-solarleuchte-automatische-ein-aus-solar-fackel-solarlampen-mit-realistischen-flammen-fuer-aussen\/","url":"https:\/\/marktxxl.de\/markt\/produkt\/ehome-solar-fackel-gartensolar-flammenlicht-mit-wasserdicht-ip65gartenleuchten-4-stueck-solarleuchte-automatische-ein-aus-solar-fackel-solarlampen-mit-realistischen-flammen-fuer-aussen\/","name":"Ehome Solar Fackel Garten,Solar Flammenlicht mit wasserdicht IP65,Gartenleuchten 4 St\u00fcck Solarleuchte, Automatische EIN\u2026 - Markt-XXL","isPartOf":{"@id":"https:\/\/marktxxl.de\/markt\/#website"},"primaryImageOfPage":{"@id":"https:\/\/marktxxl.de\/markt\/produkt\/ehome-solar-fackel-gartensolar-flammenlicht-mit-wasserdicht-ip65gartenleuchten-4-stueck-solarleuchte-automatische-ein-aus-solar-fackel-solarlampen-mit-realistischen-flammen-fuer-aussen\/#primaryimage"},"image":{"@id":"https:\/\/marktxxl.de\/markt\/produkt\/ehome-solar-fackel-gartensolar-flammenlicht-mit-wasserdicht-ip65gartenleuchten-4-stueck-solarleuchte-automatische-ein-aus-solar-fackel-solarlampen-mit-realistischen-flammen-fuer-aussen\/#primaryimage"},"thumbnailUrl":"https:\/\/m.media-amazon.com\/images\/I\/41C4zUC8gfL._SL500_.jpg","datePublished":"2022-02-26T19:24:41+00:00","dateModified":"2023-04-09T01:10:16+00:00","description":"Markt-XXL Ehome Solar Fackel Garten,Solar Flammenlicht mit wasserdicht IP65,Gartenleuchten 4 St\u00fcck Solarleuchte, Automatische EIN\u2026","breadcrumb":{"@id":"https:\/\/marktxxl.de\/markt\/produkt\/ehome-solar-fackel-gartensolar-flammenlicht-mit-wasserdicht-ip65gartenleuchten-4-stueck-solarleuchte-automatische-ein-aus-solar-fackel-solarlampen-mit-realistischen-flammen-fuer-aussen\/#breadcrumb"},"inLanguage":"de","potentialAction":[{"@type":"ReadAction","target":["https:\/\/marktxxl.de\/markt\/produkt\/ehome-solar-fackel-gartensolar-flammenlicht-mit-wasserdicht-ip65gartenleuchten-4-stueck-solarleuchte-automatische-ein-aus-solar-fackel-solarlampen-mit-realistischen-flammen-fuer-aussen\/"]}]},{"@type":"ImageObject","inLanguage":"de","@id":"https:\/\/marktxxl.de\/markt\/produkt\/ehome-solar-fackel-gartensolar-flammenlicht-mit-wasserdicht-ip65gartenleuchten-4-stueck-solarleuchte-automatische-ein-aus-solar-fackel-solarlampen-mit-realistischen-flammen-fuer-aussen\/#primaryimage","url":"https:\/\/m.media-amazon.com\/images\/I\/41C4zUC8gfL._SL500_.jpg","contentUrl":"https:\/\/m.media-amazon.com\/images\/I\/41C4zUC8gfL._SL500_.jpg","width":500,"height":500},{"@type":"BreadcrumbList","@id":"https:\/\/marktxxl.de\/markt\/produkt\/ehome-solar-fackel-gartensolar-flammenlicht-mit-wasserdicht-ip65gartenleuchten-4-stueck-solarleuchte-automatische-ein-aus-solar-fackel-solarlampen-mit-realistischen-flammen-fuer-aussen\/#breadcrumb","itemListElement":[{"@type":"ListItem","position":1,"name":"Startseite","item":"https:\/\/marktxxl.de\/markt\/"},{"@type":"ListItem","position":2,"name":"Markt","item":"https:\/\/marktxxl.de\/markt\/"},{"@type":"ListItem","position":3,"name":"Ehome Solar Fackel Garten,Solar Flammenlicht mit wasserdicht IP65,Gartenleuchten 4 St\u00fcck Solarleuchte, Automatische EIN\u2026"}]},{"@type":"WebSite","@id":"https:\/\/marktxxl.de\/markt\/#website","url":"https:\/\/marktxxl.de\/markt\/","name":"Markt-XXL","description":"Ihr Markt Online","publisher":{"@id":"https:\/\/marktxxl.de\/markt\/#organization"},"potentialAction":[{"@type":"SearchAction","target":{"@type":"EntryPoint","urlTemplate":"https:\/\/marktxxl.de\/markt\/?s={search_term_string}"},"query-input":{"@type":"PropertyValueSpecification","valueRequired":true,"valueName":"search_term_string"}}],"inLanguage":"de"},{"@type":"Organization","@id":"https:\/\/marktxxl.de\/markt\/#organization","name":"Markt-XXL","url":"https:\/\/marktxxl.de\/markt\/","logo":{"@type":"ImageObject","inLanguage":"de","@id":"https:\/\/marktxxl.de\/markt\/#\/schema\/logo\/image\/","url":"https:\/\/marktxxl.de\/markt\/wp-content\/uploads\/sites\/3\/2020\/12\/logo.png","contentUrl":"https:\/\/marktxxl.de\/markt\/wp-content\/uploads\/sites\/3\/2020\/12\/logo.png","width":200,"height":70,"caption":"Markt-XXL"},"image":{"@id":"https:\/\/marktxxl.de\/markt\/#\/schema\/logo\/image\/"}}]}},"_links":{"self":[{"href":"https:\/\/marktxxl.de\/markt\/wp-json\/wp\/v2\/product\/109554","targetHints":{"allow":["GET"]}}],"collection":[{"href":"https:\/\/marktxxl.de\/markt\/wp-json\/wp\/v2\/product"}],"about":[{"href":"https:\/\/marktxxl.de\/markt\/wp-json\/wp\/v2\/types\/product"}],"replies":[{"embeddable":true,"href":"https:\/\/marktxxl.de\/markt\/wp-json\/wp\/v2\/comments?post=109554"}],"wp:featuredmedia":[{"embeddable":true,"href":"https:\/\/marktxxl.de\/markt\/wp-json\/wp\/v2\/media\/109555"}],"wp:attachment":[{"href":"https:\/\/marktxxl.de\/markt\/wp-json\/wp\/v2\/media?parent=109554"}],"wp:term":[{"taxonomy":"product_brand","embeddable":true,"href":"https:\/\/marktxxl.de\/markt\/wp-json\/wp\/v2\/product_brand?post=109554"},{"taxonomy":"product_cat","embeddable":true,"href":"https:\/\/marktxxl.de\/markt\/wp-json\/wp\/v2\/product_cat?post=109554"},{"taxonomy":"product_tag","embeddable":true,"href":"https:\/\/marktxxl.de\/markt\/wp-json\/wp\/v2\/product_tag?post=109554"}],"curies":[{"name":"wp","href":"https:\/\/api.w.org\/{rel}","templated":true}]}}