{"id":109388,"date":"2022-02-26T20:18:00","date_gmt":"2022-02-26T19:18:00","guid":{"rendered":"https:\/\/marktxxl.de\/markt\/produkt\/baby-bilderrahmen-ultraschallbild-bilderrahmen-schwangerschaft-fuer-werdende-mama-schwangerschaftsankuendigung-baby-ultraschall-bilderrahmen\/"},"modified":"2023-04-11T03:34:28","modified_gmt":"2023-04-11T01:34:28","slug":"baby-bilderrahmen-ultraschallbild-bilderrahmen-schwangerschaft-fuer-werdende-mama-schwangerschaftsankuendigung-baby-ultraschall-bilderrahmen","status":"publish","type":"product","link":"https:\/\/marktxxl.de\/markt\/produkt\/baby-bilderrahmen-ultraschallbild-bilderrahmen-schwangerschaft-fuer-werdende-mama-schwangerschaftsankuendigung-baby-ultraschall-bilderrahmen\/","title":{"rendered":"Baby Bilderrahmen f\u00fcr Ultraschallbild \u2013 Bilderrahmen Ultraschallbild Baby &#8211; Bilderrahmen Schwangerschaft f\u00fcr Werdende\u2026"},"content":{"rendered":"<p>Moderner Ultraschall-Bilderrahmen &#8211; Einfachheit ist Sch\u00f6nheit. Wir haben unseren Sonogramm-Fotorahmen (Gr\u00f6\u00dfe: 7&#8243; x 7&#8243;) so gestaltet, dass er einfach und modern ist; mit einer hochklaren Glasabdeckung, die in einem hochwertigen Holzrahmen eingefasst ist. Das glatte und zeitgen\u00f6ssische Finish erg\u00e4nzt jeden modernen Wohnbereich. Stellen Sie es auf Ihrem Arbeitstisch, im Wohnbereich oder im Kinderzimmer aus.<br \/>\nPerfektes Geschenk f\u00fcr werdende M\u00fctter &#8211; Das perfekte Geschenk f\u00fcr werdende M\u00fctter zu finden, das f\u00fcr die fr\u00fche Schwangerschaft geeignet ist, kann schwierig sein, aber mit unserem KeaBabies Sonogramm Fotorahmen k\u00f6nnen Sie nie etwas falsch machen. Er ist ein stilvolles und durchdachtes Geschenk, \u00fcber das sich eine werdende Mama oder ein frischgebackener Papa freuen wird. Jeder Sonogramm-Rahmen wird in einer h\u00fcbschen Geschenkbox geliefert, die zum Verschenken bereit ist.<br \/>\nSchwangerschaftsank\u00fcndigung und Geschlechtsenth\u00fcllung &#8211; Ein Baby zu bekommen ist ein lebensver\u00e4nderndes Ereignis. Machen Sie Ihre Schwangerschaftsank\u00fcndigung oder Geschlechtsenth\u00fcllungsparty mit KeaBabies Sonogramm-Bilderrahmen unvergesslich. \u00dcberraschen und begeistern Sie Ihre Lieben und G\u00e4ste mit einem kleinen Einblick in Ihr kostbares Kind.<br \/>\nMostrar con amor &#8211; Jedes Sonogrammrahmen-Geschenkset kommt mit einem sch\u00f6nen h\u00f6lzernen Ultraschall-Bilderrahmen und 3 Ausschnitten. Jeder Ausschnitt hat ein speziell ausgew\u00e4hltes Zitat, das k\u00fcnstlerisch gestaltet ist. Sie k\u00f6nnen eines der sch\u00f6nen Zitate ausw\u00e4hlen, das Ihre Liebe zu Ihrem Kleinen am besten beschreibt, um es neben Ihrem niedlichen Ultraschallbild anzuzeigen.<br \/>\nGran marco de ultrasonido para abuelos &#8211; Gro\u00dfeltern zu sein ist eine der gr\u00f6\u00dften Freuden im Leben. Holen Sie sich unseren KeaBabies Sonogramm-Bilderrahmen als Schwangerschaftsank\u00fcndigungsgeschenk f\u00fcr Gro\u00dfeltern. Lassen Sie die Vorfreude auf ihr neues Enkelkind Liebe und Freude in ihre Herzen bringen.<br \/>\n<div class=\"main-cross-sell\" data-asin=\"B099RX131T\">\n\n\t<div class=\"WooZone-cross-sell-loader\">\n\t\t<div>\n\t\t\t<div id=\"floatingBarsG\">\n\t\t\t\t<div class=\"blockG\" id=\"rotateG_01\"><\/div>\n\t\t\t\t<div class=\"blockG\" id=\"rotateG_02\"><\/div>\n\t\t\t\t<div class=\"blockG\" id=\"rotateG_03\"><\/div>\n\t\t\t\t<div class=\"blockG\" id=\"rotateG_04\"><\/div>\n\t\t\t\t<div class=\"blockG\" id=\"rotateG_05\"><\/div>\n\t\t\t\t<div class=\"blockG\" id=\"rotateG_06\"><\/div>\n\t\t\t\t<div class=\"blockG\" id=\"rotateG_07\"><\/div>\n\t\t\t\t<div class=\"blockG\" id=\"rotateG_08\"><\/div>\n\t\t\t<\/div>\n\t\t\t<div class=\"WooZone-cross-sell-loader-text\"><\/div>\n\t\t<\/div>\n\t<\/div>\n\n\t\t\n<\/div>\n<div style=\"clear:both;\"><\/div><\/p>\n","protected":false},"excerpt":{"rendered":"<p>Moderner Ultraschall-Bilderrahmen &#8211; Einfachheit ist Sch\u00f6nheit. Wir haben unseren Sonogramm-Fotorahmen (Gr\u00f6\u00dfe: 7&#8243; x 7&#8243;) so gestaltet, dass er einfach und modern ist; mit einer hochklaren Glasabdeckung, die in einem hochwertigen Holzrahmen eingefasst ist. Das glatte und zeitgen\u00f6ssische Finish erg\u00e4nzt jeden modernen Wohnbereich. Stellen Sie es auf Ihrem Arbeitstisch, im Wohnbereich oder im Kinderzimmer aus.<br \/>\nPerfektes Geschenk f\u00fcr werdende M\u00fctter &#8211; Das perfekte Geschenk f\u00fcr werdende M\u00fctter zu finden, das f\u00fcr die fr\u00fche Schwangerschaft geeignet ist, kann schwierig sein, aber mit unserem KeaBabies Sonogramm Fotorahmen k\u00f6nnen Sie nie etwas falsch machen. Er ist ein stilvolles und durchdachtes Geschenk, \u00fcber das sich eine werdende Mama oder ein frischgebackener Papa freuen wird. Jeder Sonogramm-Rahmen wird in einer h\u00fcbschen Geschenkbox geliefert, die zum Verschenken bereit ist.<br \/>\nSchwangerschaftsank\u00fcndigung und Geschlechtsenth\u00fcllung &#8211; Ein Baby zu bekommen ist ein lebensver\u00e4nderndes Ereignis. Machen Sie Ihre Schwangerschaftsank\u00fcndigung oder Geschlechtsenth\u00fcllungsparty mit KeaBabies Sonogramm-Bilderrahmen unvergesslich. \u00dcberraschen und begeistern Sie Ihre Lieben und G\u00e4ste mit einem kleinen Einblick in Ihr kostbares Kind.<\/p>\n","protected":false},"featured_media":109389,"comment_status":"open","ping_status":"closed","template":"","meta":[],"product_brand":[],"product_cat":[21,8929],"product_tag":[],"class_list":{"0":"post-109388","1":"product","2":"type-product","3":"status-publish","4":"has-post-thumbnail","6":"product_cat-baby","7":"product_cat-babygeschenke-baby","8":"pa_brand-keababies","9":"pa_manufacturer-keababies","11":"first","12":"instock","13":"shipping-taxable","14":"purchasable","15":"product-type-simple","16":"customify-col","17":"product-has-gallery"},"yoast_head":"<!-- This site is optimized with the Yoast SEO plugin v27.4 - https:\/\/yoast.com\/product\/yoast-seo-wordpress\/ -->\n<title>Baby Bilderrahmen f\u00fcr Ultraschallbild \u2013 Bilderrahmen Ultraschallbild Baby - Bilderrahmen Schwangerschaft f\u00fcr Werdende\u2026 - Markt-XXL<\/title>\n<meta name=\"description\" content=\"Markt-XXL Baby Bilderrahmen f\u00fcr Ultraschallbild \u2013 Bilderrahmen Ultraschallbild Baby - Bilderrahmen Schwangerschaft f\u00fcr Werdende\u2026\" \/>\n<meta name=\"robots\" content=\"index, follow, max-snippet:-1, max-image-preview:large, max-video-preview:-1\" \/>\n<link rel=\"canonical\" href=\"https:\/\/marktxxl.de\/markt\/produkt\/baby-bilderrahmen-ultraschallbild-bilderrahmen-schwangerschaft-fuer-werdende-mama-schwangerschaftsankuendigung-baby-ultraschall-bilderrahmen\/\" \/>\n<meta property=\"og:locale\" content=\"de_DE\" \/>\n<meta property=\"og:type\" content=\"article\" \/>\n<meta property=\"og:title\" content=\"Baby Bilderrahmen f\u00fcr Ultraschallbild \u2013 Bilderrahmen Ultraschallbild Baby - Bilderrahmen Schwangerschaft f\u00fcr Werdende\u2026 - Markt-XXL\" \/>\n<meta property=\"og:description\" content=\"Markt-XXL Baby Bilderrahmen f\u00fcr Ultraschallbild \u2013 Bilderrahmen Ultraschallbild Baby - Bilderrahmen Schwangerschaft f\u00fcr Werdende\u2026\" \/>\n<meta property=\"og:url\" content=\"https:\/\/marktxxl.de\/markt\/produkt\/baby-bilderrahmen-ultraschallbild-bilderrahmen-schwangerschaft-fuer-werdende-mama-schwangerschaftsankuendigung-baby-ultraschall-bilderrahmen\/\" \/>\n<meta property=\"og:site_name\" content=\"Markt-XXL\" \/>\n<meta property=\"article:modified_time\" content=\"2023-04-11T01:34:28+00:00\" \/>\n<meta property=\"og:image\" content=\"https:\/\/m.media-amazon.com\/images\/I\/41xPb5H2GaL._SL500_.jpg\" \/>\n\t<meta property=\"og:image:width\" content=\"500\" \/>\n\t<meta property=\"og:image:height\" content=\"500\" \/>\n\t<meta property=\"og:image:type\" content=\"image\/jpeg\" \/>\n<meta name=\"twitter:card\" content=\"summary_large_image\" \/>\n<meta name=\"twitter:label1\" content=\"Gesch\u00e4tzte Lesezeit\" \/>\n\t<meta name=\"twitter:data1\" content=\"1\u00a0Minute\" \/>\n<script type=\"application\/ld+json\" class=\"yoast-schema-graph\">{\"@context\":\"https:\\\/\\\/schema.org\",\"@graph\":[{\"@type\":\"WebPage\",\"@id\":\"https:\\\/\\\/marktxxl.de\\\/markt\\\/produkt\\\/baby-bilderrahmen-ultraschallbild-bilderrahmen-schwangerschaft-fuer-werdende-mama-schwangerschaftsankuendigung-baby-ultraschall-bilderrahmen\\\/\",\"url\":\"https:\\\/\\\/marktxxl.de\\\/markt\\\/produkt\\\/baby-bilderrahmen-ultraschallbild-bilderrahmen-schwangerschaft-fuer-werdende-mama-schwangerschaftsankuendigung-baby-ultraschall-bilderrahmen\\\/\",\"name\":\"Baby Bilderrahmen f\u00fcr Ultraschallbild \u2013 Bilderrahmen Ultraschallbild Baby - Bilderrahmen Schwangerschaft f\u00fcr Werdende\u2026 - Markt-XXL\",\"isPartOf\":{\"@id\":\"https:\\\/\\\/marktxxl.de\\\/markt\\\/#website\"},\"primaryImageOfPage\":{\"@id\":\"https:\\\/\\\/marktxxl.de\\\/markt\\\/produkt\\\/baby-bilderrahmen-ultraschallbild-bilderrahmen-schwangerschaft-fuer-werdende-mama-schwangerschaftsankuendigung-baby-ultraschall-bilderrahmen\\\/#primaryimage\"},\"image\":{\"@id\":\"https:\\\/\\\/marktxxl.de\\\/markt\\\/produkt\\\/baby-bilderrahmen-ultraschallbild-bilderrahmen-schwangerschaft-fuer-werdende-mama-schwangerschaftsankuendigung-baby-ultraschall-bilderrahmen\\\/#primaryimage\"},\"thumbnailUrl\":\"https:\\\/\\\/m.media-amazon.com\\\/images\\\/I\\\/41xPb5H2GaL._SL500_.jpg\",\"datePublished\":\"2022-02-26T19:18:00+00:00\",\"dateModified\":\"2023-04-11T01:34:28+00:00\",\"description\":\"Markt-XXL Baby Bilderrahmen f\u00fcr Ultraschallbild \u2013 Bilderrahmen Ultraschallbild Baby - Bilderrahmen Schwangerschaft f\u00fcr Werdende\u2026\",\"breadcrumb\":{\"@id\":\"https:\\\/\\\/marktxxl.de\\\/markt\\\/produkt\\\/baby-bilderrahmen-ultraschallbild-bilderrahmen-schwangerschaft-fuer-werdende-mama-schwangerschaftsankuendigung-baby-ultraschall-bilderrahmen\\\/#breadcrumb\"},\"inLanguage\":\"de\",\"potentialAction\":[{\"@type\":\"ReadAction\",\"target\":[\"https:\\\/\\\/marktxxl.de\\\/markt\\\/produkt\\\/baby-bilderrahmen-ultraschallbild-bilderrahmen-schwangerschaft-fuer-werdende-mama-schwangerschaftsankuendigung-baby-ultraschall-bilderrahmen\\\/\"]}]},{\"@type\":\"ImageObject\",\"inLanguage\":\"de\",\"@id\":\"https:\\\/\\\/marktxxl.de\\\/markt\\\/produkt\\\/baby-bilderrahmen-ultraschallbild-bilderrahmen-schwangerschaft-fuer-werdende-mama-schwangerschaftsankuendigung-baby-ultraschall-bilderrahmen\\\/#primaryimage\",\"url\":\"https:\\\/\\\/m.media-amazon.com\\\/images\\\/I\\\/41xPb5H2GaL._SL500_.jpg\",\"contentUrl\":\"https:\\\/\\\/m.media-amazon.com\\\/images\\\/I\\\/41xPb5H2GaL._SL500_.jpg\",\"width\":500,\"height\":500},{\"@type\":\"BreadcrumbList\",\"@id\":\"https:\\\/\\\/marktxxl.de\\\/markt\\\/produkt\\\/baby-bilderrahmen-ultraschallbild-bilderrahmen-schwangerschaft-fuer-werdende-mama-schwangerschaftsankuendigung-baby-ultraschall-bilderrahmen\\\/#breadcrumb\",\"itemListElement\":[{\"@type\":\"ListItem\",\"position\":1,\"name\":\"Startseite\",\"item\":\"https:\\\/\\\/marktxxl.de\\\/markt\\\/\"},{\"@type\":\"ListItem\",\"position\":2,\"name\":\"Markt\",\"item\":\"https:\\\/\\\/marktxxl.de\\\/markt\\\/\"},{\"@type\":\"ListItem\",\"position\":3,\"name\":\"Baby Bilderrahmen f\u00fcr Ultraschallbild \u2013 Bilderrahmen Ultraschallbild Baby &#8211; Bilderrahmen Schwangerschaft f\u00fcr Werdende\u2026\"}]},{\"@type\":\"WebSite\",\"@id\":\"https:\\\/\\\/marktxxl.de\\\/markt\\\/#website\",\"url\":\"https:\\\/\\\/marktxxl.de\\\/markt\\\/\",\"name\":\"Markt-XXL\",\"description\":\"Ihr Markt Online\",\"publisher\":{\"@id\":\"https:\\\/\\\/marktxxl.de\\\/markt\\\/#organization\"},\"potentialAction\":[{\"@type\":\"SearchAction\",\"target\":{\"@type\":\"EntryPoint\",\"urlTemplate\":\"https:\\\/\\\/marktxxl.de\\\/markt\\\/?s={search_term_string}\"},\"query-input\":{\"@type\":\"PropertyValueSpecification\",\"valueRequired\":true,\"valueName\":\"search_term_string\"}}],\"inLanguage\":\"de\"},{\"@type\":\"Organization\",\"@id\":\"https:\\\/\\\/marktxxl.de\\\/markt\\\/#organization\",\"name\":\"Markt-XXL\",\"url\":\"https:\\\/\\\/marktxxl.de\\\/markt\\\/\",\"logo\":{\"@type\":\"ImageObject\",\"inLanguage\":\"de\",\"@id\":\"https:\\\/\\\/marktxxl.de\\\/markt\\\/#\\\/schema\\\/logo\\\/image\\\/\",\"url\":\"https:\\\/\\\/marktxxl.de\\\/markt\\\/wp-content\\\/uploads\\\/sites\\\/3\\\/2020\\\/12\\\/logo.png\",\"contentUrl\":\"https:\\\/\\\/marktxxl.de\\\/markt\\\/wp-content\\\/uploads\\\/sites\\\/3\\\/2020\\\/12\\\/logo.png\",\"width\":200,\"height\":70,\"caption\":\"Markt-XXL\"},\"image\":{\"@id\":\"https:\\\/\\\/marktxxl.de\\\/markt\\\/#\\\/schema\\\/logo\\\/image\\\/\"}}]}<\/script>\n<!-- \/ Yoast SEO plugin. -->","yoast_head_json":{"title":"Baby Bilderrahmen f\u00fcr Ultraschallbild \u2013 Bilderrahmen Ultraschallbild Baby - Bilderrahmen Schwangerschaft f\u00fcr Werdende\u2026 - Markt-XXL","description":"Markt-XXL Baby Bilderrahmen f\u00fcr Ultraschallbild \u2013 Bilderrahmen Ultraschallbild Baby - Bilderrahmen Schwangerschaft f\u00fcr Werdende\u2026","robots":{"index":"index","follow":"follow","max-snippet":"max-snippet:-1","max-image-preview":"max-image-preview:large","max-video-preview":"max-video-preview:-1"},"canonical":"https:\/\/marktxxl.de\/markt\/produkt\/baby-bilderrahmen-ultraschallbild-bilderrahmen-schwangerschaft-fuer-werdende-mama-schwangerschaftsankuendigung-baby-ultraschall-bilderrahmen\/","og_locale":"de_DE","og_type":"article","og_title":"Baby Bilderrahmen f\u00fcr Ultraschallbild \u2013 Bilderrahmen Ultraschallbild Baby - Bilderrahmen Schwangerschaft f\u00fcr Werdende\u2026 - Markt-XXL","og_description":"Markt-XXL Baby Bilderrahmen f\u00fcr Ultraschallbild \u2013 Bilderrahmen Ultraschallbild Baby - Bilderrahmen Schwangerschaft f\u00fcr Werdende\u2026","og_url":"https:\/\/marktxxl.de\/markt\/produkt\/baby-bilderrahmen-ultraschallbild-bilderrahmen-schwangerschaft-fuer-werdende-mama-schwangerschaftsankuendigung-baby-ultraschall-bilderrahmen\/","og_site_name":"Markt-XXL","article_modified_time":"2023-04-11T01:34:28+00:00","og_image":[{"width":500,"height":500,"url":"https:\/\/m.media-amazon.com\/images\/I\/41xPb5H2GaL._SL500_.jpg","type":"image\/jpeg"}],"twitter_card":"summary_large_image","twitter_misc":{"Gesch\u00e4tzte Lesezeit":"1\u00a0Minute"},"schema":{"@context":"https:\/\/schema.org","@graph":[{"@type":"WebPage","@id":"https:\/\/marktxxl.de\/markt\/produkt\/baby-bilderrahmen-ultraschallbild-bilderrahmen-schwangerschaft-fuer-werdende-mama-schwangerschaftsankuendigung-baby-ultraschall-bilderrahmen\/","url":"https:\/\/marktxxl.de\/markt\/produkt\/baby-bilderrahmen-ultraschallbild-bilderrahmen-schwangerschaft-fuer-werdende-mama-schwangerschaftsankuendigung-baby-ultraschall-bilderrahmen\/","name":"Baby Bilderrahmen f\u00fcr Ultraschallbild \u2013 Bilderrahmen Ultraschallbild Baby - Bilderrahmen Schwangerschaft f\u00fcr Werdende\u2026 - Markt-XXL","isPartOf":{"@id":"https:\/\/marktxxl.de\/markt\/#website"},"primaryImageOfPage":{"@id":"https:\/\/marktxxl.de\/markt\/produkt\/baby-bilderrahmen-ultraschallbild-bilderrahmen-schwangerschaft-fuer-werdende-mama-schwangerschaftsankuendigung-baby-ultraschall-bilderrahmen\/#primaryimage"},"image":{"@id":"https:\/\/marktxxl.de\/markt\/produkt\/baby-bilderrahmen-ultraschallbild-bilderrahmen-schwangerschaft-fuer-werdende-mama-schwangerschaftsankuendigung-baby-ultraschall-bilderrahmen\/#primaryimage"},"thumbnailUrl":"https:\/\/m.media-amazon.com\/images\/I\/41xPb5H2GaL._SL500_.jpg","datePublished":"2022-02-26T19:18:00+00:00","dateModified":"2023-04-11T01:34:28+00:00","description":"Markt-XXL Baby Bilderrahmen f\u00fcr Ultraschallbild \u2013 Bilderrahmen Ultraschallbild Baby - Bilderrahmen Schwangerschaft f\u00fcr Werdende\u2026","breadcrumb":{"@id":"https:\/\/marktxxl.de\/markt\/produkt\/baby-bilderrahmen-ultraschallbild-bilderrahmen-schwangerschaft-fuer-werdende-mama-schwangerschaftsankuendigung-baby-ultraschall-bilderrahmen\/#breadcrumb"},"inLanguage":"de","potentialAction":[{"@type":"ReadAction","target":["https:\/\/marktxxl.de\/markt\/produkt\/baby-bilderrahmen-ultraschallbild-bilderrahmen-schwangerschaft-fuer-werdende-mama-schwangerschaftsankuendigung-baby-ultraschall-bilderrahmen\/"]}]},{"@type":"ImageObject","inLanguage":"de","@id":"https:\/\/marktxxl.de\/markt\/produkt\/baby-bilderrahmen-ultraschallbild-bilderrahmen-schwangerschaft-fuer-werdende-mama-schwangerschaftsankuendigung-baby-ultraschall-bilderrahmen\/#primaryimage","url":"https:\/\/m.media-amazon.com\/images\/I\/41xPb5H2GaL._SL500_.jpg","contentUrl":"https:\/\/m.media-amazon.com\/images\/I\/41xPb5H2GaL._SL500_.jpg","width":500,"height":500},{"@type":"BreadcrumbList","@id":"https:\/\/marktxxl.de\/markt\/produkt\/baby-bilderrahmen-ultraschallbild-bilderrahmen-schwangerschaft-fuer-werdende-mama-schwangerschaftsankuendigung-baby-ultraschall-bilderrahmen\/#breadcrumb","itemListElement":[{"@type":"ListItem","position":1,"name":"Startseite","item":"https:\/\/marktxxl.de\/markt\/"},{"@type":"ListItem","position":2,"name":"Markt","item":"https:\/\/marktxxl.de\/markt\/"},{"@type":"ListItem","position":3,"name":"Baby Bilderrahmen f\u00fcr Ultraschallbild \u2013 Bilderrahmen Ultraschallbild Baby &#8211; Bilderrahmen Schwangerschaft f\u00fcr Werdende\u2026"}]},{"@type":"WebSite","@id":"https:\/\/marktxxl.de\/markt\/#website","url":"https:\/\/marktxxl.de\/markt\/","name":"Markt-XXL","description":"Ihr Markt Online","publisher":{"@id":"https:\/\/marktxxl.de\/markt\/#organization"},"potentialAction":[{"@type":"SearchAction","target":{"@type":"EntryPoint","urlTemplate":"https:\/\/marktxxl.de\/markt\/?s={search_term_string}"},"query-input":{"@type":"PropertyValueSpecification","valueRequired":true,"valueName":"search_term_string"}}],"inLanguage":"de"},{"@type":"Organization","@id":"https:\/\/marktxxl.de\/markt\/#organization","name":"Markt-XXL","url":"https:\/\/marktxxl.de\/markt\/","logo":{"@type":"ImageObject","inLanguage":"de","@id":"https:\/\/marktxxl.de\/markt\/#\/schema\/logo\/image\/","url":"https:\/\/marktxxl.de\/markt\/wp-content\/uploads\/sites\/3\/2020\/12\/logo.png","contentUrl":"https:\/\/marktxxl.de\/markt\/wp-content\/uploads\/sites\/3\/2020\/12\/logo.png","width":200,"height":70,"caption":"Markt-XXL"},"image":{"@id":"https:\/\/marktxxl.de\/markt\/#\/schema\/logo\/image\/"}}]}},"_links":{"self":[{"href":"https:\/\/marktxxl.de\/markt\/wp-json\/wp\/v2\/product\/109388","targetHints":{"allow":["GET"]}}],"collection":[{"href":"https:\/\/marktxxl.de\/markt\/wp-json\/wp\/v2\/product"}],"about":[{"href":"https:\/\/marktxxl.de\/markt\/wp-json\/wp\/v2\/types\/product"}],"replies":[{"embeddable":true,"href":"https:\/\/marktxxl.de\/markt\/wp-json\/wp\/v2\/comments?post=109388"}],"wp:featuredmedia":[{"embeddable":true,"href":"https:\/\/marktxxl.de\/markt\/wp-json\/wp\/v2\/media\/109389"}],"wp:attachment":[{"href":"https:\/\/marktxxl.de\/markt\/wp-json\/wp\/v2\/media?parent=109388"}],"wp:term":[{"taxonomy":"product_brand","embeddable":true,"href":"https:\/\/marktxxl.de\/markt\/wp-json\/wp\/v2\/product_brand?post=109388"},{"taxonomy":"product_cat","embeddable":true,"href":"https:\/\/marktxxl.de\/markt\/wp-json\/wp\/v2\/product_cat?post=109388"},{"taxonomy":"product_tag","embeddable":true,"href":"https:\/\/marktxxl.de\/markt\/wp-json\/wp\/v2\/product_tag?post=109388"}],"curies":[{"name":"wp","href":"https:\/\/api.w.org\/{rel}","templated":true}]}}