{"id":109300,"date":"2022-02-26T20:13:03","date_gmt":"2022-02-26T19:13:03","guid":{"rendered":"https:\/\/marktxxl.de\/markt\/produkt\/moontoy-stapelbecher-baby-stapelturm-babystapelwuerfel-ab-12-monate-kinderspielzeugmontessori-spielzeug-ab-1-6-jahr-badewannen-und-sandspielzeug-fuer-drinnen-draussen-lernspielzeug-geschenk\/"},"modified":"2023-04-11T03:34:27","modified_gmt":"2023-04-11T01:34:27","slug":"moontoy-stapelbecher-baby-stapelturm-babystapelwuerfel-ab-12-monate-kinderspielzeugmontessori-spielzeug-ab-1-6-jahr-badewannen-und-sandspielzeug-fuer-drinnen-draussen-lernspielzeug-geschenk","status":"publish","type":"product","link":"https:\/\/marktxxl.de\/markt\/produkt\/moontoy-stapelbecher-baby-stapelturm-babystapelwuerfel-ab-12-monate-kinderspielzeugmontessori-spielzeug-ab-1-6-jahr-badewannen-und-sandspielzeug-fuer-drinnen-draussen-lernspielzeug-geschenk\/","title":{"rendered":"MOONTOY Stapelbecher Baby, Stapelturm Baby,Stapelw\u00fcrfel ab 12 Monate Geschenk Baby 1 Jahr,Montessori Spielzeug ab 1-6\u2026"},"content":{"rendered":"<p>\u30102021 Baby Stapeln Tassen Schloss\u3011 MOONTOY Regenbogen Stapelbecher Set enth\u00e4lt 19 Teile, 1 pr\u00e4chtiges Schloss bis zu 30,3 Zoll \/ 77 cm H\u00f6he, 10 Becher in verschiedenen Gr\u00f6\u00dfen und hellen Farben, 5 geometrische Formen, 1 niedlicher Pinguin, 1 kleiner Deckel, 1 gro\u00dfer geometrischer Deckel. Gro\u00dfe Montessori Spielzeug Anzug f\u00fcr 12 3 + Jahr alt Baby Kleinkinder, toddle, Jungen, M\u00e4dchen.<br \/>\n\u30105 Kundenspezifische Tiermuster\u3011 Im Vergleich zu gew\u00f6hnlichen Mustern sind MOONTOY Stapelbecher Tiermuster Drucke und gepr\u00e4gte Zahlen anstelle von Aufklebern, machen Sie sich keine Sorgen \u00fcber Falten, Falten, Rei\u00dfen. Diese Baby-Bl\u00f6cke Muster mit niedlichen Elefanten, gl\u00fcckliche Giraffen, mutige L\u00f6wen, agile Zebras und intelligente Affen gedruckt wird das Wachstum Ihrer Kinder begleiten und machen ihre Kindheit voller Spa\u00df.<br \/>\n\u3010Mehrere M\u00f6glichkeiten zum Spielen von Fun Toys\u3011 Baby-Stapelspielzeug bietet mehrere M\u00f6glichkeiten zum Spielen, wie Stapeln, Verschachteln, Formen sortieren, Bad, Strand, Pool, Blumentopfpflanze und mehr! Beim Spielen wird nicht nur die Hand-Augen-Koordination, die Probleml\u00f6sungsf\u00e4higkeit, die Fantasie, die Kreativit\u00e4t usw. des Kindes trainiert. Babys k\u00f6nnen auch lernen, Farben, Formen, Zahlen und Tiere zu erkennen.<br \/>\n\u3010Sicheres Material &amp; einfache Lagerung \u3011 Stapelbecher aus hochwertigem ABS-Material, langlebig, ungiftig, BPA-frei, mit einer glatten Oberfl\u00e4che, die keine scharfen Kanten f\u00fcr Sicherheit und leicht zu reinigen hat. Es hat auch eine Aufbewahrungsfunktion, drehen Sie einfach die Basis auf den Kopf, und werden Sie ein Beh\u00e4lter, effektiv speichern und nehmen Sie Spielzeug f\u00fcr Reisen, lassen Sie Baby die Stapelwelt \u00fcberall erkunden.<br \/>\n\u3010Bestes Geschenk f\u00fcr Kinder&amp; Best After-Sales\u3011. Regenbogen Stapeln Spielzeug Geeignet f\u00fcr 1-6 Jahre alt ist ein ausgezeichnetes Geschenk f\u00fcr Baby Kleinkinder, Kleinkinder, Jungen und M\u00e4dchen. Perfekte Wahl f\u00fcr Geburtstagsfeiern, Feste und Feiertagsgeschenk (Weihnachten, Halloween, Neujahr usw.). Wenn es irgendein Problem gibt, lassen Sie uns einfach wissen, dann werden wir eine zufriedenstellende L\u00f6sung speziell f\u00fcr Sie machen.<br \/>\n<div class=\"main-cross-sell\" data-asin=\"B08RHY2GF6\">\n\n\t<div class=\"WooZone-cross-sell-loader\">\n\t\t<div>\n\t\t\t<div id=\"floatingBarsG\">\n\t\t\t\t<div class=\"blockG\" id=\"rotateG_01\"><\/div>\n\t\t\t\t<div class=\"blockG\" id=\"rotateG_02\"><\/div>\n\t\t\t\t<div class=\"blockG\" id=\"rotateG_03\"><\/div>\n\t\t\t\t<div class=\"blockG\" id=\"rotateG_04\"><\/div>\n\t\t\t\t<div class=\"blockG\" id=\"rotateG_05\"><\/div>\n\t\t\t\t<div class=\"blockG\" id=\"rotateG_06\"><\/div>\n\t\t\t\t<div class=\"blockG\" id=\"rotateG_07\"><\/div>\n\t\t\t\t<div class=\"blockG\" id=\"rotateG_08\"><\/div>\n\t\t\t<\/div>\n\t\t\t<div class=\"WooZone-cross-sell-loader-text\"><\/div>\n\t\t<\/div>\n\t<\/div>\n\n\t\t\n<\/div>\n<div style=\"clear:both;\"><\/div><\/p>\n","protected":false},"excerpt":{"rendered":"<p>\u30102021 Baby Stapeln Tassen Schloss\u3011 MOONTOY Regenbogen Stapelbecher Set enth\u00e4lt 19 Teile, 1 pr\u00e4chtiges Schloss bis zu 30,3 Zoll \/ 77 cm H\u00f6he, 10 Becher in verschiedenen Gr\u00f6\u00dfen und hellen Farben, 5 geometrische Formen, 1 niedlicher Pinguin, 1 kleiner Deckel, 1 gro\u00dfer geometrischer Deckel. Gro\u00dfe Montessori Spielzeug Anzug f\u00fcr 12 3 + Jahr alt Baby Kleinkinder, toddle, Jungen, M\u00e4dchen.<br \/>\n\u30105 Kundenspezifische Tiermuster\u3011 Im Vergleich zu gew\u00f6hnlichen Mustern sind MOONTOY Stapelbecher Tiermuster Drucke und gepr\u00e4gte Zahlen anstelle von Aufklebern, machen Sie sich keine Sorgen \u00fcber Falten, Falten, Rei\u00dfen. Diese Baby-Bl\u00f6cke Muster mit niedlichen Elefanten, gl\u00fcckliche Giraffen, mutige L\u00f6wen, agile Zebras und intelligente Affen gedruckt wird das Wachstum Ihrer Kinder begleiten und machen ihre Kindheit voller Spa\u00df.<br \/>\n\u3010Mehrere M\u00f6glichkeiten zum Spielen von Fun Toys\u3011 Baby-Stapelspielzeug bietet mehrere M\u00f6glichkeiten zum Spielen, wie Stapeln, Verschachteln, Formen sortieren, Bad, Strand, Pool, Blumentopfpflanze und mehr! Beim Spielen wird nicht nur die Hand-Augen-Koordination, die Probleml\u00f6sungsf\u00e4higkeit, die Fantasie, die Kreativit\u00e4t usw. des Kindes trainiert. Babys k\u00f6nnen auch lernen, Farben, Formen, Zahlen und Tiere zu erkennen.<\/p>\n","protected":false},"featured_media":109301,"comment_status":"open","ping_status":"closed","template":"","meta":[],"product_brand":[],"product_cat":[21,8879],"product_tag":[],"class_list":{"0":"post-109300","1":"product","2":"type-product","3":"status-publish","4":"has-post-thumbnail","6":"product_cat-baby","7":"product_cat-baby-kleinkindspielzeug-baby","8":"pa_binding-spielzeug","9":"pa_brand-moontoy","10":"pa_height-6-6-zoll","11":"pa_length-6-6-zoll","12":"pa_manufacturer-moontoy","13":"pa_model-32766","14":"pa_width-6-6-zoll","16":"first","17":"instock","18":"shipping-taxable","19":"purchasable","20":"product-type-simple","21":"customify-col","22":"product-has-gallery"},"yoast_head":"<!-- This site is optimized with the Yoast SEO plugin v27.3 - https:\/\/yoast.com\/product\/yoast-seo-wordpress\/ -->\n<title>MOONTOY Stapelbecher Baby, Stapelturm Baby,Stapelw\u00fcrfel ab 12 Monate Geschenk Baby 1 Jahr,Montessori Spielzeug ab 1-6\u2026 - Markt-XXL<\/title>\n<meta name=\"description\" content=\"Markt-XXL MOONTOY Stapelbecher Baby, Stapelturm Baby,Stapelw\u00fcrfel ab 12 Monate Geschenk Baby 1 Jahr,Montessori Spielzeug ab 1-6\u2026\" \/>\n<meta name=\"robots\" content=\"index, follow, max-snippet:-1, max-image-preview:large, max-video-preview:-1\" \/>\n<link rel=\"canonical\" href=\"https:\/\/marktxxl.de\/markt\/produkt\/moontoy-stapelbecher-baby-stapelturm-babystapelwuerfel-ab-12-monate-kinderspielzeugmontessori-spielzeug-ab-1-6-jahr-badewannen-und-sandspielzeug-fuer-drinnen-draussen-lernspielzeug-geschenk\/\" \/>\n<meta property=\"og:locale\" content=\"de_DE\" \/>\n<meta property=\"og:type\" content=\"article\" \/>\n<meta property=\"og:title\" content=\"MOONTOY Stapelbecher Baby, Stapelturm Baby,Stapelw\u00fcrfel ab 12 Monate Geschenk Baby 1 Jahr,Montessori Spielzeug ab 1-6\u2026 - Markt-XXL\" \/>\n<meta property=\"og:description\" content=\"Markt-XXL MOONTOY Stapelbecher Baby, Stapelturm Baby,Stapelw\u00fcrfel ab 12 Monate Geschenk Baby 1 Jahr,Montessori Spielzeug ab 1-6\u2026\" \/>\n<meta property=\"og:url\" content=\"https:\/\/marktxxl.de\/markt\/produkt\/moontoy-stapelbecher-baby-stapelturm-babystapelwuerfel-ab-12-monate-kinderspielzeugmontessori-spielzeug-ab-1-6-jahr-badewannen-und-sandspielzeug-fuer-drinnen-draussen-lernspielzeug-geschenk\/\" \/>\n<meta property=\"og:site_name\" content=\"Markt-XXL\" \/>\n<meta property=\"article:modified_time\" content=\"2023-04-11T01:34:27+00:00\" \/>\n<meta property=\"og:image\" content=\"https:\/\/m.media-amazon.com\/images\/I\/51VPZcSDb3L._SL500_.jpg\" \/>\n\t<meta property=\"og:image:width\" content=\"500\" \/>\n\t<meta property=\"og:image:height\" content=\"500\" \/>\n\t<meta property=\"og:image:type\" content=\"image\/jpeg\" \/>\n<meta name=\"twitter:card\" content=\"summary_large_image\" \/>\n<meta name=\"twitter:label1\" content=\"Gesch\u00e4tzte Lesezeit\" \/>\n\t<meta name=\"twitter:data1\" content=\"2\u00a0Minuten\" \/>\n<script type=\"application\/ld+json\" class=\"yoast-schema-graph\">{\"@context\":\"https:\\\/\\\/schema.org\",\"@graph\":[{\"@type\":\"WebPage\",\"@id\":\"https:\\\/\\\/marktxxl.de\\\/markt\\\/produkt\\\/moontoy-stapelbecher-baby-stapelturm-babystapelwuerfel-ab-12-monate-kinderspielzeugmontessori-spielzeug-ab-1-6-jahr-badewannen-und-sandspielzeug-fuer-drinnen-draussen-lernspielzeug-geschenk\\\/\",\"url\":\"https:\\\/\\\/marktxxl.de\\\/markt\\\/produkt\\\/moontoy-stapelbecher-baby-stapelturm-babystapelwuerfel-ab-12-monate-kinderspielzeugmontessori-spielzeug-ab-1-6-jahr-badewannen-und-sandspielzeug-fuer-drinnen-draussen-lernspielzeug-geschenk\\\/\",\"name\":\"MOONTOY Stapelbecher Baby, Stapelturm Baby,Stapelw\u00fcrfel ab 12 Monate Geschenk Baby 1 Jahr,Montessori Spielzeug ab 1-6\u2026 - Markt-XXL\",\"isPartOf\":{\"@id\":\"https:\\\/\\\/marktxxl.de\\\/markt\\\/#website\"},\"primaryImageOfPage\":{\"@id\":\"https:\\\/\\\/marktxxl.de\\\/markt\\\/produkt\\\/moontoy-stapelbecher-baby-stapelturm-babystapelwuerfel-ab-12-monate-kinderspielzeugmontessori-spielzeug-ab-1-6-jahr-badewannen-und-sandspielzeug-fuer-drinnen-draussen-lernspielzeug-geschenk\\\/#primaryimage\"},\"image\":{\"@id\":\"https:\\\/\\\/marktxxl.de\\\/markt\\\/produkt\\\/moontoy-stapelbecher-baby-stapelturm-babystapelwuerfel-ab-12-monate-kinderspielzeugmontessori-spielzeug-ab-1-6-jahr-badewannen-und-sandspielzeug-fuer-drinnen-draussen-lernspielzeug-geschenk\\\/#primaryimage\"},\"thumbnailUrl\":\"https:\\\/\\\/m.media-amazon.com\\\/images\\\/I\\\/51VPZcSDb3L._SL500_.jpg\",\"datePublished\":\"2022-02-26T19:13:03+00:00\",\"dateModified\":\"2023-04-11T01:34:27+00:00\",\"description\":\"Markt-XXL MOONTOY Stapelbecher Baby, Stapelturm Baby,Stapelw\u00fcrfel ab 12 Monate Geschenk Baby 1 Jahr,Montessori Spielzeug ab 1-6\u2026\",\"breadcrumb\":{\"@id\":\"https:\\\/\\\/marktxxl.de\\\/markt\\\/produkt\\\/moontoy-stapelbecher-baby-stapelturm-babystapelwuerfel-ab-12-monate-kinderspielzeugmontessori-spielzeug-ab-1-6-jahr-badewannen-und-sandspielzeug-fuer-drinnen-draussen-lernspielzeug-geschenk\\\/#breadcrumb\"},\"inLanguage\":\"de\",\"potentialAction\":[{\"@type\":\"ReadAction\",\"target\":[\"https:\\\/\\\/marktxxl.de\\\/markt\\\/produkt\\\/moontoy-stapelbecher-baby-stapelturm-babystapelwuerfel-ab-12-monate-kinderspielzeugmontessori-spielzeug-ab-1-6-jahr-badewannen-und-sandspielzeug-fuer-drinnen-draussen-lernspielzeug-geschenk\\\/\"]}]},{\"@type\":\"ImageObject\",\"inLanguage\":\"de\",\"@id\":\"https:\\\/\\\/marktxxl.de\\\/markt\\\/produkt\\\/moontoy-stapelbecher-baby-stapelturm-babystapelwuerfel-ab-12-monate-kinderspielzeugmontessori-spielzeug-ab-1-6-jahr-badewannen-und-sandspielzeug-fuer-drinnen-draussen-lernspielzeug-geschenk\\\/#primaryimage\",\"url\":\"https:\\\/\\\/m.media-amazon.com\\\/images\\\/I\\\/51VPZcSDb3L._SL500_.jpg\",\"contentUrl\":\"https:\\\/\\\/m.media-amazon.com\\\/images\\\/I\\\/51VPZcSDb3L._SL500_.jpg\",\"width\":500,\"height\":500},{\"@type\":\"BreadcrumbList\",\"@id\":\"https:\\\/\\\/marktxxl.de\\\/markt\\\/produkt\\\/moontoy-stapelbecher-baby-stapelturm-babystapelwuerfel-ab-12-monate-kinderspielzeugmontessori-spielzeug-ab-1-6-jahr-badewannen-und-sandspielzeug-fuer-drinnen-draussen-lernspielzeug-geschenk\\\/#breadcrumb\",\"itemListElement\":[{\"@type\":\"ListItem\",\"position\":1,\"name\":\"Startseite\",\"item\":\"https:\\\/\\\/marktxxl.de\\\/markt\\\/\"},{\"@type\":\"ListItem\",\"position\":2,\"name\":\"Markt\",\"item\":\"https:\\\/\\\/marktxxl.de\\\/markt\\\/\"},{\"@type\":\"ListItem\",\"position\":3,\"name\":\"MOONTOY Stapelbecher Baby, Stapelturm Baby,Stapelw\u00fcrfel ab 12 Monate Geschenk Baby 1 Jahr,Montessori Spielzeug ab 1-6\u2026\"}]},{\"@type\":\"WebSite\",\"@id\":\"https:\\\/\\\/marktxxl.de\\\/markt\\\/#website\",\"url\":\"https:\\\/\\\/marktxxl.de\\\/markt\\\/\",\"name\":\"Markt-XXL\",\"description\":\"Ihr Markt Online\",\"publisher\":{\"@id\":\"https:\\\/\\\/marktxxl.de\\\/markt\\\/#organization\"},\"potentialAction\":[{\"@type\":\"SearchAction\",\"target\":{\"@type\":\"EntryPoint\",\"urlTemplate\":\"https:\\\/\\\/marktxxl.de\\\/markt\\\/?s={search_term_string}\"},\"query-input\":{\"@type\":\"PropertyValueSpecification\",\"valueRequired\":true,\"valueName\":\"search_term_string\"}}],\"inLanguage\":\"de\"},{\"@type\":\"Organization\",\"@id\":\"https:\\\/\\\/marktxxl.de\\\/markt\\\/#organization\",\"name\":\"Markt-XXL\",\"url\":\"https:\\\/\\\/marktxxl.de\\\/markt\\\/\",\"logo\":{\"@type\":\"ImageObject\",\"inLanguage\":\"de\",\"@id\":\"https:\\\/\\\/marktxxl.de\\\/markt\\\/#\\\/schema\\\/logo\\\/image\\\/\",\"url\":\"https:\\\/\\\/marktxxl.de\\\/markt\\\/wp-content\\\/uploads\\\/sites\\\/3\\\/2020\\\/12\\\/logo.png\",\"contentUrl\":\"https:\\\/\\\/marktxxl.de\\\/markt\\\/wp-content\\\/uploads\\\/sites\\\/3\\\/2020\\\/12\\\/logo.png\",\"width\":200,\"height\":70,\"caption\":\"Markt-XXL\"},\"image\":{\"@id\":\"https:\\\/\\\/marktxxl.de\\\/markt\\\/#\\\/schema\\\/logo\\\/image\\\/\"}}]}<\/script>\n<!-- \/ Yoast SEO plugin. -->","yoast_head_json":{"title":"MOONTOY Stapelbecher Baby, Stapelturm Baby,Stapelw\u00fcrfel ab 12 Monate Geschenk Baby 1 Jahr,Montessori Spielzeug ab 1-6\u2026 - Markt-XXL","description":"Markt-XXL MOONTOY Stapelbecher Baby, Stapelturm Baby,Stapelw\u00fcrfel ab 12 Monate Geschenk Baby 1 Jahr,Montessori Spielzeug ab 1-6\u2026","robots":{"index":"index","follow":"follow","max-snippet":"max-snippet:-1","max-image-preview":"max-image-preview:large","max-video-preview":"max-video-preview:-1"},"canonical":"https:\/\/marktxxl.de\/markt\/produkt\/moontoy-stapelbecher-baby-stapelturm-babystapelwuerfel-ab-12-monate-kinderspielzeugmontessori-spielzeug-ab-1-6-jahr-badewannen-und-sandspielzeug-fuer-drinnen-draussen-lernspielzeug-geschenk\/","og_locale":"de_DE","og_type":"article","og_title":"MOONTOY Stapelbecher Baby, Stapelturm Baby,Stapelw\u00fcrfel ab 12 Monate Geschenk Baby 1 Jahr,Montessori Spielzeug ab 1-6\u2026 - Markt-XXL","og_description":"Markt-XXL MOONTOY Stapelbecher Baby, Stapelturm Baby,Stapelw\u00fcrfel ab 12 Monate Geschenk Baby 1 Jahr,Montessori Spielzeug ab 1-6\u2026","og_url":"https:\/\/marktxxl.de\/markt\/produkt\/moontoy-stapelbecher-baby-stapelturm-babystapelwuerfel-ab-12-monate-kinderspielzeugmontessori-spielzeug-ab-1-6-jahr-badewannen-und-sandspielzeug-fuer-drinnen-draussen-lernspielzeug-geschenk\/","og_site_name":"Markt-XXL","article_modified_time":"2023-04-11T01:34:27+00:00","og_image":[{"width":500,"height":500,"url":"https:\/\/m.media-amazon.com\/images\/I\/51VPZcSDb3L._SL500_.jpg","type":"image\/jpeg"}],"twitter_card":"summary_large_image","twitter_misc":{"Gesch\u00e4tzte Lesezeit":"2\u00a0Minuten"},"schema":{"@context":"https:\/\/schema.org","@graph":[{"@type":"WebPage","@id":"https:\/\/marktxxl.de\/markt\/produkt\/moontoy-stapelbecher-baby-stapelturm-babystapelwuerfel-ab-12-monate-kinderspielzeugmontessori-spielzeug-ab-1-6-jahr-badewannen-und-sandspielzeug-fuer-drinnen-draussen-lernspielzeug-geschenk\/","url":"https:\/\/marktxxl.de\/markt\/produkt\/moontoy-stapelbecher-baby-stapelturm-babystapelwuerfel-ab-12-monate-kinderspielzeugmontessori-spielzeug-ab-1-6-jahr-badewannen-und-sandspielzeug-fuer-drinnen-draussen-lernspielzeug-geschenk\/","name":"MOONTOY Stapelbecher Baby, Stapelturm Baby,Stapelw\u00fcrfel ab 12 Monate Geschenk Baby 1 Jahr,Montessori Spielzeug ab 1-6\u2026 - Markt-XXL","isPartOf":{"@id":"https:\/\/marktxxl.de\/markt\/#website"},"primaryImageOfPage":{"@id":"https:\/\/marktxxl.de\/markt\/produkt\/moontoy-stapelbecher-baby-stapelturm-babystapelwuerfel-ab-12-monate-kinderspielzeugmontessori-spielzeug-ab-1-6-jahr-badewannen-und-sandspielzeug-fuer-drinnen-draussen-lernspielzeug-geschenk\/#primaryimage"},"image":{"@id":"https:\/\/marktxxl.de\/markt\/produkt\/moontoy-stapelbecher-baby-stapelturm-babystapelwuerfel-ab-12-monate-kinderspielzeugmontessori-spielzeug-ab-1-6-jahr-badewannen-und-sandspielzeug-fuer-drinnen-draussen-lernspielzeug-geschenk\/#primaryimage"},"thumbnailUrl":"https:\/\/m.media-amazon.com\/images\/I\/51VPZcSDb3L._SL500_.jpg","datePublished":"2022-02-26T19:13:03+00:00","dateModified":"2023-04-11T01:34:27+00:00","description":"Markt-XXL MOONTOY Stapelbecher Baby, Stapelturm Baby,Stapelw\u00fcrfel ab 12 Monate Geschenk Baby 1 Jahr,Montessori Spielzeug ab 1-6\u2026","breadcrumb":{"@id":"https:\/\/marktxxl.de\/markt\/produkt\/moontoy-stapelbecher-baby-stapelturm-babystapelwuerfel-ab-12-monate-kinderspielzeugmontessori-spielzeug-ab-1-6-jahr-badewannen-und-sandspielzeug-fuer-drinnen-draussen-lernspielzeug-geschenk\/#breadcrumb"},"inLanguage":"de","potentialAction":[{"@type":"ReadAction","target":["https:\/\/marktxxl.de\/markt\/produkt\/moontoy-stapelbecher-baby-stapelturm-babystapelwuerfel-ab-12-monate-kinderspielzeugmontessori-spielzeug-ab-1-6-jahr-badewannen-und-sandspielzeug-fuer-drinnen-draussen-lernspielzeug-geschenk\/"]}]},{"@type":"ImageObject","inLanguage":"de","@id":"https:\/\/marktxxl.de\/markt\/produkt\/moontoy-stapelbecher-baby-stapelturm-babystapelwuerfel-ab-12-monate-kinderspielzeugmontessori-spielzeug-ab-1-6-jahr-badewannen-und-sandspielzeug-fuer-drinnen-draussen-lernspielzeug-geschenk\/#primaryimage","url":"https:\/\/m.media-amazon.com\/images\/I\/51VPZcSDb3L._SL500_.jpg","contentUrl":"https:\/\/m.media-amazon.com\/images\/I\/51VPZcSDb3L._SL500_.jpg","width":500,"height":500},{"@type":"BreadcrumbList","@id":"https:\/\/marktxxl.de\/markt\/produkt\/moontoy-stapelbecher-baby-stapelturm-babystapelwuerfel-ab-12-monate-kinderspielzeugmontessori-spielzeug-ab-1-6-jahr-badewannen-und-sandspielzeug-fuer-drinnen-draussen-lernspielzeug-geschenk\/#breadcrumb","itemListElement":[{"@type":"ListItem","position":1,"name":"Startseite","item":"https:\/\/marktxxl.de\/markt\/"},{"@type":"ListItem","position":2,"name":"Markt","item":"https:\/\/marktxxl.de\/markt\/"},{"@type":"ListItem","position":3,"name":"MOONTOY Stapelbecher Baby, Stapelturm Baby,Stapelw\u00fcrfel ab 12 Monate Geschenk Baby 1 Jahr,Montessori Spielzeug ab 1-6\u2026"}]},{"@type":"WebSite","@id":"https:\/\/marktxxl.de\/markt\/#website","url":"https:\/\/marktxxl.de\/markt\/","name":"Markt-XXL","description":"Ihr Markt Online","publisher":{"@id":"https:\/\/marktxxl.de\/markt\/#organization"},"potentialAction":[{"@type":"SearchAction","target":{"@type":"EntryPoint","urlTemplate":"https:\/\/marktxxl.de\/markt\/?s={search_term_string}"},"query-input":{"@type":"PropertyValueSpecification","valueRequired":true,"valueName":"search_term_string"}}],"inLanguage":"de"},{"@type":"Organization","@id":"https:\/\/marktxxl.de\/markt\/#organization","name":"Markt-XXL","url":"https:\/\/marktxxl.de\/markt\/","logo":{"@type":"ImageObject","inLanguage":"de","@id":"https:\/\/marktxxl.de\/markt\/#\/schema\/logo\/image\/","url":"https:\/\/marktxxl.de\/markt\/wp-content\/uploads\/sites\/3\/2020\/12\/logo.png","contentUrl":"https:\/\/marktxxl.de\/markt\/wp-content\/uploads\/sites\/3\/2020\/12\/logo.png","width":200,"height":70,"caption":"Markt-XXL"},"image":{"@id":"https:\/\/marktxxl.de\/markt\/#\/schema\/logo\/image\/"}}]}},"_links":{"self":[{"href":"https:\/\/marktxxl.de\/markt\/wp-json\/wp\/v2\/product\/109300","targetHints":{"allow":["GET"]}}],"collection":[{"href":"https:\/\/marktxxl.de\/markt\/wp-json\/wp\/v2\/product"}],"about":[{"href":"https:\/\/marktxxl.de\/markt\/wp-json\/wp\/v2\/types\/product"}],"replies":[{"embeddable":true,"href":"https:\/\/marktxxl.de\/markt\/wp-json\/wp\/v2\/comments?post=109300"}],"wp:featuredmedia":[{"embeddable":true,"href":"https:\/\/marktxxl.de\/markt\/wp-json\/wp\/v2\/media\/109301"}],"wp:attachment":[{"href":"https:\/\/marktxxl.de\/markt\/wp-json\/wp\/v2\/media?parent=109300"}],"wp:term":[{"taxonomy":"product_brand","embeddable":true,"href":"https:\/\/marktxxl.de\/markt\/wp-json\/wp\/v2\/product_brand?post=109300"},{"taxonomy":"product_cat","embeddable":true,"href":"https:\/\/marktxxl.de\/markt\/wp-json\/wp\/v2\/product_cat?post=109300"},{"taxonomy":"product_tag","embeddable":true,"href":"https:\/\/marktxxl.de\/markt\/wp-json\/wp\/v2\/product_tag?post=109300"}],"curies":[{"name":"wp","href":"https:\/\/api.w.org\/{rel}","templated":true}]}}