{"id":109138,"date":"2022-02-26T20:04:04","date_gmt":"2022-02-26T19:04:04","guid":{"rendered":"https:\/\/marktxxl.de\/markt\/produkt\/mutterpasshuelle-mit-verschluss-fuer-deutschen-mutterpass-mit-tasche-fuer-ultraschallbilder-impfpass-mutterpass-huelle-aus-filz\/"},"modified":"2023-04-11T03:34:23","modified_gmt":"2023-04-11T01:34:23","slug":"mutterpasshuelle-mit-verschluss-fuer-deutschen-mutterpass-mit-tasche-fuer-ultraschallbilder-impfpass-mutterpass-huelle-aus-filz","status":"publish","type":"product","link":"https:\/\/marktxxl.de\/markt\/produkt\/mutterpasshuelle-mit-verschluss-fuer-deutschen-mutterpass-mit-tasche-fuer-ultraschallbilder-impfpass-mutterpass-huelle-aus-filz\/","title":{"rendered":"riijk Mutterpassh\u00fclle Blau mit Verschluss f\u00fcr Deutschen Mutterpass mit Tasche f\u00fcr Ultraschallbilder und Impfpass\u2026"},"content":{"rendered":"<p>Der Mutterpass begleitet durch die ganze Schwangerschaft und werdende M\u00fctter sollten ihn immer dabei haben \u2013 mit der durchdachten und sch\u00f6nen Mutterpassh\u00fclle sind alle wichtigen Unterlagen zum Baby bestens gesch\u00fctzt und immer griffbereit.<br \/>\nSpeziell f\u00fcr den deutschen Mutterpass entwickelt, passt perfekt und sch\u00fctzt dieses wertvolle Dokument. Die Mutterpass H\u00fclle mit Tasche f\u00fcr Ultraschallbilder, Einschub f\u00fcr die Versichertenkarte und Tasche f\u00fcr den Impfpass &#8211; alles sicher dabei!<br \/>\nDer praktische Begleiter f\u00fcr eine unvergessliche Kugelzeit! Aus schmutzabweisendem Filz mit sicherem Druckknopfverschluss, damit nichts verloren geht. Auch Visitenkarten von Arzt und Hebamme, Bonusheft oder Termink\u00e4rtchen finden Platz<br \/>\nTolle Geschenkidee f\u00fcr werdende M\u00fctter! Schwanger mit einem Jungen? Schwangerschaft mit einem M\u00e4dchen? Oder ist das Geschlecht des Bauchbewohners unbekannt? Die s\u00fc\u00dfe Tasche f\u00fcr den Mutterpass ist immer ein passender Begleiter f\u00fcr Mutter und Kind.<br \/>\nMit Liebe entworfen, hergestellt aus gepr\u00fcften Materialien, sorgf\u00e4ltig verarbeitet, passgenau f\u00fcr den deutschen Mutterpass, extra robust. Der herzliche Begleiter f\u00fcr werdende M\u00fctter und ideale Schwangerschaftstasche f\u00fcr die wichtigen Infos.<br \/>\n<div class=\"main-cross-sell\" data-asin=\"B0844VKT54\">\n\n\t<div class=\"WooZone-cross-sell-loader\">\n\t\t<div>\n\t\t\t<div id=\"floatingBarsG\">\n\t\t\t\t<div class=\"blockG\" id=\"rotateG_01\"><\/div>\n\t\t\t\t<div class=\"blockG\" id=\"rotateG_02\"><\/div>\n\t\t\t\t<div class=\"blockG\" id=\"rotateG_03\"><\/div>\n\t\t\t\t<div class=\"blockG\" id=\"rotateG_04\"><\/div>\n\t\t\t\t<div class=\"blockG\" id=\"rotateG_05\"><\/div>\n\t\t\t\t<div class=\"blockG\" id=\"rotateG_06\"><\/div>\n\t\t\t\t<div class=\"blockG\" id=\"rotateG_07\"><\/div>\n\t\t\t\t<div class=\"blockG\" id=\"rotateG_08\"><\/div>\n\t\t\t<\/div>\n\t\t\t<div class=\"WooZone-cross-sell-loader-text\"><\/div>\n\t\t<\/div>\n\t<\/div>\n\n\t\t\n<\/div>\n<div style=\"clear:both;\"><\/div><\/p>\n","protected":false},"excerpt":{"rendered":"<p>Der Mutterpass begleitet durch die ganze Schwangerschaft und werdende M\u00fctter sollten ihn immer dabei haben \u2013 mit der durchdachten und sch\u00f6nen Mutterpassh\u00fclle sind alle wichtigen Unterlagen zum Baby bestens gesch\u00fctzt und immer griffbereit.<br \/>\nSpeziell f\u00fcr den deutschen Mutterpass entwickelt, passt perfekt und sch\u00fctzt dieses wertvolle Dokument. Die Mutterpass H\u00fclle mit Tasche f\u00fcr Ultraschallbilder, Einschub f\u00fcr die Versichertenkarte und Tasche f\u00fcr den Impfpass &#8211; alles sicher dabei!<br \/>\nDer praktische Begleiter f\u00fcr eine unvergessliche Kugelzeit! Aus schmutzabweisendem Filz mit sicherem Druckknopfverschluss, damit nichts verloren geht. Auch Visitenkarten von Arzt und Hebamme, Bonusheft oder Termink\u00e4rtchen finden Platz<\/p>\n","protected":false},"featured_media":109139,"comment_status":"open","ping_status":"closed","template":"","meta":[],"product_brand":[],"product_cat":[21,8929],"product_tag":[],"class_list":{"0":"post-109138","1":"product","2":"type-product","3":"status-publish","4":"has-post-thumbnail","6":"product_cat-baby","7":"product_cat-babygeschenke-baby","8":"pa_binding-babyartikel","9":"pa_brand-riijk","10":"pa_manufacturer-riijk","12":"first","13":"instock","14":"shipping-taxable","15":"purchasable","16":"product-type-simple","17":"customify-col","18":"product-has-gallery"},"yoast_head":"<!-- This site is optimized with the Yoast SEO plugin v27.4 - https:\/\/yoast.com\/product\/yoast-seo-wordpress\/ -->\n<title>riijk Mutterpassh\u00fclle Blau mit Verschluss f\u00fcr Deutschen Mutterpass mit Tasche f\u00fcr Ultraschallbilder und Impfpass\u2026 - Markt-XXL<\/title>\n<meta name=\"description\" content=\"Markt-XXL riijk Mutterpassh\u00fclle Blau mit Verschluss f\u00fcr Deutschen Mutterpass mit Tasche f\u00fcr Ultraschallbilder und Impfpass\u2026\" \/>\n<meta name=\"robots\" content=\"index, follow, max-snippet:-1, max-image-preview:large, max-video-preview:-1\" \/>\n<link rel=\"canonical\" href=\"https:\/\/marktxxl.de\/markt\/produkt\/mutterpasshuelle-mit-verschluss-fuer-deutschen-mutterpass-mit-tasche-fuer-ultraschallbilder-impfpass-mutterpass-huelle-aus-filz\/\" \/>\n<meta property=\"og:locale\" content=\"de_DE\" \/>\n<meta property=\"og:type\" content=\"article\" \/>\n<meta property=\"og:title\" content=\"riijk Mutterpassh\u00fclle Blau mit Verschluss f\u00fcr Deutschen Mutterpass mit Tasche f\u00fcr Ultraschallbilder und Impfpass\u2026 - Markt-XXL\" \/>\n<meta property=\"og:description\" content=\"Markt-XXL riijk Mutterpassh\u00fclle Blau mit Verschluss f\u00fcr Deutschen Mutterpass mit Tasche f\u00fcr Ultraschallbilder und Impfpass\u2026\" \/>\n<meta property=\"og:url\" content=\"https:\/\/marktxxl.de\/markt\/produkt\/mutterpasshuelle-mit-verschluss-fuer-deutschen-mutterpass-mit-tasche-fuer-ultraschallbilder-impfpass-mutterpass-huelle-aus-filz\/\" \/>\n<meta property=\"og:site_name\" content=\"Markt-XXL\" \/>\n<meta property=\"article:modified_time\" content=\"2023-04-11T01:34:23+00:00\" \/>\n<meta property=\"og:image\" content=\"https:\/\/m.media-amazon.com\/images\/I\/41UIaOrWYGL._SL500_.jpg\" \/>\n\t<meta property=\"og:image:width\" content=\"500\" \/>\n\t<meta property=\"og:image:height\" content=\"491\" \/>\n\t<meta property=\"og:image:type\" content=\"image\/jpeg\" \/>\n<meta name=\"twitter:card\" content=\"summary_large_image\" \/>\n<meta name=\"twitter:label1\" content=\"Gesch\u00e4tzte Lesezeit\" \/>\n\t<meta name=\"twitter:data1\" content=\"1\u00a0Minute\" \/>\n<script type=\"application\/ld+json\" class=\"yoast-schema-graph\">{\"@context\":\"https:\\\/\\\/schema.org\",\"@graph\":[{\"@type\":\"WebPage\",\"@id\":\"https:\\\/\\\/marktxxl.de\\\/markt\\\/produkt\\\/mutterpasshuelle-mit-verschluss-fuer-deutschen-mutterpass-mit-tasche-fuer-ultraschallbilder-impfpass-mutterpass-huelle-aus-filz\\\/\",\"url\":\"https:\\\/\\\/marktxxl.de\\\/markt\\\/produkt\\\/mutterpasshuelle-mit-verschluss-fuer-deutschen-mutterpass-mit-tasche-fuer-ultraschallbilder-impfpass-mutterpass-huelle-aus-filz\\\/\",\"name\":\"riijk Mutterpassh\u00fclle Blau mit Verschluss f\u00fcr Deutschen Mutterpass mit Tasche f\u00fcr Ultraschallbilder und Impfpass\u2026 - Markt-XXL\",\"isPartOf\":{\"@id\":\"https:\\\/\\\/marktxxl.de\\\/markt\\\/#website\"},\"primaryImageOfPage\":{\"@id\":\"https:\\\/\\\/marktxxl.de\\\/markt\\\/produkt\\\/mutterpasshuelle-mit-verschluss-fuer-deutschen-mutterpass-mit-tasche-fuer-ultraschallbilder-impfpass-mutterpass-huelle-aus-filz\\\/#primaryimage\"},\"image\":{\"@id\":\"https:\\\/\\\/marktxxl.de\\\/markt\\\/produkt\\\/mutterpasshuelle-mit-verschluss-fuer-deutschen-mutterpass-mit-tasche-fuer-ultraschallbilder-impfpass-mutterpass-huelle-aus-filz\\\/#primaryimage\"},\"thumbnailUrl\":\"https:\\\/\\\/m.media-amazon.com\\\/images\\\/I\\\/41UIaOrWYGL._SL500_.jpg\",\"datePublished\":\"2022-02-26T19:04:04+00:00\",\"dateModified\":\"2023-04-11T01:34:23+00:00\",\"description\":\"Markt-XXL riijk Mutterpassh\u00fclle Blau mit Verschluss f\u00fcr Deutschen Mutterpass mit Tasche f\u00fcr Ultraschallbilder und Impfpass\u2026\",\"breadcrumb\":{\"@id\":\"https:\\\/\\\/marktxxl.de\\\/markt\\\/produkt\\\/mutterpasshuelle-mit-verschluss-fuer-deutschen-mutterpass-mit-tasche-fuer-ultraschallbilder-impfpass-mutterpass-huelle-aus-filz\\\/#breadcrumb\"},\"inLanguage\":\"de\",\"potentialAction\":[{\"@type\":\"ReadAction\",\"target\":[\"https:\\\/\\\/marktxxl.de\\\/markt\\\/produkt\\\/mutterpasshuelle-mit-verschluss-fuer-deutschen-mutterpass-mit-tasche-fuer-ultraschallbilder-impfpass-mutterpass-huelle-aus-filz\\\/\"]}]},{\"@type\":\"ImageObject\",\"inLanguage\":\"de\",\"@id\":\"https:\\\/\\\/marktxxl.de\\\/markt\\\/produkt\\\/mutterpasshuelle-mit-verschluss-fuer-deutschen-mutterpass-mit-tasche-fuer-ultraschallbilder-impfpass-mutterpass-huelle-aus-filz\\\/#primaryimage\",\"url\":\"https:\\\/\\\/m.media-amazon.com\\\/images\\\/I\\\/41UIaOrWYGL._SL500_.jpg\",\"contentUrl\":\"https:\\\/\\\/m.media-amazon.com\\\/images\\\/I\\\/41UIaOrWYGL._SL500_.jpg\",\"width\":500,\"height\":491},{\"@type\":\"BreadcrumbList\",\"@id\":\"https:\\\/\\\/marktxxl.de\\\/markt\\\/produkt\\\/mutterpasshuelle-mit-verschluss-fuer-deutschen-mutterpass-mit-tasche-fuer-ultraschallbilder-impfpass-mutterpass-huelle-aus-filz\\\/#breadcrumb\",\"itemListElement\":[{\"@type\":\"ListItem\",\"position\":1,\"name\":\"Startseite\",\"item\":\"https:\\\/\\\/marktxxl.de\\\/markt\\\/\"},{\"@type\":\"ListItem\",\"position\":2,\"name\":\"Markt\",\"item\":\"https:\\\/\\\/marktxxl.de\\\/markt\\\/\"},{\"@type\":\"ListItem\",\"position\":3,\"name\":\"riijk Mutterpassh\u00fclle Blau mit Verschluss f\u00fcr Deutschen Mutterpass mit Tasche f\u00fcr Ultraschallbilder und Impfpass\u2026\"}]},{\"@type\":\"WebSite\",\"@id\":\"https:\\\/\\\/marktxxl.de\\\/markt\\\/#website\",\"url\":\"https:\\\/\\\/marktxxl.de\\\/markt\\\/\",\"name\":\"Markt-XXL\",\"description\":\"Ihr Markt Online\",\"publisher\":{\"@id\":\"https:\\\/\\\/marktxxl.de\\\/markt\\\/#organization\"},\"potentialAction\":[{\"@type\":\"SearchAction\",\"target\":{\"@type\":\"EntryPoint\",\"urlTemplate\":\"https:\\\/\\\/marktxxl.de\\\/markt\\\/?s={search_term_string}\"},\"query-input\":{\"@type\":\"PropertyValueSpecification\",\"valueRequired\":true,\"valueName\":\"search_term_string\"}}],\"inLanguage\":\"de\"},{\"@type\":\"Organization\",\"@id\":\"https:\\\/\\\/marktxxl.de\\\/markt\\\/#organization\",\"name\":\"Markt-XXL\",\"url\":\"https:\\\/\\\/marktxxl.de\\\/markt\\\/\",\"logo\":{\"@type\":\"ImageObject\",\"inLanguage\":\"de\",\"@id\":\"https:\\\/\\\/marktxxl.de\\\/markt\\\/#\\\/schema\\\/logo\\\/image\\\/\",\"url\":\"https:\\\/\\\/marktxxl.de\\\/markt\\\/wp-content\\\/uploads\\\/sites\\\/3\\\/2020\\\/12\\\/logo.png\",\"contentUrl\":\"https:\\\/\\\/marktxxl.de\\\/markt\\\/wp-content\\\/uploads\\\/sites\\\/3\\\/2020\\\/12\\\/logo.png\",\"width\":200,\"height\":70,\"caption\":\"Markt-XXL\"},\"image\":{\"@id\":\"https:\\\/\\\/marktxxl.de\\\/markt\\\/#\\\/schema\\\/logo\\\/image\\\/\"}}]}<\/script>\n<!-- \/ Yoast SEO plugin. -->","yoast_head_json":{"title":"riijk Mutterpassh\u00fclle Blau mit Verschluss f\u00fcr Deutschen Mutterpass mit Tasche f\u00fcr Ultraschallbilder und Impfpass\u2026 - Markt-XXL","description":"Markt-XXL riijk Mutterpassh\u00fclle Blau mit Verschluss f\u00fcr Deutschen Mutterpass mit Tasche f\u00fcr Ultraschallbilder und Impfpass\u2026","robots":{"index":"index","follow":"follow","max-snippet":"max-snippet:-1","max-image-preview":"max-image-preview:large","max-video-preview":"max-video-preview:-1"},"canonical":"https:\/\/marktxxl.de\/markt\/produkt\/mutterpasshuelle-mit-verschluss-fuer-deutschen-mutterpass-mit-tasche-fuer-ultraschallbilder-impfpass-mutterpass-huelle-aus-filz\/","og_locale":"de_DE","og_type":"article","og_title":"riijk Mutterpassh\u00fclle Blau mit Verschluss f\u00fcr Deutschen Mutterpass mit Tasche f\u00fcr Ultraschallbilder und Impfpass\u2026 - Markt-XXL","og_description":"Markt-XXL riijk Mutterpassh\u00fclle Blau mit Verschluss f\u00fcr Deutschen Mutterpass mit Tasche f\u00fcr Ultraschallbilder und Impfpass\u2026","og_url":"https:\/\/marktxxl.de\/markt\/produkt\/mutterpasshuelle-mit-verschluss-fuer-deutschen-mutterpass-mit-tasche-fuer-ultraschallbilder-impfpass-mutterpass-huelle-aus-filz\/","og_site_name":"Markt-XXL","article_modified_time":"2023-04-11T01:34:23+00:00","og_image":[{"width":500,"height":491,"url":"https:\/\/m.media-amazon.com\/images\/I\/41UIaOrWYGL._SL500_.jpg","type":"image\/jpeg"}],"twitter_card":"summary_large_image","twitter_misc":{"Gesch\u00e4tzte Lesezeit":"1\u00a0Minute"},"schema":{"@context":"https:\/\/schema.org","@graph":[{"@type":"WebPage","@id":"https:\/\/marktxxl.de\/markt\/produkt\/mutterpasshuelle-mit-verschluss-fuer-deutschen-mutterpass-mit-tasche-fuer-ultraschallbilder-impfpass-mutterpass-huelle-aus-filz\/","url":"https:\/\/marktxxl.de\/markt\/produkt\/mutterpasshuelle-mit-verschluss-fuer-deutschen-mutterpass-mit-tasche-fuer-ultraschallbilder-impfpass-mutterpass-huelle-aus-filz\/","name":"riijk Mutterpassh\u00fclle Blau mit Verschluss f\u00fcr Deutschen Mutterpass mit Tasche f\u00fcr Ultraschallbilder und Impfpass\u2026 - Markt-XXL","isPartOf":{"@id":"https:\/\/marktxxl.de\/markt\/#website"},"primaryImageOfPage":{"@id":"https:\/\/marktxxl.de\/markt\/produkt\/mutterpasshuelle-mit-verschluss-fuer-deutschen-mutterpass-mit-tasche-fuer-ultraschallbilder-impfpass-mutterpass-huelle-aus-filz\/#primaryimage"},"image":{"@id":"https:\/\/marktxxl.de\/markt\/produkt\/mutterpasshuelle-mit-verschluss-fuer-deutschen-mutterpass-mit-tasche-fuer-ultraschallbilder-impfpass-mutterpass-huelle-aus-filz\/#primaryimage"},"thumbnailUrl":"https:\/\/m.media-amazon.com\/images\/I\/41UIaOrWYGL._SL500_.jpg","datePublished":"2022-02-26T19:04:04+00:00","dateModified":"2023-04-11T01:34:23+00:00","description":"Markt-XXL riijk Mutterpassh\u00fclle Blau mit Verschluss f\u00fcr Deutschen Mutterpass mit Tasche f\u00fcr Ultraschallbilder und Impfpass\u2026","breadcrumb":{"@id":"https:\/\/marktxxl.de\/markt\/produkt\/mutterpasshuelle-mit-verschluss-fuer-deutschen-mutterpass-mit-tasche-fuer-ultraschallbilder-impfpass-mutterpass-huelle-aus-filz\/#breadcrumb"},"inLanguage":"de","potentialAction":[{"@type":"ReadAction","target":["https:\/\/marktxxl.de\/markt\/produkt\/mutterpasshuelle-mit-verschluss-fuer-deutschen-mutterpass-mit-tasche-fuer-ultraschallbilder-impfpass-mutterpass-huelle-aus-filz\/"]}]},{"@type":"ImageObject","inLanguage":"de","@id":"https:\/\/marktxxl.de\/markt\/produkt\/mutterpasshuelle-mit-verschluss-fuer-deutschen-mutterpass-mit-tasche-fuer-ultraschallbilder-impfpass-mutterpass-huelle-aus-filz\/#primaryimage","url":"https:\/\/m.media-amazon.com\/images\/I\/41UIaOrWYGL._SL500_.jpg","contentUrl":"https:\/\/m.media-amazon.com\/images\/I\/41UIaOrWYGL._SL500_.jpg","width":500,"height":491},{"@type":"BreadcrumbList","@id":"https:\/\/marktxxl.de\/markt\/produkt\/mutterpasshuelle-mit-verschluss-fuer-deutschen-mutterpass-mit-tasche-fuer-ultraschallbilder-impfpass-mutterpass-huelle-aus-filz\/#breadcrumb","itemListElement":[{"@type":"ListItem","position":1,"name":"Startseite","item":"https:\/\/marktxxl.de\/markt\/"},{"@type":"ListItem","position":2,"name":"Markt","item":"https:\/\/marktxxl.de\/markt\/"},{"@type":"ListItem","position":3,"name":"riijk Mutterpassh\u00fclle Blau mit Verschluss f\u00fcr Deutschen Mutterpass mit Tasche f\u00fcr Ultraschallbilder und Impfpass\u2026"}]},{"@type":"WebSite","@id":"https:\/\/marktxxl.de\/markt\/#website","url":"https:\/\/marktxxl.de\/markt\/","name":"Markt-XXL","description":"Ihr Markt Online","publisher":{"@id":"https:\/\/marktxxl.de\/markt\/#organization"},"potentialAction":[{"@type":"SearchAction","target":{"@type":"EntryPoint","urlTemplate":"https:\/\/marktxxl.de\/markt\/?s={search_term_string}"},"query-input":{"@type":"PropertyValueSpecification","valueRequired":true,"valueName":"search_term_string"}}],"inLanguage":"de"},{"@type":"Organization","@id":"https:\/\/marktxxl.de\/markt\/#organization","name":"Markt-XXL","url":"https:\/\/marktxxl.de\/markt\/","logo":{"@type":"ImageObject","inLanguage":"de","@id":"https:\/\/marktxxl.de\/markt\/#\/schema\/logo\/image\/","url":"https:\/\/marktxxl.de\/markt\/wp-content\/uploads\/sites\/3\/2020\/12\/logo.png","contentUrl":"https:\/\/marktxxl.de\/markt\/wp-content\/uploads\/sites\/3\/2020\/12\/logo.png","width":200,"height":70,"caption":"Markt-XXL"},"image":{"@id":"https:\/\/marktxxl.de\/markt\/#\/schema\/logo\/image\/"}}]}},"_links":{"self":[{"href":"https:\/\/marktxxl.de\/markt\/wp-json\/wp\/v2\/product\/109138","targetHints":{"allow":["GET"]}}],"collection":[{"href":"https:\/\/marktxxl.de\/markt\/wp-json\/wp\/v2\/product"}],"about":[{"href":"https:\/\/marktxxl.de\/markt\/wp-json\/wp\/v2\/types\/product"}],"replies":[{"embeddable":true,"href":"https:\/\/marktxxl.de\/markt\/wp-json\/wp\/v2\/comments?post=109138"}],"wp:featuredmedia":[{"embeddable":true,"href":"https:\/\/marktxxl.de\/markt\/wp-json\/wp\/v2\/media\/109139"}],"wp:attachment":[{"href":"https:\/\/marktxxl.de\/markt\/wp-json\/wp\/v2\/media?parent=109138"}],"wp:term":[{"taxonomy":"product_brand","embeddable":true,"href":"https:\/\/marktxxl.de\/markt\/wp-json\/wp\/v2\/product_brand?post=109138"},{"taxonomy":"product_cat","embeddable":true,"href":"https:\/\/marktxxl.de\/markt\/wp-json\/wp\/v2\/product_cat?post=109138"},{"taxonomy":"product_tag","embeddable":true,"href":"https:\/\/marktxxl.de\/markt\/wp-json\/wp\/v2\/product_tag?post=109138"}],"curies":[{"name":"wp","href":"https:\/\/api.w.org\/{rel}","templated":true}]}}