{"id":109059,"date":"2022-02-26T20:01:03","date_gmt":"2022-02-26T19:01:03","guid":{"rendered":"https:\/\/marktxxl.de\/markt\/produkt\/momostam-meilensteinkarten-baby-40-stk-geschlechtsneutrale-baby-meilenstein-karten-geschenk-zur-geburt-babyparty-schwangerschaft-monatskarten-baby-1-12-monate\/"},"modified":"2023-04-11T03:34:22","modified_gmt":"2023-04-11T01:34:22","slug":"momostam-meilensteinkarten-baby-40-stk-geschlechtsneutrale-baby-meilenstein-karten-geschenk-zur-geburt-babyparty-schwangerschaft-monatskarten-baby-1-12-monate","status":"publish","type":"product","link":"https:\/\/marktxxl.de\/markt\/produkt\/momostam-meilensteinkarten-baby-40-stk-geschlechtsneutrale-baby-meilenstein-karten-geschenk-zur-geburt-babyparty-schwangerschaft-monatskarten-baby-1-12-monate\/","title":{"rendered":"Momo&amp;Stam \u2013 Meilensteinkarten Baby [40 Stk.] \u2013 geschlechtsneutrale Baby Meilenstein karten &#8211; Geschenk zur Geburt\u2026"},"content":{"rendered":"<p>\ud83d\udc76 WERTVOLLE ERINNERUNGEN \u2013 Das erste Lebensjahr des Babys ist f\u00fcr die meisten Eltern eins der Bedeutendsten. F\u00fchre mit unseren 40 verschiedenen Fotokarten ein erstklassiges Erinnerungstagebuch und halte die sch\u00f6nsten Momente mit ihnen fest!<br \/>\n\ud83d\udc76 ABGERUNDETE ECKEN \u2013 Um die Sicherheit deines Babys ist mit den speziell abgerundeten Ecken unserer DIN A6 Baby Meilenstein Karte gesorgt. Die Karten sind auf 300g\/m\u00b2 Designpapier gedruckt und mit einem Schutzlack veredelt!<br \/>\n\ud83d\udc76 BEZAUBERNDE GESCHENKBOX \u2013 Egal ob zu Ereignissen wie zur Schwangerschaft, Babyparty, Babyshower, Geburt oder Taufe: durch eine hochwertige Geschenkbox bieten unsere Baby Erinnerungskarten das ultimative Geschenk f\u00fcr Mamas und Papas!<br \/>\n\ud83d\udc76 F\u00dcR JUNGEN UND M\u00c4DCHEN \u2013 Bei unseren Babykarten Meilensteine spielt das Geschlecht keine Rolle. Mit neutralen Farben ist f\u00fcr ein geschlechtsneutrales Erinnerungsst\u00fcck gesorgt. Eine perfekte Geschenkidee, selbst wenn das Geschlecht unbekannt ist!<br \/>\n\ud83d\udc76 MOMO&amp;STAM VERSPRECHEN \u2013 Wir sind von der Qualit\u00e4t unseren Meilenstein Karten \u00fcberzeugt. Wir m\u00f6chten dir die Entscheidung aber so leicht wie m\u00f6glich gestalten: Solltest du mit den Fotokarten unzufrieden sein, ist ein R\u00fcckversand m\u00f6glich!<br \/>\n<div class=\"main-cross-sell\" data-asin=\"B08XW3WBHC\">\n\n\t<div class=\"WooZone-cross-sell-loader\">\n\t\t<div>\n\t\t\t<div id=\"floatingBarsG\">\n\t\t\t\t<div class=\"blockG\" id=\"rotateG_01\"><\/div>\n\t\t\t\t<div class=\"blockG\" id=\"rotateG_02\"><\/div>\n\t\t\t\t<div class=\"blockG\" id=\"rotateG_03\"><\/div>\n\t\t\t\t<div class=\"blockG\" id=\"rotateG_04\"><\/div>\n\t\t\t\t<div class=\"blockG\" id=\"rotateG_05\"><\/div>\n\t\t\t\t<div class=\"blockG\" id=\"rotateG_06\"><\/div>\n\t\t\t\t<div class=\"blockG\" id=\"rotateG_07\"><\/div>\n\t\t\t\t<div class=\"blockG\" id=\"rotateG_08\"><\/div>\n\t\t\t<\/div>\n\t\t\t<div class=\"WooZone-cross-sell-loader-text\"><\/div>\n\t\t<\/div>\n\t<\/div>\n\n\t\t\n<\/div>\n<div style=\"clear:both;\"><\/div><\/p>\n","protected":false},"excerpt":{"rendered":"<p>\ud83d\udc76 WERTVOLLE ERINNERUNGEN \u2013 Das erste Lebensjahr des Babys ist f\u00fcr die meisten Eltern eins der Bedeutendsten. F\u00fchre mit unseren 40 verschiedenen Fotokarten ein erstklassiges Erinnerungstagebuch und halte die sch\u00f6nsten Momente mit ihnen fest!<br \/>\n\ud83d\udc76 ABGERUNDETE ECKEN \u2013 Um die Sicherheit deines Babys ist mit den speziell abgerundeten Ecken unserer DIN A6 Baby Meilenstein Karte gesorgt. Die Karten sind auf 300g\/m\u00b2 Designpapier gedruckt und mit einem Schutzlack veredelt!<br \/>\n\ud83d\udc76 BEZAUBERNDE GESCHENKBOX \u2013 Egal ob zu Ereignissen wie zur Schwangerschaft, Babyparty, Babyshower, Geburt oder Taufe: durch eine hochwertige Geschenkbox bieten unsere Baby Erinnerungskarten das ultimative Geschenk f\u00fcr Mamas und Papas!<\/p>\n","protected":false},"featured_media":109060,"comment_status":"open","ping_status":"closed","template":"","meta":[],"product_brand":[],"product_cat":[21,8929],"product_tag":[],"class_list":{"0":"post-109059","1":"product","2":"type-product","3":"status-publish","4":"has-post-thumbnail","6":"product_cat-baby","7":"product_cat-babygeschenke-baby","8":"pa_binding-babyartikel","9":"pa_brand-momo-stam","10":"pa_manufacturer-sarah-pristat","11":"pa_size-40-stueck-1er-pack","13":"first","14":"instock","15":"shipping-taxable","16":"purchasable","17":"product-type-simple","18":"customify-col","19":"product-has-gallery"},"yoast_head":"<!-- This site is optimized with the Yoast SEO plugin v27.3 - https:\/\/yoast.com\/product\/yoast-seo-wordpress\/ -->\n<title>Momo&amp;Stam \u2013 Meilensteinkarten Baby [40 Stk.] \u2013 geschlechtsneutrale Baby Meilenstein karten - Geschenk zur Geburt\u2026 - Markt-XXL<\/title>\n<meta name=\"description\" content=\"Markt-XXL Momo&amp;Stam \u2013 Meilensteinkarten Baby [40 Stk.] \u2013 geschlechtsneutrale Baby Meilenstein karten - Geschenk zur Geburt\u2026\" \/>\n<meta name=\"robots\" content=\"index, follow, max-snippet:-1, max-image-preview:large, max-video-preview:-1\" \/>\n<link rel=\"canonical\" href=\"https:\/\/marktxxl.de\/markt\/produkt\/momostam-meilensteinkarten-baby-40-stk-geschlechtsneutrale-baby-meilenstein-karten-geschenk-zur-geburt-babyparty-schwangerschaft-monatskarten-baby-1-12-monate\/\" \/>\n<meta property=\"og:locale\" content=\"de_DE\" \/>\n<meta property=\"og:type\" content=\"article\" \/>\n<meta property=\"og:title\" content=\"Momo&amp;Stam \u2013 Meilensteinkarten Baby [40 Stk.] \u2013 geschlechtsneutrale Baby Meilenstein karten - Geschenk zur Geburt\u2026 - Markt-XXL\" \/>\n<meta property=\"og:description\" content=\"Markt-XXL Momo&amp;Stam \u2013 Meilensteinkarten Baby [40 Stk.] \u2013 geschlechtsneutrale Baby Meilenstein karten - Geschenk zur Geburt\u2026\" \/>\n<meta property=\"og:url\" content=\"https:\/\/marktxxl.de\/markt\/produkt\/momostam-meilensteinkarten-baby-40-stk-geschlechtsneutrale-baby-meilenstein-karten-geschenk-zur-geburt-babyparty-schwangerschaft-monatskarten-baby-1-12-monate\/\" \/>\n<meta property=\"og:site_name\" content=\"Markt-XXL\" \/>\n<meta property=\"article:modified_time\" content=\"2023-04-11T01:34:22+00:00\" \/>\n<meta property=\"og:image\" content=\"https:\/\/m.media-amazon.com\/images\/I\/51zUifdK+1S._SL500_.jpg\" \/>\n\t<meta property=\"og:image:width\" content=\"500\" \/>\n\t<meta property=\"og:image:height\" content=\"500\" \/>\n\t<meta property=\"og:image:type\" content=\"image\/jpeg\" \/>\n<meta name=\"twitter:card\" content=\"summary_large_image\" \/>\n<meta name=\"twitter:label1\" content=\"Gesch\u00e4tzte Lesezeit\" \/>\n\t<meta name=\"twitter:data1\" content=\"1\u00a0Minute\" \/>\n<script type=\"application\/ld+json\" class=\"yoast-schema-graph\">{\"@context\":\"https:\\\/\\\/schema.org\",\"@graph\":[{\"@type\":\"WebPage\",\"@id\":\"https:\\\/\\\/marktxxl.de\\\/markt\\\/produkt\\\/momostam-meilensteinkarten-baby-40-stk-geschlechtsneutrale-baby-meilenstein-karten-geschenk-zur-geburt-babyparty-schwangerschaft-monatskarten-baby-1-12-monate\\\/\",\"url\":\"https:\\\/\\\/marktxxl.de\\\/markt\\\/produkt\\\/momostam-meilensteinkarten-baby-40-stk-geschlechtsneutrale-baby-meilenstein-karten-geschenk-zur-geburt-babyparty-schwangerschaft-monatskarten-baby-1-12-monate\\\/\",\"name\":\"Momo&amp;Stam \u2013 Meilensteinkarten Baby [40 Stk.] \u2013 geschlechtsneutrale Baby Meilenstein karten - Geschenk zur Geburt\u2026 - Markt-XXL\",\"isPartOf\":{\"@id\":\"https:\\\/\\\/marktxxl.de\\\/markt\\\/#website\"},\"primaryImageOfPage\":{\"@id\":\"https:\\\/\\\/marktxxl.de\\\/markt\\\/produkt\\\/momostam-meilensteinkarten-baby-40-stk-geschlechtsneutrale-baby-meilenstein-karten-geschenk-zur-geburt-babyparty-schwangerschaft-monatskarten-baby-1-12-monate\\\/#primaryimage\"},\"image\":{\"@id\":\"https:\\\/\\\/marktxxl.de\\\/markt\\\/produkt\\\/momostam-meilensteinkarten-baby-40-stk-geschlechtsneutrale-baby-meilenstein-karten-geschenk-zur-geburt-babyparty-schwangerschaft-monatskarten-baby-1-12-monate\\\/#primaryimage\"},\"thumbnailUrl\":\"https:\\\/\\\/m.media-amazon.com\\\/images\\\/I\\\/51zUifdK+1S._SL500_.jpg\",\"datePublished\":\"2022-02-26T19:01:03+00:00\",\"dateModified\":\"2023-04-11T01:34:22+00:00\",\"description\":\"Markt-XXL Momo&amp;Stam \u2013 Meilensteinkarten Baby [40 Stk.] \u2013 geschlechtsneutrale Baby Meilenstein karten - Geschenk zur Geburt\u2026\",\"breadcrumb\":{\"@id\":\"https:\\\/\\\/marktxxl.de\\\/markt\\\/produkt\\\/momostam-meilensteinkarten-baby-40-stk-geschlechtsneutrale-baby-meilenstein-karten-geschenk-zur-geburt-babyparty-schwangerschaft-monatskarten-baby-1-12-monate\\\/#breadcrumb\"},\"inLanguage\":\"de\",\"potentialAction\":[{\"@type\":\"ReadAction\",\"target\":[\"https:\\\/\\\/marktxxl.de\\\/markt\\\/produkt\\\/momostam-meilensteinkarten-baby-40-stk-geschlechtsneutrale-baby-meilenstein-karten-geschenk-zur-geburt-babyparty-schwangerschaft-monatskarten-baby-1-12-monate\\\/\"]}]},{\"@type\":\"ImageObject\",\"inLanguage\":\"de\",\"@id\":\"https:\\\/\\\/marktxxl.de\\\/markt\\\/produkt\\\/momostam-meilensteinkarten-baby-40-stk-geschlechtsneutrale-baby-meilenstein-karten-geschenk-zur-geburt-babyparty-schwangerschaft-monatskarten-baby-1-12-monate\\\/#primaryimage\",\"url\":\"https:\\\/\\\/m.media-amazon.com\\\/images\\\/I\\\/51zUifdK+1S._SL500_.jpg\",\"contentUrl\":\"https:\\\/\\\/m.media-amazon.com\\\/images\\\/I\\\/51zUifdK+1S._SL500_.jpg\",\"width\":500,\"height\":500},{\"@type\":\"BreadcrumbList\",\"@id\":\"https:\\\/\\\/marktxxl.de\\\/markt\\\/produkt\\\/momostam-meilensteinkarten-baby-40-stk-geschlechtsneutrale-baby-meilenstein-karten-geschenk-zur-geburt-babyparty-schwangerschaft-monatskarten-baby-1-12-monate\\\/#breadcrumb\",\"itemListElement\":[{\"@type\":\"ListItem\",\"position\":1,\"name\":\"Startseite\",\"item\":\"https:\\\/\\\/marktxxl.de\\\/markt\\\/\"},{\"@type\":\"ListItem\",\"position\":2,\"name\":\"Markt\",\"item\":\"https:\\\/\\\/marktxxl.de\\\/markt\\\/\"},{\"@type\":\"ListItem\",\"position\":3,\"name\":\"Momo&amp;Stam \u2013 Meilensteinkarten Baby [40 Stk.] \u2013 geschlechtsneutrale Baby Meilenstein karten &#8211; Geschenk zur Geburt\u2026\"}]},{\"@type\":\"WebSite\",\"@id\":\"https:\\\/\\\/marktxxl.de\\\/markt\\\/#website\",\"url\":\"https:\\\/\\\/marktxxl.de\\\/markt\\\/\",\"name\":\"Markt-XXL\",\"description\":\"Ihr Markt Online\",\"publisher\":{\"@id\":\"https:\\\/\\\/marktxxl.de\\\/markt\\\/#organization\"},\"potentialAction\":[{\"@type\":\"SearchAction\",\"target\":{\"@type\":\"EntryPoint\",\"urlTemplate\":\"https:\\\/\\\/marktxxl.de\\\/markt\\\/?s={search_term_string}\"},\"query-input\":{\"@type\":\"PropertyValueSpecification\",\"valueRequired\":true,\"valueName\":\"search_term_string\"}}],\"inLanguage\":\"de\"},{\"@type\":\"Organization\",\"@id\":\"https:\\\/\\\/marktxxl.de\\\/markt\\\/#organization\",\"name\":\"Markt-XXL\",\"url\":\"https:\\\/\\\/marktxxl.de\\\/markt\\\/\",\"logo\":{\"@type\":\"ImageObject\",\"inLanguage\":\"de\",\"@id\":\"https:\\\/\\\/marktxxl.de\\\/markt\\\/#\\\/schema\\\/logo\\\/image\\\/\",\"url\":\"https:\\\/\\\/marktxxl.de\\\/markt\\\/wp-content\\\/uploads\\\/sites\\\/3\\\/2020\\\/12\\\/logo.png\",\"contentUrl\":\"https:\\\/\\\/marktxxl.de\\\/markt\\\/wp-content\\\/uploads\\\/sites\\\/3\\\/2020\\\/12\\\/logo.png\",\"width\":200,\"height\":70,\"caption\":\"Markt-XXL\"},\"image\":{\"@id\":\"https:\\\/\\\/marktxxl.de\\\/markt\\\/#\\\/schema\\\/logo\\\/image\\\/\"}}]}<\/script>\n<!-- \/ Yoast SEO plugin. -->","yoast_head_json":{"title":"Momo&amp;Stam \u2013 Meilensteinkarten Baby [40 Stk.] \u2013 geschlechtsneutrale Baby Meilenstein karten - Geschenk zur Geburt\u2026 - Markt-XXL","description":"Markt-XXL Momo&amp;Stam \u2013 Meilensteinkarten Baby [40 Stk.] \u2013 geschlechtsneutrale Baby Meilenstein karten - Geschenk zur Geburt\u2026","robots":{"index":"index","follow":"follow","max-snippet":"max-snippet:-1","max-image-preview":"max-image-preview:large","max-video-preview":"max-video-preview:-1"},"canonical":"https:\/\/marktxxl.de\/markt\/produkt\/momostam-meilensteinkarten-baby-40-stk-geschlechtsneutrale-baby-meilenstein-karten-geschenk-zur-geburt-babyparty-schwangerschaft-monatskarten-baby-1-12-monate\/","og_locale":"de_DE","og_type":"article","og_title":"Momo&amp;Stam \u2013 Meilensteinkarten Baby [40 Stk.] \u2013 geschlechtsneutrale Baby Meilenstein karten - Geschenk zur Geburt\u2026 - Markt-XXL","og_description":"Markt-XXL Momo&amp;Stam \u2013 Meilensteinkarten Baby [40 Stk.] \u2013 geschlechtsneutrale Baby Meilenstein karten - Geschenk zur Geburt\u2026","og_url":"https:\/\/marktxxl.de\/markt\/produkt\/momostam-meilensteinkarten-baby-40-stk-geschlechtsneutrale-baby-meilenstein-karten-geschenk-zur-geburt-babyparty-schwangerschaft-monatskarten-baby-1-12-monate\/","og_site_name":"Markt-XXL","article_modified_time":"2023-04-11T01:34:22+00:00","og_image":[{"width":500,"height":500,"url":"https:\/\/m.media-amazon.com\/images\/I\/51zUifdK+1S._SL500_.jpg","type":"image\/jpeg"}],"twitter_card":"summary_large_image","twitter_misc":{"Gesch\u00e4tzte Lesezeit":"1\u00a0Minute"},"schema":{"@context":"https:\/\/schema.org","@graph":[{"@type":"WebPage","@id":"https:\/\/marktxxl.de\/markt\/produkt\/momostam-meilensteinkarten-baby-40-stk-geschlechtsneutrale-baby-meilenstein-karten-geschenk-zur-geburt-babyparty-schwangerschaft-monatskarten-baby-1-12-monate\/","url":"https:\/\/marktxxl.de\/markt\/produkt\/momostam-meilensteinkarten-baby-40-stk-geschlechtsneutrale-baby-meilenstein-karten-geschenk-zur-geburt-babyparty-schwangerschaft-monatskarten-baby-1-12-monate\/","name":"Momo&amp;Stam \u2013 Meilensteinkarten Baby [40 Stk.] \u2013 geschlechtsneutrale Baby Meilenstein karten - Geschenk zur Geburt\u2026 - Markt-XXL","isPartOf":{"@id":"https:\/\/marktxxl.de\/markt\/#website"},"primaryImageOfPage":{"@id":"https:\/\/marktxxl.de\/markt\/produkt\/momostam-meilensteinkarten-baby-40-stk-geschlechtsneutrale-baby-meilenstein-karten-geschenk-zur-geburt-babyparty-schwangerschaft-monatskarten-baby-1-12-monate\/#primaryimage"},"image":{"@id":"https:\/\/marktxxl.de\/markt\/produkt\/momostam-meilensteinkarten-baby-40-stk-geschlechtsneutrale-baby-meilenstein-karten-geschenk-zur-geburt-babyparty-schwangerschaft-monatskarten-baby-1-12-monate\/#primaryimage"},"thumbnailUrl":"https:\/\/m.media-amazon.com\/images\/I\/51zUifdK+1S._SL500_.jpg","datePublished":"2022-02-26T19:01:03+00:00","dateModified":"2023-04-11T01:34:22+00:00","description":"Markt-XXL Momo&amp;Stam \u2013 Meilensteinkarten Baby [40 Stk.] \u2013 geschlechtsneutrale Baby Meilenstein karten - Geschenk zur Geburt\u2026","breadcrumb":{"@id":"https:\/\/marktxxl.de\/markt\/produkt\/momostam-meilensteinkarten-baby-40-stk-geschlechtsneutrale-baby-meilenstein-karten-geschenk-zur-geburt-babyparty-schwangerschaft-monatskarten-baby-1-12-monate\/#breadcrumb"},"inLanguage":"de","potentialAction":[{"@type":"ReadAction","target":["https:\/\/marktxxl.de\/markt\/produkt\/momostam-meilensteinkarten-baby-40-stk-geschlechtsneutrale-baby-meilenstein-karten-geschenk-zur-geburt-babyparty-schwangerschaft-monatskarten-baby-1-12-monate\/"]}]},{"@type":"ImageObject","inLanguage":"de","@id":"https:\/\/marktxxl.de\/markt\/produkt\/momostam-meilensteinkarten-baby-40-stk-geschlechtsneutrale-baby-meilenstein-karten-geschenk-zur-geburt-babyparty-schwangerschaft-monatskarten-baby-1-12-monate\/#primaryimage","url":"https:\/\/m.media-amazon.com\/images\/I\/51zUifdK+1S._SL500_.jpg","contentUrl":"https:\/\/m.media-amazon.com\/images\/I\/51zUifdK+1S._SL500_.jpg","width":500,"height":500},{"@type":"BreadcrumbList","@id":"https:\/\/marktxxl.de\/markt\/produkt\/momostam-meilensteinkarten-baby-40-stk-geschlechtsneutrale-baby-meilenstein-karten-geschenk-zur-geburt-babyparty-schwangerschaft-monatskarten-baby-1-12-monate\/#breadcrumb","itemListElement":[{"@type":"ListItem","position":1,"name":"Startseite","item":"https:\/\/marktxxl.de\/markt\/"},{"@type":"ListItem","position":2,"name":"Markt","item":"https:\/\/marktxxl.de\/markt\/"},{"@type":"ListItem","position":3,"name":"Momo&amp;Stam \u2013 Meilensteinkarten Baby [40 Stk.] \u2013 geschlechtsneutrale Baby Meilenstein karten &#8211; Geschenk zur Geburt\u2026"}]},{"@type":"WebSite","@id":"https:\/\/marktxxl.de\/markt\/#website","url":"https:\/\/marktxxl.de\/markt\/","name":"Markt-XXL","description":"Ihr Markt Online","publisher":{"@id":"https:\/\/marktxxl.de\/markt\/#organization"},"potentialAction":[{"@type":"SearchAction","target":{"@type":"EntryPoint","urlTemplate":"https:\/\/marktxxl.de\/markt\/?s={search_term_string}"},"query-input":{"@type":"PropertyValueSpecification","valueRequired":true,"valueName":"search_term_string"}}],"inLanguage":"de"},{"@type":"Organization","@id":"https:\/\/marktxxl.de\/markt\/#organization","name":"Markt-XXL","url":"https:\/\/marktxxl.de\/markt\/","logo":{"@type":"ImageObject","inLanguage":"de","@id":"https:\/\/marktxxl.de\/markt\/#\/schema\/logo\/image\/","url":"https:\/\/marktxxl.de\/markt\/wp-content\/uploads\/sites\/3\/2020\/12\/logo.png","contentUrl":"https:\/\/marktxxl.de\/markt\/wp-content\/uploads\/sites\/3\/2020\/12\/logo.png","width":200,"height":70,"caption":"Markt-XXL"},"image":{"@id":"https:\/\/marktxxl.de\/markt\/#\/schema\/logo\/image\/"}}]}},"_links":{"self":[{"href":"https:\/\/marktxxl.de\/markt\/wp-json\/wp\/v2\/product\/109059","targetHints":{"allow":["GET"]}}],"collection":[{"href":"https:\/\/marktxxl.de\/markt\/wp-json\/wp\/v2\/product"}],"about":[{"href":"https:\/\/marktxxl.de\/markt\/wp-json\/wp\/v2\/types\/product"}],"replies":[{"embeddable":true,"href":"https:\/\/marktxxl.de\/markt\/wp-json\/wp\/v2\/comments?post=109059"}],"wp:featuredmedia":[{"embeddable":true,"href":"https:\/\/marktxxl.de\/markt\/wp-json\/wp\/v2\/media\/109060"}],"wp:attachment":[{"href":"https:\/\/marktxxl.de\/markt\/wp-json\/wp\/v2\/media?parent=109059"}],"wp:term":[{"taxonomy":"product_brand","embeddable":true,"href":"https:\/\/marktxxl.de\/markt\/wp-json\/wp\/v2\/product_brand?post=109059"},{"taxonomy":"product_cat","embeddable":true,"href":"https:\/\/marktxxl.de\/markt\/wp-json\/wp\/v2\/product_cat?post=109059"},{"taxonomy":"product_tag","embeddable":true,"href":"https:\/\/marktxxl.de\/markt\/wp-json\/wp\/v2\/product_tag?post=109059"}],"curies":[{"name":"wp","href":"https:\/\/api.w.org\/{rel}","templated":true}]}}