{"id":109037,"date":"2022-02-26T20:00:42","date_gmt":"2022-02-26T19:00:42","guid":{"rendered":"https:\/\/marktxxl.de\/markt\/produkt\/wandtattoo-loft-taufkerze-junge-oder-maedchen-schmetterling-rosa-weisse-kerze-zur-taufe-geburt-kommunion-weiss-25-x-7-cm-mit-name-datum-ggf-taufspruch\/"},"modified":"2023-04-11T03:34:21","modified_gmt":"2023-04-11T01:34:21","slug":"wandtattoo-loft-taufkerze-junge-oder-maedchen-schmetterling-rosa-weisse-kerze-zur-taufe-geburt-kommunion-weiss-25-x-7-cm-mit-name-datum-ggf-taufspruch","status":"publish","type":"product","link":"https:\/\/marktxxl.de\/markt\/produkt\/wandtattoo-loft-taufkerze-junge-oder-maedchen-schmetterling-rosa-weisse-kerze-zur-taufe-geburt-kommunion-weiss-25-x-7-cm-mit-name-datum-ggf-taufspruch\/","title":{"rendered":"Wandtattoo Loft Taufkerze f\u00fcr Paten Schmetterling &#8211; Patenkerze M\u00e4dchen Junge Kerze wei\u00df 17 x 7 cm mit Name und Datum"},"content":{"rendered":"<p>TAUFKERZE M\u00c4DCHEN \/ TAUFKERZE JUNGE: Diese wei\u00dfe Spitzkopfkerze ist das perfekte Geschenk zur Taufe. Als Motiv zeigt sie Schmetterlinge sowie den Namen des T\u00e4uflings und das Taufdatum. Optional ist auch die Abbildung eines vorgegebenen oder individuellen Taufspruches m\u00f6glich. Geeignet zum Aufstellen mit Kerzenst\u00e4nder. Gr\u00f6\u00dfe: 25 cm x 7 cm. Brenndauer: max. 120 Stunden.<br \/>\nPERSONALISIERBARKEIT: Nach Auswahl Ihrer Taufkerze passen Sie diese entsprechend Ihren W\u00fcnschen an. Sie k\u00f6nnen uns Namen, Datum und ggf. einen abweichenden Taufspruch mitteilen.<br \/>\nUNIKAT: Durch das Personalisieren der Kerze wird eine Einzigartigkeit geschaffen, die sie zu etwas ganz Besonderem macht. Jedes Kerzenmotiv wird liebevoll von Hand gemalt oder grafisch illustriert. Ein traumhaftes Geschenk zur Taufe.<br \/>\nLIEFERUMFANG: Wir empfehlen zu allen Kerzen von Wandtattoo Loft den stabilen Kerzenkarton , um einen optimalen Transport sowie eine sichere Aufbewahrung zu erm\u00f6glichen. Dieser ist separat erh\u00e4ltlich (siehe Werbeaktion)<br \/>\nQUALIT\u00c4T: Sie erhalten ein echtes Qualit\u00e4tsprodukt, made in Germany. Erstklassige Rohstoffe \u2013sicherer Abbrand \u2013veredelter Digitaldruck \u2013 lange Haltbarkeit \u2013 wundersch\u00f6nes Design.<br \/>\n<div class=\"main-cross-sell\" data-asin=\"B084D6RX1Z\">\n\n\t<div class=\"WooZone-cross-sell-loader\">\n\t\t<div>\n\t\t\t<div id=\"floatingBarsG\">\n\t\t\t\t<div class=\"blockG\" id=\"rotateG_01\"><\/div>\n\t\t\t\t<div class=\"blockG\" id=\"rotateG_02\"><\/div>\n\t\t\t\t<div class=\"blockG\" id=\"rotateG_03\"><\/div>\n\t\t\t\t<div class=\"blockG\" id=\"rotateG_04\"><\/div>\n\t\t\t\t<div class=\"blockG\" id=\"rotateG_05\"><\/div>\n\t\t\t\t<div class=\"blockG\" id=\"rotateG_06\"><\/div>\n\t\t\t\t<div class=\"blockG\" id=\"rotateG_07\"><\/div>\n\t\t\t\t<div class=\"blockG\" id=\"rotateG_08\"><\/div>\n\t\t\t<\/div>\n\t\t\t<div class=\"WooZone-cross-sell-loader-text\"><\/div>\n\t\t<\/div>\n\t<\/div>\n\n\t\t\n<\/div>\n<div style=\"clear:both;\"><\/div><\/p>\n","protected":false},"excerpt":{"rendered":"<p>TAUFKERZE M\u00c4DCHEN \/ TAUFKERZE JUNGE: Diese wei\u00dfe Spitzkopfkerze ist das perfekte Geschenk zur Taufe. Als Motiv zeigt sie Schmetterlinge sowie den Namen des T\u00e4uflings und das Taufdatum. Optional ist auch die Abbildung eines vorgegebenen oder individuellen Taufspruches m\u00f6glich. Geeignet zum Aufstellen mit Kerzenst\u00e4nder. Gr\u00f6\u00dfe: 25 cm x 7 cm. Brenndauer: max. 120 Stunden.<br \/>\nPERSONALISIERBARKEIT: Nach Auswahl Ihrer Taufkerze passen Sie diese entsprechend Ihren W\u00fcnschen an. Sie k\u00f6nnen uns Namen, Datum und ggf. einen abweichenden Taufspruch mitteilen.<br \/>\nUNIKAT: Durch das Personalisieren der Kerze wird eine Einzigartigkeit geschaffen, die sie zu etwas ganz Besonderem macht. Jedes Kerzenmotiv wird liebevoll von Hand gemalt oder grafisch illustriert. Ein traumhaftes Geschenk zur Taufe.<\/p>\n","protected":false},"featured_media":109038,"comment_status":"open","ping_status":"closed","template":"","meta":[],"product_brand":[],"product_cat":[21,8929],"product_tag":[],"class_list":{"0":"post-109037","1":"product","2":"type-product","3":"status-publish","4":"has-post-thumbnail","6":"product_cat-baby","7":"product_cat-babygeschenke-baby","8":"pa_brand-wandtattoo-loft","9":"pa_manufacturer-wandtattoo-loft","11":"first","12":"instock","13":"shipping-taxable","14":"purchasable","15":"product-type-simple","16":"customify-col","17":"product-has-gallery"},"yoast_head":"<!-- This site is optimized with the Yoast SEO plugin v27.4 - https:\/\/yoast.com\/product\/yoast-seo-wordpress\/ -->\n<title>Wandtattoo Loft Taufkerze f\u00fcr Paten Schmetterling - Patenkerze M\u00e4dchen Junge Kerze wei\u00df 17 x 7 cm mit Name und Datum - Markt-XXL<\/title>\n<meta name=\"description\" content=\"Markt-XXL Wandtattoo Loft Taufkerze f\u00fcr Paten Schmetterling - Patenkerze M\u00e4dchen Junge Kerze wei\u00df 17 x 7 cm mit Name und Datum\" \/>\n<meta name=\"robots\" content=\"index, follow, max-snippet:-1, max-image-preview:large, max-video-preview:-1\" \/>\n<link rel=\"canonical\" href=\"https:\/\/marktxxl.de\/markt\/produkt\/wandtattoo-loft-taufkerze-junge-oder-maedchen-schmetterling-rosa-weisse-kerze-zur-taufe-geburt-kommunion-weiss-25-x-7-cm-mit-name-datum-ggf-taufspruch\/\" \/>\n<meta property=\"og:locale\" content=\"de_DE\" \/>\n<meta property=\"og:type\" content=\"article\" \/>\n<meta property=\"og:title\" content=\"Wandtattoo Loft Taufkerze f\u00fcr Paten Schmetterling - Patenkerze M\u00e4dchen Junge Kerze wei\u00df 17 x 7 cm mit Name und Datum - Markt-XXL\" \/>\n<meta property=\"og:description\" content=\"Markt-XXL Wandtattoo Loft Taufkerze f\u00fcr Paten Schmetterling - Patenkerze M\u00e4dchen Junge Kerze wei\u00df 17 x 7 cm mit Name und Datum\" \/>\n<meta property=\"og:url\" content=\"https:\/\/marktxxl.de\/markt\/produkt\/wandtattoo-loft-taufkerze-junge-oder-maedchen-schmetterling-rosa-weisse-kerze-zur-taufe-geburt-kommunion-weiss-25-x-7-cm-mit-name-datum-ggf-taufspruch\/\" \/>\n<meta property=\"og:site_name\" content=\"Markt-XXL\" \/>\n<meta property=\"article:modified_time\" content=\"2023-04-11T01:34:21+00:00\" \/>\n<meta property=\"og:image\" content=\"https:\/\/m.media-amazon.com\/images\/I\/41ybUThpcmL._SL500_.jpg\" \/>\n\t<meta property=\"og:image:width\" content=\"500\" \/>\n\t<meta property=\"og:image:height\" content=\"500\" \/>\n\t<meta property=\"og:image:type\" content=\"image\/jpeg\" \/>\n<meta name=\"twitter:card\" content=\"summary_large_image\" \/>\n<meta name=\"twitter:label1\" content=\"Gesch\u00e4tzte Lesezeit\" \/>\n\t<meta name=\"twitter:data1\" content=\"1\u00a0Minute\" \/>\n<script type=\"application\/ld+json\" class=\"yoast-schema-graph\">{\"@context\":\"https:\\\/\\\/schema.org\",\"@graph\":[{\"@type\":\"WebPage\",\"@id\":\"https:\\\/\\\/marktxxl.de\\\/markt\\\/produkt\\\/wandtattoo-loft-taufkerze-junge-oder-maedchen-schmetterling-rosa-weisse-kerze-zur-taufe-geburt-kommunion-weiss-25-x-7-cm-mit-name-datum-ggf-taufspruch\\\/\",\"url\":\"https:\\\/\\\/marktxxl.de\\\/markt\\\/produkt\\\/wandtattoo-loft-taufkerze-junge-oder-maedchen-schmetterling-rosa-weisse-kerze-zur-taufe-geburt-kommunion-weiss-25-x-7-cm-mit-name-datum-ggf-taufspruch\\\/\",\"name\":\"Wandtattoo Loft Taufkerze f\u00fcr Paten Schmetterling - Patenkerze M\u00e4dchen Junge Kerze wei\u00df 17 x 7 cm mit Name und Datum - Markt-XXL\",\"isPartOf\":{\"@id\":\"https:\\\/\\\/marktxxl.de\\\/markt\\\/#website\"},\"primaryImageOfPage\":{\"@id\":\"https:\\\/\\\/marktxxl.de\\\/markt\\\/produkt\\\/wandtattoo-loft-taufkerze-junge-oder-maedchen-schmetterling-rosa-weisse-kerze-zur-taufe-geburt-kommunion-weiss-25-x-7-cm-mit-name-datum-ggf-taufspruch\\\/#primaryimage\"},\"image\":{\"@id\":\"https:\\\/\\\/marktxxl.de\\\/markt\\\/produkt\\\/wandtattoo-loft-taufkerze-junge-oder-maedchen-schmetterling-rosa-weisse-kerze-zur-taufe-geburt-kommunion-weiss-25-x-7-cm-mit-name-datum-ggf-taufspruch\\\/#primaryimage\"},\"thumbnailUrl\":\"https:\\\/\\\/m.media-amazon.com\\\/images\\\/I\\\/41ybUThpcmL._SL500_.jpg\",\"datePublished\":\"2022-02-26T19:00:42+00:00\",\"dateModified\":\"2023-04-11T01:34:21+00:00\",\"description\":\"Markt-XXL Wandtattoo Loft Taufkerze f\u00fcr Paten Schmetterling - Patenkerze M\u00e4dchen Junge Kerze wei\u00df 17 x 7 cm mit Name und Datum\",\"breadcrumb\":{\"@id\":\"https:\\\/\\\/marktxxl.de\\\/markt\\\/produkt\\\/wandtattoo-loft-taufkerze-junge-oder-maedchen-schmetterling-rosa-weisse-kerze-zur-taufe-geburt-kommunion-weiss-25-x-7-cm-mit-name-datum-ggf-taufspruch\\\/#breadcrumb\"},\"inLanguage\":\"de\",\"potentialAction\":[{\"@type\":\"ReadAction\",\"target\":[\"https:\\\/\\\/marktxxl.de\\\/markt\\\/produkt\\\/wandtattoo-loft-taufkerze-junge-oder-maedchen-schmetterling-rosa-weisse-kerze-zur-taufe-geburt-kommunion-weiss-25-x-7-cm-mit-name-datum-ggf-taufspruch\\\/\"]}]},{\"@type\":\"ImageObject\",\"inLanguage\":\"de\",\"@id\":\"https:\\\/\\\/marktxxl.de\\\/markt\\\/produkt\\\/wandtattoo-loft-taufkerze-junge-oder-maedchen-schmetterling-rosa-weisse-kerze-zur-taufe-geburt-kommunion-weiss-25-x-7-cm-mit-name-datum-ggf-taufspruch\\\/#primaryimage\",\"url\":\"https:\\\/\\\/m.media-amazon.com\\\/images\\\/I\\\/41ybUThpcmL._SL500_.jpg\",\"contentUrl\":\"https:\\\/\\\/m.media-amazon.com\\\/images\\\/I\\\/41ybUThpcmL._SL500_.jpg\",\"width\":500,\"height\":500},{\"@type\":\"BreadcrumbList\",\"@id\":\"https:\\\/\\\/marktxxl.de\\\/markt\\\/produkt\\\/wandtattoo-loft-taufkerze-junge-oder-maedchen-schmetterling-rosa-weisse-kerze-zur-taufe-geburt-kommunion-weiss-25-x-7-cm-mit-name-datum-ggf-taufspruch\\\/#breadcrumb\",\"itemListElement\":[{\"@type\":\"ListItem\",\"position\":1,\"name\":\"Startseite\",\"item\":\"https:\\\/\\\/marktxxl.de\\\/markt\\\/\"},{\"@type\":\"ListItem\",\"position\":2,\"name\":\"Markt\",\"item\":\"https:\\\/\\\/marktxxl.de\\\/markt\\\/\"},{\"@type\":\"ListItem\",\"position\":3,\"name\":\"Wandtattoo Loft Taufkerze f\u00fcr Paten Schmetterling &#8211; Patenkerze M\u00e4dchen Junge Kerze wei\u00df 17 x 7 cm mit Name und Datum\"}]},{\"@type\":\"WebSite\",\"@id\":\"https:\\\/\\\/marktxxl.de\\\/markt\\\/#website\",\"url\":\"https:\\\/\\\/marktxxl.de\\\/markt\\\/\",\"name\":\"Markt-XXL\",\"description\":\"Ihr Markt Online\",\"publisher\":{\"@id\":\"https:\\\/\\\/marktxxl.de\\\/markt\\\/#organization\"},\"potentialAction\":[{\"@type\":\"SearchAction\",\"target\":{\"@type\":\"EntryPoint\",\"urlTemplate\":\"https:\\\/\\\/marktxxl.de\\\/markt\\\/?s={search_term_string}\"},\"query-input\":{\"@type\":\"PropertyValueSpecification\",\"valueRequired\":true,\"valueName\":\"search_term_string\"}}],\"inLanguage\":\"de\"},{\"@type\":\"Organization\",\"@id\":\"https:\\\/\\\/marktxxl.de\\\/markt\\\/#organization\",\"name\":\"Markt-XXL\",\"url\":\"https:\\\/\\\/marktxxl.de\\\/markt\\\/\",\"logo\":{\"@type\":\"ImageObject\",\"inLanguage\":\"de\",\"@id\":\"https:\\\/\\\/marktxxl.de\\\/markt\\\/#\\\/schema\\\/logo\\\/image\\\/\",\"url\":\"https:\\\/\\\/marktxxl.de\\\/markt\\\/wp-content\\\/uploads\\\/sites\\\/3\\\/2020\\\/12\\\/logo.png\",\"contentUrl\":\"https:\\\/\\\/marktxxl.de\\\/markt\\\/wp-content\\\/uploads\\\/sites\\\/3\\\/2020\\\/12\\\/logo.png\",\"width\":200,\"height\":70,\"caption\":\"Markt-XXL\"},\"image\":{\"@id\":\"https:\\\/\\\/marktxxl.de\\\/markt\\\/#\\\/schema\\\/logo\\\/image\\\/\"}}]}<\/script>\n<!-- \/ Yoast SEO plugin. -->","yoast_head_json":{"title":"Wandtattoo Loft Taufkerze f\u00fcr Paten Schmetterling - Patenkerze M\u00e4dchen Junge Kerze wei\u00df 17 x 7 cm mit Name und Datum - Markt-XXL","description":"Markt-XXL Wandtattoo Loft Taufkerze f\u00fcr Paten Schmetterling - Patenkerze M\u00e4dchen Junge Kerze wei\u00df 17 x 7 cm mit Name und Datum","robots":{"index":"index","follow":"follow","max-snippet":"max-snippet:-1","max-image-preview":"max-image-preview:large","max-video-preview":"max-video-preview:-1"},"canonical":"https:\/\/marktxxl.de\/markt\/produkt\/wandtattoo-loft-taufkerze-junge-oder-maedchen-schmetterling-rosa-weisse-kerze-zur-taufe-geburt-kommunion-weiss-25-x-7-cm-mit-name-datum-ggf-taufspruch\/","og_locale":"de_DE","og_type":"article","og_title":"Wandtattoo Loft Taufkerze f\u00fcr Paten Schmetterling - Patenkerze M\u00e4dchen Junge Kerze wei\u00df 17 x 7 cm mit Name und Datum - Markt-XXL","og_description":"Markt-XXL Wandtattoo Loft Taufkerze f\u00fcr Paten Schmetterling - Patenkerze M\u00e4dchen Junge Kerze wei\u00df 17 x 7 cm mit Name und Datum","og_url":"https:\/\/marktxxl.de\/markt\/produkt\/wandtattoo-loft-taufkerze-junge-oder-maedchen-schmetterling-rosa-weisse-kerze-zur-taufe-geburt-kommunion-weiss-25-x-7-cm-mit-name-datum-ggf-taufspruch\/","og_site_name":"Markt-XXL","article_modified_time":"2023-04-11T01:34:21+00:00","og_image":[{"width":500,"height":500,"url":"https:\/\/m.media-amazon.com\/images\/I\/41ybUThpcmL._SL500_.jpg","type":"image\/jpeg"}],"twitter_card":"summary_large_image","twitter_misc":{"Gesch\u00e4tzte Lesezeit":"1\u00a0Minute"},"schema":{"@context":"https:\/\/schema.org","@graph":[{"@type":"WebPage","@id":"https:\/\/marktxxl.de\/markt\/produkt\/wandtattoo-loft-taufkerze-junge-oder-maedchen-schmetterling-rosa-weisse-kerze-zur-taufe-geburt-kommunion-weiss-25-x-7-cm-mit-name-datum-ggf-taufspruch\/","url":"https:\/\/marktxxl.de\/markt\/produkt\/wandtattoo-loft-taufkerze-junge-oder-maedchen-schmetterling-rosa-weisse-kerze-zur-taufe-geburt-kommunion-weiss-25-x-7-cm-mit-name-datum-ggf-taufspruch\/","name":"Wandtattoo Loft Taufkerze f\u00fcr Paten Schmetterling - Patenkerze M\u00e4dchen Junge Kerze wei\u00df 17 x 7 cm mit Name und Datum - Markt-XXL","isPartOf":{"@id":"https:\/\/marktxxl.de\/markt\/#website"},"primaryImageOfPage":{"@id":"https:\/\/marktxxl.de\/markt\/produkt\/wandtattoo-loft-taufkerze-junge-oder-maedchen-schmetterling-rosa-weisse-kerze-zur-taufe-geburt-kommunion-weiss-25-x-7-cm-mit-name-datum-ggf-taufspruch\/#primaryimage"},"image":{"@id":"https:\/\/marktxxl.de\/markt\/produkt\/wandtattoo-loft-taufkerze-junge-oder-maedchen-schmetterling-rosa-weisse-kerze-zur-taufe-geburt-kommunion-weiss-25-x-7-cm-mit-name-datum-ggf-taufspruch\/#primaryimage"},"thumbnailUrl":"https:\/\/m.media-amazon.com\/images\/I\/41ybUThpcmL._SL500_.jpg","datePublished":"2022-02-26T19:00:42+00:00","dateModified":"2023-04-11T01:34:21+00:00","description":"Markt-XXL Wandtattoo Loft Taufkerze f\u00fcr Paten Schmetterling - Patenkerze M\u00e4dchen Junge Kerze wei\u00df 17 x 7 cm mit Name und Datum","breadcrumb":{"@id":"https:\/\/marktxxl.de\/markt\/produkt\/wandtattoo-loft-taufkerze-junge-oder-maedchen-schmetterling-rosa-weisse-kerze-zur-taufe-geburt-kommunion-weiss-25-x-7-cm-mit-name-datum-ggf-taufspruch\/#breadcrumb"},"inLanguage":"de","potentialAction":[{"@type":"ReadAction","target":["https:\/\/marktxxl.de\/markt\/produkt\/wandtattoo-loft-taufkerze-junge-oder-maedchen-schmetterling-rosa-weisse-kerze-zur-taufe-geburt-kommunion-weiss-25-x-7-cm-mit-name-datum-ggf-taufspruch\/"]}]},{"@type":"ImageObject","inLanguage":"de","@id":"https:\/\/marktxxl.de\/markt\/produkt\/wandtattoo-loft-taufkerze-junge-oder-maedchen-schmetterling-rosa-weisse-kerze-zur-taufe-geburt-kommunion-weiss-25-x-7-cm-mit-name-datum-ggf-taufspruch\/#primaryimage","url":"https:\/\/m.media-amazon.com\/images\/I\/41ybUThpcmL._SL500_.jpg","contentUrl":"https:\/\/m.media-amazon.com\/images\/I\/41ybUThpcmL._SL500_.jpg","width":500,"height":500},{"@type":"BreadcrumbList","@id":"https:\/\/marktxxl.de\/markt\/produkt\/wandtattoo-loft-taufkerze-junge-oder-maedchen-schmetterling-rosa-weisse-kerze-zur-taufe-geburt-kommunion-weiss-25-x-7-cm-mit-name-datum-ggf-taufspruch\/#breadcrumb","itemListElement":[{"@type":"ListItem","position":1,"name":"Startseite","item":"https:\/\/marktxxl.de\/markt\/"},{"@type":"ListItem","position":2,"name":"Markt","item":"https:\/\/marktxxl.de\/markt\/"},{"@type":"ListItem","position":3,"name":"Wandtattoo Loft Taufkerze f\u00fcr Paten Schmetterling &#8211; Patenkerze M\u00e4dchen Junge Kerze wei\u00df 17 x 7 cm mit Name und Datum"}]},{"@type":"WebSite","@id":"https:\/\/marktxxl.de\/markt\/#website","url":"https:\/\/marktxxl.de\/markt\/","name":"Markt-XXL","description":"Ihr Markt Online","publisher":{"@id":"https:\/\/marktxxl.de\/markt\/#organization"},"potentialAction":[{"@type":"SearchAction","target":{"@type":"EntryPoint","urlTemplate":"https:\/\/marktxxl.de\/markt\/?s={search_term_string}"},"query-input":{"@type":"PropertyValueSpecification","valueRequired":true,"valueName":"search_term_string"}}],"inLanguage":"de"},{"@type":"Organization","@id":"https:\/\/marktxxl.de\/markt\/#organization","name":"Markt-XXL","url":"https:\/\/marktxxl.de\/markt\/","logo":{"@type":"ImageObject","inLanguage":"de","@id":"https:\/\/marktxxl.de\/markt\/#\/schema\/logo\/image\/","url":"https:\/\/marktxxl.de\/markt\/wp-content\/uploads\/sites\/3\/2020\/12\/logo.png","contentUrl":"https:\/\/marktxxl.de\/markt\/wp-content\/uploads\/sites\/3\/2020\/12\/logo.png","width":200,"height":70,"caption":"Markt-XXL"},"image":{"@id":"https:\/\/marktxxl.de\/markt\/#\/schema\/logo\/image\/"}}]}},"_links":{"self":[{"href":"https:\/\/marktxxl.de\/markt\/wp-json\/wp\/v2\/product\/109037","targetHints":{"allow":["GET"]}}],"collection":[{"href":"https:\/\/marktxxl.de\/markt\/wp-json\/wp\/v2\/product"}],"about":[{"href":"https:\/\/marktxxl.de\/markt\/wp-json\/wp\/v2\/types\/product"}],"replies":[{"embeddable":true,"href":"https:\/\/marktxxl.de\/markt\/wp-json\/wp\/v2\/comments?post=109037"}],"wp:featuredmedia":[{"embeddable":true,"href":"https:\/\/marktxxl.de\/markt\/wp-json\/wp\/v2\/media\/109038"}],"wp:attachment":[{"href":"https:\/\/marktxxl.de\/markt\/wp-json\/wp\/v2\/media?parent=109037"}],"wp:term":[{"taxonomy":"product_brand","embeddable":true,"href":"https:\/\/marktxxl.de\/markt\/wp-json\/wp\/v2\/product_brand?post=109037"},{"taxonomy":"product_cat","embeddable":true,"href":"https:\/\/marktxxl.de\/markt\/wp-json\/wp\/v2\/product_cat?post=109037"},{"taxonomy":"product_tag","embeddable":true,"href":"https:\/\/marktxxl.de\/markt\/wp-json\/wp\/v2\/product_tag?post=109037"}],"curies":[{"name":"wp","href":"https:\/\/api.w.org\/{rel}","templated":true}]}}