{"id":109028,"date":"2022-02-26T20:00:35","date_gmt":"2022-02-26T19:00:35","guid":{"rendered":"https:\/\/marktxxl.de\/markt\/produkt\/jamiejayden-baby-monatliche-meilensteindecke-fuer-baby-maedchen-fotodecke-fuer-neugeborene-und-babybilder-inklusive-stirnband-kranz-und-rahmen-1524-x-1016-cm\/"},"modified":"2023-04-11T03:34:21","modified_gmt":"2023-04-11T01:34:21","slug":"jamiejayden-baby-monatliche-meilensteindecke-fuer-baby-maedchen-fotodecke-fuer-neugeborene-und-babybilder-inklusive-stirnband-kranz-und-rahmen-1524-x-1016-cm","status":"publish","type":"product","link":"https:\/\/marktxxl.de\/markt\/produkt\/jamiejayden-baby-monatliche-meilensteindecke-fuer-baby-maedchen-fotodecke-fuer-neugeborene-und-babybilder-inklusive-stirnband-kranz-und-rahmen-1524-x-1016-cm\/","title":{"rendered":"Jamie&amp;Jayden Baby Monatliche Meilensteindecke f\u00fcr Baby M\u00e4dchen, Fotodecke f\u00fcr Neugeborene und Babybilder Inklusive\u2026"},"content":{"rendered":"<p>\u2764 100 % superweiches Flanell-Fleece. Weich und bequem, das Ihr Baby absolut lieben wird. Gut f\u00fcr die empfindliche Haut Ihres Neugeborenen und hypoallergen.<br \/>\nLebendige Farben und knitterarm. Jamie &amp; Jayden Baby Meilenstein-Decke ist aus hochwertigem Material und knitterarm, kein B\u00fcgeln erforderlich. Der farbstofffreie Digitaldruck macht die Farbe so lebendig und Sie werden sich nie Sorgen um Verblassen machen.<br \/>\n\u2764 Perfekte Gr\u00f6\u00dfe und Bildqualit\u00e4t. Unsere Meilenstein-Decke (152,4 x 101,6 cm) ist gro\u00df genug und das Bild ist perfekt, um jeden denkw\u00fcrdigen Moment Ihres kleinen M\u00e4dchens festzuhalten. Stellen Sie sich das herzschmelzende L\u00e4cheln Ihrer kleinen Prinzessin auf den sozialen Medien vor und haben viele Komplimente!<br \/>\n\u2764 Einfache und vielseitige Verwendung. Die Meilenstein-Decke ist sch\u00f6n gestaltet und kommt mit einem Blumen-Haarband, Blumenkranz und Rahmen. Gut f\u00fcr Fotos f\u00fcr Ihr kleines M\u00e4dchen von 1 bis 12 Monaten und dar\u00fcber hinaus. Neben der Verwendung als Foto-Shooting-Hintergrund, kann es auch als Baby-Wickeldecke, Stilldecke, Kinderwagen-Abdeckung und Spielmatte usw. verwendet werden.<br \/>\nTolles Geschenk f\u00fcr Babypartys. Suchen Sie perfekte Baby-Geschenke f\u00fcr neugeborene M\u00e4dchen? Unsere wundersch\u00f6n gestaltete Baby-Meilenstein-Decke ist ein einzigartiges Geschenk, um die besonderen Momente der Mutter f\u00fcr immer halten zu lassen. Das Wachstum Ihres Babys ist eine wertvolle Erinnerung, sodass Sie keinen Moment verpassen. Behalten Sie den \u00dcberblick \u00fcber ihr Wachstum mit dieser hochwertigen und weichen Baby-Monats-Decke.<br \/>\n<div class=\"main-cross-sell\" data-asin=\"B08J2M9W6D\">\n\n\t<div class=\"WooZone-cross-sell-loader\">\n\t\t<div>\n\t\t\t<div id=\"floatingBarsG\">\n\t\t\t\t<div class=\"blockG\" id=\"rotateG_01\"><\/div>\n\t\t\t\t<div class=\"blockG\" id=\"rotateG_02\"><\/div>\n\t\t\t\t<div class=\"blockG\" id=\"rotateG_03\"><\/div>\n\t\t\t\t<div class=\"blockG\" id=\"rotateG_04\"><\/div>\n\t\t\t\t<div class=\"blockG\" id=\"rotateG_05\"><\/div>\n\t\t\t\t<div class=\"blockG\" id=\"rotateG_06\"><\/div>\n\t\t\t\t<div class=\"blockG\" id=\"rotateG_07\"><\/div>\n\t\t\t\t<div class=\"blockG\" id=\"rotateG_08\"><\/div>\n\t\t\t<\/div>\n\t\t\t<div class=\"WooZone-cross-sell-loader-text\"><\/div>\n\t\t<\/div>\n\t<\/div>\n\n\t\t\n<\/div>\n<div style=\"clear:both;\"><\/div><\/p>\n","protected":false},"excerpt":{"rendered":"<p>\u2764 100 % superweiches Flanell-Fleece. Weich und bequem, das Ihr Baby absolut lieben wird. Gut f\u00fcr die empfindliche Haut Ihres Neugeborenen und hypoallergen.<br \/>\nLebendige Farben und knitterarm. Jamie &amp; Jayden Baby Meilenstein-Decke ist aus hochwertigem Material und knitterarm, kein B\u00fcgeln erforderlich. Der farbstofffreie Digitaldruck macht die Farbe so lebendig und Sie werden sich nie Sorgen um Verblassen machen.<br \/>\n\u2764 Perfekte Gr\u00f6\u00dfe und Bildqualit\u00e4t. Unsere Meilenstein-Decke (152,4 x 101,6 cm) ist gro\u00df genug und das Bild ist perfekt, um jeden denkw\u00fcrdigen Moment Ihres kleinen M\u00e4dchens festzuhalten. Stellen Sie sich das herzschmelzende L\u00e4cheln Ihrer kleinen Prinzessin auf den sozialen Medien vor und haben viele Komplimente!<\/p>\n","protected":false},"featured_media":109029,"comment_status":"open","ping_status":"closed","template":"","meta":[],"product_brand":[],"product_cat":[21,8929],"product_tag":[],"class_list":{"0":"post-109028","1":"product","2":"type-product","3":"status-publish","4":"has-post-thumbnail","6":"product_cat-baby","7":"product_cat-babygeschenke-baby","8":"pa_brand-jamiejayden","9":"pa_height-0-1-zoll","10":"pa_length-60-zoll","11":"pa_manufacturer-jamiejayden","12":"pa_model-jnjmsb-s1","13":"pa_size-baby","14":"pa_width-40-zoll","16":"first","17":"instock","18":"shipping-taxable","19":"purchasable","20":"product-type-simple","21":"customify-col","22":"product-has-gallery"},"yoast_head":"<!-- This site is optimized with the Yoast SEO plugin v27.4 - https:\/\/yoast.com\/product\/yoast-seo-wordpress\/ -->\n<title>Jamie&amp;Jayden Baby Monatliche Meilensteindecke f\u00fcr Baby M\u00e4dchen, Fotodecke f\u00fcr Neugeborene und Babybilder Inklusive\u2026 - Markt-XXL<\/title>\n<meta name=\"description\" content=\"Markt-XXL Jamie&amp;Jayden Baby Monatliche Meilensteindecke f\u00fcr Baby M\u00e4dchen, Fotodecke f\u00fcr Neugeborene und Babybilder Inklusive\u2026\" \/>\n<meta name=\"robots\" content=\"index, follow, max-snippet:-1, max-image-preview:large, max-video-preview:-1\" \/>\n<link rel=\"canonical\" href=\"https:\/\/marktxxl.de\/markt\/produkt\/jamiejayden-baby-monatliche-meilensteindecke-fuer-baby-maedchen-fotodecke-fuer-neugeborene-und-babybilder-inklusive-stirnband-kranz-und-rahmen-1524-x-1016-cm\/\" \/>\n<meta property=\"og:locale\" content=\"de_DE\" \/>\n<meta property=\"og:type\" content=\"article\" \/>\n<meta property=\"og:title\" content=\"Jamie&amp;Jayden Baby Monatliche Meilensteindecke f\u00fcr Baby M\u00e4dchen, Fotodecke f\u00fcr Neugeborene und Babybilder Inklusive\u2026 - Markt-XXL\" \/>\n<meta property=\"og:description\" content=\"Markt-XXL Jamie&amp;Jayden Baby Monatliche Meilensteindecke f\u00fcr Baby M\u00e4dchen, Fotodecke f\u00fcr Neugeborene und Babybilder Inklusive\u2026\" \/>\n<meta property=\"og:url\" content=\"https:\/\/marktxxl.de\/markt\/produkt\/jamiejayden-baby-monatliche-meilensteindecke-fuer-baby-maedchen-fotodecke-fuer-neugeborene-und-babybilder-inklusive-stirnband-kranz-und-rahmen-1524-x-1016-cm\/\" \/>\n<meta property=\"og:site_name\" content=\"Markt-XXL\" \/>\n<meta property=\"article:modified_time\" content=\"2023-04-11T01:34:21+00:00\" \/>\n<meta property=\"og:image\" content=\"https:\/\/m.media-amazon.com\/images\/I\/51jxUvNirvL._SL500_.jpg\" \/>\n\t<meta property=\"og:image:width\" content=\"500\" \/>\n\t<meta property=\"og:image:height\" content=\"500\" \/>\n\t<meta property=\"og:image:type\" content=\"image\/jpeg\" \/>\n<meta name=\"twitter:card\" content=\"summary_large_image\" \/>\n<meta name=\"twitter:label1\" content=\"Gesch\u00e4tzte Lesezeit\" \/>\n\t<meta name=\"twitter:data1\" content=\"1\u00a0Minute\" \/>\n<script type=\"application\/ld+json\" class=\"yoast-schema-graph\">{\"@context\":\"https:\\\/\\\/schema.org\",\"@graph\":[{\"@type\":\"WebPage\",\"@id\":\"https:\\\/\\\/marktxxl.de\\\/markt\\\/produkt\\\/jamiejayden-baby-monatliche-meilensteindecke-fuer-baby-maedchen-fotodecke-fuer-neugeborene-und-babybilder-inklusive-stirnband-kranz-und-rahmen-1524-x-1016-cm\\\/\",\"url\":\"https:\\\/\\\/marktxxl.de\\\/markt\\\/produkt\\\/jamiejayden-baby-monatliche-meilensteindecke-fuer-baby-maedchen-fotodecke-fuer-neugeborene-und-babybilder-inklusive-stirnband-kranz-und-rahmen-1524-x-1016-cm\\\/\",\"name\":\"Jamie&amp;Jayden Baby Monatliche Meilensteindecke f\u00fcr Baby M\u00e4dchen, Fotodecke f\u00fcr Neugeborene und Babybilder Inklusive\u2026 - Markt-XXL\",\"isPartOf\":{\"@id\":\"https:\\\/\\\/marktxxl.de\\\/markt\\\/#website\"},\"primaryImageOfPage\":{\"@id\":\"https:\\\/\\\/marktxxl.de\\\/markt\\\/produkt\\\/jamiejayden-baby-monatliche-meilensteindecke-fuer-baby-maedchen-fotodecke-fuer-neugeborene-und-babybilder-inklusive-stirnband-kranz-und-rahmen-1524-x-1016-cm\\\/#primaryimage\"},\"image\":{\"@id\":\"https:\\\/\\\/marktxxl.de\\\/markt\\\/produkt\\\/jamiejayden-baby-monatliche-meilensteindecke-fuer-baby-maedchen-fotodecke-fuer-neugeborene-und-babybilder-inklusive-stirnband-kranz-und-rahmen-1524-x-1016-cm\\\/#primaryimage\"},\"thumbnailUrl\":\"https:\\\/\\\/m.media-amazon.com\\\/images\\\/I\\\/51jxUvNirvL._SL500_.jpg\",\"datePublished\":\"2022-02-26T19:00:35+00:00\",\"dateModified\":\"2023-04-11T01:34:21+00:00\",\"description\":\"Markt-XXL Jamie&amp;Jayden Baby Monatliche Meilensteindecke f\u00fcr Baby M\u00e4dchen, Fotodecke f\u00fcr Neugeborene und Babybilder Inklusive\u2026\",\"breadcrumb\":{\"@id\":\"https:\\\/\\\/marktxxl.de\\\/markt\\\/produkt\\\/jamiejayden-baby-monatliche-meilensteindecke-fuer-baby-maedchen-fotodecke-fuer-neugeborene-und-babybilder-inklusive-stirnband-kranz-und-rahmen-1524-x-1016-cm\\\/#breadcrumb\"},\"inLanguage\":\"de\",\"potentialAction\":[{\"@type\":\"ReadAction\",\"target\":[\"https:\\\/\\\/marktxxl.de\\\/markt\\\/produkt\\\/jamiejayden-baby-monatliche-meilensteindecke-fuer-baby-maedchen-fotodecke-fuer-neugeborene-und-babybilder-inklusive-stirnband-kranz-und-rahmen-1524-x-1016-cm\\\/\"]}]},{\"@type\":\"ImageObject\",\"inLanguage\":\"de\",\"@id\":\"https:\\\/\\\/marktxxl.de\\\/markt\\\/produkt\\\/jamiejayden-baby-monatliche-meilensteindecke-fuer-baby-maedchen-fotodecke-fuer-neugeborene-und-babybilder-inklusive-stirnband-kranz-und-rahmen-1524-x-1016-cm\\\/#primaryimage\",\"url\":\"https:\\\/\\\/m.media-amazon.com\\\/images\\\/I\\\/51jxUvNirvL._SL500_.jpg\",\"contentUrl\":\"https:\\\/\\\/m.media-amazon.com\\\/images\\\/I\\\/51jxUvNirvL._SL500_.jpg\",\"width\":500,\"height\":500},{\"@type\":\"BreadcrumbList\",\"@id\":\"https:\\\/\\\/marktxxl.de\\\/markt\\\/produkt\\\/jamiejayden-baby-monatliche-meilensteindecke-fuer-baby-maedchen-fotodecke-fuer-neugeborene-und-babybilder-inklusive-stirnband-kranz-und-rahmen-1524-x-1016-cm\\\/#breadcrumb\",\"itemListElement\":[{\"@type\":\"ListItem\",\"position\":1,\"name\":\"Startseite\",\"item\":\"https:\\\/\\\/marktxxl.de\\\/markt\\\/\"},{\"@type\":\"ListItem\",\"position\":2,\"name\":\"Markt\",\"item\":\"https:\\\/\\\/marktxxl.de\\\/markt\\\/\"},{\"@type\":\"ListItem\",\"position\":3,\"name\":\"Jamie&amp;Jayden Baby Monatliche Meilensteindecke f\u00fcr Baby M\u00e4dchen, Fotodecke f\u00fcr Neugeborene und Babybilder Inklusive\u2026\"}]},{\"@type\":\"WebSite\",\"@id\":\"https:\\\/\\\/marktxxl.de\\\/markt\\\/#website\",\"url\":\"https:\\\/\\\/marktxxl.de\\\/markt\\\/\",\"name\":\"Markt-XXL\",\"description\":\"Ihr Markt Online\",\"publisher\":{\"@id\":\"https:\\\/\\\/marktxxl.de\\\/markt\\\/#organization\"},\"potentialAction\":[{\"@type\":\"SearchAction\",\"target\":{\"@type\":\"EntryPoint\",\"urlTemplate\":\"https:\\\/\\\/marktxxl.de\\\/markt\\\/?s={search_term_string}\"},\"query-input\":{\"@type\":\"PropertyValueSpecification\",\"valueRequired\":true,\"valueName\":\"search_term_string\"}}],\"inLanguage\":\"de\"},{\"@type\":\"Organization\",\"@id\":\"https:\\\/\\\/marktxxl.de\\\/markt\\\/#organization\",\"name\":\"Markt-XXL\",\"url\":\"https:\\\/\\\/marktxxl.de\\\/markt\\\/\",\"logo\":{\"@type\":\"ImageObject\",\"inLanguage\":\"de\",\"@id\":\"https:\\\/\\\/marktxxl.de\\\/markt\\\/#\\\/schema\\\/logo\\\/image\\\/\",\"url\":\"https:\\\/\\\/marktxxl.de\\\/markt\\\/wp-content\\\/uploads\\\/sites\\\/3\\\/2020\\\/12\\\/logo.png\",\"contentUrl\":\"https:\\\/\\\/marktxxl.de\\\/markt\\\/wp-content\\\/uploads\\\/sites\\\/3\\\/2020\\\/12\\\/logo.png\",\"width\":200,\"height\":70,\"caption\":\"Markt-XXL\"},\"image\":{\"@id\":\"https:\\\/\\\/marktxxl.de\\\/markt\\\/#\\\/schema\\\/logo\\\/image\\\/\"}}]}<\/script>\n<!-- \/ Yoast SEO plugin. -->","yoast_head_json":{"title":"Jamie&amp;Jayden Baby Monatliche Meilensteindecke f\u00fcr Baby M\u00e4dchen, Fotodecke f\u00fcr Neugeborene und Babybilder Inklusive\u2026 - Markt-XXL","description":"Markt-XXL Jamie&amp;Jayden Baby Monatliche Meilensteindecke f\u00fcr Baby M\u00e4dchen, Fotodecke f\u00fcr Neugeborene und Babybilder Inklusive\u2026","robots":{"index":"index","follow":"follow","max-snippet":"max-snippet:-1","max-image-preview":"max-image-preview:large","max-video-preview":"max-video-preview:-1"},"canonical":"https:\/\/marktxxl.de\/markt\/produkt\/jamiejayden-baby-monatliche-meilensteindecke-fuer-baby-maedchen-fotodecke-fuer-neugeborene-und-babybilder-inklusive-stirnband-kranz-und-rahmen-1524-x-1016-cm\/","og_locale":"de_DE","og_type":"article","og_title":"Jamie&amp;Jayden Baby Monatliche Meilensteindecke f\u00fcr Baby M\u00e4dchen, Fotodecke f\u00fcr Neugeborene und Babybilder Inklusive\u2026 - Markt-XXL","og_description":"Markt-XXL Jamie&amp;Jayden Baby Monatliche Meilensteindecke f\u00fcr Baby M\u00e4dchen, Fotodecke f\u00fcr Neugeborene und Babybilder Inklusive\u2026","og_url":"https:\/\/marktxxl.de\/markt\/produkt\/jamiejayden-baby-monatliche-meilensteindecke-fuer-baby-maedchen-fotodecke-fuer-neugeborene-und-babybilder-inklusive-stirnband-kranz-und-rahmen-1524-x-1016-cm\/","og_site_name":"Markt-XXL","article_modified_time":"2023-04-11T01:34:21+00:00","og_image":[{"width":500,"height":500,"url":"https:\/\/m.media-amazon.com\/images\/I\/51jxUvNirvL._SL500_.jpg","type":"image\/jpeg"}],"twitter_card":"summary_large_image","twitter_misc":{"Gesch\u00e4tzte Lesezeit":"1\u00a0Minute"},"schema":{"@context":"https:\/\/schema.org","@graph":[{"@type":"WebPage","@id":"https:\/\/marktxxl.de\/markt\/produkt\/jamiejayden-baby-monatliche-meilensteindecke-fuer-baby-maedchen-fotodecke-fuer-neugeborene-und-babybilder-inklusive-stirnband-kranz-und-rahmen-1524-x-1016-cm\/","url":"https:\/\/marktxxl.de\/markt\/produkt\/jamiejayden-baby-monatliche-meilensteindecke-fuer-baby-maedchen-fotodecke-fuer-neugeborene-und-babybilder-inklusive-stirnband-kranz-und-rahmen-1524-x-1016-cm\/","name":"Jamie&amp;Jayden Baby Monatliche Meilensteindecke f\u00fcr Baby M\u00e4dchen, Fotodecke f\u00fcr Neugeborene und Babybilder Inklusive\u2026 - Markt-XXL","isPartOf":{"@id":"https:\/\/marktxxl.de\/markt\/#website"},"primaryImageOfPage":{"@id":"https:\/\/marktxxl.de\/markt\/produkt\/jamiejayden-baby-monatliche-meilensteindecke-fuer-baby-maedchen-fotodecke-fuer-neugeborene-und-babybilder-inklusive-stirnband-kranz-und-rahmen-1524-x-1016-cm\/#primaryimage"},"image":{"@id":"https:\/\/marktxxl.de\/markt\/produkt\/jamiejayden-baby-monatliche-meilensteindecke-fuer-baby-maedchen-fotodecke-fuer-neugeborene-und-babybilder-inklusive-stirnband-kranz-und-rahmen-1524-x-1016-cm\/#primaryimage"},"thumbnailUrl":"https:\/\/m.media-amazon.com\/images\/I\/51jxUvNirvL._SL500_.jpg","datePublished":"2022-02-26T19:00:35+00:00","dateModified":"2023-04-11T01:34:21+00:00","description":"Markt-XXL Jamie&amp;Jayden Baby Monatliche Meilensteindecke f\u00fcr Baby M\u00e4dchen, Fotodecke f\u00fcr Neugeborene und Babybilder Inklusive\u2026","breadcrumb":{"@id":"https:\/\/marktxxl.de\/markt\/produkt\/jamiejayden-baby-monatliche-meilensteindecke-fuer-baby-maedchen-fotodecke-fuer-neugeborene-und-babybilder-inklusive-stirnband-kranz-und-rahmen-1524-x-1016-cm\/#breadcrumb"},"inLanguage":"de","potentialAction":[{"@type":"ReadAction","target":["https:\/\/marktxxl.de\/markt\/produkt\/jamiejayden-baby-monatliche-meilensteindecke-fuer-baby-maedchen-fotodecke-fuer-neugeborene-und-babybilder-inklusive-stirnband-kranz-und-rahmen-1524-x-1016-cm\/"]}]},{"@type":"ImageObject","inLanguage":"de","@id":"https:\/\/marktxxl.de\/markt\/produkt\/jamiejayden-baby-monatliche-meilensteindecke-fuer-baby-maedchen-fotodecke-fuer-neugeborene-und-babybilder-inklusive-stirnband-kranz-und-rahmen-1524-x-1016-cm\/#primaryimage","url":"https:\/\/m.media-amazon.com\/images\/I\/51jxUvNirvL._SL500_.jpg","contentUrl":"https:\/\/m.media-amazon.com\/images\/I\/51jxUvNirvL._SL500_.jpg","width":500,"height":500},{"@type":"BreadcrumbList","@id":"https:\/\/marktxxl.de\/markt\/produkt\/jamiejayden-baby-monatliche-meilensteindecke-fuer-baby-maedchen-fotodecke-fuer-neugeborene-und-babybilder-inklusive-stirnband-kranz-und-rahmen-1524-x-1016-cm\/#breadcrumb","itemListElement":[{"@type":"ListItem","position":1,"name":"Startseite","item":"https:\/\/marktxxl.de\/markt\/"},{"@type":"ListItem","position":2,"name":"Markt","item":"https:\/\/marktxxl.de\/markt\/"},{"@type":"ListItem","position":3,"name":"Jamie&amp;Jayden Baby Monatliche Meilensteindecke f\u00fcr Baby M\u00e4dchen, Fotodecke f\u00fcr Neugeborene und Babybilder Inklusive\u2026"}]},{"@type":"WebSite","@id":"https:\/\/marktxxl.de\/markt\/#website","url":"https:\/\/marktxxl.de\/markt\/","name":"Markt-XXL","description":"Ihr Markt Online","publisher":{"@id":"https:\/\/marktxxl.de\/markt\/#organization"},"potentialAction":[{"@type":"SearchAction","target":{"@type":"EntryPoint","urlTemplate":"https:\/\/marktxxl.de\/markt\/?s={search_term_string}"},"query-input":{"@type":"PropertyValueSpecification","valueRequired":true,"valueName":"search_term_string"}}],"inLanguage":"de"},{"@type":"Organization","@id":"https:\/\/marktxxl.de\/markt\/#organization","name":"Markt-XXL","url":"https:\/\/marktxxl.de\/markt\/","logo":{"@type":"ImageObject","inLanguage":"de","@id":"https:\/\/marktxxl.de\/markt\/#\/schema\/logo\/image\/","url":"https:\/\/marktxxl.de\/markt\/wp-content\/uploads\/sites\/3\/2020\/12\/logo.png","contentUrl":"https:\/\/marktxxl.de\/markt\/wp-content\/uploads\/sites\/3\/2020\/12\/logo.png","width":200,"height":70,"caption":"Markt-XXL"},"image":{"@id":"https:\/\/marktxxl.de\/markt\/#\/schema\/logo\/image\/"}}]}},"_links":{"self":[{"href":"https:\/\/marktxxl.de\/markt\/wp-json\/wp\/v2\/product\/109028","targetHints":{"allow":["GET"]}}],"collection":[{"href":"https:\/\/marktxxl.de\/markt\/wp-json\/wp\/v2\/product"}],"about":[{"href":"https:\/\/marktxxl.de\/markt\/wp-json\/wp\/v2\/types\/product"}],"replies":[{"embeddable":true,"href":"https:\/\/marktxxl.de\/markt\/wp-json\/wp\/v2\/comments?post=109028"}],"wp:featuredmedia":[{"embeddable":true,"href":"https:\/\/marktxxl.de\/markt\/wp-json\/wp\/v2\/media\/109029"}],"wp:attachment":[{"href":"https:\/\/marktxxl.de\/markt\/wp-json\/wp\/v2\/media?parent=109028"}],"wp:term":[{"taxonomy":"product_brand","embeddable":true,"href":"https:\/\/marktxxl.de\/markt\/wp-json\/wp\/v2\/product_brand?post=109028"},{"taxonomy":"product_cat","embeddable":true,"href":"https:\/\/marktxxl.de\/markt\/wp-json\/wp\/v2\/product_cat?post=109028"},{"taxonomy":"product_tag","embeddable":true,"href":"https:\/\/marktxxl.de\/markt\/wp-json\/wp\/v2\/product_tag?post=109028"}],"curies":[{"name":"wp","href":"https:\/\/api.w.org\/{rel}","templated":true}]}}