{"id":108891,"date":"2022-02-26T19:54:51","date_gmt":"2022-02-26T18:54:51","guid":{"rendered":"https:\/\/marktxxl.de\/markt\/produkt\/maxi-cosi-familyfix-isofix-basisstation-gruppe-0-1-0-18-kg-geeignet-fuer-babyschale-maxi-cosi-cabriofix-pebble-und-gruppe-1-kindersitz-pearl-nutzbar-ab-0-monate-4-jahre-schwarz\/"},"modified":"2023-04-11T03:34:18","modified_gmt":"2023-04-11T01:34:18","slug":"maxi-cosi-familyfix-isofix-basisstation-gruppe-0-1-0-18-kg-geeignet-fuer-babyschale-maxi-cosi-cabriofix-pebble-und-gruppe-1-kindersitz-pearl-nutzbar-ab-0-monate-4-jahre-schwarz","status":"publish","type":"product","link":"https:\/\/marktxxl.de\/markt\/produkt\/maxi-cosi-familyfix-isofix-basisstation-gruppe-0-1-0-18-kg-geeignet-fuer-babyschale-maxi-cosi-cabriofix-pebble-und-gruppe-1-kindersitz-pearl-nutzbar-ab-0-monate-4-jahre-schwarz\/","title":{"rendered":"Maxi-Cosi FamilyFix Isofix-Basisstation, Gruppe 0+\/1 (0-18 kg), geeignet f\u00fcr Babyschale Maxi-Cosi CabrioFix, Pebble und\u2026"},"content":{"rendered":"<p>Die FamilyFix ist geeignet f\u00fcr die Babyschalen Pebble und Cabriofix &#8211; Ausserdem ist die FamilyFix f\u00fcr den Gruppe 1 Autositz Pearl geeignet.<br \/>\nDie FamilyFix Basis ist f\u00fcr folgende Kinderautositze INKOMPATIBEL: Pebble Plus, 2wayPearl, Rock und Pearl One i-Size. F\u00fcr diese Kindersitze empfehlen wir die Nachfolge-Station: FamilyFix One i-Size<br \/>\nISOFIX: Die visuelle und akustische Anzeige an der FamilyFix Basis best\u00e4tigt die korrekte Installation und reduziert so das Risiko einer Fehlinstallation. Schnelle, einfache und sichere Anbringung von CabrioFix, Pebble und Pearl im Fahrzeug.<br \/>\nDie Maxi-Cosi FamilyFix ist die ideale Basis f\u00fcr zwei aufeinanderfolgende Altersgruppen von der Geburt bis ca. 4 Jahre. Mit den Babyschalen Pebble und Cabriofix und anschlie\u00dfend mit dem Pearl Kindersitz.<br \/>\nDie FamilyFix Basis bietet eine zus\u00e4tzliche Sitzposition f\u00fcr den Pebble und schafft so mehr Beinfreiheit. Damit kann das Kind l\u00e4nger entgegen der Fahrtrichtung in der Babyschale mitreisen.<br \/>\n<div class=\"main-cross-sell\" data-asin=\"B002SG6PPS\">\n\n\t<div class=\"WooZone-cross-sell-loader\">\n\t\t<div>\n\t\t\t<div id=\"floatingBarsG\">\n\t\t\t\t<div class=\"blockG\" id=\"rotateG_01\"><\/div>\n\t\t\t\t<div class=\"blockG\" id=\"rotateG_02\"><\/div>\n\t\t\t\t<div class=\"blockG\" id=\"rotateG_03\"><\/div>\n\t\t\t\t<div class=\"blockG\" id=\"rotateG_04\"><\/div>\n\t\t\t\t<div class=\"blockG\" id=\"rotateG_05\"><\/div>\n\t\t\t\t<div class=\"blockG\" id=\"rotateG_06\"><\/div>\n\t\t\t\t<div class=\"blockG\" id=\"rotateG_07\"><\/div>\n\t\t\t\t<div class=\"blockG\" id=\"rotateG_08\"><\/div>\n\t\t\t<\/div>\n\t\t\t<div class=\"WooZone-cross-sell-loader-text\"><\/div>\n\t\t<\/div>\n\t<\/div>\n\n\t\t\n<\/div>\n<div style=\"clear:both;\"><\/div><\/p>\n","protected":false},"excerpt":{"rendered":"<p>Die FamilyFix ist geeignet f\u00fcr die Babyschalen Pebble und Cabriofix &#8211; Ausserdem ist die FamilyFix f\u00fcr den Gruppe 1 Autositz Pearl geeignet.<br \/>\nDie FamilyFix Basis ist f\u00fcr folgende Kinderautositze INKOMPATIBEL: Pebble Plus, 2wayPearl, Rock und Pearl One i-Size. F\u00fcr diese Kindersitze empfehlen wir die Nachfolge-Station: FamilyFix One i-Size<br \/>\nISOFIX: Die visuelle und akustische Anzeige an der FamilyFix Basis best\u00e4tigt die korrekte Installation und reduziert so das Risiko einer Fehlinstallation. Schnelle, einfache und sichere Anbringung von CabrioFix, Pebble und Pearl im Fahrzeug.<\/p>\n","protected":false},"featured_media":108892,"comment_status":"open","ping_status":"closed","template":"","meta":[],"product_brand":[],"product_cat":[8765,21],"product_tag":[],"class_list":{"0":"post-108891","1":"product","2":"type-product","3":"status-publish","4":"has-post-thumbnail","6":"product_cat-autositze-zubehoer-baby","7":"product_cat-baby","8":"pa_binding-babyartikel","9":"pa_brand-maxi-cosi","10":"pa_color-schwarz","11":"pa_height-19-8818897435-zoll","12":"pa_languages-uebersetzung-spanisch-handbuch-italienisch-handbuch-deutsch-handbuch-franzoesisch-handbuch-englisch-handbuch-spanisch-unbekannt-italienisch","13":"pa_length-22-6377952525-zoll","14":"pa_manufacturer-maxi-cosi","15":"pa_model-32679","16":"pa_size-1-stueck-1er-pack","17":"pa_weight-15-101664947-pfund","18":"pa_width-13-5826771515-zoll","20":"first","21":"instock","22":"shipping-taxable","23":"purchasable","24":"product-type-simple","25":"customify-col","26":"product-has-gallery"},"yoast_head":"<!-- This site is optimized with the Yoast SEO plugin v27.4 - https:\/\/yoast.com\/product\/yoast-seo-wordpress\/ -->\n<title>Maxi-Cosi FamilyFix Isofix-Basisstation, Gruppe 0+\/1 (0-18 kg), geeignet f\u00fcr Babyschale Maxi-Cosi CabrioFix, Pebble und\u2026 - Markt-XXL<\/title>\n<meta name=\"description\" content=\"Markt-XXL Maxi-Cosi FamilyFix Isofix-Basisstation, Gruppe 0+\/1 (0-18 kg), geeignet f\u00fcr Babyschale Maxi-Cosi CabrioFix, Pebble und\u2026\" \/>\n<meta name=\"robots\" content=\"index, follow, max-snippet:-1, max-image-preview:large, max-video-preview:-1\" \/>\n<link rel=\"canonical\" href=\"https:\/\/marktxxl.de\/markt\/produkt\/maxi-cosi-familyfix-isofix-basisstation-gruppe-0-1-0-18-kg-geeignet-fuer-babyschale-maxi-cosi-cabriofix-pebble-und-gruppe-1-kindersitz-pearl-nutzbar-ab-0-monate-4-jahre-schwarz\/\" \/>\n<meta property=\"og:locale\" content=\"de_DE\" \/>\n<meta property=\"og:type\" content=\"article\" \/>\n<meta property=\"og:title\" content=\"Maxi-Cosi FamilyFix Isofix-Basisstation, Gruppe 0+\/1 (0-18 kg), geeignet f\u00fcr Babyschale Maxi-Cosi CabrioFix, Pebble und\u2026 - Markt-XXL\" \/>\n<meta property=\"og:description\" content=\"Markt-XXL Maxi-Cosi FamilyFix Isofix-Basisstation, Gruppe 0+\/1 (0-18 kg), geeignet f\u00fcr Babyschale Maxi-Cosi CabrioFix, Pebble und\u2026\" \/>\n<meta property=\"og:url\" content=\"https:\/\/marktxxl.de\/markt\/produkt\/maxi-cosi-familyfix-isofix-basisstation-gruppe-0-1-0-18-kg-geeignet-fuer-babyschale-maxi-cosi-cabriofix-pebble-und-gruppe-1-kindersitz-pearl-nutzbar-ab-0-monate-4-jahre-schwarz\/\" \/>\n<meta property=\"og:site_name\" content=\"Markt-XXL\" \/>\n<meta property=\"article:modified_time\" content=\"2023-04-11T01:34:18+00:00\" \/>\n<meta property=\"og:image\" content=\"https:\/\/m.media-amazon.com\/images\/I\/31f267ictQL._SL500_.jpg\" \/>\n\t<meta property=\"og:image:width\" content=\"500\" \/>\n\t<meta property=\"og:image:height\" content=\"500\" \/>\n\t<meta property=\"og:image:type\" content=\"image\/jpeg\" \/>\n<meta name=\"twitter:card\" content=\"summary_large_image\" \/>\n<meta name=\"twitter:label1\" content=\"Gesch\u00e4tzte Lesezeit\" \/>\n\t<meta name=\"twitter:data1\" content=\"1\u00a0Minute\" \/>\n<script type=\"application\/ld+json\" class=\"yoast-schema-graph\">{\"@context\":\"https:\\\/\\\/schema.org\",\"@graph\":[{\"@type\":\"WebPage\",\"@id\":\"https:\\\/\\\/marktxxl.de\\\/markt\\\/produkt\\\/maxi-cosi-familyfix-isofix-basisstation-gruppe-0-1-0-18-kg-geeignet-fuer-babyschale-maxi-cosi-cabriofix-pebble-und-gruppe-1-kindersitz-pearl-nutzbar-ab-0-monate-4-jahre-schwarz\\\/\",\"url\":\"https:\\\/\\\/marktxxl.de\\\/markt\\\/produkt\\\/maxi-cosi-familyfix-isofix-basisstation-gruppe-0-1-0-18-kg-geeignet-fuer-babyschale-maxi-cosi-cabriofix-pebble-und-gruppe-1-kindersitz-pearl-nutzbar-ab-0-monate-4-jahre-schwarz\\\/\",\"name\":\"Maxi-Cosi FamilyFix Isofix-Basisstation, Gruppe 0+\\\/1 (0-18 kg), geeignet f\u00fcr Babyschale Maxi-Cosi CabrioFix, Pebble und\u2026 - Markt-XXL\",\"isPartOf\":{\"@id\":\"https:\\\/\\\/marktxxl.de\\\/markt\\\/#website\"},\"primaryImageOfPage\":{\"@id\":\"https:\\\/\\\/marktxxl.de\\\/markt\\\/produkt\\\/maxi-cosi-familyfix-isofix-basisstation-gruppe-0-1-0-18-kg-geeignet-fuer-babyschale-maxi-cosi-cabriofix-pebble-und-gruppe-1-kindersitz-pearl-nutzbar-ab-0-monate-4-jahre-schwarz\\\/#primaryimage\"},\"image\":{\"@id\":\"https:\\\/\\\/marktxxl.de\\\/markt\\\/produkt\\\/maxi-cosi-familyfix-isofix-basisstation-gruppe-0-1-0-18-kg-geeignet-fuer-babyschale-maxi-cosi-cabriofix-pebble-und-gruppe-1-kindersitz-pearl-nutzbar-ab-0-monate-4-jahre-schwarz\\\/#primaryimage\"},\"thumbnailUrl\":\"https:\\\/\\\/m.media-amazon.com\\\/images\\\/I\\\/31f267ictQL._SL500_.jpg\",\"datePublished\":\"2022-02-26T18:54:51+00:00\",\"dateModified\":\"2023-04-11T01:34:18+00:00\",\"description\":\"Markt-XXL Maxi-Cosi FamilyFix Isofix-Basisstation, Gruppe 0+\\\/1 (0-18 kg), geeignet f\u00fcr Babyschale Maxi-Cosi CabrioFix, Pebble und\u2026\",\"breadcrumb\":{\"@id\":\"https:\\\/\\\/marktxxl.de\\\/markt\\\/produkt\\\/maxi-cosi-familyfix-isofix-basisstation-gruppe-0-1-0-18-kg-geeignet-fuer-babyschale-maxi-cosi-cabriofix-pebble-und-gruppe-1-kindersitz-pearl-nutzbar-ab-0-monate-4-jahre-schwarz\\\/#breadcrumb\"},\"inLanguage\":\"de\",\"potentialAction\":[{\"@type\":\"ReadAction\",\"target\":[\"https:\\\/\\\/marktxxl.de\\\/markt\\\/produkt\\\/maxi-cosi-familyfix-isofix-basisstation-gruppe-0-1-0-18-kg-geeignet-fuer-babyschale-maxi-cosi-cabriofix-pebble-und-gruppe-1-kindersitz-pearl-nutzbar-ab-0-monate-4-jahre-schwarz\\\/\"]}]},{\"@type\":\"ImageObject\",\"inLanguage\":\"de\",\"@id\":\"https:\\\/\\\/marktxxl.de\\\/markt\\\/produkt\\\/maxi-cosi-familyfix-isofix-basisstation-gruppe-0-1-0-18-kg-geeignet-fuer-babyschale-maxi-cosi-cabriofix-pebble-und-gruppe-1-kindersitz-pearl-nutzbar-ab-0-monate-4-jahre-schwarz\\\/#primaryimage\",\"url\":\"https:\\\/\\\/m.media-amazon.com\\\/images\\\/I\\\/31f267ictQL._SL500_.jpg\",\"contentUrl\":\"https:\\\/\\\/m.media-amazon.com\\\/images\\\/I\\\/31f267ictQL._SL500_.jpg\",\"width\":500,\"height\":500},{\"@type\":\"BreadcrumbList\",\"@id\":\"https:\\\/\\\/marktxxl.de\\\/markt\\\/produkt\\\/maxi-cosi-familyfix-isofix-basisstation-gruppe-0-1-0-18-kg-geeignet-fuer-babyschale-maxi-cosi-cabriofix-pebble-und-gruppe-1-kindersitz-pearl-nutzbar-ab-0-monate-4-jahre-schwarz\\\/#breadcrumb\",\"itemListElement\":[{\"@type\":\"ListItem\",\"position\":1,\"name\":\"Startseite\",\"item\":\"https:\\\/\\\/marktxxl.de\\\/markt\\\/\"},{\"@type\":\"ListItem\",\"position\":2,\"name\":\"Markt\",\"item\":\"https:\\\/\\\/marktxxl.de\\\/markt\\\/\"},{\"@type\":\"ListItem\",\"position\":3,\"name\":\"Maxi-Cosi FamilyFix Isofix-Basisstation, Gruppe 0+\\\/1 (0-18 kg), geeignet f\u00fcr Babyschale Maxi-Cosi CabrioFix, Pebble und\u2026\"}]},{\"@type\":\"WebSite\",\"@id\":\"https:\\\/\\\/marktxxl.de\\\/markt\\\/#website\",\"url\":\"https:\\\/\\\/marktxxl.de\\\/markt\\\/\",\"name\":\"Markt-XXL\",\"description\":\"Ihr Markt Online\",\"publisher\":{\"@id\":\"https:\\\/\\\/marktxxl.de\\\/markt\\\/#organization\"},\"potentialAction\":[{\"@type\":\"SearchAction\",\"target\":{\"@type\":\"EntryPoint\",\"urlTemplate\":\"https:\\\/\\\/marktxxl.de\\\/markt\\\/?s={search_term_string}\"},\"query-input\":{\"@type\":\"PropertyValueSpecification\",\"valueRequired\":true,\"valueName\":\"search_term_string\"}}],\"inLanguage\":\"de\"},{\"@type\":\"Organization\",\"@id\":\"https:\\\/\\\/marktxxl.de\\\/markt\\\/#organization\",\"name\":\"Markt-XXL\",\"url\":\"https:\\\/\\\/marktxxl.de\\\/markt\\\/\",\"logo\":{\"@type\":\"ImageObject\",\"inLanguage\":\"de\",\"@id\":\"https:\\\/\\\/marktxxl.de\\\/markt\\\/#\\\/schema\\\/logo\\\/image\\\/\",\"url\":\"https:\\\/\\\/marktxxl.de\\\/markt\\\/wp-content\\\/uploads\\\/sites\\\/3\\\/2020\\\/12\\\/logo.png\",\"contentUrl\":\"https:\\\/\\\/marktxxl.de\\\/markt\\\/wp-content\\\/uploads\\\/sites\\\/3\\\/2020\\\/12\\\/logo.png\",\"width\":200,\"height\":70,\"caption\":\"Markt-XXL\"},\"image\":{\"@id\":\"https:\\\/\\\/marktxxl.de\\\/markt\\\/#\\\/schema\\\/logo\\\/image\\\/\"}}]}<\/script>\n<!-- \/ Yoast SEO plugin. -->","yoast_head_json":{"title":"Maxi-Cosi FamilyFix Isofix-Basisstation, Gruppe 0+\/1 (0-18 kg), geeignet f\u00fcr Babyschale Maxi-Cosi CabrioFix, Pebble und\u2026 - Markt-XXL","description":"Markt-XXL Maxi-Cosi FamilyFix Isofix-Basisstation, Gruppe 0+\/1 (0-18 kg), geeignet f\u00fcr Babyschale Maxi-Cosi CabrioFix, Pebble und\u2026","robots":{"index":"index","follow":"follow","max-snippet":"max-snippet:-1","max-image-preview":"max-image-preview:large","max-video-preview":"max-video-preview:-1"},"canonical":"https:\/\/marktxxl.de\/markt\/produkt\/maxi-cosi-familyfix-isofix-basisstation-gruppe-0-1-0-18-kg-geeignet-fuer-babyschale-maxi-cosi-cabriofix-pebble-und-gruppe-1-kindersitz-pearl-nutzbar-ab-0-monate-4-jahre-schwarz\/","og_locale":"de_DE","og_type":"article","og_title":"Maxi-Cosi FamilyFix Isofix-Basisstation, Gruppe 0+\/1 (0-18 kg), geeignet f\u00fcr Babyschale Maxi-Cosi CabrioFix, Pebble und\u2026 - Markt-XXL","og_description":"Markt-XXL Maxi-Cosi FamilyFix Isofix-Basisstation, Gruppe 0+\/1 (0-18 kg), geeignet f\u00fcr Babyschale Maxi-Cosi CabrioFix, Pebble und\u2026","og_url":"https:\/\/marktxxl.de\/markt\/produkt\/maxi-cosi-familyfix-isofix-basisstation-gruppe-0-1-0-18-kg-geeignet-fuer-babyschale-maxi-cosi-cabriofix-pebble-und-gruppe-1-kindersitz-pearl-nutzbar-ab-0-monate-4-jahre-schwarz\/","og_site_name":"Markt-XXL","article_modified_time":"2023-04-11T01:34:18+00:00","og_image":[{"width":500,"height":500,"url":"https:\/\/m.media-amazon.com\/images\/I\/31f267ictQL._SL500_.jpg","type":"image\/jpeg"}],"twitter_card":"summary_large_image","twitter_misc":{"Gesch\u00e4tzte Lesezeit":"1\u00a0Minute"},"schema":{"@context":"https:\/\/schema.org","@graph":[{"@type":"WebPage","@id":"https:\/\/marktxxl.de\/markt\/produkt\/maxi-cosi-familyfix-isofix-basisstation-gruppe-0-1-0-18-kg-geeignet-fuer-babyschale-maxi-cosi-cabriofix-pebble-und-gruppe-1-kindersitz-pearl-nutzbar-ab-0-monate-4-jahre-schwarz\/","url":"https:\/\/marktxxl.de\/markt\/produkt\/maxi-cosi-familyfix-isofix-basisstation-gruppe-0-1-0-18-kg-geeignet-fuer-babyschale-maxi-cosi-cabriofix-pebble-und-gruppe-1-kindersitz-pearl-nutzbar-ab-0-monate-4-jahre-schwarz\/","name":"Maxi-Cosi FamilyFix Isofix-Basisstation, Gruppe 0+\/1 (0-18 kg), geeignet f\u00fcr Babyschale Maxi-Cosi CabrioFix, Pebble und\u2026 - Markt-XXL","isPartOf":{"@id":"https:\/\/marktxxl.de\/markt\/#website"},"primaryImageOfPage":{"@id":"https:\/\/marktxxl.de\/markt\/produkt\/maxi-cosi-familyfix-isofix-basisstation-gruppe-0-1-0-18-kg-geeignet-fuer-babyschale-maxi-cosi-cabriofix-pebble-und-gruppe-1-kindersitz-pearl-nutzbar-ab-0-monate-4-jahre-schwarz\/#primaryimage"},"image":{"@id":"https:\/\/marktxxl.de\/markt\/produkt\/maxi-cosi-familyfix-isofix-basisstation-gruppe-0-1-0-18-kg-geeignet-fuer-babyschale-maxi-cosi-cabriofix-pebble-und-gruppe-1-kindersitz-pearl-nutzbar-ab-0-monate-4-jahre-schwarz\/#primaryimage"},"thumbnailUrl":"https:\/\/m.media-amazon.com\/images\/I\/31f267ictQL._SL500_.jpg","datePublished":"2022-02-26T18:54:51+00:00","dateModified":"2023-04-11T01:34:18+00:00","description":"Markt-XXL Maxi-Cosi FamilyFix Isofix-Basisstation, Gruppe 0+\/1 (0-18 kg), geeignet f\u00fcr Babyschale Maxi-Cosi CabrioFix, Pebble und\u2026","breadcrumb":{"@id":"https:\/\/marktxxl.de\/markt\/produkt\/maxi-cosi-familyfix-isofix-basisstation-gruppe-0-1-0-18-kg-geeignet-fuer-babyschale-maxi-cosi-cabriofix-pebble-und-gruppe-1-kindersitz-pearl-nutzbar-ab-0-monate-4-jahre-schwarz\/#breadcrumb"},"inLanguage":"de","potentialAction":[{"@type":"ReadAction","target":["https:\/\/marktxxl.de\/markt\/produkt\/maxi-cosi-familyfix-isofix-basisstation-gruppe-0-1-0-18-kg-geeignet-fuer-babyschale-maxi-cosi-cabriofix-pebble-und-gruppe-1-kindersitz-pearl-nutzbar-ab-0-monate-4-jahre-schwarz\/"]}]},{"@type":"ImageObject","inLanguage":"de","@id":"https:\/\/marktxxl.de\/markt\/produkt\/maxi-cosi-familyfix-isofix-basisstation-gruppe-0-1-0-18-kg-geeignet-fuer-babyschale-maxi-cosi-cabriofix-pebble-und-gruppe-1-kindersitz-pearl-nutzbar-ab-0-monate-4-jahre-schwarz\/#primaryimage","url":"https:\/\/m.media-amazon.com\/images\/I\/31f267ictQL._SL500_.jpg","contentUrl":"https:\/\/m.media-amazon.com\/images\/I\/31f267ictQL._SL500_.jpg","width":500,"height":500},{"@type":"BreadcrumbList","@id":"https:\/\/marktxxl.de\/markt\/produkt\/maxi-cosi-familyfix-isofix-basisstation-gruppe-0-1-0-18-kg-geeignet-fuer-babyschale-maxi-cosi-cabriofix-pebble-und-gruppe-1-kindersitz-pearl-nutzbar-ab-0-monate-4-jahre-schwarz\/#breadcrumb","itemListElement":[{"@type":"ListItem","position":1,"name":"Startseite","item":"https:\/\/marktxxl.de\/markt\/"},{"@type":"ListItem","position":2,"name":"Markt","item":"https:\/\/marktxxl.de\/markt\/"},{"@type":"ListItem","position":3,"name":"Maxi-Cosi FamilyFix Isofix-Basisstation, Gruppe 0+\/1 (0-18 kg), geeignet f\u00fcr Babyschale Maxi-Cosi CabrioFix, Pebble und\u2026"}]},{"@type":"WebSite","@id":"https:\/\/marktxxl.de\/markt\/#website","url":"https:\/\/marktxxl.de\/markt\/","name":"Markt-XXL","description":"Ihr Markt Online","publisher":{"@id":"https:\/\/marktxxl.de\/markt\/#organization"},"potentialAction":[{"@type":"SearchAction","target":{"@type":"EntryPoint","urlTemplate":"https:\/\/marktxxl.de\/markt\/?s={search_term_string}"},"query-input":{"@type":"PropertyValueSpecification","valueRequired":true,"valueName":"search_term_string"}}],"inLanguage":"de"},{"@type":"Organization","@id":"https:\/\/marktxxl.de\/markt\/#organization","name":"Markt-XXL","url":"https:\/\/marktxxl.de\/markt\/","logo":{"@type":"ImageObject","inLanguage":"de","@id":"https:\/\/marktxxl.de\/markt\/#\/schema\/logo\/image\/","url":"https:\/\/marktxxl.de\/markt\/wp-content\/uploads\/sites\/3\/2020\/12\/logo.png","contentUrl":"https:\/\/marktxxl.de\/markt\/wp-content\/uploads\/sites\/3\/2020\/12\/logo.png","width":200,"height":70,"caption":"Markt-XXL"},"image":{"@id":"https:\/\/marktxxl.de\/markt\/#\/schema\/logo\/image\/"}}]}},"_links":{"self":[{"href":"https:\/\/marktxxl.de\/markt\/wp-json\/wp\/v2\/product\/108891","targetHints":{"allow":["GET"]}}],"collection":[{"href":"https:\/\/marktxxl.de\/markt\/wp-json\/wp\/v2\/product"}],"about":[{"href":"https:\/\/marktxxl.de\/markt\/wp-json\/wp\/v2\/types\/product"}],"replies":[{"embeddable":true,"href":"https:\/\/marktxxl.de\/markt\/wp-json\/wp\/v2\/comments?post=108891"}],"wp:featuredmedia":[{"embeddable":true,"href":"https:\/\/marktxxl.de\/markt\/wp-json\/wp\/v2\/media\/108892"}],"wp:attachment":[{"href":"https:\/\/marktxxl.de\/markt\/wp-json\/wp\/v2\/media?parent=108891"}],"wp:term":[{"taxonomy":"product_brand","embeddable":true,"href":"https:\/\/marktxxl.de\/markt\/wp-json\/wp\/v2\/product_brand?post=108891"},{"taxonomy":"product_cat","embeddable":true,"href":"https:\/\/marktxxl.de\/markt\/wp-json\/wp\/v2\/product_cat?post=108891"},{"taxonomy":"product_tag","embeddable":true,"href":"https:\/\/marktxxl.de\/markt\/wp-json\/wp\/v2\/product_tag?post=108891"}],"curies":[{"name":"wp","href":"https:\/\/api.w.org\/{rel}","templated":true}]}}