{"id":108733,"date":"2022-02-26T19:48:32","date_gmt":"2022-02-26T18:48:32","guid":{"rendered":"https:\/\/marktxxl.de\/markt\/produkt\/papercrush-pop-up-karte-weihnachten-teddybaer-suesse-3d-weihnachtskarte-mit-teddy-fuer-frau-freundin-oder-mama-handgemachte-popup-weihnachtsgrusskarte-fuer-frauen-und-kinder\/"},"modified":"2023-04-11T03:34:17","modified_gmt":"2023-04-11T01:34:17","slug":"papercrush-pop-up-karte-weihnachten-teddybaer-suesse-3d-weihnachtskarte-mit-teddy-fuer-frau-freundin-oder-mama-handgemachte-popup-weihnachtsgrusskarte-fuer-frauen-und-kinder","status":"publish","type":"product","link":"https:\/\/marktxxl.de\/markt\/produkt\/papercrush-pop-up-karte-weihnachten-teddybaer-suesse-3d-weihnachtskarte-mit-teddy-fuer-frau-freundin-oder-mama-handgemachte-popup-weihnachtsgrusskarte-fuer-frauen-und-kinder\/","title":{"rendered":"papercrush\u00ae Pop-Up Karte Weihnachten Teddyb\u00e4r &#8211; S\u00fc\u00dfe 3D Weihnachtskarte mit Teddy f\u00fcr Frau, Freundin oder Mama\u2026"},"content":{"rendered":"<p>FROHES FEST \u2013 Zu Weihnachten m\u00f6chtest du eine besonders s\u00fc\u00dfe Gru\u00dfkarte verschenken? Egal ob deine Partnerin oder dein Partner, deine Mama, Oma oder Kinder: Unsere niedliche 3D Weihnachtskarte sorgt bei deiner Familie f\u00fcr leuchtende Augen.<br \/>\n\u00dcBERRASCHUNGSEFFEKT \u2013 Beim \u00d6ffnen der Geschenkkarte entfaltet sich der Weihnachtsteddy mit Geschenk und es entsteht ein toller 3D Effekt. Eine besondere Geschenkidee zu Weihnachten f\u00fcr deine Schwester, beste Freundin oder Kollegin. Mit dieser Klappkarte bleibst du in Erinnerung.<br \/>\nHANDGEMACHT \u2013 Verschenke ein kleines Kunstwerk: Der Teddyb\u00e4r wurde per Laser zurechtgeschnitten und anschlie\u00dfend in feinster Handarbeit zu diesem originellen Weihnachtsbillet zusammengesetzt.<br \/>\nMIT NOTIZKARTE \u2013 Damit du gen\u00fcgend Platz f\u00fcr deine Weihnachtsgr\u00fc\u00dfe hast, ist ein praktisches Einsteckblatt in die 3D Karte integriert. Dieses l\u00e4sst sich leicht beschriften und wieder zur\u00fcck in das Weihnachtsbillet schieben.<br \/>\n1 KARTE, 1 BAUM \u2013 Nachhaltig und umweltfreundlich! Sch\u00f6nen Gru\u00df an die Umwelt: Mit jeder gekauften papercrush Pop Up Karte pflanzt du einen Mangrovenbaum auf Madagaskar.<br \/>\n<div class=\"main-cross-sell\" data-asin=\"B08LDDWY6V\">\n\n\t<div class=\"WooZone-cross-sell-loader\">\n\t\t<div>\n\t\t\t<div id=\"floatingBarsG\">\n\t\t\t\t<div class=\"blockG\" id=\"rotateG_01\"><\/div>\n\t\t\t\t<div class=\"blockG\" id=\"rotateG_02\"><\/div>\n\t\t\t\t<div class=\"blockG\" id=\"rotateG_03\"><\/div>\n\t\t\t\t<div class=\"blockG\" id=\"rotateG_04\"><\/div>\n\t\t\t\t<div class=\"blockG\" id=\"rotateG_05\"><\/div>\n\t\t\t\t<div class=\"blockG\" id=\"rotateG_06\"><\/div>\n\t\t\t\t<div class=\"blockG\" id=\"rotateG_07\"><\/div>\n\t\t\t\t<div class=\"blockG\" id=\"rotateG_08\"><\/div>\n\t\t\t<\/div>\n\t\t\t<div class=\"WooZone-cross-sell-loader-text\"><\/div>\n\t\t<\/div>\n\t<\/div>\n\n\t\t\n<\/div>\n<div style=\"clear:both;\"><\/div><\/p>\n","protected":false},"excerpt":{"rendered":"<p>FROHES FEST \u2013 Zu Weihnachten m\u00f6chtest du eine besonders s\u00fc\u00dfe Gru\u00dfkarte verschenken? Egal ob deine Partnerin oder dein Partner, deine Mama, Oma oder Kinder: Unsere niedliche 3D Weihnachtskarte sorgt bei deiner Familie f\u00fcr leuchtende Augen.<br \/>\n\u00dcBERRASCHUNGSEFFEKT \u2013 Beim \u00d6ffnen der Geschenkkarte entfaltet sich der Weihnachtsteddy mit Geschenk und es entsteht ein toller 3D Effekt. Eine besondere Geschenkidee zu Weihnachten f\u00fcr deine Schwester, beste Freundin oder Kollegin. Mit dieser Klappkarte bleibst du in Erinnerung.<br \/>\nHANDGEMACHT \u2013 Verschenke ein kleines Kunstwerk: Der Teddyb\u00e4r wurde per Laser zurechtgeschnitten und anschlie\u00dfend in feinster Handarbeit zu diesem originellen Weihnachtsbillet zusammengesetzt.<\/p>\n","protected":false},"featured_media":108734,"comment_status":"open","ping_status":"closed","template":"","meta":[],"product_brand":[],"product_cat":[504,8527],"product_tag":[],"class_list":{"0":"post-108733","1":"product","2":"type-product","3":"status-publish","4":"has-post-thumbnail","6":"product_cat-buerobedarf-schreibwaren","7":"product_cat-papierprodukte","8":"pa_brand-papercrush","9":"pa_color-rot","10":"pa_height-0-0787401574-zoll","11":"pa_length-5-118110231-zoll","12":"pa_manufacturer-papercrush","13":"pa_size-13-x-18-cm","14":"pa_width-7-086614166-zoll","16":"first","17":"instock","18":"shipping-taxable","19":"purchasable","20":"product-type-simple","21":"customify-col","22":"product-has-gallery"},"yoast_head":"<!-- This site is optimized with the Yoast SEO plugin v27.4 - https:\/\/yoast.com\/product\/yoast-seo-wordpress\/ -->\n<title>papercrush\u00ae Pop-Up Karte Weihnachten Teddyb\u00e4r - S\u00fc\u00dfe 3D Weihnachtskarte mit Teddy f\u00fcr Frau, Freundin oder Mama\u2026 - Markt-XXL<\/title>\n<meta name=\"description\" content=\"Markt-XXL papercrush\u00ae Pop-Up Karte Weihnachten Teddyb\u00e4r - S\u00fc\u00dfe 3D Weihnachtskarte mit Teddy f\u00fcr Frau, Freundin oder Mama\u2026\" \/>\n<meta name=\"robots\" content=\"index, follow, max-snippet:-1, max-image-preview:large, max-video-preview:-1\" \/>\n<link rel=\"canonical\" href=\"https:\/\/marktxxl.de\/markt\/produkt\/papercrush-pop-up-karte-weihnachten-teddybaer-suesse-3d-weihnachtskarte-mit-teddy-fuer-frau-freundin-oder-mama-handgemachte-popup-weihnachtsgrusskarte-fuer-frauen-und-kinder\/\" \/>\n<meta property=\"og:locale\" content=\"de_DE\" \/>\n<meta property=\"og:type\" content=\"article\" \/>\n<meta property=\"og:title\" content=\"papercrush\u00ae Pop-Up Karte Weihnachten Teddyb\u00e4r - S\u00fc\u00dfe 3D Weihnachtskarte mit Teddy f\u00fcr Frau, Freundin oder Mama\u2026 - Markt-XXL\" \/>\n<meta property=\"og:description\" content=\"Markt-XXL papercrush\u00ae Pop-Up Karte Weihnachten Teddyb\u00e4r - S\u00fc\u00dfe 3D Weihnachtskarte mit Teddy f\u00fcr Frau, Freundin oder Mama\u2026\" \/>\n<meta property=\"og:url\" content=\"https:\/\/marktxxl.de\/markt\/produkt\/papercrush-pop-up-karte-weihnachten-teddybaer-suesse-3d-weihnachtskarte-mit-teddy-fuer-frau-freundin-oder-mama-handgemachte-popup-weihnachtsgrusskarte-fuer-frauen-und-kinder\/\" \/>\n<meta property=\"og:site_name\" content=\"Markt-XXL\" \/>\n<meta property=\"article:modified_time\" content=\"2023-04-11T01:34:17+00:00\" \/>\n<meta property=\"og:image\" content=\"https:\/\/m.media-amazon.com\/images\/I\/4156MYJtOTL._SL500_.jpg\" \/>\n\t<meta property=\"og:image:width\" content=\"500\" \/>\n\t<meta property=\"og:image:height\" content=\"500\" \/>\n\t<meta property=\"og:image:type\" content=\"image\/jpeg\" \/>\n<meta name=\"twitter:card\" content=\"summary_large_image\" \/>\n<meta name=\"twitter:label1\" content=\"Gesch\u00e4tzte Lesezeit\" \/>\n\t<meta name=\"twitter:data1\" content=\"1\u00a0Minute\" \/>\n<script type=\"application\/ld+json\" class=\"yoast-schema-graph\">{\"@context\":\"https:\\\/\\\/schema.org\",\"@graph\":[{\"@type\":\"WebPage\",\"@id\":\"https:\\\/\\\/marktxxl.de\\\/markt\\\/produkt\\\/papercrush-pop-up-karte-weihnachten-teddybaer-suesse-3d-weihnachtskarte-mit-teddy-fuer-frau-freundin-oder-mama-handgemachte-popup-weihnachtsgrusskarte-fuer-frauen-und-kinder\\\/\",\"url\":\"https:\\\/\\\/marktxxl.de\\\/markt\\\/produkt\\\/papercrush-pop-up-karte-weihnachten-teddybaer-suesse-3d-weihnachtskarte-mit-teddy-fuer-frau-freundin-oder-mama-handgemachte-popup-weihnachtsgrusskarte-fuer-frauen-und-kinder\\\/\",\"name\":\"papercrush\u00ae Pop-Up Karte Weihnachten Teddyb\u00e4r - S\u00fc\u00dfe 3D Weihnachtskarte mit Teddy f\u00fcr Frau, Freundin oder Mama\u2026 - Markt-XXL\",\"isPartOf\":{\"@id\":\"https:\\\/\\\/marktxxl.de\\\/markt\\\/#website\"},\"primaryImageOfPage\":{\"@id\":\"https:\\\/\\\/marktxxl.de\\\/markt\\\/produkt\\\/papercrush-pop-up-karte-weihnachten-teddybaer-suesse-3d-weihnachtskarte-mit-teddy-fuer-frau-freundin-oder-mama-handgemachte-popup-weihnachtsgrusskarte-fuer-frauen-und-kinder\\\/#primaryimage\"},\"image\":{\"@id\":\"https:\\\/\\\/marktxxl.de\\\/markt\\\/produkt\\\/papercrush-pop-up-karte-weihnachten-teddybaer-suesse-3d-weihnachtskarte-mit-teddy-fuer-frau-freundin-oder-mama-handgemachte-popup-weihnachtsgrusskarte-fuer-frauen-und-kinder\\\/#primaryimage\"},\"thumbnailUrl\":\"https:\\\/\\\/m.media-amazon.com\\\/images\\\/I\\\/4156MYJtOTL._SL500_.jpg\",\"datePublished\":\"2022-02-26T18:48:32+00:00\",\"dateModified\":\"2023-04-11T01:34:17+00:00\",\"description\":\"Markt-XXL papercrush\u00ae Pop-Up Karte Weihnachten Teddyb\u00e4r - S\u00fc\u00dfe 3D Weihnachtskarte mit Teddy f\u00fcr Frau, Freundin oder Mama\u2026\",\"breadcrumb\":{\"@id\":\"https:\\\/\\\/marktxxl.de\\\/markt\\\/produkt\\\/papercrush-pop-up-karte-weihnachten-teddybaer-suesse-3d-weihnachtskarte-mit-teddy-fuer-frau-freundin-oder-mama-handgemachte-popup-weihnachtsgrusskarte-fuer-frauen-und-kinder\\\/#breadcrumb\"},\"inLanguage\":\"de\",\"potentialAction\":[{\"@type\":\"ReadAction\",\"target\":[\"https:\\\/\\\/marktxxl.de\\\/markt\\\/produkt\\\/papercrush-pop-up-karte-weihnachten-teddybaer-suesse-3d-weihnachtskarte-mit-teddy-fuer-frau-freundin-oder-mama-handgemachte-popup-weihnachtsgrusskarte-fuer-frauen-und-kinder\\\/\"]}]},{\"@type\":\"ImageObject\",\"inLanguage\":\"de\",\"@id\":\"https:\\\/\\\/marktxxl.de\\\/markt\\\/produkt\\\/papercrush-pop-up-karte-weihnachten-teddybaer-suesse-3d-weihnachtskarte-mit-teddy-fuer-frau-freundin-oder-mama-handgemachte-popup-weihnachtsgrusskarte-fuer-frauen-und-kinder\\\/#primaryimage\",\"url\":\"https:\\\/\\\/m.media-amazon.com\\\/images\\\/I\\\/4156MYJtOTL._SL500_.jpg\",\"contentUrl\":\"https:\\\/\\\/m.media-amazon.com\\\/images\\\/I\\\/4156MYJtOTL._SL500_.jpg\",\"width\":500,\"height\":500},{\"@type\":\"BreadcrumbList\",\"@id\":\"https:\\\/\\\/marktxxl.de\\\/markt\\\/produkt\\\/papercrush-pop-up-karte-weihnachten-teddybaer-suesse-3d-weihnachtskarte-mit-teddy-fuer-frau-freundin-oder-mama-handgemachte-popup-weihnachtsgrusskarte-fuer-frauen-und-kinder\\\/#breadcrumb\",\"itemListElement\":[{\"@type\":\"ListItem\",\"position\":1,\"name\":\"Startseite\",\"item\":\"https:\\\/\\\/marktxxl.de\\\/markt\\\/\"},{\"@type\":\"ListItem\",\"position\":2,\"name\":\"Markt\",\"item\":\"https:\\\/\\\/marktxxl.de\\\/markt\\\/\"},{\"@type\":\"ListItem\",\"position\":3,\"name\":\"papercrush\u00ae Pop-Up Karte Weihnachten Teddyb\u00e4r &#8211; S\u00fc\u00dfe 3D Weihnachtskarte mit Teddy f\u00fcr Frau, Freundin oder Mama\u2026\"}]},{\"@type\":\"WebSite\",\"@id\":\"https:\\\/\\\/marktxxl.de\\\/markt\\\/#website\",\"url\":\"https:\\\/\\\/marktxxl.de\\\/markt\\\/\",\"name\":\"Markt-XXL\",\"description\":\"Ihr Markt Online\",\"publisher\":{\"@id\":\"https:\\\/\\\/marktxxl.de\\\/markt\\\/#organization\"},\"potentialAction\":[{\"@type\":\"SearchAction\",\"target\":{\"@type\":\"EntryPoint\",\"urlTemplate\":\"https:\\\/\\\/marktxxl.de\\\/markt\\\/?s={search_term_string}\"},\"query-input\":{\"@type\":\"PropertyValueSpecification\",\"valueRequired\":true,\"valueName\":\"search_term_string\"}}],\"inLanguage\":\"de\"},{\"@type\":\"Organization\",\"@id\":\"https:\\\/\\\/marktxxl.de\\\/markt\\\/#organization\",\"name\":\"Markt-XXL\",\"url\":\"https:\\\/\\\/marktxxl.de\\\/markt\\\/\",\"logo\":{\"@type\":\"ImageObject\",\"inLanguage\":\"de\",\"@id\":\"https:\\\/\\\/marktxxl.de\\\/markt\\\/#\\\/schema\\\/logo\\\/image\\\/\",\"url\":\"https:\\\/\\\/marktxxl.de\\\/markt\\\/wp-content\\\/uploads\\\/sites\\\/3\\\/2020\\\/12\\\/logo.png\",\"contentUrl\":\"https:\\\/\\\/marktxxl.de\\\/markt\\\/wp-content\\\/uploads\\\/sites\\\/3\\\/2020\\\/12\\\/logo.png\",\"width\":200,\"height\":70,\"caption\":\"Markt-XXL\"},\"image\":{\"@id\":\"https:\\\/\\\/marktxxl.de\\\/markt\\\/#\\\/schema\\\/logo\\\/image\\\/\"}}]}<\/script>\n<!-- \/ Yoast SEO plugin. -->","yoast_head_json":{"title":"papercrush\u00ae Pop-Up Karte Weihnachten Teddyb\u00e4r - S\u00fc\u00dfe 3D Weihnachtskarte mit Teddy f\u00fcr Frau, Freundin oder Mama\u2026 - Markt-XXL","description":"Markt-XXL papercrush\u00ae Pop-Up Karte Weihnachten Teddyb\u00e4r - S\u00fc\u00dfe 3D Weihnachtskarte mit Teddy f\u00fcr Frau, Freundin oder Mama\u2026","robots":{"index":"index","follow":"follow","max-snippet":"max-snippet:-1","max-image-preview":"max-image-preview:large","max-video-preview":"max-video-preview:-1"},"canonical":"https:\/\/marktxxl.de\/markt\/produkt\/papercrush-pop-up-karte-weihnachten-teddybaer-suesse-3d-weihnachtskarte-mit-teddy-fuer-frau-freundin-oder-mama-handgemachte-popup-weihnachtsgrusskarte-fuer-frauen-und-kinder\/","og_locale":"de_DE","og_type":"article","og_title":"papercrush\u00ae Pop-Up Karte Weihnachten Teddyb\u00e4r - S\u00fc\u00dfe 3D Weihnachtskarte mit Teddy f\u00fcr Frau, Freundin oder Mama\u2026 - Markt-XXL","og_description":"Markt-XXL papercrush\u00ae Pop-Up Karte Weihnachten Teddyb\u00e4r - S\u00fc\u00dfe 3D Weihnachtskarte mit Teddy f\u00fcr Frau, Freundin oder Mama\u2026","og_url":"https:\/\/marktxxl.de\/markt\/produkt\/papercrush-pop-up-karte-weihnachten-teddybaer-suesse-3d-weihnachtskarte-mit-teddy-fuer-frau-freundin-oder-mama-handgemachte-popup-weihnachtsgrusskarte-fuer-frauen-und-kinder\/","og_site_name":"Markt-XXL","article_modified_time":"2023-04-11T01:34:17+00:00","og_image":[{"width":500,"height":500,"url":"https:\/\/m.media-amazon.com\/images\/I\/4156MYJtOTL._SL500_.jpg","type":"image\/jpeg"}],"twitter_card":"summary_large_image","twitter_misc":{"Gesch\u00e4tzte Lesezeit":"1\u00a0Minute"},"schema":{"@context":"https:\/\/schema.org","@graph":[{"@type":"WebPage","@id":"https:\/\/marktxxl.de\/markt\/produkt\/papercrush-pop-up-karte-weihnachten-teddybaer-suesse-3d-weihnachtskarte-mit-teddy-fuer-frau-freundin-oder-mama-handgemachte-popup-weihnachtsgrusskarte-fuer-frauen-und-kinder\/","url":"https:\/\/marktxxl.de\/markt\/produkt\/papercrush-pop-up-karte-weihnachten-teddybaer-suesse-3d-weihnachtskarte-mit-teddy-fuer-frau-freundin-oder-mama-handgemachte-popup-weihnachtsgrusskarte-fuer-frauen-und-kinder\/","name":"papercrush\u00ae Pop-Up Karte Weihnachten Teddyb\u00e4r - S\u00fc\u00dfe 3D Weihnachtskarte mit Teddy f\u00fcr Frau, Freundin oder Mama\u2026 - Markt-XXL","isPartOf":{"@id":"https:\/\/marktxxl.de\/markt\/#website"},"primaryImageOfPage":{"@id":"https:\/\/marktxxl.de\/markt\/produkt\/papercrush-pop-up-karte-weihnachten-teddybaer-suesse-3d-weihnachtskarte-mit-teddy-fuer-frau-freundin-oder-mama-handgemachte-popup-weihnachtsgrusskarte-fuer-frauen-und-kinder\/#primaryimage"},"image":{"@id":"https:\/\/marktxxl.de\/markt\/produkt\/papercrush-pop-up-karte-weihnachten-teddybaer-suesse-3d-weihnachtskarte-mit-teddy-fuer-frau-freundin-oder-mama-handgemachte-popup-weihnachtsgrusskarte-fuer-frauen-und-kinder\/#primaryimage"},"thumbnailUrl":"https:\/\/m.media-amazon.com\/images\/I\/4156MYJtOTL._SL500_.jpg","datePublished":"2022-02-26T18:48:32+00:00","dateModified":"2023-04-11T01:34:17+00:00","description":"Markt-XXL papercrush\u00ae Pop-Up Karte Weihnachten Teddyb\u00e4r - S\u00fc\u00dfe 3D Weihnachtskarte mit Teddy f\u00fcr Frau, Freundin oder Mama\u2026","breadcrumb":{"@id":"https:\/\/marktxxl.de\/markt\/produkt\/papercrush-pop-up-karte-weihnachten-teddybaer-suesse-3d-weihnachtskarte-mit-teddy-fuer-frau-freundin-oder-mama-handgemachte-popup-weihnachtsgrusskarte-fuer-frauen-und-kinder\/#breadcrumb"},"inLanguage":"de","potentialAction":[{"@type":"ReadAction","target":["https:\/\/marktxxl.de\/markt\/produkt\/papercrush-pop-up-karte-weihnachten-teddybaer-suesse-3d-weihnachtskarte-mit-teddy-fuer-frau-freundin-oder-mama-handgemachte-popup-weihnachtsgrusskarte-fuer-frauen-und-kinder\/"]}]},{"@type":"ImageObject","inLanguage":"de","@id":"https:\/\/marktxxl.de\/markt\/produkt\/papercrush-pop-up-karte-weihnachten-teddybaer-suesse-3d-weihnachtskarte-mit-teddy-fuer-frau-freundin-oder-mama-handgemachte-popup-weihnachtsgrusskarte-fuer-frauen-und-kinder\/#primaryimage","url":"https:\/\/m.media-amazon.com\/images\/I\/4156MYJtOTL._SL500_.jpg","contentUrl":"https:\/\/m.media-amazon.com\/images\/I\/4156MYJtOTL._SL500_.jpg","width":500,"height":500},{"@type":"BreadcrumbList","@id":"https:\/\/marktxxl.de\/markt\/produkt\/papercrush-pop-up-karte-weihnachten-teddybaer-suesse-3d-weihnachtskarte-mit-teddy-fuer-frau-freundin-oder-mama-handgemachte-popup-weihnachtsgrusskarte-fuer-frauen-und-kinder\/#breadcrumb","itemListElement":[{"@type":"ListItem","position":1,"name":"Startseite","item":"https:\/\/marktxxl.de\/markt\/"},{"@type":"ListItem","position":2,"name":"Markt","item":"https:\/\/marktxxl.de\/markt\/"},{"@type":"ListItem","position":3,"name":"papercrush\u00ae Pop-Up Karte Weihnachten Teddyb\u00e4r &#8211; S\u00fc\u00dfe 3D Weihnachtskarte mit Teddy f\u00fcr Frau, Freundin oder Mama\u2026"}]},{"@type":"WebSite","@id":"https:\/\/marktxxl.de\/markt\/#website","url":"https:\/\/marktxxl.de\/markt\/","name":"Markt-XXL","description":"Ihr Markt Online","publisher":{"@id":"https:\/\/marktxxl.de\/markt\/#organization"},"potentialAction":[{"@type":"SearchAction","target":{"@type":"EntryPoint","urlTemplate":"https:\/\/marktxxl.de\/markt\/?s={search_term_string}"},"query-input":{"@type":"PropertyValueSpecification","valueRequired":true,"valueName":"search_term_string"}}],"inLanguage":"de"},{"@type":"Organization","@id":"https:\/\/marktxxl.de\/markt\/#organization","name":"Markt-XXL","url":"https:\/\/marktxxl.de\/markt\/","logo":{"@type":"ImageObject","inLanguage":"de","@id":"https:\/\/marktxxl.de\/markt\/#\/schema\/logo\/image\/","url":"https:\/\/marktxxl.de\/markt\/wp-content\/uploads\/sites\/3\/2020\/12\/logo.png","contentUrl":"https:\/\/marktxxl.de\/markt\/wp-content\/uploads\/sites\/3\/2020\/12\/logo.png","width":200,"height":70,"caption":"Markt-XXL"},"image":{"@id":"https:\/\/marktxxl.de\/markt\/#\/schema\/logo\/image\/"}}]}},"_links":{"self":[{"href":"https:\/\/marktxxl.de\/markt\/wp-json\/wp\/v2\/product\/108733","targetHints":{"allow":["GET"]}}],"collection":[{"href":"https:\/\/marktxxl.de\/markt\/wp-json\/wp\/v2\/product"}],"about":[{"href":"https:\/\/marktxxl.de\/markt\/wp-json\/wp\/v2\/types\/product"}],"replies":[{"embeddable":true,"href":"https:\/\/marktxxl.de\/markt\/wp-json\/wp\/v2\/comments?post=108733"}],"wp:featuredmedia":[{"embeddable":true,"href":"https:\/\/marktxxl.de\/markt\/wp-json\/wp\/v2\/media\/108734"}],"wp:attachment":[{"href":"https:\/\/marktxxl.de\/markt\/wp-json\/wp\/v2\/media?parent=108733"}],"wp:term":[{"taxonomy":"product_brand","embeddable":true,"href":"https:\/\/marktxxl.de\/markt\/wp-json\/wp\/v2\/product_brand?post=108733"},{"taxonomy":"product_cat","embeddable":true,"href":"https:\/\/marktxxl.de\/markt\/wp-json\/wp\/v2\/product_cat?post=108733"},{"taxonomy":"product_tag","embeddable":true,"href":"https:\/\/marktxxl.de\/markt\/wp-json\/wp\/v2\/product_tag?post=108733"}],"curies":[{"name":"wp","href":"https:\/\/api.w.org\/{rel}","templated":true}]}}