{"id":108707,"date":"2022-02-26T19:46:16","date_gmt":"2022-02-26T18:46:16","guid":{"rendered":"https:\/\/marktxxl.de\/markt\/produkt\/aveeno-baby-taegliche-pflegetuecher-reinigen-sanft-und-effizient-babytuecher-baby-essentials-packung-mit-12-stueck-insgesamt-864-tuecher-verpackung-kann-vari\/"},"modified":"2023-04-11T03:34:16","modified_gmt":"2023-04-11T01:34:16","slug":"aveeno-baby-taegliche-pflegetuecher-reinigen-sanft-und-effizient-babytuecher-baby-essentials-packung-mit-12-stueck-insgesamt-864-tuecher-verpackung-kann-vari","status":"publish","type":"product","link":"https:\/\/marktxxl.de\/markt\/produkt\/aveeno-baby-taegliche-pflegetuecher-reinigen-sanft-und-effizient-babytuecher-baby-essentials-packung-mit-12-stueck-insgesamt-864-tuecher-verpackung-kann-vari\/","title":{"rendered":"AVEENO Baby T\u00e4gliche Pfleget\u00fccher \u2013 reinigen sanft und effizient \u2013 Babyt\u00fccher \u2013 Baby Essentials \u2013 Packung mit 12 St\u00fcck\u2026"},"content":{"rendered":"<p>Formuliert mit Extrakten aus Hafer- und Aloe-Extrakten \u2013 Aveeno Baby Daily Care Babyt\u00fccher, angereichert mit Hafer- und Aloe-Extrakten, reinigen sanft empfindliche Babyhaut und sind formuliert, um R\u00f6tungen vorzubeugen.<br \/>\nHinterl\u00e4sst trockene Babyhaut hydratisiert und gesch\u00fctzt \u2013 die AVEENO Baby Daily Care T\u00fccher pflegen und beruhigen die Haut des Babys, lassen trockene und empfindliche Haut hydratisiert und gesch\u00fctzt. Sie sind f\u00fcr Neugeborene Haut geeignet.<br \/>\nReinigt sanft und effizient \u2013 AVEENO Babyt\u00fccher reinigen sanft und befeuchten die Haut des Babys, ohne unerw\u00fcnschte R\u00fcckst\u00e4nde zu hinterlassen.<br \/>\nDuftfrei \u2013 AVEENO Baby Daily Care Babyt\u00fccher sind parf\u00fcmfrei und frei von Parabenen, Farbstoffen, Seife und Alkohol.<br \/>\nGeeignet f\u00fcr empfindliche Haut \u2013 AVEENO Baby Daily Care T\u00fccher sind sanft genug f\u00fcr den t\u00e4glichen Gebrauch, auch bei empfindlicher Haut. Von Kinder\u00e4rzten getestet.<br \/>\n<div class=\"main-cross-sell\" data-asin=\"B076ZQ9XN4\">\n\n\t<div class=\"WooZone-cross-sell-loader\">\n\t\t<div>\n\t\t\t<div id=\"floatingBarsG\">\n\t\t\t\t<div class=\"blockG\" id=\"rotateG_01\"><\/div>\n\t\t\t\t<div class=\"blockG\" id=\"rotateG_02\"><\/div>\n\t\t\t\t<div class=\"blockG\" id=\"rotateG_03\"><\/div>\n\t\t\t\t<div class=\"blockG\" id=\"rotateG_04\"><\/div>\n\t\t\t\t<div class=\"blockG\" id=\"rotateG_05\"><\/div>\n\t\t\t\t<div class=\"blockG\" id=\"rotateG_06\"><\/div>\n\t\t\t\t<div class=\"blockG\" id=\"rotateG_07\"><\/div>\n\t\t\t\t<div class=\"blockG\" id=\"rotateG_08\"><\/div>\n\t\t\t<\/div>\n\t\t\t<div class=\"WooZone-cross-sell-loader-text\"><\/div>\n\t\t<\/div>\n\t<\/div>\n\n\t\t\n<\/div>\n<div style=\"clear:both;\"><\/div><\/p>\n","protected":false},"excerpt":{"rendered":"<p>Formuliert mit Extrakten aus Hafer- und Aloe-Extrakten \u2013 Aveeno Baby Daily Care Babyt\u00fccher, angereichert mit Hafer- und Aloe-Extrakten, reinigen sanft empfindliche Babyhaut und sind formuliert, um R\u00f6tungen vorzubeugen.<br \/>\nHinterl\u00e4sst trockene Babyhaut hydratisiert und gesch\u00fctzt \u2013 die AVEENO Baby Daily Care T\u00fccher pflegen und beruhigen die Haut des Babys, lassen trockene und empfindliche Haut hydratisiert und gesch\u00fctzt. Sie sind f\u00fcr Neugeborene Haut geeignet.<br \/>\nReinigt sanft und effizient \u2013 AVEENO Babyt\u00fccher reinigen sanft und befeuchten die Haut des Babys, ohne unerw\u00fcnschte R\u00fcckst\u00e4nde zu hinterlassen.<\/p>\n","protected":false},"featured_media":108708,"comment_status":"open","ping_status":"closed","template":"","meta":[],"product_brand":[],"product_cat":[21,9437],"product_tag":[],"class_list":{"0":"post-108707","1":"product","2":"type-product","3":"status-publish","4":"has-post-thumbnail","6":"product_cat-baby","7":"product_cat-toepfchen-trittschemel-baby","8":"pa_binding-badartikel","9":"pa_brand-aveeno","10":"pa_height-7-480314953-zoll","11":"pa_length-12-992125971-zoll","12":"pa_manufacturer-johnson-johnson","13":"pa_model-32652","14":"pa_size-pack-of-12","15":"pa_weight-13-pfund","16":"pa_width-8-267716527-zoll","18":"first","19":"instock","20":"shipping-taxable","21":"purchasable","22":"product-type-simple","23":"customify-col","24":"product-has-gallery"},"yoast_head":"<!-- This site is optimized with the Yoast SEO plugin v27.3 - https:\/\/yoast.com\/product\/yoast-seo-wordpress\/ -->\n<title>AVEENO Baby T\u00e4gliche Pfleget\u00fccher \u2013 reinigen sanft und effizient \u2013 Babyt\u00fccher \u2013 Baby Essentials \u2013 Packung mit 12 St\u00fcck\u2026 - Markt-XXL<\/title>\n<meta name=\"description\" content=\"Markt-XXL AVEENO Baby T\u00e4gliche Pfleget\u00fccher \u2013 reinigen sanft und effizient \u2013 Babyt\u00fccher \u2013 Baby Essentials \u2013 Packung mit 12 St\u00fcck\u2026\" \/>\n<meta name=\"robots\" content=\"index, follow, max-snippet:-1, max-image-preview:large, max-video-preview:-1\" \/>\n<link rel=\"canonical\" href=\"https:\/\/marktxxl.de\/markt\/produkt\/aveeno-baby-taegliche-pflegetuecher-reinigen-sanft-und-effizient-babytuecher-baby-essentials-packung-mit-12-stueck-insgesamt-864-tuecher-verpackung-kann-vari\/\" \/>\n<meta property=\"og:locale\" content=\"de_DE\" \/>\n<meta property=\"og:type\" content=\"article\" \/>\n<meta property=\"og:title\" content=\"AVEENO Baby T\u00e4gliche Pfleget\u00fccher \u2013 reinigen sanft und effizient \u2013 Babyt\u00fccher \u2013 Baby Essentials \u2013 Packung mit 12 St\u00fcck\u2026 - Markt-XXL\" \/>\n<meta property=\"og:description\" content=\"Markt-XXL AVEENO Baby T\u00e4gliche Pfleget\u00fccher \u2013 reinigen sanft und effizient \u2013 Babyt\u00fccher \u2013 Baby Essentials \u2013 Packung mit 12 St\u00fcck\u2026\" \/>\n<meta property=\"og:url\" content=\"https:\/\/marktxxl.de\/markt\/produkt\/aveeno-baby-taegliche-pflegetuecher-reinigen-sanft-und-effizient-babytuecher-baby-essentials-packung-mit-12-stueck-insgesamt-864-tuecher-verpackung-kann-vari\/\" \/>\n<meta property=\"og:site_name\" content=\"Markt-XXL\" \/>\n<meta property=\"article:modified_time\" content=\"2023-04-11T01:34:16+00:00\" \/>\n<meta property=\"og:image\" content=\"https:\/\/m.media-amazon.com\/images\/I\/41SQLB2yubS._SL500_.jpg\" \/>\n\t<meta property=\"og:image:width\" content=\"500\" \/>\n\t<meta property=\"og:image:height\" content=\"500\" \/>\n\t<meta property=\"og:image:type\" content=\"image\/jpeg\" \/>\n<meta name=\"twitter:card\" content=\"summary_large_image\" \/>\n<meta name=\"twitter:label1\" content=\"Gesch\u00e4tzte Lesezeit\" \/>\n\t<meta name=\"twitter:data1\" content=\"1\u00a0Minute\" \/>\n<script type=\"application\/ld+json\" class=\"yoast-schema-graph\">{\"@context\":\"https:\\\/\\\/schema.org\",\"@graph\":[{\"@type\":\"WebPage\",\"@id\":\"https:\\\/\\\/marktxxl.de\\\/markt\\\/produkt\\\/aveeno-baby-taegliche-pflegetuecher-reinigen-sanft-und-effizient-babytuecher-baby-essentials-packung-mit-12-stueck-insgesamt-864-tuecher-verpackung-kann-vari\\\/\",\"url\":\"https:\\\/\\\/marktxxl.de\\\/markt\\\/produkt\\\/aveeno-baby-taegliche-pflegetuecher-reinigen-sanft-und-effizient-babytuecher-baby-essentials-packung-mit-12-stueck-insgesamt-864-tuecher-verpackung-kann-vari\\\/\",\"name\":\"AVEENO Baby T\u00e4gliche Pfleget\u00fccher \u2013 reinigen sanft und effizient \u2013 Babyt\u00fccher \u2013 Baby Essentials \u2013 Packung mit 12 St\u00fcck\u2026 - Markt-XXL\",\"isPartOf\":{\"@id\":\"https:\\\/\\\/marktxxl.de\\\/markt\\\/#website\"},\"primaryImageOfPage\":{\"@id\":\"https:\\\/\\\/marktxxl.de\\\/markt\\\/produkt\\\/aveeno-baby-taegliche-pflegetuecher-reinigen-sanft-und-effizient-babytuecher-baby-essentials-packung-mit-12-stueck-insgesamt-864-tuecher-verpackung-kann-vari\\\/#primaryimage\"},\"image\":{\"@id\":\"https:\\\/\\\/marktxxl.de\\\/markt\\\/produkt\\\/aveeno-baby-taegliche-pflegetuecher-reinigen-sanft-und-effizient-babytuecher-baby-essentials-packung-mit-12-stueck-insgesamt-864-tuecher-verpackung-kann-vari\\\/#primaryimage\"},\"thumbnailUrl\":\"https:\\\/\\\/m.media-amazon.com\\\/images\\\/I\\\/41SQLB2yubS._SL500_.jpg\",\"datePublished\":\"2022-02-26T18:46:16+00:00\",\"dateModified\":\"2023-04-11T01:34:16+00:00\",\"description\":\"Markt-XXL AVEENO Baby T\u00e4gliche Pfleget\u00fccher \u2013 reinigen sanft und effizient \u2013 Babyt\u00fccher \u2013 Baby Essentials \u2013 Packung mit 12 St\u00fcck\u2026\",\"breadcrumb\":{\"@id\":\"https:\\\/\\\/marktxxl.de\\\/markt\\\/produkt\\\/aveeno-baby-taegliche-pflegetuecher-reinigen-sanft-und-effizient-babytuecher-baby-essentials-packung-mit-12-stueck-insgesamt-864-tuecher-verpackung-kann-vari\\\/#breadcrumb\"},\"inLanguage\":\"de\",\"potentialAction\":[{\"@type\":\"ReadAction\",\"target\":[\"https:\\\/\\\/marktxxl.de\\\/markt\\\/produkt\\\/aveeno-baby-taegliche-pflegetuecher-reinigen-sanft-und-effizient-babytuecher-baby-essentials-packung-mit-12-stueck-insgesamt-864-tuecher-verpackung-kann-vari\\\/\"]}]},{\"@type\":\"ImageObject\",\"inLanguage\":\"de\",\"@id\":\"https:\\\/\\\/marktxxl.de\\\/markt\\\/produkt\\\/aveeno-baby-taegliche-pflegetuecher-reinigen-sanft-und-effizient-babytuecher-baby-essentials-packung-mit-12-stueck-insgesamt-864-tuecher-verpackung-kann-vari\\\/#primaryimage\",\"url\":\"https:\\\/\\\/m.media-amazon.com\\\/images\\\/I\\\/41SQLB2yubS._SL500_.jpg\",\"contentUrl\":\"https:\\\/\\\/m.media-amazon.com\\\/images\\\/I\\\/41SQLB2yubS._SL500_.jpg\",\"width\":500,\"height\":500},{\"@type\":\"BreadcrumbList\",\"@id\":\"https:\\\/\\\/marktxxl.de\\\/markt\\\/produkt\\\/aveeno-baby-taegliche-pflegetuecher-reinigen-sanft-und-effizient-babytuecher-baby-essentials-packung-mit-12-stueck-insgesamt-864-tuecher-verpackung-kann-vari\\\/#breadcrumb\",\"itemListElement\":[{\"@type\":\"ListItem\",\"position\":1,\"name\":\"Startseite\",\"item\":\"https:\\\/\\\/marktxxl.de\\\/markt\\\/\"},{\"@type\":\"ListItem\",\"position\":2,\"name\":\"Markt\",\"item\":\"https:\\\/\\\/marktxxl.de\\\/markt\\\/\"},{\"@type\":\"ListItem\",\"position\":3,\"name\":\"AVEENO Baby T\u00e4gliche Pfleget\u00fccher \u2013 reinigen sanft und effizient \u2013 Babyt\u00fccher \u2013 Baby Essentials \u2013 Packung mit 12 St\u00fcck\u2026\"}]},{\"@type\":\"WebSite\",\"@id\":\"https:\\\/\\\/marktxxl.de\\\/markt\\\/#website\",\"url\":\"https:\\\/\\\/marktxxl.de\\\/markt\\\/\",\"name\":\"Markt-XXL\",\"description\":\"Ihr Markt Online\",\"publisher\":{\"@id\":\"https:\\\/\\\/marktxxl.de\\\/markt\\\/#organization\"},\"potentialAction\":[{\"@type\":\"SearchAction\",\"target\":{\"@type\":\"EntryPoint\",\"urlTemplate\":\"https:\\\/\\\/marktxxl.de\\\/markt\\\/?s={search_term_string}\"},\"query-input\":{\"@type\":\"PropertyValueSpecification\",\"valueRequired\":true,\"valueName\":\"search_term_string\"}}],\"inLanguage\":\"de\"},{\"@type\":\"Organization\",\"@id\":\"https:\\\/\\\/marktxxl.de\\\/markt\\\/#organization\",\"name\":\"Markt-XXL\",\"url\":\"https:\\\/\\\/marktxxl.de\\\/markt\\\/\",\"logo\":{\"@type\":\"ImageObject\",\"inLanguage\":\"de\",\"@id\":\"https:\\\/\\\/marktxxl.de\\\/markt\\\/#\\\/schema\\\/logo\\\/image\\\/\",\"url\":\"https:\\\/\\\/marktxxl.de\\\/markt\\\/wp-content\\\/uploads\\\/sites\\\/3\\\/2020\\\/12\\\/logo.png\",\"contentUrl\":\"https:\\\/\\\/marktxxl.de\\\/markt\\\/wp-content\\\/uploads\\\/sites\\\/3\\\/2020\\\/12\\\/logo.png\",\"width\":200,\"height\":70,\"caption\":\"Markt-XXL\"},\"image\":{\"@id\":\"https:\\\/\\\/marktxxl.de\\\/markt\\\/#\\\/schema\\\/logo\\\/image\\\/\"}}]}<\/script>\n<!-- \/ Yoast SEO plugin. -->","yoast_head_json":{"title":"AVEENO Baby T\u00e4gliche Pfleget\u00fccher \u2013 reinigen sanft und effizient \u2013 Babyt\u00fccher \u2013 Baby Essentials \u2013 Packung mit 12 St\u00fcck\u2026 - Markt-XXL","description":"Markt-XXL AVEENO Baby T\u00e4gliche Pfleget\u00fccher \u2013 reinigen sanft und effizient \u2013 Babyt\u00fccher \u2013 Baby Essentials \u2013 Packung mit 12 St\u00fcck\u2026","robots":{"index":"index","follow":"follow","max-snippet":"max-snippet:-1","max-image-preview":"max-image-preview:large","max-video-preview":"max-video-preview:-1"},"canonical":"https:\/\/marktxxl.de\/markt\/produkt\/aveeno-baby-taegliche-pflegetuecher-reinigen-sanft-und-effizient-babytuecher-baby-essentials-packung-mit-12-stueck-insgesamt-864-tuecher-verpackung-kann-vari\/","og_locale":"de_DE","og_type":"article","og_title":"AVEENO Baby T\u00e4gliche Pfleget\u00fccher \u2013 reinigen sanft und effizient \u2013 Babyt\u00fccher \u2013 Baby Essentials \u2013 Packung mit 12 St\u00fcck\u2026 - Markt-XXL","og_description":"Markt-XXL AVEENO Baby T\u00e4gliche Pfleget\u00fccher \u2013 reinigen sanft und effizient \u2013 Babyt\u00fccher \u2013 Baby Essentials \u2013 Packung mit 12 St\u00fcck\u2026","og_url":"https:\/\/marktxxl.de\/markt\/produkt\/aveeno-baby-taegliche-pflegetuecher-reinigen-sanft-und-effizient-babytuecher-baby-essentials-packung-mit-12-stueck-insgesamt-864-tuecher-verpackung-kann-vari\/","og_site_name":"Markt-XXL","article_modified_time":"2023-04-11T01:34:16+00:00","og_image":[{"width":500,"height":500,"url":"https:\/\/m.media-amazon.com\/images\/I\/41SQLB2yubS._SL500_.jpg","type":"image\/jpeg"}],"twitter_card":"summary_large_image","twitter_misc":{"Gesch\u00e4tzte Lesezeit":"1\u00a0Minute"},"schema":{"@context":"https:\/\/schema.org","@graph":[{"@type":"WebPage","@id":"https:\/\/marktxxl.de\/markt\/produkt\/aveeno-baby-taegliche-pflegetuecher-reinigen-sanft-und-effizient-babytuecher-baby-essentials-packung-mit-12-stueck-insgesamt-864-tuecher-verpackung-kann-vari\/","url":"https:\/\/marktxxl.de\/markt\/produkt\/aveeno-baby-taegliche-pflegetuecher-reinigen-sanft-und-effizient-babytuecher-baby-essentials-packung-mit-12-stueck-insgesamt-864-tuecher-verpackung-kann-vari\/","name":"AVEENO Baby T\u00e4gliche Pfleget\u00fccher \u2013 reinigen sanft und effizient \u2013 Babyt\u00fccher \u2013 Baby Essentials \u2013 Packung mit 12 St\u00fcck\u2026 - Markt-XXL","isPartOf":{"@id":"https:\/\/marktxxl.de\/markt\/#website"},"primaryImageOfPage":{"@id":"https:\/\/marktxxl.de\/markt\/produkt\/aveeno-baby-taegliche-pflegetuecher-reinigen-sanft-und-effizient-babytuecher-baby-essentials-packung-mit-12-stueck-insgesamt-864-tuecher-verpackung-kann-vari\/#primaryimage"},"image":{"@id":"https:\/\/marktxxl.de\/markt\/produkt\/aveeno-baby-taegliche-pflegetuecher-reinigen-sanft-und-effizient-babytuecher-baby-essentials-packung-mit-12-stueck-insgesamt-864-tuecher-verpackung-kann-vari\/#primaryimage"},"thumbnailUrl":"https:\/\/m.media-amazon.com\/images\/I\/41SQLB2yubS._SL500_.jpg","datePublished":"2022-02-26T18:46:16+00:00","dateModified":"2023-04-11T01:34:16+00:00","description":"Markt-XXL AVEENO Baby T\u00e4gliche Pfleget\u00fccher \u2013 reinigen sanft und effizient \u2013 Babyt\u00fccher \u2013 Baby Essentials \u2013 Packung mit 12 St\u00fcck\u2026","breadcrumb":{"@id":"https:\/\/marktxxl.de\/markt\/produkt\/aveeno-baby-taegliche-pflegetuecher-reinigen-sanft-und-effizient-babytuecher-baby-essentials-packung-mit-12-stueck-insgesamt-864-tuecher-verpackung-kann-vari\/#breadcrumb"},"inLanguage":"de","potentialAction":[{"@type":"ReadAction","target":["https:\/\/marktxxl.de\/markt\/produkt\/aveeno-baby-taegliche-pflegetuecher-reinigen-sanft-und-effizient-babytuecher-baby-essentials-packung-mit-12-stueck-insgesamt-864-tuecher-verpackung-kann-vari\/"]}]},{"@type":"ImageObject","inLanguage":"de","@id":"https:\/\/marktxxl.de\/markt\/produkt\/aveeno-baby-taegliche-pflegetuecher-reinigen-sanft-und-effizient-babytuecher-baby-essentials-packung-mit-12-stueck-insgesamt-864-tuecher-verpackung-kann-vari\/#primaryimage","url":"https:\/\/m.media-amazon.com\/images\/I\/41SQLB2yubS._SL500_.jpg","contentUrl":"https:\/\/m.media-amazon.com\/images\/I\/41SQLB2yubS._SL500_.jpg","width":500,"height":500},{"@type":"BreadcrumbList","@id":"https:\/\/marktxxl.de\/markt\/produkt\/aveeno-baby-taegliche-pflegetuecher-reinigen-sanft-und-effizient-babytuecher-baby-essentials-packung-mit-12-stueck-insgesamt-864-tuecher-verpackung-kann-vari\/#breadcrumb","itemListElement":[{"@type":"ListItem","position":1,"name":"Startseite","item":"https:\/\/marktxxl.de\/markt\/"},{"@type":"ListItem","position":2,"name":"Markt","item":"https:\/\/marktxxl.de\/markt\/"},{"@type":"ListItem","position":3,"name":"AVEENO Baby T\u00e4gliche Pfleget\u00fccher \u2013 reinigen sanft und effizient \u2013 Babyt\u00fccher \u2013 Baby Essentials \u2013 Packung mit 12 St\u00fcck\u2026"}]},{"@type":"WebSite","@id":"https:\/\/marktxxl.de\/markt\/#website","url":"https:\/\/marktxxl.de\/markt\/","name":"Markt-XXL","description":"Ihr Markt Online","publisher":{"@id":"https:\/\/marktxxl.de\/markt\/#organization"},"potentialAction":[{"@type":"SearchAction","target":{"@type":"EntryPoint","urlTemplate":"https:\/\/marktxxl.de\/markt\/?s={search_term_string}"},"query-input":{"@type":"PropertyValueSpecification","valueRequired":true,"valueName":"search_term_string"}}],"inLanguage":"de"},{"@type":"Organization","@id":"https:\/\/marktxxl.de\/markt\/#organization","name":"Markt-XXL","url":"https:\/\/marktxxl.de\/markt\/","logo":{"@type":"ImageObject","inLanguage":"de","@id":"https:\/\/marktxxl.de\/markt\/#\/schema\/logo\/image\/","url":"https:\/\/marktxxl.de\/markt\/wp-content\/uploads\/sites\/3\/2020\/12\/logo.png","contentUrl":"https:\/\/marktxxl.de\/markt\/wp-content\/uploads\/sites\/3\/2020\/12\/logo.png","width":200,"height":70,"caption":"Markt-XXL"},"image":{"@id":"https:\/\/marktxxl.de\/markt\/#\/schema\/logo\/image\/"}}]}},"_links":{"self":[{"href":"https:\/\/marktxxl.de\/markt\/wp-json\/wp\/v2\/product\/108707","targetHints":{"allow":["GET"]}}],"collection":[{"href":"https:\/\/marktxxl.de\/markt\/wp-json\/wp\/v2\/product"}],"about":[{"href":"https:\/\/marktxxl.de\/markt\/wp-json\/wp\/v2\/types\/product"}],"replies":[{"embeddable":true,"href":"https:\/\/marktxxl.de\/markt\/wp-json\/wp\/v2\/comments?post=108707"}],"wp:featuredmedia":[{"embeddable":true,"href":"https:\/\/marktxxl.de\/markt\/wp-json\/wp\/v2\/media\/108708"}],"wp:attachment":[{"href":"https:\/\/marktxxl.de\/markt\/wp-json\/wp\/v2\/media?parent=108707"}],"wp:term":[{"taxonomy":"product_brand","embeddable":true,"href":"https:\/\/marktxxl.de\/markt\/wp-json\/wp\/v2\/product_brand?post=108707"},{"taxonomy":"product_cat","embeddable":true,"href":"https:\/\/marktxxl.de\/markt\/wp-json\/wp\/v2\/product_cat?post=108707"},{"taxonomy":"product_tag","embeddable":true,"href":"https:\/\/marktxxl.de\/markt\/wp-json\/wp\/v2\/product_tag?post=108707"}],"curies":[{"name":"wp","href":"https:\/\/api.w.org\/{rel}","templated":true}]}}