{"id":108703,"date":"2022-02-26T19:46:09","date_gmt":"2022-02-26T18:46:09","guid":{"rendered":"https:\/\/marktxxl.de\/markt\/produkt\/dc-universe-maedchen-baby-und-kleinkind-trainerhoeschen-aufs-toepfchen-gehen\/"},"modified":"2023-04-11T03:34:16","modified_gmt":"2023-04-11T01:34:16","slug":"dc-universe-maedchen-baby-und-kleinkind-trainerhoeschen-aufs-toepfchen-gehen","status":"publish","type":"product","link":"https:\/\/marktxxl.de\/markt\/produkt\/dc-universe-maedchen-baby-und-kleinkind-trainerhoeschen-aufs-toepfchen-gehen\/","title":{"rendered":"DC Universe M\u00e4dchen Baby und Kleinkind, Trainerh\u00f6schen, aufs T\u00f6pfchen gehen"},"content":{"rendered":"<p>Ihr kleiner Liebling wird es lieben, ein Held zu sein, w\u00e4hrend Sie mit diesen hochwertigen Justice League M\u00e4dchen T\u00f6pfchentrainingshosen im T\u00f6pfchentraining trainiert werden. Erh\u00e4ltlich in den Gr\u00f6\u00dfen 2T, 3T, 4T, 100 % gek\u00e4mmte Baumwolle.<br \/>\nWeiche, gek\u00e4mmte Au\u00dfenschale aus Baumwolle mit Polyester-Futter, um Ihr Kind auf gro\u00dfe Kinderunterw\u00e4sche vorzubereiten.<br \/>\n100 % gek\u00e4mmte Baumwolle<br \/>\nWonder Woman, Super Girl und die Justice League Bande<br \/>\nEnth\u00e4lt keine feuchtigkeitsabsorbierenden Materialien f\u00fcr volle Unf\u00e4lle, die Ihrem Kind beibringen, kleine Lecks anzuerkennen und zu reagieren.<br \/>\n<div class=\"main-cross-sell\" data-asin=\"B083M5NZF7\">\n\n\t<div class=\"WooZone-cross-sell-loader\">\n\t\t<div>\n\t\t\t<div id=\"floatingBarsG\">\n\t\t\t\t<div class=\"blockG\" id=\"rotateG_01\"><\/div>\n\t\t\t\t<div class=\"blockG\" id=\"rotateG_02\"><\/div>\n\t\t\t\t<div class=\"blockG\" id=\"rotateG_03\"><\/div>\n\t\t\t\t<div class=\"blockG\" id=\"rotateG_04\"><\/div>\n\t\t\t\t<div class=\"blockG\" id=\"rotateG_05\"><\/div>\n\t\t\t\t<div class=\"blockG\" id=\"rotateG_06\"><\/div>\n\t\t\t\t<div class=\"blockG\" id=\"rotateG_07\"><\/div>\n\t\t\t\t<div class=\"blockG\" id=\"rotateG_08\"><\/div>\n\t\t\t<\/div>\n\t\t\t<div class=\"WooZone-cross-sell-loader-text\"><\/div>\n\t\t<\/div>\n\t<\/div>\n\n\t\t\n<\/div>\n<div style=\"clear:both;\"><\/div><\/p>\n","protected":false},"excerpt":{"rendered":"<p>Ihr kleiner Liebling wird es lieben, ein Held zu sein, w\u00e4hrend Sie mit diesen hochwertigen Justice League M\u00e4dchen T\u00f6pfchentrainingshosen im T\u00f6pfchentraining trainiert werden. Erh\u00e4ltlich in den Gr\u00f6\u00dfen 2T, 3T, 4T, 100 % gek\u00e4mmte Baumwolle.<br \/>\nWeiche, gek\u00e4mmte Au\u00dfenschale aus Baumwolle mit Polyester-Futter, um Ihr Kind auf gro\u00dfe Kinderunterw\u00e4sche vorzubereiten.<br \/>\n100 % gek\u00e4mmte Baumwolle<\/p>\n","protected":false},"featured_media":108704,"comment_status":"open","ping_status":"closed","template":"","meta":[],"product_brand":[],"product_cat":[21,9437],"product_tag":[],"class_list":{"0":"post-108703","1":"product","2":"type-product","3":"status-publish","4":"has-post-thumbnail","6":"product_cat-baby","7":"product_cat-toepfchen-trittschemel-baby","8":"pa_binding-textilien","9":"pa_brand-dc-universe","10":"pa_manufacturer-dc-comics","11":"pa_model-gtp1836","13":"first","14":"instock","15":"shipping-taxable","16":"purchasable","17":"product-type-simple","18":"customify-col","19":"product-has-gallery"},"yoast_head":"<!-- This site is optimized with the Yoast SEO plugin v27.4 - https:\/\/yoast.com\/product\/yoast-seo-wordpress\/ -->\n<title>DC Universe M\u00e4dchen Baby und Kleinkind, Trainerh\u00f6schen, aufs T\u00f6pfchen gehen - Markt-XXL<\/title>\n<meta name=\"description\" content=\"Markt-XXL DC Universe M\u00e4dchen Baby und Kleinkind, Trainerh\u00f6schen, aufs T\u00f6pfchen gehen\" \/>\n<meta name=\"robots\" content=\"index, follow, max-snippet:-1, max-image-preview:large, max-video-preview:-1\" \/>\n<link rel=\"canonical\" href=\"https:\/\/marktxxl.de\/markt\/produkt\/dc-universe-maedchen-baby-und-kleinkind-trainerhoeschen-aufs-toepfchen-gehen\/\" \/>\n<meta property=\"og:locale\" content=\"de_DE\" \/>\n<meta property=\"og:type\" content=\"article\" \/>\n<meta property=\"og:title\" content=\"DC Universe M\u00e4dchen Baby und Kleinkind, Trainerh\u00f6schen, aufs T\u00f6pfchen gehen - Markt-XXL\" \/>\n<meta property=\"og:description\" content=\"Markt-XXL DC Universe M\u00e4dchen Baby und Kleinkind, Trainerh\u00f6schen, aufs T\u00f6pfchen gehen\" \/>\n<meta property=\"og:url\" content=\"https:\/\/marktxxl.de\/markt\/produkt\/dc-universe-maedchen-baby-und-kleinkind-trainerhoeschen-aufs-toepfchen-gehen\/\" \/>\n<meta property=\"og:site_name\" content=\"Markt-XXL\" \/>\n<meta property=\"article:modified_time\" content=\"2023-04-11T01:34:16+00:00\" \/>\n<meta property=\"og:image\" content=\"https:\/\/m.media-amazon.com\/images\/I\/51mi8i9wycL._SL500_.jpg\" \/>\n\t<meta property=\"og:image:width\" content=\"500\" \/>\n\t<meta property=\"og:image:height\" content=\"377\" \/>\n\t<meta property=\"og:image:type\" content=\"image\/jpeg\" \/>\n<meta name=\"twitter:card\" content=\"summary_large_image\" \/>\n<script type=\"application\/ld+json\" class=\"yoast-schema-graph\">{\"@context\":\"https:\\\/\\\/schema.org\",\"@graph\":[{\"@type\":\"WebPage\",\"@id\":\"https:\\\/\\\/marktxxl.de\\\/markt\\\/produkt\\\/dc-universe-maedchen-baby-und-kleinkind-trainerhoeschen-aufs-toepfchen-gehen\\\/\",\"url\":\"https:\\\/\\\/marktxxl.de\\\/markt\\\/produkt\\\/dc-universe-maedchen-baby-und-kleinkind-trainerhoeschen-aufs-toepfchen-gehen\\\/\",\"name\":\"DC Universe M\u00e4dchen Baby und Kleinkind, Trainerh\u00f6schen, aufs T\u00f6pfchen gehen - Markt-XXL\",\"isPartOf\":{\"@id\":\"https:\\\/\\\/marktxxl.de\\\/markt\\\/#website\"},\"primaryImageOfPage\":{\"@id\":\"https:\\\/\\\/marktxxl.de\\\/markt\\\/produkt\\\/dc-universe-maedchen-baby-und-kleinkind-trainerhoeschen-aufs-toepfchen-gehen\\\/#primaryimage\"},\"image\":{\"@id\":\"https:\\\/\\\/marktxxl.de\\\/markt\\\/produkt\\\/dc-universe-maedchen-baby-und-kleinkind-trainerhoeschen-aufs-toepfchen-gehen\\\/#primaryimage\"},\"thumbnailUrl\":\"https:\\\/\\\/m.media-amazon.com\\\/images\\\/I\\\/51mi8i9wycL._SL500_.jpg\",\"datePublished\":\"2022-02-26T18:46:09+00:00\",\"dateModified\":\"2023-04-11T01:34:16+00:00\",\"description\":\"Markt-XXL DC Universe M\u00e4dchen Baby und Kleinkind, Trainerh\u00f6schen, aufs T\u00f6pfchen gehen\",\"breadcrumb\":{\"@id\":\"https:\\\/\\\/marktxxl.de\\\/markt\\\/produkt\\\/dc-universe-maedchen-baby-und-kleinkind-trainerhoeschen-aufs-toepfchen-gehen\\\/#breadcrumb\"},\"inLanguage\":\"de\",\"potentialAction\":[{\"@type\":\"ReadAction\",\"target\":[\"https:\\\/\\\/marktxxl.de\\\/markt\\\/produkt\\\/dc-universe-maedchen-baby-und-kleinkind-trainerhoeschen-aufs-toepfchen-gehen\\\/\"]}]},{\"@type\":\"ImageObject\",\"inLanguage\":\"de\",\"@id\":\"https:\\\/\\\/marktxxl.de\\\/markt\\\/produkt\\\/dc-universe-maedchen-baby-und-kleinkind-trainerhoeschen-aufs-toepfchen-gehen\\\/#primaryimage\",\"url\":\"https:\\\/\\\/m.media-amazon.com\\\/images\\\/I\\\/51mi8i9wycL._SL500_.jpg\",\"contentUrl\":\"https:\\\/\\\/m.media-amazon.com\\\/images\\\/I\\\/51mi8i9wycL._SL500_.jpg\",\"width\":500,\"height\":377},{\"@type\":\"BreadcrumbList\",\"@id\":\"https:\\\/\\\/marktxxl.de\\\/markt\\\/produkt\\\/dc-universe-maedchen-baby-und-kleinkind-trainerhoeschen-aufs-toepfchen-gehen\\\/#breadcrumb\",\"itemListElement\":[{\"@type\":\"ListItem\",\"position\":1,\"name\":\"Startseite\",\"item\":\"https:\\\/\\\/marktxxl.de\\\/markt\\\/\"},{\"@type\":\"ListItem\",\"position\":2,\"name\":\"Markt\",\"item\":\"https:\\\/\\\/marktxxl.de\\\/markt\\\/\"},{\"@type\":\"ListItem\",\"position\":3,\"name\":\"DC Universe M\u00e4dchen Baby und Kleinkind, Trainerh\u00f6schen, aufs T\u00f6pfchen gehen\"}]},{\"@type\":\"WebSite\",\"@id\":\"https:\\\/\\\/marktxxl.de\\\/markt\\\/#website\",\"url\":\"https:\\\/\\\/marktxxl.de\\\/markt\\\/\",\"name\":\"Markt-XXL\",\"description\":\"Ihr Markt Online\",\"publisher\":{\"@id\":\"https:\\\/\\\/marktxxl.de\\\/markt\\\/#organization\"},\"potentialAction\":[{\"@type\":\"SearchAction\",\"target\":{\"@type\":\"EntryPoint\",\"urlTemplate\":\"https:\\\/\\\/marktxxl.de\\\/markt\\\/?s={search_term_string}\"},\"query-input\":{\"@type\":\"PropertyValueSpecification\",\"valueRequired\":true,\"valueName\":\"search_term_string\"}}],\"inLanguage\":\"de\"},{\"@type\":\"Organization\",\"@id\":\"https:\\\/\\\/marktxxl.de\\\/markt\\\/#organization\",\"name\":\"Markt-XXL\",\"url\":\"https:\\\/\\\/marktxxl.de\\\/markt\\\/\",\"logo\":{\"@type\":\"ImageObject\",\"inLanguage\":\"de\",\"@id\":\"https:\\\/\\\/marktxxl.de\\\/markt\\\/#\\\/schema\\\/logo\\\/image\\\/\",\"url\":\"https:\\\/\\\/marktxxl.de\\\/markt\\\/wp-content\\\/uploads\\\/sites\\\/3\\\/2020\\\/12\\\/logo.png\",\"contentUrl\":\"https:\\\/\\\/marktxxl.de\\\/markt\\\/wp-content\\\/uploads\\\/sites\\\/3\\\/2020\\\/12\\\/logo.png\",\"width\":200,\"height\":70,\"caption\":\"Markt-XXL\"},\"image\":{\"@id\":\"https:\\\/\\\/marktxxl.de\\\/markt\\\/#\\\/schema\\\/logo\\\/image\\\/\"}}]}<\/script>\n<!-- \/ Yoast SEO plugin. -->","yoast_head_json":{"title":"DC Universe M\u00e4dchen Baby und Kleinkind, Trainerh\u00f6schen, aufs T\u00f6pfchen gehen - Markt-XXL","description":"Markt-XXL DC Universe M\u00e4dchen Baby und Kleinkind, Trainerh\u00f6schen, aufs T\u00f6pfchen gehen","robots":{"index":"index","follow":"follow","max-snippet":"max-snippet:-1","max-image-preview":"max-image-preview:large","max-video-preview":"max-video-preview:-1"},"canonical":"https:\/\/marktxxl.de\/markt\/produkt\/dc-universe-maedchen-baby-und-kleinkind-trainerhoeschen-aufs-toepfchen-gehen\/","og_locale":"de_DE","og_type":"article","og_title":"DC Universe M\u00e4dchen Baby und Kleinkind, Trainerh\u00f6schen, aufs T\u00f6pfchen gehen - Markt-XXL","og_description":"Markt-XXL DC Universe M\u00e4dchen Baby und Kleinkind, Trainerh\u00f6schen, aufs T\u00f6pfchen gehen","og_url":"https:\/\/marktxxl.de\/markt\/produkt\/dc-universe-maedchen-baby-und-kleinkind-trainerhoeschen-aufs-toepfchen-gehen\/","og_site_name":"Markt-XXL","article_modified_time":"2023-04-11T01:34:16+00:00","og_image":[{"width":500,"height":377,"url":"https:\/\/m.media-amazon.com\/images\/I\/51mi8i9wycL._SL500_.jpg","type":"image\/jpeg"}],"twitter_card":"summary_large_image","schema":{"@context":"https:\/\/schema.org","@graph":[{"@type":"WebPage","@id":"https:\/\/marktxxl.de\/markt\/produkt\/dc-universe-maedchen-baby-und-kleinkind-trainerhoeschen-aufs-toepfchen-gehen\/","url":"https:\/\/marktxxl.de\/markt\/produkt\/dc-universe-maedchen-baby-und-kleinkind-trainerhoeschen-aufs-toepfchen-gehen\/","name":"DC Universe M\u00e4dchen Baby und Kleinkind, Trainerh\u00f6schen, aufs T\u00f6pfchen gehen - Markt-XXL","isPartOf":{"@id":"https:\/\/marktxxl.de\/markt\/#website"},"primaryImageOfPage":{"@id":"https:\/\/marktxxl.de\/markt\/produkt\/dc-universe-maedchen-baby-und-kleinkind-trainerhoeschen-aufs-toepfchen-gehen\/#primaryimage"},"image":{"@id":"https:\/\/marktxxl.de\/markt\/produkt\/dc-universe-maedchen-baby-und-kleinkind-trainerhoeschen-aufs-toepfchen-gehen\/#primaryimage"},"thumbnailUrl":"https:\/\/m.media-amazon.com\/images\/I\/51mi8i9wycL._SL500_.jpg","datePublished":"2022-02-26T18:46:09+00:00","dateModified":"2023-04-11T01:34:16+00:00","description":"Markt-XXL DC Universe M\u00e4dchen Baby und Kleinkind, Trainerh\u00f6schen, aufs T\u00f6pfchen gehen","breadcrumb":{"@id":"https:\/\/marktxxl.de\/markt\/produkt\/dc-universe-maedchen-baby-und-kleinkind-trainerhoeschen-aufs-toepfchen-gehen\/#breadcrumb"},"inLanguage":"de","potentialAction":[{"@type":"ReadAction","target":["https:\/\/marktxxl.de\/markt\/produkt\/dc-universe-maedchen-baby-und-kleinkind-trainerhoeschen-aufs-toepfchen-gehen\/"]}]},{"@type":"ImageObject","inLanguage":"de","@id":"https:\/\/marktxxl.de\/markt\/produkt\/dc-universe-maedchen-baby-und-kleinkind-trainerhoeschen-aufs-toepfchen-gehen\/#primaryimage","url":"https:\/\/m.media-amazon.com\/images\/I\/51mi8i9wycL._SL500_.jpg","contentUrl":"https:\/\/m.media-amazon.com\/images\/I\/51mi8i9wycL._SL500_.jpg","width":500,"height":377},{"@type":"BreadcrumbList","@id":"https:\/\/marktxxl.de\/markt\/produkt\/dc-universe-maedchen-baby-und-kleinkind-trainerhoeschen-aufs-toepfchen-gehen\/#breadcrumb","itemListElement":[{"@type":"ListItem","position":1,"name":"Startseite","item":"https:\/\/marktxxl.de\/markt\/"},{"@type":"ListItem","position":2,"name":"Markt","item":"https:\/\/marktxxl.de\/markt\/"},{"@type":"ListItem","position":3,"name":"DC Universe M\u00e4dchen Baby und Kleinkind, Trainerh\u00f6schen, aufs T\u00f6pfchen gehen"}]},{"@type":"WebSite","@id":"https:\/\/marktxxl.de\/markt\/#website","url":"https:\/\/marktxxl.de\/markt\/","name":"Markt-XXL","description":"Ihr Markt Online","publisher":{"@id":"https:\/\/marktxxl.de\/markt\/#organization"},"potentialAction":[{"@type":"SearchAction","target":{"@type":"EntryPoint","urlTemplate":"https:\/\/marktxxl.de\/markt\/?s={search_term_string}"},"query-input":{"@type":"PropertyValueSpecification","valueRequired":true,"valueName":"search_term_string"}}],"inLanguage":"de"},{"@type":"Organization","@id":"https:\/\/marktxxl.de\/markt\/#organization","name":"Markt-XXL","url":"https:\/\/marktxxl.de\/markt\/","logo":{"@type":"ImageObject","inLanguage":"de","@id":"https:\/\/marktxxl.de\/markt\/#\/schema\/logo\/image\/","url":"https:\/\/marktxxl.de\/markt\/wp-content\/uploads\/sites\/3\/2020\/12\/logo.png","contentUrl":"https:\/\/marktxxl.de\/markt\/wp-content\/uploads\/sites\/3\/2020\/12\/logo.png","width":200,"height":70,"caption":"Markt-XXL"},"image":{"@id":"https:\/\/marktxxl.de\/markt\/#\/schema\/logo\/image\/"}}]}},"_links":{"self":[{"href":"https:\/\/marktxxl.de\/markt\/wp-json\/wp\/v2\/product\/108703","targetHints":{"allow":["GET"]}}],"collection":[{"href":"https:\/\/marktxxl.de\/markt\/wp-json\/wp\/v2\/product"}],"about":[{"href":"https:\/\/marktxxl.de\/markt\/wp-json\/wp\/v2\/types\/product"}],"replies":[{"embeddable":true,"href":"https:\/\/marktxxl.de\/markt\/wp-json\/wp\/v2\/comments?post=108703"}],"wp:featuredmedia":[{"embeddable":true,"href":"https:\/\/marktxxl.de\/markt\/wp-json\/wp\/v2\/media\/108704"}],"wp:attachment":[{"href":"https:\/\/marktxxl.de\/markt\/wp-json\/wp\/v2\/media?parent=108703"}],"wp:term":[{"taxonomy":"product_brand","embeddable":true,"href":"https:\/\/marktxxl.de\/markt\/wp-json\/wp\/v2\/product_brand?post=108703"},{"taxonomy":"product_cat","embeddable":true,"href":"https:\/\/marktxxl.de\/markt\/wp-json\/wp\/v2\/product_cat?post=108703"},{"taxonomy":"product_tag","embeddable":true,"href":"https:\/\/marktxxl.de\/markt\/wp-json\/wp\/v2\/product_tag?post=108703"}],"curies":[{"name":"wp","href":"https:\/\/api.w.org\/{rel}","templated":true}]}}