{"id":108571,"date":"2022-02-26T19:07:12","date_gmt":"2022-02-26T18:07:12","guid":{"rendered":"https:\/\/marktxxl.de\/markt\/produkt\/step-by-step-schulranzen-set-2in1-plus-6-teilig-ergonomischer-tornister-mit-reflektoren-hoehenverstellbar-mit-hueftgurt-ab-der-1-klasse-19l\/"},"modified":"2023-04-11T03:33:26","modified_gmt":"2023-04-11T01:33:26","slug":"step-by-step-schulranzen-set-2in1-plus-6-teilig-ergonomischer-tornister-mit-reflektoren-hoehenverstellbar-mit-hueftgurt-ab-der-1-klasse-19l","status":"publish","type":"product","link":"https:\/\/marktxxl.de\/markt\/produkt\/step-by-step-schulranzen-set-2in1-plus-6-teilig-ergonomischer-tornister-mit-reflektoren-hoehenverstellbar-mit-hueftgurt-ab-der-1-klasse-19l\/","title":{"rendered":"Step by Step Schulranzen-Set 2IN1 Plus \u201eAngry Shark\u201c 6-teilig, blau, ergonomischer Tornister mit Reflektoren\u2026"},"content":{"rendered":"<p>2IN1 \u2013 Durch Herausnehmen der Verst\u00e4rkungen wird aus dem Ranzen in Windeseile ein cooler Rucksack \u2013 perfekt f\u00fcr die \u00dcbernachtung bei Freunden, den Waldspaziergang oder den Besuch im Zoo.<br \/>\nEASY GROW &#8211; Unser EASY GROW SYSTEM erm\u00f6glicht eine optimale Passform w\u00e4hrend der gesamten Schulzeit: Mit dem einfachen Verstellmechanismus l\u00e4sst sich die R\u00fcckenl\u00e4nge des Rucksacks jederzeit auf die aktuelle Gr\u00f6\u00dfe Deines Kindes anpassen.<br \/>\nSICHTBARKEIT ist uns wichtig. Damit Dein Kind gut gesehen wird haben wir reflektierenden Elemente aus hochwertigem ORALITE-Material am Ranzen angebracht. Das sorgt f\u00fcr gute Erkennbarkeit auch bei Dunkelheit oder schlechtem Wetter.<br \/>\nMAGIC MAGS \u2013 Mit den MAGIC MAGS ziert den Ranzen immer das aktuelle Traummotiv. Die Magnetapplikationen und der Anh\u00e4nger lassen sich jederzeit austauschen. Dadurch wird der Ranzen je nach Geschmack Deines Kindes individuell gestaltet.<br \/>\nMIT DABEI &#8211; 1 Schulranzen; 1 Schlamperm\u00e4ppchen, 1 Sportbeutel, 3 Malschablonen, 1 Set MAGIC MAGS; 1 M\u00e4ppchen best\u00fcckt mit 7 Jumbo Farb-Markenstifte, 12 Farb-Markenstifte, 1 Bleistift, 1 Lineal, 1 Geodreieck, 1 Doppelspitzer, 1 Radiergummi<br \/>\n<div class=\"main-cross-sell\" data-asin=\"B092DV71HL\">\n\n\t<div class=\"WooZone-cross-sell-loader\">\n\t\t<div>\n\t\t\t<div id=\"floatingBarsG\">\n\t\t\t\t<div class=\"blockG\" id=\"rotateG_01\"><\/div>\n\t\t\t\t<div class=\"blockG\" id=\"rotateG_02\"><\/div>\n\t\t\t\t<div class=\"blockG\" id=\"rotateG_03\"><\/div>\n\t\t\t\t<div class=\"blockG\" id=\"rotateG_04\"><\/div>\n\t\t\t\t<div class=\"blockG\" id=\"rotateG_05\"><\/div>\n\t\t\t\t<div class=\"blockG\" id=\"rotateG_06\"><\/div>\n\t\t\t\t<div class=\"blockG\" id=\"rotateG_07\"><\/div>\n\t\t\t\t<div class=\"blockG\" id=\"rotateG_08\"><\/div>\n\t\t\t<\/div>\n\t\t\t<div class=\"WooZone-cross-sell-loader-text\"><\/div>\n\t\t<\/div>\n\t<\/div>\n\n\t\t\n<\/div>\n<div style=\"clear:both;\"><\/div><\/p>\n","protected":false},"excerpt":{"rendered":"<p>2IN1 \u2013 Durch Herausnehmen der Verst\u00e4rkungen wird aus dem Ranzen in Windeseile ein cooler Rucksack \u2013 perfekt f\u00fcr die \u00dcbernachtung bei Freunden, den Waldspaziergang oder den Besuch im Zoo.<br \/>\nEASY GROW &#8211; Unser EASY GROW SYSTEM erm\u00f6glicht eine optimale Passform w\u00e4hrend der gesamten Schulzeit: Mit dem einfachen Verstellmechanismus l\u00e4sst sich die R\u00fcckenl\u00e4nge des Rucksacks jederzeit auf die aktuelle Gr\u00f6\u00dfe Deines Kindes anpassen.<br \/>\nSICHTBARKEIT ist uns wichtig. Damit Dein Kind gut gesehen wird haben wir reflektierenden Elemente aus hochwertigem ORALITE-Material am Ranzen angebracht. Das sorgt f\u00fcr gute Erkennbarkeit auch bei Dunkelheit oder schlechtem Wetter.<\/p>\n","protected":false},"featured_media":108572,"comment_status":"open","ping_status":"closed","template":"","meta":[],"product_brand":[],"product_cat":[504,8631],"product_tag":[],"class_list":{"0":"post-108571","1":"product","2":"type-product","3":"status-publish","4":"has-post-thumbnail","6":"product_cat-buerobedarf-schreibwaren","7":"product_cat-schul-unibedarf","8":"pa_brand-step-by-step","9":"pa_height-14-7637795125-zoll","10":"pa_length-11-023622036-zoll","11":"pa_manufacturer-hama-gmbh-co-kg","12":"pa_model-2in1-plus","13":"pa_weight-4-299014109-pfund","14":"pa_width-7-87401574-zoll","16":"first","17":"instock","18":"shipping-taxable","19":"purchasable","20":"product-type-simple","21":"customify-col","22":"product-has-gallery"},"yoast_head":"<!-- This site is optimized with the Yoast SEO plugin v27.4 - https:\/\/yoast.com\/product\/yoast-seo-wordpress\/ -->\n<title>Step by Step Schulranzen-Set 2IN1 Plus \u201eAngry Shark\u201c 6-teilig, blau, ergonomischer Tornister mit Reflektoren\u2026 - Markt-XXL<\/title>\n<meta name=\"description\" content=\"Markt-XXL Step by Step Schulranzen-Set 2IN1 Plus \u201eAngry Shark\u201c 6-teilig, blau, ergonomischer Tornister mit Reflektoren\u2026\" \/>\n<meta name=\"robots\" content=\"index, follow, max-snippet:-1, max-image-preview:large, max-video-preview:-1\" \/>\n<link rel=\"canonical\" href=\"https:\/\/marktxxl.de\/markt\/produkt\/step-by-step-schulranzen-set-2in1-plus-6-teilig-ergonomischer-tornister-mit-reflektoren-hoehenverstellbar-mit-hueftgurt-ab-der-1-klasse-19l\/\" \/>\n<meta property=\"og:locale\" content=\"de_DE\" \/>\n<meta property=\"og:type\" content=\"article\" \/>\n<meta property=\"og:title\" content=\"Step by Step Schulranzen-Set 2IN1 Plus \u201eAngry Shark\u201c 6-teilig, blau, ergonomischer Tornister mit Reflektoren\u2026 - Markt-XXL\" \/>\n<meta property=\"og:description\" content=\"Markt-XXL Step by Step Schulranzen-Set 2IN1 Plus \u201eAngry Shark\u201c 6-teilig, blau, ergonomischer Tornister mit Reflektoren\u2026\" \/>\n<meta property=\"og:url\" content=\"https:\/\/marktxxl.de\/markt\/produkt\/step-by-step-schulranzen-set-2in1-plus-6-teilig-ergonomischer-tornister-mit-reflektoren-hoehenverstellbar-mit-hueftgurt-ab-der-1-klasse-19l\/\" \/>\n<meta property=\"og:site_name\" content=\"Markt-XXL\" \/>\n<meta property=\"article:modified_time\" content=\"2023-04-11T01:33:26+00:00\" \/>\n<meta property=\"og:image\" content=\"https:\/\/m.media-amazon.com\/images\/I\/512hfODxB8L._SL500_.jpg\" \/>\n\t<meta property=\"og:image:width\" content=\"500\" \/>\n\t<meta property=\"og:image:height\" content=\"500\" \/>\n\t<meta property=\"og:image:type\" content=\"image\/jpeg\" \/>\n<meta name=\"twitter:card\" content=\"summary_large_image\" \/>\n<meta name=\"twitter:label1\" content=\"Gesch\u00e4tzte Lesezeit\" \/>\n\t<meta name=\"twitter:data1\" content=\"1\u00a0Minute\" \/>\n<script type=\"application\/ld+json\" class=\"yoast-schema-graph\">{\"@context\":\"https:\\\/\\\/schema.org\",\"@graph\":[{\"@type\":\"WebPage\",\"@id\":\"https:\\\/\\\/marktxxl.de\\\/markt\\\/produkt\\\/step-by-step-schulranzen-set-2in1-plus-6-teilig-ergonomischer-tornister-mit-reflektoren-hoehenverstellbar-mit-hueftgurt-ab-der-1-klasse-19l\\\/\",\"url\":\"https:\\\/\\\/marktxxl.de\\\/markt\\\/produkt\\\/step-by-step-schulranzen-set-2in1-plus-6-teilig-ergonomischer-tornister-mit-reflektoren-hoehenverstellbar-mit-hueftgurt-ab-der-1-klasse-19l\\\/\",\"name\":\"Step by Step Schulranzen-Set 2IN1 Plus \u201eAngry Shark\u201c 6-teilig, blau, ergonomischer Tornister mit Reflektoren\u2026 - Markt-XXL\",\"isPartOf\":{\"@id\":\"https:\\\/\\\/marktxxl.de\\\/markt\\\/#website\"},\"primaryImageOfPage\":{\"@id\":\"https:\\\/\\\/marktxxl.de\\\/markt\\\/produkt\\\/step-by-step-schulranzen-set-2in1-plus-6-teilig-ergonomischer-tornister-mit-reflektoren-hoehenverstellbar-mit-hueftgurt-ab-der-1-klasse-19l\\\/#primaryimage\"},\"image\":{\"@id\":\"https:\\\/\\\/marktxxl.de\\\/markt\\\/produkt\\\/step-by-step-schulranzen-set-2in1-plus-6-teilig-ergonomischer-tornister-mit-reflektoren-hoehenverstellbar-mit-hueftgurt-ab-der-1-klasse-19l\\\/#primaryimage\"},\"thumbnailUrl\":\"https:\\\/\\\/m.media-amazon.com\\\/images\\\/I\\\/512hfODxB8L._SL500_.jpg\",\"datePublished\":\"2022-02-26T18:07:12+00:00\",\"dateModified\":\"2023-04-11T01:33:26+00:00\",\"description\":\"Markt-XXL Step by Step Schulranzen-Set 2IN1 Plus \u201eAngry Shark\u201c 6-teilig, blau, ergonomischer Tornister mit Reflektoren\u2026\",\"breadcrumb\":{\"@id\":\"https:\\\/\\\/marktxxl.de\\\/markt\\\/produkt\\\/step-by-step-schulranzen-set-2in1-plus-6-teilig-ergonomischer-tornister-mit-reflektoren-hoehenverstellbar-mit-hueftgurt-ab-der-1-klasse-19l\\\/#breadcrumb\"},\"inLanguage\":\"de\",\"potentialAction\":[{\"@type\":\"ReadAction\",\"target\":[\"https:\\\/\\\/marktxxl.de\\\/markt\\\/produkt\\\/step-by-step-schulranzen-set-2in1-plus-6-teilig-ergonomischer-tornister-mit-reflektoren-hoehenverstellbar-mit-hueftgurt-ab-der-1-klasse-19l\\\/\"]}]},{\"@type\":\"ImageObject\",\"inLanguage\":\"de\",\"@id\":\"https:\\\/\\\/marktxxl.de\\\/markt\\\/produkt\\\/step-by-step-schulranzen-set-2in1-plus-6-teilig-ergonomischer-tornister-mit-reflektoren-hoehenverstellbar-mit-hueftgurt-ab-der-1-klasse-19l\\\/#primaryimage\",\"url\":\"https:\\\/\\\/m.media-amazon.com\\\/images\\\/I\\\/512hfODxB8L._SL500_.jpg\",\"contentUrl\":\"https:\\\/\\\/m.media-amazon.com\\\/images\\\/I\\\/512hfODxB8L._SL500_.jpg\",\"width\":500,\"height\":500},{\"@type\":\"BreadcrumbList\",\"@id\":\"https:\\\/\\\/marktxxl.de\\\/markt\\\/produkt\\\/step-by-step-schulranzen-set-2in1-plus-6-teilig-ergonomischer-tornister-mit-reflektoren-hoehenverstellbar-mit-hueftgurt-ab-der-1-klasse-19l\\\/#breadcrumb\",\"itemListElement\":[{\"@type\":\"ListItem\",\"position\":1,\"name\":\"Startseite\",\"item\":\"https:\\\/\\\/marktxxl.de\\\/markt\\\/\"},{\"@type\":\"ListItem\",\"position\":2,\"name\":\"Markt\",\"item\":\"https:\\\/\\\/marktxxl.de\\\/markt\\\/\"},{\"@type\":\"ListItem\",\"position\":3,\"name\":\"Step by Step Schulranzen-Set 2IN1 Plus \u201eAngry Shark\u201c 6-teilig, blau, ergonomischer Tornister mit Reflektoren\u2026\"}]},{\"@type\":\"WebSite\",\"@id\":\"https:\\\/\\\/marktxxl.de\\\/markt\\\/#website\",\"url\":\"https:\\\/\\\/marktxxl.de\\\/markt\\\/\",\"name\":\"Markt-XXL\",\"description\":\"Ihr Markt Online\",\"publisher\":{\"@id\":\"https:\\\/\\\/marktxxl.de\\\/markt\\\/#organization\"},\"potentialAction\":[{\"@type\":\"SearchAction\",\"target\":{\"@type\":\"EntryPoint\",\"urlTemplate\":\"https:\\\/\\\/marktxxl.de\\\/markt\\\/?s={search_term_string}\"},\"query-input\":{\"@type\":\"PropertyValueSpecification\",\"valueRequired\":true,\"valueName\":\"search_term_string\"}}],\"inLanguage\":\"de\"},{\"@type\":\"Organization\",\"@id\":\"https:\\\/\\\/marktxxl.de\\\/markt\\\/#organization\",\"name\":\"Markt-XXL\",\"url\":\"https:\\\/\\\/marktxxl.de\\\/markt\\\/\",\"logo\":{\"@type\":\"ImageObject\",\"inLanguage\":\"de\",\"@id\":\"https:\\\/\\\/marktxxl.de\\\/markt\\\/#\\\/schema\\\/logo\\\/image\\\/\",\"url\":\"https:\\\/\\\/marktxxl.de\\\/markt\\\/wp-content\\\/uploads\\\/sites\\\/3\\\/2020\\\/12\\\/logo.png\",\"contentUrl\":\"https:\\\/\\\/marktxxl.de\\\/markt\\\/wp-content\\\/uploads\\\/sites\\\/3\\\/2020\\\/12\\\/logo.png\",\"width\":200,\"height\":70,\"caption\":\"Markt-XXL\"},\"image\":{\"@id\":\"https:\\\/\\\/marktxxl.de\\\/markt\\\/#\\\/schema\\\/logo\\\/image\\\/\"}}]}<\/script>\n<!-- \/ Yoast SEO plugin. -->","yoast_head_json":{"title":"Step by Step Schulranzen-Set 2IN1 Plus \u201eAngry Shark\u201c 6-teilig, blau, ergonomischer Tornister mit Reflektoren\u2026 - Markt-XXL","description":"Markt-XXL Step by Step Schulranzen-Set 2IN1 Plus \u201eAngry Shark\u201c 6-teilig, blau, ergonomischer Tornister mit Reflektoren\u2026","robots":{"index":"index","follow":"follow","max-snippet":"max-snippet:-1","max-image-preview":"max-image-preview:large","max-video-preview":"max-video-preview:-1"},"canonical":"https:\/\/marktxxl.de\/markt\/produkt\/step-by-step-schulranzen-set-2in1-plus-6-teilig-ergonomischer-tornister-mit-reflektoren-hoehenverstellbar-mit-hueftgurt-ab-der-1-klasse-19l\/","og_locale":"de_DE","og_type":"article","og_title":"Step by Step Schulranzen-Set 2IN1 Plus \u201eAngry Shark\u201c 6-teilig, blau, ergonomischer Tornister mit Reflektoren\u2026 - Markt-XXL","og_description":"Markt-XXL Step by Step Schulranzen-Set 2IN1 Plus \u201eAngry Shark\u201c 6-teilig, blau, ergonomischer Tornister mit Reflektoren\u2026","og_url":"https:\/\/marktxxl.de\/markt\/produkt\/step-by-step-schulranzen-set-2in1-plus-6-teilig-ergonomischer-tornister-mit-reflektoren-hoehenverstellbar-mit-hueftgurt-ab-der-1-klasse-19l\/","og_site_name":"Markt-XXL","article_modified_time":"2023-04-11T01:33:26+00:00","og_image":[{"width":500,"height":500,"url":"https:\/\/m.media-amazon.com\/images\/I\/512hfODxB8L._SL500_.jpg","type":"image\/jpeg"}],"twitter_card":"summary_large_image","twitter_misc":{"Gesch\u00e4tzte Lesezeit":"1\u00a0Minute"},"schema":{"@context":"https:\/\/schema.org","@graph":[{"@type":"WebPage","@id":"https:\/\/marktxxl.de\/markt\/produkt\/step-by-step-schulranzen-set-2in1-plus-6-teilig-ergonomischer-tornister-mit-reflektoren-hoehenverstellbar-mit-hueftgurt-ab-der-1-klasse-19l\/","url":"https:\/\/marktxxl.de\/markt\/produkt\/step-by-step-schulranzen-set-2in1-plus-6-teilig-ergonomischer-tornister-mit-reflektoren-hoehenverstellbar-mit-hueftgurt-ab-der-1-klasse-19l\/","name":"Step by Step Schulranzen-Set 2IN1 Plus \u201eAngry Shark\u201c 6-teilig, blau, ergonomischer Tornister mit Reflektoren\u2026 - Markt-XXL","isPartOf":{"@id":"https:\/\/marktxxl.de\/markt\/#website"},"primaryImageOfPage":{"@id":"https:\/\/marktxxl.de\/markt\/produkt\/step-by-step-schulranzen-set-2in1-plus-6-teilig-ergonomischer-tornister-mit-reflektoren-hoehenverstellbar-mit-hueftgurt-ab-der-1-klasse-19l\/#primaryimage"},"image":{"@id":"https:\/\/marktxxl.de\/markt\/produkt\/step-by-step-schulranzen-set-2in1-plus-6-teilig-ergonomischer-tornister-mit-reflektoren-hoehenverstellbar-mit-hueftgurt-ab-der-1-klasse-19l\/#primaryimage"},"thumbnailUrl":"https:\/\/m.media-amazon.com\/images\/I\/512hfODxB8L._SL500_.jpg","datePublished":"2022-02-26T18:07:12+00:00","dateModified":"2023-04-11T01:33:26+00:00","description":"Markt-XXL Step by Step Schulranzen-Set 2IN1 Plus \u201eAngry Shark\u201c 6-teilig, blau, ergonomischer Tornister mit Reflektoren\u2026","breadcrumb":{"@id":"https:\/\/marktxxl.de\/markt\/produkt\/step-by-step-schulranzen-set-2in1-plus-6-teilig-ergonomischer-tornister-mit-reflektoren-hoehenverstellbar-mit-hueftgurt-ab-der-1-klasse-19l\/#breadcrumb"},"inLanguage":"de","potentialAction":[{"@type":"ReadAction","target":["https:\/\/marktxxl.de\/markt\/produkt\/step-by-step-schulranzen-set-2in1-plus-6-teilig-ergonomischer-tornister-mit-reflektoren-hoehenverstellbar-mit-hueftgurt-ab-der-1-klasse-19l\/"]}]},{"@type":"ImageObject","inLanguage":"de","@id":"https:\/\/marktxxl.de\/markt\/produkt\/step-by-step-schulranzen-set-2in1-plus-6-teilig-ergonomischer-tornister-mit-reflektoren-hoehenverstellbar-mit-hueftgurt-ab-der-1-klasse-19l\/#primaryimage","url":"https:\/\/m.media-amazon.com\/images\/I\/512hfODxB8L._SL500_.jpg","contentUrl":"https:\/\/m.media-amazon.com\/images\/I\/512hfODxB8L._SL500_.jpg","width":500,"height":500},{"@type":"BreadcrumbList","@id":"https:\/\/marktxxl.de\/markt\/produkt\/step-by-step-schulranzen-set-2in1-plus-6-teilig-ergonomischer-tornister-mit-reflektoren-hoehenverstellbar-mit-hueftgurt-ab-der-1-klasse-19l\/#breadcrumb","itemListElement":[{"@type":"ListItem","position":1,"name":"Startseite","item":"https:\/\/marktxxl.de\/markt\/"},{"@type":"ListItem","position":2,"name":"Markt","item":"https:\/\/marktxxl.de\/markt\/"},{"@type":"ListItem","position":3,"name":"Step by Step Schulranzen-Set 2IN1 Plus \u201eAngry Shark\u201c 6-teilig, blau, ergonomischer Tornister mit Reflektoren\u2026"}]},{"@type":"WebSite","@id":"https:\/\/marktxxl.de\/markt\/#website","url":"https:\/\/marktxxl.de\/markt\/","name":"Markt-XXL","description":"Ihr Markt Online","publisher":{"@id":"https:\/\/marktxxl.de\/markt\/#organization"},"potentialAction":[{"@type":"SearchAction","target":{"@type":"EntryPoint","urlTemplate":"https:\/\/marktxxl.de\/markt\/?s={search_term_string}"},"query-input":{"@type":"PropertyValueSpecification","valueRequired":true,"valueName":"search_term_string"}}],"inLanguage":"de"},{"@type":"Organization","@id":"https:\/\/marktxxl.de\/markt\/#organization","name":"Markt-XXL","url":"https:\/\/marktxxl.de\/markt\/","logo":{"@type":"ImageObject","inLanguage":"de","@id":"https:\/\/marktxxl.de\/markt\/#\/schema\/logo\/image\/","url":"https:\/\/marktxxl.de\/markt\/wp-content\/uploads\/sites\/3\/2020\/12\/logo.png","contentUrl":"https:\/\/marktxxl.de\/markt\/wp-content\/uploads\/sites\/3\/2020\/12\/logo.png","width":200,"height":70,"caption":"Markt-XXL"},"image":{"@id":"https:\/\/marktxxl.de\/markt\/#\/schema\/logo\/image\/"}}]}},"_links":{"self":[{"href":"https:\/\/marktxxl.de\/markt\/wp-json\/wp\/v2\/product\/108571","targetHints":{"allow":["GET"]}}],"collection":[{"href":"https:\/\/marktxxl.de\/markt\/wp-json\/wp\/v2\/product"}],"about":[{"href":"https:\/\/marktxxl.de\/markt\/wp-json\/wp\/v2\/types\/product"}],"replies":[{"embeddable":true,"href":"https:\/\/marktxxl.de\/markt\/wp-json\/wp\/v2\/comments?post=108571"}],"wp:featuredmedia":[{"embeddable":true,"href":"https:\/\/marktxxl.de\/markt\/wp-json\/wp\/v2\/media\/108572"}],"wp:attachment":[{"href":"https:\/\/marktxxl.de\/markt\/wp-json\/wp\/v2\/media?parent=108571"}],"wp:term":[{"taxonomy":"product_brand","embeddable":true,"href":"https:\/\/marktxxl.de\/markt\/wp-json\/wp\/v2\/product_brand?post=108571"},{"taxonomy":"product_cat","embeddable":true,"href":"https:\/\/marktxxl.de\/markt\/wp-json\/wp\/v2\/product_cat?post=108571"},{"taxonomy":"product_tag","embeddable":true,"href":"https:\/\/marktxxl.de\/markt\/wp-json\/wp\/v2\/product_tag?post=108571"}],"curies":[{"name":"wp","href":"https:\/\/api.w.org\/{rel}","templated":true}]}}