{"id":108356,"date":"2022-02-26T18:46:15","date_gmt":"2022-02-26T17:46:15","guid":{"rendered":"https:\/\/marktxxl.de\/markt\/produkt\/olight-s2r-baton-ii-led-taschenlampe\/"},"modified":"2023-04-11T03:33:23","modified_gmt":"2023-04-11T01:33:23","slug":"olight-s2r-baton-ii-led-taschenlampe","status":"publish","type":"product","link":"https:\/\/marktxxl.de\/markt\/produkt\/olight-s2r-baton-ii-led-taschenlampe\/","title":{"rendered":"OLIGHT S2R II LED Taschenlampe Aufladbar 1150 Lumen 135 Meter Reichweite Kompakt USB Magnetisch MCC 1A, Max.60 Tage\u2026"},"content":{"rendered":"<p>\u3010Leistungsstarke Taschenlampe\u3011Die S2R 2 hat einen eingebauten hocheffizienten ma\u00dfgeschneiderten 18650 Batterie mit einer maximalen Leistung von 1150 Lumen, einer maximalen Leuchtweite von 135 Metern und einer maximalen Laufzeit von 60 Tagen, und mit Stroboskop-Modus.<br \/>\n\u3010Einzigartiges Design\u3011Das Aluminiumlegierung Geh\u00e4use weist eine intensivere, erhabene, quadratische Oberfl\u00e4chenstruktur auf, die f\u00fcr eine bessere Ber\u00fchrung und Reibung, mehr Grip und weniger Verrutschen sorgt.<br \/>\n\u3010Hocheffizientes Laden\u3011Mithilfe des MCC 1A magnetischen Ladekabels kann kann der S2R 2 einfach und schnell geladen werden. Z.B. unterwegs im Auto oder \u00fcber eine Powerbank. Intelligente Batteriestandsanzeige mit 3 Farben durch Seitenschalter.<br \/>\n\u3010Einfach zu Tragen\u3011Der abnehmbare Zwei Wege Pocketclip aus Edelstahl kann an G\u00fcrtel, Taschen und Rucks\u00e4cke geklippt werden und sorgt so f\u00fcr mehr Flexibilit\u00e4t und Benutzerfreundlichkeit. Geeignet f\u00fcr Camping, Wandern, Klettern, Familiengebrauch. Es ist eine gute Wahl als Geschenk f\u00fcr Outdoor.<br \/>\n\u3010Features &amp; Garantie\u30111,5-Meter-Falltest, IPX8 Wasserdicht, CE, ROHS Certification, 5 Jahre Garentie f\u00fcr Taschenlampe, 1 Jahr Garantie f\u00fcr Batterie.<br \/>\n<div class=\"main-cross-sell\" data-asin=\"B09HCLGWGP\">\n\n\t<div class=\"WooZone-cross-sell-loader\">\n\t\t<div>\n\t\t\t<div id=\"floatingBarsG\">\n\t\t\t\t<div class=\"blockG\" id=\"rotateG_01\"><\/div>\n\t\t\t\t<div class=\"blockG\" id=\"rotateG_02\"><\/div>\n\t\t\t\t<div class=\"blockG\" id=\"rotateG_03\"><\/div>\n\t\t\t\t<div class=\"blockG\" id=\"rotateG_04\"><\/div>\n\t\t\t\t<div class=\"blockG\" id=\"rotateG_05\"><\/div>\n\t\t\t\t<div class=\"blockG\" id=\"rotateG_06\"><\/div>\n\t\t\t\t<div class=\"blockG\" id=\"rotateG_07\"><\/div>\n\t\t\t\t<div class=\"blockG\" id=\"rotateG_08\"><\/div>\n\t\t\t<\/div>\n\t\t\t<div class=\"WooZone-cross-sell-loader-text\"><\/div>\n\t\t<\/div>\n\t<\/div>\n\n\t\t\n<\/div>\n<div style=\"clear:both;\"><\/div><\/p>\n","protected":false},"excerpt":{"rendered":"<p>\u3010Leistungsstarke Taschenlampe\u3011Die S2R 2 hat einen eingebauten hocheffizienten ma\u00dfgeschneiderten 18650 Batterie mit einer maximalen Leistung von 1150 Lumen, einer maximalen Leuchtweite von 135 Metern und einer maximalen Laufzeit von 60 Tagen, und mit Stroboskop-Modus.<br \/>\n\u3010Einzigartiges Design\u3011Das Aluminiumlegierung Geh\u00e4use weist eine intensivere, erhabene, quadratische Oberfl\u00e4chenstruktur auf, die f\u00fcr eine bessere Ber\u00fchrung und Reibung, mehr Grip und weniger Verrutschen sorgt.<br \/>\n\u3010Hocheffizientes Laden\u3011Mithilfe des MCC 1A magnetischen Ladekabels kann kann der S2R 2 einfach und schnell geladen werden. Z.B. unterwegs im Auto oder \u00fcber eine Powerbank. Intelligente Batteriestandsanzeige mit 3 Farben durch Seitenschalter.<\/p>\n","protected":false},"featured_media":108357,"comment_status":"open","ping_status":"closed","template":"","meta":[],"product_brand":[],"product_cat":[2108],"product_tag":[],"class_list":{"0":"post-108356","1":"product","2":"type-product","3":"status-publish","4":"has-post-thumbnail","6":"product_cat-beleuchtung","7":"pa_brand-olight","8":"pa_manufacturer-olight","9":"pa_model-olight-s2r-baton-ii-w","11":"first","12":"instock","13":"shipping-taxable","14":"purchasable","15":"product-type-simple","16":"customify-col","17":"product-has-gallery"},"yoast_head":"<!-- This site is optimized with the Yoast SEO plugin v27.3 - https:\/\/yoast.com\/product\/yoast-seo-wordpress\/ -->\n<title>OLIGHT S2R II LED Taschenlampe Aufladbar 1150 Lumen 135 Meter Reichweite Kompakt USB Magnetisch MCC 1A, Max.60 Tage\u2026 - Markt-XXL<\/title>\n<meta name=\"description\" content=\"Markt-XXL OLIGHT S2R II LED Taschenlampe Aufladbar 1150 Lumen 135 Meter Reichweite Kompakt USB Magnetisch MCC 1A, Max.60 Tage\u2026\" \/>\n<meta name=\"robots\" content=\"index, follow, max-snippet:-1, max-image-preview:large, max-video-preview:-1\" \/>\n<link rel=\"canonical\" href=\"https:\/\/marktxxl.de\/markt\/produkt\/olight-s2r-baton-ii-led-taschenlampe\/\" \/>\n<meta property=\"og:locale\" content=\"de_DE\" \/>\n<meta property=\"og:type\" content=\"article\" \/>\n<meta property=\"og:title\" content=\"OLIGHT S2R II LED Taschenlampe Aufladbar 1150 Lumen 135 Meter Reichweite Kompakt USB Magnetisch MCC 1A, Max.60 Tage\u2026 - Markt-XXL\" \/>\n<meta property=\"og:description\" content=\"Markt-XXL OLIGHT S2R II LED Taschenlampe Aufladbar 1150 Lumen 135 Meter Reichweite Kompakt USB Magnetisch MCC 1A, Max.60 Tage\u2026\" \/>\n<meta property=\"og:url\" content=\"https:\/\/marktxxl.de\/markt\/produkt\/olight-s2r-baton-ii-led-taschenlampe\/\" \/>\n<meta property=\"og:site_name\" content=\"Markt-XXL\" \/>\n<meta property=\"article:modified_time\" content=\"2023-04-11T01:33:23+00:00\" \/>\n<meta property=\"og:image\" content=\"https:\/\/m.media-amazon.com\/images\/I\/51mhuhQyOwL._SL500_.jpg\" \/>\n\t<meta property=\"og:image:width\" content=\"500\" \/>\n\t<meta property=\"og:image:height\" content=\"500\" \/>\n\t<meta property=\"og:image:type\" content=\"image\/jpeg\" \/>\n<meta name=\"twitter:card\" content=\"summary_large_image\" \/>\n<meta name=\"twitter:label1\" content=\"Gesch\u00e4tzte Lesezeit\" \/>\n\t<meta name=\"twitter:data1\" content=\"1\u00a0Minute\" \/>\n<script type=\"application\/ld+json\" class=\"yoast-schema-graph\">{\"@context\":\"https:\\\/\\\/schema.org\",\"@graph\":[{\"@type\":\"WebPage\",\"@id\":\"https:\\\/\\\/marktxxl.de\\\/markt\\\/produkt\\\/olight-s2r-baton-ii-led-taschenlampe\\\/\",\"url\":\"https:\\\/\\\/marktxxl.de\\\/markt\\\/produkt\\\/olight-s2r-baton-ii-led-taschenlampe\\\/\",\"name\":\"OLIGHT S2R II LED Taschenlampe Aufladbar 1150 Lumen 135 Meter Reichweite Kompakt USB Magnetisch MCC 1A, Max.60 Tage\u2026 - Markt-XXL\",\"isPartOf\":{\"@id\":\"https:\\\/\\\/marktxxl.de\\\/markt\\\/#website\"},\"primaryImageOfPage\":{\"@id\":\"https:\\\/\\\/marktxxl.de\\\/markt\\\/produkt\\\/olight-s2r-baton-ii-led-taschenlampe\\\/#primaryimage\"},\"image\":{\"@id\":\"https:\\\/\\\/marktxxl.de\\\/markt\\\/produkt\\\/olight-s2r-baton-ii-led-taschenlampe\\\/#primaryimage\"},\"thumbnailUrl\":\"https:\\\/\\\/m.media-amazon.com\\\/images\\\/I\\\/51mhuhQyOwL._SL500_.jpg\",\"datePublished\":\"2022-02-26T17:46:15+00:00\",\"dateModified\":\"2023-04-11T01:33:23+00:00\",\"description\":\"Markt-XXL OLIGHT S2R II LED Taschenlampe Aufladbar 1150 Lumen 135 Meter Reichweite Kompakt USB Magnetisch MCC 1A, Max.60 Tage\u2026\",\"breadcrumb\":{\"@id\":\"https:\\\/\\\/marktxxl.de\\\/markt\\\/produkt\\\/olight-s2r-baton-ii-led-taschenlampe\\\/#breadcrumb\"},\"inLanguage\":\"de\",\"potentialAction\":[{\"@type\":\"ReadAction\",\"target\":[\"https:\\\/\\\/marktxxl.de\\\/markt\\\/produkt\\\/olight-s2r-baton-ii-led-taschenlampe\\\/\"]}]},{\"@type\":\"ImageObject\",\"inLanguage\":\"de\",\"@id\":\"https:\\\/\\\/marktxxl.de\\\/markt\\\/produkt\\\/olight-s2r-baton-ii-led-taschenlampe\\\/#primaryimage\",\"url\":\"https:\\\/\\\/m.media-amazon.com\\\/images\\\/I\\\/51mhuhQyOwL._SL500_.jpg\",\"contentUrl\":\"https:\\\/\\\/m.media-amazon.com\\\/images\\\/I\\\/51mhuhQyOwL._SL500_.jpg\",\"width\":500,\"height\":500},{\"@type\":\"BreadcrumbList\",\"@id\":\"https:\\\/\\\/marktxxl.de\\\/markt\\\/produkt\\\/olight-s2r-baton-ii-led-taschenlampe\\\/#breadcrumb\",\"itemListElement\":[{\"@type\":\"ListItem\",\"position\":1,\"name\":\"Startseite\",\"item\":\"https:\\\/\\\/marktxxl.de\\\/markt\\\/\"},{\"@type\":\"ListItem\",\"position\":2,\"name\":\"Markt\",\"item\":\"https:\\\/\\\/marktxxl.de\\\/markt\\\/\"},{\"@type\":\"ListItem\",\"position\":3,\"name\":\"OLIGHT S2R II LED Taschenlampe Aufladbar 1150 Lumen 135 Meter Reichweite Kompakt USB Magnetisch MCC 1A, Max.60 Tage\u2026\"}]},{\"@type\":\"WebSite\",\"@id\":\"https:\\\/\\\/marktxxl.de\\\/markt\\\/#website\",\"url\":\"https:\\\/\\\/marktxxl.de\\\/markt\\\/\",\"name\":\"Markt-XXL\",\"description\":\"Ihr Markt Online\",\"publisher\":{\"@id\":\"https:\\\/\\\/marktxxl.de\\\/markt\\\/#organization\"},\"potentialAction\":[{\"@type\":\"SearchAction\",\"target\":{\"@type\":\"EntryPoint\",\"urlTemplate\":\"https:\\\/\\\/marktxxl.de\\\/markt\\\/?s={search_term_string}\"},\"query-input\":{\"@type\":\"PropertyValueSpecification\",\"valueRequired\":true,\"valueName\":\"search_term_string\"}}],\"inLanguage\":\"de\"},{\"@type\":\"Organization\",\"@id\":\"https:\\\/\\\/marktxxl.de\\\/markt\\\/#organization\",\"name\":\"Markt-XXL\",\"url\":\"https:\\\/\\\/marktxxl.de\\\/markt\\\/\",\"logo\":{\"@type\":\"ImageObject\",\"inLanguage\":\"de\",\"@id\":\"https:\\\/\\\/marktxxl.de\\\/markt\\\/#\\\/schema\\\/logo\\\/image\\\/\",\"url\":\"https:\\\/\\\/marktxxl.de\\\/markt\\\/wp-content\\\/uploads\\\/sites\\\/3\\\/2020\\\/12\\\/logo.png\",\"contentUrl\":\"https:\\\/\\\/marktxxl.de\\\/markt\\\/wp-content\\\/uploads\\\/sites\\\/3\\\/2020\\\/12\\\/logo.png\",\"width\":200,\"height\":70,\"caption\":\"Markt-XXL\"},\"image\":{\"@id\":\"https:\\\/\\\/marktxxl.de\\\/markt\\\/#\\\/schema\\\/logo\\\/image\\\/\"}}]}<\/script>\n<!-- \/ Yoast SEO plugin. -->","yoast_head_json":{"title":"OLIGHT S2R II LED Taschenlampe Aufladbar 1150 Lumen 135 Meter Reichweite Kompakt USB Magnetisch MCC 1A, Max.60 Tage\u2026 - Markt-XXL","description":"Markt-XXL OLIGHT S2R II LED Taschenlampe Aufladbar 1150 Lumen 135 Meter Reichweite Kompakt USB Magnetisch MCC 1A, Max.60 Tage\u2026","robots":{"index":"index","follow":"follow","max-snippet":"max-snippet:-1","max-image-preview":"max-image-preview:large","max-video-preview":"max-video-preview:-1"},"canonical":"https:\/\/marktxxl.de\/markt\/produkt\/olight-s2r-baton-ii-led-taschenlampe\/","og_locale":"de_DE","og_type":"article","og_title":"OLIGHT S2R II LED Taschenlampe Aufladbar 1150 Lumen 135 Meter Reichweite Kompakt USB Magnetisch MCC 1A, Max.60 Tage\u2026 - Markt-XXL","og_description":"Markt-XXL OLIGHT S2R II LED Taschenlampe Aufladbar 1150 Lumen 135 Meter Reichweite Kompakt USB Magnetisch MCC 1A, Max.60 Tage\u2026","og_url":"https:\/\/marktxxl.de\/markt\/produkt\/olight-s2r-baton-ii-led-taschenlampe\/","og_site_name":"Markt-XXL","article_modified_time":"2023-04-11T01:33:23+00:00","og_image":[{"width":500,"height":500,"url":"https:\/\/m.media-amazon.com\/images\/I\/51mhuhQyOwL._SL500_.jpg","type":"image\/jpeg"}],"twitter_card":"summary_large_image","twitter_misc":{"Gesch\u00e4tzte Lesezeit":"1\u00a0Minute"},"schema":{"@context":"https:\/\/schema.org","@graph":[{"@type":"WebPage","@id":"https:\/\/marktxxl.de\/markt\/produkt\/olight-s2r-baton-ii-led-taschenlampe\/","url":"https:\/\/marktxxl.de\/markt\/produkt\/olight-s2r-baton-ii-led-taschenlampe\/","name":"OLIGHT S2R II LED Taschenlampe Aufladbar 1150 Lumen 135 Meter Reichweite Kompakt USB Magnetisch MCC 1A, Max.60 Tage\u2026 - Markt-XXL","isPartOf":{"@id":"https:\/\/marktxxl.de\/markt\/#website"},"primaryImageOfPage":{"@id":"https:\/\/marktxxl.de\/markt\/produkt\/olight-s2r-baton-ii-led-taschenlampe\/#primaryimage"},"image":{"@id":"https:\/\/marktxxl.de\/markt\/produkt\/olight-s2r-baton-ii-led-taschenlampe\/#primaryimage"},"thumbnailUrl":"https:\/\/m.media-amazon.com\/images\/I\/51mhuhQyOwL._SL500_.jpg","datePublished":"2022-02-26T17:46:15+00:00","dateModified":"2023-04-11T01:33:23+00:00","description":"Markt-XXL OLIGHT S2R II LED Taschenlampe Aufladbar 1150 Lumen 135 Meter Reichweite Kompakt USB Magnetisch MCC 1A, Max.60 Tage\u2026","breadcrumb":{"@id":"https:\/\/marktxxl.de\/markt\/produkt\/olight-s2r-baton-ii-led-taschenlampe\/#breadcrumb"},"inLanguage":"de","potentialAction":[{"@type":"ReadAction","target":["https:\/\/marktxxl.de\/markt\/produkt\/olight-s2r-baton-ii-led-taschenlampe\/"]}]},{"@type":"ImageObject","inLanguage":"de","@id":"https:\/\/marktxxl.de\/markt\/produkt\/olight-s2r-baton-ii-led-taschenlampe\/#primaryimage","url":"https:\/\/m.media-amazon.com\/images\/I\/51mhuhQyOwL._SL500_.jpg","contentUrl":"https:\/\/m.media-amazon.com\/images\/I\/51mhuhQyOwL._SL500_.jpg","width":500,"height":500},{"@type":"BreadcrumbList","@id":"https:\/\/marktxxl.de\/markt\/produkt\/olight-s2r-baton-ii-led-taschenlampe\/#breadcrumb","itemListElement":[{"@type":"ListItem","position":1,"name":"Startseite","item":"https:\/\/marktxxl.de\/markt\/"},{"@type":"ListItem","position":2,"name":"Markt","item":"https:\/\/marktxxl.de\/markt\/"},{"@type":"ListItem","position":3,"name":"OLIGHT S2R II LED Taschenlampe Aufladbar 1150 Lumen 135 Meter Reichweite Kompakt USB Magnetisch MCC 1A, Max.60 Tage\u2026"}]},{"@type":"WebSite","@id":"https:\/\/marktxxl.de\/markt\/#website","url":"https:\/\/marktxxl.de\/markt\/","name":"Markt-XXL","description":"Ihr Markt Online","publisher":{"@id":"https:\/\/marktxxl.de\/markt\/#organization"},"potentialAction":[{"@type":"SearchAction","target":{"@type":"EntryPoint","urlTemplate":"https:\/\/marktxxl.de\/markt\/?s={search_term_string}"},"query-input":{"@type":"PropertyValueSpecification","valueRequired":true,"valueName":"search_term_string"}}],"inLanguage":"de"},{"@type":"Organization","@id":"https:\/\/marktxxl.de\/markt\/#organization","name":"Markt-XXL","url":"https:\/\/marktxxl.de\/markt\/","logo":{"@type":"ImageObject","inLanguage":"de","@id":"https:\/\/marktxxl.de\/markt\/#\/schema\/logo\/image\/","url":"https:\/\/marktxxl.de\/markt\/wp-content\/uploads\/sites\/3\/2020\/12\/logo.png","contentUrl":"https:\/\/marktxxl.de\/markt\/wp-content\/uploads\/sites\/3\/2020\/12\/logo.png","width":200,"height":70,"caption":"Markt-XXL"},"image":{"@id":"https:\/\/marktxxl.de\/markt\/#\/schema\/logo\/image\/"}}]}},"_links":{"self":[{"href":"https:\/\/marktxxl.de\/markt\/wp-json\/wp\/v2\/product\/108356","targetHints":{"allow":["GET"]}}],"collection":[{"href":"https:\/\/marktxxl.de\/markt\/wp-json\/wp\/v2\/product"}],"about":[{"href":"https:\/\/marktxxl.de\/markt\/wp-json\/wp\/v2\/types\/product"}],"replies":[{"embeddable":true,"href":"https:\/\/marktxxl.de\/markt\/wp-json\/wp\/v2\/comments?post=108356"}],"wp:featuredmedia":[{"embeddable":true,"href":"https:\/\/marktxxl.de\/markt\/wp-json\/wp\/v2\/media\/108357"}],"wp:attachment":[{"href":"https:\/\/marktxxl.de\/markt\/wp-json\/wp\/v2\/media?parent=108356"}],"wp:term":[{"taxonomy":"product_brand","embeddable":true,"href":"https:\/\/marktxxl.de\/markt\/wp-json\/wp\/v2\/product_brand?post=108356"},{"taxonomy":"product_cat","embeddable":true,"href":"https:\/\/marktxxl.de\/markt\/wp-json\/wp\/v2\/product_cat?post=108356"},{"taxonomy":"product_tag","embeddable":true,"href":"https:\/\/marktxxl.de\/markt\/wp-json\/wp\/v2\/product_tag?post=108356"}],"curies":[{"name":"wp","href":"https:\/\/api.w.org\/{rel}","templated":true}]}}