{"id":108143,"date":"2022-02-26T17:58:05","date_gmt":"2022-02-26T16:58:05","guid":{"rendered":"https:\/\/marktxxl.de\/markt\/produkt\/tebery-edelstahl-man-buchstuetzen-buecheneule-1paar\/"},"modified":"2023-04-11T03:33:21","modified_gmt":"2023-04-11T01:33:21","slug":"tebery-edelstahl-man-buchstuetzen-buecheneule-1paar","status":"publish","type":"product","link":"https:\/\/marktxxl.de\/markt\/produkt\/tebery-edelstahl-man-buchstuetzen-buecheneule-1paar\/","title":{"rendered":"Tebery Edelstahl Man Buchst\u00fctzen B\u00fccheneule 1Paar"},"content":{"rendered":"<p>SCHWERE BUCHST\u00dcTZEN: Kung Fu Man ist die Buchst\u00fctze aus Edelstahl,rostfrei, Korrosionsschutz, wird nicht knacken oder gebrochen, sorgen nicht nur f\u00fcr Langlebigkeit und Langlebigkeit, sondern auch kreativ, gl\u00e4nzend, elegant und zart<br \/>\nPRAKTISCHE SILBERBUCHTEN: Die schwere B\u00fccher stellen sehr leicht , \u00dcbungsb\u00fccher, Textb\u00fccher, Akten, B\u00fcrodokumente , so dass sie nicht leicht Trinkgeld, auch ideal f\u00fcr DVD-Enden und Videospiel-Endzeiten verwendet werden<br \/>\nKREATIV KUNG FU MAN DESIGN: k\u00fcnst und interessante Kunstfiguren, perfekt f\u00fcr passen mit Ihrem B\u00fccherregal, Schreibtisch und alle Arten von B\u00fcchern zusammenzupassen, ist es wunderbar, schm\u00fccken Sie Ihre Raum und halten Sie Ihre B\u00fccher organisiert und im Blick<br \/>\nANTI RUTSCH DESIGN: Im Gegensatz zu normalen Buchstutzen,es ist mit rutschfesten gepolsterten Basen entworfen,die an seinem Fu\u00df befestigt wird sorgt er daf\u00fcr, dass beliebig viele B\u00fccher gegen seinen ausgestreckten Arm angelehnt werden kann, ohne abrutschen.<br \/>\nBREITE ANWENDUNGEN: Es k\u00f6nnen auf Ihre K\u00fcchenarbeitsplatte zu legen, um Kochb\u00fccher zu halten, es zu benutzen, um B\u00fcroakten auf Ihrem Schreibtisch zu halten oder Ihre Lieblingsb\u00fccher, DVD Sammlungen auf Regal zu st\u00fctzen usw.<br \/>\n<div class=\"main-cross-sell\" data-asin=\"B074K9DZ6Y\">\n\n\t<div class=\"WooZone-cross-sell-loader\">\n\t\t<div>\n\t\t\t<div id=\"floatingBarsG\">\n\t\t\t\t<div class=\"blockG\" id=\"rotateG_01\"><\/div>\n\t\t\t\t<div class=\"blockG\" id=\"rotateG_02\"><\/div>\n\t\t\t\t<div class=\"blockG\" id=\"rotateG_03\"><\/div>\n\t\t\t\t<div class=\"blockG\" id=\"rotateG_04\"><\/div>\n\t\t\t\t<div class=\"blockG\" id=\"rotateG_05\"><\/div>\n\t\t\t\t<div class=\"blockG\" id=\"rotateG_06\"><\/div>\n\t\t\t\t<div class=\"blockG\" id=\"rotateG_07\"><\/div>\n\t\t\t\t<div class=\"blockG\" id=\"rotateG_08\"><\/div>\n\t\t\t<\/div>\n\t\t\t<div class=\"WooZone-cross-sell-loader-text\"><\/div>\n\t\t<\/div>\n\t<\/div>\n\n\t\t\n<\/div>\n<div style=\"clear:both;\"><\/div><\/p>\n","protected":false},"excerpt":{"rendered":"<p>SCHWERE BUCHST\u00dcTZEN: Kung Fu Man ist die Buchst\u00fctze aus Edelstahl,rostfrei, Korrosionsschutz, wird nicht knacken oder gebrochen, sorgen nicht nur f\u00fcr Langlebigkeit und Langlebigkeit, sondern auch kreativ, gl\u00e4nzend, elegant und zart<br \/>\nPRAKTISCHE SILBERBUCHTEN: Die schwere B\u00fccher stellen sehr leicht , \u00dcbungsb\u00fccher, Textb\u00fccher, Akten, B\u00fcrodokumente , so dass sie nicht leicht Trinkgeld, auch ideal f\u00fcr DVD-Enden und Videospiel-Endzeiten verwendet werden<br \/>\nKREATIV KUNG FU MAN DESIGN: k\u00fcnst und interessante Kunstfiguren, perfekt f\u00fcr passen mit Ihrem B\u00fccherregal, Schreibtisch und alle Arten von B\u00fcchern zusammenzupassen, ist es wunderbar, schm\u00fccken Sie Ihre Raum und halten Sie Ihre B\u00fccher organisiert und im Blick<\/p>\n","protected":false},"featured_media":108144,"comment_status":"open","ping_status":"closed","template":"","meta":[],"product_brand":[],"product_cat":[504,8284],"product_tag":[],"class_list":{"0":"post-108143","1":"product","2":"type-product","3":"status-publish","4":"has-post-thumbnail","6":"product_cat-buerobedarf-schreibwaren","7":"product_cat-bueromaterial","8":"pa_binding-buerobedarf-schreibwaren","9":"pa_brand-tebery","10":"pa_manufacturer-tebery","12":"first","13":"instock","14":"shipping-taxable","15":"purchasable","16":"product-type-simple","17":"customify-col","18":"product-has-gallery"},"yoast_head":"<!-- This site is optimized with the Yoast SEO plugin v27.3 - https:\/\/yoast.com\/product\/yoast-seo-wordpress\/ -->\n<title>Tebery Edelstahl Man Buchst\u00fctzen B\u00fccheneule 1Paar - Markt-XXL<\/title>\n<meta name=\"description\" content=\"Markt-XXL Tebery Edelstahl Man Buchst\u00fctzen B\u00fccheneule 1Paar\" \/>\n<meta name=\"robots\" content=\"index, follow, max-snippet:-1, max-image-preview:large, max-video-preview:-1\" \/>\n<link rel=\"canonical\" href=\"https:\/\/marktxxl.de\/markt\/produkt\/tebery-edelstahl-man-buchstuetzen-buecheneule-1paar\/\" \/>\n<meta property=\"og:locale\" content=\"de_DE\" \/>\n<meta property=\"og:type\" content=\"article\" \/>\n<meta property=\"og:title\" content=\"Tebery Edelstahl Man Buchst\u00fctzen B\u00fccheneule 1Paar - Markt-XXL\" \/>\n<meta property=\"og:description\" content=\"Markt-XXL Tebery Edelstahl Man Buchst\u00fctzen B\u00fccheneule 1Paar\" \/>\n<meta property=\"og:url\" content=\"https:\/\/marktxxl.de\/markt\/produkt\/tebery-edelstahl-man-buchstuetzen-buecheneule-1paar\/\" \/>\n<meta property=\"og:site_name\" content=\"Markt-XXL\" \/>\n<meta property=\"article:modified_time\" content=\"2023-04-11T01:33:21+00:00\" \/>\n<meta property=\"og:image\" content=\"https:\/\/m.media-amazon.com\/images\/I\/51UqkkJGi2L._SL500_.jpg\" \/>\n\t<meta property=\"og:image:width\" content=\"500\" \/>\n\t<meta property=\"og:image:height\" content=\"432\" \/>\n\t<meta property=\"og:image:type\" content=\"image\/jpeg\" \/>\n<meta name=\"twitter:card\" content=\"summary_large_image\" \/>\n<meta name=\"twitter:label1\" content=\"Gesch\u00e4tzte Lesezeit\" \/>\n\t<meta name=\"twitter:data1\" content=\"1\u00a0Minute\" \/>\n<script type=\"application\/ld+json\" class=\"yoast-schema-graph\">{\"@context\":\"https:\\\/\\\/schema.org\",\"@graph\":[{\"@type\":\"WebPage\",\"@id\":\"https:\\\/\\\/marktxxl.de\\\/markt\\\/produkt\\\/tebery-edelstahl-man-buchstuetzen-buecheneule-1paar\\\/\",\"url\":\"https:\\\/\\\/marktxxl.de\\\/markt\\\/produkt\\\/tebery-edelstahl-man-buchstuetzen-buecheneule-1paar\\\/\",\"name\":\"Tebery Edelstahl Man Buchst\u00fctzen B\u00fccheneule 1Paar - Markt-XXL\",\"isPartOf\":{\"@id\":\"https:\\\/\\\/marktxxl.de\\\/markt\\\/#website\"},\"primaryImageOfPage\":{\"@id\":\"https:\\\/\\\/marktxxl.de\\\/markt\\\/produkt\\\/tebery-edelstahl-man-buchstuetzen-buecheneule-1paar\\\/#primaryimage\"},\"image\":{\"@id\":\"https:\\\/\\\/marktxxl.de\\\/markt\\\/produkt\\\/tebery-edelstahl-man-buchstuetzen-buecheneule-1paar\\\/#primaryimage\"},\"thumbnailUrl\":\"https:\\\/\\\/m.media-amazon.com\\\/images\\\/I\\\/51UqkkJGi2L._SL500_.jpg\",\"datePublished\":\"2022-02-26T16:58:05+00:00\",\"dateModified\":\"2023-04-11T01:33:21+00:00\",\"description\":\"Markt-XXL Tebery Edelstahl Man Buchst\u00fctzen B\u00fccheneule 1Paar\",\"breadcrumb\":{\"@id\":\"https:\\\/\\\/marktxxl.de\\\/markt\\\/produkt\\\/tebery-edelstahl-man-buchstuetzen-buecheneule-1paar\\\/#breadcrumb\"},\"inLanguage\":\"de\",\"potentialAction\":[{\"@type\":\"ReadAction\",\"target\":[\"https:\\\/\\\/marktxxl.de\\\/markt\\\/produkt\\\/tebery-edelstahl-man-buchstuetzen-buecheneule-1paar\\\/\"]}]},{\"@type\":\"ImageObject\",\"inLanguage\":\"de\",\"@id\":\"https:\\\/\\\/marktxxl.de\\\/markt\\\/produkt\\\/tebery-edelstahl-man-buchstuetzen-buecheneule-1paar\\\/#primaryimage\",\"url\":\"https:\\\/\\\/m.media-amazon.com\\\/images\\\/I\\\/51UqkkJGi2L._SL500_.jpg\",\"contentUrl\":\"https:\\\/\\\/m.media-amazon.com\\\/images\\\/I\\\/51UqkkJGi2L._SL500_.jpg\",\"width\":500,\"height\":432},{\"@type\":\"BreadcrumbList\",\"@id\":\"https:\\\/\\\/marktxxl.de\\\/markt\\\/produkt\\\/tebery-edelstahl-man-buchstuetzen-buecheneule-1paar\\\/#breadcrumb\",\"itemListElement\":[{\"@type\":\"ListItem\",\"position\":1,\"name\":\"Startseite\",\"item\":\"https:\\\/\\\/marktxxl.de\\\/markt\\\/\"},{\"@type\":\"ListItem\",\"position\":2,\"name\":\"Markt\",\"item\":\"https:\\\/\\\/marktxxl.de\\\/markt\\\/\"},{\"@type\":\"ListItem\",\"position\":3,\"name\":\"Tebery Edelstahl Man Buchst\u00fctzen B\u00fccheneule 1Paar\"}]},{\"@type\":\"WebSite\",\"@id\":\"https:\\\/\\\/marktxxl.de\\\/markt\\\/#website\",\"url\":\"https:\\\/\\\/marktxxl.de\\\/markt\\\/\",\"name\":\"Markt-XXL\",\"description\":\"Ihr Markt Online\",\"publisher\":{\"@id\":\"https:\\\/\\\/marktxxl.de\\\/markt\\\/#organization\"},\"potentialAction\":[{\"@type\":\"SearchAction\",\"target\":{\"@type\":\"EntryPoint\",\"urlTemplate\":\"https:\\\/\\\/marktxxl.de\\\/markt\\\/?s={search_term_string}\"},\"query-input\":{\"@type\":\"PropertyValueSpecification\",\"valueRequired\":true,\"valueName\":\"search_term_string\"}}],\"inLanguage\":\"de\"},{\"@type\":\"Organization\",\"@id\":\"https:\\\/\\\/marktxxl.de\\\/markt\\\/#organization\",\"name\":\"Markt-XXL\",\"url\":\"https:\\\/\\\/marktxxl.de\\\/markt\\\/\",\"logo\":{\"@type\":\"ImageObject\",\"inLanguage\":\"de\",\"@id\":\"https:\\\/\\\/marktxxl.de\\\/markt\\\/#\\\/schema\\\/logo\\\/image\\\/\",\"url\":\"https:\\\/\\\/marktxxl.de\\\/markt\\\/wp-content\\\/uploads\\\/sites\\\/3\\\/2020\\\/12\\\/logo.png\",\"contentUrl\":\"https:\\\/\\\/marktxxl.de\\\/markt\\\/wp-content\\\/uploads\\\/sites\\\/3\\\/2020\\\/12\\\/logo.png\",\"width\":200,\"height\":70,\"caption\":\"Markt-XXL\"},\"image\":{\"@id\":\"https:\\\/\\\/marktxxl.de\\\/markt\\\/#\\\/schema\\\/logo\\\/image\\\/\"}}]}<\/script>\n<!-- \/ Yoast SEO plugin. -->","yoast_head_json":{"title":"Tebery Edelstahl Man Buchst\u00fctzen B\u00fccheneule 1Paar - Markt-XXL","description":"Markt-XXL Tebery Edelstahl Man Buchst\u00fctzen B\u00fccheneule 1Paar","robots":{"index":"index","follow":"follow","max-snippet":"max-snippet:-1","max-image-preview":"max-image-preview:large","max-video-preview":"max-video-preview:-1"},"canonical":"https:\/\/marktxxl.de\/markt\/produkt\/tebery-edelstahl-man-buchstuetzen-buecheneule-1paar\/","og_locale":"de_DE","og_type":"article","og_title":"Tebery Edelstahl Man Buchst\u00fctzen B\u00fccheneule 1Paar - Markt-XXL","og_description":"Markt-XXL Tebery Edelstahl Man Buchst\u00fctzen B\u00fccheneule 1Paar","og_url":"https:\/\/marktxxl.de\/markt\/produkt\/tebery-edelstahl-man-buchstuetzen-buecheneule-1paar\/","og_site_name":"Markt-XXL","article_modified_time":"2023-04-11T01:33:21+00:00","og_image":[{"width":500,"height":432,"url":"https:\/\/m.media-amazon.com\/images\/I\/51UqkkJGi2L._SL500_.jpg","type":"image\/jpeg"}],"twitter_card":"summary_large_image","twitter_misc":{"Gesch\u00e4tzte Lesezeit":"1\u00a0Minute"},"schema":{"@context":"https:\/\/schema.org","@graph":[{"@type":"WebPage","@id":"https:\/\/marktxxl.de\/markt\/produkt\/tebery-edelstahl-man-buchstuetzen-buecheneule-1paar\/","url":"https:\/\/marktxxl.de\/markt\/produkt\/tebery-edelstahl-man-buchstuetzen-buecheneule-1paar\/","name":"Tebery Edelstahl Man Buchst\u00fctzen B\u00fccheneule 1Paar - Markt-XXL","isPartOf":{"@id":"https:\/\/marktxxl.de\/markt\/#website"},"primaryImageOfPage":{"@id":"https:\/\/marktxxl.de\/markt\/produkt\/tebery-edelstahl-man-buchstuetzen-buecheneule-1paar\/#primaryimage"},"image":{"@id":"https:\/\/marktxxl.de\/markt\/produkt\/tebery-edelstahl-man-buchstuetzen-buecheneule-1paar\/#primaryimage"},"thumbnailUrl":"https:\/\/m.media-amazon.com\/images\/I\/51UqkkJGi2L._SL500_.jpg","datePublished":"2022-02-26T16:58:05+00:00","dateModified":"2023-04-11T01:33:21+00:00","description":"Markt-XXL Tebery Edelstahl Man Buchst\u00fctzen B\u00fccheneule 1Paar","breadcrumb":{"@id":"https:\/\/marktxxl.de\/markt\/produkt\/tebery-edelstahl-man-buchstuetzen-buecheneule-1paar\/#breadcrumb"},"inLanguage":"de","potentialAction":[{"@type":"ReadAction","target":["https:\/\/marktxxl.de\/markt\/produkt\/tebery-edelstahl-man-buchstuetzen-buecheneule-1paar\/"]}]},{"@type":"ImageObject","inLanguage":"de","@id":"https:\/\/marktxxl.de\/markt\/produkt\/tebery-edelstahl-man-buchstuetzen-buecheneule-1paar\/#primaryimage","url":"https:\/\/m.media-amazon.com\/images\/I\/51UqkkJGi2L._SL500_.jpg","contentUrl":"https:\/\/m.media-amazon.com\/images\/I\/51UqkkJGi2L._SL500_.jpg","width":500,"height":432},{"@type":"BreadcrumbList","@id":"https:\/\/marktxxl.de\/markt\/produkt\/tebery-edelstahl-man-buchstuetzen-buecheneule-1paar\/#breadcrumb","itemListElement":[{"@type":"ListItem","position":1,"name":"Startseite","item":"https:\/\/marktxxl.de\/markt\/"},{"@type":"ListItem","position":2,"name":"Markt","item":"https:\/\/marktxxl.de\/markt\/"},{"@type":"ListItem","position":3,"name":"Tebery Edelstahl Man Buchst\u00fctzen B\u00fccheneule 1Paar"}]},{"@type":"WebSite","@id":"https:\/\/marktxxl.de\/markt\/#website","url":"https:\/\/marktxxl.de\/markt\/","name":"Markt-XXL","description":"Ihr Markt Online","publisher":{"@id":"https:\/\/marktxxl.de\/markt\/#organization"},"potentialAction":[{"@type":"SearchAction","target":{"@type":"EntryPoint","urlTemplate":"https:\/\/marktxxl.de\/markt\/?s={search_term_string}"},"query-input":{"@type":"PropertyValueSpecification","valueRequired":true,"valueName":"search_term_string"}}],"inLanguage":"de"},{"@type":"Organization","@id":"https:\/\/marktxxl.de\/markt\/#organization","name":"Markt-XXL","url":"https:\/\/marktxxl.de\/markt\/","logo":{"@type":"ImageObject","inLanguage":"de","@id":"https:\/\/marktxxl.de\/markt\/#\/schema\/logo\/image\/","url":"https:\/\/marktxxl.de\/markt\/wp-content\/uploads\/sites\/3\/2020\/12\/logo.png","contentUrl":"https:\/\/marktxxl.de\/markt\/wp-content\/uploads\/sites\/3\/2020\/12\/logo.png","width":200,"height":70,"caption":"Markt-XXL"},"image":{"@id":"https:\/\/marktxxl.de\/markt\/#\/schema\/logo\/image\/"}}]}},"_links":{"self":[{"href":"https:\/\/marktxxl.de\/markt\/wp-json\/wp\/v2\/product\/108143","targetHints":{"allow":["GET"]}}],"collection":[{"href":"https:\/\/marktxxl.de\/markt\/wp-json\/wp\/v2\/product"}],"about":[{"href":"https:\/\/marktxxl.de\/markt\/wp-json\/wp\/v2\/types\/product"}],"replies":[{"embeddable":true,"href":"https:\/\/marktxxl.de\/markt\/wp-json\/wp\/v2\/comments?post=108143"}],"wp:featuredmedia":[{"embeddable":true,"href":"https:\/\/marktxxl.de\/markt\/wp-json\/wp\/v2\/media\/108144"}],"wp:attachment":[{"href":"https:\/\/marktxxl.de\/markt\/wp-json\/wp\/v2\/media?parent=108143"}],"wp:term":[{"taxonomy":"product_brand","embeddable":true,"href":"https:\/\/marktxxl.de\/markt\/wp-json\/wp\/v2\/product_brand?post=108143"},{"taxonomy":"product_cat","embeddable":true,"href":"https:\/\/marktxxl.de\/markt\/wp-json\/wp\/v2\/product_cat?post=108143"},{"taxonomy":"product_tag","embeddable":true,"href":"https:\/\/marktxxl.de\/markt\/wp-json\/wp\/v2\/product_tag?post=108143"}],"curies":[{"name":"wp","href":"https:\/\/api.w.org\/{rel}","templated":true}]}}