{"id":107866,"date":"2022-02-26T17:45:53","date_gmt":"2022-02-26T16:45:53","guid":{"rendered":"https:\/\/marktxxl.de\/markt\/produkt\/uraqt-36-farben-kinderschminke-set-faschinggesichtsfarbe-schminkstifte-bodypaint-schminkpalette-fuer-faschingsschminke-kinder-fasching-schminke-karneval-halloween-koerpermalfarben-glitzer-buntstifte\/"},"modified":"2023-04-11T03:33:17","modified_gmt":"2023-04-11T01:33:17","slug":"uraqt-36-farben-kinderschminke-set-faschinggesichtsfarbe-schminkstifte-bodypaint-schminkpalette-fuer-faschingsschminke-kinder-fasching-schminke-karneval-halloween-koerpermalfarben-glitzer-buntstifte","status":"publish","type":"product","link":"https:\/\/marktxxl.de\/markt\/produkt\/uraqt-36-farben-kinderschminke-set-faschinggesichtsfarbe-schminkstifte-bodypaint-schminkpalette-fuer-faschingsschminke-kinder-fasching-schminke-karneval-halloween-koerpermalfarben-glitzer-buntstifte\/","title":{"rendered":"URAQT 36 Farben Kinderschminke Set Fasching,Gesichtsfarbe Schminkstifte Bodypaint Schminkpalette f\u00fcr Faschingsschminke\u2026"},"content":{"rendered":"<p>\ud83d\udc4d\u3010NICHT-TOXISCHE\u3011URAQT Paint Crayons sind ungiftig und sicher f\u00fcr die Anwendung. Diese Buntstifte eignen sich f\u00fcr Kinder jeden Alters, Kinder, Kleinkinder und Erwachsene.<br \/>\n\ud83d\udc4d\u3010Verschieden Farben\u3011Dieses Schminken-Set f\u00fcr Gesichtsmalereien erm\u00f6glicht es Ihnen mit 36 Farben Ihre eigene ideale Arbeit f\u00fcr Ihr Gesicht zu kreieren. Die Schablonen f\u00fcr Gesichtsmalereien helfen Kindern dabei, ihre grenzenlose Fantasie und Farbgebung zu entwickeln.<br \/>\n\ud83d\udc4d\u3010EASY WASCHEN\u3011Der Wachsmalstift enth\u00e4lt \u00f6lige Inhaltsstoffe. Wenn er direkt mit Wasser gewaschen wird, verbleiben Teile davon. Es wird empfohlen, vor dem Waschen einen milden Make-up-Entferner oder ein Reinigungs\u00f6l zu verwenden.<br \/>\n\ud83d\udc4d\u3010Gro\u00dfe Auswahl an Anwendungen\u3011Dieses K\u00f6rpermal Schminkstiftet ist sehr beliebt f\u00fcr jede besondere Veranstaltung, wie Halloween, Geburtstagsfeier, Verkleidung spielen, Weihnachten, Braut Make-up Styling, Make-up Lehre, Festivals Malerei, Sport-Spiel und so weiter.<br \/>\n\ud83d\udc4d\u3010Sicher\u3011Unsere Gesichtsfarben bestehen aus hochwertigem Paraffin, das nach EN 71 \/ CE zertifiziert ist, ungiftig, sicher; Geeignet f\u00fcr Kinder ab 3 Jahren oder Erwachsene. (Hinweis: Bitte kontaktieren Sie den Verk\u00e4ufer, wenn das Produkt durch den Transport besch\u00e4digt wurde.)<br \/>\n<div class=\"main-cross-sell\" data-asin=\"B08BJNJHFG\">\n\n\t<div class=\"WooZone-cross-sell-loader\">\n\t\t<div>\n\t\t\t<div id=\"floatingBarsG\">\n\t\t\t\t<div class=\"blockG\" id=\"rotateG_01\"><\/div>\n\t\t\t\t<div class=\"blockG\" id=\"rotateG_02\"><\/div>\n\t\t\t\t<div class=\"blockG\" id=\"rotateG_03\"><\/div>\n\t\t\t\t<div class=\"blockG\" id=\"rotateG_04\"><\/div>\n\t\t\t\t<div class=\"blockG\" id=\"rotateG_05\"><\/div>\n\t\t\t\t<div class=\"blockG\" id=\"rotateG_06\"><\/div>\n\t\t\t\t<div class=\"blockG\" id=\"rotateG_07\"><\/div>\n\t\t\t\t<div class=\"blockG\" id=\"rotateG_08\"><\/div>\n\t\t\t<\/div>\n\t\t\t<div class=\"WooZone-cross-sell-loader-text\"><\/div>\n\t\t<\/div>\n\t<\/div>\n\n\t\t\n<\/div>\n<div style=\"clear:both;\"><\/div><\/p>\n","protected":false},"excerpt":{"rendered":"<p>\ud83d\udc4d\u3010NICHT-TOXISCHE\u3011URAQT Paint Crayons sind ungiftig und sicher f\u00fcr die Anwendung. Diese Buntstifte eignen sich f\u00fcr Kinder jeden Alters, Kinder, Kleinkinder und Erwachsene.<br \/>\n\ud83d\udc4d\u3010Verschieden Farben\u3011Dieses Schminken-Set f\u00fcr Gesichtsmalereien erm\u00f6glicht es Ihnen mit 36 Farben Ihre eigene ideale Arbeit f\u00fcr Ihr Gesicht zu kreieren. Die Schablonen f\u00fcr Gesichtsmalereien helfen Kindern dabei, ihre grenzenlose Fantasie und Farbgebung zu entwickeln.<br \/>\n\ud83d\udc4d\u3010EASY WASCHEN\u3011Der Wachsmalstift enth\u00e4lt \u00f6lige Inhaltsstoffe. Wenn er direkt mit Wasser gewaschen wird, verbleiben Teile davon. Es wird empfohlen, vor dem Waschen einen milden Make-up-Entferner oder ein Reinigungs\u00f6l zu verwenden.<\/p>\n","protected":false},"featured_media":107867,"comment_status":"open","ping_status":"closed","template":"","meta":[],"product_brand":[],"product_cat":[2858,7575],"product_tag":[],"class_list":{"0":"post-107866","1":"product","2":"type-product","3":"status-publish","4":"has-post-thumbnail","6":"product_cat-beauty","7":"product_cat-make-up","8":"pa_brand-uraqt","9":"pa_manufacturer-uraqt","10":"pa_size-36-stueck-1er-pack","12":"first","13":"instock","14":"shipping-taxable","15":"purchasable","16":"product-type-simple","17":"customify-col","18":"product-has-gallery"},"yoast_head":"<!-- This site is optimized with the Yoast SEO plugin v27.4 - https:\/\/yoast.com\/product\/yoast-seo-wordpress\/ -->\n<title>URAQT 36 Farben Kinderschminke Set Fasching,Gesichtsfarbe Schminkstifte Bodypaint Schminkpalette f\u00fcr Faschingsschminke\u2026 - Markt-XXL<\/title>\n<meta name=\"description\" content=\"Markt-XXL URAQT 36 Farben Kinderschminke Set Fasching,Gesichtsfarbe Schminkstifte Bodypaint Schminkpalette f\u00fcr Faschingsschminke\u2026\" \/>\n<meta name=\"robots\" content=\"index, follow, max-snippet:-1, max-image-preview:large, max-video-preview:-1\" \/>\n<link rel=\"canonical\" href=\"https:\/\/marktxxl.de\/markt\/produkt\/uraqt-36-farben-kinderschminke-set-faschinggesichtsfarbe-schminkstifte-bodypaint-schminkpalette-fuer-faschingsschminke-kinder-fasching-schminke-karneval-halloween-koerpermalfarben-glitzer-buntstifte\/\" \/>\n<meta property=\"og:locale\" content=\"de_DE\" \/>\n<meta property=\"og:type\" content=\"article\" \/>\n<meta property=\"og:title\" content=\"URAQT 36 Farben Kinderschminke Set Fasching,Gesichtsfarbe Schminkstifte Bodypaint Schminkpalette f\u00fcr Faschingsschminke\u2026 - Markt-XXL\" \/>\n<meta property=\"og:description\" content=\"Markt-XXL URAQT 36 Farben Kinderschminke Set Fasching,Gesichtsfarbe Schminkstifte Bodypaint Schminkpalette f\u00fcr Faschingsschminke\u2026\" \/>\n<meta property=\"og:url\" content=\"https:\/\/marktxxl.de\/markt\/produkt\/uraqt-36-farben-kinderschminke-set-faschinggesichtsfarbe-schminkstifte-bodypaint-schminkpalette-fuer-faschingsschminke-kinder-fasching-schminke-karneval-halloween-koerpermalfarben-glitzer-buntstifte\/\" \/>\n<meta property=\"og:site_name\" content=\"Markt-XXL\" \/>\n<meta property=\"article:modified_time\" content=\"2023-04-11T01:33:17+00:00\" \/>\n<meta property=\"og:image\" content=\"https:\/\/m.media-amazon.com\/images\/I\/5199uuY1fJL._SL500_.jpg\" \/>\n\t<meta property=\"og:image:width\" content=\"500\" \/>\n\t<meta property=\"og:image:height\" content=\"500\" \/>\n\t<meta property=\"og:image:type\" content=\"image\/jpeg\" \/>\n<meta name=\"twitter:card\" content=\"summary_large_image\" \/>\n<meta name=\"twitter:label1\" content=\"Gesch\u00e4tzte Lesezeit\" \/>\n\t<meta name=\"twitter:data1\" content=\"1\u00a0Minute\" \/>\n<script type=\"application\/ld+json\" class=\"yoast-schema-graph\">{\"@context\":\"https:\\\/\\\/schema.org\",\"@graph\":[{\"@type\":\"WebPage\",\"@id\":\"https:\\\/\\\/marktxxl.de\\\/markt\\\/produkt\\\/uraqt-36-farben-kinderschminke-set-faschinggesichtsfarbe-schminkstifte-bodypaint-schminkpalette-fuer-faschingsschminke-kinder-fasching-schminke-karneval-halloween-koerpermalfarben-glitzer-buntstifte\\\/\",\"url\":\"https:\\\/\\\/marktxxl.de\\\/markt\\\/produkt\\\/uraqt-36-farben-kinderschminke-set-faschinggesichtsfarbe-schminkstifte-bodypaint-schminkpalette-fuer-faschingsschminke-kinder-fasching-schminke-karneval-halloween-koerpermalfarben-glitzer-buntstifte\\\/\",\"name\":\"URAQT 36 Farben Kinderschminke Set Fasching,Gesichtsfarbe Schminkstifte Bodypaint Schminkpalette f\u00fcr Faschingsschminke\u2026 - Markt-XXL\",\"isPartOf\":{\"@id\":\"https:\\\/\\\/marktxxl.de\\\/markt\\\/#website\"},\"primaryImageOfPage\":{\"@id\":\"https:\\\/\\\/marktxxl.de\\\/markt\\\/produkt\\\/uraqt-36-farben-kinderschminke-set-faschinggesichtsfarbe-schminkstifte-bodypaint-schminkpalette-fuer-faschingsschminke-kinder-fasching-schminke-karneval-halloween-koerpermalfarben-glitzer-buntstifte\\\/#primaryimage\"},\"image\":{\"@id\":\"https:\\\/\\\/marktxxl.de\\\/markt\\\/produkt\\\/uraqt-36-farben-kinderschminke-set-faschinggesichtsfarbe-schminkstifte-bodypaint-schminkpalette-fuer-faschingsschminke-kinder-fasching-schminke-karneval-halloween-koerpermalfarben-glitzer-buntstifte\\\/#primaryimage\"},\"thumbnailUrl\":\"https:\\\/\\\/m.media-amazon.com\\\/images\\\/I\\\/5199uuY1fJL._SL500_.jpg\",\"datePublished\":\"2022-02-26T16:45:53+00:00\",\"dateModified\":\"2023-04-11T01:33:17+00:00\",\"description\":\"Markt-XXL URAQT 36 Farben Kinderschminke Set Fasching,Gesichtsfarbe Schminkstifte Bodypaint Schminkpalette f\u00fcr Faschingsschminke\u2026\",\"breadcrumb\":{\"@id\":\"https:\\\/\\\/marktxxl.de\\\/markt\\\/produkt\\\/uraqt-36-farben-kinderschminke-set-faschinggesichtsfarbe-schminkstifte-bodypaint-schminkpalette-fuer-faschingsschminke-kinder-fasching-schminke-karneval-halloween-koerpermalfarben-glitzer-buntstifte\\\/#breadcrumb\"},\"inLanguage\":\"de\",\"potentialAction\":[{\"@type\":\"ReadAction\",\"target\":[\"https:\\\/\\\/marktxxl.de\\\/markt\\\/produkt\\\/uraqt-36-farben-kinderschminke-set-faschinggesichtsfarbe-schminkstifte-bodypaint-schminkpalette-fuer-faschingsschminke-kinder-fasching-schminke-karneval-halloween-koerpermalfarben-glitzer-buntstifte\\\/\"]}]},{\"@type\":\"ImageObject\",\"inLanguage\":\"de\",\"@id\":\"https:\\\/\\\/marktxxl.de\\\/markt\\\/produkt\\\/uraqt-36-farben-kinderschminke-set-faschinggesichtsfarbe-schminkstifte-bodypaint-schminkpalette-fuer-faschingsschminke-kinder-fasching-schminke-karneval-halloween-koerpermalfarben-glitzer-buntstifte\\\/#primaryimage\",\"url\":\"https:\\\/\\\/m.media-amazon.com\\\/images\\\/I\\\/5199uuY1fJL._SL500_.jpg\",\"contentUrl\":\"https:\\\/\\\/m.media-amazon.com\\\/images\\\/I\\\/5199uuY1fJL._SL500_.jpg\",\"width\":500,\"height\":500},{\"@type\":\"BreadcrumbList\",\"@id\":\"https:\\\/\\\/marktxxl.de\\\/markt\\\/produkt\\\/uraqt-36-farben-kinderschminke-set-faschinggesichtsfarbe-schminkstifte-bodypaint-schminkpalette-fuer-faschingsschminke-kinder-fasching-schminke-karneval-halloween-koerpermalfarben-glitzer-buntstifte\\\/#breadcrumb\",\"itemListElement\":[{\"@type\":\"ListItem\",\"position\":1,\"name\":\"Startseite\",\"item\":\"https:\\\/\\\/marktxxl.de\\\/markt\\\/\"},{\"@type\":\"ListItem\",\"position\":2,\"name\":\"Markt\",\"item\":\"https:\\\/\\\/marktxxl.de\\\/markt\\\/\"},{\"@type\":\"ListItem\",\"position\":3,\"name\":\"URAQT 36 Farben Kinderschminke Set Fasching,Gesichtsfarbe Schminkstifte Bodypaint Schminkpalette f\u00fcr Faschingsschminke\u2026\"}]},{\"@type\":\"WebSite\",\"@id\":\"https:\\\/\\\/marktxxl.de\\\/markt\\\/#website\",\"url\":\"https:\\\/\\\/marktxxl.de\\\/markt\\\/\",\"name\":\"Markt-XXL\",\"description\":\"Ihr Markt Online\",\"publisher\":{\"@id\":\"https:\\\/\\\/marktxxl.de\\\/markt\\\/#organization\"},\"potentialAction\":[{\"@type\":\"SearchAction\",\"target\":{\"@type\":\"EntryPoint\",\"urlTemplate\":\"https:\\\/\\\/marktxxl.de\\\/markt\\\/?s={search_term_string}\"},\"query-input\":{\"@type\":\"PropertyValueSpecification\",\"valueRequired\":true,\"valueName\":\"search_term_string\"}}],\"inLanguage\":\"de\"},{\"@type\":\"Organization\",\"@id\":\"https:\\\/\\\/marktxxl.de\\\/markt\\\/#organization\",\"name\":\"Markt-XXL\",\"url\":\"https:\\\/\\\/marktxxl.de\\\/markt\\\/\",\"logo\":{\"@type\":\"ImageObject\",\"inLanguage\":\"de\",\"@id\":\"https:\\\/\\\/marktxxl.de\\\/markt\\\/#\\\/schema\\\/logo\\\/image\\\/\",\"url\":\"https:\\\/\\\/marktxxl.de\\\/markt\\\/wp-content\\\/uploads\\\/sites\\\/3\\\/2020\\\/12\\\/logo.png\",\"contentUrl\":\"https:\\\/\\\/marktxxl.de\\\/markt\\\/wp-content\\\/uploads\\\/sites\\\/3\\\/2020\\\/12\\\/logo.png\",\"width\":200,\"height\":70,\"caption\":\"Markt-XXL\"},\"image\":{\"@id\":\"https:\\\/\\\/marktxxl.de\\\/markt\\\/#\\\/schema\\\/logo\\\/image\\\/\"}}]}<\/script>\n<!-- \/ Yoast SEO plugin. -->","yoast_head_json":{"title":"URAQT 36 Farben Kinderschminke Set Fasching,Gesichtsfarbe Schminkstifte Bodypaint Schminkpalette f\u00fcr Faschingsschminke\u2026 - Markt-XXL","description":"Markt-XXL URAQT 36 Farben Kinderschminke Set Fasching,Gesichtsfarbe Schminkstifte Bodypaint Schminkpalette f\u00fcr Faschingsschminke\u2026","robots":{"index":"index","follow":"follow","max-snippet":"max-snippet:-1","max-image-preview":"max-image-preview:large","max-video-preview":"max-video-preview:-1"},"canonical":"https:\/\/marktxxl.de\/markt\/produkt\/uraqt-36-farben-kinderschminke-set-faschinggesichtsfarbe-schminkstifte-bodypaint-schminkpalette-fuer-faschingsschminke-kinder-fasching-schminke-karneval-halloween-koerpermalfarben-glitzer-buntstifte\/","og_locale":"de_DE","og_type":"article","og_title":"URAQT 36 Farben Kinderschminke Set Fasching,Gesichtsfarbe Schminkstifte Bodypaint Schminkpalette f\u00fcr Faschingsschminke\u2026 - Markt-XXL","og_description":"Markt-XXL URAQT 36 Farben Kinderschminke Set Fasching,Gesichtsfarbe Schminkstifte Bodypaint Schminkpalette f\u00fcr Faschingsschminke\u2026","og_url":"https:\/\/marktxxl.de\/markt\/produkt\/uraqt-36-farben-kinderschminke-set-faschinggesichtsfarbe-schminkstifte-bodypaint-schminkpalette-fuer-faschingsschminke-kinder-fasching-schminke-karneval-halloween-koerpermalfarben-glitzer-buntstifte\/","og_site_name":"Markt-XXL","article_modified_time":"2023-04-11T01:33:17+00:00","og_image":[{"width":500,"height":500,"url":"https:\/\/m.media-amazon.com\/images\/I\/5199uuY1fJL._SL500_.jpg","type":"image\/jpeg"}],"twitter_card":"summary_large_image","twitter_misc":{"Gesch\u00e4tzte Lesezeit":"1\u00a0Minute"},"schema":{"@context":"https:\/\/schema.org","@graph":[{"@type":"WebPage","@id":"https:\/\/marktxxl.de\/markt\/produkt\/uraqt-36-farben-kinderschminke-set-faschinggesichtsfarbe-schminkstifte-bodypaint-schminkpalette-fuer-faschingsschminke-kinder-fasching-schminke-karneval-halloween-koerpermalfarben-glitzer-buntstifte\/","url":"https:\/\/marktxxl.de\/markt\/produkt\/uraqt-36-farben-kinderschminke-set-faschinggesichtsfarbe-schminkstifte-bodypaint-schminkpalette-fuer-faschingsschminke-kinder-fasching-schminke-karneval-halloween-koerpermalfarben-glitzer-buntstifte\/","name":"URAQT 36 Farben Kinderschminke Set Fasching,Gesichtsfarbe Schminkstifte Bodypaint Schminkpalette f\u00fcr Faschingsschminke\u2026 - Markt-XXL","isPartOf":{"@id":"https:\/\/marktxxl.de\/markt\/#website"},"primaryImageOfPage":{"@id":"https:\/\/marktxxl.de\/markt\/produkt\/uraqt-36-farben-kinderschminke-set-faschinggesichtsfarbe-schminkstifte-bodypaint-schminkpalette-fuer-faschingsschminke-kinder-fasching-schminke-karneval-halloween-koerpermalfarben-glitzer-buntstifte\/#primaryimage"},"image":{"@id":"https:\/\/marktxxl.de\/markt\/produkt\/uraqt-36-farben-kinderschminke-set-faschinggesichtsfarbe-schminkstifte-bodypaint-schminkpalette-fuer-faschingsschminke-kinder-fasching-schminke-karneval-halloween-koerpermalfarben-glitzer-buntstifte\/#primaryimage"},"thumbnailUrl":"https:\/\/m.media-amazon.com\/images\/I\/5199uuY1fJL._SL500_.jpg","datePublished":"2022-02-26T16:45:53+00:00","dateModified":"2023-04-11T01:33:17+00:00","description":"Markt-XXL URAQT 36 Farben Kinderschminke Set Fasching,Gesichtsfarbe Schminkstifte Bodypaint Schminkpalette f\u00fcr Faschingsschminke\u2026","breadcrumb":{"@id":"https:\/\/marktxxl.de\/markt\/produkt\/uraqt-36-farben-kinderschminke-set-faschinggesichtsfarbe-schminkstifte-bodypaint-schminkpalette-fuer-faschingsschminke-kinder-fasching-schminke-karneval-halloween-koerpermalfarben-glitzer-buntstifte\/#breadcrumb"},"inLanguage":"de","potentialAction":[{"@type":"ReadAction","target":["https:\/\/marktxxl.de\/markt\/produkt\/uraqt-36-farben-kinderschminke-set-faschinggesichtsfarbe-schminkstifte-bodypaint-schminkpalette-fuer-faschingsschminke-kinder-fasching-schminke-karneval-halloween-koerpermalfarben-glitzer-buntstifte\/"]}]},{"@type":"ImageObject","inLanguage":"de","@id":"https:\/\/marktxxl.de\/markt\/produkt\/uraqt-36-farben-kinderschminke-set-faschinggesichtsfarbe-schminkstifte-bodypaint-schminkpalette-fuer-faschingsschminke-kinder-fasching-schminke-karneval-halloween-koerpermalfarben-glitzer-buntstifte\/#primaryimage","url":"https:\/\/m.media-amazon.com\/images\/I\/5199uuY1fJL._SL500_.jpg","contentUrl":"https:\/\/m.media-amazon.com\/images\/I\/5199uuY1fJL._SL500_.jpg","width":500,"height":500},{"@type":"BreadcrumbList","@id":"https:\/\/marktxxl.de\/markt\/produkt\/uraqt-36-farben-kinderschminke-set-faschinggesichtsfarbe-schminkstifte-bodypaint-schminkpalette-fuer-faschingsschminke-kinder-fasching-schminke-karneval-halloween-koerpermalfarben-glitzer-buntstifte\/#breadcrumb","itemListElement":[{"@type":"ListItem","position":1,"name":"Startseite","item":"https:\/\/marktxxl.de\/markt\/"},{"@type":"ListItem","position":2,"name":"Markt","item":"https:\/\/marktxxl.de\/markt\/"},{"@type":"ListItem","position":3,"name":"URAQT 36 Farben Kinderschminke Set Fasching,Gesichtsfarbe Schminkstifte Bodypaint Schminkpalette f\u00fcr Faschingsschminke\u2026"}]},{"@type":"WebSite","@id":"https:\/\/marktxxl.de\/markt\/#website","url":"https:\/\/marktxxl.de\/markt\/","name":"Markt-XXL","description":"Ihr Markt Online","publisher":{"@id":"https:\/\/marktxxl.de\/markt\/#organization"},"potentialAction":[{"@type":"SearchAction","target":{"@type":"EntryPoint","urlTemplate":"https:\/\/marktxxl.de\/markt\/?s={search_term_string}"},"query-input":{"@type":"PropertyValueSpecification","valueRequired":true,"valueName":"search_term_string"}}],"inLanguage":"de"},{"@type":"Organization","@id":"https:\/\/marktxxl.de\/markt\/#organization","name":"Markt-XXL","url":"https:\/\/marktxxl.de\/markt\/","logo":{"@type":"ImageObject","inLanguage":"de","@id":"https:\/\/marktxxl.de\/markt\/#\/schema\/logo\/image\/","url":"https:\/\/marktxxl.de\/markt\/wp-content\/uploads\/sites\/3\/2020\/12\/logo.png","contentUrl":"https:\/\/marktxxl.de\/markt\/wp-content\/uploads\/sites\/3\/2020\/12\/logo.png","width":200,"height":70,"caption":"Markt-XXL"},"image":{"@id":"https:\/\/marktxxl.de\/markt\/#\/schema\/logo\/image\/"}}]}},"_links":{"self":[{"href":"https:\/\/marktxxl.de\/markt\/wp-json\/wp\/v2\/product\/107866","targetHints":{"allow":["GET"]}}],"collection":[{"href":"https:\/\/marktxxl.de\/markt\/wp-json\/wp\/v2\/product"}],"about":[{"href":"https:\/\/marktxxl.de\/markt\/wp-json\/wp\/v2\/types\/product"}],"replies":[{"embeddable":true,"href":"https:\/\/marktxxl.de\/markt\/wp-json\/wp\/v2\/comments?post=107866"}],"wp:featuredmedia":[{"embeddable":true,"href":"https:\/\/marktxxl.de\/markt\/wp-json\/wp\/v2\/media\/107867"}],"wp:attachment":[{"href":"https:\/\/marktxxl.de\/markt\/wp-json\/wp\/v2\/media?parent=107866"}],"wp:term":[{"taxonomy":"product_brand","embeddable":true,"href":"https:\/\/marktxxl.de\/markt\/wp-json\/wp\/v2\/product_brand?post=107866"},{"taxonomy":"product_cat","embeddable":true,"href":"https:\/\/marktxxl.de\/markt\/wp-json\/wp\/v2\/product_cat?post=107866"},{"taxonomy":"product_tag","embeddable":true,"href":"https:\/\/marktxxl.de\/markt\/wp-json\/wp\/v2\/product_tag?post=107866"}],"curies":[{"name":"wp","href":"https:\/\/api.w.org\/{rel}","templated":true}]}}