{"id":107747,"date":"2022-02-26T17:19:04","date_gmt":"2022-02-26T16:19:04","guid":{"rendered":"https:\/\/marktxxl.de\/markt\/produkt\/victorinox-taschenmesser-huntsman-15-funktionen-schere-holzsaege-korkenzieher-kapselheber-drahtabisolierer\/"},"modified":"2023-04-10T03:33:01","modified_gmt":"2023-04-10T01:33:01","slug":"victorinox-taschenmesser-huntsman-15-funktionen-schere-holzsaege-korkenzieher-kapselheber-drahtabisolierer","status":"publish","type":"product","link":"https:\/\/marktxxl.de\/markt\/produkt\/victorinox-taschenmesser-huntsman-15-funktionen-schere-holzsaege-korkenzieher-kapselheber-drahtabisolierer\/","title":{"rendered":"Victorinox, Taschenmesser, Huntsman, 91 mm, Navy Camouflage (15 Funktionen, Klinge, Korkenzieher, Dosen\u00f6ffner, Klinge)"},"content":{"rendered":"<p>Ideal zum Klettern, Wandern und Campen. Hauptmerkmale: Schere, Holzs\u00e4ge<br \/>\nTaschenmesser mit 15 Funktionen, hergestellt in der Schweiz: Klinge, gross; Klinge, klein; Dosen\u00f6ffner; Schraubendreher 3 mm; Kapselheber; Drahtabisolierer<br \/>\nSchraubendreher 6 mm; Stech-, Bohr- und N\u00e4hahle; Korkenzieher; Schere; Holzs\u00e4ge; Mehrzweckhaken; Zahnstocher; Pinzette; Schl\u00fcsselanh\u00e4nger<br \/>\nH\u00f6chste Qualit\u00e4t: Die Produkte vom Schweizer Unternehmen Victorinox garantieren h\u00f6chste Standards in allen Belangen und die hohe Qualit\u00e4t wird kompromisslos durchgesetzt. Die \u00fcber 130-j\u00e4hrige Geschichte von Victorinox ist gepr\u00e4gt von einer nachhaltigen Ausrichtung: Tradition, Qualit\u00e4t und Innovation.<br \/>\nAbmessungen: H\u00f6he 21 mm, L\u00e4nge 91 mm, Gewicht 97 g. Schalenmaterial: ABS \/ Cellidor. Artikelnummer: 1.3713. Artikelname: Huntsman<br \/>\n<div class=\"main-cross-sell\" data-asin=\"B07HX4KYD5\">\n\n\t<div class=\"WooZone-cross-sell-loader\">\n\t\t<div>\n\t\t\t<div id=\"floatingBarsG\">\n\t\t\t\t<div class=\"blockG\" id=\"rotateG_01\"><\/div>\n\t\t\t\t<div class=\"blockG\" id=\"rotateG_02\"><\/div>\n\t\t\t\t<div class=\"blockG\" id=\"rotateG_03\"><\/div>\n\t\t\t\t<div class=\"blockG\" id=\"rotateG_04\"><\/div>\n\t\t\t\t<div class=\"blockG\" id=\"rotateG_05\"><\/div>\n\t\t\t\t<div class=\"blockG\" id=\"rotateG_06\"><\/div>\n\t\t\t\t<div class=\"blockG\" id=\"rotateG_07\"><\/div>\n\t\t\t\t<div class=\"blockG\" id=\"rotateG_08\"><\/div>\n\t\t\t<\/div>\n\t\t\t<div class=\"WooZone-cross-sell-loader-text\"><\/div>\n\t\t<\/div>\n\t<\/div>\n\n\t\t\n<\/div>\n<div style=\"clear:both;\"><\/div><\/p>\n","protected":false},"excerpt":{"rendered":"<p>Ideal zum Klettern, Wandern und Campen. Hauptmerkmale: Schere, Holzs\u00e4ge<br \/>\nTaschenmesser mit 15 Funktionen, hergestellt in der Schweiz: Klinge, gross; Klinge, klein; Dosen\u00f6ffner; Schraubendreher 3 mm; Kapselheber; Drahtabisolierer<br \/>\nSchraubendreher 6 mm; Stech-, Bohr- und N\u00e4hahle; Korkenzieher; Schere; Holzs\u00e4ge; Mehrzweckhaken; Zahnstocher; Pinzette; Schl\u00fcsselanh\u00e4nger<\/p>\n","protected":false},"featured_media":107748,"comment_status":"open","ping_status":"closed","template":"","meta":[],"product_brand":[],"product_cat":[1983,10970],"product_tag":[],"class_list":{"0":"post-107747","1":"product","2":"type-product","3":"status-publish","4":"has-post-thumbnail","6":"product_cat-baumarkt","7":"product_cat-elektro-handwerkzeuge","8":"pa_binding-werkzeug","9":"pa_brand-victorinox","10":"pa_color-navy-camouflage","11":"pa_height-3-5826771617-zoll","12":"pa_length-0-8267716527-zoll","13":"pa_manufacturer-victorinox","14":"pa_model-1-3713-942","15":"pa_size-m","16":"pa_weight-0-21384839414-pfund","17":"pa_width-1-0629921249-zoll","19":"first","20":"instock","21":"shipping-taxable","22":"purchasable","23":"product-type-simple","24":"customify-col","25":"product-has-gallery"},"yoast_head":"<!-- This site is optimized with the Yoast SEO plugin v27.3 - https:\/\/yoast.com\/product\/yoast-seo-wordpress\/ -->\n<title>Victorinox, Taschenmesser, Huntsman, 91 mm, Navy Camouflage (15 Funktionen, Klinge, Korkenzieher, Dosen\u00f6ffner, Klinge) - Markt-XXL<\/title>\n<meta name=\"description\" content=\"Markt-XXL Victorinox, Taschenmesser, Huntsman, 91 mm, Navy Camouflage (15 Funktionen, Klinge, Korkenzieher, Dosen\u00f6ffner, Klinge)\" \/>\n<meta name=\"robots\" content=\"index, follow, max-snippet:-1, max-image-preview:large, max-video-preview:-1\" \/>\n<link rel=\"canonical\" href=\"https:\/\/marktxxl.de\/markt\/produkt\/victorinox-taschenmesser-huntsman-15-funktionen-schere-holzsaege-korkenzieher-kapselheber-drahtabisolierer\/\" \/>\n<meta property=\"og:locale\" content=\"de_DE\" \/>\n<meta property=\"og:type\" content=\"article\" \/>\n<meta property=\"og:title\" content=\"Victorinox, Taschenmesser, Huntsman, 91 mm, Navy Camouflage (15 Funktionen, Klinge, Korkenzieher, Dosen\u00f6ffner, Klinge) - Markt-XXL\" \/>\n<meta property=\"og:description\" content=\"Markt-XXL Victorinox, Taschenmesser, Huntsman, 91 mm, Navy Camouflage (15 Funktionen, Klinge, Korkenzieher, Dosen\u00f6ffner, Klinge)\" \/>\n<meta property=\"og:url\" content=\"https:\/\/marktxxl.de\/markt\/produkt\/victorinox-taschenmesser-huntsman-15-funktionen-schere-holzsaege-korkenzieher-kapselheber-drahtabisolierer\/\" \/>\n<meta property=\"og:site_name\" content=\"Markt-XXL\" \/>\n<meta property=\"article:modified_time\" content=\"2023-04-10T01:33:01+00:00\" \/>\n<meta property=\"og:image\" content=\"https:\/\/m.media-amazon.com\/images\/I\/41wv9MgDvCL._SL500_.jpg\" \/>\n\t<meta property=\"og:image:width\" content=\"500\" \/>\n\t<meta property=\"og:image:height\" content=\"492\" \/>\n\t<meta property=\"og:image:type\" content=\"image\/jpeg\" \/>\n<meta name=\"twitter:card\" content=\"summary_large_image\" \/>\n<meta name=\"twitter:label1\" content=\"Gesch\u00e4tzte Lesezeit\" \/>\n\t<meta name=\"twitter:data1\" content=\"1\u00a0Minute\" \/>\n<script type=\"application\/ld+json\" class=\"yoast-schema-graph\">{\"@context\":\"https:\\\/\\\/schema.org\",\"@graph\":[{\"@type\":\"WebPage\",\"@id\":\"https:\\\/\\\/marktxxl.de\\\/markt\\\/produkt\\\/victorinox-taschenmesser-huntsman-15-funktionen-schere-holzsaege-korkenzieher-kapselheber-drahtabisolierer\\\/\",\"url\":\"https:\\\/\\\/marktxxl.de\\\/markt\\\/produkt\\\/victorinox-taschenmesser-huntsman-15-funktionen-schere-holzsaege-korkenzieher-kapselheber-drahtabisolierer\\\/\",\"name\":\"Victorinox, Taschenmesser, Huntsman, 91 mm, Navy Camouflage (15 Funktionen, Klinge, Korkenzieher, Dosen\u00f6ffner, Klinge) - Markt-XXL\",\"isPartOf\":{\"@id\":\"https:\\\/\\\/marktxxl.de\\\/markt\\\/#website\"},\"primaryImageOfPage\":{\"@id\":\"https:\\\/\\\/marktxxl.de\\\/markt\\\/produkt\\\/victorinox-taschenmesser-huntsman-15-funktionen-schere-holzsaege-korkenzieher-kapselheber-drahtabisolierer\\\/#primaryimage\"},\"image\":{\"@id\":\"https:\\\/\\\/marktxxl.de\\\/markt\\\/produkt\\\/victorinox-taschenmesser-huntsman-15-funktionen-schere-holzsaege-korkenzieher-kapselheber-drahtabisolierer\\\/#primaryimage\"},\"thumbnailUrl\":\"https:\\\/\\\/m.media-amazon.com\\\/images\\\/I\\\/41wv9MgDvCL._SL500_.jpg\",\"datePublished\":\"2022-02-26T16:19:04+00:00\",\"dateModified\":\"2023-04-10T01:33:01+00:00\",\"description\":\"Markt-XXL Victorinox, Taschenmesser, Huntsman, 91 mm, Navy Camouflage (15 Funktionen, Klinge, Korkenzieher, Dosen\u00f6ffner, Klinge)\",\"breadcrumb\":{\"@id\":\"https:\\\/\\\/marktxxl.de\\\/markt\\\/produkt\\\/victorinox-taschenmesser-huntsman-15-funktionen-schere-holzsaege-korkenzieher-kapselheber-drahtabisolierer\\\/#breadcrumb\"},\"inLanguage\":\"de\",\"potentialAction\":[{\"@type\":\"ReadAction\",\"target\":[\"https:\\\/\\\/marktxxl.de\\\/markt\\\/produkt\\\/victorinox-taschenmesser-huntsman-15-funktionen-schere-holzsaege-korkenzieher-kapselheber-drahtabisolierer\\\/\"]}]},{\"@type\":\"ImageObject\",\"inLanguage\":\"de\",\"@id\":\"https:\\\/\\\/marktxxl.de\\\/markt\\\/produkt\\\/victorinox-taschenmesser-huntsman-15-funktionen-schere-holzsaege-korkenzieher-kapselheber-drahtabisolierer\\\/#primaryimage\",\"url\":\"https:\\\/\\\/m.media-amazon.com\\\/images\\\/I\\\/41wv9MgDvCL._SL500_.jpg\",\"contentUrl\":\"https:\\\/\\\/m.media-amazon.com\\\/images\\\/I\\\/41wv9MgDvCL._SL500_.jpg\",\"width\":500,\"height\":492},{\"@type\":\"BreadcrumbList\",\"@id\":\"https:\\\/\\\/marktxxl.de\\\/markt\\\/produkt\\\/victorinox-taschenmesser-huntsman-15-funktionen-schere-holzsaege-korkenzieher-kapselheber-drahtabisolierer\\\/#breadcrumb\",\"itemListElement\":[{\"@type\":\"ListItem\",\"position\":1,\"name\":\"Startseite\",\"item\":\"https:\\\/\\\/marktxxl.de\\\/markt\\\/\"},{\"@type\":\"ListItem\",\"position\":2,\"name\":\"Markt\",\"item\":\"https:\\\/\\\/marktxxl.de\\\/markt\\\/\"},{\"@type\":\"ListItem\",\"position\":3,\"name\":\"Victorinox, Taschenmesser, Huntsman, 91 mm, Navy Camouflage (15 Funktionen, Klinge, Korkenzieher, Dosen\u00f6ffner, Klinge)\"}]},{\"@type\":\"WebSite\",\"@id\":\"https:\\\/\\\/marktxxl.de\\\/markt\\\/#website\",\"url\":\"https:\\\/\\\/marktxxl.de\\\/markt\\\/\",\"name\":\"Markt-XXL\",\"description\":\"Ihr Markt Online\",\"publisher\":{\"@id\":\"https:\\\/\\\/marktxxl.de\\\/markt\\\/#organization\"},\"potentialAction\":[{\"@type\":\"SearchAction\",\"target\":{\"@type\":\"EntryPoint\",\"urlTemplate\":\"https:\\\/\\\/marktxxl.de\\\/markt\\\/?s={search_term_string}\"},\"query-input\":{\"@type\":\"PropertyValueSpecification\",\"valueRequired\":true,\"valueName\":\"search_term_string\"}}],\"inLanguage\":\"de\"},{\"@type\":\"Organization\",\"@id\":\"https:\\\/\\\/marktxxl.de\\\/markt\\\/#organization\",\"name\":\"Markt-XXL\",\"url\":\"https:\\\/\\\/marktxxl.de\\\/markt\\\/\",\"logo\":{\"@type\":\"ImageObject\",\"inLanguage\":\"de\",\"@id\":\"https:\\\/\\\/marktxxl.de\\\/markt\\\/#\\\/schema\\\/logo\\\/image\\\/\",\"url\":\"https:\\\/\\\/marktxxl.de\\\/markt\\\/wp-content\\\/uploads\\\/sites\\\/3\\\/2020\\\/12\\\/logo.png\",\"contentUrl\":\"https:\\\/\\\/marktxxl.de\\\/markt\\\/wp-content\\\/uploads\\\/sites\\\/3\\\/2020\\\/12\\\/logo.png\",\"width\":200,\"height\":70,\"caption\":\"Markt-XXL\"},\"image\":{\"@id\":\"https:\\\/\\\/marktxxl.de\\\/markt\\\/#\\\/schema\\\/logo\\\/image\\\/\"}}]}<\/script>\n<!-- \/ Yoast SEO plugin. -->","yoast_head_json":{"title":"Victorinox, Taschenmesser, Huntsman, 91 mm, Navy Camouflage (15 Funktionen, Klinge, Korkenzieher, Dosen\u00f6ffner, Klinge) - Markt-XXL","description":"Markt-XXL Victorinox, Taschenmesser, Huntsman, 91 mm, Navy Camouflage (15 Funktionen, Klinge, Korkenzieher, Dosen\u00f6ffner, Klinge)","robots":{"index":"index","follow":"follow","max-snippet":"max-snippet:-1","max-image-preview":"max-image-preview:large","max-video-preview":"max-video-preview:-1"},"canonical":"https:\/\/marktxxl.de\/markt\/produkt\/victorinox-taschenmesser-huntsman-15-funktionen-schere-holzsaege-korkenzieher-kapselheber-drahtabisolierer\/","og_locale":"de_DE","og_type":"article","og_title":"Victorinox, Taschenmesser, Huntsman, 91 mm, Navy Camouflage (15 Funktionen, Klinge, Korkenzieher, Dosen\u00f6ffner, Klinge) - Markt-XXL","og_description":"Markt-XXL Victorinox, Taschenmesser, Huntsman, 91 mm, Navy Camouflage (15 Funktionen, Klinge, Korkenzieher, Dosen\u00f6ffner, Klinge)","og_url":"https:\/\/marktxxl.de\/markt\/produkt\/victorinox-taschenmesser-huntsman-15-funktionen-schere-holzsaege-korkenzieher-kapselheber-drahtabisolierer\/","og_site_name":"Markt-XXL","article_modified_time":"2023-04-10T01:33:01+00:00","og_image":[{"width":500,"height":492,"url":"https:\/\/m.media-amazon.com\/images\/I\/41wv9MgDvCL._SL500_.jpg","type":"image\/jpeg"}],"twitter_card":"summary_large_image","twitter_misc":{"Gesch\u00e4tzte Lesezeit":"1\u00a0Minute"},"schema":{"@context":"https:\/\/schema.org","@graph":[{"@type":"WebPage","@id":"https:\/\/marktxxl.de\/markt\/produkt\/victorinox-taschenmesser-huntsman-15-funktionen-schere-holzsaege-korkenzieher-kapselheber-drahtabisolierer\/","url":"https:\/\/marktxxl.de\/markt\/produkt\/victorinox-taschenmesser-huntsman-15-funktionen-schere-holzsaege-korkenzieher-kapselheber-drahtabisolierer\/","name":"Victorinox, Taschenmesser, Huntsman, 91 mm, Navy Camouflage (15 Funktionen, Klinge, Korkenzieher, Dosen\u00f6ffner, Klinge) - Markt-XXL","isPartOf":{"@id":"https:\/\/marktxxl.de\/markt\/#website"},"primaryImageOfPage":{"@id":"https:\/\/marktxxl.de\/markt\/produkt\/victorinox-taschenmesser-huntsman-15-funktionen-schere-holzsaege-korkenzieher-kapselheber-drahtabisolierer\/#primaryimage"},"image":{"@id":"https:\/\/marktxxl.de\/markt\/produkt\/victorinox-taschenmesser-huntsman-15-funktionen-schere-holzsaege-korkenzieher-kapselheber-drahtabisolierer\/#primaryimage"},"thumbnailUrl":"https:\/\/m.media-amazon.com\/images\/I\/41wv9MgDvCL._SL500_.jpg","datePublished":"2022-02-26T16:19:04+00:00","dateModified":"2023-04-10T01:33:01+00:00","description":"Markt-XXL Victorinox, Taschenmesser, Huntsman, 91 mm, Navy Camouflage (15 Funktionen, Klinge, Korkenzieher, Dosen\u00f6ffner, Klinge)","breadcrumb":{"@id":"https:\/\/marktxxl.de\/markt\/produkt\/victorinox-taschenmesser-huntsman-15-funktionen-schere-holzsaege-korkenzieher-kapselheber-drahtabisolierer\/#breadcrumb"},"inLanguage":"de","potentialAction":[{"@type":"ReadAction","target":["https:\/\/marktxxl.de\/markt\/produkt\/victorinox-taschenmesser-huntsman-15-funktionen-schere-holzsaege-korkenzieher-kapselheber-drahtabisolierer\/"]}]},{"@type":"ImageObject","inLanguage":"de","@id":"https:\/\/marktxxl.de\/markt\/produkt\/victorinox-taschenmesser-huntsman-15-funktionen-schere-holzsaege-korkenzieher-kapselheber-drahtabisolierer\/#primaryimage","url":"https:\/\/m.media-amazon.com\/images\/I\/41wv9MgDvCL._SL500_.jpg","contentUrl":"https:\/\/m.media-amazon.com\/images\/I\/41wv9MgDvCL._SL500_.jpg","width":500,"height":492},{"@type":"BreadcrumbList","@id":"https:\/\/marktxxl.de\/markt\/produkt\/victorinox-taschenmesser-huntsman-15-funktionen-schere-holzsaege-korkenzieher-kapselheber-drahtabisolierer\/#breadcrumb","itemListElement":[{"@type":"ListItem","position":1,"name":"Startseite","item":"https:\/\/marktxxl.de\/markt\/"},{"@type":"ListItem","position":2,"name":"Markt","item":"https:\/\/marktxxl.de\/markt\/"},{"@type":"ListItem","position":3,"name":"Victorinox, Taschenmesser, Huntsman, 91 mm, Navy Camouflage (15 Funktionen, Klinge, Korkenzieher, Dosen\u00f6ffner, Klinge)"}]},{"@type":"WebSite","@id":"https:\/\/marktxxl.de\/markt\/#website","url":"https:\/\/marktxxl.de\/markt\/","name":"Markt-XXL","description":"Ihr Markt Online","publisher":{"@id":"https:\/\/marktxxl.de\/markt\/#organization"},"potentialAction":[{"@type":"SearchAction","target":{"@type":"EntryPoint","urlTemplate":"https:\/\/marktxxl.de\/markt\/?s={search_term_string}"},"query-input":{"@type":"PropertyValueSpecification","valueRequired":true,"valueName":"search_term_string"}}],"inLanguage":"de"},{"@type":"Organization","@id":"https:\/\/marktxxl.de\/markt\/#organization","name":"Markt-XXL","url":"https:\/\/marktxxl.de\/markt\/","logo":{"@type":"ImageObject","inLanguage":"de","@id":"https:\/\/marktxxl.de\/markt\/#\/schema\/logo\/image\/","url":"https:\/\/marktxxl.de\/markt\/wp-content\/uploads\/sites\/3\/2020\/12\/logo.png","contentUrl":"https:\/\/marktxxl.de\/markt\/wp-content\/uploads\/sites\/3\/2020\/12\/logo.png","width":200,"height":70,"caption":"Markt-XXL"},"image":{"@id":"https:\/\/marktxxl.de\/markt\/#\/schema\/logo\/image\/"}}]}},"_links":{"self":[{"href":"https:\/\/marktxxl.de\/markt\/wp-json\/wp\/v2\/product\/107747","targetHints":{"allow":["GET"]}}],"collection":[{"href":"https:\/\/marktxxl.de\/markt\/wp-json\/wp\/v2\/product"}],"about":[{"href":"https:\/\/marktxxl.de\/markt\/wp-json\/wp\/v2\/types\/product"}],"replies":[{"embeddable":true,"href":"https:\/\/marktxxl.de\/markt\/wp-json\/wp\/v2\/comments?post=107747"}],"wp:featuredmedia":[{"embeddable":true,"href":"https:\/\/marktxxl.de\/markt\/wp-json\/wp\/v2\/media\/107748"}],"wp:attachment":[{"href":"https:\/\/marktxxl.de\/markt\/wp-json\/wp\/v2\/media?parent=107747"}],"wp:term":[{"taxonomy":"product_brand","embeddable":true,"href":"https:\/\/marktxxl.de\/markt\/wp-json\/wp\/v2\/product_brand?post=107747"},{"taxonomy":"product_cat","embeddable":true,"href":"https:\/\/marktxxl.de\/markt\/wp-json\/wp\/v2\/product_cat?post=107747"},{"taxonomy":"product_tag","embeddable":true,"href":"https:\/\/marktxxl.de\/markt\/wp-json\/wp\/v2\/product_tag?post=107747"}],"curies":[{"name":"wp","href":"https:\/\/api.w.org\/{rel}","templated":true}]}}