{"id":107737,"date":"2022-02-26T17:18:51","date_gmt":"2022-02-26T16:18:51","guid":{"rendered":"https:\/\/marktxxl.de\/markt\/produkt\/victorinox-13603b1-taschenmesser-spartan-12-funktionen-klinge-korkenzieher-dosenoeffner-kapselheber-pinzette\/"},"modified":"2023-04-10T03:33:00","modified_gmt":"2023-04-10T01:33:00","slug":"victorinox-13603b1-taschenmesser-spartan-12-funktionen-klinge-korkenzieher-dosenoeffner-kapselheber-pinzette","status":"publish","type":"product","link":"https:\/\/marktxxl.de\/markt\/produkt\/victorinox-13603b1-taschenmesser-spartan-12-funktionen-klinge-korkenzieher-dosenoeffner-kapselheber-pinzette\/","title":{"rendered":"Victorinox Taschenmesser Outrider (14 Funktionen, Korkenzieher, Holzs\u00e4ge, Dosen\u00f6ffner) 111 mm"},"content":{"rendered":"<p>Das ideale Werkzeug f\u00fcr jeden Tag. Hauptmerkmale: Korkenzieher, Dosen\u00f6ffner mit kleinem Schraubendreher<br \/>\nTaschenmesser mit 12 Funktionen: Klinge, gross, Klinge, klein, Dosen\u00f6ffner, Schraubendreher 3 mm, Kapselheber<br \/>\nDrahtabisolierer, Schraubendreher 6 mm, Stech-, Bohr- und N\u00e4hahle, Korkenzieher, Zahnstocher, Pinzette, Schl\u00fcsselanh\u00e4nger<br \/>\nH\u00f6chste Qualit\u00e4t: Die Produkte vom Schweizer Unternehmen Victorinox garantieren h\u00f6chste Standards in allen Belangen und die hohe Qualit\u00e4t wird kompromisslos durchgesetzt. Die \u00fcber 130-j\u00e4hrige Geschichte von Victorinox ist gepr\u00e4gt von einer nachhaltigen Ausrichtung: Tradition, Qualit\u00e4t und Innovation.<br \/>\nAbmessungen: H\u00f6he 14,5 mm, L\u00e4nge 91 mm, Gewicht 59 g. Artikelnummer: 1.3603. Artikelname: Spartan<br \/>\n<div class=\"main-cross-sell\" data-asin=\"B001U552GQ\">\n\n\t<div class=\"WooZone-cross-sell-loader\">\n\t\t<div>\n\t\t\t<div id=\"floatingBarsG\">\n\t\t\t\t<div class=\"blockG\" id=\"rotateG_01\"><\/div>\n\t\t\t\t<div class=\"blockG\" id=\"rotateG_02\"><\/div>\n\t\t\t\t<div class=\"blockG\" id=\"rotateG_03\"><\/div>\n\t\t\t\t<div class=\"blockG\" id=\"rotateG_04\"><\/div>\n\t\t\t\t<div class=\"blockG\" id=\"rotateG_05\"><\/div>\n\t\t\t\t<div class=\"blockG\" id=\"rotateG_06\"><\/div>\n\t\t\t\t<div class=\"blockG\" id=\"rotateG_07\"><\/div>\n\t\t\t\t<div class=\"blockG\" id=\"rotateG_08\"><\/div>\n\t\t\t<\/div>\n\t\t\t<div class=\"WooZone-cross-sell-loader-text\"><\/div>\n\t\t<\/div>\n\t<\/div>\n\n\t\t\n<\/div>\n<div style=\"clear:both;\"><\/div><\/p>\n","protected":false},"excerpt":{"rendered":"<p>Das ideale Werkzeug f\u00fcr jeden Tag. Hauptmerkmale: Korkenzieher, Dosen\u00f6ffner mit kleinem Schraubendreher<br \/>\nTaschenmesser mit 12 Funktionen: Klinge, gross, Klinge, klein, Dosen\u00f6ffner, Schraubendreher 3 mm, Kapselheber<br \/>\nDrahtabisolierer, Schraubendreher 6 mm, Stech-, Bohr- und N\u00e4hahle, Korkenzieher, Zahnstocher, Pinzette, Schl\u00fcsselanh\u00e4nger<\/p>\n","protected":false},"featured_media":107738,"comment_status":"open","ping_status":"closed","template":"","meta":[],"product_brand":[],"product_cat":[1983,10970],"product_tag":[],"class_list":{"0":"post-107737","1":"product","2":"type-product","3":"status-publish","4":"has-post-thumbnail","6":"product_cat-baumarkt","7":"product_cat-elektro-handwerkzeuge","8":"pa_binding-ausruestung","9":"pa_brand-victorinox","10":"pa_color-rot-b1","11":"pa_height-0-6692913379-zoll","12":"pa_languages-originalsprache-englisch","13":"pa_length-3-5826771617-zoll","14":"pa_manufacturer-victorinox","15":"pa_model-13603b1","16":"pa_size-einheitsgroesse","17":"pa_warranty-keine","18":"pa_weight-0-13007273458-pfund","19":"pa_width-1-0236220462-zoll","21":"first","22":"instock","23":"shipping-taxable","24":"purchasable","25":"product-type-simple","26":"customify-col","27":"product-has-gallery"},"yoast_head":"<!-- This site is optimized with the Yoast SEO plugin v27.4 - https:\/\/yoast.com\/product\/yoast-seo-wordpress\/ -->\n<title>Victorinox Taschenmesser Outrider (14 Funktionen, Korkenzieher, Holzs\u00e4ge, Dosen\u00f6ffner) 111 mm - Markt-XXL<\/title>\n<meta name=\"description\" content=\"Markt-XXL Victorinox Taschenmesser Outrider (14 Funktionen, Korkenzieher, Holzs\u00e4ge, Dosen\u00f6ffner) 111 mm\" \/>\n<meta name=\"robots\" content=\"index, follow, max-snippet:-1, max-image-preview:large, max-video-preview:-1\" \/>\n<link rel=\"canonical\" href=\"https:\/\/marktxxl.de\/markt\/produkt\/victorinox-13603b1-taschenmesser-spartan-12-funktionen-klinge-korkenzieher-dosenoeffner-kapselheber-pinzette\/\" \/>\n<meta property=\"og:locale\" content=\"de_DE\" \/>\n<meta property=\"og:type\" content=\"article\" \/>\n<meta property=\"og:title\" content=\"Victorinox Taschenmesser Outrider (14 Funktionen, Korkenzieher, Holzs\u00e4ge, Dosen\u00f6ffner) 111 mm - Markt-XXL\" \/>\n<meta property=\"og:description\" content=\"Markt-XXL Victorinox Taschenmesser Outrider (14 Funktionen, Korkenzieher, Holzs\u00e4ge, Dosen\u00f6ffner) 111 mm\" \/>\n<meta property=\"og:url\" content=\"https:\/\/marktxxl.de\/markt\/produkt\/victorinox-13603b1-taschenmesser-spartan-12-funktionen-klinge-korkenzieher-dosenoeffner-kapselheber-pinzette\/\" \/>\n<meta property=\"og:site_name\" content=\"Markt-XXL\" \/>\n<meta property=\"article:modified_time\" content=\"2023-04-10T01:33:00+00:00\" \/>\n<meta property=\"og:image\" content=\"https:\/\/m.media-amazon.com\/images\/I\/41OPZjWW7GL._SL500_.jpg\" \/>\n\t<meta property=\"og:image:width\" content=\"499\" \/>\n\t<meta property=\"og:image:height\" content=\"500\" \/>\n\t<meta property=\"og:image:type\" content=\"image\/jpeg\" \/>\n<meta name=\"twitter:card\" content=\"summary_large_image\" \/>\n<meta name=\"twitter:label1\" content=\"Gesch\u00e4tzte Lesezeit\" \/>\n\t<meta name=\"twitter:data1\" content=\"1\u00a0Minute\" \/>\n<script type=\"application\/ld+json\" class=\"yoast-schema-graph\">{\"@context\":\"https:\\\/\\\/schema.org\",\"@graph\":[{\"@type\":\"WebPage\",\"@id\":\"https:\\\/\\\/marktxxl.de\\\/markt\\\/produkt\\\/victorinox-13603b1-taschenmesser-spartan-12-funktionen-klinge-korkenzieher-dosenoeffner-kapselheber-pinzette\\\/\",\"url\":\"https:\\\/\\\/marktxxl.de\\\/markt\\\/produkt\\\/victorinox-13603b1-taschenmesser-spartan-12-funktionen-klinge-korkenzieher-dosenoeffner-kapselheber-pinzette\\\/\",\"name\":\"Victorinox Taschenmesser Outrider (14 Funktionen, Korkenzieher, Holzs\u00e4ge, Dosen\u00f6ffner) 111 mm - Markt-XXL\",\"isPartOf\":{\"@id\":\"https:\\\/\\\/marktxxl.de\\\/markt\\\/#website\"},\"primaryImageOfPage\":{\"@id\":\"https:\\\/\\\/marktxxl.de\\\/markt\\\/produkt\\\/victorinox-13603b1-taschenmesser-spartan-12-funktionen-klinge-korkenzieher-dosenoeffner-kapselheber-pinzette\\\/#primaryimage\"},\"image\":{\"@id\":\"https:\\\/\\\/marktxxl.de\\\/markt\\\/produkt\\\/victorinox-13603b1-taschenmesser-spartan-12-funktionen-klinge-korkenzieher-dosenoeffner-kapselheber-pinzette\\\/#primaryimage\"},\"thumbnailUrl\":\"https:\\\/\\\/m.media-amazon.com\\\/images\\\/I\\\/41OPZjWW7GL._SL500_.jpg\",\"datePublished\":\"2022-02-26T16:18:51+00:00\",\"dateModified\":\"2023-04-10T01:33:00+00:00\",\"description\":\"Markt-XXL Victorinox Taschenmesser Outrider (14 Funktionen, Korkenzieher, Holzs\u00e4ge, Dosen\u00f6ffner) 111 mm\",\"breadcrumb\":{\"@id\":\"https:\\\/\\\/marktxxl.de\\\/markt\\\/produkt\\\/victorinox-13603b1-taschenmesser-spartan-12-funktionen-klinge-korkenzieher-dosenoeffner-kapselheber-pinzette\\\/#breadcrumb\"},\"inLanguage\":\"de\",\"potentialAction\":[{\"@type\":\"ReadAction\",\"target\":[\"https:\\\/\\\/marktxxl.de\\\/markt\\\/produkt\\\/victorinox-13603b1-taschenmesser-spartan-12-funktionen-klinge-korkenzieher-dosenoeffner-kapselheber-pinzette\\\/\"]}]},{\"@type\":\"ImageObject\",\"inLanguage\":\"de\",\"@id\":\"https:\\\/\\\/marktxxl.de\\\/markt\\\/produkt\\\/victorinox-13603b1-taschenmesser-spartan-12-funktionen-klinge-korkenzieher-dosenoeffner-kapselheber-pinzette\\\/#primaryimage\",\"url\":\"https:\\\/\\\/m.media-amazon.com\\\/images\\\/I\\\/41OPZjWW7GL._SL500_.jpg\",\"contentUrl\":\"https:\\\/\\\/m.media-amazon.com\\\/images\\\/I\\\/41OPZjWW7GL._SL500_.jpg\",\"width\":499,\"height\":500},{\"@type\":\"BreadcrumbList\",\"@id\":\"https:\\\/\\\/marktxxl.de\\\/markt\\\/produkt\\\/victorinox-13603b1-taschenmesser-spartan-12-funktionen-klinge-korkenzieher-dosenoeffner-kapselheber-pinzette\\\/#breadcrumb\",\"itemListElement\":[{\"@type\":\"ListItem\",\"position\":1,\"name\":\"Startseite\",\"item\":\"https:\\\/\\\/marktxxl.de\\\/markt\\\/\"},{\"@type\":\"ListItem\",\"position\":2,\"name\":\"Markt\",\"item\":\"https:\\\/\\\/marktxxl.de\\\/markt\\\/\"},{\"@type\":\"ListItem\",\"position\":3,\"name\":\"Victorinox Taschenmesser Outrider (14 Funktionen, Korkenzieher, Holzs\u00e4ge, Dosen\u00f6ffner) 111 mm\"}]},{\"@type\":\"WebSite\",\"@id\":\"https:\\\/\\\/marktxxl.de\\\/markt\\\/#website\",\"url\":\"https:\\\/\\\/marktxxl.de\\\/markt\\\/\",\"name\":\"Markt-XXL\",\"description\":\"Ihr Markt Online\",\"publisher\":{\"@id\":\"https:\\\/\\\/marktxxl.de\\\/markt\\\/#organization\"},\"potentialAction\":[{\"@type\":\"SearchAction\",\"target\":{\"@type\":\"EntryPoint\",\"urlTemplate\":\"https:\\\/\\\/marktxxl.de\\\/markt\\\/?s={search_term_string}\"},\"query-input\":{\"@type\":\"PropertyValueSpecification\",\"valueRequired\":true,\"valueName\":\"search_term_string\"}}],\"inLanguage\":\"de\"},{\"@type\":\"Organization\",\"@id\":\"https:\\\/\\\/marktxxl.de\\\/markt\\\/#organization\",\"name\":\"Markt-XXL\",\"url\":\"https:\\\/\\\/marktxxl.de\\\/markt\\\/\",\"logo\":{\"@type\":\"ImageObject\",\"inLanguage\":\"de\",\"@id\":\"https:\\\/\\\/marktxxl.de\\\/markt\\\/#\\\/schema\\\/logo\\\/image\\\/\",\"url\":\"https:\\\/\\\/marktxxl.de\\\/markt\\\/wp-content\\\/uploads\\\/sites\\\/3\\\/2020\\\/12\\\/logo.png\",\"contentUrl\":\"https:\\\/\\\/marktxxl.de\\\/markt\\\/wp-content\\\/uploads\\\/sites\\\/3\\\/2020\\\/12\\\/logo.png\",\"width\":200,\"height\":70,\"caption\":\"Markt-XXL\"},\"image\":{\"@id\":\"https:\\\/\\\/marktxxl.de\\\/markt\\\/#\\\/schema\\\/logo\\\/image\\\/\"}}]}<\/script>\n<!-- \/ Yoast SEO plugin. -->","yoast_head_json":{"title":"Victorinox Taschenmesser Outrider (14 Funktionen, Korkenzieher, Holzs\u00e4ge, Dosen\u00f6ffner) 111 mm - Markt-XXL","description":"Markt-XXL Victorinox Taschenmesser Outrider (14 Funktionen, Korkenzieher, Holzs\u00e4ge, Dosen\u00f6ffner) 111 mm","robots":{"index":"index","follow":"follow","max-snippet":"max-snippet:-1","max-image-preview":"max-image-preview:large","max-video-preview":"max-video-preview:-1"},"canonical":"https:\/\/marktxxl.de\/markt\/produkt\/victorinox-13603b1-taschenmesser-spartan-12-funktionen-klinge-korkenzieher-dosenoeffner-kapselheber-pinzette\/","og_locale":"de_DE","og_type":"article","og_title":"Victorinox Taschenmesser Outrider (14 Funktionen, Korkenzieher, Holzs\u00e4ge, Dosen\u00f6ffner) 111 mm - Markt-XXL","og_description":"Markt-XXL Victorinox Taschenmesser Outrider (14 Funktionen, Korkenzieher, Holzs\u00e4ge, Dosen\u00f6ffner) 111 mm","og_url":"https:\/\/marktxxl.de\/markt\/produkt\/victorinox-13603b1-taschenmesser-spartan-12-funktionen-klinge-korkenzieher-dosenoeffner-kapselheber-pinzette\/","og_site_name":"Markt-XXL","article_modified_time":"2023-04-10T01:33:00+00:00","og_image":[{"width":499,"height":500,"url":"https:\/\/m.media-amazon.com\/images\/I\/41OPZjWW7GL._SL500_.jpg","type":"image\/jpeg"}],"twitter_card":"summary_large_image","twitter_misc":{"Gesch\u00e4tzte Lesezeit":"1\u00a0Minute"},"schema":{"@context":"https:\/\/schema.org","@graph":[{"@type":"WebPage","@id":"https:\/\/marktxxl.de\/markt\/produkt\/victorinox-13603b1-taschenmesser-spartan-12-funktionen-klinge-korkenzieher-dosenoeffner-kapselheber-pinzette\/","url":"https:\/\/marktxxl.de\/markt\/produkt\/victorinox-13603b1-taschenmesser-spartan-12-funktionen-klinge-korkenzieher-dosenoeffner-kapselheber-pinzette\/","name":"Victorinox Taschenmesser Outrider (14 Funktionen, Korkenzieher, Holzs\u00e4ge, Dosen\u00f6ffner) 111 mm - Markt-XXL","isPartOf":{"@id":"https:\/\/marktxxl.de\/markt\/#website"},"primaryImageOfPage":{"@id":"https:\/\/marktxxl.de\/markt\/produkt\/victorinox-13603b1-taschenmesser-spartan-12-funktionen-klinge-korkenzieher-dosenoeffner-kapselheber-pinzette\/#primaryimage"},"image":{"@id":"https:\/\/marktxxl.de\/markt\/produkt\/victorinox-13603b1-taschenmesser-spartan-12-funktionen-klinge-korkenzieher-dosenoeffner-kapselheber-pinzette\/#primaryimage"},"thumbnailUrl":"https:\/\/m.media-amazon.com\/images\/I\/41OPZjWW7GL._SL500_.jpg","datePublished":"2022-02-26T16:18:51+00:00","dateModified":"2023-04-10T01:33:00+00:00","description":"Markt-XXL Victorinox Taschenmesser Outrider (14 Funktionen, Korkenzieher, Holzs\u00e4ge, Dosen\u00f6ffner) 111 mm","breadcrumb":{"@id":"https:\/\/marktxxl.de\/markt\/produkt\/victorinox-13603b1-taschenmesser-spartan-12-funktionen-klinge-korkenzieher-dosenoeffner-kapselheber-pinzette\/#breadcrumb"},"inLanguage":"de","potentialAction":[{"@type":"ReadAction","target":["https:\/\/marktxxl.de\/markt\/produkt\/victorinox-13603b1-taschenmesser-spartan-12-funktionen-klinge-korkenzieher-dosenoeffner-kapselheber-pinzette\/"]}]},{"@type":"ImageObject","inLanguage":"de","@id":"https:\/\/marktxxl.de\/markt\/produkt\/victorinox-13603b1-taschenmesser-spartan-12-funktionen-klinge-korkenzieher-dosenoeffner-kapselheber-pinzette\/#primaryimage","url":"https:\/\/m.media-amazon.com\/images\/I\/41OPZjWW7GL._SL500_.jpg","contentUrl":"https:\/\/m.media-amazon.com\/images\/I\/41OPZjWW7GL._SL500_.jpg","width":499,"height":500},{"@type":"BreadcrumbList","@id":"https:\/\/marktxxl.de\/markt\/produkt\/victorinox-13603b1-taschenmesser-spartan-12-funktionen-klinge-korkenzieher-dosenoeffner-kapselheber-pinzette\/#breadcrumb","itemListElement":[{"@type":"ListItem","position":1,"name":"Startseite","item":"https:\/\/marktxxl.de\/markt\/"},{"@type":"ListItem","position":2,"name":"Markt","item":"https:\/\/marktxxl.de\/markt\/"},{"@type":"ListItem","position":3,"name":"Victorinox Taschenmesser Outrider (14 Funktionen, Korkenzieher, Holzs\u00e4ge, Dosen\u00f6ffner) 111 mm"}]},{"@type":"WebSite","@id":"https:\/\/marktxxl.de\/markt\/#website","url":"https:\/\/marktxxl.de\/markt\/","name":"Markt-XXL","description":"Ihr Markt Online","publisher":{"@id":"https:\/\/marktxxl.de\/markt\/#organization"},"potentialAction":[{"@type":"SearchAction","target":{"@type":"EntryPoint","urlTemplate":"https:\/\/marktxxl.de\/markt\/?s={search_term_string}"},"query-input":{"@type":"PropertyValueSpecification","valueRequired":true,"valueName":"search_term_string"}}],"inLanguage":"de"},{"@type":"Organization","@id":"https:\/\/marktxxl.de\/markt\/#organization","name":"Markt-XXL","url":"https:\/\/marktxxl.de\/markt\/","logo":{"@type":"ImageObject","inLanguage":"de","@id":"https:\/\/marktxxl.de\/markt\/#\/schema\/logo\/image\/","url":"https:\/\/marktxxl.de\/markt\/wp-content\/uploads\/sites\/3\/2020\/12\/logo.png","contentUrl":"https:\/\/marktxxl.de\/markt\/wp-content\/uploads\/sites\/3\/2020\/12\/logo.png","width":200,"height":70,"caption":"Markt-XXL"},"image":{"@id":"https:\/\/marktxxl.de\/markt\/#\/schema\/logo\/image\/"}}]}},"_links":{"self":[{"href":"https:\/\/marktxxl.de\/markt\/wp-json\/wp\/v2\/product\/107737","targetHints":{"allow":["GET"]}}],"collection":[{"href":"https:\/\/marktxxl.de\/markt\/wp-json\/wp\/v2\/product"}],"about":[{"href":"https:\/\/marktxxl.de\/markt\/wp-json\/wp\/v2\/types\/product"}],"replies":[{"embeddable":true,"href":"https:\/\/marktxxl.de\/markt\/wp-json\/wp\/v2\/comments?post=107737"}],"wp:featuredmedia":[{"embeddable":true,"href":"https:\/\/marktxxl.de\/markt\/wp-json\/wp\/v2\/media\/107738"}],"wp:attachment":[{"href":"https:\/\/marktxxl.de\/markt\/wp-json\/wp\/v2\/media?parent=107737"}],"wp:term":[{"taxonomy":"product_brand","embeddable":true,"href":"https:\/\/marktxxl.de\/markt\/wp-json\/wp\/v2\/product_brand?post=107737"},{"taxonomy":"product_cat","embeddable":true,"href":"https:\/\/marktxxl.de\/markt\/wp-json\/wp\/v2\/product_cat?post=107737"},{"taxonomy":"product_tag","embeddable":true,"href":"https:\/\/marktxxl.de\/markt\/wp-json\/wp\/v2\/product_tag?post=107737"}],"curies":[{"name":"wp","href":"https:\/\/api.w.org\/{rel}","templated":true}]}}