{"id":107643,"date":"2022-02-26T16:51:37","date_gmt":"2022-02-26T15:51:37","guid":{"rendered":"https:\/\/marktxxl.de\/markt\/produkt\/weesprout-vorratsdosen-aus-glas\/"},"modified":"2023-04-10T03:32:59","modified_gmt":"2023-04-10T01:32:59","slug":"weesprout-vorratsdosen-aus-glas","status":"publish","type":"product","link":"https:\/\/marktxxl.de\/markt\/produkt\/weesprout-vorratsdosen-aus-glas\/","title":{"rendered":"WeeSprout Vorratsdosen aus Glas"},"content":{"rendered":"<p>118 ml Fassungsverm\u00f6gen Gl\u00e4ser mit Messmarkierung \u2013 unsere 118 ml Beh\u00e4lter mit Deckel erm\u00f6glichen es Ihnen, die perfekte Menge an Nahrung f\u00fcr Ihre Kleinen zuzubereiten. Kein Lebensmittelabfall mehr. Es erm\u00f6glicht Ihnen auch, Ihren Einsatz von Einwegbeh\u00e4ltern zu reduzieren.<br \/>\nHochwertiges, lebensmittelechtes geh\u00e4rtetes Glas \u2013 ergonomisches, geh\u00e4rtetes Glas-Design erm\u00f6glicht eine bessere Handhabung. Tropfen Babynahrung Vorratsgl\u00e4ser sind nicht nur be\u00e4ngstigend, wenn sie Glas sind, sondern auch verschwenderisch und frustrierend.<br \/>\n100 % BPA, phthalatfrei, PVC-frei und keimbest\u00e4ndig \u2013 geh\u00e4rtetes Glas ist eine ausgezeichnete Alternative zu Kunststoffbeh\u00e4ltern, da es keine BPA, Phthalate oder PVC enth\u00e4lt. Zudem ist Glas weniger por\u00f6s, so dass es keine unerw\u00fcnschten Organismen aufnehmen kann.<br \/>\nAuslaufsichere Deckel versiegeln luftdicht f\u00fcr Frische \u2013 luftdichte, auslaufsichere Drehdeckel sorgen daf\u00fcr, dass Ihre sorgf\u00e4ltig eingekochten Speisen frisch und k\u00f6stlich bleiben. Kein Gefrierbrand und keine veralteten Mulchen!<br \/>\nMikrowellen-, gefrier- und sp\u00fclmaschinenfest \u2013 zum Warmhalten von Speisen einfach in die Mikrowelle legen &#8211; vergessen Sie nicht, den Deckel zu entfernen. K\u00fchlen Sie Fruchtmash im Gefrierschrank f\u00fcr eine erfrischende Leckerei. Zum Waschen einfach in die Sp\u00fclmaschine geben.<br \/>\n<div class=\"main-cross-sell\" data-asin=\"B085BRSH93\">\n\n\t<div class=\"WooZone-cross-sell-loader\">\n\t\t<div>\n\t\t\t<div id=\"floatingBarsG\">\n\t\t\t\t<div class=\"blockG\" id=\"rotateG_01\"><\/div>\n\t\t\t\t<div class=\"blockG\" id=\"rotateG_02\"><\/div>\n\t\t\t\t<div class=\"blockG\" id=\"rotateG_03\"><\/div>\n\t\t\t\t<div class=\"blockG\" id=\"rotateG_04\"><\/div>\n\t\t\t\t<div class=\"blockG\" id=\"rotateG_05\"><\/div>\n\t\t\t\t<div class=\"blockG\" id=\"rotateG_06\"><\/div>\n\t\t\t\t<div class=\"blockG\" id=\"rotateG_07\"><\/div>\n\t\t\t\t<div class=\"blockG\" id=\"rotateG_08\"><\/div>\n\t\t\t<\/div>\n\t\t\t<div class=\"WooZone-cross-sell-loader-text\"><\/div>\n\t\t<\/div>\n\t<\/div>\n\n\t\t\n<\/div>\n<div style=\"clear:both;\"><\/div><\/p>\n","protected":false},"excerpt":{"rendered":"<p>118 ml Fassungsverm\u00f6gen Gl\u00e4ser mit Messmarkierung \u2013 unsere 118 ml Beh\u00e4lter mit Deckel erm\u00f6glichen es Ihnen, die perfekte Menge an Nahrung f\u00fcr Ihre Kleinen zuzubereiten. Kein Lebensmittelabfall mehr. Es erm\u00f6glicht Ihnen auch, Ihren Einsatz von Einwegbeh\u00e4ltern zu reduzieren.<br \/>\nHochwertiges, lebensmittelechtes geh\u00e4rtetes Glas \u2013 ergonomisches, geh\u00e4rtetes Glas-Design erm\u00f6glicht eine bessere Handhabung. Tropfen Babynahrung Vorratsgl\u00e4ser sind nicht nur be\u00e4ngstigend, wenn sie Glas sind, sondern auch verschwenderisch und frustrierend.<br \/>\n100 % BPA, phthalatfrei, PVC-frei und keimbest\u00e4ndig \u2013 geh\u00e4rtetes Glas ist eine ausgezeichnete Alternative zu Kunststoffbeh\u00e4ltern, da es keine BPA, Phthalate oder PVC enth\u00e4lt. Zudem ist Glas weniger por\u00f6s, so dass es keine unerw\u00fcnschten Organismen aufnehmen kann.<\/p>\n","protected":false},"featured_media":107644,"comment_status":"open","ping_status":"closed","template":"","meta":[],"product_brand":[],"product_cat":[21,9216],"product_tag":[],"class_list":{"0":"post-107643","1":"product","2":"type-product","3":"status-publish","4":"has-post-thumbnail","6":"product_cat-baby","7":"product_cat-ernaehrung-stillen-baby","8":"pa_brand-weesprout","9":"pa_height-6-zoll","10":"pa_length-11-42-zoll","11":"pa_manufacturer-weesprout","12":"pa_width-7-48-zoll","14":"first","15":"instock","16":"shipping-taxable","17":"purchasable","18":"product-type-simple","19":"customify-col","20":"product-has-gallery"},"yoast_head":"<!-- This site is optimized with the Yoast SEO plugin v27.3 - https:\/\/yoast.com\/product\/yoast-seo-wordpress\/ -->\n<title>WeeSprout Vorratsdosen aus Glas - Markt-XXL<\/title>\n<meta name=\"description\" content=\"Markt-XXL WeeSprout Vorratsdosen aus Glas\" \/>\n<meta name=\"robots\" content=\"index, follow, max-snippet:-1, max-image-preview:large, max-video-preview:-1\" \/>\n<link rel=\"canonical\" href=\"https:\/\/marktxxl.de\/markt\/produkt\/weesprout-vorratsdosen-aus-glas\/\" \/>\n<meta property=\"og:locale\" content=\"de_DE\" \/>\n<meta property=\"og:type\" content=\"article\" \/>\n<meta property=\"og:title\" content=\"WeeSprout Vorratsdosen aus Glas - Markt-XXL\" \/>\n<meta property=\"og:description\" content=\"Markt-XXL WeeSprout Vorratsdosen aus Glas\" \/>\n<meta property=\"og:url\" content=\"https:\/\/marktxxl.de\/markt\/produkt\/weesprout-vorratsdosen-aus-glas\/\" \/>\n<meta property=\"og:site_name\" content=\"Markt-XXL\" \/>\n<meta property=\"article:modified_time\" content=\"2023-04-10T01:32:59+00:00\" \/>\n<meta property=\"og:image\" content=\"https:\/\/m.media-amazon.com\/images\/I\/41zJZXeCriL._SL500_.jpg\" \/>\n\t<meta property=\"og:image:width\" content=\"500\" \/>\n\t<meta property=\"og:image:height\" content=\"500\" \/>\n\t<meta property=\"og:image:type\" content=\"image\/jpeg\" \/>\n<meta name=\"twitter:card\" content=\"summary_large_image\" \/>\n<meta name=\"twitter:label1\" content=\"Gesch\u00e4tzte Lesezeit\" \/>\n\t<meta name=\"twitter:data1\" content=\"1\u00a0Minute\" \/>\n<script type=\"application\/ld+json\" class=\"yoast-schema-graph\">{\"@context\":\"https:\\\/\\\/schema.org\",\"@graph\":[{\"@type\":\"WebPage\",\"@id\":\"https:\\\/\\\/marktxxl.de\\\/markt\\\/produkt\\\/weesprout-vorratsdosen-aus-glas\\\/\",\"url\":\"https:\\\/\\\/marktxxl.de\\\/markt\\\/produkt\\\/weesprout-vorratsdosen-aus-glas\\\/\",\"name\":\"WeeSprout Vorratsdosen aus Glas - Markt-XXL\",\"isPartOf\":{\"@id\":\"https:\\\/\\\/marktxxl.de\\\/markt\\\/#website\"},\"primaryImageOfPage\":{\"@id\":\"https:\\\/\\\/marktxxl.de\\\/markt\\\/produkt\\\/weesprout-vorratsdosen-aus-glas\\\/#primaryimage\"},\"image\":{\"@id\":\"https:\\\/\\\/marktxxl.de\\\/markt\\\/produkt\\\/weesprout-vorratsdosen-aus-glas\\\/#primaryimage\"},\"thumbnailUrl\":\"https:\\\/\\\/m.media-amazon.com\\\/images\\\/I\\\/41zJZXeCriL._SL500_.jpg\",\"datePublished\":\"2022-02-26T15:51:37+00:00\",\"dateModified\":\"2023-04-10T01:32:59+00:00\",\"description\":\"Markt-XXL WeeSprout Vorratsdosen aus Glas\",\"breadcrumb\":{\"@id\":\"https:\\\/\\\/marktxxl.de\\\/markt\\\/produkt\\\/weesprout-vorratsdosen-aus-glas\\\/#breadcrumb\"},\"inLanguage\":\"de\",\"potentialAction\":[{\"@type\":\"ReadAction\",\"target\":[\"https:\\\/\\\/marktxxl.de\\\/markt\\\/produkt\\\/weesprout-vorratsdosen-aus-glas\\\/\"]}]},{\"@type\":\"ImageObject\",\"inLanguage\":\"de\",\"@id\":\"https:\\\/\\\/marktxxl.de\\\/markt\\\/produkt\\\/weesprout-vorratsdosen-aus-glas\\\/#primaryimage\",\"url\":\"https:\\\/\\\/m.media-amazon.com\\\/images\\\/I\\\/41zJZXeCriL._SL500_.jpg\",\"contentUrl\":\"https:\\\/\\\/m.media-amazon.com\\\/images\\\/I\\\/41zJZXeCriL._SL500_.jpg\",\"width\":500,\"height\":500},{\"@type\":\"BreadcrumbList\",\"@id\":\"https:\\\/\\\/marktxxl.de\\\/markt\\\/produkt\\\/weesprout-vorratsdosen-aus-glas\\\/#breadcrumb\",\"itemListElement\":[{\"@type\":\"ListItem\",\"position\":1,\"name\":\"Startseite\",\"item\":\"https:\\\/\\\/marktxxl.de\\\/markt\\\/\"},{\"@type\":\"ListItem\",\"position\":2,\"name\":\"Markt\",\"item\":\"https:\\\/\\\/marktxxl.de\\\/markt\\\/\"},{\"@type\":\"ListItem\",\"position\":3,\"name\":\"WeeSprout Vorratsdosen aus Glas\"}]},{\"@type\":\"WebSite\",\"@id\":\"https:\\\/\\\/marktxxl.de\\\/markt\\\/#website\",\"url\":\"https:\\\/\\\/marktxxl.de\\\/markt\\\/\",\"name\":\"Markt-XXL\",\"description\":\"Ihr Markt Online\",\"publisher\":{\"@id\":\"https:\\\/\\\/marktxxl.de\\\/markt\\\/#organization\"},\"potentialAction\":[{\"@type\":\"SearchAction\",\"target\":{\"@type\":\"EntryPoint\",\"urlTemplate\":\"https:\\\/\\\/marktxxl.de\\\/markt\\\/?s={search_term_string}\"},\"query-input\":{\"@type\":\"PropertyValueSpecification\",\"valueRequired\":true,\"valueName\":\"search_term_string\"}}],\"inLanguage\":\"de\"},{\"@type\":\"Organization\",\"@id\":\"https:\\\/\\\/marktxxl.de\\\/markt\\\/#organization\",\"name\":\"Markt-XXL\",\"url\":\"https:\\\/\\\/marktxxl.de\\\/markt\\\/\",\"logo\":{\"@type\":\"ImageObject\",\"inLanguage\":\"de\",\"@id\":\"https:\\\/\\\/marktxxl.de\\\/markt\\\/#\\\/schema\\\/logo\\\/image\\\/\",\"url\":\"https:\\\/\\\/marktxxl.de\\\/markt\\\/wp-content\\\/uploads\\\/sites\\\/3\\\/2020\\\/12\\\/logo.png\",\"contentUrl\":\"https:\\\/\\\/marktxxl.de\\\/markt\\\/wp-content\\\/uploads\\\/sites\\\/3\\\/2020\\\/12\\\/logo.png\",\"width\":200,\"height\":70,\"caption\":\"Markt-XXL\"},\"image\":{\"@id\":\"https:\\\/\\\/marktxxl.de\\\/markt\\\/#\\\/schema\\\/logo\\\/image\\\/\"}}]}<\/script>\n<!-- \/ Yoast SEO plugin. -->","yoast_head_json":{"title":"WeeSprout Vorratsdosen aus Glas - Markt-XXL","description":"Markt-XXL WeeSprout Vorratsdosen aus Glas","robots":{"index":"index","follow":"follow","max-snippet":"max-snippet:-1","max-image-preview":"max-image-preview:large","max-video-preview":"max-video-preview:-1"},"canonical":"https:\/\/marktxxl.de\/markt\/produkt\/weesprout-vorratsdosen-aus-glas\/","og_locale":"de_DE","og_type":"article","og_title":"WeeSprout Vorratsdosen aus Glas - Markt-XXL","og_description":"Markt-XXL WeeSprout Vorratsdosen aus Glas","og_url":"https:\/\/marktxxl.de\/markt\/produkt\/weesprout-vorratsdosen-aus-glas\/","og_site_name":"Markt-XXL","article_modified_time":"2023-04-10T01:32:59+00:00","og_image":[{"width":500,"height":500,"url":"https:\/\/m.media-amazon.com\/images\/I\/41zJZXeCriL._SL500_.jpg","type":"image\/jpeg"}],"twitter_card":"summary_large_image","twitter_misc":{"Gesch\u00e4tzte Lesezeit":"1\u00a0Minute"},"schema":{"@context":"https:\/\/schema.org","@graph":[{"@type":"WebPage","@id":"https:\/\/marktxxl.de\/markt\/produkt\/weesprout-vorratsdosen-aus-glas\/","url":"https:\/\/marktxxl.de\/markt\/produkt\/weesprout-vorratsdosen-aus-glas\/","name":"WeeSprout Vorratsdosen aus Glas - Markt-XXL","isPartOf":{"@id":"https:\/\/marktxxl.de\/markt\/#website"},"primaryImageOfPage":{"@id":"https:\/\/marktxxl.de\/markt\/produkt\/weesprout-vorratsdosen-aus-glas\/#primaryimage"},"image":{"@id":"https:\/\/marktxxl.de\/markt\/produkt\/weesprout-vorratsdosen-aus-glas\/#primaryimage"},"thumbnailUrl":"https:\/\/m.media-amazon.com\/images\/I\/41zJZXeCriL._SL500_.jpg","datePublished":"2022-02-26T15:51:37+00:00","dateModified":"2023-04-10T01:32:59+00:00","description":"Markt-XXL WeeSprout Vorratsdosen aus Glas","breadcrumb":{"@id":"https:\/\/marktxxl.de\/markt\/produkt\/weesprout-vorratsdosen-aus-glas\/#breadcrumb"},"inLanguage":"de","potentialAction":[{"@type":"ReadAction","target":["https:\/\/marktxxl.de\/markt\/produkt\/weesprout-vorratsdosen-aus-glas\/"]}]},{"@type":"ImageObject","inLanguage":"de","@id":"https:\/\/marktxxl.de\/markt\/produkt\/weesprout-vorratsdosen-aus-glas\/#primaryimage","url":"https:\/\/m.media-amazon.com\/images\/I\/41zJZXeCriL._SL500_.jpg","contentUrl":"https:\/\/m.media-amazon.com\/images\/I\/41zJZXeCriL._SL500_.jpg","width":500,"height":500},{"@type":"BreadcrumbList","@id":"https:\/\/marktxxl.de\/markt\/produkt\/weesprout-vorratsdosen-aus-glas\/#breadcrumb","itemListElement":[{"@type":"ListItem","position":1,"name":"Startseite","item":"https:\/\/marktxxl.de\/markt\/"},{"@type":"ListItem","position":2,"name":"Markt","item":"https:\/\/marktxxl.de\/markt\/"},{"@type":"ListItem","position":3,"name":"WeeSprout Vorratsdosen aus Glas"}]},{"@type":"WebSite","@id":"https:\/\/marktxxl.de\/markt\/#website","url":"https:\/\/marktxxl.de\/markt\/","name":"Markt-XXL","description":"Ihr Markt Online","publisher":{"@id":"https:\/\/marktxxl.de\/markt\/#organization"},"potentialAction":[{"@type":"SearchAction","target":{"@type":"EntryPoint","urlTemplate":"https:\/\/marktxxl.de\/markt\/?s={search_term_string}"},"query-input":{"@type":"PropertyValueSpecification","valueRequired":true,"valueName":"search_term_string"}}],"inLanguage":"de"},{"@type":"Organization","@id":"https:\/\/marktxxl.de\/markt\/#organization","name":"Markt-XXL","url":"https:\/\/marktxxl.de\/markt\/","logo":{"@type":"ImageObject","inLanguage":"de","@id":"https:\/\/marktxxl.de\/markt\/#\/schema\/logo\/image\/","url":"https:\/\/marktxxl.de\/markt\/wp-content\/uploads\/sites\/3\/2020\/12\/logo.png","contentUrl":"https:\/\/marktxxl.de\/markt\/wp-content\/uploads\/sites\/3\/2020\/12\/logo.png","width":200,"height":70,"caption":"Markt-XXL"},"image":{"@id":"https:\/\/marktxxl.de\/markt\/#\/schema\/logo\/image\/"}}]}},"_links":{"self":[{"href":"https:\/\/marktxxl.de\/markt\/wp-json\/wp\/v2\/product\/107643","targetHints":{"allow":["GET"]}}],"collection":[{"href":"https:\/\/marktxxl.de\/markt\/wp-json\/wp\/v2\/product"}],"about":[{"href":"https:\/\/marktxxl.de\/markt\/wp-json\/wp\/v2\/types\/product"}],"replies":[{"embeddable":true,"href":"https:\/\/marktxxl.de\/markt\/wp-json\/wp\/v2\/comments?post=107643"}],"wp:featuredmedia":[{"embeddable":true,"href":"https:\/\/marktxxl.de\/markt\/wp-json\/wp\/v2\/media\/107644"}],"wp:attachment":[{"href":"https:\/\/marktxxl.de\/markt\/wp-json\/wp\/v2\/media?parent=107643"}],"wp:term":[{"taxonomy":"product_brand","embeddable":true,"href":"https:\/\/marktxxl.de\/markt\/wp-json\/wp\/v2\/product_brand?post=107643"},{"taxonomy":"product_cat","embeddable":true,"href":"https:\/\/marktxxl.de\/markt\/wp-json\/wp\/v2\/product_cat?post=107643"},{"taxonomy":"product_tag","embeddable":true,"href":"https:\/\/marktxxl.de\/markt\/wp-json\/wp\/v2\/product_tag?post=107643"}],"curies":[{"name":"wp","href":"https:\/\/api.w.org\/{rel}","templated":true}]}}