{"id":107532,"date":"2022-02-26T16:48:21","date_gmt":"2022-02-26T15:48:21","guid":{"rendered":"https:\/\/marktxxl.de\/markt\/produkt\/koernerkissen\/"},"modified":"2023-04-10T03:32:57","modified_gmt":"2023-04-10T01:32:57","slug":"koernerkissen","status":"publish","type":"product","link":"https:\/\/marktxxl.de\/markt\/produkt\/koernerkissen\/","title":{"rendered":"Vybelle\u00ae K\u00f6rnerkissen (51x17cm) 5-Kammer W\u00e4rmekissen Mikrowelle [mit wohltuenden Lavendelbl\u00fcten] Dinkelkissen mit\u2026"},"content":{"rendered":"<p>\u2705ANGENEHMER LAVENDELDUFT &#8211; Die beruhigende und entspannende Wirkung von Lavendelbl\u00fcten hilft dabei, Stress zu reduzieren und innere Unruhe auszugleichen.<br \/>\n\u2705 NACHHALTIGER DINKEL &#8211; Die atmungsaktiven Dinkelk\u00f6rner schmiegen sich durch ihre Struktur perfekt an den K\u00f6rper an und k\u00f6nnen Feuchtigkeit und W\u00e4rme prima regulieren.<br \/>\n\u2705 5-KAMMER SYSTEM &#8211; sorgt f\u00fcr eine perfekte Gewichtsverteilung und hervorragende Temeperatbest\u00e4ndigkeit.<br \/>\n\u2705 CO2 NEUTRAL &amp; NAT\u00dcRLICHE MATERIALIEN &#8211; wir achten bewusst darauf, nat\u00fcrliche Materialien zu verwenden und unseren CO2 Fu\u00dfabdruck zu neutralisieren.<br \/>\n\u2705 LUXUS SPA FEELING MIT VYBELLE \u2013 Dank des Made in Germany Designs und der einzigartigen Form ist das Vybelle K\u00f6rnerkissen auch optisch ein Hingucker. Unser K\u00f6rnerkissen ist deshalb auch als Geschenkidee besonders beliebt.<br \/>\n<div class=\"main-cross-sell\" data-asin=\"B09QD2MN4Z\">\n\n\t<div class=\"WooZone-cross-sell-loader\">\n\t\t<div>\n\t\t\t<div id=\"floatingBarsG\">\n\t\t\t\t<div class=\"blockG\" id=\"rotateG_01\"><\/div>\n\t\t\t\t<div class=\"blockG\" id=\"rotateG_02\"><\/div>\n\t\t\t\t<div class=\"blockG\" id=\"rotateG_03\"><\/div>\n\t\t\t\t<div class=\"blockG\" id=\"rotateG_04\"><\/div>\n\t\t\t\t<div class=\"blockG\" id=\"rotateG_05\"><\/div>\n\t\t\t\t<div class=\"blockG\" id=\"rotateG_06\"><\/div>\n\t\t\t\t<div class=\"blockG\" id=\"rotateG_07\"><\/div>\n\t\t\t\t<div class=\"blockG\" id=\"rotateG_08\"><\/div>\n\t\t\t<\/div>\n\t\t\t<div class=\"WooZone-cross-sell-loader-text\"><\/div>\n\t\t<\/div>\n\t<\/div>\n\n\t\t\n<\/div>\n<div style=\"clear:both;\"><\/div><\/p>\n","protected":false},"excerpt":{"rendered":"<p>\u2705ANGENEHMER LAVENDELDUFT &#8211; Die beruhigende und entspannende Wirkung von Lavendelbl\u00fcten hilft dabei, Stress zu reduzieren und innere Unruhe auszugleichen.<br \/>\n\u2705 NACHHALTIGER DINKEL &#8211; Die atmungsaktiven Dinkelk\u00f6rner schmiegen sich durch ihre Struktur perfekt an den K\u00f6rper an und k\u00f6nnen Feuchtigkeit und W\u00e4rme prima regulieren.<br \/>\n\u2705 5-KAMMER SYSTEM &#8211; sorgt f\u00fcr eine perfekte Gewichtsverteilung und hervorragende Temeperatbest\u00e4ndigkeit.<\/p>\n","protected":false},"featured_media":107533,"comment_status":"open","ping_status":"closed","template":"","meta":[],"product_brand":[],"product_cat":[566,6496],"product_tag":[],"class_list":{"0":"post-107532","1":"product","2":"type-product","3":"status-publish","4":"has-post-thumbnail","6":"product_cat-drogerie-koerperpflege","7":"product_cat-wellness","8":"pa_brand-vybelle","9":"pa_manufacturer-g-in-gmbh","11":"first","12":"instock","13":"shipping-taxable","14":"purchasable","15":"product-type-simple","16":"customify-col","17":"product-has-gallery"},"yoast_head":"<!-- This site is optimized with the Yoast SEO plugin v27.3 - https:\/\/yoast.com\/product\/yoast-seo-wordpress\/ -->\n<title>Vybelle\u00ae K\u00f6rnerkissen (51x17cm) 5-Kammer W\u00e4rmekissen Mikrowelle [mit wohltuenden Lavendelbl\u00fcten] Dinkelkissen mit\u2026 - Markt-XXL<\/title>\n<meta name=\"description\" content=\"Markt-XXL Vybelle\u00ae K\u00f6rnerkissen (51x17cm) 5-Kammer W\u00e4rmekissen Mikrowelle [mit wohltuenden Lavendelbl\u00fcten] Dinkelkissen mit\u2026\" \/>\n<meta name=\"robots\" content=\"index, follow, max-snippet:-1, max-image-preview:large, max-video-preview:-1\" \/>\n<link rel=\"canonical\" href=\"https:\/\/marktxxl.de\/markt\/produkt\/koernerkissen\/\" \/>\n<meta property=\"og:locale\" content=\"de_DE\" \/>\n<meta property=\"og:type\" content=\"article\" \/>\n<meta property=\"og:title\" content=\"Vybelle\u00ae K\u00f6rnerkissen (51x17cm) 5-Kammer W\u00e4rmekissen Mikrowelle [mit wohltuenden Lavendelbl\u00fcten] Dinkelkissen mit\u2026 - Markt-XXL\" \/>\n<meta property=\"og:description\" content=\"Markt-XXL Vybelle\u00ae K\u00f6rnerkissen (51x17cm) 5-Kammer W\u00e4rmekissen Mikrowelle [mit wohltuenden Lavendelbl\u00fcten] Dinkelkissen mit\u2026\" \/>\n<meta property=\"og:url\" content=\"https:\/\/marktxxl.de\/markt\/produkt\/koernerkissen\/\" \/>\n<meta property=\"og:site_name\" content=\"Markt-XXL\" \/>\n<meta property=\"article:modified_time\" content=\"2023-04-10T01:32:57+00:00\" \/>\n<meta property=\"og:image\" content=\"https:\/\/m.media-amazon.com\/images\/I\/41b7FtjJqxL._SL500_.jpg\" \/>\n\t<meta property=\"og:image:width\" content=\"500\" \/>\n\t<meta property=\"og:image:height\" content=\"500\" \/>\n\t<meta property=\"og:image:type\" content=\"image\/jpeg\" \/>\n<meta name=\"twitter:card\" content=\"summary_large_image\" \/>\n<meta name=\"twitter:label1\" content=\"Gesch\u00e4tzte Lesezeit\" \/>\n\t<meta name=\"twitter:data1\" content=\"1\u00a0Minute\" \/>\n<script type=\"application\/ld+json\" class=\"yoast-schema-graph\">{\"@context\":\"https:\\\/\\\/schema.org\",\"@graph\":[{\"@type\":\"WebPage\",\"@id\":\"https:\\\/\\\/marktxxl.de\\\/markt\\\/produkt\\\/koernerkissen\\\/\",\"url\":\"https:\\\/\\\/marktxxl.de\\\/markt\\\/produkt\\\/koernerkissen\\\/\",\"name\":\"Vybelle\u00ae K\u00f6rnerkissen (51x17cm) 5-Kammer W\u00e4rmekissen Mikrowelle [mit wohltuenden Lavendelbl\u00fcten] Dinkelkissen mit\u2026 - Markt-XXL\",\"isPartOf\":{\"@id\":\"https:\\\/\\\/marktxxl.de\\\/markt\\\/#website\"},\"primaryImageOfPage\":{\"@id\":\"https:\\\/\\\/marktxxl.de\\\/markt\\\/produkt\\\/koernerkissen\\\/#primaryimage\"},\"image\":{\"@id\":\"https:\\\/\\\/marktxxl.de\\\/markt\\\/produkt\\\/koernerkissen\\\/#primaryimage\"},\"thumbnailUrl\":\"https:\\\/\\\/m.media-amazon.com\\\/images\\\/I\\\/41b7FtjJqxL._SL500_.jpg\",\"datePublished\":\"2022-02-26T15:48:21+00:00\",\"dateModified\":\"2023-04-10T01:32:57+00:00\",\"description\":\"Markt-XXL Vybelle\u00ae K\u00f6rnerkissen (51x17cm) 5-Kammer W\u00e4rmekissen Mikrowelle [mit wohltuenden Lavendelbl\u00fcten] Dinkelkissen mit\u2026\",\"breadcrumb\":{\"@id\":\"https:\\\/\\\/marktxxl.de\\\/markt\\\/produkt\\\/koernerkissen\\\/#breadcrumb\"},\"inLanguage\":\"de\",\"potentialAction\":[{\"@type\":\"ReadAction\",\"target\":[\"https:\\\/\\\/marktxxl.de\\\/markt\\\/produkt\\\/koernerkissen\\\/\"]}]},{\"@type\":\"ImageObject\",\"inLanguage\":\"de\",\"@id\":\"https:\\\/\\\/marktxxl.de\\\/markt\\\/produkt\\\/koernerkissen\\\/#primaryimage\",\"url\":\"https:\\\/\\\/m.media-amazon.com\\\/images\\\/I\\\/41b7FtjJqxL._SL500_.jpg\",\"contentUrl\":\"https:\\\/\\\/m.media-amazon.com\\\/images\\\/I\\\/41b7FtjJqxL._SL500_.jpg\",\"width\":500,\"height\":500},{\"@type\":\"BreadcrumbList\",\"@id\":\"https:\\\/\\\/marktxxl.de\\\/markt\\\/produkt\\\/koernerkissen\\\/#breadcrumb\",\"itemListElement\":[{\"@type\":\"ListItem\",\"position\":1,\"name\":\"Startseite\",\"item\":\"https:\\\/\\\/marktxxl.de\\\/markt\\\/\"},{\"@type\":\"ListItem\",\"position\":2,\"name\":\"Markt\",\"item\":\"https:\\\/\\\/marktxxl.de\\\/markt\\\/\"},{\"@type\":\"ListItem\",\"position\":3,\"name\":\"Vybelle\u00ae K\u00f6rnerkissen (51x17cm) 5-Kammer W\u00e4rmekissen Mikrowelle [mit wohltuenden Lavendelbl\u00fcten] Dinkelkissen mit\u2026\"}]},{\"@type\":\"WebSite\",\"@id\":\"https:\\\/\\\/marktxxl.de\\\/markt\\\/#website\",\"url\":\"https:\\\/\\\/marktxxl.de\\\/markt\\\/\",\"name\":\"Markt-XXL\",\"description\":\"Ihr Markt Online\",\"publisher\":{\"@id\":\"https:\\\/\\\/marktxxl.de\\\/markt\\\/#organization\"},\"potentialAction\":[{\"@type\":\"SearchAction\",\"target\":{\"@type\":\"EntryPoint\",\"urlTemplate\":\"https:\\\/\\\/marktxxl.de\\\/markt\\\/?s={search_term_string}\"},\"query-input\":{\"@type\":\"PropertyValueSpecification\",\"valueRequired\":true,\"valueName\":\"search_term_string\"}}],\"inLanguage\":\"de\"},{\"@type\":\"Organization\",\"@id\":\"https:\\\/\\\/marktxxl.de\\\/markt\\\/#organization\",\"name\":\"Markt-XXL\",\"url\":\"https:\\\/\\\/marktxxl.de\\\/markt\\\/\",\"logo\":{\"@type\":\"ImageObject\",\"inLanguage\":\"de\",\"@id\":\"https:\\\/\\\/marktxxl.de\\\/markt\\\/#\\\/schema\\\/logo\\\/image\\\/\",\"url\":\"https:\\\/\\\/marktxxl.de\\\/markt\\\/wp-content\\\/uploads\\\/sites\\\/3\\\/2020\\\/12\\\/logo.png\",\"contentUrl\":\"https:\\\/\\\/marktxxl.de\\\/markt\\\/wp-content\\\/uploads\\\/sites\\\/3\\\/2020\\\/12\\\/logo.png\",\"width\":200,\"height\":70,\"caption\":\"Markt-XXL\"},\"image\":{\"@id\":\"https:\\\/\\\/marktxxl.de\\\/markt\\\/#\\\/schema\\\/logo\\\/image\\\/\"}}]}<\/script>\n<!-- \/ Yoast SEO plugin. -->","yoast_head_json":{"title":"Vybelle\u00ae K\u00f6rnerkissen (51x17cm) 5-Kammer W\u00e4rmekissen Mikrowelle [mit wohltuenden Lavendelbl\u00fcten] Dinkelkissen mit\u2026 - Markt-XXL","description":"Markt-XXL Vybelle\u00ae K\u00f6rnerkissen (51x17cm) 5-Kammer W\u00e4rmekissen Mikrowelle [mit wohltuenden Lavendelbl\u00fcten] Dinkelkissen mit\u2026","robots":{"index":"index","follow":"follow","max-snippet":"max-snippet:-1","max-image-preview":"max-image-preview:large","max-video-preview":"max-video-preview:-1"},"canonical":"https:\/\/marktxxl.de\/markt\/produkt\/koernerkissen\/","og_locale":"de_DE","og_type":"article","og_title":"Vybelle\u00ae K\u00f6rnerkissen (51x17cm) 5-Kammer W\u00e4rmekissen Mikrowelle [mit wohltuenden Lavendelbl\u00fcten] Dinkelkissen mit\u2026 - Markt-XXL","og_description":"Markt-XXL Vybelle\u00ae K\u00f6rnerkissen (51x17cm) 5-Kammer W\u00e4rmekissen Mikrowelle [mit wohltuenden Lavendelbl\u00fcten] Dinkelkissen mit\u2026","og_url":"https:\/\/marktxxl.de\/markt\/produkt\/koernerkissen\/","og_site_name":"Markt-XXL","article_modified_time":"2023-04-10T01:32:57+00:00","og_image":[{"width":500,"height":500,"url":"https:\/\/m.media-amazon.com\/images\/I\/41b7FtjJqxL._SL500_.jpg","type":"image\/jpeg"}],"twitter_card":"summary_large_image","twitter_misc":{"Gesch\u00e4tzte Lesezeit":"1\u00a0Minute"},"schema":{"@context":"https:\/\/schema.org","@graph":[{"@type":"WebPage","@id":"https:\/\/marktxxl.de\/markt\/produkt\/koernerkissen\/","url":"https:\/\/marktxxl.de\/markt\/produkt\/koernerkissen\/","name":"Vybelle\u00ae K\u00f6rnerkissen (51x17cm) 5-Kammer W\u00e4rmekissen Mikrowelle [mit wohltuenden Lavendelbl\u00fcten] Dinkelkissen mit\u2026 - Markt-XXL","isPartOf":{"@id":"https:\/\/marktxxl.de\/markt\/#website"},"primaryImageOfPage":{"@id":"https:\/\/marktxxl.de\/markt\/produkt\/koernerkissen\/#primaryimage"},"image":{"@id":"https:\/\/marktxxl.de\/markt\/produkt\/koernerkissen\/#primaryimage"},"thumbnailUrl":"https:\/\/m.media-amazon.com\/images\/I\/41b7FtjJqxL._SL500_.jpg","datePublished":"2022-02-26T15:48:21+00:00","dateModified":"2023-04-10T01:32:57+00:00","description":"Markt-XXL Vybelle\u00ae K\u00f6rnerkissen (51x17cm) 5-Kammer W\u00e4rmekissen Mikrowelle [mit wohltuenden Lavendelbl\u00fcten] Dinkelkissen mit\u2026","breadcrumb":{"@id":"https:\/\/marktxxl.de\/markt\/produkt\/koernerkissen\/#breadcrumb"},"inLanguage":"de","potentialAction":[{"@type":"ReadAction","target":["https:\/\/marktxxl.de\/markt\/produkt\/koernerkissen\/"]}]},{"@type":"ImageObject","inLanguage":"de","@id":"https:\/\/marktxxl.de\/markt\/produkt\/koernerkissen\/#primaryimage","url":"https:\/\/m.media-amazon.com\/images\/I\/41b7FtjJqxL._SL500_.jpg","contentUrl":"https:\/\/m.media-amazon.com\/images\/I\/41b7FtjJqxL._SL500_.jpg","width":500,"height":500},{"@type":"BreadcrumbList","@id":"https:\/\/marktxxl.de\/markt\/produkt\/koernerkissen\/#breadcrumb","itemListElement":[{"@type":"ListItem","position":1,"name":"Startseite","item":"https:\/\/marktxxl.de\/markt\/"},{"@type":"ListItem","position":2,"name":"Markt","item":"https:\/\/marktxxl.de\/markt\/"},{"@type":"ListItem","position":3,"name":"Vybelle\u00ae K\u00f6rnerkissen (51x17cm) 5-Kammer W\u00e4rmekissen Mikrowelle [mit wohltuenden Lavendelbl\u00fcten] Dinkelkissen mit\u2026"}]},{"@type":"WebSite","@id":"https:\/\/marktxxl.de\/markt\/#website","url":"https:\/\/marktxxl.de\/markt\/","name":"Markt-XXL","description":"Ihr Markt Online","publisher":{"@id":"https:\/\/marktxxl.de\/markt\/#organization"},"potentialAction":[{"@type":"SearchAction","target":{"@type":"EntryPoint","urlTemplate":"https:\/\/marktxxl.de\/markt\/?s={search_term_string}"},"query-input":{"@type":"PropertyValueSpecification","valueRequired":true,"valueName":"search_term_string"}}],"inLanguage":"de"},{"@type":"Organization","@id":"https:\/\/marktxxl.de\/markt\/#organization","name":"Markt-XXL","url":"https:\/\/marktxxl.de\/markt\/","logo":{"@type":"ImageObject","inLanguage":"de","@id":"https:\/\/marktxxl.de\/markt\/#\/schema\/logo\/image\/","url":"https:\/\/marktxxl.de\/markt\/wp-content\/uploads\/sites\/3\/2020\/12\/logo.png","contentUrl":"https:\/\/marktxxl.de\/markt\/wp-content\/uploads\/sites\/3\/2020\/12\/logo.png","width":200,"height":70,"caption":"Markt-XXL"},"image":{"@id":"https:\/\/marktxxl.de\/markt\/#\/schema\/logo\/image\/"}}]}},"_links":{"self":[{"href":"https:\/\/marktxxl.de\/markt\/wp-json\/wp\/v2\/product\/107532","targetHints":{"allow":["GET"]}}],"collection":[{"href":"https:\/\/marktxxl.de\/markt\/wp-json\/wp\/v2\/product"}],"about":[{"href":"https:\/\/marktxxl.de\/markt\/wp-json\/wp\/v2\/types\/product"}],"replies":[{"embeddable":true,"href":"https:\/\/marktxxl.de\/markt\/wp-json\/wp\/v2\/comments?post=107532"}],"wp:featuredmedia":[{"embeddable":true,"href":"https:\/\/marktxxl.de\/markt\/wp-json\/wp\/v2\/media\/107533"}],"wp:attachment":[{"href":"https:\/\/marktxxl.de\/markt\/wp-json\/wp\/v2\/media?parent=107532"}],"wp:term":[{"taxonomy":"product_brand","embeddable":true,"href":"https:\/\/marktxxl.de\/markt\/wp-json\/wp\/v2\/product_brand?post=107532"},{"taxonomy":"product_cat","embeddable":true,"href":"https:\/\/marktxxl.de\/markt\/wp-json\/wp\/v2\/product_cat?post=107532"},{"taxonomy":"product_tag","embeddable":true,"href":"https:\/\/marktxxl.de\/markt\/wp-json\/wp\/v2\/product_tag?post=107532"}],"curies":[{"name":"wp","href":"https:\/\/api.w.org\/{rel}","templated":true}]}}