{"id":107458,"date":"2022-02-26T16:43:08","date_gmt":"2022-02-26T15:43:08","guid":{"rendered":"https:\/\/marktxxl.de\/markt\/produkt\/natur-schild-1-fl-oz-30-ml-now-foods\/"},"modified":"2023-04-10T03:32:55","modified_gmt":"2023-04-10T01:32:55","slug":"natur-schild-1-fl-oz-30-ml-now-foods","status":"publish","type":"product","link":"https:\/\/marktxxl.de\/markt\/produkt\/natur-schild-1-fl-oz-30-ml-now-foods\/","title":{"rendered":"Natur Schild, (1 fl oz 30 ml) &#8211; Now Foods"},"content":{"rendered":"<p>F\u00fcgen Sie es zu einem Diffusor hinzu, um R\u00e4ume zu reinigen und zu reinigen, oder schaffen Sie einen Raumnebel, indem Sie 30 Tropfen auf 30 ml Wasser in einer Spr\u00fchflasche hinzuf\u00fcgen. Tolle Mischung, um eine gesunde Umwelt zu f\u00f6rdern.<br \/>\nNow Foods<br \/>\nTolles Preis-Leistungs-Verh\u00e4ltnis<br \/>\n<div class=\"main-cross-sell\" data-asin=\"B015NFD8GO\">\n\n\t<div class=\"WooZone-cross-sell-loader\">\n\t\t<div>\n\t\t\t<div id=\"floatingBarsG\">\n\t\t\t\t<div class=\"blockG\" id=\"rotateG_01\"><\/div>\n\t\t\t\t<div class=\"blockG\" id=\"rotateG_02\"><\/div>\n\t\t\t\t<div class=\"blockG\" id=\"rotateG_03\"><\/div>\n\t\t\t\t<div class=\"blockG\" id=\"rotateG_04\"><\/div>\n\t\t\t\t<div class=\"blockG\" id=\"rotateG_05\"><\/div>\n\t\t\t\t<div class=\"blockG\" id=\"rotateG_06\"><\/div>\n\t\t\t\t<div class=\"blockG\" id=\"rotateG_07\"><\/div>\n\t\t\t\t<div class=\"blockG\" id=\"rotateG_08\"><\/div>\n\t\t\t<\/div>\n\t\t\t<div class=\"WooZone-cross-sell-loader-text\"><\/div>\n\t\t<\/div>\n\t<\/div>\n\n\t\t\n<\/div>\n<div style=\"clear:both;\"><\/div><\/p>\n","protected":false},"excerpt":{"rendered":"<p>F\u00fcgen Sie es zu einem Diffusor hinzu, um R\u00e4ume zu reinigen und zu reinigen, oder schaffen Sie einen Raumnebel, indem Sie 30 Tropfen auf 30 ml Wasser in einer Spr\u00fchflasche hinzuf\u00fcgen. Tolle Mischung, um eine gesunde Umwelt zu f\u00f6rdern.<br \/>\nNow Foods<br \/>\nTolles Preis-Leistungs-Verh\u00e4ltnis<\/p>\n","protected":false},"featured_media":107459,"comment_status":"open","ping_status":"closed","template":"","meta":[],"product_brand":[],"product_cat":[566,6496],"product_tag":[],"class_list":{"0":"post-107458","1":"product","2":"type-product","3":"status-publish","4":"has-post-thumbnail","6":"product_cat-drogerie-koerperpflege","7":"product_cat-wellness","8":"pa_binding-badartikel","9":"pa_brand-now-foods","10":"pa_height-3-25-zoll","11":"pa_languages-unbekannt-latin-spanish","12":"pa_length-1-25-zoll","13":"pa_manufacturer-now-foods","14":"pa_model-32391","15":"pa_weight-0-18-pfund","16":"pa_width-1-25-zoll","18":"first","19":"instock","20":"shipping-taxable","21":"purchasable","22":"product-type-simple","23":"customify-col","24":"product-has-gallery"},"yoast_head":"<!-- This site is optimized with the Yoast SEO plugin v27.4 - https:\/\/yoast.com\/product\/yoast-seo-wordpress\/ -->\n<title>Natur Schild, (1 fl oz 30 ml) - Now Foods - Markt-XXL<\/title>\n<meta name=\"description\" content=\"Markt-XXL Natur Schild, (1 fl oz 30 ml) - Now Foods\" \/>\n<meta name=\"robots\" content=\"index, follow, max-snippet:-1, max-image-preview:large, max-video-preview:-1\" \/>\n<link rel=\"canonical\" href=\"https:\/\/marktxxl.de\/markt\/produkt\/natur-schild-1-fl-oz-30-ml-now-foods\/\" \/>\n<meta property=\"og:locale\" content=\"de_DE\" \/>\n<meta property=\"og:type\" content=\"article\" \/>\n<meta property=\"og:title\" content=\"Natur Schild, (1 fl oz 30 ml) - Now Foods - Markt-XXL\" \/>\n<meta property=\"og:description\" content=\"Markt-XXL Natur Schild, (1 fl oz 30 ml) - Now Foods\" \/>\n<meta property=\"og:url\" content=\"https:\/\/marktxxl.de\/markt\/produkt\/natur-schild-1-fl-oz-30-ml-now-foods\/\" \/>\n<meta property=\"og:site_name\" content=\"Markt-XXL\" \/>\n<meta property=\"article:modified_time\" content=\"2023-04-10T01:32:55+00:00\" \/>\n<meta property=\"og:image\" content=\"https:\/\/m.media-amazon.com\/images\/I\/41Nv2h4d3-L._SL500_.jpg\" \/>\n\t<meta property=\"og:image:width\" content=\"500\" \/>\n\t<meta property=\"og:image:height\" content=\"500\" \/>\n\t<meta property=\"og:image:type\" content=\"image\/jpeg\" \/>\n<meta name=\"twitter:card\" content=\"summary_large_image\" \/>\n<script type=\"application\/ld+json\" class=\"yoast-schema-graph\">{\"@context\":\"https:\\\/\\\/schema.org\",\"@graph\":[{\"@type\":\"WebPage\",\"@id\":\"https:\\\/\\\/marktxxl.de\\\/markt\\\/produkt\\\/natur-schild-1-fl-oz-30-ml-now-foods\\\/\",\"url\":\"https:\\\/\\\/marktxxl.de\\\/markt\\\/produkt\\\/natur-schild-1-fl-oz-30-ml-now-foods\\\/\",\"name\":\"Natur Schild, (1 fl oz 30 ml) - Now Foods - Markt-XXL\",\"isPartOf\":{\"@id\":\"https:\\\/\\\/marktxxl.de\\\/markt\\\/#website\"},\"primaryImageOfPage\":{\"@id\":\"https:\\\/\\\/marktxxl.de\\\/markt\\\/produkt\\\/natur-schild-1-fl-oz-30-ml-now-foods\\\/#primaryimage\"},\"image\":{\"@id\":\"https:\\\/\\\/marktxxl.de\\\/markt\\\/produkt\\\/natur-schild-1-fl-oz-30-ml-now-foods\\\/#primaryimage\"},\"thumbnailUrl\":\"https:\\\/\\\/m.media-amazon.com\\\/images\\\/I\\\/41Nv2h4d3-L._SL500_.jpg\",\"datePublished\":\"2022-02-26T15:43:08+00:00\",\"dateModified\":\"2023-04-10T01:32:55+00:00\",\"description\":\"Markt-XXL Natur Schild, (1 fl oz 30 ml) - Now Foods\",\"breadcrumb\":{\"@id\":\"https:\\\/\\\/marktxxl.de\\\/markt\\\/produkt\\\/natur-schild-1-fl-oz-30-ml-now-foods\\\/#breadcrumb\"},\"inLanguage\":\"de\",\"potentialAction\":[{\"@type\":\"ReadAction\",\"target\":[\"https:\\\/\\\/marktxxl.de\\\/markt\\\/produkt\\\/natur-schild-1-fl-oz-30-ml-now-foods\\\/\"]}]},{\"@type\":\"ImageObject\",\"inLanguage\":\"de\",\"@id\":\"https:\\\/\\\/marktxxl.de\\\/markt\\\/produkt\\\/natur-schild-1-fl-oz-30-ml-now-foods\\\/#primaryimage\",\"url\":\"https:\\\/\\\/m.media-amazon.com\\\/images\\\/I\\\/41Nv2h4d3-L._SL500_.jpg\",\"contentUrl\":\"https:\\\/\\\/m.media-amazon.com\\\/images\\\/I\\\/41Nv2h4d3-L._SL500_.jpg\",\"width\":500,\"height\":500},{\"@type\":\"BreadcrumbList\",\"@id\":\"https:\\\/\\\/marktxxl.de\\\/markt\\\/produkt\\\/natur-schild-1-fl-oz-30-ml-now-foods\\\/#breadcrumb\",\"itemListElement\":[{\"@type\":\"ListItem\",\"position\":1,\"name\":\"Startseite\",\"item\":\"https:\\\/\\\/marktxxl.de\\\/markt\\\/\"},{\"@type\":\"ListItem\",\"position\":2,\"name\":\"Markt\",\"item\":\"https:\\\/\\\/marktxxl.de\\\/markt\\\/\"},{\"@type\":\"ListItem\",\"position\":3,\"name\":\"Natur Schild, (1 fl oz 30 ml) &#8211; Now Foods\"}]},{\"@type\":\"WebSite\",\"@id\":\"https:\\\/\\\/marktxxl.de\\\/markt\\\/#website\",\"url\":\"https:\\\/\\\/marktxxl.de\\\/markt\\\/\",\"name\":\"Markt-XXL\",\"description\":\"Ihr Markt Online\",\"publisher\":{\"@id\":\"https:\\\/\\\/marktxxl.de\\\/markt\\\/#organization\"},\"potentialAction\":[{\"@type\":\"SearchAction\",\"target\":{\"@type\":\"EntryPoint\",\"urlTemplate\":\"https:\\\/\\\/marktxxl.de\\\/markt\\\/?s={search_term_string}\"},\"query-input\":{\"@type\":\"PropertyValueSpecification\",\"valueRequired\":true,\"valueName\":\"search_term_string\"}}],\"inLanguage\":\"de\"},{\"@type\":\"Organization\",\"@id\":\"https:\\\/\\\/marktxxl.de\\\/markt\\\/#organization\",\"name\":\"Markt-XXL\",\"url\":\"https:\\\/\\\/marktxxl.de\\\/markt\\\/\",\"logo\":{\"@type\":\"ImageObject\",\"inLanguage\":\"de\",\"@id\":\"https:\\\/\\\/marktxxl.de\\\/markt\\\/#\\\/schema\\\/logo\\\/image\\\/\",\"url\":\"https:\\\/\\\/marktxxl.de\\\/markt\\\/wp-content\\\/uploads\\\/sites\\\/3\\\/2020\\\/12\\\/logo.png\",\"contentUrl\":\"https:\\\/\\\/marktxxl.de\\\/markt\\\/wp-content\\\/uploads\\\/sites\\\/3\\\/2020\\\/12\\\/logo.png\",\"width\":200,\"height\":70,\"caption\":\"Markt-XXL\"},\"image\":{\"@id\":\"https:\\\/\\\/marktxxl.de\\\/markt\\\/#\\\/schema\\\/logo\\\/image\\\/\"}}]}<\/script>\n<!-- \/ Yoast SEO plugin. -->","yoast_head_json":{"title":"Natur Schild, (1 fl oz 30 ml) - Now Foods - Markt-XXL","description":"Markt-XXL Natur Schild, (1 fl oz 30 ml) - Now Foods","robots":{"index":"index","follow":"follow","max-snippet":"max-snippet:-1","max-image-preview":"max-image-preview:large","max-video-preview":"max-video-preview:-1"},"canonical":"https:\/\/marktxxl.de\/markt\/produkt\/natur-schild-1-fl-oz-30-ml-now-foods\/","og_locale":"de_DE","og_type":"article","og_title":"Natur Schild, (1 fl oz 30 ml) - Now Foods - Markt-XXL","og_description":"Markt-XXL Natur Schild, (1 fl oz 30 ml) - Now Foods","og_url":"https:\/\/marktxxl.de\/markt\/produkt\/natur-schild-1-fl-oz-30-ml-now-foods\/","og_site_name":"Markt-XXL","article_modified_time":"2023-04-10T01:32:55+00:00","og_image":[{"width":500,"height":500,"url":"https:\/\/m.media-amazon.com\/images\/I\/41Nv2h4d3-L._SL500_.jpg","type":"image\/jpeg"}],"twitter_card":"summary_large_image","schema":{"@context":"https:\/\/schema.org","@graph":[{"@type":"WebPage","@id":"https:\/\/marktxxl.de\/markt\/produkt\/natur-schild-1-fl-oz-30-ml-now-foods\/","url":"https:\/\/marktxxl.de\/markt\/produkt\/natur-schild-1-fl-oz-30-ml-now-foods\/","name":"Natur Schild, (1 fl oz 30 ml) - Now Foods - Markt-XXL","isPartOf":{"@id":"https:\/\/marktxxl.de\/markt\/#website"},"primaryImageOfPage":{"@id":"https:\/\/marktxxl.de\/markt\/produkt\/natur-schild-1-fl-oz-30-ml-now-foods\/#primaryimage"},"image":{"@id":"https:\/\/marktxxl.de\/markt\/produkt\/natur-schild-1-fl-oz-30-ml-now-foods\/#primaryimage"},"thumbnailUrl":"https:\/\/m.media-amazon.com\/images\/I\/41Nv2h4d3-L._SL500_.jpg","datePublished":"2022-02-26T15:43:08+00:00","dateModified":"2023-04-10T01:32:55+00:00","description":"Markt-XXL Natur Schild, (1 fl oz 30 ml) - Now Foods","breadcrumb":{"@id":"https:\/\/marktxxl.de\/markt\/produkt\/natur-schild-1-fl-oz-30-ml-now-foods\/#breadcrumb"},"inLanguage":"de","potentialAction":[{"@type":"ReadAction","target":["https:\/\/marktxxl.de\/markt\/produkt\/natur-schild-1-fl-oz-30-ml-now-foods\/"]}]},{"@type":"ImageObject","inLanguage":"de","@id":"https:\/\/marktxxl.de\/markt\/produkt\/natur-schild-1-fl-oz-30-ml-now-foods\/#primaryimage","url":"https:\/\/m.media-amazon.com\/images\/I\/41Nv2h4d3-L._SL500_.jpg","contentUrl":"https:\/\/m.media-amazon.com\/images\/I\/41Nv2h4d3-L._SL500_.jpg","width":500,"height":500},{"@type":"BreadcrumbList","@id":"https:\/\/marktxxl.de\/markt\/produkt\/natur-schild-1-fl-oz-30-ml-now-foods\/#breadcrumb","itemListElement":[{"@type":"ListItem","position":1,"name":"Startseite","item":"https:\/\/marktxxl.de\/markt\/"},{"@type":"ListItem","position":2,"name":"Markt","item":"https:\/\/marktxxl.de\/markt\/"},{"@type":"ListItem","position":3,"name":"Natur Schild, (1 fl oz 30 ml) &#8211; Now Foods"}]},{"@type":"WebSite","@id":"https:\/\/marktxxl.de\/markt\/#website","url":"https:\/\/marktxxl.de\/markt\/","name":"Markt-XXL","description":"Ihr Markt Online","publisher":{"@id":"https:\/\/marktxxl.de\/markt\/#organization"},"potentialAction":[{"@type":"SearchAction","target":{"@type":"EntryPoint","urlTemplate":"https:\/\/marktxxl.de\/markt\/?s={search_term_string}"},"query-input":{"@type":"PropertyValueSpecification","valueRequired":true,"valueName":"search_term_string"}}],"inLanguage":"de"},{"@type":"Organization","@id":"https:\/\/marktxxl.de\/markt\/#organization","name":"Markt-XXL","url":"https:\/\/marktxxl.de\/markt\/","logo":{"@type":"ImageObject","inLanguage":"de","@id":"https:\/\/marktxxl.de\/markt\/#\/schema\/logo\/image\/","url":"https:\/\/marktxxl.de\/markt\/wp-content\/uploads\/sites\/3\/2020\/12\/logo.png","contentUrl":"https:\/\/marktxxl.de\/markt\/wp-content\/uploads\/sites\/3\/2020\/12\/logo.png","width":200,"height":70,"caption":"Markt-XXL"},"image":{"@id":"https:\/\/marktxxl.de\/markt\/#\/schema\/logo\/image\/"}}]}},"_links":{"self":[{"href":"https:\/\/marktxxl.de\/markt\/wp-json\/wp\/v2\/product\/107458","targetHints":{"allow":["GET"]}}],"collection":[{"href":"https:\/\/marktxxl.de\/markt\/wp-json\/wp\/v2\/product"}],"about":[{"href":"https:\/\/marktxxl.de\/markt\/wp-json\/wp\/v2\/types\/product"}],"replies":[{"embeddable":true,"href":"https:\/\/marktxxl.de\/markt\/wp-json\/wp\/v2\/comments?post=107458"}],"wp:featuredmedia":[{"embeddable":true,"href":"https:\/\/marktxxl.de\/markt\/wp-json\/wp\/v2\/media\/107459"}],"wp:attachment":[{"href":"https:\/\/marktxxl.de\/markt\/wp-json\/wp\/v2\/media?parent=107458"}],"wp:term":[{"taxonomy":"product_brand","embeddable":true,"href":"https:\/\/marktxxl.de\/markt\/wp-json\/wp\/v2\/product_brand?post=107458"},{"taxonomy":"product_cat","embeddable":true,"href":"https:\/\/marktxxl.de\/markt\/wp-json\/wp\/v2\/product_cat?post=107458"},{"taxonomy":"product_tag","embeddable":true,"href":"https:\/\/marktxxl.de\/markt\/wp-json\/wp\/v2\/product_tag?post=107458"}],"curies":[{"name":"wp","href":"https:\/\/api.w.org\/{rel}","templated":true}]}}