{"id":107443,"date":"2022-02-26T16:42:47","date_gmt":"2022-02-26T15:42:47","guid":{"rendered":"https:\/\/marktxxl.de\/markt\/produkt\/femometer-10-x-schwangerschaftstest-fruehtest-25-miu-ml-optimaler-sensitivitaet\/"},"modified":"2023-04-10T03:32:54","modified_gmt":"2023-04-10T01:32:54","slug":"femometer-10-x-schwangerschaftstest-fruehtest-25-miu-ml-optimaler-sensitivitaet","status":"publish","type":"product","link":"https:\/\/marktxxl.de\/markt\/produkt\/femometer-10-x-schwangerschaftstest-fruehtest-25-miu-ml-optimaler-sensitivitaet\/","title":{"rendered":"Femometer 10 x Schwangerschaftstest fr\u00fchtest 25 miu\/ml optimaler Sensitivit\u00e4t"},"content":{"rendered":"<p>EINFACH ZU BENUTZEN : Tauchen Sie den Streifen einfach 10 Sekunden lang in den Urin, warten Sie nur einigen Minuten, dann erhalten Sie ein zuverl\u00e4ssiges Testergebnis. Mithilfe der APP femometer k\u00f6nnen Sie die Testergebnis besser erkennen und verfolgen.<br \/>\nZUVERL\u00c4SSIGE ERGEBNISSE: Die femometer Schwangerschaftsteststreifen ist mehrmals von Fachleute von Labor getestet. Der Genauigkeit betr\u00e4gt \u00fcber 99%. Daher sind die Produktsicherheit und Produktqualit\u00e4t garantiert.<br \/>\nH\u00d6HERE GENAUIGKEIT: Der Testbereich unseren Schwangerschaftsteststreifen sind mit 3,5 mm, breiter als die meisten Teststreifen. Sie dargestellt Ihnen nicht nur eine eindeutige und lesbare Testergebnisse sondern auch garantiert h\u00f6here Genauigkeit.<br \/>\nPRIVATSPH\u00c4E SCH\u00dcTZEN\uff1aIhre Privatsph\u00e4re wird auf dem Transport gesch\u00fctzt werden. Der Paket enth\u00e4lt: 10 * Schwangerschaftsteststreifen, 1*Kurzanleitung und mehrsprachige Bedienungsanleitung.<br \/>\nVOLLST\u00c4NDIG KUNDENSERVICE: Wir bieten 1 Jahr Service bez\u00fcglich qualit\u00e4tsbezogener Probleme. Bei irgendwelchen Fragen kontaktieren Sie uns bitte direkt oder bei femometer App jederzeit.<br \/>\n<div class=\"main-cross-sell\" data-asin=\"B08PFQ9KGG\">\n\n\t<div class=\"WooZone-cross-sell-loader\">\n\t\t<div>\n\t\t\t<div id=\"floatingBarsG\">\n\t\t\t\t<div class=\"blockG\" id=\"rotateG_01\"><\/div>\n\t\t\t\t<div class=\"blockG\" id=\"rotateG_02\"><\/div>\n\t\t\t\t<div class=\"blockG\" id=\"rotateG_03\"><\/div>\n\t\t\t\t<div class=\"blockG\" id=\"rotateG_04\"><\/div>\n\t\t\t\t<div class=\"blockG\" id=\"rotateG_05\"><\/div>\n\t\t\t\t<div class=\"blockG\" id=\"rotateG_06\"><\/div>\n\t\t\t\t<div class=\"blockG\" id=\"rotateG_07\"><\/div>\n\t\t\t\t<div class=\"blockG\" id=\"rotateG_08\"><\/div>\n\t\t\t<\/div>\n\t\t\t<div class=\"WooZone-cross-sell-loader-text\"><\/div>\n\t\t<\/div>\n\t<\/div>\n\n\t\t\n<\/div>\n<div style=\"clear:both;\"><\/div><\/p>\n","protected":false},"excerpt":{"rendered":"<p>EINFACH ZU BENUTZEN : Tauchen Sie den Streifen einfach 10 Sekunden lang in den Urin, warten Sie nur einigen Minuten, dann erhalten Sie ein zuverl\u00e4ssiges Testergebnis. Mithilfe der APP femometer k\u00f6nnen Sie die Testergebnis besser erkennen und verfolgen.<br \/>\nZUVERL\u00c4SSIGE ERGEBNISSE: Die femometer Schwangerschaftsteststreifen ist mehrmals von Fachleute von Labor getestet. Der Genauigkeit betr\u00e4gt \u00fcber 99%. Daher sind die Produktsicherheit und Produktqualit\u00e4t garantiert.<br \/>\nH\u00d6HERE GENAUIGKEIT: Der Testbereich unseren Schwangerschaftsteststreifen sind mit 3,5 mm, breiter als die meisten Teststreifen. Sie dargestellt Ihnen nicht nur eine eindeutige und lesbare Testergebnisse sondern auch garantiert h\u00f6here Genauigkeit.<\/p>\n","protected":false},"featured_media":107444,"comment_status":"open","ping_status":"closed","template":"","meta":[],"product_brand":[],"product_cat":[566,6291],"product_tag":[],"class_list":{"0":"post-107443","1":"product","2":"type-product","3":"status-publish","4":"has-post-thumbnail","6":"product_cat-drogerie-koerperpflege","7":"product_cat-schwangerschaft","8":"pa_brand-femometer","9":"pa_height-0-393700787-zoll","10":"pa_length-1-968503935-zoll","11":"pa_manufacturer-co-innovation-biotech-co-ltd","12":"pa_size-10-stueck-1er-pack","13":"pa_width-1-181102361-zoll","15":"first","16":"instock","17":"shipping-taxable","18":"purchasable","19":"product-type-simple","20":"customify-col","21":"product-has-gallery"},"yoast_head":"<!-- This site is optimized with the Yoast SEO plugin v27.4 - https:\/\/yoast.com\/product\/yoast-seo-wordpress\/ -->\n<title>Femometer 10 x Schwangerschaftstest fr\u00fchtest 25 miu\/ml optimaler Sensitivit\u00e4t - Markt-XXL<\/title>\n<meta name=\"description\" content=\"Markt-XXL Femometer 10 x Schwangerschaftstest fr\u00fchtest 25 miu\/ml optimaler Sensitivit\u00e4t\" \/>\n<meta name=\"robots\" content=\"index, follow, max-snippet:-1, max-image-preview:large, max-video-preview:-1\" \/>\n<link rel=\"canonical\" href=\"https:\/\/marktxxl.de\/markt\/produkt\/femometer-10-x-schwangerschaftstest-fruehtest-25-miu-ml-optimaler-sensitivitaet\/\" \/>\n<meta property=\"og:locale\" content=\"de_DE\" \/>\n<meta property=\"og:type\" content=\"article\" \/>\n<meta property=\"og:title\" content=\"Femometer 10 x Schwangerschaftstest fr\u00fchtest 25 miu\/ml optimaler Sensitivit\u00e4t - Markt-XXL\" \/>\n<meta property=\"og:description\" content=\"Markt-XXL Femometer 10 x Schwangerschaftstest fr\u00fchtest 25 miu\/ml optimaler Sensitivit\u00e4t\" \/>\n<meta property=\"og:url\" content=\"https:\/\/marktxxl.de\/markt\/produkt\/femometer-10-x-schwangerschaftstest-fruehtest-25-miu-ml-optimaler-sensitivitaet\/\" \/>\n<meta property=\"og:site_name\" content=\"Markt-XXL\" \/>\n<meta property=\"article:modified_time\" content=\"2023-04-10T01:32:54+00:00\" \/>\n<meta property=\"og:image\" content=\"https:\/\/m.media-amazon.com\/images\/I\/419BPGavqPL._SL500_.jpg\" \/>\n\t<meta property=\"og:image:width\" content=\"500\" \/>\n\t<meta property=\"og:image:height\" content=\"500\" \/>\n\t<meta property=\"og:image:type\" content=\"image\/jpeg\" \/>\n<meta name=\"twitter:card\" content=\"summary_large_image\" \/>\n<meta name=\"twitter:label1\" content=\"Gesch\u00e4tzte Lesezeit\" \/>\n\t<meta name=\"twitter:data1\" content=\"1\u00a0Minute\" \/>\n<script type=\"application\/ld+json\" class=\"yoast-schema-graph\">{\"@context\":\"https:\\\/\\\/schema.org\",\"@graph\":[{\"@type\":\"WebPage\",\"@id\":\"https:\\\/\\\/marktxxl.de\\\/markt\\\/produkt\\\/femometer-10-x-schwangerschaftstest-fruehtest-25-miu-ml-optimaler-sensitivitaet\\\/\",\"url\":\"https:\\\/\\\/marktxxl.de\\\/markt\\\/produkt\\\/femometer-10-x-schwangerschaftstest-fruehtest-25-miu-ml-optimaler-sensitivitaet\\\/\",\"name\":\"Femometer 10 x Schwangerschaftstest fr\u00fchtest 25 miu\\\/ml optimaler Sensitivit\u00e4t - Markt-XXL\",\"isPartOf\":{\"@id\":\"https:\\\/\\\/marktxxl.de\\\/markt\\\/#website\"},\"primaryImageOfPage\":{\"@id\":\"https:\\\/\\\/marktxxl.de\\\/markt\\\/produkt\\\/femometer-10-x-schwangerschaftstest-fruehtest-25-miu-ml-optimaler-sensitivitaet\\\/#primaryimage\"},\"image\":{\"@id\":\"https:\\\/\\\/marktxxl.de\\\/markt\\\/produkt\\\/femometer-10-x-schwangerschaftstest-fruehtest-25-miu-ml-optimaler-sensitivitaet\\\/#primaryimage\"},\"thumbnailUrl\":\"https:\\\/\\\/m.media-amazon.com\\\/images\\\/I\\\/419BPGavqPL._SL500_.jpg\",\"datePublished\":\"2022-02-26T15:42:47+00:00\",\"dateModified\":\"2023-04-10T01:32:54+00:00\",\"description\":\"Markt-XXL Femometer 10 x Schwangerschaftstest fr\u00fchtest 25 miu\\\/ml optimaler Sensitivit\u00e4t\",\"breadcrumb\":{\"@id\":\"https:\\\/\\\/marktxxl.de\\\/markt\\\/produkt\\\/femometer-10-x-schwangerschaftstest-fruehtest-25-miu-ml-optimaler-sensitivitaet\\\/#breadcrumb\"},\"inLanguage\":\"de\",\"potentialAction\":[{\"@type\":\"ReadAction\",\"target\":[\"https:\\\/\\\/marktxxl.de\\\/markt\\\/produkt\\\/femometer-10-x-schwangerschaftstest-fruehtest-25-miu-ml-optimaler-sensitivitaet\\\/\"]}]},{\"@type\":\"ImageObject\",\"inLanguage\":\"de\",\"@id\":\"https:\\\/\\\/marktxxl.de\\\/markt\\\/produkt\\\/femometer-10-x-schwangerschaftstest-fruehtest-25-miu-ml-optimaler-sensitivitaet\\\/#primaryimage\",\"url\":\"https:\\\/\\\/m.media-amazon.com\\\/images\\\/I\\\/419BPGavqPL._SL500_.jpg\",\"contentUrl\":\"https:\\\/\\\/m.media-amazon.com\\\/images\\\/I\\\/419BPGavqPL._SL500_.jpg\",\"width\":500,\"height\":500},{\"@type\":\"BreadcrumbList\",\"@id\":\"https:\\\/\\\/marktxxl.de\\\/markt\\\/produkt\\\/femometer-10-x-schwangerschaftstest-fruehtest-25-miu-ml-optimaler-sensitivitaet\\\/#breadcrumb\",\"itemListElement\":[{\"@type\":\"ListItem\",\"position\":1,\"name\":\"Startseite\",\"item\":\"https:\\\/\\\/marktxxl.de\\\/markt\\\/\"},{\"@type\":\"ListItem\",\"position\":2,\"name\":\"Markt\",\"item\":\"https:\\\/\\\/marktxxl.de\\\/markt\\\/\"},{\"@type\":\"ListItem\",\"position\":3,\"name\":\"Femometer 10 x Schwangerschaftstest fr\u00fchtest 25 miu\\\/ml optimaler Sensitivit\u00e4t\"}]},{\"@type\":\"WebSite\",\"@id\":\"https:\\\/\\\/marktxxl.de\\\/markt\\\/#website\",\"url\":\"https:\\\/\\\/marktxxl.de\\\/markt\\\/\",\"name\":\"Markt-XXL\",\"description\":\"Ihr Markt Online\",\"publisher\":{\"@id\":\"https:\\\/\\\/marktxxl.de\\\/markt\\\/#organization\"},\"potentialAction\":[{\"@type\":\"SearchAction\",\"target\":{\"@type\":\"EntryPoint\",\"urlTemplate\":\"https:\\\/\\\/marktxxl.de\\\/markt\\\/?s={search_term_string}\"},\"query-input\":{\"@type\":\"PropertyValueSpecification\",\"valueRequired\":true,\"valueName\":\"search_term_string\"}}],\"inLanguage\":\"de\"},{\"@type\":\"Organization\",\"@id\":\"https:\\\/\\\/marktxxl.de\\\/markt\\\/#organization\",\"name\":\"Markt-XXL\",\"url\":\"https:\\\/\\\/marktxxl.de\\\/markt\\\/\",\"logo\":{\"@type\":\"ImageObject\",\"inLanguage\":\"de\",\"@id\":\"https:\\\/\\\/marktxxl.de\\\/markt\\\/#\\\/schema\\\/logo\\\/image\\\/\",\"url\":\"https:\\\/\\\/marktxxl.de\\\/markt\\\/wp-content\\\/uploads\\\/sites\\\/3\\\/2020\\\/12\\\/logo.png\",\"contentUrl\":\"https:\\\/\\\/marktxxl.de\\\/markt\\\/wp-content\\\/uploads\\\/sites\\\/3\\\/2020\\\/12\\\/logo.png\",\"width\":200,\"height\":70,\"caption\":\"Markt-XXL\"},\"image\":{\"@id\":\"https:\\\/\\\/marktxxl.de\\\/markt\\\/#\\\/schema\\\/logo\\\/image\\\/\"}}]}<\/script>\n<!-- \/ Yoast SEO plugin. -->","yoast_head_json":{"title":"Femometer 10 x Schwangerschaftstest fr\u00fchtest 25 miu\/ml optimaler Sensitivit\u00e4t - Markt-XXL","description":"Markt-XXL Femometer 10 x Schwangerschaftstest fr\u00fchtest 25 miu\/ml optimaler Sensitivit\u00e4t","robots":{"index":"index","follow":"follow","max-snippet":"max-snippet:-1","max-image-preview":"max-image-preview:large","max-video-preview":"max-video-preview:-1"},"canonical":"https:\/\/marktxxl.de\/markt\/produkt\/femometer-10-x-schwangerschaftstest-fruehtest-25-miu-ml-optimaler-sensitivitaet\/","og_locale":"de_DE","og_type":"article","og_title":"Femometer 10 x Schwangerschaftstest fr\u00fchtest 25 miu\/ml optimaler Sensitivit\u00e4t - Markt-XXL","og_description":"Markt-XXL Femometer 10 x Schwangerschaftstest fr\u00fchtest 25 miu\/ml optimaler Sensitivit\u00e4t","og_url":"https:\/\/marktxxl.de\/markt\/produkt\/femometer-10-x-schwangerschaftstest-fruehtest-25-miu-ml-optimaler-sensitivitaet\/","og_site_name":"Markt-XXL","article_modified_time":"2023-04-10T01:32:54+00:00","og_image":[{"width":500,"height":500,"url":"https:\/\/m.media-amazon.com\/images\/I\/419BPGavqPL._SL500_.jpg","type":"image\/jpeg"}],"twitter_card":"summary_large_image","twitter_misc":{"Gesch\u00e4tzte Lesezeit":"1\u00a0Minute"},"schema":{"@context":"https:\/\/schema.org","@graph":[{"@type":"WebPage","@id":"https:\/\/marktxxl.de\/markt\/produkt\/femometer-10-x-schwangerschaftstest-fruehtest-25-miu-ml-optimaler-sensitivitaet\/","url":"https:\/\/marktxxl.de\/markt\/produkt\/femometer-10-x-schwangerschaftstest-fruehtest-25-miu-ml-optimaler-sensitivitaet\/","name":"Femometer 10 x Schwangerschaftstest fr\u00fchtest 25 miu\/ml optimaler Sensitivit\u00e4t - Markt-XXL","isPartOf":{"@id":"https:\/\/marktxxl.de\/markt\/#website"},"primaryImageOfPage":{"@id":"https:\/\/marktxxl.de\/markt\/produkt\/femometer-10-x-schwangerschaftstest-fruehtest-25-miu-ml-optimaler-sensitivitaet\/#primaryimage"},"image":{"@id":"https:\/\/marktxxl.de\/markt\/produkt\/femometer-10-x-schwangerschaftstest-fruehtest-25-miu-ml-optimaler-sensitivitaet\/#primaryimage"},"thumbnailUrl":"https:\/\/m.media-amazon.com\/images\/I\/419BPGavqPL._SL500_.jpg","datePublished":"2022-02-26T15:42:47+00:00","dateModified":"2023-04-10T01:32:54+00:00","description":"Markt-XXL Femometer 10 x Schwangerschaftstest fr\u00fchtest 25 miu\/ml optimaler Sensitivit\u00e4t","breadcrumb":{"@id":"https:\/\/marktxxl.de\/markt\/produkt\/femometer-10-x-schwangerschaftstest-fruehtest-25-miu-ml-optimaler-sensitivitaet\/#breadcrumb"},"inLanguage":"de","potentialAction":[{"@type":"ReadAction","target":["https:\/\/marktxxl.de\/markt\/produkt\/femometer-10-x-schwangerschaftstest-fruehtest-25-miu-ml-optimaler-sensitivitaet\/"]}]},{"@type":"ImageObject","inLanguage":"de","@id":"https:\/\/marktxxl.de\/markt\/produkt\/femometer-10-x-schwangerschaftstest-fruehtest-25-miu-ml-optimaler-sensitivitaet\/#primaryimage","url":"https:\/\/m.media-amazon.com\/images\/I\/419BPGavqPL._SL500_.jpg","contentUrl":"https:\/\/m.media-amazon.com\/images\/I\/419BPGavqPL._SL500_.jpg","width":500,"height":500},{"@type":"BreadcrumbList","@id":"https:\/\/marktxxl.de\/markt\/produkt\/femometer-10-x-schwangerschaftstest-fruehtest-25-miu-ml-optimaler-sensitivitaet\/#breadcrumb","itemListElement":[{"@type":"ListItem","position":1,"name":"Startseite","item":"https:\/\/marktxxl.de\/markt\/"},{"@type":"ListItem","position":2,"name":"Markt","item":"https:\/\/marktxxl.de\/markt\/"},{"@type":"ListItem","position":3,"name":"Femometer 10 x Schwangerschaftstest fr\u00fchtest 25 miu\/ml optimaler Sensitivit\u00e4t"}]},{"@type":"WebSite","@id":"https:\/\/marktxxl.de\/markt\/#website","url":"https:\/\/marktxxl.de\/markt\/","name":"Markt-XXL","description":"Ihr Markt Online","publisher":{"@id":"https:\/\/marktxxl.de\/markt\/#organization"},"potentialAction":[{"@type":"SearchAction","target":{"@type":"EntryPoint","urlTemplate":"https:\/\/marktxxl.de\/markt\/?s={search_term_string}"},"query-input":{"@type":"PropertyValueSpecification","valueRequired":true,"valueName":"search_term_string"}}],"inLanguage":"de"},{"@type":"Organization","@id":"https:\/\/marktxxl.de\/markt\/#organization","name":"Markt-XXL","url":"https:\/\/marktxxl.de\/markt\/","logo":{"@type":"ImageObject","inLanguage":"de","@id":"https:\/\/marktxxl.de\/markt\/#\/schema\/logo\/image\/","url":"https:\/\/marktxxl.de\/markt\/wp-content\/uploads\/sites\/3\/2020\/12\/logo.png","contentUrl":"https:\/\/marktxxl.de\/markt\/wp-content\/uploads\/sites\/3\/2020\/12\/logo.png","width":200,"height":70,"caption":"Markt-XXL"},"image":{"@id":"https:\/\/marktxxl.de\/markt\/#\/schema\/logo\/image\/"}}]}},"_links":{"self":[{"href":"https:\/\/marktxxl.de\/markt\/wp-json\/wp\/v2\/product\/107443","targetHints":{"allow":["GET"]}}],"collection":[{"href":"https:\/\/marktxxl.de\/markt\/wp-json\/wp\/v2\/product"}],"about":[{"href":"https:\/\/marktxxl.de\/markt\/wp-json\/wp\/v2\/types\/product"}],"replies":[{"embeddable":true,"href":"https:\/\/marktxxl.de\/markt\/wp-json\/wp\/v2\/comments?post=107443"}],"wp:featuredmedia":[{"embeddable":true,"href":"https:\/\/marktxxl.de\/markt\/wp-json\/wp\/v2\/media\/107444"}],"wp:attachment":[{"href":"https:\/\/marktxxl.de\/markt\/wp-json\/wp\/v2\/media?parent=107443"}],"wp:term":[{"taxonomy":"product_brand","embeddable":true,"href":"https:\/\/marktxxl.de\/markt\/wp-json\/wp\/v2\/product_brand?post=107443"},{"taxonomy":"product_cat","embeddable":true,"href":"https:\/\/marktxxl.de\/markt\/wp-json\/wp\/v2\/product_cat?post=107443"},{"taxonomy":"product_tag","embeddable":true,"href":"https:\/\/marktxxl.de\/markt\/wp-json\/wp\/v2\/product_tag?post=107443"}],"curies":[{"name":"wp","href":"https:\/\/api.w.org\/{rel}","templated":true}]}}