{"id":107400,"date":"2022-02-26T16:42:22","date_gmt":"2022-02-26T15:42:22","guid":{"rendered":"https:\/\/marktxxl.de\/markt\/produkt\/femometer-schwangerschaftstest-fuer-schwangerschafts-fruehtest-erkennung-hcg-tests-25-miu-ml-ueber-99-genauigkeit-2-stueck\/"},"modified":"2023-04-10T03:32:54","modified_gmt":"2023-04-10T01:32:54","slug":"femometer-schwangerschaftstest-fuer-schwangerschafts-fruehtest-erkennung-hcg-tests-25-miu-ml-ueber-99-genauigkeit-2-stueck","status":"publish","type":"product","link":"https:\/\/marktxxl.de\/markt\/produkt\/femometer-schwangerschaftstest-fuer-schwangerschafts-fruehtest-erkennung-hcg-tests-25-miu-ml-ueber-99-genauigkeit-2-stueck\/","title":{"rendered":"Femometer Schwangerschaftstest f\u00fcr Schwangerschafts Fr\u00fchtest Erkennung HCG Tests 25 mIU\/ml, \u00dcber 99% Genauigkeit, 2\u2026"},"content":{"rendered":"<p>HOHE GENAUIGKEIT: Mehr als 99% Genauigkeit bei der Erkennung Ihrer Schwangerschaft mit hoher Empfindlichkeit. Ein HCG-Wert von nur 25 mIU \/ ml kann erkannt werden, bietet Ihnen eine pr\u00e4zise und zuverl\u00e4ssige Testergebnisse.<br \/>\nSCHNELLE UND KINDERLEICHTE BEDIENUNG: Einfach die Kappe abnehmen und das Saugkissen f\u00fcr 5 Sekunden mit dem Urinfluss gr\u00fcndlich ben\u00e4ssen. Danach den St\u00e4bchen flach hinlegen und das Ergebnis innerhalb von 5 Minuten ablesen. Zwei Zeilen bedeuten schwanger und eine Zeile bedeutet nicht schwanger. Der Urin am ersten Morgen enth\u00e4lt normalerweise die h\u00f6chste Konzentration an HCG und ist daher die beste Probe bei der Durchf\u00fchrung des Urintests.<br \/>\nSANIT\u00c4R &amp; PRIVATSPH\u00c4RE SCH\u00dcTZEN: Jeder Schwangerschaftstestst\u00e4bchen ist in eine Aluminium Tasche verpackt und versiegelt, um feuchtigkeitsbest\u00e4ndig und vor Besch\u00e4digung zu sch\u00fctzen. Mit neutralem Packet werden Ihre Privatsph\u00e4re wird auf dem Transport gesch\u00fctzt.<br \/>\nFORTSCHRITTLICHES APP: Femometer-App automatisch erkennt, protokolliert und rechnet Ihre Testergebnisse. Sie k\u00f6nnen jederzeit Ihre Testergebnisse in der APP verfolgen.<br \/>\nZUVERL\u00c4SSIGER KUNDENDIENST: Wir gew\u00e4hren 1 Jahr Garantie auf qualit\u00e4tsbezogene Probleme. Bei irgendwelchen Problemen k\u00f6nnen Sie jederzeit an uns wenden.<br \/>\n<div class=\"main-cross-sell\" data-asin=\"B0995LKR4X\">\n\n\t<div class=\"WooZone-cross-sell-loader\">\n\t\t<div>\n\t\t\t<div id=\"floatingBarsG\">\n\t\t\t\t<div class=\"blockG\" id=\"rotateG_01\"><\/div>\n\t\t\t\t<div class=\"blockG\" id=\"rotateG_02\"><\/div>\n\t\t\t\t<div class=\"blockG\" id=\"rotateG_03\"><\/div>\n\t\t\t\t<div class=\"blockG\" id=\"rotateG_04\"><\/div>\n\t\t\t\t<div class=\"blockG\" id=\"rotateG_05\"><\/div>\n\t\t\t\t<div class=\"blockG\" id=\"rotateG_06\"><\/div>\n\t\t\t\t<div class=\"blockG\" id=\"rotateG_07\"><\/div>\n\t\t\t\t<div class=\"blockG\" id=\"rotateG_08\"><\/div>\n\t\t\t<\/div>\n\t\t\t<div class=\"WooZone-cross-sell-loader-text\"><\/div>\n\t\t<\/div>\n\t<\/div>\n\n\t\t\n<\/div>\n<div style=\"clear:both;\"><\/div><\/p>\n","protected":false},"excerpt":{"rendered":"<p>HOHE GENAUIGKEIT: Mehr als 99% Genauigkeit bei der Erkennung Ihrer Schwangerschaft mit hoher Empfindlichkeit. Ein HCG-Wert von nur 25 mIU \/ ml kann erkannt werden, bietet Ihnen eine pr\u00e4zise und zuverl\u00e4ssige Testergebnisse.<br \/>\nSCHNELLE UND KINDERLEICHTE BEDIENUNG: Einfach die Kappe abnehmen und das Saugkissen f\u00fcr 5 Sekunden mit dem Urinfluss gr\u00fcndlich ben\u00e4ssen. Danach den St\u00e4bchen flach hinlegen und das Ergebnis innerhalb von 5 Minuten ablesen. Zwei Zeilen bedeuten schwanger und eine Zeile bedeutet nicht schwanger. Der Urin am ersten Morgen enth\u00e4lt normalerweise die h\u00f6chste Konzentration an HCG und ist daher die beste Probe bei der Durchf\u00fchrung des Urintests.<br \/>\nSANIT\u00c4R &amp; PRIVATSPH\u00c4RE SCH\u00dcTZEN: Jeder Schwangerschaftstestst\u00e4bchen ist in eine Aluminium Tasche verpackt und versiegelt, um feuchtigkeitsbest\u00e4ndig und vor Besch\u00e4digung zu sch\u00fctzen. Mit neutralem Packet werden Ihre Privatsph\u00e4re wird auf dem Transport gesch\u00fctzt.<\/p>\n","protected":false},"featured_media":107401,"comment_status":"open","ping_status":"closed","template":"","meta":[],"product_brand":[],"product_cat":[566,6291],"product_tag":[],"class_list":{"0":"post-107400","1":"product","2":"type-product","3":"status-publish","4":"has-post-thumbnail","6":"product_cat-drogerie-koerperpflege","7":"product_cat-schwangerschaft","8":"pa_brand-femometer","9":"pa_manufacturer-femometer","11":"first","12":"instock","13":"shipping-taxable","14":"purchasable","15":"product-type-simple","16":"customify-col","17":"product-has-gallery"},"yoast_head":"<!-- This site is optimized with the Yoast SEO plugin v27.4 - https:\/\/yoast.com\/product\/yoast-seo-wordpress\/ -->\n<title>Femometer Schwangerschaftstest f\u00fcr Schwangerschafts Fr\u00fchtest Erkennung HCG Tests 25 mIU\/ml, \u00dcber 99% Genauigkeit, 2\u2026 - Markt-XXL<\/title>\n<meta name=\"description\" content=\"Markt-XXL Femometer Schwangerschaftstest f\u00fcr Schwangerschafts Fr\u00fchtest Erkennung HCG Tests 25 mIU\/ml, \u00dcber 99% Genauigkeit, 2\u2026\" \/>\n<meta name=\"robots\" content=\"index, follow, max-snippet:-1, max-image-preview:large, max-video-preview:-1\" \/>\n<link rel=\"canonical\" href=\"https:\/\/marktxxl.de\/markt\/produkt\/femometer-schwangerschaftstest-fuer-schwangerschafts-fruehtest-erkennung-hcg-tests-25-miu-ml-ueber-99-genauigkeit-2-stueck\/\" \/>\n<meta property=\"og:locale\" content=\"de_DE\" \/>\n<meta property=\"og:type\" content=\"article\" \/>\n<meta property=\"og:title\" content=\"Femometer Schwangerschaftstest f\u00fcr Schwangerschafts Fr\u00fchtest Erkennung HCG Tests 25 mIU\/ml, \u00dcber 99% Genauigkeit, 2\u2026 - Markt-XXL\" \/>\n<meta property=\"og:description\" content=\"Markt-XXL Femometer Schwangerschaftstest f\u00fcr Schwangerschafts Fr\u00fchtest Erkennung HCG Tests 25 mIU\/ml, \u00dcber 99% Genauigkeit, 2\u2026\" \/>\n<meta property=\"og:url\" content=\"https:\/\/marktxxl.de\/markt\/produkt\/femometer-schwangerschaftstest-fuer-schwangerschafts-fruehtest-erkennung-hcg-tests-25-miu-ml-ueber-99-genauigkeit-2-stueck\/\" \/>\n<meta property=\"og:site_name\" content=\"Markt-XXL\" \/>\n<meta property=\"article:modified_time\" content=\"2023-04-10T01:32:54+00:00\" \/>\n<meta property=\"og:image\" content=\"https:\/\/m.media-amazon.com\/images\/I\/41UDKfohGZL._SL500_.jpg\" \/>\n\t<meta property=\"og:image:width\" content=\"500\" \/>\n\t<meta property=\"og:image:height\" content=\"500\" \/>\n\t<meta property=\"og:image:type\" content=\"image\/jpeg\" \/>\n<meta name=\"twitter:card\" content=\"summary_large_image\" \/>\n<meta name=\"twitter:label1\" content=\"Gesch\u00e4tzte Lesezeit\" \/>\n\t<meta name=\"twitter:data1\" content=\"1\u00a0Minute\" \/>\n<script type=\"application\/ld+json\" class=\"yoast-schema-graph\">{\"@context\":\"https:\\\/\\\/schema.org\",\"@graph\":[{\"@type\":\"WebPage\",\"@id\":\"https:\\\/\\\/marktxxl.de\\\/markt\\\/produkt\\\/femometer-schwangerschaftstest-fuer-schwangerschafts-fruehtest-erkennung-hcg-tests-25-miu-ml-ueber-99-genauigkeit-2-stueck\\\/\",\"url\":\"https:\\\/\\\/marktxxl.de\\\/markt\\\/produkt\\\/femometer-schwangerschaftstest-fuer-schwangerschafts-fruehtest-erkennung-hcg-tests-25-miu-ml-ueber-99-genauigkeit-2-stueck\\\/\",\"name\":\"Femometer Schwangerschaftstest f\u00fcr Schwangerschafts Fr\u00fchtest Erkennung HCG Tests 25 mIU\\\/ml, \u00dcber 99% Genauigkeit, 2\u2026 - Markt-XXL\",\"isPartOf\":{\"@id\":\"https:\\\/\\\/marktxxl.de\\\/markt\\\/#website\"},\"primaryImageOfPage\":{\"@id\":\"https:\\\/\\\/marktxxl.de\\\/markt\\\/produkt\\\/femometer-schwangerschaftstest-fuer-schwangerschafts-fruehtest-erkennung-hcg-tests-25-miu-ml-ueber-99-genauigkeit-2-stueck\\\/#primaryimage\"},\"image\":{\"@id\":\"https:\\\/\\\/marktxxl.de\\\/markt\\\/produkt\\\/femometer-schwangerschaftstest-fuer-schwangerschafts-fruehtest-erkennung-hcg-tests-25-miu-ml-ueber-99-genauigkeit-2-stueck\\\/#primaryimage\"},\"thumbnailUrl\":\"https:\\\/\\\/m.media-amazon.com\\\/images\\\/I\\\/41UDKfohGZL._SL500_.jpg\",\"datePublished\":\"2022-02-26T15:42:22+00:00\",\"dateModified\":\"2023-04-10T01:32:54+00:00\",\"description\":\"Markt-XXL Femometer Schwangerschaftstest f\u00fcr Schwangerschafts Fr\u00fchtest Erkennung HCG Tests 25 mIU\\\/ml, \u00dcber 99% Genauigkeit, 2\u2026\",\"breadcrumb\":{\"@id\":\"https:\\\/\\\/marktxxl.de\\\/markt\\\/produkt\\\/femometer-schwangerschaftstest-fuer-schwangerschafts-fruehtest-erkennung-hcg-tests-25-miu-ml-ueber-99-genauigkeit-2-stueck\\\/#breadcrumb\"},\"inLanguage\":\"de\",\"potentialAction\":[{\"@type\":\"ReadAction\",\"target\":[\"https:\\\/\\\/marktxxl.de\\\/markt\\\/produkt\\\/femometer-schwangerschaftstest-fuer-schwangerschafts-fruehtest-erkennung-hcg-tests-25-miu-ml-ueber-99-genauigkeit-2-stueck\\\/\"]}]},{\"@type\":\"ImageObject\",\"inLanguage\":\"de\",\"@id\":\"https:\\\/\\\/marktxxl.de\\\/markt\\\/produkt\\\/femometer-schwangerschaftstest-fuer-schwangerschafts-fruehtest-erkennung-hcg-tests-25-miu-ml-ueber-99-genauigkeit-2-stueck\\\/#primaryimage\",\"url\":\"https:\\\/\\\/m.media-amazon.com\\\/images\\\/I\\\/41UDKfohGZL._SL500_.jpg\",\"contentUrl\":\"https:\\\/\\\/m.media-amazon.com\\\/images\\\/I\\\/41UDKfohGZL._SL500_.jpg\",\"width\":500,\"height\":500},{\"@type\":\"BreadcrumbList\",\"@id\":\"https:\\\/\\\/marktxxl.de\\\/markt\\\/produkt\\\/femometer-schwangerschaftstest-fuer-schwangerschafts-fruehtest-erkennung-hcg-tests-25-miu-ml-ueber-99-genauigkeit-2-stueck\\\/#breadcrumb\",\"itemListElement\":[{\"@type\":\"ListItem\",\"position\":1,\"name\":\"Startseite\",\"item\":\"https:\\\/\\\/marktxxl.de\\\/markt\\\/\"},{\"@type\":\"ListItem\",\"position\":2,\"name\":\"Markt\",\"item\":\"https:\\\/\\\/marktxxl.de\\\/markt\\\/\"},{\"@type\":\"ListItem\",\"position\":3,\"name\":\"Femometer Schwangerschaftstest f\u00fcr Schwangerschafts Fr\u00fchtest Erkennung HCG Tests 25 mIU\\\/ml, \u00dcber 99% Genauigkeit, 2\u2026\"}]},{\"@type\":\"WebSite\",\"@id\":\"https:\\\/\\\/marktxxl.de\\\/markt\\\/#website\",\"url\":\"https:\\\/\\\/marktxxl.de\\\/markt\\\/\",\"name\":\"Markt-XXL\",\"description\":\"Ihr Markt Online\",\"publisher\":{\"@id\":\"https:\\\/\\\/marktxxl.de\\\/markt\\\/#organization\"},\"potentialAction\":[{\"@type\":\"SearchAction\",\"target\":{\"@type\":\"EntryPoint\",\"urlTemplate\":\"https:\\\/\\\/marktxxl.de\\\/markt\\\/?s={search_term_string}\"},\"query-input\":{\"@type\":\"PropertyValueSpecification\",\"valueRequired\":true,\"valueName\":\"search_term_string\"}}],\"inLanguage\":\"de\"},{\"@type\":\"Organization\",\"@id\":\"https:\\\/\\\/marktxxl.de\\\/markt\\\/#organization\",\"name\":\"Markt-XXL\",\"url\":\"https:\\\/\\\/marktxxl.de\\\/markt\\\/\",\"logo\":{\"@type\":\"ImageObject\",\"inLanguage\":\"de\",\"@id\":\"https:\\\/\\\/marktxxl.de\\\/markt\\\/#\\\/schema\\\/logo\\\/image\\\/\",\"url\":\"https:\\\/\\\/marktxxl.de\\\/markt\\\/wp-content\\\/uploads\\\/sites\\\/3\\\/2020\\\/12\\\/logo.png\",\"contentUrl\":\"https:\\\/\\\/marktxxl.de\\\/markt\\\/wp-content\\\/uploads\\\/sites\\\/3\\\/2020\\\/12\\\/logo.png\",\"width\":200,\"height\":70,\"caption\":\"Markt-XXL\"},\"image\":{\"@id\":\"https:\\\/\\\/marktxxl.de\\\/markt\\\/#\\\/schema\\\/logo\\\/image\\\/\"}}]}<\/script>\n<!-- \/ Yoast SEO plugin. -->","yoast_head_json":{"title":"Femometer Schwangerschaftstest f\u00fcr Schwangerschafts Fr\u00fchtest Erkennung HCG Tests 25 mIU\/ml, \u00dcber 99% Genauigkeit, 2\u2026 - Markt-XXL","description":"Markt-XXL Femometer Schwangerschaftstest f\u00fcr Schwangerschafts Fr\u00fchtest Erkennung HCG Tests 25 mIU\/ml, \u00dcber 99% Genauigkeit, 2\u2026","robots":{"index":"index","follow":"follow","max-snippet":"max-snippet:-1","max-image-preview":"max-image-preview:large","max-video-preview":"max-video-preview:-1"},"canonical":"https:\/\/marktxxl.de\/markt\/produkt\/femometer-schwangerschaftstest-fuer-schwangerschafts-fruehtest-erkennung-hcg-tests-25-miu-ml-ueber-99-genauigkeit-2-stueck\/","og_locale":"de_DE","og_type":"article","og_title":"Femometer Schwangerschaftstest f\u00fcr Schwangerschafts Fr\u00fchtest Erkennung HCG Tests 25 mIU\/ml, \u00dcber 99% Genauigkeit, 2\u2026 - Markt-XXL","og_description":"Markt-XXL Femometer Schwangerschaftstest f\u00fcr Schwangerschafts Fr\u00fchtest Erkennung HCG Tests 25 mIU\/ml, \u00dcber 99% Genauigkeit, 2\u2026","og_url":"https:\/\/marktxxl.de\/markt\/produkt\/femometer-schwangerschaftstest-fuer-schwangerschafts-fruehtest-erkennung-hcg-tests-25-miu-ml-ueber-99-genauigkeit-2-stueck\/","og_site_name":"Markt-XXL","article_modified_time":"2023-04-10T01:32:54+00:00","og_image":[{"width":500,"height":500,"url":"https:\/\/m.media-amazon.com\/images\/I\/41UDKfohGZL._SL500_.jpg","type":"image\/jpeg"}],"twitter_card":"summary_large_image","twitter_misc":{"Gesch\u00e4tzte Lesezeit":"1\u00a0Minute"},"schema":{"@context":"https:\/\/schema.org","@graph":[{"@type":"WebPage","@id":"https:\/\/marktxxl.de\/markt\/produkt\/femometer-schwangerschaftstest-fuer-schwangerschafts-fruehtest-erkennung-hcg-tests-25-miu-ml-ueber-99-genauigkeit-2-stueck\/","url":"https:\/\/marktxxl.de\/markt\/produkt\/femometer-schwangerschaftstest-fuer-schwangerschafts-fruehtest-erkennung-hcg-tests-25-miu-ml-ueber-99-genauigkeit-2-stueck\/","name":"Femometer Schwangerschaftstest f\u00fcr Schwangerschafts Fr\u00fchtest Erkennung HCG Tests 25 mIU\/ml, \u00dcber 99% Genauigkeit, 2\u2026 - Markt-XXL","isPartOf":{"@id":"https:\/\/marktxxl.de\/markt\/#website"},"primaryImageOfPage":{"@id":"https:\/\/marktxxl.de\/markt\/produkt\/femometer-schwangerschaftstest-fuer-schwangerschafts-fruehtest-erkennung-hcg-tests-25-miu-ml-ueber-99-genauigkeit-2-stueck\/#primaryimage"},"image":{"@id":"https:\/\/marktxxl.de\/markt\/produkt\/femometer-schwangerschaftstest-fuer-schwangerschafts-fruehtest-erkennung-hcg-tests-25-miu-ml-ueber-99-genauigkeit-2-stueck\/#primaryimage"},"thumbnailUrl":"https:\/\/m.media-amazon.com\/images\/I\/41UDKfohGZL._SL500_.jpg","datePublished":"2022-02-26T15:42:22+00:00","dateModified":"2023-04-10T01:32:54+00:00","description":"Markt-XXL Femometer Schwangerschaftstest f\u00fcr Schwangerschafts Fr\u00fchtest Erkennung HCG Tests 25 mIU\/ml, \u00dcber 99% Genauigkeit, 2\u2026","breadcrumb":{"@id":"https:\/\/marktxxl.de\/markt\/produkt\/femometer-schwangerschaftstest-fuer-schwangerschafts-fruehtest-erkennung-hcg-tests-25-miu-ml-ueber-99-genauigkeit-2-stueck\/#breadcrumb"},"inLanguage":"de","potentialAction":[{"@type":"ReadAction","target":["https:\/\/marktxxl.de\/markt\/produkt\/femometer-schwangerschaftstest-fuer-schwangerschafts-fruehtest-erkennung-hcg-tests-25-miu-ml-ueber-99-genauigkeit-2-stueck\/"]}]},{"@type":"ImageObject","inLanguage":"de","@id":"https:\/\/marktxxl.de\/markt\/produkt\/femometer-schwangerschaftstest-fuer-schwangerschafts-fruehtest-erkennung-hcg-tests-25-miu-ml-ueber-99-genauigkeit-2-stueck\/#primaryimage","url":"https:\/\/m.media-amazon.com\/images\/I\/41UDKfohGZL._SL500_.jpg","contentUrl":"https:\/\/m.media-amazon.com\/images\/I\/41UDKfohGZL._SL500_.jpg","width":500,"height":500},{"@type":"BreadcrumbList","@id":"https:\/\/marktxxl.de\/markt\/produkt\/femometer-schwangerschaftstest-fuer-schwangerschafts-fruehtest-erkennung-hcg-tests-25-miu-ml-ueber-99-genauigkeit-2-stueck\/#breadcrumb","itemListElement":[{"@type":"ListItem","position":1,"name":"Startseite","item":"https:\/\/marktxxl.de\/markt\/"},{"@type":"ListItem","position":2,"name":"Markt","item":"https:\/\/marktxxl.de\/markt\/"},{"@type":"ListItem","position":3,"name":"Femometer Schwangerschaftstest f\u00fcr Schwangerschafts Fr\u00fchtest Erkennung HCG Tests 25 mIU\/ml, \u00dcber 99% Genauigkeit, 2\u2026"}]},{"@type":"WebSite","@id":"https:\/\/marktxxl.de\/markt\/#website","url":"https:\/\/marktxxl.de\/markt\/","name":"Markt-XXL","description":"Ihr Markt Online","publisher":{"@id":"https:\/\/marktxxl.de\/markt\/#organization"},"potentialAction":[{"@type":"SearchAction","target":{"@type":"EntryPoint","urlTemplate":"https:\/\/marktxxl.de\/markt\/?s={search_term_string}"},"query-input":{"@type":"PropertyValueSpecification","valueRequired":true,"valueName":"search_term_string"}}],"inLanguage":"de"},{"@type":"Organization","@id":"https:\/\/marktxxl.de\/markt\/#organization","name":"Markt-XXL","url":"https:\/\/marktxxl.de\/markt\/","logo":{"@type":"ImageObject","inLanguage":"de","@id":"https:\/\/marktxxl.de\/markt\/#\/schema\/logo\/image\/","url":"https:\/\/marktxxl.de\/markt\/wp-content\/uploads\/sites\/3\/2020\/12\/logo.png","contentUrl":"https:\/\/marktxxl.de\/markt\/wp-content\/uploads\/sites\/3\/2020\/12\/logo.png","width":200,"height":70,"caption":"Markt-XXL"},"image":{"@id":"https:\/\/marktxxl.de\/markt\/#\/schema\/logo\/image\/"}}]}},"_links":{"self":[{"href":"https:\/\/marktxxl.de\/markt\/wp-json\/wp\/v2\/product\/107400","targetHints":{"allow":["GET"]}}],"collection":[{"href":"https:\/\/marktxxl.de\/markt\/wp-json\/wp\/v2\/product"}],"about":[{"href":"https:\/\/marktxxl.de\/markt\/wp-json\/wp\/v2\/types\/product"}],"replies":[{"embeddable":true,"href":"https:\/\/marktxxl.de\/markt\/wp-json\/wp\/v2\/comments?post=107400"}],"wp:featuredmedia":[{"embeddable":true,"href":"https:\/\/marktxxl.de\/markt\/wp-json\/wp\/v2\/media\/107401"}],"wp:attachment":[{"href":"https:\/\/marktxxl.de\/markt\/wp-json\/wp\/v2\/media?parent=107400"}],"wp:term":[{"taxonomy":"product_brand","embeddable":true,"href":"https:\/\/marktxxl.de\/markt\/wp-json\/wp\/v2\/product_brand?post=107400"},{"taxonomy":"product_cat","embeddable":true,"href":"https:\/\/marktxxl.de\/markt\/wp-json\/wp\/v2\/product_cat?post=107400"},{"taxonomy":"product_tag","embeddable":true,"href":"https:\/\/marktxxl.de\/markt\/wp-json\/wp\/v2\/product_tag?post=107400"}],"curies":[{"name":"wp","href":"https:\/\/api.w.org\/{rel}","templated":true}]}}