{"id":107311,"date":"2022-02-26T16:36:41","date_gmt":"2022-02-26T15:36:41","guid":{"rendered":"https:\/\/marktxxl.de\/markt\/produkt\/tinymills-buntstifte-motiv-pixel-miner-24-stueck\/"},"modified":"2023-04-10T03:32:52","modified_gmt":"2023-04-10T01:32:52","slug":"tinymills-buntstifte-motiv-pixel-miner-24-stueck","status":"publish","type":"product","link":"https:\/\/marktxxl.de\/markt\/produkt\/tinymills-buntstifte-motiv-pixel-miner-24-stueck\/","title":{"rendered":"Tinymills Buntstifte, Motiv Pixel Miner, 24 St\u00fcck"},"content":{"rendered":"<p>\u2704\u3010Breites Anwendungsspektrum\u3011Es ist sicher und Sie k\u00f6nnen es leicht mit Ihrer Familie verwenden: M\u00e4nner, Frauen, \u00e4ltere Menschen, Kinder, Babys und sogar Haustiere! Und auch perfekt f\u00fcr professionelle Friseure, Friseure. Unsere Scheren verwirren nicht das Haar. \ud83d\udc4d Glatter Edelstahl, keine Haare verfangen sich zwischen den effilierschere. Dies unterscheidet sich von anderen Haar Schere auf dem Markt. Sind langlebiger als die anderen;M26<br \/>\n\u2704\u3010Einfach Bequem Freundliche Nutzung\u3011\ud83d\udc4d 1. The arc-shaped handle allows each finger to easily and freely play the role of the finger without fatigue; \ud83d\udc4d 2. Schalld\u00e4mpfer-Design: Der Schalld\u00e4mpfer am Ende des Griffs kann den durch Kollisionen verursachten Verschlei\u00df und L\u00e4rm wirksam reduzieren; \ud83d\udc4d 3. Abnehmbarer, weicher Fingergummi, der Schmerzen, Reibung und Druck w\u00e4hrend des Gebrauchs verringert;M26<br \/>\n\u2704\u3010Verbessertes zuverl\u00e4ssiges Material\u3011 Friseurschere ist aus Pr\u00e4zisions-Edelstahl gefertigt und aus Japan importiert: hitzebest\u00e4ndiger, rostbest\u00e4ndigen Stahllegierungen 100% 4CR13. Scharfer, glatter Schnitt sorgt jedes Mal f\u00fcr perfekte Frisur. Der Klingenwinkel wird pr\u00e4zise auf 48 \u00b0 geregelt, die H\u00e4rte und Sch\u00e4rfe kontrollieren. \ud83d\udc4dEs spliss nicht und besch\u00e4digt Ihre Haarspitzen nicht;M26<br \/>\n\u2704\u3010Alles was Sie brauchen ist hier\u3011Friseurschere x1, Effilierschere x1, Effilierer aus Solingen (Effiliermesser) x1, Weich Hohe dichte B\u00fcrsten x1, Reinigungstuch x1, Kamm x1, Haarnadel x1, Aufbewahrungstasche aus Leder x1 &#8211; \ud83d\udc4dHaar Schneiden Sets trifft alle Ihre Haar Schneiden und Styling braucht. Ein unverzichtbares Egal ob klassische oder moderne Frisuren, Dies friseurschere set kann Sie voll befriedigen;M26<br \/>\n\u2704\u3010Tragbare Haushaltswerkzeuge\u3011Sie k\u00f6nnen dieses Geschenk f\u00fcr alle Familienmitglieder kaufen \/ teilen. Das hochwertige Haarscheren kann sicher und einfach zu Hause verwendet werden: M\u00e4nner, Frauen, \u00e4ltere Menschen usw. Gleichzeitig ist es auch sehr gut f\u00fcr professionelle Friseure geeignet. Die raffinierte Handwerkskunst des perfekten Upgrades stellt sicher, dass diese d\u00fcnner werdende Schere Ihr Haar nicht verwickelt und einklemmt. Unsere Friseurschere, Es ist haltbarer als andere haarschere.M26<br \/>\n<div class=\"main-cross-sell\" data-asin=\"B07HCRZ21N\">\n\n\t<div class=\"WooZone-cross-sell-loader\">\n\t\t<div>\n\t\t\t<div id=\"floatingBarsG\">\n\t\t\t\t<div class=\"blockG\" id=\"rotateG_01\"><\/div>\n\t\t\t\t<div class=\"blockG\" id=\"rotateG_02\"><\/div>\n\t\t\t\t<div class=\"blockG\" id=\"rotateG_03\"><\/div>\n\t\t\t\t<div class=\"blockG\" id=\"rotateG_04\"><\/div>\n\t\t\t\t<div class=\"blockG\" id=\"rotateG_05\"><\/div>\n\t\t\t\t<div class=\"blockG\" id=\"rotateG_06\"><\/div>\n\t\t\t\t<div class=\"blockG\" id=\"rotateG_07\"><\/div>\n\t\t\t\t<div class=\"blockG\" id=\"rotateG_08\"><\/div>\n\t\t\t<\/div>\n\t\t\t<div class=\"WooZone-cross-sell-loader-text\"><\/div>\n\t\t<\/div>\n\t<\/div>\n\n\t\t\n<\/div>\n<div style=\"clear:both;\"><\/div><\/p>\n","protected":false},"excerpt":{"rendered":"<p>\u2704\u3010Breites Anwendungsspektrum\u3011Es ist sicher und Sie k\u00f6nnen es leicht mit Ihrer Familie verwenden: M\u00e4nner, Frauen, \u00e4ltere Menschen, Kinder, Babys und sogar Haustiere! Und auch perfekt f\u00fcr professionelle Friseure, Friseure. Unsere Scheren verwirren nicht das Haar. \ud83d\udc4d Glatter Edelstahl, keine Haare verfangen sich zwischen den effilierschere. Dies unterscheidet sich von anderen Haar Schere auf dem Markt. Sind langlebiger als die anderen;M26<br \/>\n\u2704\u3010Einfach Bequem Freundliche Nutzung\u3011\ud83d\udc4d 1. The arc-shaped handle allows each finger to easily and freely play the role of the finger without fatigue; \ud83d\udc4d 2. Schalld\u00e4mpfer-Design: Der Schalld\u00e4mpfer am Ende des Griffs kann den durch Kollisionen verursachten Verschlei\u00df und L\u00e4rm wirksam reduzieren; \ud83d\udc4d 3. Abnehmbarer, weicher Fingergummi, der Schmerzen, Reibung und Druck w\u00e4hrend des Gebrauchs verringert;M26<br \/>\n\u2704\u3010Verbessertes zuverl\u00e4ssiges Material\u3011 Friseurschere ist aus Pr\u00e4zisions-Edelstahl gefertigt und aus Japan importiert: hitzebest\u00e4ndiger, rostbest\u00e4ndigen Stahllegierungen 100% 4CR13. Scharfer, glatter Schnitt sorgt jedes Mal f\u00fcr perfekte Frisur. Der Klingenwinkel wird pr\u00e4zise auf 48 \u00b0 geregelt, die H\u00e4rte und Sch\u00e4rfe kontrollieren. \ud83d\udc4dEs spliss nicht und besch\u00e4digt Ihre Haarspitzen nicht;M26<\/p>\n","protected":false},"featured_media":107312,"comment_status":"open","ping_status":"closed","template":"","meta":[],"product_brand":[],"product_cat":[566,6190],"product_tag":[],"class_list":{"0":"post-107311","1":"product","2":"type-product","3":"status-publish","4":"has-post-thumbnail","6":"product_cat-drogerie-koerperpflege","7":"product_cat-rasur-enthaarung","8":"pa_binding-spielzeug","9":"pa_brand-aospr","10":"pa_color-braun-gruen","11":"pa_height-7-zoll","12":"pa_length-3-5-zoll","13":"pa_manufacturer-tinymills","14":"pa_size-arial-toys-games-ltd85","15":"pa_width-2-75-zoll","17":"first","18":"instock","19":"shipping-taxable","20":"purchasable","21":"product-type-simple","22":"customify-col","23":"product-has-gallery"},"yoast_head":"<!-- This site is optimized with the Yoast SEO plugin v27.3 - https:\/\/yoast.com\/product\/yoast-seo-wordpress\/ -->\n<title>Tinymills Buntstifte, Motiv Pixel Miner, 24 St\u00fcck - Markt-XXL<\/title>\n<meta name=\"description\" content=\"Markt-XXL Tinymills Buntstifte, Motiv Pixel Miner, 24 St\u00fcck\" \/>\n<meta name=\"robots\" content=\"index, follow, max-snippet:-1, max-image-preview:large, max-video-preview:-1\" \/>\n<link rel=\"canonical\" href=\"https:\/\/marktxxl.de\/markt\/produkt\/tinymills-buntstifte-motiv-pixel-miner-24-stueck\/\" \/>\n<meta property=\"og:locale\" content=\"de_DE\" \/>\n<meta property=\"og:type\" content=\"article\" \/>\n<meta property=\"og:title\" content=\"Tinymills Buntstifte, Motiv Pixel Miner, 24 St\u00fcck - Markt-XXL\" \/>\n<meta property=\"og:description\" content=\"Markt-XXL Tinymills Buntstifte, Motiv Pixel Miner, 24 St\u00fcck\" \/>\n<meta property=\"og:url\" content=\"https:\/\/marktxxl.de\/markt\/produkt\/tinymills-buntstifte-motiv-pixel-miner-24-stueck\/\" \/>\n<meta property=\"og:site_name\" content=\"Markt-XXL\" \/>\n<meta property=\"article:modified_time\" content=\"2023-04-10T01:32:52+00:00\" \/>\n<meta property=\"og:image\" content=\"https:\/\/m.media-amazon.com\/images\/I\/41hDNcvtDwL._SL500_.jpg\" \/>\n\t<meta property=\"og:image:width\" content=\"242\" \/>\n\t<meta property=\"og:image:height\" content=\"500\" \/>\n\t<meta property=\"og:image:type\" content=\"image\/jpeg\" \/>\n<meta name=\"twitter:card\" content=\"summary_large_image\" \/>\n<meta name=\"twitter:label1\" content=\"Gesch\u00e4tzte Lesezeit\" \/>\n\t<meta name=\"twitter:data1\" content=\"2\u00a0Minuten\" \/>\n<script type=\"application\/ld+json\" class=\"yoast-schema-graph\">{\"@context\":\"https:\\\/\\\/schema.org\",\"@graph\":[{\"@type\":\"WebPage\",\"@id\":\"https:\\\/\\\/marktxxl.de\\\/markt\\\/produkt\\\/tinymills-buntstifte-motiv-pixel-miner-24-stueck\\\/\",\"url\":\"https:\\\/\\\/marktxxl.de\\\/markt\\\/produkt\\\/tinymills-buntstifte-motiv-pixel-miner-24-stueck\\\/\",\"name\":\"Tinymills Buntstifte, Motiv Pixel Miner, 24 St\u00fcck - Markt-XXL\",\"isPartOf\":{\"@id\":\"https:\\\/\\\/marktxxl.de\\\/markt\\\/#website\"},\"primaryImageOfPage\":{\"@id\":\"https:\\\/\\\/marktxxl.de\\\/markt\\\/produkt\\\/tinymills-buntstifte-motiv-pixel-miner-24-stueck\\\/#primaryimage\"},\"image\":{\"@id\":\"https:\\\/\\\/marktxxl.de\\\/markt\\\/produkt\\\/tinymills-buntstifte-motiv-pixel-miner-24-stueck\\\/#primaryimage\"},\"thumbnailUrl\":\"https:\\\/\\\/m.media-amazon.com\\\/images\\\/I\\\/41hDNcvtDwL._SL500_.jpg\",\"datePublished\":\"2022-02-26T15:36:41+00:00\",\"dateModified\":\"2023-04-10T01:32:52+00:00\",\"description\":\"Markt-XXL Tinymills Buntstifte, Motiv Pixel Miner, 24 St\u00fcck\",\"breadcrumb\":{\"@id\":\"https:\\\/\\\/marktxxl.de\\\/markt\\\/produkt\\\/tinymills-buntstifte-motiv-pixel-miner-24-stueck\\\/#breadcrumb\"},\"inLanguage\":\"de\",\"potentialAction\":[{\"@type\":\"ReadAction\",\"target\":[\"https:\\\/\\\/marktxxl.de\\\/markt\\\/produkt\\\/tinymills-buntstifte-motiv-pixel-miner-24-stueck\\\/\"]}]},{\"@type\":\"ImageObject\",\"inLanguage\":\"de\",\"@id\":\"https:\\\/\\\/marktxxl.de\\\/markt\\\/produkt\\\/tinymills-buntstifte-motiv-pixel-miner-24-stueck\\\/#primaryimage\",\"url\":\"https:\\\/\\\/m.media-amazon.com\\\/images\\\/I\\\/41hDNcvtDwL._SL500_.jpg\",\"contentUrl\":\"https:\\\/\\\/m.media-amazon.com\\\/images\\\/I\\\/41hDNcvtDwL._SL500_.jpg\",\"width\":242,\"height\":500},{\"@type\":\"BreadcrumbList\",\"@id\":\"https:\\\/\\\/marktxxl.de\\\/markt\\\/produkt\\\/tinymills-buntstifte-motiv-pixel-miner-24-stueck\\\/#breadcrumb\",\"itemListElement\":[{\"@type\":\"ListItem\",\"position\":1,\"name\":\"Startseite\",\"item\":\"https:\\\/\\\/marktxxl.de\\\/markt\\\/\"},{\"@type\":\"ListItem\",\"position\":2,\"name\":\"Markt\",\"item\":\"https:\\\/\\\/marktxxl.de\\\/markt\\\/\"},{\"@type\":\"ListItem\",\"position\":3,\"name\":\"Tinymills Buntstifte, Motiv Pixel Miner, 24 St\u00fcck\"}]},{\"@type\":\"WebSite\",\"@id\":\"https:\\\/\\\/marktxxl.de\\\/markt\\\/#website\",\"url\":\"https:\\\/\\\/marktxxl.de\\\/markt\\\/\",\"name\":\"Markt-XXL\",\"description\":\"Ihr Markt Online\",\"publisher\":{\"@id\":\"https:\\\/\\\/marktxxl.de\\\/markt\\\/#organization\"},\"potentialAction\":[{\"@type\":\"SearchAction\",\"target\":{\"@type\":\"EntryPoint\",\"urlTemplate\":\"https:\\\/\\\/marktxxl.de\\\/markt\\\/?s={search_term_string}\"},\"query-input\":{\"@type\":\"PropertyValueSpecification\",\"valueRequired\":true,\"valueName\":\"search_term_string\"}}],\"inLanguage\":\"de\"},{\"@type\":\"Organization\",\"@id\":\"https:\\\/\\\/marktxxl.de\\\/markt\\\/#organization\",\"name\":\"Markt-XXL\",\"url\":\"https:\\\/\\\/marktxxl.de\\\/markt\\\/\",\"logo\":{\"@type\":\"ImageObject\",\"inLanguage\":\"de\",\"@id\":\"https:\\\/\\\/marktxxl.de\\\/markt\\\/#\\\/schema\\\/logo\\\/image\\\/\",\"url\":\"https:\\\/\\\/marktxxl.de\\\/markt\\\/wp-content\\\/uploads\\\/sites\\\/3\\\/2020\\\/12\\\/logo.png\",\"contentUrl\":\"https:\\\/\\\/marktxxl.de\\\/markt\\\/wp-content\\\/uploads\\\/sites\\\/3\\\/2020\\\/12\\\/logo.png\",\"width\":200,\"height\":70,\"caption\":\"Markt-XXL\"},\"image\":{\"@id\":\"https:\\\/\\\/marktxxl.de\\\/markt\\\/#\\\/schema\\\/logo\\\/image\\\/\"}}]}<\/script>\n<!-- \/ Yoast SEO plugin. -->","yoast_head_json":{"title":"Tinymills Buntstifte, Motiv Pixel Miner, 24 St\u00fcck - Markt-XXL","description":"Markt-XXL Tinymills Buntstifte, Motiv Pixel Miner, 24 St\u00fcck","robots":{"index":"index","follow":"follow","max-snippet":"max-snippet:-1","max-image-preview":"max-image-preview:large","max-video-preview":"max-video-preview:-1"},"canonical":"https:\/\/marktxxl.de\/markt\/produkt\/tinymills-buntstifte-motiv-pixel-miner-24-stueck\/","og_locale":"de_DE","og_type":"article","og_title":"Tinymills Buntstifte, Motiv Pixel Miner, 24 St\u00fcck - Markt-XXL","og_description":"Markt-XXL Tinymills Buntstifte, Motiv Pixel Miner, 24 St\u00fcck","og_url":"https:\/\/marktxxl.de\/markt\/produkt\/tinymills-buntstifte-motiv-pixel-miner-24-stueck\/","og_site_name":"Markt-XXL","article_modified_time":"2023-04-10T01:32:52+00:00","og_image":[{"width":242,"height":500,"url":"https:\/\/m.media-amazon.com\/images\/I\/41hDNcvtDwL._SL500_.jpg","type":"image\/jpeg"}],"twitter_card":"summary_large_image","twitter_misc":{"Gesch\u00e4tzte Lesezeit":"2\u00a0Minuten"},"schema":{"@context":"https:\/\/schema.org","@graph":[{"@type":"WebPage","@id":"https:\/\/marktxxl.de\/markt\/produkt\/tinymills-buntstifte-motiv-pixel-miner-24-stueck\/","url":"https:\/\/marktxxl.de\/markt\/produkt\/tinymills-buntstifte-motiv-pixel-miner-24-stueck\/","name":"Tinymills Buntstifte, Motiv Pixel Miner, 24 St\u00fcck - Markt-XXL","isPartOf":{"@id":"https:\/\/marktxxl.de\/markt\/#website"},"primaryImageOfPage":{"@id":"https:\/\/marktxxl.de\/markt\/produkt\/tinymills-buntstifte-motiv-pixel-miner-24-stueck\/#primaryimage"},"image":{"@id":"https:\/\/marktxxl.de\/markt\/produkt\/tinymills-buntstifte-motiv-pixel-miner-24-stueck\/#primaryimage"},"thumbnailUrl":"https:\/\/m.media-amazon.com\/images\/I\/41hDNcvtDwL._SL500_.jpg","datePublished":"2022-02-26T15:36:41+00:00","dateModified":"2023-04-10T01:32:52+00:00","description":"Markt-XXL Tinymills Buntstifte, Motiv Pixel Miner, 24 St\u00fcck","breadcrumb":{"@id":"https:\/\/marktxxl.de\/markt\/produkt\/tinymills-buntstifte-motiv-pixel-miner-24-stueck\/#breadcrumb"},"inLanguage":"de","potentialAction":[{"@type":"ReadAction","target":["https:\/\/marktxxl.de\/markt\/produkt\/tinymills-buntstifte-motiv-pixel-miner-24-stueck\/"]}]},{"@type":"ImageObject","inLanguage":"de","@id":"https:\/\/marktxxl.de\/markt\/produkt\/tinymills-buntstifte-motiv-pixel-miner-24-stueck\/#primaryimage","url":"https:\/\/m.media-amazon.com\/images\/I\/41hDNcvtDwL._SL500_.jpg","contentUrl":"https:\/\/m.media-amazon.com\/images\/I\/41hDNcvtDwL._SL500_.jpg","width":242,"height":500},{"@type":"BreadcrumbList","@id":"https:\/\/marktxxl.de\/markt\/produkt\/tinymills-buntstifte-motiv-pixel-miner-24-stueck\/#breadcrumb","itemListElement":[{"@type":"ListItem","position":1,"name":"Startseite","item":"https:\/\/marktxxl.de\/markt\/"},{"@type":"ListItem","position":2,"name":"Markt","item":"https:\/\/marktxxl.de\/markt\/"},{"@type":"ListItem","position":3,"name":"Tinymills Buntstifte, Motiv Pixel Miner, 24 St\u00fcck"}]},{"@type":"WebSite","@id":"https:\/\/marktxxl.de\/markt\/#website","url":"https:\/\/marktxxl.de\/markt\/","name":"Markt-XXL","description":"Ihr Markt Online","publisher":{"@id":"https:\/\/marktxxl.de\/markt\/#organization"},"potentialAction":[{"@type":"SearchAction","target":{"@type":"EntryPoint","urlTemplate":"https:\/\/marktxxl.de\/markt\/?s={search_term_string}"},"query-input":{"@type":"PropertyValueSpecification","valueRequired":true,"valueName":"search_term_string"}}],"inLanguage":"de"},{"@type":"Organization","@id":"https:\/\/marktxxl.de\/markt\/#organization","name":"Markt-XXL","url":"https:\/\/marktxxl.de\/markt\/","logo":{"@type":"ImageObject","inLanguage":"de","@id":"https:\/\/marktxxl.de\/markt\/#\/schema\/logo\/image\/","url":"https:\/\/marktxxl.de\/markt\/wp-content\/uploads\/sites\/3\/2020\/12\/logo.png","contentUrl":"https:\/\/marktxxl.de\/markt\/wp-content\/uploads\/sites\/3\/2020\/12\/logo.png","width":200,"height":70,"caption":"Markt-XXL"},"image":{"@id":"https:\/\/marktxxl.de\/markt\/#\/schema\/logo\/image\/"}}]}},"_links":{"self":[{"href":"https:\/\/marktxxl.de\/markt\/wp-json\/wp\/v2\/product\/107311","targetHints":{"allow":["GET"]}}],"collection":[{"href":"https:\/\/marktxxl.de\/markt\/wp-json\/wp\/v2\/product"}],"about":[{"href":"https:\/\/marktxxl.de\/markt\/wp-json\/wp\/v2\/types\/product"}],"replies":[{"embeddable":true,"href":"https:\/\/marktxxl.de\/markt\/wp-json\/wp\/v2\/comments?post=107311"}],"wp:featuredmedia":[{"embeddable":true,"href":"https:\/\/marktxxl.de\/markt\/wp-json\/wp\/v2\/media\/107312"}],"wp:attachment":[{"href":"https:\/\/marktxxl.de\/markt\/wp-json\/wp\/v2\/media?parent=107311"}],"wp:term":[{"taxonomy":"product_brand","embeddable":true,"href":"https:\/\/marktxxl.de\/markt\/wp-json\/wp\/v2\/product_brand?post=107311"},{"taxonomy":"product_cat","embeddable":true,"href":"https:\/\/marktxxl.de\/markt\/wp-json\/wp\/v2\/product_cat?post=107311"},{"taxonomy":"product_tag","embeddable":true,"href":"https:\/\/marktxxl.de\/markt\/wp-json\/wp\/v2\/product_tag?post=107311"}],"curies":[{"name":"wp","href":"https:\/\/api.w.org\/{rel}","templated":true}]}}