{"id":107157,"date":"2022-02-26T16:12:11","date_gmt":"2022-02-26T15:12:11","guid":{"rendered":"https:\/\/marktxxl.de\/markt\/produkt\/kaulery-usb-stick-64gb-wasserdicht-speicherstick-metall-usb-stick-memory-stick-datenspeicher-64gb-usb-flash-laufwerk-mit-schluesselbund-fuer-computer-pc-laptop\/"},"modified":"2023-04-10T03:32:48","modified_gmt":"2023-04-10T01:32:48","slug":"kaulery-usb-stick-64gb-wasserdicht-speicherstick-metall-usb-stick-memory-stick-datenspeicher-64gb-usb-flash-laufwerk-mit-schluesselbund-fuer-computer-pc-laptop","status":"publish","type":"product","link":"https:\/\/marktxxl.de\/markt\/produkt\/kaulery-usb-stick-64gb-wasserdicht-speicherstick-metall-usb-stick-memory-stick-datenspeicher-64gb-usb-flash-laufwerk-mit-schluesselbund-fuer-computer-pc-laptop\/","title":{"rendered":"Kaulery USB Stick 64GB Wasserdicht Speicherstick 64GB Metall USB-Stick USB-Flash-Laufwerk mit Schl\u00fcsselbund f\u00fcr Computer\u2026"},"content":{"rendered":"<p>\u3010Hohe Qualit\u00e4t\u3011 Die hochwertige Legierung wird auf der Au\u00dfenseite von USB stick verwendet, um ihre Robustheit und Fallsicherheit zu gew\u00e4hrleisten. Im Inneren wird der fortschrittlichste Chip verwendet, der durch viele komplizierte und strenge Prozesse zusammengebaut wurde, mit ausgezeichneter Wasserbest\u00e4ndigkeit, magnetischer Best\u00e4ndigkeit, hoher Temperaturbest\u00e4ndigkeit, so dass seine Lebensdauer die anderer \u00e4hnlicher Produkte bei weitem \u00fcbertrifft.<br \/>\n\u3010Breite Kompatibilit\u00e4t \u3011Dieser USB Stick reicht aus, um Ihre Fotos, Videos, Audios usw. Die 2 St\u00fcck USB Flash Drives 64GB ist kompatibel mit Windows 98 \/ NT \/ ME \/ 2000 \/ XP \/ 7 \/ 8.1 \/ 10 und h\u00f6her, es auch kompatibel mit Linux und Mac OS 10.3 und h\u00f6her.<br \/>\n\u3010Plug und Play\u3011 Einfache Verwendung des Flash-Laufwerks, keine Software muss installiert werden. Stecken Sie einfach den USB Speicherstick in den USB-Anschluss eines Computers oder eines anderen Ger\u00e4ts, um ihn zu lesen oder zum Kopieren digitaler Daten zu verwenden.<br \/>\n\u3010Portabilit\u00e4t\u3011 Der 64GB USB-Stick kleine ring ist f\u00fcr schl\u00fcsselanh\u00e4nger oder lanyards gestaltet. Sie k\u00f6nnen ihre digitale welt \u00fcberall, ohne sich gedanken \u00fcber den verlust der usb-stick nehmen.<br \/>\n\u3010Multifunktion\u3011 Geeignet zum Speichern und \u00dcbertragen digitaler Daten. USB-Stick bietet sicheren, tragbaren Speicher, dem Sie vertrauen k\u00f6nnen. Speichern und teilen Sie Ihre Fotos, Videos und Musik auf einfache und zuverl\u00e4ssige Weise.<br \/>\n<div class=\"main-cross-sell\" data-asin=\"B09JG8458B\">\n\n\t<div class=\"WooZone-cross-sell-loader\">\n\t\t<div>\n\t\t\t<div id=\"floatingBarsG\">\n\t\t\t\t<div class=\"blockG\" id=\"rotateG_01\"><\/div>\n\t\t\t\t<div class=\"blockG\" id=\"rotateG_02\"><\/div>\n\t\t\t\t<div class=\"blockG\" id=\"rotateG_03\"><\/div>\n\t\t\t\t<div class=\"blockG\" id=\"rotateG_04\"><\/div>\n\t\t\t\t<div class=\"blockG\" id=\"rotateG_05\"><\/div>\n\t\t\t\t<div class=\"blockG\" id=\"rotateG_06\"><\/div>\n\t\t\t\t<div class=\"blockG\" id=\"rotateG_07\"><\/div>\n\t\t\t\t<div class=\"blockG\" id=\"rotateG_08\"><\/div>\n\t\t\t<\/div>\n\t\t\t<div class=\"WooZone-cross-sell-loader-text\"><\/div>\n\t\t<\/div>\n\t<\/div>\n\n\t\t\n<\/div>\n<div style=\"clear:both;\"><\/div><\/p>\n","protected":false},"excerpt":{"rendered":"<p>\u3010Hohe Qualit\u00e4t\u3011 Die hochwertige Legierung wird auf der Au\u00dfenseite von USB stick verwendet, um ihre Robustheit und Fallsicherheit zu gew\u00e4hrleisten. Im Inneren wird der fortschrittlichste Chip verwendet, der durch viele komplizierte und strenge Prozesse zusammengebaut wurde, mit ausgezeichneter Wasserbest\u00e4ndigkeit, magnetischer Best\u00e4ndigkeit, hoher Temperaturbest\u00e4ndigkeit, so dass seine Lebensdauer die anderer \u00e4hnlicher Produkte bei weitem \u00fcbertrifft.<br \/>\n\u3010Breite Kompatibilit\u00e4t \u3011Dieser USB Stick reicht aus, um Ihre Fotos, Videos, Audios usw. Die 2 St\u00fcck USB Flash Drives 64GB ist kompatibel mit Windows 98 \/ NT \/ ME \/ 2000 \/ XP \/ 7 \/ 8.1 \/ 10 und h\u00f6her, es auch kompatibel mit Linux und Mac OS 10.3 und h\u00f6her.<br \/>\n\u3010Plug und Play\u3011 Einfache Verwendung des Flash-Laufwerks, keine Software muss installiert werden. Stecken Sie einfach den USB Speicherstick in den USB-Anschluss eines Computers oder eines anderen Ger\u00e4ts, um ihn zu lesen oder zum Kopieren digitaler Daten zu verwenden.<\/p>\n","protected":false},"featured_media":107158,"comment_status":"open","ping_status":"closed","template":"","meta":[],"product_brand":[],"product_cat":[863],"product_tag":[],"class_list":{"0":"post-107157","1":"product","2":"type-product","3":"status-publish","4":"has-post-thumbnail","6":"product_cat-computer-zubehoer","7":"pa_brand-kaulery","8":"pa_manufacturer-kaulery","10":"first","11":"instock","12":"shipping-taxable","13":"purchasable","14":"product-type-simple","15":"customify-col","16":"product-has-gallery"},"yoast_head":"<!-- This site is optimized with the Yoast SEO plugin v27.4 - https:\/\/yoast.com\/product\/yoast-seo-wordpress\/ -->\n<title>Kaulery USB Stick 64GB Wasserdicht Speicherstick 64GB Metall USB-Stick USB-Flash-Laufwerk mit Schl\u00fcsselbund f\u00fcr Computer\u2026 - Markt-XXL<\/title>\n<meta name=\"description\" content=\"Markt-XXL Kaulery USB Stick 64GB Wasserdicht Speicherstick 64GB Metall USB-Stick USB-Flash-Laufwerk mit Schl\u00fcsselbund f\u00fcr Computer\u2026\" \/>\n<meta name=\"robots\" content=\"index, follow, max-snippet:-1, max-image-preview:large, max-video-preview:-1\" \/>\n<link rel=\"canonical\" href=\"https:\/\/marktxxl.de\/markt\/produkt\/kaulery-usb-stick-64gb-wasserdicht-speicherstick-metall-usb-stick-memory-stick-datenspeicher-64gb-usb-flash-laufwerk-mit-schluesselbund-fuer-computer-pc-laptop\/\" \/>\n<meta property=\"og:locale\" content=\"de_DE\" \/>\n<meta property=\"og:type\" content=\"article\" \/>\n<meta property=\"og:title\" content=\"Kaulery USB Stick 64GB Wasserdicht Speicherstick 64GB Metall USB-Stick USB-Flash-Laufwerk mit Schl\u00fcsselbund f\u00fcr Computer\u2026 - Markt-XXL\" \/>\n<meta property=\"og:description\" content=\"Markt-XXL Kaulery USB Stick 64GB Wasserdicht Speicherstick 64GB Metall USB-Stick USB-Flash-Laufwerk mit Schl\u00fcsselbund f\u00fcr Computer\u2026\" \/>\n<meta property=\"og:url\" content=\"https:\/\/marktxxl.de\/markt\/produkt\/kaulery-usb-stick-64gb-wasserdicht-speicherstick-metall-usb-stick-memory-stick-datenspeicher-64gb-usb-flash-laufwerk-mit-schluesselbund-fuer-computer-pc-laptop\/\" \/>\n<meta property=\"og:site_name\" content=\"Markt-XXL\" \/>\n<meta property=\"article:modified_time\" content=\"2023-04-10T01:32:48+00:00\" \/>\n<meta property=\"og:image\" content=\"https:\/\/m.media-amazon.com\/images\/I\/41HMS7M2LHL._SL500_.jpg\" \/>\n\t<meta property=\"og:image:width\" content=\"479\" \/>\n\t<meta property=\"og:image:height\" content=\"500\" \/>\n\t<meta property=\"og:image:type\" content=\"image\/jpeg\" \/>\n<meta name=\"twitter:card\" content=\"summary_large_image\" \/>\n<meta name=\"twitter:label1\" content=\"Gesch\u00e4tzte Lesezeit\" \/>\n\t<meta name=\"twitter:data1\" content=\"1\u00a0Minute\" \/>\n<script type=\"application\/ld+json\" class=\"yoast-schema-graph\">{\"@context\":\"https:\\\/\\\/schema.org\",\"@graph\":[{\"@type\":\"WebPage\",\"@id\":\"https:\\\/\\\/marktxxl.de\\\/markt\\\/produkt\\\/kaulery-usb-stick-64gb-wasserdicht-speicherstick-metall-usb-stick-memory-stick-datenspeicher-64gb-usb-flash-laufwerk-mit-schluesselbund-fuer-computer-pc-laptop\\\/\",\"url\":\"https:\\\/\\\/marktxxl.de\\\/markt\\\/produkt\\\/kaulery-usb-stick-64gb-wasserdicht-speicherstick-metall-usb-stick-memory-stick-datenspeicher-64gb-usb-flash-laufwerk-mit-schluesselbund-fuer-computer-pc-laptop\\\/\",\"name\":\"Kaulery USB Stick 64GB Wasserdicht Speicherstick 64GB Metall USB-Stick USB-Flash-Laufwerk mit Schl\u00fcsselbund f\u00fcr Computer\u2026 - Markt-XXL\",\"isPartOf\":{\"@id\":\"https:\\\/\\\/marktxxl.de\\\/markt\\\/#website\"},\"primaryImageOfPage\":{\"@id\":\"https:\\\/\\\/marktxxl.de\\\/markt\\\/produkt\\\/kaulery-usb-stick-64gb-wasserdicht-speicherstick-metall-usb-stick-memory-stick-datenspeicher-64gb-usb-flash-laufwerk-mit-schluesselbund-fuer-computer-pc-laptop\\\/#primaryimage\"},\"image\":{\"@id\":\"https:\\\/\\\/marktxxl.de\\\/markt\\\/produkt\\\/kaulery-usb-stick-64gb-wasserdicht-speicherstick-metall-usb-stick-memory-stick-datenspeicher-64gb-usb-flash-laufwerk-mit-schluesselbund-fuer-computer-pc-laptop\\\/#primaryimage\"},\"thumbnailUrl\":\"https:\\\/\\\/m.media-amazon.com\\\/images\\\/I\\\/41HMS7M2LHL._SL500_.jpg\",\"datePublished\":\"2022-02-26T15:12:11+00:00\",\"dateModified\":\"2023-04-10T01:32:48+00:00\",\"description\":\"Markt-XXL Kaulery USB Stick 64GB Wasserdicht Speicherstick 64GB Metall USB-Stick USB-Flash-Laufwerk mit Schl\u00fcsselbund f\u00fcr Computer\u2026\",\"breadcrumb\":{\"@id\":\"https:\\\/\\\/marktxxl.de\\\/markt\\\/produkt\\\/kaulery-usb-stick-64gb-wasserdicht-speicherstick-metall-usb-stick-memory-stick-datenspeicher-64gb-usb-flash-laufwerk-mit-schluesselbund-fuer-computer-pc-laptop\\\/#breadcrumb\"},\"inLanguage\":\"de\",\"potentialAction\":[{\"@type\":\"ReadAction\",\"target\":[\"https:\\\/\\\/marktxxl.de\\\/markt\\\/produkt\\\/kaulery-usb-stick-64gb-wasserdicht-speicherstick-metall-usb-stick-memory-stick-datenspeicher-64gb-usb-flash-laufwerk-mit-schluesselbund-fuer-computer-pc-laptop\\\/\"]}]},{\"@type\":\"ImageObject\",\"inLanguage\":\"de\",\"@id\":\"https:\\\/\\\/marktxxl.de\\\/markt\\\/produkt\\\/kaulery-usb-stick-64gb-wasserdicht-speicherstick-metall-usb-stick-memory-stick-datenspeicher-64gb-usb-flash-laufwerk-mit-schluesselbund-fuer-computer-pc-laptop\\\/#primaryimage\",\"url\":\"https:\\\/\\\/m.media-amazon.com\\\/images\\\/I\\\/41HMS7M2LHL._SL500_.jpg\",\"contentUrl\":\"https:\\\/\\\/m.media-amazon.com\\\/images\\\/I\\\/41HMS7M2LHL._SL500_.jpg\",\"width\":479,\"height\":500},{\"@type\":\"BreadcrumbList\",\"@id\":\"https:\\\/\\\/marktxxl.de\\\/markt\\\/produkt\\\/kaulery-usb-stick-64gb-wasserdicht-speicherstick-metall-usb-stick-memory-stick-datenspeicher-64gb-usb-flash-laufwerk-mit-schluesselbund-fuer-computer-pc-laptop\\\/#breadcrumb\",\"itemListElement\":[{\"@type\":\"ListItem\",\"position\":1,\"name\":\"Startseite\",\"item\":\"https:\\\/\\\/marktxxl.de\\\/markt\\\/\"},{\"@type\":\"ListItem\",\"position\":2,\"name\":\"Markt\",\"item\":\"https:\\\/\\\/marktxxl.de\\\/markt\\\/\"},{\"@type\":\"ListItem\",\"position\":3,\"name\":\"Kaulery USB Stick 64GB Wasserdicht Speicherstick 64GB Metall USB-Stick USB-Flash-Laufwerk mit Schl\u00fcsselbund f\u00fcr Computer\u2026\"}]},{\"@type\":\"WebSite\",\"@id\":\"https:\\\/\\\/marktxxl.de\\\/markt\\\/#website\",\"url\":\"https:\\\/\\\/marktxxl.de\\\/markt\\\/\",\"name\":\"Markt-XXL\",\"description\":\"Ihr Markt Online\",\"publisher\":{\"@id\":\"https:\\\/\\\/marktxxl.de\\\/markt\\\/#organization\"},\"potentialAction\":[{\"@type\":\"SearchAction\",\"target\":{\"@type\":\"EntryPoint\",\"urlTemplate\":\"https:\\\/\\\/marktxxl.de\\\/markt\\\/?s={search_term_string}\"},\"query-input\":{\"@type\":\"PropertyValueSpecification\",\"valueRequired\":true,\"valueName\":\"search_term_string\"}}],\"inLanguage\":\"de\"},{\"@type\":\"Organization\",\"@id\":\"https:\\\/\\\/marktxxl.de\\\/markt\\\/#organization\",\"name\":\"Markt-XXL\",\"url\":\"https:\\\/\\\/marktxxl.de\\\/markt\\\/\",\"logo\":{\"@type\":\"ImageObject\",\"inLanguage\":\"de\",\"@id\":\"https:\\\/\\\/marktxxl.de\\\/markt\\\/#\\\/schema\\\/logo\\\/image\\\/\",\"url\":\"https:\\\/\\\/marktxxl.de\\\/markt\\\/wp-content\\\/uploads\\\/sites\\\/3\\\/2020\\\/12\\\/logo.png\",\"contentUrl\":\"https:\\\/\\\/marktxxl.de\\\/markt\\\/wp-content\\\/uploads\\\/sites\\\/3\\\/2020\\\/12\\\/logo.png\",\"width\":200,\"height\":70,\"caption\":\"Markt-XXL\"},\"image\":{\"@id\":\"https:\\\/\\\/marktxxl.de\\\/markt\\\/#\\\/schema\\\/logo\\\/image\\\/\"}}]}<\/script>\n<!-- \/ Yoast SEO plugin. -->","yoast_head_json":{"title":"Kaulery USB Stick 64GB Wasserdicht Speicherstick 64GB Metall USB-Stick USB-Flash-Laufwerk mit Schl\u00fcsselbund f\u00fcr Computer\u2026 - Markt-XXL","description":"Markt-XXL Kaulery USB Stick 64GB Wasserdicht Speicherstick 64GB Metall USB-Stick USB-Flash-Laufwerk mit Schl\u00fcsselbund f\u00fcr Computer\u2026","robots":{"index":"index","follow":"follow","max-snippet":"max-snippet:-1","max-image-preview":"max-image-preview:large","max-video-preview":"max-video-preview:-1"},"canonical":"https:\/\/marktxxl.de\/markt\/produkt\/kaulery-usb-stick-64gb-wasserdicht-speicherstick-metall-usb-stick-memory-stick-datenspeicher-64gb-usb-flash-laufwerk-mit-schluesselbund-fuer-computer-pc-laptop\/","og_locale":"de_DE","og_type":"article","og_title":"Kaulery USB Stick 64GB Wasserdicht Speicherstick 64GB Metall USB-Stick USB-Flash-Laufwerk mit Schl\u00fcsselbund f\u00fcr Computer\u2026 - Markt-XXL","og_description":"Markt-XXL Kaulery USB Stick 64GB Wasserdicht Speicherstick 64GB Metall USB-Stick USB-Flash-Laufwerk mit Schl\u00fcsselbund f\u00fcr Computer\u2026","og_url":"https:\/\/marktxxl.de\/markt\/produkt\/kaulery-usb-stick-64gb-wasserdicht-speicherstick-metall-usb-stick-memory-stick-datenspeicher-64gb-usb-flash-laufwerk-mit-schluesselbund-fuer-computer-pc-laptop\/","og_site_name":"Markt-XXL","article_modified_time":"2023-04-10T01:32:48+00:00","og_image":[{"width":479,"height":500,"url":"https:\/\/m.media-amazon.com\/images\/I\/41HMS7M2LHL._SL500_.jpg","type":"image\/jpeg"}],"twitter_card":"summary_large_image","twitter_misc":{"Gesch\u00e4tzte Lesezeit":"1\u00a0Minute"},"schema":{"@context":"https:\/\/schema.org","@graph":[{"@type":"WebPage","@id":"https:\/\/marktxxl.de\/markt\/produkt\/kaulery-usb-stick-64gb-wasserdicht-speicherstick-metall-usb-stick-memory-stick-datenspeicher-64gb-usb-flash-laufwerk-mit-schluesselbund-fuer-computer-pc-laptop\/","url":"https:\/\/marktxxl.de\/markt\/produkt\/kaulery-usb-stick-64gb-wasserdicht-speicherstick-metall-usb-stick-memory-stick-datenspeicher-64gb-usb-flash-laufwerk-mit-schluesselbund-fuer-computer-pc-laptop\/","name":"Kaulery USB Stick 64GB Wasserdicht Speicherstick 64GB Metall USB-Stick USB-Flash-Laufwerk mit Schl\u00fcsselbund f\u00fcr Computer\u2026 - Markt-XXL","isPartOf":{"@id":"https:\/\/marktxxl.de\/markt\/#website"},"primaryImageOfPage":{"@id":"https:\/\/marktxxl.de\/markt\/produkt\/kaulery-usb-stick-64gb-wasserdicht-speicherstick-metall-usb-stick-memory-stick-datenspeicher-64gb-usb-flash-laufwerk-mit-schluesselbund-fuer-computer-pc-laptop\/#primaryimage"},"image":{"@id":"https:\/\/marktxxl.de\/markt\/produkt\/kaulery-usb-stick-64gb-wasserdicht-speicherstick-metall-usb-stick-memory-stick-datenspeicher-64gb-usb-flash-laufwerk-mit-schluesselbund-fuer-computer-pc-laptop\/#primaryimage"},"thumbnailUrl":"https:\/\/m.media-amazon.com\/images\/I\/41HMS7M2LHL._SL500_.jpg","datePublished":"2022-02-26T15:12:11+00:00","dateModified":"2023-04-10T01:32:48+00:00","description":"Markt-XXL Kaulery USB Stick 64GB Wasserdicht Speicherstick 64GB Metall USB-Stick USB-Flash-Laufwerk mit Schl\u00fcsselbund f\u00fcr Computer\u2026","breadcrumb":{"@id":"https:\/\/marktxxl.de\/markt\/produkt\/kaulery-usb-stick-64gb-wasserdicht-speicherstick-metall-usb-stick-memory-stick-datenspeicher-64gb-usb-flash-laufwerk-mit-schluesselbund-fuer-computer-pc-laptop\/#breadcrumb"},"inLanguage":"de","potentialAction":[{"@type":"ReadAction","target":["https:\/\/marktxxl.de\/markt\/produkt\/kaulery-usb-stick-64gb-wasserdicht-speicherstick-metall-usb-stick-memory-stick-datenspeicher-64gb-usb-flash-laufwerk-mit-schluesselbund-fuer-computer-pc-laptop\/"]}]},{"@type":"ImageObject","inLanguage":"de","@id":"https:\/\/marktxxl.de\/markt\/produkt\/kaulery-usb-stick-64gb-wasserdicht-speicherstick-metall-usb-stick-memory-stick-datenspeicher-64gb-usb-flash-laufwerk-mit-schluesselbund-fuer-computer-pc-laptop\/#primaryimage","url":"https:\/\/m.media-amazon.com\/images\/I\/41HMS7M2LHL._SL500_.jpg","contentUrl":"https:\/\/m.media-amazon.com\/images\/I\/41HMS7M2LHL._SL500_.jpg","width":479,"height":500},{"@type":"BreadcrumbList","@id":"https:\/\/marktxxl.de\/markt\/produkt\/kaulery-usb-stick-64gb-wasserdicht-speicherstick-metall-usb-stick-memory-stick-datenspeicher-64gb-usb-flash-laufwerk-mit-schluesselbund-fuer-computer-pc-laptop\/#breadcrumb","itemListElement":[{"@type":"ListItem","position":1,"name":"Startseite","item":"https:\/\/marktxxl.de\/markt\/"},{"@type":"ListItem","position":2,"name":"Markt","item":"https:\/\/marktxxl.de\/markt\/"},{"@type":"ListItem","position":3,"name":"Kaulery USB Stick 64GB Wasserdicht Speicherstick 64GB Metall USB-Stick USB-Flash-Laufwerk mit Schl\u00fcsselbund f\u00fcr Computer\u2026"}]},{"@type":"WebSite","@id":"https:\/\/marktxxl.de\/markt\/#website","url":"https:\/\/marktxxl.de\/markt\/","name":"Markt-XXL","description":"Ihr Markt Online","publisher":{"@id":"https:\/\/marktxxl.de\/markt\/#organization"},"potentialAction":[{"@type":"SearchAction","target":{"@type":"EntryPoint","urlTemplate":"https:\/\/marktxxl.de\/markt\/?s={search_term_string}"},"query-input":{"@type":"PropertyValueSpecification","valueRequired":true,"valueName":"search_term_string"}}],"inLanguage":"de"},{"@type":"Organization","@id":"https:\/\/marktxxl.de\/markt\/#organization","name":"Markt-XXL","url":"https:\/\/marktxxl.de\/markt\/","logo":{"@type":"ImageObject","inLanguage":"de","@id":"https:\/\/marktxxl.de\/markt\/#\/schema\/logo\/image\/","url":"https:\/\/marktxxl.de\/markt\/wp-content\/uploads\/sites\/3\/2020\/12\/logo.png","contentUrl":"https:\/\/marktxxl.de\/markt\/wp-content\/uploads\/sites\/3\/2020\/12\/logo.png","width":200,"height":70,"caption":"Markt-XXL"},"image":{"@id":"https:\/\/marktxxl.de\/markt\/#\/schema\/logo\/image\/"}}]}},"_links":{"self":[{"href":"https:\/\/marktxxl.de\/markt\/wp-json\/wp\/v2\/product\/107157","targetHints":{"allow":["GET"]}}],"collection":[{"href":"https:\/\/marktxxl.de\/markt\/wp-json\/wp\/v2\/product"}],"about":[{"href":"https:\/\/marktxxl.de\/markt\/wp-json\/wp\/v2\/types\/product"}],"replies":[{"embeddable":true,"href":"https:\/\/marktxxl.de\/markt\/wp-json\/wp\/v2\/comments?post=107157"}],"wp:featuredmedia":[{"embeddable":true,"href":"https:\/\/marktxxl.de\/markt\/wp-json\/wp\/v2\/media\/107158"}],"wp:attachment":[{"href":"https:\/\/marktxxl.de\/markt\/wp-json\/wp\/v2\/media?parent=107157"}],"wp:term":[{"taxonomy":"product_brand","embeddable":true,"href":"https:\/\/marktxxl.de\/markt\/wp-json\/wp\/v2\/product_brand?post=107157"},{"taxonomy":"product_cat","embeddable":true,"href":"https:\/\/marktxxl.de\/markt\/wp-json\/wp\/v2\/product_cat?post=107157"},{"taxonomy":"product_tag","embeddable":true,"href":"https:\/\/marktxxl.de\/markt\/wp-json\/wp\/v2\/product_tag?post=107157"}],"curies":[{"name":"wp","href":"https:\/\/api.w.org\/{rel}","templated":true}]}}