{"id":107057,"date":"2022-02-26T16:07:02","date_gmt":"2022-02-26T15:07:02","guid":{"rendered":"https:\/\/marktxxl.de\/markt\/produkt\/raspberry-pi-4-8gb-raspberry-pi-starter-kit-8gb-ram-128gb-sd-5v-3a-usb-c-ein-aus-schaltnetzteil-unterstuetzt-dual-display-4k-1000mbps-bluetooth-5-0\/"},"modified":"2023-04-10T03:32:45","modified_gmt":"2023-04-10T01:32:45","slug":"raspberry-pi-4-8gb-raspberry-pi-starter-kit-8gb-ram-128gb-sd-5v-3a-usb-c-ein-aus-schaltnetzteil-unterstuetzt-dual-display-4k-1000mbps-bluetooth-5-0","status":"publish","type":"product","link":"https:\/\/marktxxl.de\/markt\/produkt\/raspberry-pi-4-8gb-raspberry-pi-starter-kit-8gb-ram-128gb-sd-5v-3a-usb-c-ein-aus-schaltnetzteil-unterstuetzt-dual-display-4k-1000mbps-bluetooth-5-0\/","title":{"rendered":"Raspberry Pi 4 8GB, Raspberry Pi Starter Kit (8GB RAM \/ 128GB SD), 5V 3A USB-C EIN\/Aus-Schaltnetzteil, Unterst\u00fctzt Dual\u2026"},"content":{"rendered":"<p>Leistungsstarke CPU: Raspberry Pi 4 8 \u200b\u200bGB Motherboard mit neuem SOC Broadcom BCM2711, 1,5 GHz 64-Bit-Quad-Core-CPU, Dualband 802.11b\/g\/n\/ac WiFi (2,4\/5,0 GHz) und BT 5.0-Modul. \u00dcbertragungen \u00fcber 2 USB 3.0- und 2 USB 2.0-Anschl\u00fcsse sind bis zu 10-mal schneller, 4 Gb\/s oder 500 MB\/s<br \/>\n128GB SD-Karte: Vorinstalliert mit Raspberry Pi OS (Raspbian), kann einfach mit Raspbian f\u00fcr Raspberry Pi gebootet werden. Ausgestattet mit einem microSD-Kartenleser, der mit USB-A und USB-C kompatibel ist, einfacher Anschluss von microSD an den Computer.<br \/>\nLeistungsstarkes K\u00fchlsystem: Kommt mit einem gro\u00dfen Metallk\u00fchlk\u00f6rper und einem Doppell\u00fcfter f\u00fcr eine hervorragende W\u00e4rmeableitung, kontrollieren Sie die Temperatur einfach unter 50 Grad. L\u00f6cher an der Ober- und Unterseite des Geh\u00e4uses k\u00f6nnen eine effizientere W\u00e4rmeableitung erm\u00f6glichen.<br \/>\nPremium-Geh\u00e4use mit GPIO-Zugriff: Bietet Ihrem Raspberry Pi 4 guten Schutz, einfachen Zugriff auf GPIO-Anschluss, Micro-HDMI-Anschluss, USB-Anschluss, SD-Kartensteckplatz des Raspberry Pi-Boards. Der seitliche GPIO-Anschluss des Geh\u00e4uses ist praktisch, um GPIO-Ger\u00e4te und Kabel f\u00fcr eine einfache Bedienung anzuschlie\u00dfen.<br \/>\nWas Sie bekommen: Raspberry Pi 4 8 \u200b\u200bGB Board * 1, 128 GB MicroSD-Karte * 1, SD-Kartenleser * 1, Raspberry Pi 4 Geh\u00e4use * 1, HDMI-Kabel * 2, 5 V\/3 A Netzteil mit Schalter * 1, gro\u00dfe Metallhitze Waschbecken * 1, Dual-Fan * 1, Schraubendreher * 1, Schrauben und Handbuch.<br \/>\n<div class=\"main-cross-sell\" data-asin=\"B09S8FNXVT\">\n\n\t<div class=\"WooZone-cross-sell-loader\">\n\t\t<div>\n\t\t\t<div id=\"floatingBarsG\">\n\t\t\t\t<div class=\"blockG\" id=\"rotateG_01\"><\/div>\n\t\t\t\t<div class=\"blockG\" id=\"rotateG_02\"><\/div>\n\t\t\t\t<div class=\"blockG\" id=\"rotateG_03\"><\/div>\n\t\t\t\t<div class=\"blockG\" id=\"rotateG_04\"><\/div>\n\t\t\t\t<div class=\"blockG\" id=\"rotateG_05\"><\/div>\n\t\t\t\t<div class=\"blockG\" id=\"rotateG_06\"><\/div>\n\t\t\t\t<div class=\"blockG\" id=\"rotateG_07\"><\/div>\n\t\t\t\t<div class=\"blockG\" id=\"rotateG_08\"><\/div>\n\t\t\t<\/div>\n\t\t\t<div class=\"WooZone-cross-sell-loader-text\"><\/div>\n\t\t<\/div>\n\t<\/div>\n\n\t\t\n<\/div>\n<div style=\"clear:both;\"><\/div><\/p>\n","protected":false},"excerpt":{"rendered":"<p>Leistungsstarke CPU: Raspberry Pi 4 8 \u200b\u200bGB Motherboard mit neuem SOC Broadcom BCM2711, 1,5 GHz 64-Bit-Quad-Core-CPU, Dualband 802.11b\/g\/n\/ac WiFi (2,4\/5,0 GHz) und BT 5.0-Modul. \u00dcbertragungen \u00fcber 2 USB 3.0- und 2 USB 2.0-Anschl\u00fcsse sind bis zu 10-mal schneller, 4 Gb\/s oder 500 MB\/s<br \/>\n128GB SD-Karte: Vorinstalliert mit Raspberry Pi OS (Raspbian), kann einfach mit Raspbian f\u00fcr Raspberry Pi gebootet werden. Ausgestattet mit einem microSD-Kartenleser, der mit USB-A und USB-C kompatibel ist, einfacher Anschluss von microSD an den Computer.<br \/>\nLeistungsstarkes K\u00fchlsystem: Kommt mit einem gro\u00dfen Metallk\u00fchlk\u00f6rper und einem Doppell\u00fcfter f\u00fcr eine hervorragende W\u00e4rmeableitung, kontrollieren Sie die Temperatur einfach unter 50 Grad. L\u00f6cher an der Ober- und Unterseite des Geh\u00e4uses k\u00f6nnen eine effizientere W\u00e4rmeableitung erm\u00f6glichen.<\/p>\n","protected":false},"featured_media":107058,"comment_status":"open","ping_status":"closed","template":"","meta":[],"product_brand":[],"product_cat":[863],"product_tag":[],"class_list":{"0":"post-107057","1":"product","2":"type-product","3":"status-publish","4":"has-post-thumbnail","6":"product_cat-computer-zubehoer","7":"pa_binding-personal-computers","8":"pa_brand-ttlda","9":"pa_manufacturer-ttlda","11":"first","12":"instock","13":"shipping-taxable","14":"purchasable","15":"product-type-simple","16":"customify-col","17":"product-has-gallery"},"yoast_head":"<!-- This site is optimized with the Yoast SEO plugin v27.4 - https:\/\/yoast.com\/product\/yoast-seo-wordpress\/ -->\n<title>Raspberry Pi 4 8GB, Raspberry Pi Starter Kit (8GB RAM \/ 128GB SD), 5V 3A USB-C EIN\/Aus-Schaltnetzteil, Unterst\u00fctzt Dual\u2026 - Markt-XXL<\/title>\n<meta name=\"description\" content=\"Markt-XXL Raspberry Pi 4 8GB, Raspberry Pi Starter Kit (8GB RAM \/ 128GB SD), 5V 3A USB-C EIN\/Aus-Schaltnetzteil, Unterst\u00fctzt Dual\u2026\" \/>\n<meta name=\"robots\" content=\"index, follow, max-snippet:-1, max-image-preview:large, max-video-preview:-1\" \/>\n<link rel=\"canonical\" href=\"https:\/\/marktxxl.de\/markt\/produkt\/raspberry-pi-4-8gb-raspberry-pi-starter-kit-8gb-ram-128gb-sd-5v-3a-usb-c-ein-aus-schaltnetzteil-unterstuetzt-dual-display-4k-1000mbps-bluetooth-5-0\/\" \/>\n<meta property=\"og:locale\" content=\"de_DE\" \/>\n<meta property=\"og:type\" content=\"article\" \/>\n<meta property=\"og:title\" content=\"Raspberry Pi 4 8GB, Raspberry Pi Starter Kit (8GB RAM \/ 128GB SD), 5V 3A USB-C EIN\/Aus-Schaltnetzteil, Unterst\u00fctzt Dual\u2026 - Markt-XXL\" \/>\n<meta property=\"og:description\" content=\"Markt-XXL Raspberry Pi 4 8GB, Raspberry Pi Starter Kit (8GB RAM \/ 128GB SD), 5V 3A USB-C EIN\/Aus-Schaltnetzteil, Unterst\u00fctzt Dual\u2026\" \/>\n<meta property=\"og:url\" content=\"https:\/\/marktxxl.de\/markt\/produkt\/raspberry-pi-4-8gb-raspberry-pi-starter-kit-8gb-ram-128gb-sd-5v-3a-usb-c-ein-aus-schaltnetzteil-unterstuetzt-dual-display-4k-1000mbps-bluetooth-5-0\/\" \/>\n<meta property=\"og:site_name\" content=\"Markt-XXL\" \/>\n<meta property=\"article:modified_time\" content=\"2023-04-10T01:32:45+00:00\" \/>\n<meta property=\"og:image\" content=\"https:\/\/m.media-amazon.com\/images\/I\/51Hr1WCkQYL._SL500_.jpg\" \/>\n\t<meta property=\"og:image:width\" content=\"500\" \/>\n\t<meta property=\"og:image:height\" content=\"500\" \/>\n\t<meta property=\"og:image:type\" content=\"image\/jpeg\" \/>\n<meta name=\"twitter:card\" content=\"summary_large_image\" \/>\n<meta name=\"twitter:label1\" content=\"Gesch\u00e4tzte Lesezeit\" \/>\n\t<meta name=\"twitter:data1\" content=\"1\u00a0Minute\" \/>\n<script type=\"application\/ld+json\" class=\"yoast-schema-graph\">{\"@context\":\"https:\\\/\\\/schema.org\",\"@graph\":[{\"@type\":\"WebPage\",\"@id\":\"https:\\\/\\\/marktxxl.de\\\/markt\\\/produkt\\\/raspberry-pi-4-8gb-raspberry-pi-starter-kit-8gb-ram-128gb-sd-5v-3a-usb-c-ein-aus-schaltnetzteil-unterstuetzt-dual-display-4k-1000mbps-bluetooth-5-0\\\/\",\"url\":\"https:\\\/\\\/marktxxl.de\\\/markt\\\/produkt\\\/raspberry-pi-4-8gb-raspberry-pi-starter-kit-8gb-ram-128gb-sd-5v-3a-usb-c-ein-aus-schaltnetzteil-unterstuetzt-dual-display-4k-1000mbps-bluetooth-5-0\\\/\",\"name\":\"Raspberry Pi 4 8GB, Raspberry Pi Starter Kit (8GB RAM \\\/ 128GB SD), 5V 3A USB-C EIN\\\/Aus-Schaltnetzteil, Unterst\u00fctzt Dual\u2026 - Markt-XXL\",\"isPartOf\":{\"@id\":\"https:\\\/\\\/marktxxl.de\\\/markt\\\/#website\"},\"primaryImageOfPage\":{\"@id\":\"https:\\\/\\\/marktxxl.de\\\/markt\\\/produkt\\\/raspberry-pi-4-8gb-raspberry-pi-starter-kit-8gb-ram-128gb-sd-5v-3a-usb-c-ein-aus-schaltnetzteil-unterstuetzt-dual-display-4k-1000mbps-bluetooth-5-0\\\/#primaryimage\"},\"image\":{\"@id\":\"https:\\\/\\\/marktxxl.de\\\/markt\\\/produkt\\\/raspberry-pi-4-8gb-raspberry-pi-starter-kit-8gb-ram-128gb-sd-5v-3a-usb-c-ein-aus-schaltnetzteil-unterstuetzt-dual-display-4k-1000mbps-bluetooth-5-0\\\/#primaryimage\"},\"thumbnailUrl\":\"https:\\\/\\\/m.media-amazon.com\\\/images\\\/I\\\/51Hr1WCkQYL._SL500_.jpg\",\"datePublished\":\"2022-02-26T15:07:02+00:00\",\"dateModified\":\"2023-04-10T01:32:45+00:00\",\"description\":\"Markt-XXL Raspberry Pi 4 8GB, Raspberry Pi Starter Kit (8GB RAM \\\/ 128GB SD), 5V 3A USB-C EIN\\\/Aus-Schaltnetzteil, Unterst\u00fctzt Dual\u2026\",\"breadcrumb\":{\"@id\":\"https:\\\/\\\/marktxxl.de\\\/markt\\\/produkt\\\/raspberry-pi-4-8gb-raspberry-pi-starter-kit-8gb-ram-128gb-sd-5v-3a-usb-c-ein-aus-schaltnetzteil-unterstuetzt-dual-display-4k-1000mbps-bluetooth-5-0\\\/#breadcrumb\"},\"inLanguage\":\"de\",\"potentialAction\":[{\"@type\":\"ReadAction\",\"target\":[\"https:\\\/\\\/marktxxl.de\\\/markt\\\/produkt\\\/raspberry-pi-4-8gb-raspberry-pi-starter-kit-8gb-ram-128gb-sd-5v-3a-usb-c-ein-aus-schaltnetzteil-unterstuetzt-dual-display-4k-1000mbps-bluetooth-5-0\\\/\"]}]},{\"@type\":\"ImageObject\",\"inLanguage\":\"de\",\"@id\":\"https:\\\/\\\/marktxxl.de\\\/markt\\\/produkt\\\/raspberry-pi-4-8gb-raspberry-pi-starter-kit-8gb-ram-128gb-sd-5v-3a-usb-c-ein-aus-schaltnetzteil-unterstuetzt-dual-display-4k-1000mbps-bluetooth-5-0\\\/#primaryimage\",\"url\":\"https:\\\/\\\/m.media-amazon.com\\\/images\\\/I\\\/51Hr1WCkQYL._SL500_.jpg\",\"contentUrl\":\"https:\\\/\\\/m.media-amazon.com\\\/images\\\/I\\\/51Hr1WCkQYL._SL500_.jpg\",\"width\":500,\"height\":500},{\"@type\":\"BreadcrumbList\",\"@id\":\"https:\\\/\\\/marktxxl.de\\\/markt\\\/produkt\\\/raspberry-pi-4-8gb-raspberry-pi-starter-kit-8gb-ram-128gb-sd-5v-3a-usb-c-ein-aus-schaltnetzteil-unterstuetzt-dual-display-4k-1000mbps-bluetooth-5-0\\\/#breadcrumb\",\"itemListElement\":[{\"@type\":\"ListItem\",\"position\":1,\"name\":\"Startseite\",\"item\":\"https:\\\/\\\/marktxxl.de\\\/markt\\\/\"},{\"@type\":\"ListItem\",\"position\":2,\"name\":\"Markt\",\"item\":\"https:\\\/\\\/marktxxl.de\\\/markt\\\/\"},{\"@type\":\"ListItem\",\"position\":3,\"name\":\"Raspberry Pi 4 8GB, Raspberry Pi Starter Kit (8GB RAM \\\/ 128GB SD), 5V 3A USB-C EIN\\\/Aus-Schaltnetzteil, Unterst\u00fctzt Dual\u2026\"}]},{\"@type\":\"WebSite\",\"@id\":\"https:\\\/\\\/marktxxl.de\\\/markt\\\/#website\",\"url\":\"https:\\\/\\\/marktxxl.de\\\/markt\\\/\",\"name\":\"Markt-XXL\",\"description\":\"Ihr Markt Online\",\"publisher\":{\"@id\":\"https:\\\/\\\/marktxxl.de\\\/markt\\\/#organization\"},\"potentialAction\":[{\"@type\":\"SearchAction\",\"target\":{\"@type\":\"EntryPoint\",\"urlTemplate\":\"https:\\\/\\\/marktxxl.de\\\/markt\\\/?s={search_term_string}\"},\"query-input\":{\"@type\":\"PropertyValueSpecification\",\"valueRequired\":true,\"valueName\":\"search_term_string\"}}],\"inLanguage\":\"de\"},{\"@type\":\"Organization\",\"@id\":\"https:\\\/\\\/marktxxl.de\\\/markt\\\/#organization\",\"name\":\"Markt-XXL\",\"url\":\"https:\\\/\\\/marktxxl.de\\\/markt\\\/\",\"logo\":{\"@type\":\"ImageObject\",\"inLanguage\":\"de\",\"@id\":\"https:\\\/\\\/marktxxl.de\\\/markt\\\/#\\\/schema\\\/logo\\\/image\\\/\",\"url\":\"https:\\\/\\\/marktxxl.de\\\/markt\\\/wp-content\\\/uploads\\\/sites\\\/3\\\/2020\\\/12\\\/logo.png\",\"contentUrl\":\"https:\\\/\\\/marktxxl.de\\\/markt\\\/wp-content\\\/uploads\\\/sites\\\/3\\\/2020\\\/12\\\/logo.png\",\"width\":200,\"height\":70,\"caption\":\"Markt-XXL\"},\"image\":{\"@id\":\"https:\\\/\\\/marktxxl.de\\\/markt\\\/#\\\/schema\\\/logo\\\/image\\\/\"}}]}<\/script>\n<!-- \/ Yoast SEO plugin. -->","yoast_head_json":{"title":"Raspberry Pi 4 8GB, Raspberry Pi Starter Kit (8GB RAM \/ 128GB SD), 5V 3A USB-C EIN\/Aus-Schaltnetzteil, Unterst\u00fctzt Dual\u2026 - Markt-XXL","description":"Markt-XXL Raspberry Pi 4 8GB, Raspberry Pi Starter Kit (8GB RAM \/ 128GB SD), 5V 3A USB-C EIN\/Aus-Schaltnetzteil, Unterst\u00fctzt Dual\u2026","robots":{"index":"index","follow":"follow","max-snippet":"max-snippet:-1","max-image-preview":"max-image-preview:large","max-video-preview":"max-video-preview:-1"},"canonical":"https:\/\/marktxxl.de\/markt\/produkt\/raspberry-pi-4-8gb-raspberry-pi-starter-kit-8gb-ram-128gb-sd-5v-3a-usb-c-ein-aus-schaltnetzteil-unterstuetzt-dual-display-4k-1000mbps-bluetooth-5-0\/","og_locale":"de_DE","og_type":"article","og_title":"Raspberry Pi 4 8GB, Raspberry Pi Starter Kit (8GB RAM \/ 128GB SD), 5V 3A USB-C EIN\/Aus-Schaltnetzteil, Unterst\u00fctzt Dual\u2026 - Markt-XXL","og_description":"Markt-XXL Raspberry Pi 4 8GB, Raspberry Pi Starter Kit (8GB RAM \/ 128GB SD), 5V 3A USB-C EIN\/Aus-Schaltnetzteil, Unterst\u00fctzt Dual\u2026","og_url":"https:\/\/marktxxl.de\/markt\/produkt\/raspberry-pi-4-8gb-raspberry-pi-starter-kit-8gb-ram-128gb-sd-5v-3a-usb-c-ein-aus-schaltnetzteil-unterstuetzt-dual-display-4k-1000mbps-bluetooth-5-0\/","og_site_name":"Markt-XXL","article_modified_time":"2023-04-10T01:32:45+00:00","og_image":[{"width":500,"height":500,"url":"https:\/\/m.media-amazon.com\/images\/I\/51Hr1WCkQYL._SL500_.jpg","type":"image\/jpeg"}],"twitter_card":"summary_large_image","twitter_misc":{"Gesch\u00e4tzte Lesezeit":"1\u00a0Minute"},"schema":{"@context":"https:\/\/schema.org","@graph":[{"@type":"WebPage","@id":"https:\/\/marktxxl.de\/markt\/produkt\/raspberry-pi-4-8gb-raspberry-pi-starter-kit-8gb-ram-128gb-sd-5v-3a-usb-c-ein-aus-schaltnetzteil-unterstuetzt-dual-display-4k-1000mbps-bluetooth-5-0\/","url":"https:\/\/marktxxl.de\/markt\/produkt\/raspberry-pi-4-8gb-raspberry-pi-starter-kit-8gb-ram-128gb-sd-5v-3a-usb-c-ein-aus-schaltnetzteil-unterstuetzt-dual-display-4k-1000mbps-bluetooth-5-0\/","name":"Raspberry Pi 4 8GB, Raspberry Pi Starter Kit (8GB RAM \/ 128GB SD), 5V 3A USB-C EIN\/Aus-Schaltnetzteil, Unterst\u00fctzt Dual\u2026 - Markt-XXL","isPartOf":{"@id":"https:\/\/marktxxl.de\/markt\/#website"},"primaryImageOfPage":{"@id":"https:\/\/marktxxl.de\/markt\/produkt\/raspberry-pi-4-8gb-raspberry-pi-starter-kit-8gb-ram-128gb-sd-5v-3a-usb-c-ein-aus-schaltnetzteil-unterstuetzt-dual-display-4k-1000mbps-bluetooth-5-0\/#primaryimage"},"image":{"@id":"https:\/\/marktxxl.de\/markt\/produkt\/raspberry-pi-4-8gb-raspberry-pi-starter-kit-8gb-ram-128gb-sd-5v-3a-usb-c-ein-aus-schaltnetzteil-unterstuetzt-dual-display-4k-1000mbps-bluetooth-5-0\/#primaryimage"},"thumbnailUrl":"https:\/\/m.media-amazon.com\/images\/I\/51Hr1WCkQYL._SL500_.jpg","datePublished":"2022-02-26T15:07:02+00:00","dateModified":"2023-04-10T01:32:45+00:00","description":"Markt-XXL Raspberry Pi 4 8GB, Raspberry Pi Starter Kit (8GB RAM \/ 128GB SD), 5V 3A USB-C EIN\/Aus-Schaltnetzteil, Unterst\u00fctzt Dual\u2026","breadcrumb":{"@id":"https:\/\/marktxxl.de\/markt\/produkt\/raspberry-pi-4-8gb-raspberry-pi-starter-kit-8gb-ram-128gb-sd-5v-3a-usb-c-ein-aus-schaltnetzteil-unterstuetzt-dual-display-4k-1000mbps-bluetooth-5-0\/#breadcrumb"},"inLanguage":"de","potentialAction":[{"@type":"ReadAction","target":["https:\/\/marktxxl.de\/markt\/produkt\/raspberry-pi-4-8gb-raspberry-pi-starter-kit-8gb-ram-128gb-sd-5v-3a-usb-c-ein-aus-schaltnetzteil-unterstuetzt-dual-display-4k-1000mbps-bluetooth-5-0\/"]}]},{"@type":"ImageObject","inLanguage":"de","@id":"https:\/\/marktxxl.de\/markt\/produkt\/raspberry-pi-4-8gb-raspberry-pi-starter-kit-8gb-ram-128gb-sd-5v-3a-usb-c-ein-aus-schaltnetzteil-unterstuetzt-dual-display-4k-1000mbps-bluetooth-5-0\/#primaryimage","url":"https:\/\/m.media-amazon.com\/images\/I\/51Hr1WCkQYL._SL500_.jpg","contentUrl":"https:\/\/m.media-amazon.com\/images\/I\/51Hr1WCkQYL._SL500_.jpg","width":500,"height":500},{"@type":"BreadcrumbList","@id":"https:\/\/marktxxl.de\/markt\/produkt\/raspberry-pi-4-8gb-raspberry-pi-starter-kit-8gb-ram-128gb-sd-5v-3a-usb-c-ein-aus-schaltnetzteil-unterstuetzt-dual-display-4k-1000mbps-bluetooth-5-0\/#breadcrumb","itemListElement":[{"@type":"ListItem","position":1,"name":"Startseite","item":"https:\/\/marktxxl.de\/markt\/"},{"@type":"ListItem","position":2,"name":"Markt","item":"https:\/\/marktxxl.de\/markt\/"},{"@type":"ListItem","position":3,"name":"Raspberry Pi 4 8GB, Raspberry Pi Starter Kit (8GB RAM \/ 128GB SD), 5V 3A USB-C EIN\/Aus-Schaltnetzteil, Unterst\u00fctzt Dual\u2026"}]},{"@type":"WebSite","@id":"https:\/\/marktxxl.de\/markt\/#website","url":"https:\/\/marktxxl.de\/markt\/","name":"Markt-XXL","description":"Ihr Markt Online","publisher":{"@id":"https:\/\/marktxxl.de\/markt\/#organization"},"potentialAction":[{"@type":"SearchAction","target":{"@type":"EntryPoint","urlTemplate":"https:\/\/marktxxl.de\/markt\/?s={search_term_string}"},"query-input":{"@type":"PropertyValueSpecification","valueRequired":true,"valueName":"search_term_string"}}],"inLanguage":"de"},{"@type":"Organization","@id":"https:\/\/marktxxl.de\/markt\/#organization","name":"Markt-XXL","url":"https:\/\/marktxxl.de\/markt\/","logo":{"@type":"ImageObject","inLanguage":"de","@id":"https:\/\/marktxxl.de\/markt\/#\/schema\/logo\/image\/","url":"https:\/\/marktxxl.de\/markt\/wp-content\/uploads\/sites\/3\/2020\/12\/logo.png","contentUrl":"https:\/\/marktxxl.de\/markt\/wp-content\/uploads\/sites\/3\/2020\/12\/logo.png","width":200,"height":70,"caption":"Markt-XXL"},"image":{"@id":"https:\/\/marktxxl.de\/markt\/#\/schema\/logo\/image\/"}}]}},"_links":{"self":[{"href":"https:\/\/marktxxl.de\/markt\/wp-json\/wp\/v2\/product\/107057","targetHints":{"allow":["GET"]}}],"collection":[{"href":"https:\/\/marktxxl.de\/markt\/wp-json\/wp\/v2\/product"}],"about":[{"href":"https:\/\/marktxxl.de\/markt\/wp-json\/wp\/v2\/types\/product"}],"replies":[{"embeddable":true,"href":"https:\/\/marktxxl.de\/markt\/wp-json\/wp\/v2\/comments?post=107057"}],"wp:featuredmedia":[{"embeddable":true,"href":"https:\/\/marktxxl.de\/markt\/wp-json\/wp\/v2\/media\/107058"}],"wp:attachment":[{"href":"https:\/\/marktxxl.de\/markt\/wp-json\/wp\/v2\/media?parent=107057"}],"wp:term":[{"taxonomy":"product_brand","embeddable":true,"href":"https:\/\/marktxxl.de\/markt\/wp-json\/wp\/v2\/product_brand?post=107057"},{"taxonomy":"product_cat","embeddable":true,"href":"https:\/\/marktxxl.de\/markt\/wp-json\/wp\/v2\/product_cat?post=107057"},{"taxonomy":"product_tag","embeddable":true,"href":"https:\/\/marktxxl.de\/markt\/wp-json\/wp\/v2\/product_tag?post=107057"}],"curies":[{"name":"wp","href":"https:\/\/api.w.org\/{rel}","templated":true}]}}