{"id":107016,"date":"2022-02-26T16:06:30","date_gmt":"2022-02-26T15:06:30","guid":{"rendered":"https:\/\/marktxxl.de\/markt\/produkt\/lan-verteiler-1-auf-2-rj45-ethernet-splitter-1-zu-2-kabel-adapter-fuer-ethernet-cat5-cat5e-cat6-cat7-lan-ethernet-buchse-stecker-adapter-lan-splitter\/"},"modified":"2023-04-10T03:32:44","modified_gmt":"2023-04-10T01:32:44","slug":"lan-verteiler-1-auf-2-rj45-ethernet-splitter-1-zu-2-kabel-adapter-fuer-ethernet-cat5-cat5e-cat6-cat7-lan-ethernet-buchse-stecker-adapter-lan-splitter","status":"publish","type":"product","link":"https:\/\/marktxxl.de\/markt\/produkt\/lan-verteiler-1-auf-2-rj45-ethernet-splitter-1-zu-2-kabel-adapter-fuer-ethernet-cat5-cat5e-cat6-cat7-lan-ethernet-buchse-stecker-adapter-lan-splitter\/","title":{"rendered":"LAN Splitter 1 auf 3.RJ45 Ethernet Splitter 1 to 3 Cable Adapter for Ethernet Cat5, Cat5e, Cat6, Cat7 LAN Ethernet\u2026"},"content":{"rendered":"<p>\ud83d\udc4d\u3010Lan splitter 1 auf 2\u3011Unterst\u00fctzt nicht 2 Computer, die gleichzeitig mit dem Internet verbunden sind. (Hinweis: Dieses Produkt ist kein Switch, so dass zwei Computer nicht gleichzeitig mit dem Internet verbunden werden k\u00f6nnen, es wird nur ein Ausgangsanschluss unterst\u00fctzt).<br \/>\n\ud83d\udc4d\u3010Kompatibilit\u00e4t\u3011Dieser 1 zu 2 RJ45 Ethernet-Splitter hilft Ihnen, Kabel hin und her zu ziehen und Kabelbr\u00fcche zu vermeiden.Es kann mit ADSL, Hubs, Switch, TV, Set-Top-Box, Router, Wireless-Ger\u00e4t, Computer kompatibel sein, Geeignet f\u00fcr Cat5, Cat5e, Cat6, Cat7.<br \/>\n\ud83d\udc4d\u3010Exzellente Verbindungs- und \u00dcbertragungsleistung\u3011Ethernet-Kabel splitter verwenden goldbeschichteten Nadelkern, Metallschild, feste RJ45-Schnittstelle, Abschirmung der Au\u00dfenwelt EML, RFI wie elektromagnetische St\u00f6rungen, \u00dcbertragungssignal ist stabiler, um sicherzustellen, dass die Signal\u00fcbertragung.<br \/>\n\ud83d\udc4d\u3010Das beste Design\u3011Verwenden Sie diesen RJ45-Splitter, wenn Sie regelm\u00e4\u00dfig einen Laptop in 2 verschiedenen zwei R\u00e4umen verwenden, es hilft Ihnen, Ihr Netzwerkkabel nicht zwischen den beiden R\u00e4umen hin und her zu ziehen, und Sie m\u00fcssen sich keine Sorgen machen, dass Sie kein Internet in Ihrem Zimmer haben.<br \/>\n\u3010NOTE\u3011Wenn Sie mit zwei Ger\u00e4ten verbunden sind, k\u00f6nnen Sie die Netzwerkverbindungen flexibel umschalten, indem Sie auf die Programme &#8220;Netzwerk trennen&#8221; und &#8220;Mit Netzwerk verbinden&#8221; in beiden Ger\u00e4ten klicken.Sie m\u00fcssen die automatische Netzwerkfunktion des Ger\u00e4ts in den Einstellungen ausschalten oder das Ger\u00e4t, das nicht verbunden ist, ausstecken. Andernfalls kann keines der beiden Ger\u00e4te eine Verbindung mit dem Netzwerk herstellen, da die beiden Ger\u00e4te sich gegenseitig das Netzwerk vorenthalten.<br \/>\n<div class=\"main-cross-sell\" data-asin=\"B09SHRVX91\">\n\n\t<div class=\"WooZone-cross-sell-loader\">\n\t\t<div>\n\t\t\t<div id=\"floatingBarsG\">\n\t\t\t\t<div class=\"blockG\" id=\"rotateG_01\"><\/div>\n\t\t\t\t<div class=\"blockG\" id=\"rotateG_02\"><\/div>\n\t\t\t\t<div class=\"blockG\" id=\"rotateG_03\"><\/div>\n\t\t\t\t<div class=\"blockG\" id=\"rotateG_04\"><\/div>\n\t\t\t\t<div class=\"blockG\" id=\"rotateG_05\"><\/div>\n\t\t\t\t<div class=\"blockG\" id=\"rotateG_06\"><\/div>\n\t\t\t\t<div class=\"blockG\" id=\"rotateG_07\"><\/div>\n\t\t\t\t<div class=\"blockG\" id=\"rotateG_08\"><\/div>\n\t\t\t<\/div>\n\t\t\t<div class=\"WooZone-cross-sell-loader-text\"><\/div>\n\t\t<\/div>\n\t<\/div>\n\n\t\t\n<\/div>\n<div style=\"clear:both;\"><\/div><\/p>\n","protected":false},"excerpt":{"rendered":"<p>\ud83d\udc4d\u3010Lan splitter 1 auf 2\u3011Unterst\u00fctzt nicht 2 Computer, die gleichzeitig mit dem Internet verbunden sind. (Hinweis: Dieses Produkt ist kein Switch, so dass zwei Computer nicht gleichzeitig mit dem Internet verbunden werden k\u00f6nnen, es wird nur ein Ausgangsanschluss unterst\u00fctzt).<br \/>\n\ud83d\udc4d\u3010Kompatibilit\u00e4t\u3011Dieser 1 zu 2 RJ45 Ethernet-Splitter hilft Ihnen, Kabel hin und her zu ziehen und Kabelbr\u00fcche zu vermeiden.Es kann mit ADSL, Hubs, Switch, TV, Set-Top-Box, Router, Wireless-Ger\u00e4t, Computer kompatibel sein, Geeignet f\u00fcr Cat5, Cat5e, Cat6, Cat7.<br \/>\n\ud83d\udc4d\u3010Exzellente Verbindungs- und \u00dcbertragungsleistung\u3011Ethernet-Kabel splitter verwenden goldbeschichteten Nadelkern, Metallschild, feste RJ45-Schnittstelle, Abschirmung der Au\u00dfenwelt EML, RFI wie elektromagnetische St\u00f6rungen, \u00dcbertragungssignal ist stabiler, um sicherzustellen, dass die Signal\u00fcbertragung.<\/p>\n","protected":false},"featured_media":107017,"comment_status":"open","ping_status":"closed","template":"","meta":[],"product_brand":[],"product_cat":[863],"product_tag":[],"class_list":{"0":"post-107016","1":"product","2":"type-product","3":"status-publish","4":"has-post-thumbnail","6":"product_cat-computer-zubehoer","7":"pa_brand-gezezuee","8":"pa_color-black","9":"pa_manufacturer-gezezuee","10":"pa_warranty-lifetime-warranty-against-manufacturers-defects","12":"first","13":"instock","14":"shipping-taxable","15":"purchasable","16":"product-type-simple","17":"customify-col","18":"product-has-gallery"},"yoast_head":"<!-- This site is optimized with the Yoast SEO plugin v27.4 - https:\/\/yoast.com\/product\/yoast-seo-wordpress\/ -->\n<title>LAN Splitter 1 auf 3.RJ45 Ethernet Splitter 1 to 3 Cable Adapter for Ethernet Cat5, Cat5e, Cat6, Cat7 LAN Ethernet\u2026 - Markt-XXL<\/title>\n<meta name=\"description\" content=\"Markt-XXL LAN Splitter 1 auf 3.RJ45 Ethernet Splitter 1 to 3 Cable Adapter for Ethernet Cat5, Cat5e, Cat6, Cat7 LAN Ethernet\u2026\" \/>\n<meta name=\"robots\" content=\"index, follow, max-snippet:-1, max-image-preview:large, max-video-preview:-1\" \/>\n<link rel=\"canonical\" href=\"https:\/\/marktxxl.de\/markt\/produkt\/lan-verteiler-1-auf-2-rj45-ethernet-splitter-1-zu-2-kabel-adapter-fuer-ethernet-cat5-cat5e-cat6-cat7-lan-ethernet-buchse-stecker-adapter-lan-splitter\/\" \/>\n<meta property=\"og:locale\" content=\"de_DE\" \/>\n<meta property=\"og:type\" content=\"article\" \/>\n<meta property=\"og:title\" content=\"LAN Splitter 1 auf 3.RJ45 Ethernet Splitter 1 to 3 Cable Adapter for Ethernet Cat5, Cat5e, Cat6, Cat7 LAN Ethernet\u2026 - Markt-XXL\" \/>\n<meta property=\"og:description\" content=\"Markt-XXL LAN Splitter 1 auf 3.RJ45 Ethernet Splitter 1 to 3 Cable Adapter for Ethernet Cat5, Cat5e, Cat6, Cat7 LAN Ethernet\u2026\" \/>\n<meta property=\"og:url\" content=\"https:\/\/marktxxl.de\/markt\/produkt\/lan-verteiler-1-auf-2-rj45-ethernet-splitter-1-zu-2-kabel-adapter-fuer-ethernet-cat5-cat5e-cat6-cat7-lan-ethernet-buchse-stecker-adapter-lan-splitter\/\" \/>\n<meta property=\"og:site_name\" content=\"Markt-XXL\" \/>\n<meta property=\"article:modified_time\" content=\"2023-04-10T01:32:44+00:00\" \/>\n<meta property=\"og:image\" content=\"https:\/\/m.media-amazon.com\/images\/I\/41Zmg-wDlVS._SL500_.jpg\" \/>\n\t<meta property=\"og:image:width\" content=\"500\" \/>\n\t<meta property=\"og:image:height\" content=\"500\" \/>\n\t<meta property=\"og:image:type\" content=\"image\/jpeg\" \/>\n<meta name=\"twitter:card\" content=\"summary_large_image\" \/>\n<meta name=\"twitter:label1\" content=\"Gesch\u00e4tzte Lesezeit\" \/>\n\t<meta name=\"twitter:data1\" content=\"1\u00a0Minute\" \/>\n<script type=\"application\/ld+json\" class=\"yoast-schema-graph\">{\"@context\":\"https:\\\/\\\/schema.org\",\"@graph\":[{\"@type\":\"WebPage\",\"@id\":\"https:\\\/\\\/marktxxl.de\\\/markt\\\/produkt\\\/lan-verteiler-1-auf-2-rj45-ethernet-splitter-1-zu-2-kabel-adapter-fuer-ethernet-cat5-cat5e-cat6-cat7-lan-ethernet-buchse-stecker-adapter-lan-splitter\\\/\",\"url\":\"https:\\\/\\\/marktxxl.de\\\/markt\\\/produkt\\\/lan-verteiler-1-auf-2-rj45-ethernet-splitter-1-zu-2-kabel-adapter-fuer-ethernet-cat5-cat5e-cat6-cat7-lan-ethernet-buchse-stecker-adapter-lan-splitter\\\/\",\"name\":\"LAN Splitter 1 auf 3.RJ45 Ethernet Splitter 1 to 3 Cable Adapter for Ethernet Cat5, Cat5e, Cat6, Cat7 LAN Ethernet\u2026 - Markt-XXL\",\"isPartOf\":{\"@id\":\"https:\\\/\\\/marktxxl.de\\\/markt\\\/#website\"},\"primaryImageOfPage\":{\"@id\":\"https:\\\/\\\/marktxxl.de\\\/markt\\\/produkt\\\/lan-verteiler-1-auf-2-rj45-ethernet-splitter-1-zu-2-kabel-adapter-fuer-ethernet-cat5-cat5e-cat6-cat7-lan-ethernet-buchse-stecker-adapter-lan-splitter\\\/#primaryimage\"},\"image\":{\"@id\":\"https:\\\/\\\/marktxxl.de\\\/markt\\\/produkt\\\/lan-verteiler-1-auf-2-rj45-ethernet-splitter-1-zu-2-kabel-adapter-fuer-ethernet-cat5-cat5e-cat6-cat7-lan-ethernet-buchse-stecker-adapter-lan-splitter\\\/#primaryimage\"},\"thumbnailUrl\":\"https:\\\/\\\/m.media-amazon.com\\\/images\\\/I\\\/41Zmg-wDlVS._SL500_.jpg\",\"datePublished\":\"2022-02-26T15:06:30+00:00\",\"dateModified\":\"2023-04-10T01:32:44+00:00\",\"description\":\"Markt-XXL LAN Splitter 1 auf 3.RJ45 Ethernet Splitter 1 to 3 Cable Adapter for Ethernet Cat5, Cat5e, Cat6, Cat7 LAN Ethernet\u2026\",\"breadcrumb\":{\"@id\":\"https:\\\/\\\/marktxxl.de\\\/markt\\\/produkt\\\/lan-verteiler-1-auf-2-rj45-ethernet-splitter-1-zu-2-kabel-adapter-fuer-ethernet-cat5-cat5e-cat6-cat7-lan-ethernet-buchse-stecker-adapter-lan-splitter\\\/#breadcrumb\"},\"inLanguage\":\"de\",\"potentialAction\":[{\"@type\":\"ReadAction\",\"target\":[\"https:\\\/\\\/marktxxl.de\\\/markt\\\/produkt\\\/lan-verteiler-1-auf-2-rj45-ethernet-splitter-1-zu-2-kabel-adapter-fuer-ethernet-cat5-cat5e-cat6-cat7-lan-ethernet-buchse-stecker-adapter-lan-splitter\\\/\"]}]},{\"@type\":\"ImageObject\",\"inLanguage\":\"de\",\"@id\":\"https:\\\/\\\/marktxxl.de\\\/markt\\\/produkt\\\/lan-verteiler-1-auf-2-rj45-ethernet-splitter-1-zu-2-kabel-adapter-fuer-ethernet-cat5-cat5e-cat6-cat7-lan-ethernet-buchse-stecker-adapter-lan-splitter\\\/#primaryimage\",\"url\":\"https:\\\/\\\/m.media-amazon.com\\\/images\\\/I\\\/41Zmg-wDlVS._SL500_.jpg\",\"contentUrl\":\"https:\\\/\\\/m.media-amazon.com\\\/images\\\/I\\\/41Zmg-wDlVS._SL500_.jpg\",\"width\":500,\"height\":500},{\"@type\":\"BreadcrumbList\",\"@id\":\"https:\\\/\\\/marktxxl.de\\\/markt\\\/produkt\\\/lan-verteiler-1-auf-2-rj45-ethernet-splitter-1-zu-2-kabel-adapter-fuer-ethernet-cat5-cat5e-cat6-cat7-lan-ethernet-buchse-stecker-adapter-lan-splitter\\\/#breadcrumb\",\"itemListElement\":[{\"@type\":\"ListItem\",\"position\":1,\"name\":\"Startseite\",\"item\":\"https:\\\/\\\/marktxxl.de\\\/markt\\\/\"},{\"@type\":\"ListItem\",\"position\":2,\"name\":\"Markt\",\"item\":\"https:\\\/\\\/marktxxl.de\\\/markt\\\/\"},{\"@type\":\"ListItem\",\"position\":3,\"name\":\"LAN Splitter 1 auf 3.RJ45 Ethernet Splitter 1 to 3 Cable Adapter for Ethernet Cat5, Cat5e, Cat6, Cat7 LAN Ethernet\u2026\"}]},{\"@type\":\"WebSite\",\"@id\":\"https:\\\/\\\/marktxxl.de\\\/markt\\\/#website\",\"url\":\"https:\\\/\\\/marktxxl.de\\\/markt\\\/\",\"name\":\"Markt-XXL\",\"description\":\"Ihr Markt Online\",\"publisher\":{\"@id\":\"https:\\\/\\\/marktxxl.de\\\/markt\\\/#organization\"},\"potentialAction\":[{\"@type\":\"SearchAction\",\"target\":{\"@type\":\"EntryPoint\",\"urlTemplate\":\"https:\\\/\\\/marktxxl.de\\\/markt\\\/?s={search_term_string}\"},\"query-input\":{\"@type\":\"PropertyValueSpecification\",\"valueRequired\":true,\"valueName\":\"search_term_string\"}}],\"inLanguage\":\"de\"},{\"@type\":\"Organization\",\"@id\":\"https:\\\/\\\/marktxxl.de\\\/markt\\\/#organization\",\"name\":\"Markt-XXL\",\"url\":\"https:\\\/\\\/marktxxl.de\\\/markt\\\/\",\"logo\":{\"@type\":\"ImageObject\",\"inLanguage\":\"de\",\"@id\":\"https:\\\/\\\/marktxxl.de\\\/markt\\\/#\\\/schema\\\/logo\\\/image\\\/\",\"url\":\"https:\\\/\\\/marktxxl.de\\\/markt\\\/wp-content\\\/uploads\\\/sites\\\/3\\\/2020\\\/12\\\/logo.png\",\"contentUrl\":\"https:\\\/\\\/marktxxl.de\\\/markt\\\/wp-content\\\/uploads\\\/sites\\\/3\\\/2020\\\/12\\\/logo.png\",\"width\":200,\"height\":70,\"caption\":\"Markt-XXL\"},\"image\":{\"@id\":\"https:\\\/\\\/marktxxl.de\\\/markt\\\/#\\\/schema\\\/logo\\\/image\\\/\"}}]}<\/script>\n<!-- \/ Yoast SEO plugin. -->","yoast_head_json":{"title":"LAN Splitter 1 auf 3.RJ45 Ethernet Splitter 1 to 3 Cable Adapter for Ethernet Cat5, Cat5e, Cat6, Cat7 LAN Ethernet\u2026 - Markt-XXL","description":"Markt-XXL LAN Splitter 1 auf 3.RJ45 Ethernet Splitter 1 to 3 Cable Adapter for Ethernet Cat5, Cat5e, Cat6, Cat7 LAN Ethernet\u2026","robots":{"index":"index","follow":"follow","max-snippet":"max-snippet:-1","max-image-preview":"max-image-preview:large","max-video-preview":"max-video-preview:-1"},"canonical":"https:\/\/marktxxl.de\/markt\/produkt\/lan-verteiler-1-auf-2-rj45-ethernet-splitter-1-zu-2-kabel-adapter-fuer-ethernet-cat5-cat5e-cat6-cat7-lan-ethernet-buchse-stecker-adapter-lan-splitter\/","og_locale":"de_DE","og_type":"article","og_title":"LAN Splitter 1 auf 3.RJ45 Ethernet Splitter 1 to 3 Cable Adapter for Ethernet Cat5, Cat5e, Cat6, Cat7 LAN Ethernet\u2026 - Markt-XXL","og_description":"Markt-XXL LAN Splitter 1 auf 3.RJ45 Ethernet Splitter 1 to 3 Cable Adapter for Ethernet Cat5, Cat5e, Cat6, Cat7 LAN Ethernet\u2026","og_url":"https:\/\/marktxxl.de\/markt\/produkt\/lan-verteiler-1-auf-2-rj45-ethernet-splitter-1-zu-2-kabel-adapter-fuer-ethernet-cat5-cat5e-cat6-cat7-lan-ethernet-buchse-stecker-adapter-lan-splitter\/","og_site_name":"Markt-XXL","article_modified_time":"2023-04-10T01:32:44+00:00","og_image":[{"width":500,"height":500,"url":"https:\/\/m.media-amazon.com\/images\/I\/41Zmg-wDlVS._SL500_.jpg","type":"image\/jpeg"}],"twitter_card":"summary_large_image","twitter_misc":{"Gesch\u00e4tzte Lesezeit":"1\u00a0Minute"},"schema":{"@context":"https:\/\/schema.org","@graph":[{"@type":"WebPage","@id":"https:\/\/marktxxl.de\/markt\/produkt\/lan-verteiler-1-auf-2-rj45-ethernet-splitter-1-zu-2-kabel-adapter-fuer-ethernet-cat5-cat5e-cat6-cat7-lan-ethernet-buchse-stecker-adapter-lan-splitter\/","url":"https:\/\/marktxxl.de\/markt\/produkt\/lan-verteiler-1-auf-2-rj45-ethernet-splitter-1-zu-2-kabel-adapter-fuer-ethernet-cat5-cat5e-cat6-cat7-lan-ethernet-buchse-stecker-adapter-lan-splitter\/","name":"LAN Splitter 1 auf 3.RJ45 Ethernet Splitter 1 to 3 Cable Adapter for Ethernet Cat5, Cat5e, Cat6, Cat7 LAN Ethernet\u2026 - Markt-XXL","isPartOf":{"@id":"https:\/\/marktxxl.de\/markt\/#website"},"primaryImageOfPage":{"@id":"https:\/\/marktxxl.de\/markt\/produkt\/lan-verteiler-1-auf-2-rj45-ethernet-splitter-1-zu-2-kabel-adapter-fuer-ethernet-cat5-cat5e-cat6-cat7-lan-ethernet-buchse-stecker-adapter-lan-splitter\/#primaryimage"},"image":{"@id":"https:\/\/marktxxl.de\/markt\/produkt\/lan-verteiler-1-auf-2-rj45-ethernet-splitter-1-zu-2-kabel-adapter-fuer-ethernet-cat5-cat5e-cat6-cat7-lan-ethernet-buchse-stecker-adapter-lan-splitter\/#primaryimage"},"thumbnailUrl":"https:\/\/m.media-amazon.com\/images\/I\/41Zmg-wDlVS._SL500_.jpg","datePublished":"2022-02-26T15:06:30+00:00","dateModified":"2023-04-10T01:32:44+00:00","description":"Markt-XXL LAN Splitter 1 auf 3.RJ45 Ethernet Splitter 1 to 3 Cable Adapter for Ethernet Cat5, Cat5e, Cat6, Cat7 LAN Ethernet\u2026","breadcrumb":{"@id":"https:\/\/marktxxl.de\/markt\/produkt\/lan-verteiler-1-auf-2-rj45-ethernet-splitter-1-zu-2-kabel-adapter-fuer-ethernet-cat5-cat5e-cat6-cat7-lan-ethernet-buchse-stecker-adapter-lan-splitter\/#breadcrumb"},"inLanguage":"de","potentialAction":[{"@type":"ReadAction","target":["https:\/\/marktxxl.de\/markt\/produkt\/lan-verteiler-1-auf-2-rj45-ethernet-splitter-1-zu-2-kabel-adapter-fuer-ethernet-cat5-cat5e-cat6-cat7-lan-ethernet-buchse-stecker-adapter-lan-splitter\/"]}]},{"@type":"ImageObject","inLanguage":"de","@id":"https:\/\/marktxxl.de\/markt\/produkt\/lan-verteiler-1-auf-2-rj45-ethernet-splitter-1-zu-2-kabel-adapter-fuer-ethernet-cat5-cat5e-cat6-cat7-lan-ethernet-buchse-stecker-adapter-lan-splitter\/#primaryimage","url":"https:\/\/m.media-amazon.com\/images\/I\/41Zmg-wDlVS._SL500_.jpg","contentUrl":"https:\/\/m.media-amazon.com\/images\/I\/41Zmg-wDlVS._SL500_.jpg","width":500,"height":500},{"@type":"BreadcrumbList","@id":"https:\/\/marktxxl.de\/markt\/produkt\/lan-verteiler-1-auf-2-rj45-ethernet-splitter-1-zu-2-kabel-adapter-fuer-ethernet-cat5-cat5e-cat6-cat7-lan-ethernet-buchse-stecker-adapter-lan-splitter\/#breadcrumb","itemListElement":[{"@type":"ListItem","position":1,"name":"Startseite","item":"https:\/\/marktxxl.de\/markt\/"},{"@type":"ListItem","position":2,"name":"Markt","item":"https:\/\/marktxxl.de\/markt\/"},{"@type":"ListItem","position":3,"name":"LAN Splitter 1 auf 3.RJ45 Ethernet Splitter 1 to 3 Cable Adapter for Ethernet Cat5, Cat5e, Cat6, Cat7 LAN Ethernet\u2026"}]},{"@type":"WebSite","@id":"https:\/\/marktxxl.de\/markt\/#website","url":"https:\/\/marktxxl.de\/markt\/","name":"Markt-XXL","description":"Ihr Markt Online","publisher":{"@id":"https:\/\/marktxxl.de\/markt\/#organization"},"potentialAction":[{"@type":"SearchAction","target":{"@type":"EntryPoint","urlTemplate":"https:\/\/marktxxl.de\/markt\/?s={search_term_string}"},"query-input":{"@type":"PropertyValueSpecification","valueRequired":true,"valueName":"search_term_string"}}],"inLanguage":"de"},{"@type":"Organization","@id":"https:\/\/marktxxl.de\/markt\/#organization","name":"Markt-XXL","url":"https:\/\/marktxxl.de\/markt\/","logo":{"@type":"ImageObject","inLanguage":"de","@id":"https:\/\/marktxxl.de\/markt\/#\/schema\/logo\/image\/","url":"https:\/\/marktxxl.de\/markt\/wp-content\/uploads\/sites\/3\/2020\/12\/logo.png","contentUrl":"https:\/\/marktxxl.de\/markt\/wp-content\/uploads\/sites\/3\/2020\/12\/logo.png","width":200,"height":70,"caption":"Markt-XXL"},"image":{"@id":"https:\/\/marktxxl.de\/markt\/#\/schema\/logo\/image\/"}}]}},"_links":{"self":[{"href":"https:\/\/marktxxl.de\/markt\/wp-json\/wp\/v2\/product\/107016","targetHints":{"allow":["GET"]}}],"collection":[{"href":"https:\/\/marktxxl.de\/markt\/wp-json\/wp\/v2\/product"}],"about":[{"href":"https:\/\/marktxxl.de\/markt\/wp-json\/wp\/v2\/types\/product"}],"replies":[{"embeddable":true,"href":"https:\/\/marktxxl.de\/markt\/wp-json\/wp\/v2\/comments?post=107016"}],"wp:featuredmedia":[{"embeddable":true,"href":"https:\/\/marktxxl.de\/markt\/wp-json\/wp\/v2\/media\/107017"}],"wp:attachment":[{"href":"https:\/\/marktxxl.de\/markt\/wp-json\/wp\/v2\/media?parent=107016"}],"wp:term":[{"taxonomy":"product_brand","embeddable":true,"href":"https:\/\/marktxxl.de\/markt\/wp-json\/wp\/v2\/product_brand?post=107016"},{"taxonomy":"product_cat","embeddable":true,"href":"https:\/\/marktxxl.de\/markt\/wp-json\/wp\/v2\/product_cat?post=107016"},{"taxonomy":"product_tag","embeddable":true,"href":"https:\/\/marktxxl.de\/markt\/wp-json\/wp\/v2\/product_tag?post=107016"}],"curies":[{"name":"wp","href":"https:\/\/api.w.org\/{rel}","templated":true}]}}