{"id":106962,"date":"2022-02-26T16:04:04","date_gmt":"2022-02-26T15:04:04","guid":{"rendered":"https:\/\/marktxxl.de\/markt\/produkt\/vius-kit-kombi-reiniger-objektiv-und-bildschirm\/"},"modified":"2023-04-08T03:01:36","modified_gmt":"2023-04-08T01:01:36","slug":"vius-kit-kombi-reiniger-objektiv-und-bildschirm","status":"publish","type":"product","link":"https:\/\/marktxxl.de\/markt\/produkt\/vius-kit-kombi-reiniger-objektiv-und-bildschirm\/","title":{"rendered":"vius Kit Kombi-Reiniger-Objektiv und Bildschirm Packung mit 4"},"content":{"rendered":"<p>Suchen Sie nicht weiter! diese erstaunliche Bildschirm und Linsenreiniger Spray Combo Kit kombiniert die Merkmale alle und Vorteile, die Sie suchen, m\u00fchelos und sicher Ihr ipad, iphone, macbook zu reinigen, und so vieles mehr!<br \/>\nEffizient in vielerlei Hinsicht: diese erstaunlichen Bildschirmreiniger kommen in einer praktischen Spr\u00fchflasche 8 Unzen f\u00fcr eine einfache Anwendung, die f\u00fcr mehr als 1000 Bildschirm reinigt ideal ist!<br \/>\nV\u00f6llig ein Must-Have: effektiv reinigt und sch\u00fctzt alle elektronischen Bildschirme und Displays<br \/>\nWesentliche Bildschirm Reinigungsl\u00f6sung: speziell entwickelten L\u00f6sung entwickelte f\u00fcr moderne Elektronik und Mikrofaser-Reinigungst\u00fccher, die nicht empfindliche Oberfl\u00e4chen zerkratzen<br \/>\nSicher und einfach zu verwenden, neue einzigartige Siebreiniger Formel engineered 100% biologisch abbaubar, antistatische, nicht-toxische, alkoholfreie, sulfatfreie, Ammoniak-frei und zu phosphatfrei,<br \/>\n<div class=\"main-cross-sell\" data-asin=\"B07N8SJ32Q\">\n\n\t<div class=\"WooZone-cross-sell-loader\">\n\t\t<div>\n\t\t\t<div id=\"floatingBarsG\">\n\t\t\t\t<div class=\"blockG\" id=\"rotateG_01\"><\/div>\n\t\t\t\t<div class=\"blockG\" id=\"rotateG_02\"><\/div>\n\t\t\t\t<div class=\"blockG\" id=\"rotateG_03\"><\/div>\n\t\t\t\t<div class=\"blockG\" id=\"rotateG_04\"><\/div>\n\t\t\t\t<div class=\"blockG\" id=\"rotateG_05\"><\/div>\n\t\t\t\t<div class=\"blockG\" id=\"rotateG_06\"><\/div>\n\t\t\t\t<div class=\"blockG\" id=\"rotateG_07\"><\/div>\n\t\t\t\t<div class=\"blockG\" id=\"rotateG_08\"><\/div>\n\t\t\t<\/div>\n\t\t\t<div class=\"WooZone-cross-sell-loader-text\"><\/div>\n\t\t<\/div>\n\t<\/div>\n\n\t\t\n<\/div>\n<div style=\"clear:both;\"><\/div><\/p>\n","protected":false},"excerpt":{"rendered":"<p>Suchen Sie nicht weiter! diese erstaunliche Bildschirm und Linsenreiniger Spray Combo Kit kombiniert die Merkmale alle und Vorteile, die Sie suchen, m\u00fchelos und sicher Ihr ipad, iphone, macbook zu reinigen, und so vieles mehr!<br \/>\nEffizient in vielerlei Hinsicht: diese erstaunlichen Bildschirmreiniger kommen in einer praktischen Spr\u00fchflasche 8 Unzen f\u00fcr eine einfache Anwendung, die f\u00fcr mehr als 1000 Bildschirm reinigt ideal ist!<br \/>\nV\u00f6llig ein Must-Have: effektiv reinigt und sch\u00fctzt alle elektronischen Bildschirme und Displays<\/p>\n","protected":false},"featured_media":106963,"comment_status":"open","ping_status":"closed","template":"","meta":[],"product_brand":[],"product_cat":[566,5775],"product_tag":[],"class_list":{"0":"post-106962","1":"product","2":"type-product","3":"status-publish","4":"has-post-thumbnail","6":"product_cat-drogerie-koerperpflege","7":"product_cat-kontaktlinsen-brillen","8":"pa_binding-elektronik","9":"pa_brand-vius","10":"pa_manufacturer-vius","12":"first","13":"instock","14":"shipping-taxable","15":"purchasable","16":"product-type-simple","17":"customify-col","18":"product-has-gallery"},"yoast_head":"<!-- This site is optimized with the Yoast SEO plugin v27.4 - https:\/\/yoast.com\/product\/yoast-seo-wordpress\/ -->\n<title>vius Kit Kombi-Reiniger-Objektiv und Bildschirm Packung mit 4 - Markt-XXL<\/title>\n<meta name=\"description\" content=\"Markt-XXL vius Kit Kombi-Reiniger-Objektiv und Bildschirm Packung mit 4\" \/>\n<meta name=\"robots\" content=\"index, follow, max-snippet:-1, max-image-preview:large, max-video-preview:-1\" \/>\n<link rel=\"canonical\" href=\"https:\/\/marktxxl.de\/markt\/produkt\/vius-kit-kombi-reiniger-objektiv-und-bildschirm\/\" \/>\n<meta property=\"og:locale\" content=\"de_DE\" \/>\n<meta property=\"og:type\" content=\"article\" \/>\n<meta property=\"og:title\" content=\"vius Kit Kombi-Reiniger-Objektiv und Bildschirm Packung mit 4 - Markt-XXL\" \/>\n<meta property=\"og:description\" content=\"Markt-XXL vius Kit Kombi-Reiniger-Objektiv und Bildschirm Packung mit 4\" \/>\n<meta property=\"og:url\" content=\"https:\/\/marktxxl.de\/markt\/produkt\/vius-kit-kombi-reiniger-objektiv-und-bildschirm\/\" \/>\n<meta property=\"og:site_name\" content=\"Markt-XXL\" \/>\n<meta property=\"article:modified_time\" content=\"2023-04-08T01:01:36+00:00\" \/>\n<meta property=\"og:image\" content=\"https:\/\/m.media-amazon.com\/images\/I\/51S1bvRiBcL._SL500_.jpg\" \/>\n\t<meta property=\"og:image:width\" content=\"500\" \/>\n\t<meta property=\"og:image:height\" content=\"500\" \/>\n\t<meta property=\"og:image:type\" content=\"image\/jpeg\" \/>\n<meta name=\"twitter:card\" content=\"summary_large_image\" \/>\n<meta name=\"twitter:label1\" content=\"Gesch\u00e4tzte Lesezeit\" \/>\n\t<meta name=\"twitter:data1\" content=\"1\u00a0Minute\" \/>\n<script type=\"application\/ld+json\" class=\"yoast-schema-graph\">{\"@context\":\"https:\\\/\\\/schema.org\",\"@graph\":[{\"@type\":\"WebPage\",\"@id\":\"https:\\\/\\\/marktxxl.de\\\/markt\\\/produkt\\\/vius-kit-kombi-reiniger-objektiv-und-bildschirm\\\/\",\"url\":\"https:\\\/\\\/marktxxl.de\\\/markt\\\/produkt\\\/vius-kit-kombi-reiniger-objektiv-und-bildschirm\\\/\",\"name\":\"vius Kit Kombi-Reiniger-Objektiv und Bildschirm Packung mit 4 - Markt-XXL\",\"isPartOf\":{\"@id\":\"https:\\\/\\\/marktxxl.de\\\/markt\\\/#website\"},\"primaryImageOfPage\":{\"@id\":\"https:\\\/\\\/marktxxl.de\\\/markt\\\/produkt\\\/vius-kit-kombi-reiniger-objektiv-und-bildschirm\\\/#primaryimage\"},\"image\":{\"@id\":\"https:\\\/\\\/marktxxl.de\\\/markt\\\/produkt\\\/vius-kit-kombi-reiniger-objektiv-und-bildschirm\\\/#primaryimage\"},\"thumbnailUrl\":\"https:\\\/\\\/m.media-amazon.com\\\/images\\\/I\\\/51S1bvRiBcL._SL500_.jpg\",\"datePublished\":\"2022-02-26T15:04:04+00:00\",\"dateModified\":\"2023-04-08T01:01:36+00:00\",\"description\":\"Markt-XXL vius Kit Kombi-Reiniger-Objektiv und Bildschirm Packung mit 4\",\"breadcrumb\":{\"@id\":\"https:\\\/\\\/marktxxl.de\\\/markt\\\/produkt\\\/vius-kit-kombi-reiniger-objektiv-und-bildschirm\\\/#breadcrumb\"},\"inLanguage\":\"de\",\"potentialAction\":[{\"@type\":\"ReadAction\",\"target\":[\"https:\\\/\\\/marktxxl.de\\\/markt\\\/produkt\\\/vius-kit-kombi-reiniger-objektiv-und-bildschirm\\\/\"]}]},{\"@type\":\"ImageObject\",\"inLanguage\":\"de\",\"@id\":\"https:\\\/\\\/marktxxl.de\\\/markt\\\/produkt\\\/vius-kit-kombi-reiniger-objektiv-und-bildschirm\\\/#primaryimage\",\"url\":\"https:\\\/\\\/m.media-amazon.com\\\/images\\\/I\\\/51S1bvRiBcL._SL500_.jpg\",\"contentUrl\":\"https:\\\/\\\/m.media-amazon.com\\\/images\\\/I\\\/51S1bvRiBcL._SL500_.jpg\",\"width\":500,\"height\":500},{\"@type\":\"BreadcrumbList\",\"@id\":\"https:\\\/\\\/marktxxl.de\\\/markt\\\/produkt\\\/vius-kit-kombi-reiniger-objektiv-und-bildschirm\\\/#breadcrumb\",\"itemListElement\":[{\"@type\":\"ListItem\",\"position\":1,\"name\":\"Startseite\",\"item\":\"https:\\\/\\\/marktxxl.de\\\/markt\\\/\"},{\"@type\":\"ListItem\",\"position\":2,\"name\":\"Markt\",\"item\":\"https:\\\/\\\/marktxxl.de\\\/markt\\\/\"},{\"@type\":\"ListItem\",\"position\":3,\"name\":\"vius Kit Kombi-Reiniger-Objektiv und Bildschirm Packung mit 4\"}]},{\"@type\":\"WebSite\",\"@id\":\"https:\\\/\\\/marktxxl.de\\\/markt\\\/#website\",\"url\":\"https:\\\/\\\/marktxxl.de\\\/markt\\\/\",\"name\":\"Markt-XXL\",\"description\":\"Ihr Markt Online\",\"publisher\":{\"@id\":\"https:\\\/\\\/marktxxl.de\\\/markt\\\/#organization\"},\"potentialAction\":[{\"@type\":\"SearchAction\",\"target\":{\"@type\":\"EntryPoint\",\"urlTemplate\":\"https:\\\/\\\/marktxxl.de\\\/markt\\\/?s={search_term_string}\"},\"query-input\":{\"@type\":\"PropertyValueSpecification\",\"valueRequired\":true,\"valueName\":\"search_term_string\"}}],\"inLanguage\":\"de\"},{\"@type\":\"Organization\",\"@id\":\"https:\\\/\\\/marktxxl.de\\\/markt\\\/#organization\",\"name\":\"Markt-XXL\",\"url\":\"https:\\\/\\\/marktxxl.de\\\/markt\\\/\",\"logo\":{\"@type\":\"ImageObject\",\"inLanguage\":\"de\",\"@id\":\"https:\\\/\\\/marktxxl.de\\\/markt\\\/#\\\/schema\\\/logo\\\/image\\\/\",\"url\":\"https:\\\/\\\/marktxxl.de\\\/markt\\\/wp-content\\\/uploads\\\/sites\\\/3\\\/2020\\\/12\\\/logo.png\",\"contentUrl\":\"https:\\\/\\\/marktxxl.de\\\/markt\\\/wp-content\\\/uploads\\\/sites\\\/3\\\/2020\\\/12\\\/logo.png\",\"width\":200,\"height\":70,\"caption\":\"Markt-XXL\"},\"image\":{\"@id\":\"https:\\\/\\\/marktxxl.de\\\/markt\\\/#\\\/schema\\\/logo\\\/image\\\/\"}}]}<\/script>\n<!-- \/ Yoast SEO plugin. -->","yoast_head_json":{"title":"vius Kit Kombi-Reiniger-Objektiv und Bildschirm Packung mit 4 - Markt-XXL","description":"Markt-XXL vius Kit Kombi-Reiniger-Objektiv und Bildschirm Packung mit 4","robots":{"index":"index","follow":"follow","max-snippet":"max-snippet:-1","max-image-preview":"max-image-preview:large","max-video-preview":"max-video-preview:-1"},"canonical":"https:\/\/marktxxl.de\/markt\/produkt\/vius-kit-kombi-reiniger-objektiv-und-bildschirm\/","og_locale":"de_DE","og_type":"article","og_title":"vius Kit Kombi-Reiniger-Objektiv und Bildschirm Packung mit 4 - Markt-XXL","og_description":"Markt-XXL vius Kit Kombi-Reiniger-Objektiv und Bildschirm Packung mit 4","og_url":"https:\/\/marktxxl.de\/markt\/produkt\/vius-kit-kombi-reiniger-objektiv-und-bildschirm\/","og_site_name":"Markt-XXL","article_modified_time":"2023-04-08T01:01:36+00:00","og_image":[{"width":500,"height":500,"url":"https:\/\/m.media-amazon.com\/images\/I\/51S1bvRiBcL._SL500_.jpg","type":"image\/jpeg"}],"twitter_card":"summary_large_image","twitter_misc":{"Gesch\u00e4tzte Lesezeit":"1\u00a0Minute"},"schema":{"@context":"https:\/\/schema.org","@graph":[{"@type":"WebPage","@id":"https:\/\/marktxxl.de\/markt\/produkt\/vius-kit-kombi-reiniger-objektiv-und-bildschirm\/","url":"https:\/\/marktxxl.de\/markt\/produkt\/vius-kit-kombi-reiniger-objektiv-und-bildschirm\/","name":"vius Kit Kombi-Reiniger-Objektiv und Bildschirm Packung mit 4 - Markt-XXL","isPartOf":{"@id":"https:\/\/marktxxl.de\/markt\/#website"},"primaryImageOfPage":{"@id":"https:\/\/marktxxl.de\/markt\/produkt\/vius-kit-kombi-reiniger-objektiv-und-bildschirm\/#primaryimage"},"image":{"@id":"https:\/\/marktxxl.de\/markt\/produkt\/vius-kit-kombi-reiniger-objektiv-und-bildschirm\/#primaryimage"},"thumbnailUrl":"https:\/\/m.media-amazon.com\/images\/I\/51S1bvRiBcL._SL500_.jpg","datePublished":"2022-02-26T15:04:04+00:00","dateModified":"2023-04-08T01:01:36+00:00","description":"Markt-XXL vius Kit Kombi-Reiniger-Objektiv und Bildschirm Packung mit 4","breadcrumb":{"@id":"https:\/\/marktxxl.de\/markt\/produkt\/vius-kit-kombi-reiniger-objektiv-und-bildschirm\/#breadcrumb"},"inLanguage":"de","potentialAction":[{"@type":"ReadAction","target":["https:\/\/marktxxl.de\/markt\/produkt\/vius-kit-kombi-reiniger-objektiv-und-bildschirm\/"]}]},{"@type":"ImageObject","inLanguage":"de","@id":"https:\/\/marktxxl.de\/markt\/produkt\/vius-kit-kombi-reiniger-objektiv-und-bildschirm\/#primaryimage","url":"https:\/\/m.media-amazon.com\/images\/I\/51S1bvRiBcL._SL500_.jpg","contentUrl":"https:\/\/m.media-amazon.com\/images\/I\/51S1bvRiBcL._SL500_.jpg","width":500,"height":500},{"@type":"BreadcrumbList","@id":"https:\/\/marktxxl.de\/markt\/produkt\/vius-kit-kombi-reiniger-objektiv-und-bildschirm\/#breadcrumb","itemListElement":[{"@type":"ListItem","position":1,"name":"Startseite","item":"https:\/\/marktxxl.de\/markt\/"},{"@type":"ListItem","position":2,"name":"Markt","item":"https:\/\/marktxxl.de\/markt\/"},{"@type":"ListItem","position":3,"name":"vius Kit Kombi-Reiniger-Objektiv und Bildschirm Packung mit 4"}]},{"@type":"WebSite","@id":"https:\/\/marktxxl.de\/markt\/#website","url":"https:\/\/marktxxl.de\/markt\/","name":"Markt-XXL","description":"Ihr Markt Online","publisher":{"@id":"https:\/\/marktxxl.de\/markt\/#organization"},"potentialAction":[{"@type":"SearchAction","target":{"@type":"EntryPoint","urlTemplate":"https:\/\/marktxxl.de\/markt\/?s={search_term_string}"},"query-input":{"@type":"PropertyValueSpecification","valueRequired":true,"valueName":"search_term_string"}}],"inLanguage":"de"},{"@type":"Organization","@id":"https:\/\/marktxxl.de\/markt\/#organization","name":"Markt-XXL","url":"https:\/\/marktxxl.de\/markt\/","logo":{"@type":"ImageObject","inLanguage":"de","@id":"https:\/\/marktxxl.de\/markt\/#\/schema\/logo\/image\/","url":"https:\/\/marktxxl.de\/markt\/wp-content\/uploads\/sites\/3\/2020\/12\/logo.png","contentUrl":"https:\/\/marktxxl.de\/markt\/wp-content\/uploads\/sites\/3\/2020\/12\/logo.png","width":200,"height":70,"caption":"Markt-XXL"},"image":{"@id":"https:\/\/marktxxl.de\/markt\/#\/schema\/logo\/image\/"}}]}},"_links":{"self":[{"href":"https:\/\/marktxxl.de\/markt\/wp-json\/wp\/v2\/product\/106962","targetHints":{"allow":["GET"]}}],"collection":[{"href":"https:\/\/marktxxl.de\/markt\/wp-json\/wp\/v2\/product"}],"about":[{"href":"https:\/\/marktxxl.de\/markt\/wp-json\/wp\/v2\/types\/product"}],"replies":[{"embeddable":true,"href":"https:\/\/marktxxl.de\/markt\/wp-json\/wp\/v2\/comments?post=106962"}],"wp:featuredmedia":[{"embeddable":true,"href":"https:\/\/marktxxl.de\/markt\/wp-json\/wp\/v2\/media\/106963"}],"wp:attachment":[{"href":"https:\/\/marktxxl.de\/markt\/wp-json\/wp\/v2\/media?parent=106962"}],"wp:term":[{"taxonomy":"product_brand","embeddable":true,"href":"https:\/\/marktxxl.de\/markt\/wp-json\/wp\/v2\/product_brand?post=106962"},{"taxonomy":"product_cat","embeddable":true,"href":"https:\/\/marktxxl.de\/markt\/wp-json\/wp\/v2\/product_cat?post=106962"},{"taxonomy":"product_tag","embeddable":true,"href":"https:\/\/marktxxl.de\/markt\/wp-json\/wp\/v2\/product_tag?post=106962"}],"curies":[{"name":"wp","href":"https:\/\/api.w.org\/{rel}","templated":true}]}}