{"id":106870,"date":"2022-02-26T16:01:06","date_gmt":"2022-02-26T15:01:06","guid":{"rendered":"https:\/\/marktxxl.de\/markt\/produkt\/tastatur-und-maus-fuer-windows2-4-ghz-kabellossmart-auto-sleepschnelleschlankecomputertastatur-in-voller-groesse3-anzeigenergonomische-leise-maus-800-1600-dpideutsches-qwertz-layout\/"},"modified":"2023-04-09T03:06:33","modified_gmt":"2023-04-09T01:06:33","slug":"tastatur-und-maus-fuer-windows2-4-ghz-kabellossmart-auto-sleepschnelleschlankecomputertastatur-in-voller-groesse3-anzeigenergonomische-leise-maus-800-1600-dpideutsches-qwertz-layout","status":"publish","type":"product","link":"https:\/\/marktxxl.de\/markt\/produkt\/tastatur-und-maus-fuer-windows2-4-ghz-kabellossmart-auto-sleepschnelleschlankecomputertastatur-in-voller-groesse3-anzeigenergonomische-leise-maus-800-1600-dpideutsches-qwertz-layout\/","title":{"rendered":"Vollion Kabelloses Set mit Tastatur und Maus,2.4GHz in Voller Gr\u00f6\u00dfe,Smart Auto-Sleep,Schnelle,Schlanke,Ergonomische\u2026"},"content":{"rendered":"<p>2-in-1-USB-Empf\u00e4nger: Koppeln von Tastatur und Maus mit demselben drahtlosen 2,4-G-USB-Dongle. Es funktioniert sofort nach dem Auspacken und bietet Hochgeschwindigkeits-Daten\u00fcbertragung, kein zus\u00e4tzlicher USB-Anschluss f\u00fcr Ihr Setup erforderlich.<br \/>\nUltraflaches Design: Eine tragbare Form, eine hochwertige matte Oberfl\u00e4che und eine bemerkenswert solide Bauweise sorgen f\u00fcr Konzentration und Vertrauen am Schreibtisch. Diese kabellose Combo ist leicht zu transportieren, sodass Sie zu Hause, unterwegs oder in Ihrem Lieblingscaf\u00e9 Multitasking betreiben k\u00f6nnen.<br \/>\nSmart Power Saving: Wechsel in den Schlafmodus nach 10 Minuten Inaktivit\u00e4t. Es gibt 2 unabh\u00e4ngige Ein-\/Ausschalter f\u00fcr Tastatur und Maus, um Ihre Batterien weiter zu schonen (nicht im Lieferumfang enthalten).<br \/>\nGer\u00e4uschloses Klicken: Um 70 % reduziertes Klickger\u00e4usch und dasselbe reaktionsschnelle Klickgef\u00fchl eliminieren Ger\u00e4usche und Ablenkungen f\u00fcr Sie und andere um Sie herum.<br \/>\nSchneller optischer Sensor: Funktioniert auf den meisten Oberfl\u00e4chen sogar mit 800\/1200\/1600 DPI. Sie ist schneller und 2x pr\u00e4ziser als die Basismaus.<br \/>\nAnti-Fading UV Letter: Einzigartige, verbesserte Beschriftungstechnologie sch\u00fctzt die Tastenkappen vor Verblassen oder Verschlei\u00df.<br \/>\n<div class=\"main-cross-sell\" data-asin=\"B09R9T4RBV\">\n\n\t<div class=\"WooZone-cross-sell-loader\">\n\t\t<div>\n\t\t\t<div id=\"floatingBarsG\">\n\t\t\t\t<div class=\"blockG\" id=\"rotateG_01\"><\/div>\n\t\t\t\t<div class=\"blockG\" id=\"rotateG_02\"><\/div>\n\t\t\t\t<div class=\"blockG\" id=\"rotateG_03\"><\/div>\n\t\t\t\t<div class=\"blockG\" id=\"rotateG_04\"><\/div>\n\t\t\t\t<div class=\"blockG\" id=\"rotateG_05\"><\/div>\n\t\t\t\t<div class=\"blockG\" id=\"rotateG_06\"><\/div>\n\t\t\t\t<div class=\"blockG\" id=\"rotateG_07\"><\/div>\n\t\t\t\t<div class=\"blockG\" id=\"rotateG_08\"><\/div>\n\t\t\t<\/div>\n\t\t\t<div class=\"WooZone-cross-sell-loader-text\"><\/div>\n\t\t<\/div>\n\t<\/div>\n\n\t\t\n<\/div>\n<div style=\"clear:both;\"><\/div><\/p>\n","protected":false},"excerpt":{"rendered":"<p>2-in-1-USB-Empf\u00e4nger: Koppeln von Tastatur und Maus mit demselben drahtlosen 2,4-G-USB-Dongle. Es funktioniert sofort nach dem Auspacken und bietet Hochgeschwindigkeits-Daten\u00fcbertragung, kein zus\u00e4tzlicher USB-Anschluss f\u00fcr Ihr Setup erforderlich.<br \/>\nUltraflaches Design: Eine tragbare Form, eine hochwertige matte Oberfl\u00e4che und eine bemerkenswert solide Bauweise sorgen f\u00fcr Konzentration und Vertrauen am Schreibtisch. Diese kabellose Combo ist leicht zu transportieren, sodass Sie zu Hause, unterwegs oder in Ihrem Lieblingscaf\u00e9 Multitasking betreiben k\u00f6nnen.<br \/>\nSmart Power Saving: Wechsel in den Schlafmodus nach 10 Minuten Inaktivit\u00e4t. Es gibt 2 unabh\u00e4ngige Ein-\/Ausschalter f\u00fcr Tastatur und Maus, um Ihre Batterien weiter zu schonen (nicht im Lieferumfang enthalten).<\/p>\n","protected":false},"featured_media":106871,"comment_status":"open","ping_status":"closed","template":"","meta":[],"product_brand":[],"product_cat":[863],"product_tag":[],"class_list":{"0":"post-106870","1":"product","2":"type-product","3":"status-publish","4":"has-post-thumbnail","6":"product_cat-computer-zubehoer","7":"pa_brand-vollion","8":"pa_manufacturer-vollion","9":"pa_warranty-2-year-limited-warranty","11":"first","12":"instock","13":"shipping-taxable","14":"purchasable","15":"product-type-simple","16":"customify-col","17":"product-has-gallery"},"yoast_head":"<!-- This site is optimized with the Yoast SEO plugin v27.4 - https:\/\/yoast.com\/product\/yoast-seo-wordpress\/ -->\n<title>Vollion Kabelloses Set mit Tastatur und Maus,2.4GHz in Voller Gr\u00f6\u00dfe,Smart Auto-Sleep,Schnelle,Schlanke,Ergonomische\u2026 - Markt-XXL<\/title>\n<meta name=\"description\" content=\"Markt-XXL Vollion Kabelloses Set mit Tastatur und Maus,2.4GHz in Voller Gr\u00f6\u00dfe,Smart Auto-Sleep,Schnelle,Schlanke,Ergonomische\u2026\" \/>\n<meta name=\"robots\" content=\"index, follow, max-snippet:-1, max-image-preview:large, max-video-preview:-1\" \/>\n<link rel=\"canonical\" href=\"https:\/\/marktxxl.de\/markt\/produkt\/tastatur-und-maus-fuer-windows2-4-ghz-kabellossmart-auto-sleepschnelleschlankecomputertastatur-in-voller-groesse3-anzeigenergonomische-leise-maus-800-1600-dpideutsches-qwertz-layout\/\" \/>\n<meta property=\"og:locale\" content=\"de_DE\" \/>\n<meta property=\"og:type\" content=\"article\" \/>\n<meta property=\"og:title\" content=\"Vollion Kabelloses Set mit Tastatur und Maus,2.4GHz in Voller Gr\u00f6\u00dfe,Smart Auto-Sleep,Schnelle,Schlanke,Ergonomische\u2026 - Markt-XXL\" \/>\n<meta property=\"og:description\" content=\"Markt-XXL Vollion Kabelloses Set mit Tastatur und Maus,2.4GHz in Voller Gr\u00f6\u00dfe,Smart Auto-Sleep,Schnelle,Schlanke,Ergonomische\u2026\" \/>\n<meta property=\"og:url\" content=\"https:\/\/marktxxl.de\/markt\/produkt\/tastatur-und-maus-fuer-windows2-4-ghz-kabellossmart-auto-sleepschnelleschlankecomputertastatur-in-voller-groesse3-anzeigenergonomische-leise-maus-800-1600-dpideutsches-qwertz-layout\/\" \/>\n<meta property=\"og:site_name\" content=\"Markt-XXL\" \/>\n<meta property=\"article:modified_time\" content=\"2023-04-09T01:06:33+00:00\" \/>\n<meta property=\"og:image\" content=\"https:\/\/m.media-amazon.com\/images\/I\/31MGC9VnoJL._SL500_.jpg\" \/>\n\t<meta property=\"og:image:width\" content=\"500\" \/>\n\t<meta property=\"og:image:height\" content=\"500\" \/>\n\t<meta property=\"og:image:type\" content=\"image\/jpeg\" \/>\n<meta name=\"twitter:card\" content=\"summary_large_image\" \/>\n<meta name=\"twitter:label1\" content=\"Gesch\u00e4tzte Lesezeit\" \/>\n\t<meta name=\"twitter:data1\" content=\"1\u00a0Minute\" \/>\n<script type=\"application\/ld+json\" class=\"yoast-schema-graph\">{\"@context\":\"https:\\\/\\\/schema.org\",\"@graph\":[{\"@type\":\"WebPage\",\"@id\":\"https:\\\/\\\/marktxxl.de\\\/markt\\\/produkt\\\/tastatur-und-maus-fuer-windows2-4-ghz-kabellossmart-auto-sleepschnelleschlankecomputertastatur-in-voller-groesse3-anzeigenergonomische-leise-maus-800-1600-dpideutsches-qwertz-layout\\\/\",\"url\":\"https:\\\/\\\/marktxxl.de\\\/markt\\\/produkt\\\/tastatur-und-maus-fuer-windows2-4-ghz-kabellossmart-auto-sleepschnelleschlankecomputertastatur-in-voller-groesse3-anzeigenergonomische-leise-maus-800-1600-dpideutsches-qwertz-layout\\\/\",\"name\":\"Vollion Kabelloses Set mit Tastatur und Maus,2.4GHz in Voller Gr\u00f6\u00dfe,Smart Auto-Sleep,Schnelle,Schlanke,Ergonomische\u2026 - Markt-XXL\",\"isPartOf\":{\"@id\":\"https:\\\/\\\/marktxxl.de\\\/markt\\\/#website\"},\"primaryImageOfPage\":{\"@id\":\"https:\\\/\\\/marktxxl.de\\\/markt\\\/produkt\\\/tastatur-und-maus-fuer-windows2-4-ghz-kabellossmart-auto-sleepschnelleschlankecomputertastatur-in-voller-groesse3-anzeigenergonomische-leise-maus-800-1600-dpideutsches-qwertz-layout\\\/#primaryimage\"},\"image\":{\"@id\":\"https:\\\/\\\/marktxxl.de\\\/markt\\\/produkt\\\/tastatur-und-maus-fuer-windows2-4-ghz-kabellossmart-auto-sleepschnelleschlankecomputertastatur-in-voller-groesse3-anzeigenergonomische-leise-maus-800-1600-dpideutsches-qwertz-layout\\\/#primaryimage\"},\"thumbnailUrl\":\"https:\\\/\\\/m.media-amazon.com\\\/images\\\/I\\\/31MGC9VnoJL._SL500_.jpg\",\"datePublished\":\"2022-02-26T15:01:06+00:00\",\"dateModified\":\"2023-04-09T01:06:33+00:00\",\"description\":\"Markt-XXL Vollion Kabelloses Set mit Tastatur und Maus,2.4GHz in Voller Gr\u00f6\u00dfe,Smart Auto-Sleep,Schnelle,Schlanke,Ergonomische\u2026\",\"breadcrumb\":{\"@id\":\"https:\\\/\\\/marktxxl.de\\\/markt\\\/produkt\\\/tastatur-und-maus-fuer-windows2-4-ghz-kabellossmart-auto-sleepschnelleschlankecomputertastatur-in-voller-groesse3-anzeigenergonomische-leise-maus-800-1600-dpideutsches-qwertz-layout\\\/#breadcrumb\"},\"inLanguage\":\"de\",\"potentialAction\":[{\"@type\":\"ReadAction\",\"target\":[\"https:\\\/\\\/marktxxl.de\\\/markt\\\/produkt\\\/tastatur-und-maus-fuer-windows2-4-ghz-kabellossmart-auto-sleepschnelleschlankecomputertastatur-in-voller-groesse3-anzeigenergonomische-leise-maus-800-1600-dpideutsches-qwertz-layout\\\/\"]}]},{\"@type\":\"ImageObject\",\"inLanguage\":\"de\",\"@id\":\"https:\\\/\\\/marktxxl.de\\\/markt\\\/produkt\\\/tastatur-und-maus-fuer-windows2-4-ghz-kabellossmart-auto-sleepschnelleschlankecomputertastatur-in-voller-groesse3-anzeigenergonomische-leise-maus-800-1600-dpideutsches-qwertz-layout\\\/#primaryimage\",\"url\":\"https:\\\/\\\/m.media-amazon.com\\\/images\\\/I\\\/31MGC9VnoJL._SL500_.jpg\",\"contentUrl\":\"https:\\\/\\\/m.media-amazon.com\\\/images\\\/I\\\/31MGC9VnoJL._SL500_.jpg\",\"width\":500,\"height\":500},{\"@type\":\"BreadcrumbList\",\"@id\":\"https:\\\/\\\/marktxxl.de\\\/markt\\\/produkt\\\/tastatur-und-maus-fuer-windows2-4-ghz-kabellossmart-auto-sleepschnelleschlankecomputertastatur-in-voller-groesse3-anzeigenergonomische-leise-maus-800-1600-dpideutsches-qwertz-layout\\\/#breadcrumb\",\"itemListElement\":[{\"@type\":\"ListItem\",\"position\":1,\"name\":\"Startseite\",\"item\":\"https:\\\/\\\/marktxxl.de\\\/markt\\\/\"},{\"@type\":\"ListItem\",\"position\":2,\"name\":\"Markt\",\"item\":\"https:\\\/\\\/marktxxl.de\\\/markt\\\/\"},{\"@type\":\"ListItem\",\"position\":3,\"name\":\"Vollion Kabelloses Set mit Tastatur und Maus,2.4GHz in Voller Gr\u00f6\u00dfe,Smart Auto-Sleep,Schnelle,Schlanke,Ergonomische\u2026\"}]},{\"@type\":\"WebSite\",\"@id\":\"https:\\\/\\\/marktxxl.de\\\/markt\\\/#website\",\"url\":\"https:\\\/\\\/marktxxl.de\\\/markt\\\/\",\"name\":\"Markt-XXL\",\"description\":\"Ihr Markt Online\",\"publisher\":{\"@id\":\"https:\\\/\\\/marktxxl.de\\\/markt\\\/#organization\"},\"potentialAction\":[{\"@type\":\"SearchAction\",\"target\":{\"@type\":\"EntryPoint\",\"urlTemplate\":\"https:\\\/\\\/marktxxl.de\\\/markt\\\/?s={search_term_string}\"},\"query-input\":{\"@type\":\"PropertyValueSpecification\",\"valueRequired\":true,\"valueName\":\"search_term_string\"}}],\"inLanguage\":\"de\"},{\"@type\":\"Organization\",\"@id\":\"https:\\\/\\\/marktxxl.de\\\/markt\\\/#organization\",\"name\":\"Markt-XXL\",\"url\":\"https:\\\/\\\/marktxxl.de\\\/markt\\\/\",\"logo\":{\"@type\":\"ImageObject\",\"inLanguage\":\"de\",\"@id\":\"https:\\\/\\\/marktxxl.de\\\/markt\\\/#\\\/schema\\\/logo\\\/image\\\/\",\"url\":\"https:\\\/\\\/marktxxl.de\\\/markt\\\/wp-content\\\/uploads\\\/sites\\\/3\\\/2020\\\/12\\\/logo.png\",\"contentUrl\":\"https:\\\/\\\/marktxxl.de\\\/markt\\\/wp-content\\\/uploads\\\/sites\\\/3\\\/2020\\\/12\\\/logo.png\",\"width\":200,\"height\":70,\"caption\":\"Markt-XXL\"},\"image\":{\"@id\":\"https:\\\/\\\/marktxxl.de\\\/markt\\\/#\\\/schema\\\/logo\\\/image\\\/\"}}]}<\/script>\n<!-- \/ Yoast SEO plugin. -->","yoast_head_json":{"title":"Vollion Kabelloses Set mit Tastatur und Maus,2.4GHz in Voller Gr\u00f6\u00dfe,Smart Auto-Sleep,Schnelle,Schlanke,Ergonomische\u2026 - Markt-XXL","description":"Markt-XXL Vollion Kabelloses Set mit Tastatur und Maus,2.4GHz in Voller Gr\u00f6\u00dfe,Smart Auto-Sleep,Schnelle,Schlanke,Ergonomische\u2026","robots":{"index":"index","follow":"follow","max-snippet":"max-snippet:-1","max-image-preview":"max-image-preview:large","max-video-preview":"max-video-preview:-1"},"canonical":"https:\/\/marktxxl.de\/markt\/produkt\/tastatur-und-maus-fuer-windows2-4-ghz-kabellossmart-auto-sleepschnelleschlankecomputertastatur-in-voller-groesse3-anzeigenergonomische-leise-maus-800-1600-dpideutsches-qwertz-layout\/","og_locale":"de_DE","og_type":"article","og_title":"Vollion Kabelloses Set mit Tastatur und Maus,2.4GHz in Voller Gr\u00f6\u00dfe,Smart Auto-Sleep,Schnelle,Schlanke,Ergonomische\u2026 - Markt-XXL","og_description":"Markt-XXL Vollion Kabelloses Set mit Tastatur und Maus,2.4GHz in Voller Gr\u00f6\u00dfe,Smart Auto-Sleep,Schnelle,Schlanke,Ergonomische\u2026","og_url":"https:\/\/marktxxl.de\/markt\/produkt\/tastatur-und-maus-fuer-windows2-4-ghz-kabellossmart-auto-sleepschnelleschlankecomputertastatur-in-voller-groesse3-anzeigenergonomische-leise-maus-800-1600-dpideutsches-qwertz-layout\/","og_site_name":"Markt-XXL","article_modified_time":"2023-04-09T01:06:33+00:00","og_image":[{"width":500,"height":500,"url":"https:\/\/m.media-amazon.com\/images\/I\/31MGC9VnoJL._SL500_.jpg","type":"image\/jpeg"}],"twitter_card":"summary_large_image","twitter_misc":{"Gesch\u00e4tzte Lesezeit":"1\u00a0Minute"},"schema":{"@context":"https:\/\/schema.org","@graph":[{"@type":"WebPage","@id":"https:\/\/marktxxl.de\/markt\/produkt\/tastatur-und-maus-fuer-windows2-4-ghz-kabellossmart-auto-sleepschnelleschlankecomputertastatur-in-voller-groesse3-anzeigenergonomische-leise-maus-800-1600-dpideutsches-qwertz-layout\/","url":"https:\/\/marktxxl.de\/markt\/produkt\/tastatur-und-maus-fuer-windows2-4-ghz-kabellossmart-auto-sleepschnelleschlankecomputertastatur-in-voller-groesse3-anzeigenergonomische-leise-maus-800-1600-dpideutsches-qwertz-layout\/","name":"Vollion Kabelloses Set mit Tastatur und Maus,2.4GHz in Voller Gr\u00f6\u00dfe,Smart Auto-Sleep,Schnelle,Schlanke,Ergonomische\u2026 - Markt-XXL","isPartOf":{"@id":"https:\/\/marktxxl.de\/markt\/#website"},"primaryImageOfPage":{"@id":"https:\/\/marktxxl.de\/markt\/produkt\/tastatur-und-maus-fuer-windows2-4-ghz-kabellossmart-auto-sleepschnelleschlankecomputertastatur-in-voller-groesse3-anzeigenergonomische-leise-maus-800-1600-dpideutsches-qwertz-layout\/#primaryimage"},"image":{"@id":"https:\/\/marktxxl.de\/markt\/produkt\/tastatur-und-maus-fuer-windows2-4-ghz-kabellossmart-auto-sleepschnelleschlankecomputertastatur-in-voller-groesse3-anzeigenergonomische-leise-maus-800-1600-dpideutsches-qwertz-layout\/#primaryimage"},"thumbnailUrl":"https:\/\/m.media-amazon.com\/images\/I\/31MGC9VnoJL._SL500_.jpg","datePublished":"2022-02-26T15:01:06+00:00","dateModified":"2023-04-09T01:06:33+00:00","description":"Markt-XXL Vollion Kabelloses Set mit Tastatur und Maus,2.4GHz in Voller Gr\u00f6\u00dfe,Smart Auto-Sleep,Schnelle,Schlanke,Ergonomische\u2026","breadcrumb":{"@id":"https:\/\/marktxxl.de\/markt\/produkt\/tastatur-und-maus-fuer-windows2-4-ghz-kabellossmart-auto-sleepschnelleschlankecomputertastatur-in-voller-groesse3-anzeigenergonomische-leise-maus-800-1600-dpideutsches-qwertz-layout\/#breadcrumb"},"inLanguage":"de","potentialAction":[{"@type":"ReadAction","target":["https:\/\/marktxxl.de\/markt\/produkt\/tastatur-und-maus-fuer-windows2-4-ghz-kabellossmart-auto-sleepschnelleschlankecomputertastatur-in-voller-groesse3-anzeigenergonomische-leise-maus-800-1600-dpideutsches-qwertz-layout\/"]}]},{"@type":"ImageObject","inLanguage":"de","@id":"https:\/\/marktxxl.de\/markt\/produkt\/tastatur-und-maus-fuer-windows2-4-ghz-kabellossmart-auto-sleepschnelleschlankecomputertastatur-in-voller-groesse3-anzeigenergonomische-leise-maus-800-1600-dpideutsches-qwertz-layout\/#primaryimage","url":"https:\/\/m.media-amazon.com\/images\/I\/31MGC9VnoJL._SL500_.jpg","contentUrl":"https:\/\/m.media-amazon.com\/images\/I\/31MGC9VnoJL._SL500_.jpg","width":500,"height":500},{"@type":"BreadcrumbList","@id":"https:\/\/marktxxl.de\/markt\/produkt\/tastatur-und-maus-fuer-windows2-4-ghz-kabellossmart-auto-sleepschnelleschlankecomputertastatur-in-voller-groesse3-anzeigenergonomische-leise-maus-800-1600-dpideutsches-qwertz-layout\/#breadcrumb","itemListElement":[{"@type":"ListItem","position":1,"name":"Startseite","item":"https:\/\/marktxxl.de\/markt\/"},{"@type":"ListItem","position":2,"name":"Markt","item":"https:\/\/marktxxl.de\/markt\/"},{"@type":"ListItem","position":3,"name":"Vollion Kabelloses Set mit Tastatur und Maus,2.4GHz in Voller Gr\u00f6\u00dfe,Smart Auto-Sleep,Schnelle,Schlanke,Ergonomische\u2026"}]},{"@type":"WebSite","@id":"https:\/\/marktxxl.de\/markt\/#website","url":"https:\/\/marktxxl.de\/markt\/","name":"Markt-XXL","description":"Ihr Markt Online","publisher":{"@id":"https:\/\/marktxxl.de\/markt\/#organization"},"potentialAction":[{"@type":"SearchAction","target":{"@type":"EntryPoint","urlTemplate":"https:\/\/marktxxl.de\/markt\/?s={search_term_string}"},"query-input":{"@type":"PropertyValueSpecification","valueRequired":true,"valueName":"search_term_string"}}],"inLanguage":"de"},{"@type":"Organization","@id":"https:\/\/marktxxl.de\/markt\/#organization","name":"Markt-XXL","url":"https:\/\/marktxxl.de\/markt\/","logo":{"@type":"ImageObject","inLanguage":"de","@id":"https:\/\/marktxxl.de\/markt\/#\/schema\/logo\/image\/","url":"https:\/\/marktxxl.de\/markt\/wp-content\/uploads\/sites\/3\/2020\/12\/logo.png","contentUrl":"https:\/\/marktxxl.de\/markt\/wp-content\/uploads\/sites\/3\/2020\/12\/logo.png","width":200,"height":70,"caption":"Markt-XXL"},"image":{"@id":"https:\/\/marktxxl.de\/markt\/#\/schema\/logo\/image\/"}}]}},"_links":{"self":[{"href":"https:\/\/marktxxl.de\/markt\/wp-json\/wp\/v2\/product\/106870","targetHints":{"allow":["GET"]}}],"collection":[{"href":"https:\/\/marktxxl.de\/markt\/wp-json\/wp\/v2\/product"}],"about":[{"href":"https:\/\/marktxxl.de\/markt\/wp-json\/wp\/v2\/types\/product"}],"replies":[{"embeddable":true,"href":"https:\/\/marktxxl.de\/markt\/wp-json\/wp\/v2\/comments?post=106870"}],"wp:featuredmedia":[{"embeddable":true,"href":"https:\/\/marktxxl.de\/markt\/wp-json\/wp\/v2\/media\/106871"}],"wp:attachment":[{"href":"https:\/\/marktxxl.de\/markt\/wp-json\/wp\/v2\/media?parent=106870"}],"wp:term":[{"taxonomy":"product_brand","embeddable":true,"href":"https:\/\/marktxxl.de\/markt\/wp-json\/wp\/v2\/product_brand?post=106870"},{"taxonomy":"product_cat","embeddable":true,"href":"https:\/\/marktxxl.de\/markt\/wp-json\/wp\/v2\/product_cat?post=106870"},{"taxonomy":"product_tag","embeddable":true,"href":"https:\/\/marktxxl.de\/markt\/wp-json\/wp\/v2\/product_tag?post=106870"}],"curies":[{"name":"wp","href":"https:\/\/api.w.org\/{rel}","templated":true}]}}