{"id":106836,"date":"2022-02-26T15:58:18","date_gmt":"2022-02-26T14:58:18","guid":{"rendered":"https:\/\/marktxxl.de\/markt\/produkt\/usb-hub-3-0-warrky-%e3%80%90chipset-auf-industrieniveau-hohe-stabilitaet%e3%80%91-4-port-usb-verteiler-ultra-slim-aluminiumschale-kompatibel-fuer-macbook-mac-pro-mini-imacsurface-proxpspcflash\/"},"modified":"2023-04-09T03:06:33","modified_gmt":"2023-04-09T01:06:33","slug":"usb-hub-3-0-warrky-%e3%80%90chipset-auf-industrieniveau-hohe-stabilitaet%e3%80%91-4-port-usb-verteiler-ultra-slim-aluminiumschale-kompatibel-fuer-macbook-mac-pro-mini-imacsurface-proxpspcflash","status":"publish","type":"product","link":"https:\/\/marktxxl.de\/markt\/produkt\/usb-hub-3-0-warrky-%e3%80%90chipset-auf-industrieniveau-hohe-stabilitaet%e3%80%91-4-port-usb-verteiler-ultra-slim-aluminiumschale-kompatibel-fuer-macbook-mac-pro-mini-imacsurface-proxpspcflash\/","title":{"rendered":"USB Hub 3.0, WARRKY 4-Port [High-Speed, Aluminiumh\u00fclse, Nylon Geflochten] Ultra Slim Datenhub mit Verl\u00e4ngerungskabel\u2026"},"content":{"rendered":"<p>\u3010Plug &amp; Play-Erweiterung\u3011 WARRKY USB 3.0 Hub erweitert einen USB 3.0 Port von Ihrem Laptop oder Desktop auf vier, ohne dass ein Treiber erforderlich ist, abw\u00e4rtskompatibel mit USB 2.0, USB 1.1. Mit dem 0,91 m langen Verl\u00e4ngerungskabel und Klettband passt sich der Splitter durch seine einfache L\u00e4ngenanpassung an alle Einsatzumgebungen an.* Hub nicht mit Strom versorgt, nicht zum Aufladen ausgelegt.<br \/>\n\u3010Schneller und sicherer\u3011 Der USB Verteiler 3.0 \u00fcbertr\u00e4gt Dateien 10-mal schneller als USB 2.0. WARRKY verwendet Chips\u00e4tze in Industriequalit\u00e4t, die teurer sind und eine bessere Leistung erbringen als Chips\u00e4tze in Verbraucherqualit\u00e4t. Bietet er im Laufe der Zeit eine viel sicherere und stabilere Leistung in Bezug auf die Datensynchronisierungsgeschwindigkeit, die Interferenzabschirmung und verhindert \u00dcberstrom, \u00dcberhitzung und Kurzschluss , und \u00dcberspannung.<br \/>\n\u3010Un\u00fcbertroffene Haltbarkeit\u3011 Die Aluminiumplatte leitet W\u00e4rme schnell ab; Flechtkabel verhindert Rei\u00dfen; verbesserte Zugentlastung sch\u00fctzt die Biegestelle; 10 mm schlankes Geh\u00e4use mit rutschfester und kratzfester Behandlung; Die LED-Anzeige zeigt den Status deutlich an. Insgesamt ein langlebiges Ger\u00e4t mit mehreren Schutzdesigns.<br \/>\n\u3010Universelle Kompatibilit\u00e4t\u3011Kompatibel mit allen g\u00e4ngigen Betriebssystemen wie Windows, Mac OS, Linux. Teilen Sie einen USB-A von Ihrem Quellger\u00e4t (Laptop, Desktop, PlayStation 4\/5, Auto usw.) in vier Ports f\u00fcr Peripherieger\u00e4te wie USB-Flash-Laufwerk, Maus, Tastatur, Gamecontroller, Lautsprecher, Webcam auf.<br \/>\n\u3010WARRKY\u3011 widmet sich der Einf\u00fchrung hochwertiger Produkte, die anspruchsvoll gestaltet und preisg\u00fcnstig sind, um die besten L\u00f6sungen zur Verbindung von Arbeit und Leben zu bieten. Consult f\u00fcr schnellen und verantwortungsvollen Support innerhalb von 18 Stunden!<br \/>\n<div class=\"main-cross-sell\" data-asin=\"B09PVB5JHD\">\n\n\t<div class=\"WooZone-cross-sell-loader\">\n\t\t<div>\n\t\t\t<div id=\"floatingBarsG\">\n\t\t\t\t<div class=\"blockG\" id=\"rotateG_01\"><\/div>\n\t\t\t\t<div class=\"blockG\" id=\"rotateG_02\"><\/div>\n\t\t\t\t<div class=\"blockG\" id=\"rotateG_03\"><\/div>\n\t\t\t\t<div class=\"blockG\" id=\"rotateG_04\"><\/div>\n\t\t\t\t<div class=\"blockG\" id=\"rotateG_05\"><\/div>\n\t\t\t\t<div class=\"blockG\" id=\"rotateG_06\"><\/div>\n\t\t\t\t<div class=\"blockG\" id=\"rotateG_07\"><\/div>\n\t\t\t\t<div class=\"blockG\" id=\"rotateG_08\"><\/div>\n\t\t\t<\/div>\n\t\t\t<div class=\"WooZone-cross-sell-loader-text\"><\/div>\n\t\t<\/div>\n\t<\/div>\n\n\t\t\n<\/div>\n<div style=\"clear:both;\"><\/div><\/p>\n","protected":false},"excerpt":{"rendered":"<p>\u3010Plug &amp; Play-Erweiterung\u3011 WARRKY USB 3.0 Hub erweitert einen USB 3.0 Port von Ihrem Laptop oder Desktop auf vier, ohne dass ein Treiber erforderlich ist, abw\u00e4rtskompatibel mit USB 2.0, USB 1.1. Mit dem 0,91 m langen Verl\u00e4ngerungskabel und Klettband passt sich der Splitter durch seine einfache L\u00e4ngenanpassung an alle Einsatzumgebungen an.* Hub nicht mit Strom versorgt, nicht zum Aufladen ausgelegt.<br \/>\n\u3010Schneller und sicherer\u3011 Der USB Verteiler 3.0 \u00fcbertr\u00e4gt Dateien 10-mal schneller als USB 2.0. WARRKY verwendet Chips\u00e4tze in Industriequalit\u00e4t, die teurer sind und eine bessere Leistung erbringen als Chips\u00e4tze in Verbraucherqualit\u00e4t. Bietet er im Laufe der Zeit eine viel sicherere und stabilere Leistung in Bezug auf die Datensynchronisierungsgeschwindigkeit, die Interferenzabschirmung und verhindert \u00dcberstrom, \u00dcberhitzung und Kurzschluss , und \u00dcberspannung.<br \/>\n\u3010Un\u00fcbertroffene Haltbarkeit\u3011 Die Aluminiumplatte leitet W\u00e4rme schnell ab; Flechtkabel verhindert Rei\u00dfen; verbesserte Zugentlastung sch\u00fctzt die Biegestelle; 10 mm schlankes Geh\u00e4use mit rutschfester und kratzfester Behandlung; Die LED-Anzeige zeigt den Status deutlich an. Insgesamt ein langlebiges Ger\u00e4t mit mehreren Schutzdesigns.<\/p>\n","protected":false},"featured_media":106837,"comment_status":"open","ping_status":"closed","template":"","meta":[],"product_brand":[],"product_cat":[863],"product_tag":[],"class_list":{"0":"post-106836","1":"product","2":"type-product","3":"status-publish","4":"has-post-thumbnail","6":"product_cat-computer-zubehoer","7":"pa_brand-warrky","8":"pa_height-0-59055-zoll","9":"pa_length-5-59054-zoll","10":"pa_manufacturer-warrky","11":"pa_model-warrky-dt-a01","12":"pa_width-2-7559-zoll","14":"first","15":"instock","16":"shipping-taxable","17":"purchasable","18":"product-type-simple","19":"customify-col","20":"product-has-gallery"},"yoast_head":"<!-- This site is optimized with the Yoast SEO plugin v27.4 - https:\/\/yoast.com\/product\/yoast-seo-wordpress\/ -->\n<title>USB Hub 3.0, WARRKY 4-Port [High-Speed, Aluminiumh\u00fclse, Nylon Geflochten] Ultra Slim Datenhub mit Verl\u00e4ngerungskabel\u2026 - Markt-XXL<\/title>\n<meta name=\"description\" content=\"Markt-XXL USB Hub 3.0, WARRKY 4-Port [High-Speed, Aluminiumh\u00fclse, Nylon Geflochten] Ultra Slim Datenhub mit Verl\u00e4ngerungskabel\u2026\" \/>\n<meta name=\"robots\" content=\"index, follow, max-snippet:-1, max-image-preview:large, max-video-preview:-1\" \/>\n<link rel=\"canonical\" href=\"https:\/\/marktxxl.de\/markt\/produkt\/usb-hub-3-0-warrky-\u3010chipset-auf-industrieniveau-hohe-stabilitaet\u3011-4-port-usb-verteiler-ultra-slim-aluminiumschale-kompatibel-fuer-macbook-mac-pro-mini-imacsurface-proxpspcflash\/\" \/>\n<meta property=\"og:locale\" content=\"de_DE\" \/>\n<meta property=\"og:type\" content=\"article\" \/>\n<meta property=\"og:title\" content=\"USB Hub 3.0, WARRKY 4-Port [High-Speed, Aluminiumh\u00fclse, Nylon Geflochten] Ultra Slim Datenhub mit Verl\u00e4ngerungskabel\u2026 - Markt-XXL\" \/>\n<meta property=\"og:description\" content=\"Markt-XXL USB Hub 3.0, WARRKY 4-Port [High-Speed, Aluminiumh\u00fclse, Nylon Geflochten] Ultra Slim Datenhub mit Verl\u00e4ngerungskabel\u2026\" \/>\n<meta property=\"og:url\" content=\"https:\/\/marktxxl.de\/markt\/produkt\/usb-hub-3-0-warrky-\u3010chipset-auf-industrieniveau-hohe-stabilitaet\u3011-4-port-usb-verteiler-ultra-slim-aluminiumschale-kompatibel-fuer-macbook-mac-pro-mini-imacsurface-proxpspcflash\/\" \/>\n<meta property=\"og:site_name\" content=\"Markt-XXL\" \/>\n<meta property=\"article:modified_time\" content=\"2023-04-09T01:06:33+00:00\" \/>\n<meta property=\"og:image\" content=\"https:\/\/m.media-amazon.com\/images\/I\/41JkJ+HqJ9L._SL500_.jpg\" \/>\n\t<meta property=\"og:image:width\" content=\"469\" \/>\n\t<meta property=\"og:image:height\" content=\"500\" \/>\n\t<meta property=\"og:image:type\" content=\"image\/jpeg\" \/>\n<meta name=\"twitter:card\" content=\"summary_large_image\" \/>\n<meta name=\"twitter:label1\" content=\"Gesch\u00e4tzte Lesezeit\" \/>\n\t<meta name=\"twitter:data1\" content=\"1\u00a0Minute\" \/>\n<script type=\"application\/ld+json\" class=\"yoast-schema-graph\">{\"@context\":\"https:\\\/\\\/schema.org\",\"@graph\":[{\"@type\":\"WebPage\",\"@id\":\"https:\\\/\\\/marktxxl.de\\\/markt\\\/produkt\\\/usb-hub-3-0-warrky-%e3%80%90chipset-auf-industrieniveau-hohe-stabilitaet%e3%80%91-4-port-usb-verteiler-ultra-slim-aluminiumschale-kompatibel-fuer-macbook-mac-pro-mini-imacsurface-proxpspcflash\\\/\",\"url\":\"https:\\\/\\\/marktxxl.de\\\/markt\\\/produkt\\\/usb-hub-3-0-warrky-%e3%80%90chipset-auf-industrieniveau-hohe-stabilitaet%e3%80%91-4-port-usb-verteiler-ultra-slim-aluminiumschale-kompatibel-fuer-macbook-mac-pro-mini-imacsurface-proxpspcflash\\\/\",\"name\":\"USB Hub 3.0, WARRKY 4-Port [High-Speed, Aluminiumh\u00fclse, Nylon Geflochten] Ultra Slim Datenhub mit Verl\u00e4ngerungskabel\u2026 - Markt-XXL\",\"isPartOf\":{\"@id\":\"https:\\\/\\\/marktxxl.de\\\/markt\\\/#website\"},\"primaryImageOfPage\":{\"@id\":\"https:\\\/\\\/marktxxl.de\\\/markt\\\/produkt\\\/usb-hub-3-0-warrky-%e3%80%90chipset-auf-industrieniveau-hohe-stabilitaet%e3%80%91-4-port-usb-verteiler-ultra-slim-aluminiumschale-kompatibel-fuer-macbook-mac-pro-mini-imacsurface-proxpspcflash\\\/#primaryimage\"},\"image\":{\"@id\":\"https:\\\/\\\/marktxxl.de\\\/markt\\\/produkt\\\/usb-hub-3-0-warrky-%e3%80%90chipset-auf-industrieniveau-hohe-stabilitaet%e3%80%91-4-port-usb-verteiler-ultra-slim-aluminiumschale-kompatibel-fuer-macbook-mac-pro-mini-imacsurface-proxpspcflash\\\/#primaryimage\"},\"thumbnailUrl\":\"https:\\\/\\\/m.media-amazon.com\\\/images\\\/I\\\/41JkJ+HqJ9L._SL500_.jpg\",\"datePublished\":\"2022-02-26T14:58:18+00:00\",\"dateModified\":\"2023-04-09T01:06:33+00:00\",\"description\":\"Markt-XXL USB Hub 3.0, WARRKY 4-Port [High-Speed, Aluminiumh\u00fclse, Nylon Geflochten] Ultra Slim Datenhub mit Verl\u00e4ngerungskabel\u2026\",\"breadcrumb\":{\"@id\":\"https:\\\/\\\/marktxxl.de\\\/markt\\\/produkt\\\/usb-hub-3-0-warrky-%e3%80%90chipset-auf-industrieniveau-hohe-stabilitaet%e3%80%91-4-port-usb-verteiler-ultra-slim-aluminiumschale-kompatibel-fuer-macbook-mac-pro-mini-imacsurface-proxpspcflash\\\/#breadcrumb\"},\"inLanguage\":\"de\",\"potentialAction\":[{\"@type\":\"ReadAction\",\"target\":[\"https:\\\/\\\/marktxxl.de\\\/markt\\\/produkt\\\/usb-hub-3-0-warrky-%e3%80%90chipset-auf-industrieniveau-hohe-stabilitaet%e3%80%91-4-port-usb-verteiler-ultra-slim-aluminiumschale-kompatibel-fuer-macbook-mac-pro-mini-imacsurface-proxpspcflash\\\/\"]}]},{\"@type\":\"ImageObject\",\"inLanguage\":\"de\",\"@id\":\"https:\\\/\\\/marktxxl.de\\\/markt\\\/produkt\\\/usb-hub-3-0-warrky-%e3%80%90chipset-auf-industrieniveau-hohe-stabilitaet%e3%80%91-4-port-usb-verteiler-ultra-slim-aluminiumschale-kompatibel-fuer-macbook-mac-pro-mini-imacsurface-proxpspcflash\\\/#primaryimage\",\"url\":\"https:\\\/\\\/m.media-amazon.com\\\/images\\\/I\\\/41JkJ+HqJ9L._SL500_.jpg\",\"contentUrl\":\"https:\\\/\\\/m.media-amazon.com\\\/images\\\/I\\\/41JkJ+HqJ9L._SL500_.jpg\",\"width\":469,\"height\":500},{\"@type\":\"BreadcrumbList\",\"@id\":\"https:\\\/\\\/marktxxl.de\\\/markt\\\/produkt\\\/usb-hub-3-0-warrky-%e3%80%90chipset-auf-industrieniveau-hohe-stabilitaet%e3%80%91-4-port-usb-verteiler-ultra-slim-aluminiumschale-kompatibel-fuer-macbook-mac-pro-mini-imacsurface-proxpspcflash\\\/#breadcrumb\",\"itemListElement\":[{\"@type\":\"ListItem\",\"position\":1,\"name\":\"Startseite\",\"item\":\"https:\\\/\\\/marktxxl.de\\\/markt\\\/\"},{\"@type\":\"ListItem\",\"position\":2,\"name\":\"Markt\",\"item\":\"https:\\\/\\\/marktxxl.de\\\/markt\\\/\"},{\"@type\":\"ListItem\",\"position\":3,\"name\":\"USB Hub 3.0, WARRKY 4-Port [High-Speed, Aluminiumh\u00fclse, Nylon Geflochten] Ultra Slim Datenhub mit Verl\u00e4ngerungskabel\u2026\"}]},{\"@type\":\"WebSite\",\"@id\":\"https:\\\/\\\/marktxxl.de\\\/markt\\\/#website\",\"url\":\"https:\\\/\\\/marktxxl.de\\\/markt\\\/\",\"name\":\"Markt-XXL\",\"description\":\"Ihr Markt Online\",\"publisher\":{\"@id\":\"https:\\\/\\\/marktxxl.de\\\/markt\\\/#organization\"},\"potentialAction\":[{\"@type\":\"SearchAction\",\"target\":{\"@type\":\"EntryPoint\",\"urlTemplate\":\"https:\\\/\\\/marktxxl.de\\\/markt\\\/?s={search_term_string}\"},\"query-input\":{\"@type\":\"PropertyValueSpecification\",\"valueRequired\":true,\"valueName\":\"search_term_string\"}}],\"inLanguage\":\"de\"},{\"@type\":\"Organization\",\"@id\":\"https:\\\/\\\/marktxxl.de\\\/markt\\\/#organization\",\"name\":\"Markt-XXL\",\"url\":\"https:\\\/\\\/marktxxl.de\\\/markt\\\/\",\"logo\":{\"@type\":\"ImageObject\",\"inLanguage\":\"de\",\"@id\":\"https:\\\/\\\/marktxxl.de\\\/markt\\\/#\\\/schema\\\/logo\\\/image\\\/\",\"url\":\"https:\\\/\\\/marktxxl.de\\\/markt\\\/wp-content\\\/uploads\\\/sites\\\/3\\\/2020\\\/12\\\/logo.png\",\"contentUrl\":\"https:\\\/\\\/marktxxl.de\\\/markt\\\/wp-content\\\/uploads\\\/sites\\\/3\\\/2020\\\/12\\\/logo.png\",\"width\":200,\"height\":70,\"caption\":\"Markt-XXL\"},\"image\":{\"@id\":\"https:\\\/\\\/marktxxl.de\\\/markt\\\/#\\\/schema\\\/logo\\\/image\\\/\"}}]}<\/script>\n<!-- \/ Yoast SEO plugin. -->","yoast_head_json":{"title":"USB Hub 3.0, WARRKY 4-Port [High-Speed, Aluminiumh\u00fclse, Nylon Geflochten] Ultra Slim Datenhub mit Verl\u00e4ngerungskabel\u2026 - Markt-XXL","description":"Markt-XXL USB Hub 3.0, WARRKY 4-Port [High-Speed, Aluminiumh\u00fclse, Nylon Geflochten] Ultra Slim Datenhub mit Verl\u00e4ngerungskabel\u2026","robots":{"index":"index","follow":"follow","max-snippet":"max-snippet:-1","max-image-preview":"max-image-preview:large","max-video-preview":"max-video-preview:-1"},"canonical":"https:\/\/marktxxl.de\/markt\/produkt\/usb-hub-3-0-warrky-\u3010chipset-auf-industrieniveau-hohe-stabilitaet\u3011-4-port-usb-verteiler-ultra-slim-aluminiumschale-kompatibel-fuer-macbook-mac-pro-mini-imacsurface-proxpspcflash\/","og_locale":"de_DE","og_type":"article","og_title":"USB Hub 3.0, WARRKY 4-Port [High-Speed, Aluminiumh\u00fclse, Nylon Geflochten] Ultra Slim Datenhub mit Verl\u00e4ngerungskabel\u2026 - Markt-XXL","og_description":"Markt-XXL USB Hub 3.0, WARRKY 4-Port [High-Speed, Aluminiumh\u00fclse, Nylon Geflochten] Ultra Slim Datenhub mit Verl\u00e4ngerungskabel\u2026","og_url":"https:\/\/marktxxl.de\/markt\/produkt\/usb-hub-3-0-warrky-\u3010chipset-auf-industrieniveau-hohe-stabilitaet\u3011-4-port-usb-verteiler-ultra-slim-aluminiumschale-kompatibel-fuer-macbook-mac-pro-mini-imacsurface-proxpspcflash\/","og_site_name":"Markt-XXL","article_modified_time":"2023-04-09T01:06:33+00:00","og_image":[{"width":469,"height":500,"url":"https:\/\/m.media-amazon.com\/images\/I\/41JkJ+HqJ9L._SL500_.jpg","type":"image\/jpeg"}],"twitter_card":"summary_large_image","twitter_misc":{"Gesch\u00e4tzte Lesezeit":"1\u00a0Minute"},"schema":{"@context":"https:\/\/schema.org","@graph":[{"@type":"WebPage","@id":"https:\/\/marktxxl.de\/markt\/produkt\/usb-hub-3-0-warrky-%e3%80%90chipset-auf-industrieniveau-hohe-stabilitaet%e3%80%91-4-port-usb-verteiler-ultra-slim-aluminiumschale-kompatibel-fuer-macbook-mac-pro-mini-imacsurface-proxpspcflash\/","url":"https:\/\/marktxxl.de\/markt\/produkt\/usb-hub-3-0-warrky-%e3%80%90chipset-auf-industrieniveau-hohe-stabilitaet%e3%80%91-4-port-usb-verteiler-ultra-slim-aluminiumschale-kompatibel-fuer-macbook-mac-pro-mini-imacsurface-proxpspcflash\/","name":"USB Hub 3.0, WARRKY 4-Port [High-Speed, Aluminiumh\u00fclse, Nylon Geflochten] Ultra Slim Datenhub mit Verl\u00e4ngerungskabel\u2026 - Markt-XXL","isPartOf":{"@id":"https:\/\/marktxxl.de\/markt\/#website"},"primaryImageOfPage":{"@id":"https:\/\/marktxxl.de\/markt\/produkt\/usb-hub-3-0-warrky-%e3%80%90chipset-auf-industrieniveau-hohe-stabilitaet%e3%80%91-4-port-usb-verteiler-ultra-slim-aluminiumschale-kompatibel-fuer-macbook-mac-pro-mini-imacsurface-proxpspcflash\/#primaryimage"},"image":{"@id":"https:\/\/marktxxl.de\/markt\/produkt\/usb-hub-3-0-warrky-%e3%80%90chipset-auf-industrieniveau-hohe-stabilitaet%e3%80%91-4-port-usb-verteiler-ultra-slim-aluminiumschale-kompatibel-fuer-macbook-mac-pro-mini-imacsurface-proxpspcflash\/#primaryimage"},"thumbnailUrl":"https:\/\/m.media-amazon.com\/images\/I\/41JkJ+HqJ9L._SL500_.jpg","datePublished":"2022-02-26T14:58:18+00:00","dateModified":"2023-04-09T01:06:33+00:00","description":"Markt-XXL USB Hub 3.0, WARRKY 4-Port [High-Speed, Aluminiumh\u00fclse, Nylon Geflochten] Ultra Slim Datenhub mit Verl\u00e4ngerungskabel\u2026","breadcrumb":{"@id":"https:\/\/marktxxl.de\/markt\/produkt\/usb-hub-3-0-warrky-%e3%80%90chipset-auf-industrieniveau-hohe-stabilitaet%e3%80%91-4-port-usb-verteiler-ultra-slim-aluminiumschale-kompatibel-fuer-macbook-mac-pro-mini-imacsurface-proxpspcflash\/#breadcrumb"},"inLanguage":"de","potentialAction":[{"@type":"ReadAction","target":["https:\/\/marktxxl.de\/markt\/produkt\/usb-hub-3-0-warrky-%e3%80%90chipset-auf-industrieniveau-hohe-stabilitaet%e3%80%91-4-port-usb-verteiler-ultra-slim-aluminiumschale-kompatibel-fuer-macbook-mac-pro-mini-imacsurface-proxpspcflash\/"]}]},{"@type":"ImageObject","inLanguage":"de","@id":"https:\/\/marktxxl.de\/markt\/produkt\/usb-hub-3-0-warrky-%e3%80%90chipset-auf-industrieniveau-hohe-stabilitaet%e3%80%91-4-port-usb-verteiler-ultra-slim-aluminiumschale-kompatibel-fuer-macbook-mac-pro-mini-imacsurface-proxpspcflash\/#primaryimage","url":"https:\/\/m.media-amazon.com\/images\/I\/41JkJ+HqJ9L._SL500_.jpg","contentUrl":"https:\/\/m.media-amazon.com\/images\/I\/41JkJ+HqJ9L._SL500_.jpg","width":469,"height":500},{"@type":"BreadcrumbList","@id":"https:\/\/marktxxl.de\/markt\/produkt\/usb-hub-3-0-warrky-%e3%80%90chipset-auf-industrieniveau-hohe-stabilitaet%e3%80%91-4-port-usb-verteiler-ultra-slim-aluminiumschale-kompatibel-fuer-macbook-mac-pro-mini-imacsurface-proxpspcflash\/#breadcrumb","itemListElement":[{"@type":"ListItem","position":1,"name":"Startseite","item":"https:\/\/marktxxl.de\/markt\/"},{"@type":"ListItem","position":2,"name":"Markt","item":"https:\/\/marktxxl.de\/markt\/"},{"@type":"ListItem","position":3,"name":"USB Hub 3.0, WARRKY 4-Port [High-Speed, Aluminiumh\u00fclse, Nylon Geflochten] Ultra Slim Datenhub mit Verl\u00e4ngerungskabel\u2026"}]},{"@type":"WebSite","@id":"https:\/\/marktxxl.de\/markt\/#website","url":"https:\/\/marktxxl.de\/markt\/","name":"Markt-XXL","description":"Ihr Markt Online","publisher":{"@id":"https:\/\/marktxxl.de\/markt\/#organization"},"potentialAction":[{"@type":"SearchAction","target":{"@type":"EntryPoint","urlTemplate":"https:\/\/marktxxl.de\/markt\/?s={search_term_string}"},"query-input":{"@type":"PropertyValueSpecification","valueRequired":true,"valueName":"search_term_string"}}],"inLanguage":"de"},{"@type":"Organization","@id":"https:\/\/marktxxl.de\/markt\/#organization","name":"Markt-XXL","url":"https:\/\/marktxxl.de\/markt\/","logo":{"@type":"ImageObject","inLanguage":"de","@id":"https:\/\/marktxxl.de\/markt\/#\/schema\/logo\/image\/","url":"https:\/\/marktxxl.de\/markt\/wp-content\/uploads\/sites\/3\/2020\/12\/logo.png","contentUrl":"https:\/\/marktxxl.de\/markt\/wp-content\/uploads\/sites\/3\/2020\/12\/logo.png","width":200,"height":70,"caption":"Markt-XXL"},"image":{"@id":"https:\/\/marktxxl.de\/markt\/#\/schema\/logo\/image\/"}}]}},"_links":{"self":[{"href":"https:\/\/marktxxl.de\/markt\/wp-json\/wp\/v2\/product\/106836","targetHints":{"allow":["GET"]}}],"collection":[{"href":"https:\/\/marktxxl.de\/markt\/wp-json\/wp\/v2\/product"}],"about":[{"href":"https:\/\/marktxxl.de\/markt\/wp-json\/wp\/v2\/types\/product"}],"replies":[{"embeddable":true,"href":"https:\/\/marktxxl.de\/markt\/wp-json\/wp\/v2\/comments?post=106836"}],"wp:featuredmedia":[{"embeddable":true,"href":"https:\/\/marktxxl.de\/markt\/wp-json\/wp\/v2\/media\/106837"}],"wp:attachment":[{"href":"https:\/\/marktxxl.de\/markt\/wp-json\/wp\/v2\/media?parent=106836"}],"wp:term":[{"taxonomy":"product_brand","embeddable":true,"href":"https:\/\/marktxxl.de\/markt\/wp-json\/wp\/v2\/product_brand?post=106836"},{"taxonomy":"product_cat","embeddable":true,"href":"https:\/\/marktxxl.de\/markt\/wp-json\/wp\/v2\/product_cat?post=106836"},{"taxonomy":"product_tag","embeddable":true,"href":"https:\/\/marktxxl.de\/markt\/wp-json\/wp\/v2\/product_tag?post=106836"}],"curies":[{"name":"wp","href":"https:\/\/api.w.org\/{rel}","templated":true}]}}