{"id":106765,"date":"2022-02-26T15:55:23","date_gmt":"2022-02-26T14:55:23","guid":{"rendered":"https:\/\/marktxxl.de\/markt\/produkt\/seenda-tastatur-maus-set-kabellos-beleuchtet-mit-handballenauflage-2-4ghz-wiederaufladbare-ultraduenne-tastatur-und-maus-mit-weisse-hintergrundbeleuchtung-fuer-windows-qwertz-layout-space-grau\/"},"modified":"2023-04-09T03:06:32","modified_gmt":"2023-04-09T01:06:32","slug":"seenda-tastatur-maus-set-kabellos-beleuchtet-mit-handballenauflage-2-4ghz-wiederaufladbare-ultraduenne-tastatur-und-maus-mit-weisse-hintergrundbeleuchtung-fuer-windows-qwertz-layout-space-grau","status":"publish","type":"product","link":"https:\/\/marktxxl.de\/markt\/produkt\/seenda-tastatur-maus-set-kabellos-beleuchtet-mit-handballenauflage-2-4ghz-wiederaufladbare-ultraduenne-tastatur-und-maus-mit-weisse-hintergrundbeleuchtung-fuer-windows-qwertz-layout-space-grau\/","title":{"rendered":"seenda 2.4G Tastatur Maus Set Kabellos Beleuchtet, Wiederaufladbare Fullsize Tastatur und Maus mit Wei\u00dfe Beleuchtung\u2026"},"content":{"rendered":"<p>Beleuchetete Tastatur Maus Set: Sowohl Funktastatur als auch Maus sind mit wei\u00dfer LED-Hintergrundbeleuchtungen ausgestattet, sodass Sie im Dunkeln einfach und bequem tippen k\u00f6nnen. 3 einstellbare Helligkeitsstufen: niedrig-mittel-hoch-aus. Im Vergleich zu einer Standardtastatur ohne Handballenauflage kann die hohlgeschnitzte Handballenauflage Ihr Handgelenk besser st\u00fctzen.<br \/>\nStabile Drahtlose Verbindung: Die drahtlose Tastatur und Maus Set k\u00f6nnen mit Windows-Computern, PC, Notebooks usw. verwendet werden. \u00dcber den 2-in-1-USB-Empf\u00e4nger kann das kabellose Tastatur und Maus Set von seenda innerhalb von 10 Metern eine stabile Verbindung herstellen. Plug-and-Play, keine Installation von Treibern oder Software erforderlich.<br \/>\nBequemes Tippen &amp; Leises Klicken: High-End-Scherenschalter, angenehmes Handgef\u00fchl, pr\u00e4zises Tippen. Es kann den Ton w\u00e4hrend der Eingabe effektiv d\u00e4mpfen. Mit 3-Stufen-DPI (800\/1200\/1600) k\u00f6nnen Sie die Cursorempfindlichkeit einfach \u00e4ndern und auf verschiedenen Oberfl\u00e4chen reibungsloser verfolgen. Das leise Klickger\u00e4usch kann das Ger\u00e4usch um 90\u00a0% reduzieren und kann bequem zu Hause, im B\u00fcro, in der Bibliothek und im Caf\u00e9 verwendet werden.<br \/>\nWiederaufladbar &amp; Energiesparend: Mit eingebautem 1600mAh Lithium-Akku kann die kabellose Tastatur einfach mit dem mitgelieferten Typ-C-Ladekabel aufgeladen werden. Die Wireless Tastatur kann 800 Stunden ohne Beleuchtung oder 18 Stunden mit hellster Beleuchtung arbeiten, nachdem sie vollst\u00e4ndig aufgeladen wurde. Die Maus kann 32,5 Stunden (mit hellster Beleuchtung) und 130 Stunden (ohne Beleuchtung) arbeiten.<br \/>\nUniverselle Kompatibilit\u00e4t: Diese kabellose Tastatur Maus Set wurde speziell f\u00fcr Windows-System entwickelt. Kompatibel mit Windows XP \/ Win Vista \/ Win 7 \/ Win 8 \/ Win10\/ Win 2000.<br \/>\n<div class=\"main-cross-sell\" data-asin=\"B092V78316\">\n\n\t<div class=\"WooZone-cross-sell-loader\">\n\t\t<div>\n\t\t\t<div id=\"floatingBarsG\">\n\t\t\t\t<div class=\"blockG\" id=\"rotateG_01\"><\/div>\n\t\t\t\t<div class=\"blockG\" id=\"rotateG_02\"><\/div>\n\t\t\t\t<div class=\"blockG\" id=\"rotateG_03\"><\/div>\n\t\t\t\t<div class=\"blockG\" id=\"rotateG_04\"><\/div>\n\t\t\t\t<div class=\"blockG\" id=\"rotateG_05\"><\/div>\n\t\t\t\t<div class=\"blockG\" id=\"rotateG_06\"><\/div>\n\t\t\t\t<div class=\"blockG\" id=\"rotateG_07\"><\/div>\n\t\t\t\t<div class=\"blockG\" id=\"rotateG_08\"><\/div>\n\t\t\t<\/div>\n\t\t\t<div class=\"WooZone-cross-sell-loader-text\"><\/div>\n\t\t<\/div>\n\t<\/div>\n\n\t\t\n<\/div>\n<div style=\"clear:both;\"><\/div><\/p>\n","protected":false},"excerpt":{"rendered":"<p>Beleuchetete Tastatur Maus Set: Sowohl Funktastatur als auch Maus sind mit wei\u00dfer LED-Hintergrundbeleuchtungen ausgestattet, sodass Sie im Dunkeln einfach und bequem tippen k\u00f6nnen. 3 einstellbare Helligkeitsstufen: niedrig-mittel-hoch-aus. Im Vergleich zu einer Standardtastatur ohne Handballenauflage kann die hohlgeschnitzte Handballenauflage Ihr Handgelenk besser st\u00fctzen.<br \/>\nStabile Drahtlose Verbindung: Die drahtlose Tastatur und Maus Set k\u00f6nnen mit Windows-Computern, PC, Notebooks usw. verwendet werden. \u00dcber den 2-in-1-USB-Empf\u00e4nger kann das kabellose Tastatur und Maus Set von seenda innerhalb von 10 Metern eine stabile Verbindung herstellen. Plug-and-Play, keine Installation von Treibern oder Software erforderlich.<br \/>\nBequemes Tippen &amp; Leises Klicken: High-End-Scherenschalter, angenehmes Handgef\u00fchl, pr\u00e4zises Tippen. Es kann den Ton w\u00e4hrend der Eingabe effektiv d\u00e4mpfen. Mit 3-Stufen-DPI (800\/1200\/1600) k\u00f6nnen Sie die Cursorempfindlichkeit einfach \u00e4ndern und auf verschiedenen Oberfl\u00e4chen reibungsloser verfolgen. Das leise Klickger\u00e4usch kann das Ger\u00e4usch um 90\u00a0% reduzieren und kann bequem zu Hause, im B\u00fcro, in der Bibliothek und im Caf\u00e9 verwendet werden.<\/p>\n","protected":false},"featured_media":106766,"comment_status":"open","ping_status":"closed","template":"","meta":[],"product_brand":[],"product_cat":[863],"product_tag":[],"class_list":{"0":"post-106765","1":"product","2":"type-product","3":"status-publish","4":"has-post-thumbnail","6":"product_cat-computer-zubehoer","7":"pa_brand-seenda","8":"pa_color-space-grau","9":"pa_height-0-4724409444-zoll","10":"pa_length-16-8110236049-zoll","11":"pa_manufacturer-seenda","12":"pa_model-isj-wjk72fgt","13":"pa_warranty-1-year-warranty-against-manufacturer-defects","14":"pa_width-4-8425196801-zoll","16":"first","17":"instock","18":"shipping-taxable","19":"purchasable","20":"product-type-simple","21":"customify-col","22":"product-has-gallery"},"yoast_head":"<!-- This site is optimized with the Yoast SEO plugin v27.4 - https:\/\/yoast.com\/product\/yoast-seo-wordpress\/ -->\n<title>seenda 2.4G Tastatur Maus Set Kabellos Beleuchtet, Wiederaufladbare Fullsize Tastatur und Maus mit Wei\u00dfe Beleuchtung\u2026 - Markt-XXL<\/title>\n<meta name=\"description\" content=\"Markt-XXL seenda 2.4G Tastatur Maus Set Kabellos Beleuchtet, Wiederaufladbare Fullsize Tastatur und Maus mit Wei\u00dfe Beleuchtung\u2026\" \/>\n<meta name=\"robots\" content=\"index, follow, max-snippet:-1, max-image-preview:large, max-video-preview:-1\" \/>\n<link rel=\"canonical\" href=\"https:\/\/marktxxl.de\/markt\/produkt\/seenda-tastatur-maus-set-kabellos-beleuchtet-mit-handballenauflage-2-4ghz-wiederaufladbare-ultraduenne-tastatur-und-maus-mit-weisse-hintergrundbeleuchtung-fuer-windows-qwertz-layout-space-grau\/\" \/>\n<meta property=\"og:locale\" content=\"de_DE\" \/>\n<meta property=\"og:type\" content=\"article\" \/>\n<meta property=\"og:title\" content=\"seenda 2.4G Tastatur Maus Set Kabellos Beleuchtet, Wiederaufladbare Fullsize Tastatur und Maus mit Wei\u00dfe Beleuchtung\u2026 - Markt-XXL\" \/>\n<meta property=\"og:description\" content=\"Markt-XXL seenda 2.4G Tastatur Maus Set Kabellos Beleuchtet, Wiederaufladbare Fullsize Tastatur und Maus mit Wei\u00dfe Beleuchtung\u2026\" \/>\n<meta property=\"og:url\" content=\"https:\/\/marktxxl.de\/markt\/produkt\/seenda-tastatur-maus-set-kabellos-beleuchtet-mit-handballenauflage-2-4ghz-wiederaufladbare-ultraduenne-tastatur-und-maus-mit-weisse-hintergrundbeleuchtung-fuer-windows-qwertz-layout-space-grau\/\" \/>\n<meta property=\"og:site_name\" content=\"Markt-XXL\" \/>\n<meta property=\"article:modified_time\" content=\"2023-04-09T01:06:32+00:00\" \/>\n<meta property=\"og:image\" content=\"https:\/\/m.media-amazon.com\/images\/I\/41C+TfWLaGL._SL500_.jpg\" \/>\n\t<meta property=\"og:image:width\" content=\"500\" \/>\n\t<meta property=\"og:image:height\" content=\"500\" \/>\n\t<meta property=\"og:image:type\" content=\"image\/jpeg\" \/>\n<meta name=\"twitter:card\" content=\"summary_large_image\" \/>\n<meta name=\"twitter:label1\" content=\"Gesch\u00e4tzte Lesezeit\" \/>\n\t<meta name=\"twitter:data1\" content=\"1\u00a0Minute\" \/>\n<script type=\"application\/ld+json\" class=\"yoast-schema-graph\">{\"@context\":\"https:\\\/\\\/schema.org\",\"@graph\":[{\"@type\":\"WebPage\",\"@id\":\"https:\\\/\\\/marktxxl.de\\\/markt\\\/produkt\\\/seenda-tastatur-maus-set-kabellos-beleuchtet-mit-handballenauflage-2-4ghz-wiederaufladbare-ultraduenne-tastatur-und-maus-mit-weisse-hintergrundbeleuchtung-fuer-windows-qwertz-layout-space-grau\\\/\",\"url\":\"https:\\\/\\\/marktxxl.de\\\/markt\\\/produkt\\\/seenda-tastatur-maus-set-kabellos-beleuchtet-mit-handballenauflage-2-4ghz-wiederaufladbare-ultraduenne-tastatur-und-maus-mit-weisse-hintergrundbeleuchtung-fuer-windows-qwertz-layout-space-grau\\\/\",\"name\":\"seenda 2.4G Tastatur Maus Set Kabellos Beleuchtet, Wiederaufladbare Fullsize Tastatur und Maus mit Wei\u00dfe Beleuchtung\u2026 - Markt-XXL\",\"isPartOf\":{\"@id\":\"https:\\\/\\\/marktxxl.de\\\/markt\\\/#website\"},\"primaryImageOfPage\":{\"@id\":\"https:\\\/\\\/marktxxl.de\\\/markt\\\/produkt\\\/seenda-tastatur-maus-set-kabellos-beleuchtet-mit-handballenauflage-2-4ghz-wiederaufladbare-ultraduenne-tastatur-und-maus-mit-weisse-hintergrundbeleuchtung-fuer-windows-qwertz-layout-space-grau\\\/#primaryimage\"},\"image\":{\"@id\":\"https:\\\/\\\/marktxxl.de\\\/markt\\\/produkt\\\/seenda-tastatur-maus-set-kabellos-beleuchtet-mit-handballenauflage-2-4ghz-wiederaufladbare-ultraduenne-tastatur-und-maus-mit-weisse-hintergrundbeleuchtung-fuer-windows-qwertz-layout-space-grau\\\/#primaryimage\"},\"thumbnailUrl\":\"https:\\\/\\\/m.media-amazon.com\\\/images\\\/I\\\/41C+TfWLaGL._SL500_.jpg\",\"datePublished\":\"2022-02-26T14:55:23+00:00\",\"dateModified\":\"2023-04-09T01:06:32+00:00\",\"description\":\"Markt-XXL seenda 2.4G Tastatur Maus Set Kabellos Beleuchtet, Wiederaufladbare Fullsize Tastatur und Maus mit Wei\u00dfe Beleuchtung\u2026\",\"breadcrumb\":{\"@id\":\"https:\\\/\\\/marktxxl.de\\\/markt\\\/produkt\\\/seenda-tastatur-maus-set-kabellos-beleuchtet-mit-handballenauflage-2-4ghz-wiederaufladbare-ultraduenne-tastatur-und-maus-mit-weisse-hintergrundbeleuchtung-fuer-windows-qwertz-layout-space-grau\\\/#breadcrumb\"},\"inLanguage\":\"de\",\"potentialAction\":[{\"@type\":\"ReadAction\",\"target\":[\"https:\\\/\\\/marktxxl.de\\\/markt\\\/produkt\\\/seenda-tastatur-maus-set-kabellos-beleuchtet-mit-handballenauflage-2-4ghz-wiederaufladbare-ultraduenne-tastatur-und-maus-mit-weisse-hintergrundbeleuchtung-fuer-windows-qwertz-layout-space-grau\\\/\"]}]},{\"@type\":\"ImageObject\",\"inLanguage\":\"de\",\"@id\":\"https:\\\/\\\/marktxxl.de\\\/markt\\\/produkt\\\/seenda-tastatur-maus-set-kabellos-beleuchtet-mit-handballenauflage-2-4ghz-wiederaufladbare-ultraduenne-tastatur-und-maus-mit-weisse-hintergrundbeleuchtung-fuer-windows-qwertz-layout-space-grau\\\/#primaryimage\",\"url\":\"https:\\\/\\\/m.media-amazon.com\\\/images\\\/I\\\/41C+TfWLaGL._SL500_.jpg\",\"contentUrl\":\"https:\\\/\\\/m.media-amazon.com\\\/images\\\/I\\\/41C+TfWLaGL._SL500_.jpg\",\"width\":500,\"height\":500},{\"@type\":\"BreadcrumbList\",\"@id\":\"https:\\\/\\\/marktxxl.de\\\/markt\\\/produkt\\\/seenda-tastatur-maus-set-kabellos-beleuchtet-mit-handballenauflage-2-4ghz-wiederaufladbare-ultraduenne-tastatur-und-maus-mit-weisse-hintergrundbeleuchtung-fuer-windows-qwertz-layout-space-grau\\\/#breadcrumb\",\"itemListElement\":[{\"@type\":\"ListItem\",\"position\":1,\"name\":\"Startseite\",\"item\":\"https:\\\/\\\/marktxxl.de\\\/markt\\\/\"},{\"@type\":\"ListItem\",\"position\":2,\"name\":\"Markt\",\"item\":\"https:\\\/\\\/marktxxl.de\\\/markt\\\/\"},{\"@type\":\"ListItem\",\"position\":3,\"name\":\"seenda 2.4G Tastatur Maus Set Kabellos Beleuchtet, Wiederaufladbare Fullsize Tastatur und Maus mit Wei\u00dfe Beleuchtung\u2026\"}]},{\"@type\":\"WebSite\",\"@id\":\"https:\\\/\\\/marktxxl.de\\\/markt\\\/#website\",\"url\":\"https:\\\/\\\/marktxxl.de\\\/markt\\\/\",\"name\":\"Markt-XXL\",\"description\":\"Ihr Markt Online\",\"publisher\":{\"@id\":\"https:\\\/\\\/marktxxl.de\\\/markt\\\/#organization\"},\"potentialAction\":[{\"@type\":\"SearchAction\",\"target\":{\"@type\":\"EntryPoint\",\"urlTemplate\":\"https:\\\/\\\/marktxxl.de\\\/markt\\\/?s={search_term_string}\"},\"query-input\":{\"@type\":\"PropertyValueSpecification\",\"valueRequired\":true,\"valueName\":\"search_term_string\"}}],\"inLanguage\":\"de\"},{\"@type\":\"Organization\",\"@id\":\"https:\\\/\\\/marktxxl.de\\\/markt\\\/#organization\",\"name\":\"Markt-XXL\",\"url\":\"https:\\\/\\\/marktxxl.de\\\/markt\\\/\",\"logo\":{\"@type\":\"ImageObject\",\"inLanguage\":\"de\",\"@id\":\"https:\\\/\\\/marktxxl.de\\\/markt\\\/#\\\/schema\\\/logo\\\/image\\\/\",\"url\":\"https:\\\/\\\/marktxxl.de\\\/markt\\\/wp-content\\\/uploads\\\/sites\\\/3\\\/2020\\\/12\\\/logo.png\",\"contentUrl\":\"https:\\\/\\\/marktxxl.de\\\/markt\\\/wp-content\\\/uploads\\\/sites\\\/3\\\/2020\\\/12\\\/logo.png\",\"width\":200,\"height\":70,\"caption\":\"Markt-XXL\"},\"image\":{\"@id\":\"https:\\\/\\\/marktxxl.de\\\/markt\\\/#\\\/schema\\\/logo\\\/image\\\/\"}}]}<\/script>\n<!-- \/ Yoast SEO plugin. -->","yoast_head_json":{"title":"seenda 2.4G Tastatur Maus Set Kabellos Beleuchtet, Wiederaufladbare Fullsize Tastatur und Maus mit Wei\u00dfe Beleuchtung\u2026 - Markt-XXL","description":"Markt-XXL seenda 2.4G Tastatur Maus Set Kabellos Beleuchtet, Wiederaufladbare Fullsize Tastatur und Maus mit Wei\u00dfe Beleuchtung\u2026","robots":{"index":"index","follow":"follow","max-snippet":"max-snippet:-1","max-image-preview":"max-image-preview:large","max-video-preview":"max-video-preview:-1"},"canonical":"https:\/\/marktxxl.de\/markt\/produkt\/seenda-tastatur-maus-set-kabellos-beleuchtet-mit-handballenauflage-2-4ghz-wiederaufladbare-ultraduenne-tastatur-und-maus-mit-weisse-hintergrundbeleuchtung-fuer-windows-qwertz-layout-space-grau\/","og_locale":"de_DE","og_type":"article","og_title":"seenda 2.4G Tastatur Maus Set Kabellos Beleuchtet, Wiederaufladbare Fullsize Tastatur und Maus mit Wei\u00dfe Beleuchtung\u2026 - Markt-XXL","og_description":"Markt-XXL seenda 2.4G Tastatur Maus Set Kabellos Beleuchtet, Wiederaufladbare Fullsize Tastatur und Maus mit Wei\u00dfe Beleuchtung\u2026","og_url":"https:\/\/marktxxl.de\/markt\/produkt\/seenda-tastatur-maus-set-kabellos-beleuchtet-mit-handballenauflage-2-4ghz-wiederaufladbare-ultraduenne-tastatur-und-maus-mit-weisse-hintergrundbeleuchtung-fuer-windows-qwertz-layout-space-grau\/","og_site_name":"Markt-XXL","article_modified_time":"2023-04-09T01:06:32+00:00","og_image":[{"width":500,"height":500,"url":"https:\/\/m.media-amazon.com\/images\/I\/41C+TfWLaGL._SL500_.jpg","type":"image\/jpeg"}],"twitter_card":"summary_large_image","twitter_misc":{"Gesch\u00e4tzte Lesezeit":"1\u00a0Minute"},"schema":{"@context":"https:\/\/schema.org","@graph":[{"@type":"WebPage","@id":"https:\/\/marktxxl.de\/markt\/produkt\/seenda-tastatur-maus-set-kabellos-beleuchtet-mit-handballenauflage-2-4ghz-wiederaufladbare-ultraduenne-tastatur-und-maus-mit-weisse-hintergrundbeleuchtung-fuer-windows-qwertz-layout-space-grau\/","url":"https:\/\/marktxxl.de\/markt\/produkt\/seenda-tastatur-maus-set-kabellos-beleuchtet-mit-handballenauflage-2-4ghz-wiederaufladbare-ultraduenne-tastatur-und-maus-mit-weisse-hintergrundbeleuchtung-fuer-windows-qwertz-layout-space-grau\/","name":"seenda 2.4G Tastatur Maus Set Kabellos Beleuchtet, Wiederaufladbare Fullsize Tastatur und Maus mit Wei\u00dfe Beleuchtung\u2026 - Markt-XXL","isPartOf":{"@id":"https:\/\/marktxxl.de\/markt\/#website"},"primaryImageOfPage":{"@id":"https:\/\/marktxxl.de\/markt\/produkt\/seenda-tastatur-maus-set-kabellos-beleuchtet-mit-handballenauflage-2-4ghz-wiederaufladbare-ultraduenne-tastatur-und-maus-mit-weisse-hintergrundbeleuchtung-fuer-windows-qwertz-layout-space-grau\/#primaryimage"},"image":{"@id":"https:\/\/marktxxl.de\/markt\/produkt\/seenda-tastatur-maus-set-kabellos-beleuchtet-mit-handballenauflage-2-4ghz-wiederaufladbare-ultraduenne-tastatur-und-maus-mit-weisse-hintergrundbeleuchtung-fuer-windows-qwertz-layout-space-grau\/#primaryimage"},"thumbnailUrl":"https:\/\/m.media-amazon.com\/images\/I\/41C+TfWLaGL._SL500_.jpg","datePublished":"2022-02-26T14:55:23+00:00","dateModified":"2023-04-09T01:06:32+00:00","description":"Markt-XXL seenda 2.4G Tastatur Maus Set Kabellos Beleuchtet, Wiederaufladbare Fullsize Tastatur und Maus mit Wei\u00dfe Beleuchtung\u2026","breadcrumb":{"@id":"https:\/\/marktxxl.de\/markt\/produkt\/seenda-tastatur-maus-set-kabellos-beleuchtet-mit-handballenauflage-2-4ghz-wiederaufladbare-ultraduenne-tastatur-und-maus-mit-weisse-hintergrundbeleuchtung-fuer-windows-qwertz-layout-space-grau\/#breadcrumb"},"inLanguage":"de","potentialAction":[{"@type":"ReadAction","target":["https:\/\/marktxxl.de\/markt\/produkt\/seenda-tastatur-maus-set-kabellos-beleuchtet-mit-handballenauflage-2-4ghz-wiederaufladbare-ultraduenne-tastatur-und-maus-mit-weisse-hintergrundbeleuchtung-fuer-windows-qwertz-layout-space-grau\/"]}]},{"@type":"ImageObject","inLanguage":"de","@id":"https:\/\/marktxxl.de\/markt\/produkt\/seenda-tastatur-maus-set-kabellos-beleuchtet-mit-handballenauflage-2-4ghz-wiederaufladbare-ultraduenne-tastatur-und-maus-mit-weisse-hintergrundbeleuchtung-fuer-windows-qwertz-layout-space-grau\/#primaryimage","url":"https:\/\/m.media-amazon.com\/images\/I\/41C+TfWLaGL._SL500_.jpg","contentUrl":"https:\/\/m.media-amazon.com\/images\/I\/41C+TfWLaGL._SL500_.jpg","width":500,"height":500},{"@type":"BreadcrumbList","@id":"https:\/\/marktxxl.de\/markt\/produkt\/seenda-tastatur-maus-set-kabellos-beleuchtet-mit-handballenauflage-2-4ghz-wiederaufladbare-ultraduenne-tastatur-und-maus-mit-weisse-hintergrundbeleuchtung-fuer-windows-qwertz-layout-space-grau\/#breadcrumb","itemListElement":[{"@type":"ListItem","position":1,"name":"Startseite","item":"https:\/\/marktxxl.de\/markt\/"},{"@type":"ListItem","position":2,"name":"Markt","item":"https:\/\/marktxxl.de\/markt\/"},{"@type":"ListItem","position":3,"name":"seenda 2.4G Tastatur Maus Set Kabellos Beleuchtet, Wiederaufladbare Fullsize Tastatur und Maus mit Wei\u00dfe Beleuchtung\u2026"}]},{"@type":"WebSite","@id":"https:\/\/marktxxl.de\/markt\/#website","url":"https:\/\/marktxxl.de\/markt\/","name":"Markt-XXL","description":"Ihr Markt Online","publisher":{"@id":"https:\/\/marktxxl.de\/markt\/#organization"},"potentialAction":[{"@type":"SearchAction","target":{"@type":"EntryPoint","urlTemplate":"https:\/\/marktxxl.de\/markt\/?s={search_term_string}"},"query-input":{"@type":"PropertyValueSpecification","valueRequired":true,"valueName":"search_term_string"}}],"inLanguage":"de"},{"@type":"Organization","@id":"https:\/\/marktxxl.de\/markt\/#organization","name":"Markt-XXL","url":"https:\/\/marktxxl.de\/markt\/","logo":{"@type":"ImageObject","inLanguage":"de","@id":"https:\/\/marktxxl.de\/markt\/#\/schema\/logo\/image\/","url":"https:\/\/marktxxl.de\/markt\/wp-content\/uploads\/sites\/3\/2020\/12\/logo.png","contentUrl":"https:\/\/marktxxl.de\/markt\/wp-content\/uploads\/sites\/3\/2020\/12\/logo.png","width":200,"height":70,"caption":"Markt-XXL"},"image":{"@id":"https:\/\/marktxxl.de\/markt\/#\/schema\/logo\/image\/"}}]}},"_links":{"self":[{"href":"https:\/\/marktxxl.de\/markt\/wp-json\/wp\/v2\/product\/106765","targetHints":{"allow":["GET"]}}],"collection":[{"href":"https:\/\/marktxxl.de\/markt\/wp-json\/wp\/v2\/product"}],"about":[{"href":"https:\/\/marktxxl.de\/markt\/wp-json\/wp\/v2\/types\/product"}],"replies":[{"embeddable":true,"href":"https:\/\/marktxxl.de\/markt\/wp-json\/wp\/v2\/comments?post=106765"}],"wp:featuredmedia":[{"embeddable":true,"href":"https:\/\/marktxxl.de\/markt\/wp-json\/wp\/v2\/media\/106766"}],"wp:attachment":[{"href":"https:\/\/marktxxl.de\/markt\/wp-json\/wp\/v2\/media?parent=106765"}],"wp:term":[{"taxonomy":"product_brand","embeddable":true,"href":"https:\/\/marktxxl.de\/markt\/wp-json\/wp\/v2\/product_brand?post=106765"},{"taxonomy":"product_cat","embeddable":true,"href":"https:\/\/marktxxl.de\/markt\/wp-json\/wp\/v2\/product_cat?post=106765"},{"taxonomy":"product_tag","embeddable":true,"href":"https:\/\/marktxxl.de\/markt\/wp-json\/wp\/v2\/product_tag?post=106765"}],"curies":[{"name":"wp","href":"https:\/\/api.w.org\/{rel}","templated":true}]}}