{"id":106757,"date":"2022-02-26T15:55:17","date_gmt":"2022-02-26T14:55:17","guid":{"rendered":"https:\/\/marktxxl.de\/markt\/produkt\/usb-hub-jeswo-usb-3-0-hub-mit-7-usb-a-anschluessen-100-cm-kabel-5v-stromanschluss-und-separater-schalter-mit-led-anzeige-fuer-windows-10-mac-os-ipad-os-linux-2-6-14-und-mehr\/"},"modified":"2023-04-09T03:06:32","modified_gmt":"2023-04-09T01:06:32","slug":"usb-hub-jeswo-usb-3-0-hub-mit-7-usb-a-anschluessen-100-cm-kabel-5v-stromanschluss-und-separater-schalter-mit-led-anzeige-fuer-windows-10-mac-os-ipad-os-linux-2-6-14-und-mehr","status":"publish","type":"product","link":"https:\/\/marktxxl.de\/markt\/produkt\/usb-hub-jeswo-usb-3-0-hub-mit-7-usb-a-anschluessen-100-cm-kabel-5v-stromanschluss-und-separater-schalter-mit-led-anzeige-fuer-windows-10-mac-os-ipad-os-linux-2-6-14-und-mehr\/","title":{"rendered":"USB HUB, JESWO USB 3.0 Hub mit 7 USB-A-Anschl\u00fcssen, 100 cm Kabel, 5V-Stromanschluss und Separater Schalter mit LED\u2026"},"content":{"rendered":"<p>Dieser praktische 7-Port USB Hub wird an einen Computer oder Laptop \u00fcber den USB-Typ-A-Anschluss angeschlossen. Er erweitert den Computer um 7 USB-Typ-A Anschl\u00fcsse. Damit k\u00f6nnen Sie problemlos eine Vielzahl von Peripherieger\u00e4ten, wie z. B. Tastaturen und M\u00e4use, Drucker, USB-Sticks usw. mit Ihrem Computer oder Laptop verbinden.<br \/>\nSeparater Schalter: Jeder Port ist mit einer LED-Anzeige versehen und kann per Schalter einzeln ein- oder ausgeschaltet werden. So wird das l\u00e4stige Ein- und Ausstecken von Ger\u00e4ten minimiert und f\u00fcr ein \u00fcbersichtliches und aufger\u00e4umtes Arbeitsumfeld gesorgt.<br \/>\n5 Gbit\/s \u00dcbertragungsgeschwindigkeit: Der USB 3.0 Anschluss besitzt eine Bandbreite von bis zu 5 GBit\/s. Sie k\u00f6nnen blitzschnell gro\u00dfe Dateien, HD-Filme oder Fotos \u00fcbertragen. Abw\u00e4rtskompatibel mit USB 2.0\/1.1<br \/>\nUmfassende Kompatibilit\u00e4t: Der USB-Hub ist mit den meisten Betriebssystemen kompatibel: Windows 10, Mac OS, iPad OS, Linux 2.6.14 oder h\u00f6her. Kein Treiber notwendig. Plug und Play.<br \/>\nKompakt &amp; Strapazierf\u00e4hig: Das Geh\u00e4use besteht aus hochwertigem ABS-Kunststoff. Mit dem abnehmbaren Kabel ist der Hub sehr leicht aufzubewahren und f\u00fchlt sich neben dem privaten Einsatz auch im professionellen Umfeld durchaus wohl.<br \/>\n<div class=\"main-cross-sell\" data-asin=\"B09Q8VPBL1\">\n\n\t<div class=\"WooZone-cross-sell-loader\">\n\t\t<div>\n\t\t\t<div id=\"floatingBarsG\">\n\t\t\t\t<div class=\"blockG\" id=\"rotateG_01\"><\/div>\n\t\t\t\t<div class=\"blockG\" id=\"rotateG_02\"><\/div>\n\t\t\t\t<div class=\"blockG\" id=\"rotateG_03\"><\/div>\n\t\t\t\t<div class=\"blockG\" id=\"rotateG_04\"><\/div>\n\t\t\t\t<div class=\"blockG\" id=\"rotateG_05\"><\/div>\n\t\t\t\t<div class=\"blockG\" id=\"rotateG_06\"><\/div>\n\t\t\t\t<div class=\"blockG\" id=\"rotateG_07\"><\/div>\n\t\t\t\t<div class=\"blockG\" id=\"rotateG_08\"><\/div>\n\t\t\t<\/div>\n\t\t\t<div class=\"WooZone-cross-sell-loader-text\"><\/div>\n\t\t<\/div>\n\t<\/div>\n\n\t\t\n<\/div>\n<div style=\"clear:both;\"><\/div><\/p>\n","protected":false},"excerpt":{"rendered":"<p>Dieser praktische 7-Port USB Hub wird an einen Computer oder Laptop \u00fcber den USB-Typ-A-Anschluss angeschlossen. Er erweitert den Computer um 7 USB-Typ-A Anschl\u00fcsse. Damit k\u00f6nnen Sie problemlos eine Vielzahl von Peripherieger\u00e4ten, wie z. B. Tastaturen und M\u00e4use, Drucker, USB-Sticks usw. mit Ihrem Computer oder Laptop verbinden.<br \/>\nSeparater Schalter: Jeder Port ist mit einer LED-Anzeige versehen und kann per Schalter einzeln ein- oder ausgeschaltet werden. So wird das l\u00e4stige Ein- und Ausstecken von Ger\u00e4ten minimiert und f\u00fcr ein \u00fcbersichtliches und aufger\u00e4umtes Arbeitsumfeld gesorgt.<br \/>\n5 Gbit\/s \u00dcbertragungsgeschwindigkeit: Der USB 3.0 Anschluss besitzt eine Bandbreite von bis zu 5 GBit\/s. Sie k\u00f6nnen blitzschnell gro\u00dfe Dateien, HD-Filme oder Fotos \u00fcbertragen. Abw\u00e4rtskompatibel mit USB 2.0\/1.1<\/p>\n","protected":false},"featured_media":106758,"comment_status":"open","ping_status":"closed","template":"","meta":[],"product_brand":[],"product_cat":[863],"product_tag":[],"class_list":{"0":"post-106757","1":"product","2":"type-product","3":"status-publish","4":"has-post-thumbnail","6":"product_cat-computer-zubehoer","7":"pa_brand-jeswo","8":"pa_height-0-98425-zoll","9":"pa_length-6-02361-zoll","10":"pa_manufacturer-shenzhenshizhenxianhuodianzishangwuyouxiangongsi","11":"pa_weight-0-34392112872-pfund","12":"pa_width-1-822831-zoll","14":"first","15":"instock","16":"shipping-taxable","17":"purchasable","18":"product-type-simple","19":"customify-col","20":"product-has-gallery"},"yoast_head":"<!-- This site is optimized with the Yoast SEO plugin v27.3 - https:\/\/yoast.com\/product\/yoast-seo-wordpress\/ -->\n<title>USB HUB, JESWO USB 3.0 Hub mit 7 USB-A-Anschl\u00fcssen, 100 cm Kabel, 5V-Stromanschluss und Separater Schalter mit LED\u2026 - Markt-XXL<\/title>\n<meta name=\"description\" content=\"Markt-XXL USB HUB, JESWO USB 3.0 Hub mit 7 USB-A-Anschl\u00fcssen, 100 cm Kabel, 5V-Stromanschluss und Separater Schalter mit LED\u2026\" \/>\n<meta name=\"robots\" content=\"index, follow, max-snippet:-1, max-image-preview:large, max-video-preview:-1\" \/>\n<link rel=\"canonical\" href=\"https:\/\/marktxxl.de\/markt\/produkt\/usb-hub-jeswo-usb-3-0-hub-mit-7-usb-a-anschluessen-100-cm-kabel-5v-stromanschluss-und-separater-schalter-mit-led-anzeige-fuer-windows-10-mac-os-ipad-os-linux-2-6-14-und-mehr\/\" \/>\n<meta property=\"og:locale\" content=\"de_DE\" \/>\n<meta property=\"og:type\" content=\"article\" \/>\n<meta property=\"og:title\" content=\"USB HUB, JESWO USB 3.0 Hub mit 7 USB-A-Anschl\u00fcssen, 100 cm Kabel, 5V-Stromanschluss und Separater Schalter mit LED\u2026 - Markt-XXL\" \/>\n<meta property=\"og:description\" content=\"Markt-XXL USB HUB, JESWO USB 3.0 Hub mit 7 USB-A-Anschl\u00fcssen, 100 cm Kabel, 5V-Stromanschluss und Separater Schalter mit LED\u2026\" \/>\n<meta property=\"og:url\" content=\"https:\/\/marktxxl.de\/markt\/produkt\/usb-hub-jeswo-usb-3-0-hub-mit-7-usb-a-anschluessen-100-cm-kabel-5v-stromanschluss-und-separater-schalter-mit-led-anzeige-fuer-windows-10-mac-os-ipad-os-linux-2-6-14-und-mehr\/\" \/>\n<meta property=\"og:site_name\" content=\"Markt-XXL\" \/>\n<meta property=\"article:modified_time\" content=\"2023-04-09T01:06:32+00:00\" \/>\n<meta property=\"og:image\" content=\"https:\/\/m.media-amazon.com\/images\/I\/41vVqMeL6XL._SL500_.jpg\" \/>\n\t<meta property=\"og:image:width\" content=\"500\" \/>\n\t<meta property=\"og:image:height\" content=\"500\" \/>\n\t<meta property=\"og:image:type\" content=\"image\/jpeg\" \/>\n<meta name=\"twitter:card\" content=\"summary_large_image\" \/>\n<meta name=\"twitter:label1\" content=\"Gesch\u00e4tzte Lesezeit\" \/>\n\t<meta name=\"twitter:data1\" content=\"1\u00a0Minute\" \/>\n<script type=\"application\/ld+json\" class=\"yoast-schema-graph\">{\"@context\":\"https:\\\/\\\/schema.org\",\"@graph\":[{\"@type\":\"WebPage\",\"@id\":\"https:\\\/\\\/marktxxl.de\\\/markt\\\/produkt\\\/usb-hub-jeswo-usb-3-0-hub-mit-7-usb-a-anschluessen-100-cm-kabel-5v-stromanschluss-und-separater-schalter-mit-led-anzeige-fuer-windows-10-mac-os-ipad-os-linux-2-6-14-und-mehr\\\/\",\"url\":\"https:\\\/\\\/marktxxl.de\\\/markt\\\/produkt\\\/usb-hub-jeswo-usb-3-0-hub-mit-7-usb-a-anschluessen-100-cm-kabel-5v-stromanschluss-und-separater-schalter-mit-led-anzeige-fuer-windows-10-mac-os-ipad-os-linux-2-6-14-und-mehr\\\/\",\"name\":\"USB HUB, JESWO USB 3.0 Hub mit 7 USB-A-Anschl\u00fcssen, 100 cm Kabel, 5V-Stromanschluss und Separater Schalter mit LED\u2026 - Markt-XXL\",\"isPartOf\":{\"@id\":\"https:\\\/\\\/marktxxl.de\\\/markt\\\/#website\"},\"primaryImageOfPage\":{\"@id\":\"https:\\\/\\\/marktxxl.de\\\/markt\\\/produkt\\\/usb-hub-jeswo-usb-3-0-hub-mit-7-usb-a-anschluessen-100-cm-kabel-5v-stromanschluss-und-separater-schalter-mit-led-anzeige-fuer-windows-10-mac-os-ipad-os-linux-2-6-14-und-mehr\\\/#primaryimage\"},\"image\":{\"@id\":\"https:\\\/\\\/marktxxl.de\\\/markt\\\/produkt\\\/usb-hub-jeswo-usb-3-0-hub-mit-7-usb-a-anschluessen-100-cm-kabel-5v-stromanschluss-und-separater-schalter-mit-led-anzeige-fuer-windows-10-mac-os-ipad-os-linux-2-6-14-und-mehr\\\/#primaryimage\"},\"thumbnailUrl\":\"https:\\\/\\\/m.media-amazon.com\\\/images\\\/I\\\/41vVqMeL6XL._SL500_.jpg\",\"datePublished\":\"2022-02-26T14:55:17+00:00\",\"dateModified\":\"2023-04-09T01:06:32+00:00\",\"description\":\"Markt-XXL USB HUB, JESWO USB 3.0 Hub mit 7 USB-A-Anschl\u00fcssen, 100 cm Kabel, 5V-Stromanschluss und Separater Schalter mit LED\u2026\",\"breadcrumb\":{\"@id\":\"https:\\\/\\\/marktxxl.de\\\/markt\\\/produkt\\\/usb-hub-jeswo-usb-3-0-hub-mit-7-usb-a-anschluessen-100-cm-kabel-5v-stromanschluss-und-separater-schalter-mit-led-anzeige-fuer-windows-10-mac-os-ipad-os-linux-2-6-14-und-mehr\\\/#breadcrumb\"},\"inLanguage\":\"de\",\"potentialAction\":[{\"@type\":\"ReadAction\",\"target\":[\"https:\\\/\\\/marktxxl.de\\\/markt\\\/produkt\\\/usb-hub-jeswo-usb-3-0-hub-mit-7-usb-a-anschluessen-100-cm-kabel-5v-stromanschluss-und-separater-schalter-mit-led-anzeige-fuer-windows-10-mac-os-ipad-os-linux-2-6-14-und-mehr\\\/\"]}]},{\"@type\":\"ImageObject\",\"inLanguage\":\"de\",\"@id\":\"https:\\\/\\\/marktxxl.de\\\/markt\\\/produkt\\\/usb-hub-jeswo-usb-3-0-hub-mit-7-usb-a-anschluessen-100-cm-kabel-5v-stromanschluss-und-separater-schalter-mit-led-anzeige-fuer-windows-10-mac-os-ipad-os-linux-2-6-14-und-mehr\\\/#primaryimage\",\"url\":\"https:\\\/\\\/m.media-amazon.com\\\/images\\\/I\\\/41vVqMeL6XL._SL500_.jpg\",\"contentUrl\":\"https:\\\/\\\/m.media-amazon.com\\\/images\\\/I\\\/41vVqMeL6XL._SL500_.jpg\",\"width\":500,\"height\":500},{\"@type\":\"BreadcrumbList\",\"@id\":\"https:\\\/\\\/marktxxl.de\\\/markt\\\/produkt\\\/usb-hub-jeswo-usb-3-0-hub-mit-7-usb-a-anschluessen-100-cm-kabel-5v-stromanschluss-und-separater-schalter-mit-led-anzeige-fuer-windows-10-mac-os-ipad-os-linux-2-6-14-und-mehr\\\/#breadcrumb\",\"itemListElement\":[{\"@type\":\"ListItem\",\"position\":1,\"name\":\"Startseite\",\"item\":\"https:\\\/\\\/marktxxl.de\\\/markt\\\/\"},{\"@type\":\"ListItem\",\"position\":2,\"name\":\"Markt\",\"item\":\"https:\\\/\\\/marktxxl.de\\\/markt\\\/\"},{\"@type\":\"ListItem\",\"position\":3,\"name\":\"USB HUB, JESWO USB 3.0 Hub mit 7 USB-A-Anschl\u00fcssen, 100 cm Kabel, 5V-Stromanschluss und Separater Schalter mit LED\u2026\"}]},{\"@type\":\"WebSite\",\"@id\":\"https:\\\/\\\/marktxxl.de\\\/markt\\\/#website\",\"url\":\"https:\\\/\\\/marktxxl.de\\\/markt\\\/\",\"name\":\"Markt-XXL\",\"description\":\"Ihr Markt Online\",\"publisher\":{\"@id\":\"https:\\\/\\\/marktxxl.de\\\/markt\\\/#organization\"},\"potentialAction\":[{\"@type\":\"SearchAction\",\"target\":{\"@type\":\"EntryPoint\",\"urlTemplate\":\"https:\\\/\\\/marktxxl.de\\\/markt\\\/?s={search_term_string}\"},\"query-input\":{\"@type\":\"PropertyValueSpecification\",\"valueRequired\":true,\"valueName\":\"search_term_string\"}}],\"inLanguage\":\"de\"},{\"@type\":\"Organization\",\"@id\":\"https:\\\/\\\/marktxxl.de\\\/markt\\\/#organization\",\"name\":\"Markt-XXL\",\"url\":\"https:\\\/\\\/marktxxl.de\\\/markt\\\/\",\"logo\":{\"@type\":\"ImageObject\",\"inLanguage\":\"de\",\"@id\":\"https:\\\/\\\/marktxxl.de\\\/markt\\\/#\\\/schema\\\/logo\\\/image\\\/\",\"url\":\"https:\\\/\\\/marktxxl.de\\\/markt\\\/wp-content\\\/uploads\\\/sites\\\/3\\\/2020\\\/12\\\/logo.png\",\"contentUrl\":\"https:\\\/\\\/marktxxl.de\\\/markt\\\/wp-content\\\/uploads\\\/sites\\\/3\\\/2020\\\/12\\\/logo.png\",\"width\":200,\"height\":70,\"caption\":\"Markt-XXL\"},\"image\":{\"@id\":\"https:\\\/\\\/marktxxl.de\\\/markt\\\/#\\\/schema\\\/logo\\\/image\\\/\"}}]}<\/script>\n<!-- \/ Yoast SEO plugin. -->","yoast_head_json":{"title":"USB HUB, JESWO USB 3.0 Hub mit 7 USB-A-Anschl\u00fcssen, 100 cm Kabel, 5V-Stromanschluss und Separater Schalter mit LED\u2026 - Markt-XXL","description":"Markt-XXL USB HUB, JESWO USB 3.0 Hub mit 7 USB-A-Anschl\u00fcssen, 100 cm Kabel, 5V-Stromanschluss und Separater Schalter mit LED\u2026","robots":{"index":"index","follow":"follow","max-snippet":"max-snippet:-1","max-image-preview":"max-image-preview:large","max-video-preview":"max-video-preview:-1"},"canonical":"https:\/\/marktxxl.de\/markt\/produkt\/usb-hub-jeswo-usb-3-0-hub-mit-7-usb-a-anschluessen-100-cm-kabel-5v-stromanschluss-und-separater-schalter-mit-led-anzeige-fuer-windows-10-mac-os-ipad-os-linux-2-6-14-und-mehr\/","og_locale":"de_DE","og_type":"article","og_title":"USB HUB, JESWO USB 3.0 Hub mit 7 USB-A-Anschl\u00fcssen, 100 cm Kabel, 5V-Stromanschluss und Separater Schalter mit LED\u2026 - Markt-XXL","og_description":"Markt-XXL USB HUB, JESWO USB 3.0 Hub mit 7 USB-A-Anschl\u00fcssen, 100 cm Kabel, 5V-Stromanschluss und Separater Schalter mit LED\u2026","og_url":"https:\/\/marktxxl.de\/markt\/produkt\/usb-hub-jeswo-usb-3-0-hub-mit-7-usb-a-anschluessen-100-cm-kabel-5v-stromanschluss-und-separater-schalter-mit-led-anzeige-fuer-windows-10-mac-os-ipad-os-linux-2-6-14-und-mehr\/","og_site_name":"Markt-XXL","article_modified_time":"2023-04-09T01:06:32+00:00","og_image":[{"width":500,"height":500,"url":"https:\/\/m.media-amazon.com\/images\/I\/41vVqMeL6XL._SL500_.jpg","type":"image\/jpeg"}],"twitter_card":"summary_large_image","twitter_misc":{"Gesch\u00e4tzte Lesezeit":"1\u00a0Minute"},"schema":{"@context":"https:\/\/schema.org","@graph":[{"@type":"WebPage","@id":"https:\/\/marktxxl.de\/markt\/produkt\/usb-hub-jeswo-usb-3-0-hub-mit-7-usb-a-anschluessen-100-cm-kabel-5v-stromanschluss-und-separater-schalter-mit-led-anzeige-fuer-windows-10-mac-os-ipad-os-linux-2-6-14-und-mehr\/","url":"https:\/\/marktxxl.de\/markt\/produkt\/usb-hub-jeswo-usb-3-0-hub-mit-7-usb-a-anschluessen-100-cm-kabel-5v-stromanschluss-und-separater-schalter-mit-led-anzeige-fuer-windows-10-mac-os-ipad-os-linux-2-6-14-und-mehr\/","name":"USB HUB, JESWO USB 3.0 Hub mit 7 USB-A-Anschl\u00fcssen, 100 cm Kabel, 5V-Stromanschluss und Separater Schalter mit LED\u2026 - Markt-XXL","isPartOf":{"@id":"https:\/\/marktxxl.de\/markt\/#website"},"primaryImageOfPage":{"@id":"https:\/\/marktxxl.de\/markt\/produkt\/usb-hub-jeswo-usb-3-0-hub-mit-7-usb-a-anschluessen-100-cm-kabel-5v-stromanschluss-und-separater-schalter-mit-led-anzeige-fuer-windows-10-mac-os-ipad-os-linux-2-6-14-und-mehr\/#primaryimage"},"image":{"@id":"https:\/\/marktxxl.de\/markt\/produkt\/usb-hub-jeswo-usb-3-0-hub-mit-7-usb-a-anschluessen-100-cm-kabel-5v-stromanschluss-und-separater-schalter-mit-led-anzeige-fuer-windows-10-mac-os-ipad-os-linux-2-6-14-und-mehr\/#primaryimage"},"thumbnailUrl":"https:\/\/m.media-amazon.com\/images\/I\/41vVqMeL6XL._SL500_.jpg","datePublished":"2022-02-26T14:55:17+00:00","dateModified":"2023-04-09T01:06:32+00:00","description":"Markt-XXL USB HUB, JESWO USB 3.0 Hub mit 7 USB-A-Anschl\u00fcssen, 100 cm Kabel, 5V-Stromanschluss und Separater Schalter mit LED\u2026","breadcrumb":{"@id":"https:\/\/marktxxl.de\/markt\/produkt\/usb-hub-jeswo-usb-3-0-hub-mit-7-usb-a-anschluessen-100-cm-kabel-5v-stromanschluss-und-separater-schalter-mit-led-anzeige-fuer-windows-10-mac-os-ipad-os-linux-2-6-14-und-mehr\/#breadcrumb"},"inLanguage":"de","potentialAction":[{"@type":"ReadAction","target":["https:\/\/marktxxl.de\/markt\/produkt\/usb-hub-jeswo-usb-3-0-hub-mit-7-usb-a-anschluessen-100-cm-kabel-5v-stromanschluss-und-separater-schalter-mit-led-anzeige-fuer-windows-10-mac-os-ipad-os-linux-2-6-14-und-mehr\/"]}]},{"@type":"ImageObject","inLanguage":"de","@id":"https:\/\/marktxxl.de\/markt\/produkt\/usb-hub-jeswo-usb-3-0-hub-mit-7-usb-a-anschluessen-100-cm-kabel-5v-stromanschluss-und-separater-schalter-mit-led-anzeige-fuer-windows-10-mac-os-ipad-os-linux-2-6-14-und-mehr\/#primaryimage","url":"https:\/\/m.media-amazon.com\/images\/I\/41vVqMeL6XL._SL500_.jpg","contentUrl":"https:\/\/m.media-amazon.com\/images\/I\/41vVqMeL6XL._SL500_.jpg","width":500,"height":500},{"@type":"BreadcrumbList","@id":"https:\/\/marktxxl.de\/markt\/produkt\/usb-hub-jeswo-usb-3-0-hub-mit-7-usb-a-anschluessen-100-cm-kabel-5v-stromanschluss-und-separater-schalter-mit-led-anzeige-fuer-windows-10-mac-os-ipad-os-linux-2-6-14-und-mehr\/#breadcrumb","itemListElement":[{"@type":"ListItem","position":1,"name":"Startseite","item":"https:\/\/marktxxl.de\/markt\/"},{"@type":"ListItem","position":2,"name":"Markt","item":"https:\/\/marktxxl.de\/markt\/"},{"@type":"ListItem","position":3,"name":"USB HUB, JESWO USB 3.0 Hub mit 7 USB-A-Anschl\u00fcssen, 100 cm Kabel, 5V-Stromanschluss und Separater Schalter mit LED\u2026"}]},{"@type":"WebSite","@id":"https:\/\/marktxxl.de\/markt\/#website","url":"https:\/\/marktxxl.de\/markt\/","name":"Markt-XXL","description":"Ihr Markt Online","publisher":{"@id":"https:\/\/marktxxl.de\/markt\/#organization"},"potentialAction":[{"@type":"SearchAction","target":{"@type":"EntryPoint","urlTemplate":"https:\/\/marktxxl.de\/markt\/?s={search_term_string}"},"query-input":{"@type":"PropertyValueSpecification","valueRequired":true,"valueName":"search_term_string"}}],"inLanguage":"de"},{"@type":"Organization","@id":"https:\/\/marktxxl.de\/markt\/#organization","name":"Markt-XXL","url":"https:\/\/marktxxl.de\/markt\/","logo":{"@type":"ImageObject","inLanguage":"de","@id":"https:\/\/marktxxl.de\/markt\/#\/schema\/logo\/image\/","url":"https:\/\/marktxxl.de\/markt\/wp-content\/uploads\/sites\/3\/2020\/12\/logo.png","contentUrl":"https:\/\/marktxxl.de\/markt\/wp-content\/uploads\/sites\/3\/2020\/12\/logo.png","width":200,"height":70,"caption":"Markt-XXL"},"image":{"@id":"https:\/\/marktxxl.de\/markt\/#\/schema\/logo\/image\/"}}]}},"_links":{"self":[{"href":"https:\/\/marktxxl.de\/markt\/wp-json\/wp\/v2\/product\/106757","targetHints":{"allow":["GET"]}}],"collection":[{"href":"https:\/\/marktxxl.de\/markt\/wp-json\/wp\/v2\/product"}],"about":[{"href":"https:\/\/marktxxl.de\/markt\/wp-json\/wp\/v2\/types\/product"}],"replies":[{"embeddable":true,"href":"https:\/\/marktxxl.de\/markt\/wp-json\/wp\/v2\/comments?post=106757"}],"wp:featuredmedia":[{"embeddable":true,"href":"https:\/\/marktxxl.de\/markt\/wp-json\/wp\/v2\/media\/106758"}],"wp:attachment":[{"href":"https:\/\/marktxxl.de\/markt\/wp-json\/wp\/v2\/media?parent=106757"}],"wp:term":[{"taxonomy":"product_brand","embeddable":true,"href":"https:\/\/marktxxl.de\/markt\/wp-json\/wp\/v2\/product_brand?post=106757"},{"taxonomy":"product_cat","embeddable":true,"href":"https:\/\/marktxxl.de\/markt\/wp-json\/wp\/v2\/product_cat?post=106757"},{"taxonomy":"product_tag","embeddable":true,"href":"https:\/\/marktxxl.de\/markt\/wp-json\/wp\/v2\/product_tag?post=106757"}],"curies":[{"name":"wp","href":"https:\/\/api.w.org\/{rel}","templated":true}]}}