{"id":106749,"date":"2022-02-26T15:55:11","date_gmt":"2022-02-26T14:55:11","guid":{"rendered":"https:\/\/marktxxl.de\/markt\/produkt\/tastatur-huelle-mit-touchpad-fuer-ipad-102-zoll-2021-2020-2019-9-8-7-gen-ipad-air-3-ipad-pro-105-zoll-beleuchtete-abnehmbare-bluetooth-tastatur-mit-schutzhuelle-trackpad-qwertz-schwarz\/"},"modified":"2023-04-09T03:06:32","modified_gmt":"2023-04-09T01:06:32","slug":"tastatur-huelle-mit-touchpad-fuer-ipad-102-zoll-2021-2020-2019-9-8-7-gen-ipad-air-3-ipad-pro-105-zoll-beleuchtete-abnehmbare-bluetooth-tastatur-mit-schutzhuelle-trackpad-qwertz-schwarz","status":"publish","type":"product","link":"https:\/\/marktxxl.de\/markt\/produkt\/tastatur-huelle-mit-touchpad-fuer-ipad-102-zoll-2021-2020-2019-9-8-7-gen-ipad-air-3-ipad-pro-105-zoll-beleuchtete-abnehmbare-bluetooth-tastatur-mit-schutzhuelle-trackpad-qwertz-schwarz\/","title":{"rendered":"Tastatur H\u00fclle mit Touchpad f\u00fcr iPad 9 Gen\/iPad 8 Gen\/iPad 7 Gen (10,2 Zoll), iPad Air 3, iPad Pro 10,5 Zoll\u2026"},"content":{"rendered":"<p>Beleuchtet &amp; Wiederaufladbar: Die Bluetooth Wireless Keyboard verf\u00fcgt \u00fcber 7 farbige Hintergrundbeleuchtung, mit Fn+ Beleuchtungstaste lassen sich die 7 Farben beliebig einstellen, und f\u00fcr jede Farbe kann man 3 Helligkeitsstufen nach der Umgebung wechseln. Nach voller Aufladung kann man die Tastatur lang verwenden. Bitte vor der ersten Nutzung laden Sie die voll auf.<br \/>\nBluetooth Tastatur &amp; Abnehmbar: Die Funktastatur l\u00e4sst sich durch Bluetooth Funktion mit Tablets verbinden, Reichweite bis zu 10 M. \u00dcbrigens ist die Tastatur abnehmbar, man kann Ihr Tablet durch die kabellose Mini Tastatur von weitem steuern. Nat\u00fcrlich kann man die Tastatur mit der H\u00fclle und Tablet zusammen klappen.<br \/>\nKompatibilit\u00e4t: Kompatibel mit iPad 10.2 2021(9 Gen) -A2602\/A2603\/A2604\/A2605 ; iPad 10.2 2020 (8 Gen) -A2270\/A2428\/A2429\/A2430; iPad 10.2 2019 (7 Gen) -A2197 \/ A2200 \/ A2198 ; iPad Air 2019 (3 Gen) -A2152 \/ A2123 \/ A2153 \/ A2154 ; und iPad pro 10.5 2017 &#8211; A1701 \/ A1709 \/ A1852.<br \/>\nTouchpad eingebaut: Mit dem eingebauten Touchpad k\u00f6nnen Sie Ihr Tablet durch mehrere Gesten kontrolieren, ohne eine externe Maus zu brauchen, besser und praktischer zur Arbeit.<br \/>\nIn der Verpackung &#8211; 1x Bluetooth Tastatur, 1* Schutzh\u00fclle, 1* Bedienungsanleitung, 1* Type C Ladekabel<br \/>\n<div class=\"main-cross-sell\" data-asin=\"B09PG4YTV5\">\n\n\t<div class=\"WooZone-cross-sell-loader\">\n\t\t<div>\n\t\t\t<div id=\"floatingBarsG\">\n\t\t\t\t<div class=\"blockG\" id=\"rotateG_01\"><\/div>\n\t\t\t\t<div class=\"blockG\" id=\"rotateG_02\"><\/div>\n\t\t\t\t<div class=\"blockG\" id=\"rotateG_03\"><\/div>\n\t\t\t\t<div class=\"blockG\" id=\"rotateG_04\"><\/div>\n\t\t\t\t<div class=\"blockG\" id=\"rotateG_05\"><\/div>\n\t\t\t\t<div class=\"blockG\" id=\"rotateG_06\"><\/div>\n\t\t\t\t<div class=\"blockG\" id=\"rotateG_07\"><\/div>\n\t\t\t\t<div class=\"blockG\" id=\"rotateG_08\"><\/div>\n\t\t\t<\/div>\n\t\t\t<div class=\"WooZone-cross-sell-loader-text\"><\/div>\n\t\t<\/div>\n\t<\/div>\n\n\t\t\n<\/div>\n<div style=\"clear:both;\"><\/div><\/p>\n","protected":false},"excerpt":{"rendered":"<p>Beleuchtet &amp; Wiederaufladbar: Die Bluetooth Wireless Keyboard verf\u00fcgt \u00fcber 7 farbige Hintergrundbeleuchtung, mit Fn+ Beleuchtungstaste lassen sich die 7 Farben beliebig einstellen, und f\u00fcr jede Farbe kann man 3 Helligkeitsstufen nach der Umgebung wechseln. Nach voller Aufladung kann man die Tastatur lang verwenden. Bitte vor der ersten Nutzung laden Sie die voll auf.<br \/>\nBluetooth Tastatur &amp; Abnehmbar: Die Funktastatur l\u00e4sst sich durch Bluetooth Funktion mit Tablets verbinden, Reichweite bis zu 10 M. \u00dcbrigens ist die Tastatur abnehmbar, man kann Ihr Tablet durch die kabellose Mini Tastatur von weitem steuern. Nat\u00fcrlich kann man die Tastatur mit der H\u00fclle und Tablet zusammen klappen.<br \/>\nKompatibilit\u00e4t: Kompatibel mit iPad 10.2 2021(9 Gen) -A2602\/A2603\/A2604\/A2605 ; iPad 10.2 2020 (8 Gen) -A2270\/A2428\/A2429\/A2430; iPad 10.2 2019 (7 Gen) -A2197 \/ A2200 \/ A2198 ; iPad Air 2019 (3 Gen) -A2152 \/ A2123 \/ A2153 \/ A2154 ; und iPad pro 10.5 2017 &#8211; A1701 \/ A1709 \/ A1852.<\/p>\n","protected":false},"featured_media":106750,"comment_status":"open","ping_status":"closed","template":"","meta":[],"product_brand":[],"product_cat":[863],"product_tag":[],"class_list":{"0":"post-106749","1":"product","2":"type-product","3":"status-publish","4":"has-post-thumbnail","6":"product_cat-computer-zubehoer","7":"pa_brand-magofeliz","8":"pa_manufacturer-magofeliz","10":"first","11":"instock","12":"shipping-taxable","13":"purchasable","14":"product-type-simple","15":"customify-col","16":"product-has-gallery"},"yoast_head":"<!-- This site is optimized with the Yoast SEO plugin v27.4 - https:\/\/yoast.com\/product\/yoast-seo-wordpress\/ -->\n<title>Tastatur H\u00fclle mit Touchpad f\u00fcr iPad 9 Gen\/iPad 8 Gen\/iPad 7 Gen (10,2 Zoll), iPad Air 3, iPad Pro 10,5 Zoll\u2026 - Markt-XXL<\/title>\n<meta name=\"description\" content=\"Markt-XXL Tastatur H\u00fclle mit Touchpad f\u00fcr iPad 9 Gen\/iPad 8 Gen\/iPad 7 Gen (10,2 Zoll), iPad Air 3, iPad Pro 10,5 Zoll\u2026\" \/>\n<meta name=\"robots\" content=\"index, follow, max-snippet:-1, max-image-preview:large, max-video-preview:-1\" \/>\n<link rel=\"canonical\" href=\"https:\/\/marktxxl.de\/markt\/produkt\/tastatur-huelle-mit-touchpad-fuer-ipad-102-zoll-2021-2020-2019-9-8-7-gen-ipad-air-3-ipad-pro-105-zoll-beleuchtete-abnehmbare-bluetooth-tastatur-mit-schutzhuelle-trackpad-qwertz-schwarz\/\" \/>\n<meta property=\"og:locale\" content=\"de_DE\" \/>\n<meta property=\"og:type\" content=\"article\" \/>\n<meta property=\"og:title\" content=\"Tastatur H\u00fclle mit Touchpad f\u00fcr iPad 9 Gen\/iPad 8 Gen\/iPad 7 Gen (10,2 Zoll), iPad Air 3, iPad Pro 10,5 Zoll\u2026 - Markt-XXL\" \/>\n<meta property=\"og:description\" content=\"Markt-XXL Tastatur H\u00fclle mit Touchpad f\u00fcr iPad 9 Gen\/iPad 8 Gen\/iPad 7 Gen (10,2 Zoll), iPad Air 3, iPad Pro 10,5 Zoll\u2026\" \/>\n<meta property=\"og:url\" content=\"https:\/\/marktxxl.de\/markt\/produkt\/tastatur-huelle-mit-touchpad-fuer-ipad-102-zoll-2021-2020-2019-9-8-7-gen-ipad-air-3-ipad-pro-105-zoll-beleuchtete-abnehmbare-bluetooth-tastatur-mit-schutzhuelle-trackpad-qwertz-schwarz\/\" \/>\n<meta property=\"og:site_name\" content=\"Markt-XXL\" \/>\n<meta property=\"article:modified_time\" content=\"2023-04-09T01:06:32+00:00\" \/>\n<meta property=\"og:image\" content=\"https:\/\/m.media-amazon.com\/images\/I\/414gj3JCw5L._SL500_.jpg\" \/>\n\t<meta property=\"og:image:width\" content=\"500\" \/>\n\t<meta property=\"og:image:height\" content=\"500\" \/>\n\t<meta property=\"og:image:type\" content=\"image\/jpeg\" \/>\n<meta name=\"twitter:card\" content=\"summary_large_image\" \/>\n<meta name=\"twitter:label1\" content=\"Gesch\u00e4tzte Lesezeit\" \/>\n\t<meta name=\"twitter:data1\" content=\"1\u00a0Minute\" \/>\n<script type=\"application\/ld+json\" class=\"yoast-schema-graph\">{\"@context\":\"https:\\\/\\\/schema.org\",\"@graph\":[{\"@type\":\"WebPage\",\"@id\":\"https:\\\/\\\/marktxxl.de\\\/markt\\\/produkt\\\/tastatur-huelle-mit-touchpad-fuer-ipad-102-zoll-2021-2020-2019-9-8-7-gen-ipad-air-3-ipad-pro-105-zoll-beleuchtete-abnehmbare-bluetooth-tastatur-mit-schutzhuelle-trackpad-qwertz-schwarz\\\/\",\"url\":\"https:\\\/\\\/marktxxl.de\\\/markt\\\/produkt\\\/tastatur-huelle-mit-touchpad-fuer-ipad-102-zoll-2021-2020-2019-9-8-7-gen-ipad-air-3-ipad-pro-105-zoll-beleuchtete-abnehmbare-bluetooth-tastatur-mit-schutzhuelle-trackpad-qwertz-schwarz\\\/\",\"name\":\"Tastatur H\u00fclle mit Touchpad f\u00fcr iPad 9 Gen\\\/iPad 8 Gen\\\/iPad 7 Gen (10,2 Zoll), iPad Air 3, iPad Pro 10,5 Zoll\u2026 - Markt-XXL\",\"isPartOf\":{\"@id\":\"https:\\\/\\\/marktxxl.de\\\/markt\\\/#website\"},\"primaryImageOfPage\":{\"@id\":\"https:\\\/\\\/marktxxl.de\\\/markt\\\/produkt\\\/tastatur-huelle-mit-touchpad-fuer-ipad-102-zoll-2021-2020-2019-9-8-7-gen-ipad-air-3-ipad-pro-105-zoll-beleuchtete-abnehmbare-bluetooth-tastatur-mit-schutzhuelle-trackpad-qwertz-schwarz\\\/#primaryimage\"},\"image\":{\"@id\":\"https:\\\/\\\/marktxxl.de\\\/markt\\\/produkt\\\/tastatur-huelle-mit-touchpad-fuer-ipad-102-zoll-2021-2020-2019-9-8-7-gen-ipad-air-3-ipad-pro-105-zoll-beleuchtete-abnehmbare-bluetooth-tastatur-mit-schutzhuelle-trackpad-qwertz-schwarz\\\/#primaryimage\"},\"thumbnailUrl\":\"https:\\\/\\\/m.media-amazon.com\\\/images\\\/I\\\/414gj3JCw5L._SL500_.jpg\",\"datePublished\":\"2022-02-26T14:55:11+00:00\",\"dateModified\":\"2023-04-09T01:06:32+00:00\",\"description\":\"Markt-XXL Tastatur H\u00fclle mit Touchpad f\u00fcr iPad 9 Gen\\\/iPad 8 Gen\\\/iPad 7 Gen (10,2 Zoll), iPad Air 3, iPad Pro 10,5 Zoll\u2026\",\"breadcrumb\":{\"@id\":\"https:\\\/\\\/marktxxl.de\\\/markt\\\/produkt\\\/tastatur-huelle-mit-touchpad-fuer-ipad-102-zoll-2021-2020-2019-9-8-7-gen-ipad-air-3-ipad-pro-105-zoll-beleuchtete-abnehmbare-bluetooth-tastatur-mit-schutzhuelle-trackpad-qwertz-schwarz\\\/#breadcrumb\"},\"inLanguage\":\"de\",\"potentialAction\":[{\"@type\":\"ReadAction\",\"target\":[\"https:\\\/\\\/marktxxl.de\\\/markt\\\/produkt\\\/tastatur-huelle-mit-touchpad-fuer-ipad-102-zoll-2021-2020-2019-9-8-7-gen-ipad-air-3-ipad-pro-105-zoll-beleuchtete-abnehmbare-bluetooth-tastatur-mit-schutzhuelle-trackpad-qwertz-schwarz\\\/\"]}]},{\"@type\":\"ImageObject\",\"inLanguage\":\"de\",\"@id\":\"https:\\\/\\\/marktxxl.de\\\/markt\\\/produkt\\\/tastatur-huelle-mit-touchpad-fuer-ipad-102-zoll-2021-2020-2019-9-8-7-gen-ipad-air-3-ipad-pro-105-zoll-beleuchtete-abnehmbare-bluetooth-tastatur-mit-schutzhuelle-trackpad-qwertz-schwarz\\\/#primaryimage\",\"url\":\"https:\\\/\\\/m.media-amazon.com\\\/images\\\/I\\\/414gj3JCw5L._SL500_.jpg\",\"contentUrl\":\"https:\\\/\\\/m.media-amazon.com\\\/images\\\/I\\\/414gj3JCw5L._SL500_.jpg\",\"width\":500,\"height\":500},{\"@type\":\"BreadcrumbList\",\"@id\":\"https:\\\/\\\/marktxxl.de\\\/markt\\\/produkt\\\/tastatur-huelle-mit-touchpad-fuer-ipad-102-zoll-2021-2020-2019-9-8-7-gen-ipad-air-3-ipad-pro-105-zoll-beleuchtete-abnehmbare-bluetooth-tastatur-mit-schutzhuelle-trackpad-qwertz-schwarz\\\/#breadcrumb\",\"itemListElement\":[{\"@type\":\"ListItem\",\"position\":1,\"name\":\"Startseite\",\"item\":\"https:\\\/\\\/marktxxl.de\\\/markt\\\/\"},{\"@type\":\"ListItem\",\"position\":2,\"name\":\"Markt\",\"item\":\"https:\\\/\\\/marktxxl.de\\\/markt\\\/\"},{\"@type\":\"ListItem\",\"position\":3,\"name\":\"Tastatur H\u00fclle mit Touchpad f\u00fcr iPad 9 Gen\\\/iPad 8 Gen\\\/iPad 7 Gen (10,2 Zoll), iPad Air 3, iPad Pro 10,5 Zoll\u2026\"}]},{\"@type\":\"WebSite\",\"@id\":\"https:\\\/\\\/marktxxl.de\\\/markt\\\/#website\",\"url\":\"https:\\\/\\\/marktxxl.de\\\/markt\\\/\",\"name\":\"Markt-XXL\",\"description\":\"Ihr Markt Online\",\"publisher\":{\"@id\":\"https:\\\/\\\/marktxxl.de\\\/markt\\\/#organization\"},\"potentialAction\":[{\"@type\":\"SearchAction\",\"target\":{\"@type\":\"EntryPoint\",\"urlTemplate\":\"https:\\\/\\\/marktxxl.de\\\/markt\\\/?s={search_term_string}\"},\"query-input\":{\"@type\":\"PropertyValueSpecification\",\"valueRequired\":true,\"valueName\":\"search_term_string\"}}],\"inLanguage\":\"de\"},{\"@type\":\"Organization\",\"@id\":\"https:\\\/\\\/marktxxl.de\\\/markt\\\/#organization\",\"name\":\"Markt-XXL\",\"url\":\"https:\\\/\\\/marktxxl.de\\\/markt\\\/\",\"logo\":{\"@type\":\"ImageObject\",\"inLanguage\":\"de\",\"@id\":\"https:\\\/\\\/marktxxl.de\\\/markt\\\/#\\\/schema\\\/logo\\\/image\\\/\",\"url\":\"https:\\\/\\\/marktxxl.de\\\/markt\\\/wp-content\\\/uploads\\\/sites\\\/3\\\/2020\\\/12\\\/logo.png\",\"contentUrl\":\"https:\\\/\\\/marktxxl.de\\\/markt\\\/wp-content\\\/uploads\\\/sites\\\/3\\\/2020\\\/12\\\/logo.png\",\"width\":200,\"height\":70,\"caption\":\"Markt-XXL\"},\"image\":{\"@id\":\"https:\\\/\\\/marktxxl.de\\\/markt\\\/#\\\/schema\\\/logo\\\/image\\\/\"}}]}<\/script>\n<!-- \/ Yoast SEO plugin. -->","yoast_head_json":{"title":"Tastatur H\u00fclle mit Touchpad f\u00fcr iPad 9 Gen\/iPad 8 Gen\/iPad 7 Gen (10,2 Zoll), iPad Air 3, iPad Pro 10,5 Zoll\u2026 - Markt-XXL","description":"Markt-XXL Tastatur H\u00fclle mit Touchpad f\u00fcr iPad 9 Gen\/iPad 8 Gen\/iPad 7 Gen (10,2 Zoll), iPad Air 3, iPad Pro 10,5 Zoll\u2026","robots":{"index":"index","follow":"follow","max-snippet":"max-snippet:-1","max-image-preview":"max-image-preview:large","max-video-preview":"max-video-preview:-1"},"canonical":"https:\/\/marktxxl.de\/markt\/produkt\/tastatur-huelle-mit-touchpad-fuer-ipad-102-zoll-2021-2020-2019-9-8-7-gen-ipad-air-3-ipad-pro-105-zoll-beleuchtete-abnehmbare-bluetooth-tastatur-mit-schutzhuelle-trackpad-qwertz-schwarz\/","og_locale":"de_DE","og_type":"article","og_title":"Tastatur H\u00fclle mit Touchpad f\u00fcr iPad 9 Gen\/iPad 8 Gen\/iPad 7 Gen (10,2 Zoll), iPad Air 3, iPad Pro 10,5 Zoll\u2026 - Markt-XXL","og_description":"Markt-XXL Tastatur H\u00fclle mit Touchpad f\u00fcr iPad 9 Gen\/iPad 8 Gen\/iPad 7 Gen (10,2 Zoll), iPad Air 3, iPad Pro 10,5 Zoll\u2026","og_url":"https:\/\/marktxxl.de\/markt\/produkt\/tastatur-huelle-mit-touchpad-fuer-ipad-102-zoll-2021-2020-2019-9-8-7-gen-ipad-air-3-ipad-pro-105-zoll-beleuchtete-abnehmbare-bluetooth-tastatur-mit-schutzhuelle-trackpad-qwertz-schwarz\/","og_site_name":"Markt-XXL","article_modified_time":"2023-04-09T01:06:32+00:00","og_image":[{"width":500,"height":500,"url":"https:\/\/m.media-amazon.com\/images\/I\/414gj3JCw5L._SL500_.jpg","type":"image\/jpeg"}],"twitter_card":"summary_large_image","twitter_misc":{"Gesch\u00e4tzte Lesezeit":"1\u00a0Minute"},"schema":{"@context":"https:\/\/schema.org","@graph":[{"@type":"WebPage","@id":"https:\/\/marktxxl.de\/markt\/produkt\/tastatur-huelle-mit-touchpad-fuer-ipad-102-zoll-2021-2020-2019-9-8-7-gen-ipad-air-3-ipad-pro-105-zoll-beleuchtete-abnehmbare-bluetooth-tastatur-mit-schutzhuelle-trackpad-qwertz-schwarz\/","url":"https:\/\/marktxxl.de\/markt\/produkt\/tastatur-huelle-mit-touchpad-fuer-ipad-102-zoll-2021-2020-2019-9-8-7-gen-ipad-air-3-ipad-pro-105-zoll-beleuchtete-abnehmbare-bluetooth-tastatur-mit-schutzhuelle-trackpad-qwertz-schwarz\/","name":"Tastatur H\u00fclle mit Touchpad f\u00fcr iPad 9 Gen\/iPad 8 Gen\/iPad 7 Gen (10,2 Zoll), iPad Air 3, iPad Pro 10,5 Zoll\u2026 - Markt-XXL","isPartOf":{"@id":"https:\/\/marktxxl.de\/markt\/#website"},"primaryImageOfPage":{"@id":"https:\/\/marktxxl.de\/markt\/produkt\/tastatur-huelle-mit-touchpad-fuer-ipad-102-zoll-2021-2020-2019-9-8-7-gen-ipad-air-3-ipad-pro-105-zoll-beleuchtete-abnehmbare-bluetooth-tastatur-mit-schutzhuelle-trackpad-qwertz-schwarz\/#primaryimage"},"image":{"@id":"https:\/\/marktxxl.de\/markt\/produkt\/tastatur-huelle-mit-touchpad-fuer-ipad-102-zoll-2021-2020-2019-9-8-7-gen-ipad-air-3-ipad-pro-105-zoll-beleuchtete-abnehmbare-bluetooth-tastatur-mit-schutzhuelle-trackpad-qwertz-schwarz\/#primaryimage"},"thumbnailUrl":"https:\/\/m.media-amazon.com\/images\/I\/414gj3JCw5L._SL500_.jpg","datePublished":"2022-02-26T14:55:11+00:00","dateModified":"2023-04-09T01:06:32+00:00","description":"Markt-XXL Tastatur H\u00fclle mit Touchpad f\u00fcr iPad 9 Gen\/iPad 8 Gen\/iPad 7 Gen (10,2 Zoll), iPad Air 3, iPad Pro 10,5 Zoll\u2026","breadcrumb":{"@id":"https:\/\/marktxxl.de\/markt\/produkt\/tastatur-huelle-mit-touchpad-fuer-ipad-102-zoll-2021-2020-2019-9-8-7-gen-ipad-air-3-ipad-pro-105-zoll-beleuchtete-abnehmbare-bluetooth-tastatur-mit-schutzhuelle-trackpad-qwertz-schwarz\/#breadcrumb"},"inLanguage":"de","potentialAction":[{"@type":"ReadAction","target":["https:\/\/marktxxl.de\/markt\/produkt\/tastatur-huelle-mit-touchpad-fuer-ipad-102-zoll-2021-2020-2019-9-8-7-gen-ipad-air-3-ipad-pro-105-zoll-beleuchtete-abnehmbare-bluetooth-tastatur-mit-schutzhuelle-trackpad-qwertz-schwarz\/"]}]},{"@type":"ImageObject","inLanguage":"de","@id":"https:\/\/marktxxl.de\/markt\/produkt\/tastatur-huelle-mit-touchpad-fuer-ipad-102-zoll-2021-2020-2019-9-8-7-gen-ipad-air-3-ipad-pro-105-zoll-beleuchtete-abnehmbare-bluetooth-tastatur-mit-schutzhuelle-trackpad-qwertz-schwarz\/#primaryimage","url":"https:\/\/m.media-amazon.com\/images\/I\/414gj3JCw5L._SL500_.jpg","contentUrl":"https:\/\/m.media-amazon.com\/images\/I\/414gj3JCw5L._SL500_.jpg","width":500,"height":500},{"@type":"BreadcrumbList","@id":"https:\/\/marktxxl.de\/markt\/produkt\/tastatur-huelle-mit-touchpad-fuer-ipad-102-zoll-2021-2020-2019-9-8-7-gen-ipad-air-3-ipad-pro-105-zoll-beleuchtete-abnehmbare-bluetooth-tastatur-mit-schutzhuelle-trackpad-qwertz-schwarz\/#breadcrumb","itemListElement":[{"@type":"ListItem","position":1,"name":"Startseite","item":"https:\/\/marktxxl.de\/markt\/"},{"@type":"ListItem","position":2,"name":"Markt","item":"https:\/\/marktxxl.de\/markt\/"},{"@type":"ListItem","position":3,"name":"Tastatur H\u00fclle mit Touchpad f\u00fcr iPad 9 Gen\/iPad 8 Gen\/iPad 7 Gen (10,2 Zoll), iPad Air 3, iPad Pro 10,5 Zoll\u2026"}]},{"@type":"WebSite","@id":"https:\/\/marktxxl.de\/markt\/#website","url":"https:\/\/marktxxl.de\/markt\/","name":"Markt-XXL","description":"Ihr Markt Online","publisher":{"@id":"https:\/\/marktxxl.de\/markt\/#organization"},"potentialAction":[{"@type":"SearchAction","target":{"@type":"EntryPoint","urlTemplate":"https:\/\/marktxxl.de\/markt\/?s={search_term_string}"},"query-input":{"@type":"PropertyValueSpecification","valueRequired":true,"valueName":"search_term_string"}}],"inLanguage":"de"},{"@type":"Organization","@id":"https:\/\/marktxxl.de\/markt\/#organization","name":"Markt-XXL","url":"https:\/\/marktxxl.de\/markt\/","logo":{"@type":"ImageObject","inLanguage":"de","@id":"https:\/\/marktxxl.de\/markt\/#\/schema\/logo\/image\/","url":"https:\/\/marktxxl.de\/markt\/wp-content\/uploads\/sites\/3\/2020\/12\/logo.png","contentUrl":"https:\/\/marktxxl.de\/markt\/wp-content\/uploads\/sites\/3\/2020\/12\/logo.png","width":200,"height":70,"caption":"Markt-XXL"},"image":{"@id":"https:\/\/marktxxl.de\/markt\/#\/schema\/logo\/image\/"}}]}},"_links":{"self":[{"href":"https:\/\/marktxxl.de\/markt\/wp-json\/wp\/v2\/product\/106749","targetHints":{"allow":["GET"]}}],"collection":[{"href":"https:\/\/marktxxl.de\/markt\/wp-json\/wp\/v2\/product"}],"about":[{"href":"https:\/\/marktxxl.de\/markt\/wp-json\/wp\/v2\/types\/product"}],"replies":[{"embeddable":true,"href":"https:\/\/marktxxl.de\/markt\/wp-json\/wp\/v2\/comments?post=106749"}],"wp:featuredmedia":[{"embeddable":true,"href":"https:\/\/marktxxl.de\/markt\/wp-json\/wp\/v2\/media\/106750"}],"wp:attachment":[{"href":"https:\/\/marktxxl.de\/markt\/wp-json\/wp\/v2\/media?parent=106749"}],"wp:term":[{"taxonomy":"product_brand","embeddable":true,"href":"https:\/\/marktxxl.de\/markt\/wp-json\/wp\/v2\/product_brand?post=106749"},{"taxonomy":"product_cat","embeddable":true,"href":"https:\/\/marktxxl.de\/markt\/wp-json\/wp\/v2\/product_cat?post=106749"},{"taxonomy":"product_tag","embeddable":true,"href":"https:\/\/marktxxl.de\/markt\/wp-json\/wp\/v2\/product_tag?post=106749"}],"curies":[{"name":"wp","href":"https:\/\/api.w.org\/{rel}","templated":true}]}}