{"id":106724,"date":"2022-02-26T15:54:46","date_gmt":"2022-02-26T14:54:46","guid":{"rendered":"https:\/\/marktxxl.de\/markt\/produkt\/kabelloses-tastatur-maus-set-sbarda-deutsches-qwertz-layout-leise-tasten-und-maustasten-funkmaus-mit-dpi-taste-usb-empfaenger-pc-laptop-windows-macos-tv-schwarz\/"},"modified":"2023-04-09T03:06:31","modified_gmt":"2023-04-09T01:06:31","slug":"kabelloses-tastatur-maus-set-sbarda-deutsches-qwertz-layout-leise-tasten-und-maustasten-funkmaus-mit-dpi-taste-usb-empfaenger-pc-laptop-windows-macos-tv-schwarz","status":"publish","type":"product","link":"https:\/\/marktxxl.de\/markt\/produkt\/kabelloses-tastatur-maus-set-sbarda-deutsches-qwertz-layout-leise-tasten-und-maustasten-funkmaus-mit-dpi-taste-usb-empfaenger-pc-laptop-windows-macos-tv-schwarz\/","title":{"rendered":"Kabelloses Tastatur Maus Set-SBARDA Deutsches QWERTZ Layout, Leise Tasten und Maustasten, Funkmaus mit DPI-Taste, USB\u2026"},"content":{"rendered":"<p>Ger\u00e4uscharmes Design: Diese Tastatur reduziert die Ger\u00e4usche um 90 %, um die Konzentration zu verbessern, so dass Sie sich keine Sorgen machen m\u00fcssen, andere in jeder Umgebung zu st\u00f6ren.<br \/>\nKabelloses Arbeiten: Die latenzfreie kabellose 2,4-GHz-Verbindung sorgt f\uccb4r mehr Ordnung auf Ihrem Schreibtisch. 10 m kabellose Reichweite: Tastatur und Maus verwenden denselben USB-Mikroempf\ucc44nger f\uccb4r zus\ucc44tzlichen Komfort. Legen Sie den Empf\ucc44nger neben das Batteriefach der Maus, wenn Sie unterwegs sind.<br \/>\nElegantes Design in voller Gr\u00f6\u00dfe: Die kabellose Computertastatur hat 108 Tasten (deutsches QWERTZ-Tastaturlayout). Sie haben auch die Freiheit, die 12 Multimediatasten und das einzigartige Metall-Scrollrad der Maus nach Bedarf zu verwenden, um Ihnen ein perfektes Gef\u00fchl bei der Benutzung zu geben.<br \/>\nVielseitig: Plug and Play. Bei Apple-Ger\u00e4ten k\u00f6nnen Sie die Verbindung herstellen, indem Sie den USB-Empf\u00e4nger in das Konvertierungskabel und das C-Kabel in Ihr Apple-Ger\u00e4t einstecken.<br \/>\nUSB-Empf\u00e4nger: Der USB-Empf\u00e4nger wird neben dem Batteriefach der Maus aufbewahrt. Um sie zu verwenden, m\u00fcssen Sie die Batterieabdeckung der Maus \u00f6ffnen. Setzen Sie es dann neben dem Batteriefach ein. Dadurch geht der USB-Empf\u00e4nger nicht verloren und es wird Platz gespart.<br \/>\n<div class=\"main-cross-sell\" data-asin=\"B09SG6KJKZ\">\n\n\t<div class=\"WooZone-cross-sell-loader\">\n\t\t<div>\n\t\t\t<div id=\"floatingBarsG\">\n\t\t\t\t<div class=\"blockG\" id=\"rotateG_01\"><\/div>\n\t\t\t\t<div class=\"blockG\" id=\"rotateG_02\"><\/div>\n\t\t\t\t<div class=\"blockG\" id=\"rotateG_03\"><\/div>\n\t\t\t\t<div class=\"blockG\" id=\"rotateG_04\"><\/div>\n\t\t\t\t<div class=\"blockG\" id=\"rotateG_05\"><\/div>\n\t\t\t\t<div class=\"blockG\" id=\"rotateG_06\"><\/div>\n\t\t\t\t<div class=\"blockG\" id=\"rotateG_07\"><\/div>\n\t\t\t\t<div class=\"blockG\" id=\"rotateG_08\"><\/div>\n\t\t\t<\/div>\n\t\t\t<div class=\"WooZone-cross-sell-loader-text\"><\/div>\n\t\t<\/div>\n\t<\/div>\n\n\t\t\n<\/div>\n<div style=\"clear:both;\"><\/div><\/p>\n","protected":false},"excerpt":{"rendered":"<p>Ger\u00e4uscharmes Design: Diese Tastatur reduziert die Ger\u00e4usche um 90 %, um die Konzentration zu verbessern, so dass Sie sich keine Sorgen machen m\u00fcssen, andere in jeder Umgebung zu st\u00f6ren.<br \/>\nKabelloses Arbeiten: Die latenzfreie kabellose 2,4-GHz-Verbindung sorgt f\uccb4r mehr Ordnung auf Ihrem Schreibtisch. 10 m kabellose Reichweite: Tastatur und Maus verwenden denselben USB-Mikroempf\ucc44nger f\uccb4r zus\ucc44tzlichen Komfort. Legen Sie den Empf\ucc44nger neben das Batteriefach der Maus, wenn Sie unterwegs sind.<br \/>\nElegantes Design in voller Gr\u00f6\u00dfe: Die kabellose Computertastatur hat 108 Tasten (deutsches QWERTZ-Tastaturlayout). Sie haben auch die Freiheit, die 12 Multimediatasten und das einzigartige Metall-Scrollrad der Maus nach Bedarf zu verwenden, um Ihnen ein perfektes Gef\u00fchl bei der Benutzung zu geben.<\/p>\n","protected":false},"featured_media":106725,"comment_status":"open","ping_status":"closed","template":"","meta":[],"product_brand":[],"product_cat":[863],"product_tag":[],"class_list":{"0":"post-106724","1":"product","2":"type-product","3":"status-publish","4":"has-post-thumbnail","6":"product_cat-computer-zubehoer","7":"pa_brand-sbarda","8":"pa_height-1-zoll","9":"pa_length-17-4-zoll","10":"pa_manufacturer-sbarda","11":"pa_warranty-1-year-warranty-against-manufacturer-defects","12":"pa_width-5-39-zoll","14":"first","15":"instock","16":"shipping-taxable","17":"purchasable","18":"product-type-simple","19":"customify-col","20":"product-has-gallery"},"yoast_head":"<!-- This site is optimized with the Yoast SEO plugin v27.3 - https:\/\/yoast.com\/product\/yoast-seo-wordpress\/ -->\n<title>Kabelloses Tastatur Maus Set-SBARDA Deutsches QWERTZ Layout, Leise Tasten und Maustasten, Funkmaus mit DPI-Taste, USB\u2026 - Markt-XXL<\/title>\n<meta name=\"description\" content=\"Markt-XXL Kabelloses Tastatur Maus Set-SBARDA Deutsches QWERTZ Layout, Leise Tasten und Maustasten, Funkmaus mit DPI-Taste, USB\u2026\" \/>\n<meta name=\"robots\" content=\"index, follow, max-snippet:-1, max-image-preview:large, max-video-preview:-1\" \/>\n<link rel=\"canonical\" href=\"https:\/\/marktxxl.de\/markt\/produkt\/kabelloses-tastatur-maus-set-sbarda-deutsches-qwertz-layout-leise-tasten-und-maustasten-funkmaus-mit-dpi-taste-usb-empfaenger-pc-laptop-windows-macos-tv-schwarz\/\" \/>\n<meta property=\"og:locale\" content=\"de_DE\" \/>\n<meta property=\"og:type\" content=\"article\" \/>\n<meta property=\"og:title\" content=\"Kabelloses Tastatur Maus Set-SBARDA Deutsches QWERTZ Layout, Leise Tasten und Maustasten, Funkmaus mit DPI-Taste, USB\u2026 - Markt-XXL\" \/>\n<meta property=\"og:description\" content=\"Markt-XXL Kabelloses Tastatur Maus Set-SBARDA Deutsches QWERTZ Layout, Leise Tasten und Maustasten, Funkmaus mit DPI-Taste, USB\u2026\" \/>\n<meta property=\"og:url\" content=\"https:\/\/marktxxl.de\/markt\/produkt\/kabelloses-tastatur-maus-set-sbarda-deutsches-qwertz-layout-leise-tasten-und-maustasten-funkmaus-mit-dpi-taste-usb-empfaenger-pc-laptop-windows-macos-tv-schwarz\/\" \/>\n<meta property=\"og:site_name\" content=\"Markt-XXL\" \/>\n<meta property=\"article:modified_time\" content=\"2023-04-09T01:06:31+00:00\" \/>\n<meta property=\"og:image\" content=\"https:\/\/m.media-amazon.com\/images\/I\/41UfLFCKQKS._SL500_.jpg\" \/>\n\t<meta property=\"og:image:width\" content=\"500\" \/>\n\t<meta property=\"og:image:height\" content=\"500\" \/>\n\t<meta property=\"og:image:type\" content=\"image\/jpeg\" \/>\n<meta name=\"twitter:card\" content=\"summary_large_image\" \/>\n<meta name=\"twitter:label1\" content=\"Gesch\u00e4tzte Lesezeit\" \/>\n\t<meta name=\"twitter:data1\" content=\"1\u00a0Minute\" \/>\n<script type=\"application\/ld+json\" class=\"yoast-schema-graph\">{\"@context\":\"https:\\\/\\\/schema.org\",\"@graph\":[{\"@type\":\"WebPage\",\"@id\":\"https:\\\/\\\/marktxxl.de\\\/markt\\\/produkt\\\/kabelloses-tastatur-maus-set-sbarda-deutsches-qwertz-layout-leise-tasten-und-maustasten-funkmaus-mit-dpi-taste-usb-empfaenger-pc-laptop-windows-macos-tv-schwarz\\\/\",\"url\":\"https:\\\/\\\/marktxxl.de\\\/markt\\\/produkt\\\/kabelloses-tastatur-maus-set-sbarda-deutsches-qwertz-layout-leise-tasten-und-maustasten-funkmaus-mit-dpi-taste-usb-empfaenger-pc-laptop-windows-macos-tv-schwarz\\\/\",\"name\":\"Kabelloses Tastatur Maus Set-SBARDA Deutsches QWERTZ Layout, Leise Tasten und Maustasten, Funkmaus mit DPI-Taste, USB\u2026 - Markt-XXL\",\"isPartOf\":{\"@id\":\"https:\\\/\\\/marktxxl.de\\\/markt\\\/#website\"},\"primaryImageOfPage\":{\"@id\":\"https:\\\/\\\/marktxxl.de\\\/markt\\\/produkt\\\/kabelloses-tastatur-maus-set-sbarda-deutsches-qwertz-layout-leise-tasten-und-maustasten-funkmaus-mit-dpi-taste-usb-empfaenger-pc-laptop-windows-macos-tv-schwarz\\\/#primaryimage\"},\"image\":{\"@id\":\"https:\\\/\\\/marktxxl.de\\\/markt\\\/produkt\\\/kabelloses-tastatur-maus-set-sbarda-deutsches-qwertz-layout-leise-tasten-und-maustasten-funkmaus-mit-dpi-taste-usb-empfaenger-pc-laptop-windows-macos-tv-schwarz\\\/#primaryimage\"},\"thumbnailUrl\":\"https:\\\/\\\/m.media-amazon.com\\\/images\\\/I\\\/41UfLFCKQKS._SL500_.jpg\",\"datePublished\":\"2022-02-26T14:54:46+00:00\",\"dateModified\":\"2023-04-09T01:06:31+00:00\",\"description\":\"Markt-XXL Kabelloses Tastatur Maus Set-SBARDA Deutsches QWERTZ Layout, Leise Tasten und Maustasten, Funkmaus mit DPI-Taste, USB\u2026\",\"breadcrumb\":{\"@id\":\"https:\\\/\\\/marktxxl.de\\\/markt\\\/produkt\\\/kabelloses-tastatur-maus-set-sbarda-deutsches-qwertz-layout-leise-tasten-und-maustasten-funkmaus-mit-dpi-taste-usb-empfaenger-pc-laptop-windows-macos-tv-schwarz\\\/#breadcrumb\"},\"inLanguage\":\"de\",\"potentialAction\":[{\"@type\":\"ReadAction\",\"target\":[\"https:\\\/\\\/marktxxl.de\\\/markt\\\/produkt\\\/kabelloses-tastatur-maus-set-sbarda-deutsches-qwertz-layout-leise-tasten-und-maustasten-funkmaus-mit-dpi-taste-usb-empfaenger-pc-laptop-windows-macos-tv-schwarz\\\/\"]}]},{\"@type\":\"ImageObject\",\"inLanguage\":\"de\",\"@id\":\"https:\\\/\\\/marktxxl.de\\\/markt\\\/produkt\\\/kabelloses-tastatur-maus-set-sbarda-deutsches-qwertz-layout-leise-tasten-und-maustasten-funkmaus-mit-dpi-taste-usb-empfaenger-pc-laptop-windows-macos-tv-schwarz\\\/#primaryimage\",\"url\":\"https:\\\/\\\/m.media-amazon.com\\\/images\\\/I\\\/41UfLFCKQKS._SL500_.jpg\",\"contentUrl\":\"https:\\\/\\\/m.media-amazon.com\\\/images\\\/I\\\/41UfLFCKQKS._SL500_.jpg\",\"width\":500,\"height\":500},{\"@type\":\"BreadcrumbList\",\"@id\":\"https:\\\/\\\/marktxxl.de\\\/markt\\\/produkt\\\/kabelloses-tastatur-maus-set-sbarda-deutsches-qwertz-layout-leise-tasten-und-maustasten-funkmaus-mit-dpi-taste-usb-empfaenger-pc-laptop-windows-macos-tv-schwarz\\\/#breadcrumb\",\"itemListElement\":[{\"@type\":\"ListItem\",\"position\":1,\"name\":\"Startseite\",\"item\":\"https:\\\/\\\/marktxxl.de\\\/markt\\\/\"},{\"@type\":\"ListItem\",\"position\":2,\"name\":\"Markt\",\"item\":\"https:\\\/\\\/marktxxl.de\\\/markt\\\/\"},{\"@type\":\"ListItem\",\"position\":3,\"name\":\"Kabelloses Tastatur Maus Set-SBARDA Deutsches QWERTZ Layout, Leise Tasten und Maustasten, Funkmaus mit DPI-Taste, USB\u2026\"}]},{\"@type\":\"WebSite\",\"@id\":\"https:\\\/\\\/marktxxl.de\\\/markt\\\/#website\",\"url\":\"https:\\\/\\\/marktxxl.de\\\/markt\\\/\",\"name\":\"Markt-XXL\",\"description\":\"Ihr Markt Online\",\"publisher\":{\"@id\":\"https:\\\/\\\/marktxxl.de\\\/markt\\\/#organization\"},\"potentialAction\":[{\"@type\":\"SearchAction\",\"target\":{\"@type\":\"EntryPoint\",\"urlTemplate\":\"https:\\\/\\\/marktxxl.de\\\/markt\\\/?s={search_term_string}\"},\"query-input\":{\"@type\":\"PropertyValueSpecification\",\"valueRequired\":true,\"valueName\":\"search_term_string\"}}],\"inLanguage\":\"de\"},{\"@type\":\"Organization\",\"@id\":\"https:\\\/\\\/marktxxl.de\\\/markt\\\/#organization\",\"name\":\"Markt-XXL\",\"url\":\"https:\\\/\\\/marktxxl.de\\\/markt\\\/\",\"logo\":{\"@type\":\"ImageObject\",\"inLanguage\":\"de\",\"@id\":\"https:\\\/\\\/marktxxl.de\\\/markt\\\/#\\\/schema\\\/logo\\\/image\\\/\",\"url\":\"https:\\\/\\\/marktxxl.de\\\/markt\\\/wp-content\\\/uploads\\\/sites\\\/3\\\/2020\\\/12\\\/logo.png\",\"contentUrl\":\"https:\\\/\\\/marktxxl.de\\\/markt\\\/wp-content\\\/uploads\\\/sites\\\/3\\\/2020\\\/12\\\/logo.png\",\"width\":200,\"height\":70,\"caption\":\"Markt-XXL\"},\"image\":{\"@id\":\"https:\\\/\\\/marktxxl.de\\\/markt\\\/#\\\/schema\\\/logo\\\/image\\\/\"}}]}<\/script>\n<!-- \/ Yoast SEO plugin. -->","yoast_head_json":{"title":"Kabelloses Tastatur Maus Set-SBARDA Deutsches QWERTZ Layout, Leise Tasten und Maustasten, Funkmaus mit DPI-Taste, USB\u2026 - Markt-XXL","description":"Markt-XXL Kabelloses Tastatur Maus Set-SBARDA Deutsches QWERTZ Layout, Leise Tasten und Maustasten, Funkmaus mit DPI-Taste, USB\u2026","robots":{"index":"index","follow":"follow","max-snippet":"max-snippet:-1","max-image-preview":"max-image-preview:large","max-video-preview":"max-video-preview:-1"},"canonical":"https:\/\/marktxxl.de\/markt\/produkt\/kabelloses-tastatur-maus-set-sbarda-deutsches-qwertz-layout-leise-tasten-und-maustasten-funkmaus-mit-dpi-taste-usb-empfaenger-pc-laptop-windows-macos-tv-schwarz\/","og_locale":"de_DE","og_type":"article","og_title":"Kabelloses Tastatur Maus Set-SBARDA Deutsches QWERTZ Layout, Leise Tasten und Maustasten, Funkmaus mit DPI-Taste, USB\u2026 - Markt-XXL","og_description":"Markt-XXL Kabelloses Tastatur Maus Set-SBARDA Deutsches QWERTZ Layout, Leise Tasten und Maustasten, Funkmaus mit DPI-Taste, USB\u2026","og_url":"https:\/\/marktxxl.de\/markt\/produkt\/kabelloses-tastatur-maus-set-sbarda-deutsches-qwertz-layout-leise-tasten-und-maustasten-funkmaus-mit-dpi-taste-usb-empfaenger-pc-laptop-windows-macos-tv-schwarz\/","og_site_name":"Markt-XXL","article_modified_time":"2023-04-09T01:06:31+00:00","og_image":[{"width":500,"height":500,"url":"https:\/\/m.media-amazon.com\/images\/I\/41UfLFCKQKS._SL500_.jpg","type":"image\/jpeg"}],"twitter_card":"summary_large_image","twitter_misc":{"Gesch\u00e4tzte Lesezeit":"1\u00a0Minute"},"schema":{"@context":"https:\/\/schema.org","@graph":[{"@type":"WebPage","@id":"https:\/\/marktxxl.de\/markt\/produkt\/kabelloses-tastatur-maus-set-sbarda-deutsches-qwertz-layout-leise-tasten-und-maustasten-funkmaus-mit-dpi-taste-usb-empfaenger-pc-laptop-windows-macos-tv-schwarz\/","url":"https:\/\/marktxxl.de\/markt\/produkt\/kabelloses-tastatur-maus-set-sbarda-deutsches-qwertz-layout-leise-tasten-und-maustasten-funkmaus-mit-dpi-taste-usb-empfaenger-pc-laptop-windows-macos-tv-schwarz\/","name":"Kabelloses Tastatur Maus Set-SBARDA Deutsches QWERTZ Layout, Leise Tasten und Maustasten, Funkmaus mit DPI-Taste, USB\u2026 - Markt-XXL","isPartOf":{"@id":"https:\/\/marktxxl.de\/markt\/#website"},"primaryImageOfPage":{"@id":"https:\/\/marktxxl.de\/markt\/produkt\/kabelloses-tastatur-maus-set-sbarda-deutsches-qwertz-layout-leise-tasten-und-maustasten-funkmaus-mit-dpi-taste-usb-empfaenger-pc-laptop-windows-macos-tv-schwarz\/#primaryimage"},"image":{"@id":"https:\/\/marktxxl.de\/markt\/produkt\/kabelloses-tastatur-maus-set-sbarda-deutsches-qwertz-layout-leise-tasten-und-maustasten-funkmaus-mit-dpi-taste-usb-empfaenger-pc-laptop-windows-macos-tv-schwarz\/#primaryimage"},"thumbnailUrl":"https:\/\/m.media-amazon.com\/images\/I\/41UfLFCKQKS._SL500_.jpg","datePublished":"2022-02-26T14:54:46+00:00","dateModified":"2023-04-09T01:06:31+00:00","description":"Markt-XXL Kabelloses Tastatur Maus Set-SBARDA Deutsches QWERTZ Layout, Leise Tasten und Maustasten, Funkmaus mit DPI-Taste, USB\u2026","breadcrumb":{"@id":"https:\/\/marktxxl.de\/markt\/produkt\/kabelloses-tastatur-maus-set-sbarda-deutsches-qwertz-layout-leise-tasten-und-maustasten-funkmaus-mit-dpi-taste-usb-empfaenger-pc-laptop-windows-macos-tv-schwarz\/#breadcrumb"},"inLanguage":"de","potentialAction":[{"@type":"ReadAction","target":["https:\/\/marktxxl.de\/markt\/produkt\/kabelloses-tastatur-maus-set-sbarda-deutsches-qwertz-layout-leise-tasten-und-maustasten-funkmaus-mit-dpi-taste-usb-empfaenger-pc-laptop-windows-macos-tv-schwarz\/"]}]},{"@type":"ImageObject","inLanguage":"de","@id":"https:\/\/marktxxl.de\/markt\/produkt\/kabelloses-tastatur-maus-set-sbarda-deutsches-qwertz-layout-leise-tasten-und-maustasten-funkmaus-mit-dpi-taste-usb-empfaenger-pc-laptop-windows-macos-tv-schwarz\/#primaryimage","url":"https:\/\/m.media-amazon.com\/images\/I\/41UfLFCKQKS._SL500_.jpg","contentUrl":"https:\/\/m.media-amazon.com\/images\/I\/41UfLFCKQKS._SL500_.jpg","width":500,"height":500},{"@type":"BreadcrumbList","@id":"https:\/\/marktxxl.de\/markt\/produkt\/kabelloses-tastatur-maus-set-sbarda-deutsches-qwertz-layout-leise-tasten-und-maustasten-funkmaus-mit-dpi-taste-usb-empfaenger-pc-laptop-windows-macos-tv-schwarz\/#breadcrumb","itemListElement":[{"@type":"ListItem","position":1,"name":"Startseite","item":"https:\/\/marktxxl.de\/markt\/"},{"@type":"ListItem","position":2,"name":"Markt","item":"https:\/\/marktxxl.de\/markt\/"},{"@type":"ListItem","position":3,"name":"Kabelloses Tastatur Maus Set-SBARDA Deutsches QWERTZ Layout, Leise Tasten und Maustasten, Funkmaus mit DPI-Taste, USB\u2026"}]},{"@type":"WebSite","@id":"https:\/\/marktxxl.de\/markt\/#website","url":"https:\/\/marktxxl.de\/markt\/","name":"Markt-XXL","description":"Ihr Markt Online","publisher":{"@id":"https:\/\/marktxxl.de\/markt\/#organization"},"potentialAction":[{"@type":"SearchAction","target":{"@type":"EntryPoint","urlTemplate":"https:\/\/marktxxl.de\/markt\/?s={search_term_string}"},"query-input":{"@type":"PropertyValueSpecification","valueRequired":true,"valueName":"search_term_string"}}],"inLanguage":"de"},{"@type":"Organization","@id":"https:\/\/marktxxl.de\/markt\/#organization","name":"Markt-XXL","url":"https:\/\/marktxxl.de\/markt\/","logo":{"@type":"ImageObject","inLanguage":"de","@id":"https:\/\/marktxxl.de\/markt\/#\/schema\/logo\/image\/","url":"https:\/\/marktxxl.de\/markt\/wp-content\/uploads\/sites\/3\/2020\/12\/logo.png","contentUrl":"https:\/\/marktxxl.de\/markt\/wp-content\/uploads\/sites\/3\/2020\/12\/logo.png","width":200,"height":70,"caption":"Markt-XXL"},"image":{"@id":"https:\/\/marktxxl.de\/markt\/#\/schema\/logo\/image\/"}}]}},"_links":{"self":[{"href":"https:\/\/marktxxl.de\/markt\/wp-json\/wp\/v2\/product\/106724","targetHints":{"allow":["GET"]}}],"collection":[{"href":"https:\/\/marktxxl.de\/markt\/wp-json\/wp\/v2\/product"}],"about":[{"href":"https:\/\/marktxxl.de\/markt\/wp-json\/wp\/v2\/types\/product"}],"replies":[{"embeddable":true,"href":"https:\/\/marktxxl.de\/markt\/wp-json\/wp\/v2\/comments?post=106724"}],"wp:featuredmedia":[{"embeddable":true,"href":"https:\/\/marktxxl.de\/markt\/wp-json\/wp\/v2\/media\/106725"}],"wp:attachment":[{"href":"https:\/\/marktxxl.de\/markt\/wp-json\/wp\/v2\/media?parent=106724"}],"wp:term":[{"taxonomy":"product_brand","embeddable":true,"href":"https:\/\/marktxxl.de\/markt\/wp-json\/wp\/v2\/product_brand?post=106724"},{"taxonomy":"product_cat","embeddable":true,"href":"https:\/\/marktxxl.de\/markt\/wp-json\/wp\/v2\/product_cat?post=106724"},{"taxonomy":"product_tag","embeddable":true,"href":"https:\/\/marktxxl.de\/markt\/wp-json\/wp\/v2\/product_tag?post=106724"}],"curies":[{"name":"wp","href":"https:\/\/api.w.org\/{rel}","templated":true}]}}