{"id":106674,"date":"2022-02-26T15:51:49","date_gmt":"2022-02-26T14:51:49","guid":{"rendered":"https:\/\/marktxxl.de\/markt\/produkt\/tastatur-maus-set-kabellos-usb-2-4g-leise-ergonomische-slim-qwertz-tastatur-und-maus-wireless-kabellose-tastatur-set-fuer-windowsmac-computerpc-laptop-smart-tv-schwarz\/"},"modified":"2023-04-09T03:06:30","modified_gmt":"2023-04-09T01:06:30","slug":"tastatur-maus-set-kabellos-usb-2-4g-leise-ergonomische-slim-qwertz-tastatur-und-maus-wireless-kabellose-tastatur-set-fuer-windowsmac-computerpc-laptop-smart-tv-schwarz","status":"publish","type":"product","link":"https:\/\/marktxxl.de\/markt\/produkt\/tastatur-maus-set-kabellos-usb-2-4g-leise-ergonomische-slim-qwertz-tastatur-und-maus-wireless-kabellose-tastatur-set-fuer-windowsmac-computerpc-laptop-smart-tv-schwarz\/","title":{"rendered":"Tastatur Und Maus Set Kabellos &#8211; USB 2.4G Leise Ergonomische Slim QWERTZ Tastatur und Maus Wireless Kabellose Tastatur\u2026"},"content":{"rendered":"<p>\u3010Superior Energie Sparen\u3011 Die Tastatur und Maus Set Kabellos haben einen eigenen Schalter zum Ein- und Ausschalten, wodurch unn\u00f6tiger Batterieverbrauch gespart wird. Wenn es nach 10 Minuten keine Operation gibt, wechselt die Kombination automatisch in den Ruhemodus, um Energie zu sparen,und dr\u00fccken dann eine beliebige Taste, um sie zu aktivieren. (Batterie nicht enth\u00e4ltlich)<br \/>\n\u3010Kompakt Tastatur und Maus Set\u3011ULTRA D\u00dcNNES PROFIL UND KOMPAKTE TASTATUR. Der d\u00fcnnste Teil der Wireless Tastatur ist nur 5 mm, kompakt und leicht zu tragen. Ist die L\u00e4nge k\u00fcrzer als in voller Gr\u00f6\u00dfe Tastatur, um Speicherplatz zu sparen. Kabelloses Design gibt Ihnen einen saubereren Desktop, Und loswerden der Probleme durch das Kabel verursacht.<br \/>\n\u3010Praktisch&amp; Ergonomische Design \u3011Das ergonomische Design und die Chiclet-Tasten mit Tempowellen sorgen f\u00fcr einen geschmeidigeren Griff und reduzieren Tippfehler bis zu einem gewissen Grad.PLUG&amp;PLAY. Schlie\u00dfen Sie einfach den kleinen USB Empf\u00e4nger an einen USB-Anschluss an und Ihre Tastatur und Maus sind bereit zu gehen.<br \/>\n\u3010Weite Kompatibilit\u00e4t\u3011Die Funktastatur und Maus funktionieren \u00fcber USB Emf\u00e4nger, gut geeignet f\u00fcr den B\u00fcro- und Heimgebrauch. Kompatibel mit Windows 2000, XP, Vista, Win 7, Win 8, Win 10, usw. 12 Multimedia-Shortcuts bieten gro\u00dfen Komfort f\u00fcr Unterhaltung und Arbeit (Hinweis: Diese Funktion ist nicht mit Mac OS kompatibel).<br \/>\n\u3010Glatt Tippen Tastatur\u3011 Die Kabellose Tastatur besteht aus einer Aluminiumlegierung, um die Tastatur beim Tippen stabiler, leiser und angenehmer zu machen.<br \/>\n<div class=\"main-cross-sell\" data-asin=\"B09SKYD12J\">\n\n\t<div class=\"WooZone-cross-sell-loader\">\n\t\t<div>\n\t\t\t<div id=\"floatingBarsG\">\n\t\t\t\t<div class=\"blockG\" id=\"rotateG_01\"><\/div>\n\t\t\t\t<div class=\"blockG\" id=\"rotateG_02\"><\/div>\n\t\t\t\t<div class=\"blockG\" id=\"rotateG_03\"><\/div>\n\t\t\t\t<div class=\"blockG\" id=\"rotateG_04\"><\/div>\n\t\t\t\t<div class=\"blockG\" id=\"rotateG_05\"><\/div>\n\t\t\t\t<div class=\"blockG\" id=\"rotateG_06\"><\/div>\n\t\t\t\t<div class=\"blockG\" id=\"rotateG_07\"><\/div>\n\t\t\t\t<div class=\"blockG\" id=\"rotateG_08\"><\/div>\n\t\t\t<\/div>\n\t\t\t<div class=\"WooZone-cross-sell-loader-text\"><\/div>\n\t\t<\/div>\n\t<\/div>\n\n\t\t\n<\/div>\n<div style=\"clear:both;\"><\/div><\/p>\n","protected":false},"excerpt":{"rendered":"<p>\u3010Superior Energie Sparen\u3011 Die Tastatur und Maus Set Kabellos haben einen eigenen Schalter zum Ein- und Ausschalten, wodurch unn\u00f6tiger Batterieverbrauch gespart wird. Wenn es nach 10 Minuten keine Operation gibt, wechselt die Kombination automatisch in den Ruhemodus, um Energie zu sparen,und dr\u00fccken dann eine beliebige Taste, um sie zu aktivieren. (Batterie nicht enth\u00e4ltlich)<br \/>\n\u3010Kompakt Tastatur und Maus Set\u3011ULTRA D\u00dcNNES PROFIL UND KOMPAKTE TASTATUR. Der d\u00fcnnste Teil der Wireless Tastatur ist nur 5 mm, kompakt und leicht zu tragen. Ist die L\u00e4nge k\u00fcrzer als in voller Gr\u00f6\u00dfe Tastatur, um Speicherplatz zu sparen. Kabelloses Design gibt Ihnen einen saubereren Desktop, Und loswerden der Probleme durch das Kabel verursacht.<br \/>\n\u3010Praktisch&amp; Ergonomische Design \u3011Das ergonomische Design und die Chiclet-Tasten mit Tempowellen sorgen f\u00fcr einen geschmeidigeren Griff und reduzieren Tippfehler bis zu einem gewissen Grad.PLUG&amp;PLAY. Schlie\u00dfen Sie einfach den kleinen USB Empf\u00e4nger an einen USB-Anschluss an und Ihre Tastatur und Maus sind bereit zu gehen.<\/p>\n","protected":false},"featured_media":106675,"comment_status":"open","ping_status":"closed","template":"","meta":[],"product_brand":[],"product_cat":[863],"product_tag":[],"class_list":{"0":"post-106674","1":"product","2":"type-product","3":"status-publish","4":"has-post-thumbnail","6":"product_cat-computer-zubehoer","7":"pa_brand-ibera","8":"pa_color-schwarz","9":"pa_manufacturer-ibera","10":"pa_model-tastatur-maus-set-kabellos","11":"pa_warranty-1-year-warranty-on-parts","13":"first","14":"instock","15":"shipping-taxable","16":"purchasable","17":"product-type-simple","18":"customify-col","19":"product-has-gallery"},"yoast_head":"<!-- This site is optimized with the Yoast SEO plugin v27.4 - https:\/\/yoast.com\/product\/yoast-seo-wordpress\/ -->\n<title>Tastatur Und Maus Set Kabellos - USB 2.4G Leise Ergonomische Slim QWERTZ Tastatur und Maus Wireless Kabellose Tastatur\u2026 - Markt-XXL<\/title>\n<meta name=\"description\" content=\"Markt-XXL Tastatur Und Maus Set Kabellos - USB 2.4G Leise Ergonomische Slim QWERTZ Tastatur und Maus Wireless Kabellose Tastatur\u2026\" \/>\n<meta name=\"robots\" content=\"index, follow, max-snippet:-1, max-image-preview:large, max-video-preview:-1\" \/>\n<link rel=\"canonical\" href=\"https:\/\/marktxxl.de\/markt\/produkt\/tastatur-maus-set-kabellos-usb-2-4g-leise-ergonomische-slim-qwertz-tastatur-und-maus-wireless-kabellose-tastatur-set-fuer-windowsmac-computerpc-laptop-smart-tv-schwarz\/\" \/>\n<meta property=\"og:locale\" content=\"de_DE\" \/>\n<meta property=\"og:type\" content=\"article\" \/>\n<meta property=\"og:title\" content=\"Tastatur Und Maus Set Kabellos - USB 2.4G Leise Ergonomische Slim QWERTZ Tastatur und Maus Wireless Kabellose Tastatur\u2026 - Markt-XXL\" \/>\n<meta property=\"og:description\" content=\"Markt-XXL Tastatur Und Maus Set Kabellos - USB 2.4G Leise Ergonomische Slim QWERTZ Tastatur und Maus Wireless Kabellose Tastatur\u2026\" \/>\n<meta property=\"og:url\" content=\"https:\/\/marktxxl.de\/markt\/produkt\/tastatur-maus-set-kabellos-usb-2-4g-leise-ergonomische-slim-qwertz-tastatur-und-maus-wireless-kabellose-tastatur-set-fuer-windowsmac-computerpc-laptop-smart-tv-schwarz\/\" \/>\n<meta property=\"og:site_name\" content=\"Markt-XXL\" \/>\n<meta property=\"article:modified_time\" content=\"2023-04-09T01:06:30+00:00\" \/>\n<meta property=\"og:image\" content=\"https:\/\/m.media-amazon.com\/images\/I\/41-PPMER+IL._SL500_.jpg\" \/>\n\t<meta property=\"og:image:width\" content=\"500\" \/>\n\t<meta property=\"og:image:height\" content=\"500\" \/>\n\t<meta property=\"og:image:type\" content=\"image\/jpeg\" \/>\n<meta name=\"twitter:card\" content=\"summary_large_image\" \/>\n<meta name=\"twitter:label1\" content=\"Gesch\u00e4tzte Lesezeit\" \/>\n\t<meta name=\"twitter:data1\" content=\"1\u00a0Minute\" \/>\n<script type=\"application\/ld+json\" class=\"yoast-schema-graph\">{\"@context\":\"https:\\\/\\\/schema.org\",\"@graph\":[{\"@type\":\"WebPage\",\"@id\":\"https:\\\/\\\/marktxxl.de\\\/markt\\\/produkt\\\/tastatur-maus-set-kabellos-usb-2-4g-leise-ergonomische-slim-qwertz-tastatur-und-maus-wireless-kabellose-tastatur-set-fuer-windowsmac-computerpc-laptop-smart-tv-schwarz\\\/\",\"url\":\"https:\\\/\\\/marktxxl.de\\\/markt\\\/produkt\\\/tastatur-maus-set-kabellos-usb-2-4g-leise-ergonomische-slim-qwertz-tastatur-und-maus-wireless-kabellose-tastatur-set-fuer-windowsmac-computerpc-laptop-smart-tv-schwarz\\\/\",\"name\":\"Tastatur Und Maus Set Kabellos - USB 2.4G Leise Ergonomische Slim QWERTZ Tastatur und Maus Wireless Kabellose Tastatur\u2026 - Markt-XXL\",\"isPartOf\":{\"@id\":\"https:\\\/\\\/marktxxl.de\\\/markt\\\/#website\"},\"primaryImageOfPage\":{\"@id\":\"https:\\\/\\\/marktxxl.de\\\/markt\\\/produkt\\\/tastatur-maus-set-kabellos-usb-2-4g-leise-ergonomische-slim-qwertz-tastatur-und-maus-wireless-kabellose-tastatur-set-fuer-windowsmac-computerpc-laptop-smart-tv-schwarz\\\/#primaryimage\"},\"image\":{\"@id\":\"https:\\\/\\\/marktxxl.de\\\/markt\\\/produkt\\\/tastatur-maus-set-kabellos-usb-2-4g-leise-ergonomische-slim-qwertz-tastatur-und-maus-wireless-kabellose-tastatur-set-fuer-windowsmac-computerpc-laptop-smart-tv-schwarz\\\/#primaryimage\"},\"thumbnailUrl\":\"https:\\\/\\\/m.media-amazon.com\\\/images\\\/I\\\/41-PPMER+IL._SL500_.jpg\",\"datePublished\":\"2022-02-26T14:51:49+00:00\",\"dateModified\":\"2023-04-09T01:06:30+00:00\",\"description\":\"Markt-XXL Tastatur Und Maus Set Kabellos - USB 2.4G Leise Ergonomische Slim QWERTZ Tastatur und Maus Wireless Kabellose Tastatur\u2026\",\"breadcrumb\":{\"@id\":\"https:\\\/\\\/marktxxl.de\\\/markt\\\/produkt\\\/tastatur-maus-set-kabellos-usb-2-4g-leise-ergonomische-slim-qwertz-tastatur-und-maus-wireless-kabellose-tastatur-set-fuer-windowsmac-computerpc-laptop-smart-tv-schwarz\\\/#breadcrumb\"},\"inLanguage\":\"de\",\"potentialAction\":[{\"@type\":\"ReadAction\",\"target\":[\"https:\\\/\\\/marktxxl.de\\\/markt\\\/produkt\\\/tastatur-maus-set-kabellos-usb-2-4g-leise-ergonomische-slim-qwertz-tastatur-und-maus-wireless-kabellose-tastatur-set-fuer-windowsmac-computerpc-laptop-smart-tv-schwarz\\\/\"]}]},{\"@type\":\"ImageObject\",\"inLanguage\":\"de\",\"@id\":\"https:\\\/\\\/marktxxl.de\\\/markt\\\/produkt\\\/tastatur-maus-set-kabellos-usb-2-4g-leise-ergonomische-slim-qwertz-tastatur-und-maus-wireless-kabellose-tastatur-set-fuer-windowsmac-computerpc-laptop-smart-tv-schwarz\\\/#primaryimage\",\"url\":\"https:\\\/\\\/m.media-amazon.com\\\/images\\\/I\\\/41-PPMER+IL._SL500_.jpg\",\"contentUrl\":\"https:\\\/\\\/m.media-amazon.com\\\/images\\\/I\\\/41-PPMER+IL._SL500_.jpg\",\"width\":500,\"height\":500},{\"@type\":\"BreadcrumbList\",\"@id\":\"https:\\\/\\\/marktxxl.de\\\/markt\\\/produkt\\\/tastatur-maus-set-kabellos-usb-2-4g-leise-ergonomische-slim-qwertz-tastatur-und-maus-wireless-kabellose-tastatur-set-fuer-windowsmac-computerpc-laptop-smart-tv-schwarz\\\/#breadcrumb\",\"itemListElement\":[{\"@type\":\"ListItem\",\"position\":1,\"name\":\"Startseite\",\"item\":\"https:\\\/\\\/marktxxl.de\\\/markt\\\/\"},{\"@type\":\"ListItem\",\"position\":2,\"name\":\"Markt\",\"item\":\"https:\\\/\\\/marktxxl.de\\\/markt\\\/\"},{\"@type\":\"ListItem\",\"position\":3,\"name\":\"Tastatur Und Maus Set Kabellos &#8211; USB 2.4G Leise Ergonomische Slim QWERTZ Tastatur und Maus Wireless Kabellose Tastatur\u2026\"}]},{\"@type\":\"WebSite\",\"@id\":\"https:\\\/\\\/marktxxl.de\\\/markt\\\/#website\",\"url\":\"https:\\\/\\\/marktxxl.de\\\/markt\\\/\",\"name\":\"Markt-XXL\",\"description\":\"Ihr Markt Online\",\"publisher\":{\"@id\":\"https:\\\/\\\/marktxxl.de\\\/markt\\\/#organization\"},\"potentialAction\":[{\"@type\":\"SearchAction\",\"target\":{\"@type\":\"EntryPoint\",\"urlTemplate\":\"https:\\\/\\\/marktxxl.de\\\/markt\\\/?s={search_term_string}\"},\"query-input\":{\"@type\":\"PropertyValueSpecification\",\"valueRequired\":true,\"valueName\":\"search_term_string\"}}],\"inLanguage\":\"de\"},{\"@type\":\"Organization\",\"@id\":\"https:\\\/\\\/marktxxl.de\\\/markt\\\/#organization\",\"name\":\"Markt-XXL\",\"url\":\"https:\\\/\\\/marktxxl.de\\\/markt\\\/\",\"logo\":{\"@type\":\"ImageObject\",\"inLanguage\":\"de\",\"@id\":\"https:\\\/\\\/marktxxl.de\\\/markt\\\/#\\\/schema\\\/logo\\\/image\\\/\",\"url\":\"https:\\\/\\\/marktxxl.de\\\/markt\\\/wp-content\\\/uploads\\\/sites\\\/3\\\/2020\\\/12\\\/logo.png\",\"contentUrl\":\"https:\\\/\\\/marktxxl.de\\\/markt\\\/wp-content\\\/uploads\\\/sites\\\/3\\\/2020\\\/12\\\/logo.png\",\"width\":200,\"height\":70,\"caption\":\"Markt-XXL\"},\"image\":{\"@id\":\"https:\\\/\\\/marktxxl.de\\\/markt\\\/#\\\/schema\\\/logo\\\/image\\\/\"}}]}<\/script>\n<!-- \/ Yoast SEO plugin. -->","yoast_head_json":{"title":"Tastatur Und Maus Set Kabellos - USB 2.4G Leise Ergonomische Slim QWERTZ Tastatur und Maus Wireless Kabellose Tastatur\u2026 - Markt-XXL","description":"Markt-XXL Tastatur Und Maus Set Kabellos - USB 2.4G Leise Ergonomische Slim QWERTZ Tastatur und Maus Wireless Kabellose Tastatur\u2026","robots":{"index":"index","follow":"follow","max-snippet":"max-snippet:-1","max-image-preview":"max-image-preview:large","max-video-preview":"max-video-preview:-1"},"canonical":"https:\/\/marktxxl.de\/markt\/produkt\/tastatur-maus-set-kabellos-usb-2-4g-leise-ergonomische-slim-qwertz-tastatur-und-maus-wireless-kabellose-tastatur-set-fuer-windowsmac-computerpc-laptop-smart-tv-schwarz\/","og_locale":"de_DE","og_type":"article","og_title":"Tastatur Und Maus Set Kabellos - USB 2.4G Leise Ergonomische Slim QWERTZ Tastatur und Maus Wireless Kabellose Tastatur\u2026 - Markt-XXL","og_description":"Markt-XXL Tastatur Und Maus Set Kabellos - USB 2.4G Leise Ergonomische Slim QWERTZ Tastatur und Maus Wireless Kabellose Tastatur\u2026","og_url":"https:\/\/marktxxl.de\/markt\/produkt\/tastatur-maus-set-kabellos-usb-2-4g-leise-ergonomische-slim-qwertz-tastatur-und-maus-wireless-kabellose-tastatur-set-fuer-windowsmac-computerpc-laptop-smart-tv-schwarz\/","og_site_name":"Markt-XXL","article_modified_time":"2023-04-09T01:06:30+00:00","og_image":[{"width":500,"height":500,"url":"https:\/\/m.media-amazon.com\/images\/I\/41-PPMER+IL._SL500_.jpg","type":"image\/jpeg"}],"twitter_card":"summary_large_image","twitter_misc":{"Gesch\u00e4tzte Lesezeit":"1\u00a0Minute"},"schema":{"@context":"https:\/\/schema.org","@graph":[{"@type":"WebPage","@id":"https:\/\/marktxxl.de\/markt\/produkt\/tastatur-maus-set-kabellos-usb-2-4g-leise-ergonomische-slim-qwertz-tastatur-und-maus-wireless-kabellose-tastatur-set-fuer-windowsmac-computerpc-laptop-smart-tv-schwarz\/","url":"https:\/\/marktxxl.de\/markt\/produkt\/tastatur-maus-set-kabellos-usb-2-4g-leise-ergonomische-slim-qwertz-tastatur-und-maus-wireless-kabellose-tastatur-set-fuer-windowsmac-computerpc-laptop-smart-tv-schwarz\/","name":"Tastatur Und Maus Set Kabellos - USB 2.4G Leise Ergonomische Slim QWERTZ Tastatur und Maus Wireless Kabellose Tastatur\u2026 - Markt-XXL","isPartOf":{"@id":"https:\/\/marktxxl.de\/markt\/#website"},"primaryImageOfPage":{"@id":"https:\/\/marktxxl.de\/markt\/produkt\/tastatur-maus-set-kabellos-usb-2-4g-leise-ergonomische-slim-qwertz-tastatur-und-maus-wireless-kabellose-tastatur-set-fuer-windowsmac-computerpc-laptop-smart-tv-schwarz\/#primaryimage"},"image":{"@id":"https:\/\/marktxxl.de\/markt\/produkt\/tastatur-maus-set-kabellos-usb-2-4g-leise-ergonomische-slim-qwertz-tastatur-und-maus-wireless-kabellose-tastatur-set-fuer-windowsmac-computerpc-laptop-smart-tv-schwarz\/#primaryimage"},"thumbnailUrl":"https:\/\/m.media-amazon.com\/images\/I\/41-PPMER+IL._SL500_.jpg","datePublished":"2022-02-26T14:51:49+00:00","dateModified":"2023-04-09T01:06:30+00:00","description":"Markt-XXL Tastatur Und Maus Set Kabellos - USB 2.4G Leise Ergonomische Slim QWERTZ Tastatur und Maus Wireless Kabellose Tastatur\u2026","breadcrumb":{"@id":"https:\/\/marktxxl.de\/markt\/produkt\/tastatur-maus-set-kabellos-usb-2-4g-leise-ergonomische-slim-qwertz-tastatur-und-maus-wireless-kabellose-tastatur-set-fuer-windowsmac-computerpc-laptop-smart-tv-schwarz\/#breadcrumb"},"inLanguage":"de","potentialAction":[{"@type":"ReadAction","target":["https:\/\/marktxxl.de\/markt\/produkt\/tastatur-maus-set-kabellos-usb-2-4g-leise-ergonomische-slim-qwertz-tastatur-und-maus-wireless-kabellose-tastatur-set-fuer-windowsmac-computerpc-laptop-smart-tv-schwarz\/"]}]},{"@type":"ImageObject","inLanguage":"de","@id":"https:\/\/marktxxl.de\/markt\/produkt\/tastatur-maus-set-kabellos-usb-2-4g-leise-ergonomische-slim-qwertz-tastatur-und-maus-wireless-kabellose-tastatur-set-fuer-windowsmac-computerpc-laptop-smart-tv-schwarz\/#primaryimage","url":"https:\/\/m.media-amazon.com\/images\/I\/41-PPMER+IL._SL500_.jpg","contentUrl":"https:\/\/m.media-amazon.com\/images\/I\/41-PPMER+IL._SL500_.jpg","width":500,"height":500},{"@type":"BreadcrumbList","@id":"https:\/\/marktxxl.de\/markt\/produkt\/tastatur-maus-set-kabellos-usb-2-4g-leise-ergonomische-slim-qwertz-tastatur-und-maus-wireless-kabellose-tastatur-set-fuer-windowsmac-computerpc-laptop-smart-tv-schwarz\/#breadcrumb","itemListElement":[{"@type":"ListItem","position":1,"name":"Startseite","item":"https:\/\/marktxxl.de\/markt\/"},{"@type":"ListItem","position":2,"name":"Markt","item":"https:\/\/marktxxl.de\/markt\/"},{"@type":"ListItem","position":3,"name":"Tastatur Und Maus Set Kabellos &#8211; USB 2.4G Leise Ergonomische Slim QWERTZ Tastatur und Maus Wireless Kabellose Tastatur\u2026"}]},{"@type":"WebSite","@id":"https:\/\/marktxxl.de\/markt\/#website","url":"https:\/\/marktxxl.de\/markt\/","name":"Markt-XXL","description":"Ihr Markt Online","publisher":{"@id":"https:\/\/marktxxl.de\/markt\/#organization"},"potentialAction":[{"@type":"SearchAction","target":{"@type":"EntryPoint","urlTemplate":"https:\/\/marktxxl.de\/markt\/?s={search_term_string}"},"query-input":{"@type":"PropertyValueSpecification","valueRequired":true,"valueName":"search_term_string"}}],"inLanguage":"de"},{"@type":"Organization","@id":"https:\/\/marktxxl.de\/markt\/#organization","name":"Markt-XXL","url":"https:\/\/marktxxl.de\/markt\/","logo":{"@type":"ImageObject","inLanguage":"de","@id":"https:\/\/marktxxl.de\/markt\/#\/schema\/logo\/image\/","url":"https:\/\/marktxxl.de\/markt\/wp-content\/uploads\/sites\/3\/2020\/12\/logo.png","contentUrl":"https:\/\/marktxxl.de\/markt\/wp-content\/uploads\/sites\/3\/2020\/12\/logo.png","width":200,"height":70,"caption":"Markt-XXL"},"image":{"@id":"https:\/\/marktxxl.de\/markt\/#\/schema\/logo\/image\/"}}]}},"_links":{"self":[{"href":"https:\/\/marktxxl.de\/markt\/wp-json\/wp\/v2\/product\/106674","targetHints":{"allow":["GET"]}}],"collection":[{"href":"https:\/\/marktxxl.de\/markt\/wp-json\/wp\/v2\/product"}],"about":[{"href":"https:\/\/marktxxl.de\/markt\/wp-json\/wp\/v2\/types\/product"}],"replies":[{"embeddable":true,"href":"https:\/\/marktxxl.de\/markt\/wp-json\/wp\/v2\/comments?post=106674"}],"wp:featuredmedia":[{"embeddable":true,"href":"https:\/\/marktxxl.de\/markt\/wp-json\/wp\/v2\/media\/106675"}],"wp:attachment":[{"href":"https:\/\/marktxxl.de\/markt\/wp-json\/wp\/v2\/media?parent=106674"}],"wp:term":[{"taxonomy":"product_brand","embeddable":true,"href":"https:\/\/marktxxl.de\/markt\/wp-json\/wp\/v2\/product_brand?post=106674"},{"taxonomy":"product_cat","embeddable":true,"href":"https:\/\/marktxxl.de\/markt\/wp-json\/wp\/v2\/product_cat?post=106674"},{"taxonomy":"product_tag","embeddable":true,"href":"https:\/\/marktxxl.de\/markt\/wp-json\/wp\/v2\/product_tag?post=106674"}],"curies":[{"name":"wp","href":"https:\/\/api.w.org\/{rel}","templated":true}]}}