{"id":106659,"date":"2022-02-26T15:51:36","date_gmt":"2022-02-26T14:51:36","guid":{"rendered":"https:\/\/marktxxl.de\/markt\/produkt\/voyee-wireless-controller-kompatibel-mit-switch-joycon-l-r-taste-turbo-share-taste-bewegungssteuerung-doppelschock-kompatibel-mit-switch-joy-con-rot-und-blau\/"},"modified":"2023-04-09T03:06:30","modified_gmt":"2023-04-09T01:06:30","slug":"voyee-wireless-controller-kompatibel-mit-switch-joycon-l-r-taste-turbo-share-taste-bewegungssteuerung-doppelschock-kompatibel-mit-switch-joy-con-rot-und-blau","status":"publish","type":"product","link":"https:\/\/marktxxl.de\/markt\/produkt\/voyee-wireless-controller-kompatibel-mit-switch-joycon-l-r-taste-turbo-share-taste-bewegungssteuerung-doppelschock-kompatibel-mit-switch-joy-con-rot-und-blau\/","title":{"rendered":"VOYEE Wireless Controller Kompatibel mit Switch Joycon, L\/R Taste \/Turbo\/Share-Taste\/Bewegungssteuerung\/Doppelschock\u2026"},"content":{"rendered":"<p>\u3010Kompatibel mit Nintendo Switch\u3011Drahtlose Bluetooth-Controllers im VOYEE-Design, idealer Ersatz f\u00fcr Switch Joycons, gleicher Satz originaler Joy-con-Tasten, Bewegungssteuerung, Freigabefunktion, drahtlose Verbindung, aber jeder Controller mit einer Turbotaste, damit die Spieler Spa\u00df haben.Hinweis: Der Controller-Ersatz f\u00fcr joycon Switch unterst\u00fctzt keine NFC- und Infrarotfunktionen. Nicht kompatibel mit Joy-cons Zubeh\u00f6r.<br \/>\n\u3010Mehrere \u00fcberraschende neue M\u00f6glichkeiten\u3011 Joy-Pads erm\u00f6glichen neue Arten des Spielens &#8211; sie werden unabh\u00e4ngig in jeder Hand zusammen als ein Gamecontroller verwendet, wenn sie am Griff befestigt sind, und k\u00f6nnen zur Verwendung im Handheld-Modus an der Hauptkonsole befestigt werden.<br \/>\n\u3010Verbessertes Spielerlebnis\u3011Das Gef\u00fchl, die Form und die Empfindlichkeit der analogen Controller-Sticks, Ausl\u00f6setasten, des doppelten integrierten Kreiselsensors und der Sto\u00dfd\u00e4mpfermotoren wurden verbessert, um ein besseres Gef\u00fchl der Kontrolle zu bieten, unabh\u00e4ngig davon, was Sie spielen.<br \/>\n\u3010Pairing &amp; Playing Time\u3011 Die VOYEE-Technologie bietet eine drahtlose und kabelgebundene Bluetooth-Verbindung, ein stabiles Signal und eine automatische Verbindungsfunktion. Eingebautes 380 mA Polymer Lithium, um sicherzustellen, dass die Spielzeit bis zu 10-20 Stunden betr\u00e4gt. Hinweis: Der Ladevorgang erfolgt nur \u00fcber das USB-Kabel, die Ladezeit betr\u00e4gt 2-3 Stunden<br \/>\n\u3010Ergonomisches Design\u3011 Optimiertes Design ruht auf Ihren Handfl\u00e4chen und Zeigefingern und f\u00fchlt sich an der Konsole wie ein ergonomischer Komfortgriff an. Kratzfestes und rutschfestes, haltbares ABS-Material mit \u00e4hnlichem Gewicht wie das Original.<br \/>\n<div class=\"main-cross-sell\" data-asin=\"B09QPZSVSX\">\n\n\t<div class=\"WooZone-cross-sell-loader\">\n\t\t<div>\n\t\t\t<div id=\"floatingBarsG\">\n\t\t\t\t<div class=\"blockG\" id=\"rotateG_01\"><\/div>\n\t\t\t\t<div class=\"blockG\" id=\"rotateG_02\"><\/div>\n\t\t\t\t<div class=\"blockG\" id=\"rotateG_03\"><\/div>\n\t\t\t\t<div class=\"blockG\" id=\"rotateG_04\"><\/div>\n\t\t\t\t<div class=\"blockG\" id=\"rotateG_05\"><\/div>\n\t\t\t\t<div class=\"blockG\" id=\"rotateG_06\"><\/div>\n\t\t\t\t<div class=\"blockG\" id=\"rotateG_07\"><\/div>\n\t\t\t\t<div class=\"blockG\" id=\"rotateG_08\"><\/div>\n\t\t\t<\/div>\n\t\t\t<div class=\"WooZone-cross-sell-loader-text\"><\/div>\n\t\t<\/div>\n\t<\/div>\n\n\t\t\n<\/div>\n<div style=\"clear:both;\"><\/div><\/p>\n","protected":false},"excerpt":{"rendered":"<p>\u3010Kompatibel mit Nintendo Switch\u3011Drahtlose Bluetooth-Controllers im VOYEE-Design, idealer Ersatz f\u00fcr Switch Joycons, gleicher Satz originaler Joy-con-Tasten, Bewegungssteuerung, Freigabefunktion, drahtlose Verbindung, aber jeder Controller mit einer Turbotaste, damit die Spieler Spa\u00df haben.Hinweis: Der Controller-Ersatz f\u00fcr joycon Switch unterst\u00fctzt keine NFC- und Infrarotfunktionen. Nicht kompatibel mit Joy-cons Zubeh\u00f6r.<br \/>\n\u3010Mehrere \u00fcberraschende neue M\u00f6glichkeiten\u3011 Joy-Pads erm\u00f6glichen neue Arten des Spielens &#8211; sie werden unabh\u00e4ngig in jeder Hand zusammen als ein Gamecontroller verwendet, wenn sie am Griff befestigt sind, und k\u00f6nnen zur Verwendung im Handheld-Modus an der Hauptkonsole befestigt werden.<br \/>\n\u3010Verbessertes Spielerlebnis\u3011Das Gef\u00fchl, die Form und die Empfindlichkeit der analogen Controller-Sticks, Ausl\u00f6setasten, des doppelten integrierten Kreiselsensors und der Sto\u00dfd\u00e4mpfermotoren wurden verbessert, um ein besseres Gef\u00fchl der Kontrolle zu bieten, unabh\u00e4ngig davon, was Sie spielen.<\/p>\n","protected":false},"featured_media":106660,"comment_status":"open","ping_status":"closed","template":"","meta":[],"product_brand":[],"product_cat":[863],"product_tag":[],"class_list":{"0":"post-106659","1":"product","2":"type-product","3":"status-publish","4":"has-post-thumbnail","6":"product_cat-computer-zubehoer","7":"pa_brand-voyee","8":"pa_height-0-9842519675-zoll","9":"pa_length-3-543307083-zoll","10":"pa_manufacturer-voyee","11":"pa_weight-0-2645547144-pfund","12":"pa_width-1-4173228332-zoll","14":"first","15":"instock","16":"shipping-taxable","17":"purchasable","18":"product-type-simple","19":"customify-col","20":"product-has-gallery"},"yoast_head":"<!-- This site is optimized with the Yoast SEO plugin v27.4 - https:\/\/yoast.com\/product\/yoast-seo-wordpress\/ -->\n<title>VOYEE Wireless Controller Kompatibel mit Switch Joycon, L\/R Taste \/Turbo\/Share-Taste\/Bewegungssteuerung\/Doppelschock\u2026 - Markt-XXL<\/title>\n<meta name=\"description\" content=\"Markt-XXL VOYEE Wireless Controller Kompatibel mit Switch Joycon, L\/R Taste \/Turbo\/Share-Taste\/Bewegungssteuerung\/Doppelschock\u2026\" \/>\n<meta name=\"robots\" content=\"index, follow, max-snippet:-1, max-image-preview:large, max-video-preview:-1\" \/>\n<link rel=\"canonical\" href=\"https:\/\/marktxxl.de\/markt\/produkt\/voyee-wireless-controller-kompatibel-mit-switch-joycon-l-r-taste-turbo-share-taste-bewegungssteuerung-doppelschock-kompatibel-mit-switch-joy-con-rot-und-blau\/\" \/>\n<meta property=\"og:locale\" content=\"de_DE\" \/>\n<meta property=\"og:type\" content=\"article\" \/>\n<meta property=\"og:title\" content=\"VOYEE Wireless Controller Kompatibel mit Switch Joycon, L\/R Taste \/Turbo\/Share-Taste\/Bewegungssteuerung\/Doppelschock\u2026 - Markt-XXL\" \/>\n<meta property=\"og:description\" content=\"Markt-XXL VOYEE Wireless Controller Kompatibel mit Switch Joycon, L\/R Taste \/Turbo\/Share-Taste\/Bewegungssteuerung\/Doppelschock\u2026\" \/>\n<meta property=\"og:url\" content=\"https:\/\/marktxxl.de\/markt\/produkt\/voyee-wireless-controller-kompatibel-mit-switch-joycon-l-r-taste-turbo-share-taste-bewegungssteuerung-doppelschock-kompatibel-mit-switch-joy-con-rot-und-blau\/\" \/>\n<meta property=\"og:site_name\" content=\"Markt-XXL\" \/>\n<meta property=\"article:modified_time\" content=\"2023-04-09T01:06:30+00:00\" \/>\n<meta property=\"og:image\" content=\"https:\/\/m.media-amazon.com\/images\/I\/41jJSVfpcPL._SL500_.jpg\" \/>\n\t<meta property=\"og:image:width\" content=\"500\" \/>\n\t<meta property=\"og:image:height\" content=\"469\" \/>\n\t<meta property=\"og:image:type\" content=\"image\/jpeg\" \/>\n<meta name=\"twitter:card\" content=\"summary_large_image\" \/>\n<meta name=\"twitter:label1\" content=\"Gesch\u00e4tzte Lesezeit\" \/>\n\t<meta name=\"twitter:data1\" content=\"1\u00a0Minute\" \/>\n<script type=\"application\/ld+json\" class=\"yoast-schema-graph\">{\"@context\":\"https:\\\/\\\/schema.org\",\"@graph\":[{\"@type\":\"WebPage\",\"@id\":\"https:\\\/\\\/marktxxl.de\\\/markt\\\/produkt\\\/voyee-wireless-controller-kompatibel-mit-switch-joycon-l-r-taste-turbo-share-taste-bewegungssteuerung-doppelschock-kompatibel-mit-switch-joy-con-rot-und-blau\\\/\",\"url\":\"https:\\\/\\\/marktxxl.de\\\/markt\\\/produkt\\\/voyee-wireless-controller-kompatibel-mit-switch-joycon-l-r-taste-turbo-share-taste-bewegungssteuerung-doppelschock-kompatibel-mit-switch-joy-con-rot-und-blau\\\/\",\"name\":\"VOYEE Wireless Controller Kompatibel mit Switch Joycon, L\\\/R Taste \\\/Turbo\\\/Share-Taste\\\/Bewegungssteuerung\\\/Doppelschock\u2026 - Markt-XXL\",\"isPartOf\":{\"@id\":\"https:\\\/\\\/marktxxl.de\\\/markt\\\/#website\"},\"primaryImageOfPage\":{\"@id\":\"https:\\\/\\\/marktxxl.de\\\/markt\\\/produkt\\\/voyee-wireless-controller-kompatibel-mit-switch-joycon-l-r-taste-turbo-share-taste-bewegungssteuerung-doppelschock-kompatibel-mit-switch-joy-con-rot-und-blau\\\/#primaryimage\"},\"image\":{\"@id\":\"https:\\\/\\\/marktxxl.de\\\/markt\\\/produkt\\\/voyee-wireless-controller-kompatibel-mit-switch-joycon-l-r-taste-turbo-share-taste-bewegungssteuerung-doppelschock-kompatibel-mit-switch-joy-con-rot-und-blau\\\/#primaryimage\"},\"thumbnailUrl\":\"https:\\\/\\\/m.media-amazon.com\\\/images\\\/I\\\/41jJSVfpcPL._SL500_.jpg\",\"datePublished\":\"2022-02-26T14:51:36+00:00\",\"dateModified\":\"2023-04-09T01:06:30+00:00\",\"description\":\"Markt-XXL VOYEE Wireless Controller Kompatibel mit Switch Joycon, L\\\/R Taste \\\/Turbo\\\/Share-Taste\\\/Bewegungssteuerung\\\/Doppelschock\u2026\",\"breadcrumb\":{\"@id\":\"https:\\\/\\\/marktxxl.de\\\/markt\\\/produkt\\\/voyee-wireless-controller-kompatibel-mit-switch-joycon-l-r-taste-turbo-share-taste-bewegungssteuerung-doppelschock-kompatibel-mit-switch-joy-con-rot-und-blau\\\/#breadcrumb\"},\"inLanguage\":\"de\",\"potentialAction\":[{\"@type\":\"ReadAction\",\"target\":[\"https:\\\/\\\/marktxxl.de\\\/markt\\\/produkt\\\/voyee-wireless-controller-kompatibel-mit-switch-joycon-l-r-taste-turbo-share-taste-bewegungssteuerung-doppelschock-kompatibel-mit-switch-joy-con-rot-und-blau\\\/\"]}]},{\"@type\":\"ImageObject\",\"inLanguage\":\"de\",\"@id\":\"https:\\\/\\\/marktxxl.de\\\/markt\\\/produkt\\\/voyee-wireless-controller-kompatibel-mit-switch-joycon-l-r-taste-turbo-share-taste-bewegungssteuerung-doppelschock-kompatibel-mit-switch-joy-con-rot-und-blau\\\/#primaryimage\",\"url\":\"https:\\\/\\\/m.media-amazon.com\\\/images\\\/I\\\/41jJSVfpcPL._SL500_.jpg\",\"contentUrl\":\"https:\\\/\\\/m.media-amazon.com\\\/images\\\/I\\\/41jJSVfpcPL._SL500_.jpg\",\"width\":500,\"height\":469},{\"@type\":\"BreadcrumbList\",\"@id\":\"https:\\\/\\\/marktxxl.de\\\/markt\\\/produkt\\\/voyee-wireless-controller-kompatibel-mit-switch-joycon-l-r-taste-turbo-share-taste-bewegungssteuerung-doppelschock-kompatibel-mit-switch-joy-con-rot-und-blau\\\/#breadcrumb\",\"itemListElement\":[{\"@type\":\"ListItem\",\"position\":1,\"name\":\"Startseite\",\"item\":\"https:\\\/\\\/marktxxl.de\\\/markt\\\/\"},{\"@type\":\"ListItem\",\"position\":2,\"name\":\"Markt\",\"item\":\"https:\\\/\\\/marktxxl.de\\\/markt\\\/\"},{\"@type\":\"ListItem\",\"position\":3,\"name\":\"VOYEE Wireless Controller Kompatibel mit Switch Joycon, L\\\/R Taste \\\/Turbo\\\/Share-Taste\\\/Bewegungssteuerung\\\/Doppelschock\u2026\"}]},{\"@type\":\"WebSite\",\"@id\":\"https:\\\/\\\/marktxxl.de\\\/markt\\\/#website\",\"url\":\"https:\\\/\\\/marktxxl.de\\\/markt\\\/\",\"name\":\"Markt-XXL\",\"description\":\"Ihr Markt Online\",\"publisher\":{\"@id\":\"https:\\\/\\\/marktxxl.de\\\/markt\\\/#organization\"},\"potentialAction\":[{\"@type\":\"SearchAction\",\"target\":{\"@type\":\"EntryPoint\",\"urlTemplate\":\"https:\\\/\\\/marktxxl.de\\\/markt\\\/?s={search_term_string}\"},\"query-input\":{\"@type\":\"PropertyValueSpecification\",\"valueRequired\":true,\"valueName\":\"search_term_string\"}}],\"inLanguage\":\"de\"},{\"@type\":\"Organization\",\"@id\":\"https:\\\/\\\/marktxxl.de\\\/markt\\\/#organization\",\"name\":\"Markt-XXL\",\"url\":\"https:\\\/\\\/marktxxl.de\\\/markt\\\/\",\"logo\":{\"@type\":\"ImageObject\",\"inLanguage\":\"de\",\"@id\":\"https:\\\/\\\/marktxxl.de\\\/markt\\\/#\\\/schema\\\/logo\\\/image\\\/\",\"url\":\"https:\\\/\\\/marktxxl.de\\\/markt\\\/wp-content\\\/uploads\\\/sites\\\/3\\\/2020\\\/12\\\/logo.png\",\"contentUrl\":\"https:\\\/\\\/marktxxl.de\\\/markt\\\/wp-content\\\/uploads\\\/sites\\\/3\\\/2020\\\/12\\\/logo.png\",\"width\":200,\"height\":70,\"caption\":\"Markt-XXL\"},\"image\":{\"@id\":\"https:\\\/\\\/marktxxl.de\\\/markt\\\/#\\\/schema\\\/logo\\\/image\\\/\"}}]}<\/script>\n<!-- \/ Yoast SEO plugin. -->","yoast_head_json":{"title":"VOYEE Wireless Controller Kompatibel mit Switch Joycon, L\/R Taste \/Turbo\/Share-Taste\/Bewegungssteuerung\/Doppelschock\u2026 - Markt-XXL","description":"Markt-XXL VOYEE Wireless Controller Kompatibel mit Switch Joycon, L\/R Taste \/Turbo\/Share-Taste\/Bewegungssteuerung\/Doppelschock\u2026","robots":{"index":"index","follow":"follow","max-snippet":"max-snippet:-1","max-image-preview":"max-image-preview:large","max-video-preview":"max-video-preview:-1"},"canonical":"https:\/\/marktxxl.de\/markt\/produkt\/voyee-wireless-controller-kompatibel-mit-switch-joycon-l-r-taste-turbo-share-taste-bewegungssteuerung-doppelschock-kompatibel-mit-switch-joy-con-rot-und-blau\/","og_locale":"de_DE","og_type":"article","og_title":"VOYEE Wireless Controller Kompatibel mit Switch Joycon, L\/R Taste \/Turbo\/Share-Taste\/Bewegungssteuerung\/Doppelschock\u2026 - Markt-XXL","og_description":"Markt-XXL VOYEE Wireless Controller Kompatibel mit Switch Joycon, L\/R Taste \/Turbo\/Share-Taste\/Bewegungssteuerung\/Doppelschock\u2026","og_url":"https:\/\/marktxxl.de\/markt\/produkt\/voyee-wireless-controller-kompatibel-mit-switch-joycon-l-r-taste-turbo-share-taste-bewegungssteuerung-doppelschock-kompatibel-mit-switch-joy-con-rot-und-blau\/","og_site_name":"Markt-XXL","article_modified_time":"2023-04-09T01:06:30+00:00","og_image":[{"width":500,"height":469,"url":"https:\/\/m.media-amazon.com\/images\/I\/41jJSVfpcPL._SL500_.jpg","type":"image\/jpeg"}],"twitter_card":"summary_large_image","twitter_misc":{"Gesch\u00e4tzte Lesezeit":"1\u00a0Minute"},"schema":{"@context":"https:\/\/schema.org","@graph":[{"@type":"WebPage","@id":"https:\/\/marktxxl.de\/markt\/produkt\/voyee-wireless-controller-kompatibel-mit-switch-joycon-l-r-taste-turbo-share-taste-bewegungssteuerung-doppelschock-kompatibel-mit-switch-joy-con-rot-und-blau\/","url":"https:\/\/marktxxl.de\/markt\/produkt\/voyee-wireless-controller-kompatibel-mit-switch-joycon-l-r-taste-turbo-share-taste-bewegungssteuerung-doppelschock-kompatibel-mit-switch-joy-con-rot-und-blau\/","name":"VOYEE Wireless Controller Kompatibel mit Switch Joycon, L\/R Taste \/Turbo\/Share-Taste\/Bewegungssteuerung\/Doppelschock\u2026 - Markt-XXL","isPartOf":{"@id":"https:\/\/marktxxl.de\/markt\/#website"},"primaryImageOfPage":{"@id":"https:\/\/marktxxl.de\/markt\/produkt\/voyee-wireless-controller-kompatibel-mit-switch-joycon-l-r-taste-turbo-share-taste-bewegungssteuerung-doppelschock-kompatibel-mit-switch-joy-con-rot-und-blau\/#primaryimage"},"image":{"@id":"https:\/\/marktxxl.de\/markt\/produkt\/voyee-wireless-controller-kompatibel-mit-switch-joycon-l-r-taste-turbo-share-taste-bewegungssteuerung-doppelschock-kompatibel-mit-switch-joy-con-rot-und-blau\/#primaryimage"},"thumbnailUrl":"https:\/\/m.media-amazon.com\/images\/I\/41jJSVfpcPL._SL500_.jpg","datePublished":"2022-02-26T14:51:36+00:00","dateModified":"2023-04-09T01:06:30+00:00","description":"Markt-XXL VOYEE Wireless Controller Kompatibel mit Switch Joycon, L\/R Taste \/Turbo\/Share-Taste\/Bewegungssteuerung\/Doppelschock\u2026","breadcrumb":{"@id":"https:\/\/marktxxl.de\/markt\/produkt\/voyee-wireless-controller-kompatibel-mit-switch-joycon-l-r-taste-turbo-share-taste-bewegungssteuerung-doppelschock-kompatibel-mit-switch-joy-con-rot-und-blau\/#breadcrumb"},"inLanguage":"de","potentialAction":[{"@type":"ReadAction","target":["https:\/\/marktxxl.de\/markt\/produkt\/voyee-wireless-controller-kompatibel-mit-switch-joycon-l-r-taste-turbo-share-taste-bewegungssteuerung-doppelschock-kompatibel-mit-switch-joy-con-rot-und-blau\/"]}]},{"@type":"ImageObject","inLanguage":"de","@id":"https:\/\/marktxxl.de\/markt\/produkt\/voyee-wireless-controller-kompatibel-mit-switch-joycon-l-r-taste-turbo-share-taste-bewegungssteuerung-doppelschock-kompatibel-mit-switch-joy-con-rot-und-blau\/#primaryimage","url":"https:\/\/m.media-amazon.com\/images\/I\/41jJSVfpcPL._SL500_.jpg","contentUrl":"https:\/\/m.media-amazon.com\/images\/I\/41jJSVfpcPL._SL500_.jpg","width":500,"height":469},{"@type":"BreadcrumbList","@id":"https:\/\/marktxxl.de\/markt\/produkt\/voyee-wireless-controller-kompatibel-mit-switch-joycon-l-r-taste-turbo-share-taste-bewegungssteuerung-doppelschock-kompatibel-mit-switch-joy-con-rot-und-blau\/#breadcrumb","itemListElement":[{"@type":"ListItem","position":1,"name":"Startseite","item":"https:\/\/marktxxl.de\/markt\/"},{"@type":"ListItem","position":2,"name":"Markt","item":"https:\/\/marktxxl.de\/markt\/"},{"@type":"ListItem","position":3,"name":"VOYEE Wireless Controller Kompatibel mit Switch Joycon, L\/R Taste \/Turbo\/Share-Taste\/Bewegungssteuerung\/Doppelschock\u2026"}]},{"@type":"WebSite","@id":"https:\/\/marktxxl.de\/markt\/#website","url":"https:\/\/marktxxl.de\/markt\/","name":"Markt-XXL","description":"Ihr Markt Online","publisher":{"@id":"https:\/\/marktxxl.de\/markt\/#organization"},"potentialAction":[{"@type":"SearchAction","target":{"@type":"EntryPoint","urlTemplate":"https:\/\/marktxxl.de\/markt\/?s={search_term_string}"},"query-input":{"@type":"PropertyValueSpecification","valueRequired":true,"valueName":"search_term_string"}}],"inLanguage":"de"},{"@type":"Organization","@id":"https:\/\/marktxxl.de\/markt\/#organization","name":"Markt-XXL","url":"https:\/\/marktxxl.de\/markt\/","logo":{"@type":"ImageObject","inLanguage":"de","@id":"https:\/\/marktxxl.de\/markt\/#\/schema\/logo\/image\/","url":"https:\/\/marktxxl.de\/markt\/wp-content\/uploads\/sites\/3\/2020\/12\/logo.png","contentUrl":"https:\/\/marktxxl.de\/markt\/wp-content\/uploads\/sites\/3\/2020\/12\/logo.png","width":200,"height":70,"caption":"Markt-XXL"},"image":{"@id":"https:\/\/marktxxl.de\/markt\/#\/schema\/logo\/image\/"}}]}},"_links":{"self":[{"href":"https:\/\/marktxxl.de\/markt\/wp-json\/wp\/v2\/product\/106659","targetHints":{"allow":["GET"]}}],"collection":[{"href":"https:\/\/marktxxl.de\/markt\/wp-json\/wp\/v2\/product"}],"about":[{"href":"https:\/\/marktxxl.de\/markt\/wp-json\/wp\/v2\/types\/product"}],"replies":[{"embeddable":true,"href":"https:\/\/marktxxl.de\/markt\/wp-json\/wp\/v2\/comments?post=106659"}],"wp:featuredmedia":[{"embeddable":true,"href":"https:\/\/marktxxl.de\/markt\/wp-json\/wp\/v2\/media\/106660"}],"wp:attachment":[{"href":"https:\/\/marktxxl.de\/markt\/wp-json\/wp\/v2\/media?parent=106659"}],"wp:term":[{"taxonomy":"product_brand","embeddable":true,"href":"https:\/\/marktxxl.de\/markt\/wp-json\/wp\/v2\/product_brand?post=106659"},{"taxonomy":"product_cat","embeddable":true,"href":"https:\/\/marktxxl.de\/markt\/wp-json\/wp\/v2\/product_cat?post=106659"},{"taxonomy":"product_tag","embeddable":true,"href":"https:\/\/marktxxl.de\/markt\/wp-json\/wp\/v2\/product_tag?post=106659"}],"curies":[{"name":"wp","href":"https:\/\/api.w.org\/{rel}","templated":true}]}}